{"id":2902,"date":"2020-07-27T08:39:03","date_gmt":"2020-07-27T08:39:03","guid":{"rendered":"https:\/\/dermo.ultbit.com\/producto\/gel-lavavajillas-3-en-1\/"},"modified":"2025-04-01T12:11:36","modified_gmt":"2025-04-01T10:11:36","slug":"3-in-1-dishwashing-gel","status":"publish","type":"product","link":"https:\/\/dermo.com\/en\/catalog\/3-in-1-dishwashing-gel\/","title":{"rendered":"GEL DISHWASHER 3 IN 1"},"content":{"rendered":"<p><strong>FORM OF USE:<br \/>\n<\/strong>With the bottle in an upright position, fill the compartment according to the recommended dosage (Dirty dishes:<br \/>\n25 ml; Heavily soiled dishes: 30 ml). Close the drawer and select a programme without pre-wash.<\/p>\n<p><strong>TECHNICAL CHARACTERISTICS:<\/strong><br \/>\nAppearance: Opaque gel.<br \/>\nColor: Green.<br \/>\nSmell: Perfume.<br \/>\npH: 8.0-8.7<br \/>\nDensity: 1.15-1.25 g\/cc<\/p>\n<p><strong>PRESENTATION<br \/>\n<\/strong>Plastic containers:<\/p>\n<table>\n<tbody>\n<tr>\n<td>FORMAT<\/td>\n<td>\u00a0 \u00a01.2 kg<\/td>\n<\/tr>\n<tr>\n<td>CODE<\/td>\n<td>003GLA01<\/td>\n<\/tr>\n<\/tbody>\n<\/table>","protected":false},"excerpt":{"rendered":"<p>Dishwasher 3-in-1 gel machine. Combines the functions of detergent, salt and rinse aid. Removes the toughest stains. It does not contain phosphates. Pleasant perfume.<\/p>","protected":false},"featured_media":2900,"template":"","meta":{"neve_meta_sidebar":"","neve_meta_container":"","neve_meta_enable_content_width":"off","neve_meta_content_width":100,"neve_meta_title_alignment":"","neve_meta_author_avatar":"","neve_post_elements_order":"","neve_meta_disable_header":"","neve_meta_disable_footer":"","neve_meta_disable_title":""},"product_brand":[],"product_cat":[373],"product_tag":[],"class_list":{"0":"post-2902","1":"product","2":"type-product","3":"status-publish","4":"has-post-thumbnail","6":"product_cat-lavavajillas-automaticas","8":"first","9":"instock","10":"shipping-taxable","11":"product-type-simple"},"yoast_head":"<!-- This site is optimized with the Yoast SEO plugin v27.0 - https:\/\/yoast.com\/product\/yoast-seo-wordpress\/ -->\n<title>GEL LAVAVAJILLAS 3 EN 1 - Dermo | F\u00e1brica de detergentes<\/title>\n<meta name=\"robots\" content=\"index, follow, max-snippet:-1, max-image-preview:large, max-video-preview:-1\" \/>\n<link rel=\"canonical\" href=\"https:\/\/dermo.com\/en\/catalog\/3-in-1-dishwashing-gel\/\" \/>\n<meta property=\"og:locale\" content=\"en_GB\" \/>\n<meta property=\"og:type\" content=\"article\" \/>\n<meta property=\"og:title\" content=\"GEL LAVAVAJILLAS 3 EN 1 - Dermo | F\u00e1brica de detergentes\" \/>\n<meta property=\"og:description\" content=\"Lavavajillas m\u00e1quina en gel 3 en 1. Combina las funciones de detergente, sal y abrillantador. Elimina las manchas m\u00e1s dif\u00edciles. No contiene fosfatos. Agradable perfume.\" \/>\n<meta property=\"og:url\" content=\"https:\/\/dermo.com\/en\/catalog\/3-in-1-dishwashing-gel\/\" \/>\n<meta property=\"og:site_name\" content=\"Dermo | F\u00e1brica de detergentes\" \/>\n<meta property=\"article:modified_time\" content=\"2025-04-01T10:11:36+00:00\" \/>\n<meta property=\"og:image\" content=\"https:\/\/dermo.com\/wp-content\/uploads\/2020\/07\/323-GEL-LAVAVAJILLAS-3-EN-1.jpg\" \/>\n\t<meta property=\"og:image:width\" content=\"458\" \/>\n\t<meta property=\"og:image:height\" content=\"458\" \/>\n\t<meta property=\"og:image:type\" content=\"image\/jpeg\" \/>\n<meta name=\"twitter:card\" content=\"summary_large_image\" \/>\n<meta name=\"twitter:label1\" content=\"Estimated reading time\" \/>\n\t<meta name=\"twitter:data1\" content=\"1 minute\" \/>\n<script type=\"application\/ld+json\" class=\"yoast-schema-graph\">{\"@context\":\"https:\/\/schema.org\",\"@graph\":[{\"@type\":\"WebPage\",\"@id\":\"https:\/\/dermo.com\/catalogo\/gel-lavavajillas-3-en-1\/\",\"url\":\"https:\/\/dermo.com\/catalogo\/gel-lavavajillas-3-en-1\/\",\"name\":\"GEL LAVAVAJILLAS 3 EN 1 - Dermo | F\u00e1brica de detergentes\",\"isPartOf\":{\"@id\":\"https:\/\/dermo.com\/#website\"},\"primaryImageOfPage\":{\"@id\":\"https:\/\/dermo.com\/catalogo\/gel-lavavajillas-3-en-1\/#primaryimage\"},\"image\":{\"@id\":\"https:\/\/dermo.com\/catalogo\/gel-lavavajillas-3-en-1\/#primaryimage\"},\"thumbnailUrl\":\"https:\/\/dermo.com\/wp-content\/uploads\/2020\/07\/323-GEL-LAVAVAJILLAS-3-EN-1.jpg\",\"datePublished\":\"2020-07-27T08:39:03+00:00\",\"dateModified\":\"2025-04-01T10:11:36+00:00\",\"breadcrumb\":{\"@id\":\"https:\/\/dermo.com\/catalogo\/gel-lavavajillas-3-en-1\/#breadcrumb\"},\"inLanguage\":\"en-GB\",\"potentialAction\":[{\"@type\":\"ReadAction\",\"target\":[\"https:\/\/dermo.com\/catalogo\/gel-lavavajillas-3-en-1\/\"]}]},{\"@type\":\"ImageObject\",\"inLanguage\":\"en-GB\",\"@id\":\"https:\/\/dermo.com\/catalogo\/gel-lavavajillas-3-en-1\/#primaryimage\",\"url\":\"https:\/\/dermo.com\/wp-content\/uploads\/2020\/07\/323-GEL-LAVAVAJILLAS-3-EN-1.jpg\",\"contentUrl\":\"https:\/\/dermo.com\/wp-content\/uploads\/2020\/07\/323-GEL-LAVAVAJILLAS-3-EN-1.jpg\",\"width\":458,\"height\":458,\"caption\":\"GEL LAVAVAJILLAS 3 EN 1\"},{\"@type\":\"BreadcrumbList\",\"@id\":\"https:\/\/dermo.com\/catalogo\/gel-lavavajillas-3-en-1\/#breadcrumb\",\"itemListElement\":[{\"@type\":\"ListItem\",\"position\":1,\"name\":\"Portada\",\"item\":\"https:\/\/dermo.com\/\"},{\"@type\":\"ListItem\",\"position\":2,\"name\":\"Tienda\",\"item\":\"https:\/\/dermo.com\/tienda\/\"},{\"@type\":\"ListItem\",\"position\":3,\"name\":\"GEL LAVAVAJILLAS 3 EN 1\"}]},{\"@type\":\"WebSite\",\"@id\":\"https:\/\/dermo.com\/#website\",\"url\":\"https:\/\/dermo.com\/\",\"name\":\"Dermo | F\u00e1brica de detergentes\",\"description\":\"Tecnolog\u00eda avanzada, investigaci\u00f3n y desarrollo, respeto por el medio ambiente, competencia, formaci\u00f3n constante y alto nivel de profesionalidad en nuestro equipo humano, empe\u00f1ado en preservar la calidad de vida, la protecci\u00f3n del entorno natural contin\u00faan motiv\u00e1ndonos para desarrollar en nuestros laboratorios nuevos productos con ingredientes activos altamente biodegradables que hacen posible un desarrollo sostenible.\",\"potentialAction\":[{\"@type\":\"SearchAction\",\"target\":{\"@type\":\"EntryPoint\",\"urlTemplate\":\"https:\/\/dermo.com\/?s={search_term_string}\"},\"query-input\":{\"@type\":\"PropertyValueSpecification\",\"valueRequired\":true,\"valueName\":\"search_term_string\"}}],\"inLanguage\":\"en-GB\"}]}<\/script>\n<!-- \/ Yoast SEO plugin. -->","yoast_head_json":{"title":"3 IN 1 DISHWASHING GEL - Dermo | Detergent factory","robots":{"index":"index","follow":"follow","max-snippet":"max-snippet:-1","max-image-preview":"max-image-preview:large","max-video-preview":"max-video-preview:-1"},"canonical":"https:\/\/dermo.com\/en\/catalog\/3-in-1-dishwashing-gel\/","og_locale":"en_GB","og_type":"article","og_title":"GEL LAVAVAJILLAS 3 EN 1 - Dermo | F\u00e1brica de detergentes","og_description":"Lavavajillas m\u00e1quina en gel 3 en 1. Combina las funciones de detergente, sal y abrillantador. Elimina las manchas m\u00e1s dif\u00edciles. No contiene fosfatos. Agradable perfume.","og_url":"https:\/\/dermo.com\/en\/catalog\/3-in-1-dishwashing-gel\/","og_site_name":"Dermo | F\u00e1brica de detergentes","article_modified_time":"2025-04-01T10:11:36+00:00","og_image":[{"width":458,"height":458,"url":"https:\/\/dermo.com\/wp-content\/uploads\/2020\/07\/323-GEL-LAVAVAJILLAS-3-EN-1.jpg","type":"image\/jpeg"}],"twitter_card":"summary_large_image","twitter_misc":{"Estimated reading time":"1 minute"},"schema":{"@context":"https:\/\/schema.org","@graph":[{"@type":"WebPage","@id":"https:\/\/dermo.com\/catalogo\/gel-lavavajillas-3-en-1\/","url":"https:\/\/dermo.com\/catalogo\/gel-lavavajillas-3-en-1\/","name":"3 IN 1 DISHWASHING GEL - Dermo | Detergent factory","isPartOf":{"@id":"https:\/\/dermo.com\/#website"},"primaryImageOfPage":{"@id":"https:\/\/dermo.com\/catalogo\/gel-lavavajillas-3-en-1\/#primaryimage"},"image":{"@id":"https:\/\/dermo.com\/catalogo\/gel-lavavajillas-3-en-1\/#primaryimage"},"thumbnailUrl":"https:\/\/dermo.com\/wp-content\/uploads\/2020\/07\/323-GEL-LAVAVAJILLAS-3-EN-1.jpg","datePublished":"2020-07-27T08:39:03+00:00","dateModified":"2025-04-01T10:11:36+00:00","breadcrumb":{"@id":"https:\/\/dermo.com\/catalogo\/gel-lavavajillas-3-en-1\/#breadcrumb"},"inLanguage":"en-GB","potentialAction":[{"@type":"ReadAction","target":["https:\/\/dermo.com\/catalogo\/gel-lavavajillas-3-en-1\/"]}]},{"@type":"ImageObject","inLanguage":"en-GB","@id":"https:\/\/dermo.com\/catalogo\/gel-lavavajillas-3-en-1\/#primaryimage","url":"https:\/\/dermo.com\/wp-content\/uploads\/2020\/07\/323-GEL-LAVAVAJILLAS-3-EN-1.jpg","contentUrl":"https:\/\/dermo.com\/wp-content\/uploads\/2020\/07\/323-GEL-LAVAVAJILLAS-3-EN-1.jpg","width":458,"height":458,"caption":"GEL LAVAVAJILLAS 3 EN 1"},{"@type":"BreadcrumbList","@id":"https:\/\/dermo.com\/catalogo\/gel-lavavajillas-3-en-1\/#breadcrumb","itemListElement":[{"@type":"ListItem","position":1,"name":"Portada","item":"https:\/\/dermo.com\/"},{"@type":"ListItem","position":2,"name":"Tienda","item":"https:\/\/dermo.com\/tienda\/"},{"@type":"ListItem","position":3,"name":"GEL LAVAVAJILLAS 3 EN 1"}]},{"@type":"WebSite","@id":"https:\/\/dermo.com\/#website","url":"https:\/\/dermo.com\/","name":"Dermo | detergent factory","description":"Advanced technology, research and development, respect for the environment, competence, constant training and a high level of professionalism in our team, committed to preserving the quality of life and protecting the natural environment, continue to motivate us to develop new products in our laboratories with highly biodegradable active ingredients that make sustainable development possible.","potentialAction":[{"@type":"SearchAction","target":{"@type":"EntryPoint","urlTemplate":"https:\/\/dermo.com\/?s={search_term_string}"},"query-input":{"@type":"PropertyValueSpecification","valueRequired":true,"valueName":"search_term_string"}}],"inLanguage":"en-GB"}]}},"_links":{"self":[{"href":"https:\/\/dermo.com\/en\/wp-json\/wp\/v2\/product\/2902","targetHints":{"allow":["GET"]}}],"collection":[{"href":"https:\/\/dermo.com\/en\/wp-json\/wp\/v2\/product"}],"about":[{"href":"https:\/\/dermo.com\/en\/wp-json\/wp\/v2\/types\/product"}],"wp:featuredmedia":[{"embeddable":true,"href":"https:\/\/dermo.com\/en\/wp-json\/wp\/v2\/media\/2900"}],"wp:attachment":[{"href":"https:\/\/dermo.com\/en\/wp-json\/wp\/v2\/media?parent=2902"}],"wp:term":[{"taxonomy":"product_brand","embeddable":true,"href":"https:\/\/dermo.com\/en\/wp-json\/wp\/v2\/product_brand?post=2902"},{"taxonomy":"product_cat","embeddable":true,"href":"https:\/\/dermo.com\/en\/wp-json\/wp\/v2\/product_cat?post=2902"},{"taxonomy":"product_tag","embeddable":true,"href":"https:\/\/dermo.com\/en\/wp-json\/wp\/v2\/product_tag?post=2902"}],"curies":[{"name":"wp","href":"https:\/\/api.w.org\/{rel}","templated":true}]}}