{"id":2914,"date":"2020-11-03T10:33:14","date_gmt":"2020-11-03T10:33:14","guid":{"rendered":"https:\/\/dermo.ultbit.com\/producto\/fial-fregadoras-lemon\/"},"modified":"2025-05-15T16:40:06","modified_gmt":"2025-05-15T14:40:06","slug":"fial-scrubbers-lemon","status":"publish","type":"product","link":"https:\/\/dermo.com\/en\/catalog\/fial-scrubbers-lemon\/","title":{"rendered":"Fial Lemon Scrubbers"},"content":{"rendered":"<p><strong>FORM OF USE:<\/strong><br \/>\nFollow the machine manufacturer&#039;s instructions or, in case of defect, dispense 1 to 3% of the product depending on the dirt to be removed.<\/p>\n<p class=\"Estndar\"><strong><span lang=\"es\" xml:lang=\"es\">TECHNICAL CHARACTERISTICS:<\/span>TECHNICAL CHARACTERISTICS:<\/strong><br \/>\nAspect: Liquid.<br \/>\nColor: Yellow.<br \/>\nSmell: Lemon.<br \/>\nPure pH: 13-14.<br \/>\nDensity: 1.02-1.04 g\/cc<\/p>\n<p><strong>COMPOSITION:<\/strong><br \/>\nAmphoteric surfactants, preservative, colorant and perfume.<\/p>\n<p><strong>PRESENTATION:<\/strong><br \/>\nPlastic containers:<\/p>\n<table>\n<tbody>\n<tr>\n<td>FORMAT<\/td>\n<td>\u00a0 \u00a0 \u00a0 \u00a010 Kg<\/td>\n<\/tr>\n<tr>\n<td>CODE<\/td>\n<td>\u00a0 \u00a0014FFP10<\/td>\n<\/tr>\n<\/tbody>\n<\/table>","protected":false},"excerpt":{"rendered":"<p>Scented foam-free floor cleaner specially designed for use in automatic floor scrubbers.<\/p>","protected":false},"featured_media":5051,"template":"","meta":{"neve_meta_sidebar":"","neve_meta_container":"","neve_meta_enable_content_width":"off","neve_meta_content_width":100,"neve_meta_title_alignment":"","neve_meta_author_avatar":"","neve_post_elements_order":"","neve_meta_disable_header":"","neve_meta_disable_footer":"","neve_meta_disable_title":""},"product_brand":[],"product_cat":[381],"product_tag":[],"class_list":{"0":"post-2914","1":"product","2":"type-product","3":"status-publish","4":"has-post-thumbnail","6":"product_cat-tratamiento-de-suelos","8":"first","9":"instock","10":"shipping-taxable","11":"product-type-simple"},"yoast_head":"<!-- This site is optimized with the Yoast SEO plugin v27.0 - https:\/\/yoast.com\/product\/yoast-seo-wordpress\/ -->\n<title>Fial Fregadoras Lemon - Dermo | F\u00e1brica de detergentes<\/title>\n<meta name=\"robots\" content=\"index, follow, max-snippet:-1, max-image-preview:large, max-video-preview:-1\" \/>\n<link rel=\"canonical\" href=\"https:\/\/dermo.com\/en\/catalog\/fial-scrubbers-lemon\/\" \/>\n<meta property=\"og:locale\" content=\"en_GB\" \/>\n<meta property=\"og:type\" content=\"article\" \/>\n<meta property=\"og:title\" content=\"Fial Fregadoras Lemon - Dermo | F\u00e1brica de detergentes\" \/>\n<meta property=\"og:description\" content=\"Fregasuelos perfumado sin espuma concebido especialmente para su utilizaci\u00f3n en fregadora autom\u00e1tica.\" \/>\n<meta property=\"og:url\" content=\"https:\/\/dermo.com\/en\/catalog\/fial-scrubbers-lemon\/\" \/>\n<meta property=\"og:site_name\" content=\"Dermo | F\u00e1brica de detergentes\" \/>\n<meta property=\"article:modified_time\" content=\"2025-05-15T14:40:06+00:00\" \/>\n<meta property=\"og:image\" content=\"https:\/\/dermo.com\/wp-content\/uploads\/2020\/11\/Dermobril.-Limpiador-abrillantador.jpg-1.png\" \/>\n\t<meta property=\"og:image:width\" content=\"547\" \/>\n\t<meta property=\"og:image:height\" content=\"547\" \/>\n\t<meta property=\"og:image:type\" content=\"image\/png\" \/>\n<meta name=\"twitter:card\" content=\"summary_large_image\" \/>\n<meta name=\"twitter:label1\" content=\"Estimated reading time\" \/>\n\t<meta name=\"twitter:data1\" content=\"1 minute\" \/>\n<script type=\"application\/ld+json\" class=\"yoast-schema-graph\">{\"@context\":\"https:\/\/schema.org\",\"@graph\":[{\"@type\":\"WebPage\",\"@id\":\"https:\/\/dermo.com\/catalogo\/fial-fregadoras-lemon\/\",\"url\":\"https:\/\/dermo.com\/catalogo\/fial-fregadoras-lemon\/\",\"name\":\"Fial Fregadoras Lemon - Dermo | F\u00e1brica de detergentes\",\"isPartOf\":{\"@id\":\"https:\/\/dermo.com\/#website\"},\"primaryImageOfPage\":{\"@id\":\"https:\/\/dermo.com\/catalogo\/fial-fregadoras-lemon\/#primaryimage\"},\"image\":{\"@id\":\"https:\/\/dermo.com\/catalogo\/fial-fregadoras-lemon\/#primaryimage\"},\"thumbnailUrl\":\"https:\/\/dermo.com\/wp-content\/uploads\/2020\/11\/Dermobril.-Limpiador-abrillantador.jpg-1.png\",\"datePublished\":\"2020-11-03T10:33:14+00:00\",\"dateModified\":\"2025-05-15T14:40:06+00:00\",\"breadcrumb\":{\"@id\":\"https:\/\/dermo.com\/catalogo\/fial-fregadoras-lemon\/#breadcrumb\"},\"inLanguage\":\"en-GB\",\"potentialAction\":[{\"@type\":\"ReadAction\",\"target\":[\"https:\/\/dermo.com\/catalogo\/fial-fregadoras-lemon\/\"]}]},{\"@type\":\"ImageObject\",\"inLanguage\":\"en-GB\",\"@id\":\"https:\/\/dermo.com\/catalogo\/fial-fregadoras-lemon\/#primaryimage\",\"url\":\"https:\/\/dermo.com\/wp-content\/uploads\/2020\/11\/Dermobril.-Limpiador-abrillantador.jpg-1.png\",\"contentUrl\":\"https:\/\/dermo.com\/wp-content\/uploads\/2020\/11\/Dermobril.-Limpiador-abrillantador.jpg-1.png\",\"width\":547,\"height\":547},{\"@type\":\"BreadcrumbList\",\"@id\":\"https:\/\/dermo.com\/catalogo\/fial-fregadoras-lemon\/#breadcrumb\",\"itemListElement\":[{\"@type\":\"ListItem\",\"position\":1,\"name\":\"Portada\",\"item\":\"https:\/\/dermo.com\/\"},{\"@type\":\"ListItem\",\"position\":2,\"name\":\"Tienda\",\"item\":\"https:\/\/dermo.com\/tienda\/\"},{\"@type\":\"ListItem\",\"position\":3,\"name\":\"Fial Fregadoras Lemon\"}]},{\"@type\":\"WebSite\",\"@id\":\"https:\/\/dermo.com\/#website\",\"url\":\"https:\/\/dermo.com\/\",\"name\":\"Dermo | F\u00e1brica de detergentes\",\"description\":\"Tecnolog\u00eda avanzada, investigaci\u00f3n y desarrollo, respeto por el medio ambiente, competencia, formaci\u00f3n constante y alto nivel de profesionalidad en nuestro equipo humano, empe\u00f1ado en preservar la calidad de vida, la protecci\u00f3n del entorno natural contin\u00faan motiv\u00e1ndonos para desarrollar en nuestros laboratorios nuevos productos con ingredientes activos altamente biodegradables que hacen posible un desarrollo sostenible.\",\"potentialAction\":[{\"@type\":\"SearchAction\",\"target\":{\"@type\":\"EntryPoint\",\"urlTemplate\":\"https:\/\/dermo.com\/?s={search_term_string}\"},\"query-input\":{\"@type\":\"PropertyValueSpecification\",\"valueRequired\":true,\"valueName\":\"search_term_string\"}}],\"inLanguage\":\"en-GB\"}]}<\/script>\n<!-- \/ Yoast SEO plugin. -->","yoast_head_json":{"title":"Fial Lemon Scrubbers - Dermo | detergent factory","robots":{"index":"index","follow":"follow","max-snippet":"max-snippet:-1","max-image-preview":"max-image-preview:large","max-video-preview":"max-video-preview:-1"},"canonical":"https:\/\/dermo.com\/en\/catalog\/fial-scrubbers-lemon\/","og_locale":"en_GB","og_type":"article","og_title":"Fial Fregadoras Lemon - Dermo | F\u00e1brica de detergentes","og_description":"Fregasuelos perfumado sin espuma concebido especialmente para su utilizaci\u00f3n en fregadora autom\u00e1tica.","og_url":"https:\/\/dermo.com\/en\/catalog\/fial-scrubbers-lemon\/","og_site_name":"Dermo | F\u00e1brica de detergentes","article_modified_time":"2025-05-15T14:40:06+00:00","og_image":[{"width":547,"height":547,"url":"https:\/\/dermo.com\/wp-content\/uploads\/2020\/11\/Dermobril.-Limpiador-abrillantador.jpg-1.png","type":"image\/png"}],"twitter_card":"summary_large_image","twitter_misc":{"Estimated reading time":"1 minute"},"schema":{"@context":"https:\/\/schema.org","@graph":[{"@type":"WebPage","@id":"https:\/\/dermo.com\/catalogo\/fial-fregadoras-lemon\/","url":"https:\/\/dermo.com\/catalogo\/fial-fregadoras-lemon\/","name":"Fial Lemon Scrubbers - Dermo | detergent factory","isPartOf":{"@id":"https:\/\/dermo.com\/#website"},"primaryImageOfPage":{"@id":"https:\/\/dermo.com\/catalogo\/fial-fregadoras-lemon\/#primaryimage"},"image":{"@id":"https:\/\/dermo.com\/catalogo\/fial-fregadoras-lemon\/#primaryimage"},"thumbnailUrl":"https:\/\/dermo.com\/wp-content\/uploads\/2020\/11\/Dermobril.-Limpiador-abrillantador.jpg-1.png","datePublished":"2020-11-03T10:33:14+00:00","dateModified":"2025-05-15T14:40:06+00:00","breadcrumb":{"@id":"https:\/\/dermo.com\/catalogo\/fial-fregadoras-lemon\/#breadcrumb"},"inLanguage":"en-GB","potentialAction":[{"@type":"ReadAction","target":["https:\/\/dermo.com\/catalogo\/fial-fregadoras-lemon\/"]}]},{"@type":"ImageObject","inLanguage":"en-GB","@id":"https:\/\/dermo.com\/catalogo\/fial-fregadoras-lemon\/#primaryimage","url":"https:\/\/dermo.com\/wp-content\/uploads\/2020\/11\/Dermobril.-Limpiador-abrillantador.jpg-1.png","contentUrl":"https:\/\/dermo.com\/wp-content\/uploads\/2020\/11\/Dermobril.-Limpiador-abrillantador.jpg-1.png","width":547,"height":547},{"@type":"BreadcrumbList","@id":"https:\/\/dermo.com\/catalogo\/fial-fregadoras-lemon\/#breadcrumb","itemListElement":[{"@type":"ListItem","position":1,"name":"Portada","item":"https:\/\/dermo.com\/"},{"@type":"ListItem","position":2,"name":"Tienda","item":"https:\/\/dermo.com\/tienda\/"},{"@type":"ListItem","position":3,"name":"Fial Fregadoras Lemon"}]},{"@type":"WebSite","@id":"https:\/\/dermo.com\/#website","url":"https:\/\/dermo.com\/","name":"Dermo | detergent factory","description":"Advanced technology, research and development, respect for the environment, competence, constant training and a high level of professionalism in our team, committed to preserving the quality of life and protecting the natural environment, continue to motivate us to develop new products in our laboratories with highly biodegradable active ingredients that make sustainable development possible.","potentialAction":[{"@type":"SearchAction","target":{"@type":"EntryPoint","urlTemplate":"https:\/\/dermo.com\/?s={search_term_string}"},"query-input":{"@type":"PropertyValueSpecification","valueRequired":true,"valueName":"search_term_string"}}],"inLanguage":"en-GB"}]}},"_links":{"self":[{"href":"https:\/\/dermo.com\/en\/wp-json\/wp\/v2\/product\/2914","targetHints":{"allow":["GET"]}}],"collection":[{"href":"https:\/\/dermo.com\/en\/wp-json\/wp\/v2\/product"}],"about":[{"href":"https:\/\/dermo.com\/en\/wp-json\/wp\/v2\/types\/product"}],"wp:featuredmedia":[{"embeddable":true,"href":"https:\/\/dermo.com\/en\/wp-json\/wp\/v2\/media\/5051"}],"wp:attachment":[{"href":"https:\/\/dermo.com\/en\/wp-json\/wp\/v2\/media?parent=2914"}],"wp:term":[{"taxonomy":"product_brand","embeddable":true,"href":"https:\/\/dermo.com\/en\/wp-json\/wp\/v2\/product_brand?post=2914"},{"taxonomy":"product_cat","embeddable":true,"href":"https:\/\/dermo.com\/en\/wp-json\/wp\/v2\/product_cat?post=2914"},{"taxonomy":"product_tag","embeddable":true,"href":"https:\/\/dermo.com\/en\/wp-json\/wp\/v2\/product_tag?post=2914"}],"curies":[{"name":"wp","href":"https:\/\/api.w.org\/{rel}","templated":true}]}}