{"id":2917,"date":"2020-11-03T10:54:19","date_gmt":"2020-11-03T10:54:19","guid":{"rendered":"https:\/\/dermo.ultbit.com\/producto\/fial-fregadoras-neutro\/"},"modified":"2025-05-19T10:16:12","modified_gmt":"2025-05-19T08:16:12","slug":"fial-scrubbers-neutral","status":"publish","type":"product","link":"https:\/\/dermo.com\/en\/catalog\/fial-scrubbers-neutral\/","title":{"rendered":"FIAL NEUTRAL SCRUBBER"},"content":{"rendered":"<p><strong>FORM OF USE:<\/strong><br \/>\nFollow the machine manufacturer&#039;s instructions or, in case of defect, dispense 1 to 3% of the product depending on the dirt to be removed.<\/p>\n<p><strong>TECHNICAL CHARACTERISTICS<\/strong><br \/>\nAspect: Transparent Liquid<br \/>\nRed.<br \/>\nSmell: Cherry.<br \/>\nPure pH: 7-8<br \/>\nDensity: 0.90-1.00 g\/cc<\/p>\n<p><strong>COMPOSITION<\/strong><br \/>\nAmphoteric surfactants, preservative, colorant and perfume.<\/p>\n<p><strong>PRESENTATION<\/strong><br \/>\nPlastic containers:<\/p>\n<table>\n<tbody>\n<tr>\n<td>FORMAT<\/td>\n<td>\u00a0 \u00a0 \u00a0 10 kg<\/td>\n<\/tr>\n<tr>\n<td>CODE<\/td>\n<td>\u00a0 \u00a0014FFN10<\/td>\n<\/tr>\n<\/tbody>\n<\/table>\n<p><strong>SAFETY \/ TOXICOLOGY<\/strong><br \/>\nIF IN EYES: Rinse cautiously with water for several minutes. Remove contact lenses, if present and easy to do. Continue rinsing.<br \/>\nIn case of accident, consult the Medical Toxicology Information Service. Tel.: 915 620 420.<br \/>\n<strong>ADDITIONAL INFORMATION<\/strong><br \/>\nINDUSTRIAL PRODUCT. PROFESSIONAL USE.<\/p>","protected":false},"excerpt":{"rendered":"<p>Neutral non-foam scrubber specially designed for use in an automatic scrubber. Valid for polished floors.<\/p>","protected":false},"featured_media":14205,"template":"","meta":{"neve_meta_sidebar":"","neve_meta_container":"","neve_meta_enable_content_width":"off","neve_meta_content_width":100,"neve_meta_title_alignment":"","neve_meta_author_avatar":"","neve_post_elements_order":"","neve_meta_disable_header":"","neve_meta_disable_footer":"","neve_meta_disable_title":""},"product_brand":[],"product_cat":[381],"product_tag":[],"class_list":{"0":"post-2917","1":"product","2":"type-product","3":"status-publish","4":"has-post-thumbnail","6":"product_cat-tratamiento-de-suelos","8":"first","9":"instock","10":"shipping-taxable","11":"product-type-simple"},"yoast_head":"<!-- This site is optimized with the Yoast SEO plugin v27.0 - https:\/\/yoast.com\/product\/yoast-seo-wordpress\/ -->\n<title>FIAL FREGADORAS NEUTRO - Dermo | F\u00e1brica de detergentes<\/title>\n<meta name=\"robots\" content=\"index, follow, max-snippet:-1, max-image-preview:large, max-video-preview:-1\" \/>\n<link rel=\"canonical\" href=\"https:\/\/dermo.com\/en\/catalog\/fial-scrubbers-neutral\/\" \/>\n<meta property=\"og:locale\" content=\"en_GB\" \/>\n<meta property=\"og:type\" content=\"article\" \/>\n<meta property=\"og:title\" content=\"FIAL FREGADORAS NEUTRO - Dermo | F\u00e1brica de detergentes\" \/>\n<meta property=\"og:description\" content=\"Fregasuelos neutro sin espuma concebido especialmente para su utilizaci\u00f3n en fregadora autom\u00e1tica. V\u00e1lido para suelos abrillantados.\" \/>\n<meta property=\"og:url\" content=\"https:\/\/dermo.com\/en\/catalog\/fial-scrubbers-neutral\/\" \/>\n<meta property=\"og:site_name\" content=\"Dermo | F\u00e1brica de detergentes\" \/>\n<meta property=\"article:modified_time\" content=\"2025-05-19T08:16:12+00:00\" \/>\n<meta property=\"og:image\" content=\"https:\/\/dermo.com\/wp-content\/uploads\/2020\/11\/FIAL-FREGADORAS-N_DERMO-scaled-e1747642566322.jpg\" \/>\n\t<meta property=\"og:image:width\" content=\"450\" \/>\n\t<meta property=\"og:image:height\" content=\"675\" \/>\n\t<meta property=\"og:image:type\" content=\"image\/jpeg\" \/>\n<meta name=\"twitter:card\" content=\"summary_large_image\" \/>\n<meta name=\"twitter:label1\" content=\"Estimated reading time\" \/>\n\t<meta name=\"twitter:data1\" content=\"1 minute\" \/>\n<script type=\"application\/ld+json\" class=\"yoast-schema-graph\">{\"@context\":\"https:\/\/schema.org\",\"@graph\":[{\"@type\":\"WebPage\",\"@id\":\"https:\/\/dermo.com\/catalogo\/fial-fregadoras-neutro\/\",\"url\":\"https:\/\/dermo.com\/catalogo\/fial-fregadoras-neutro\/\",\"name\":\"FIAL FREGADORAS NEUTRO - Dermo | F\u00e1brica de detergentes\",\"isPartOf\":{\"@id\":\"https:\/\/dermo.com\/#website\"},\"primaryImageOfPage\":{\"@id\":\"https:\/\/dermo.com\/catalogo\/fial-fregadoras-neutro\/#primaryimage\"},\"image\":{\"@id\":\"https:\/\/dermo.com\/catalogo\/fial-fregadoras-neutro\/#primaryimage\"},\"thumbnailUrl\":\"https:\/\/dermo.com\/wp-content\/uploads\/2020\/11\/FIAL-FREGADORAS-N_DERMO-scaled-e1747642566322.jpg\",\"datePublished\":\"2020-11-03T10:54:19+00:00\",\"dateModified\":\"2025-05-19T08:16:12+00:00\",\"breadcrumb\":{\"@id\":\"https:\/\/dermo.com\/catalogo\/fial-fregadoras-neutro\/#breadcrumb\"},\"inLanguage\":\"en-GB\",\"potentialAction\":[{\"@type\":\"ReadAction\",\"target\":[\"https:\/\/dermo.com\/catalogo\/fial-fregadoras-neutro\/\"]}]},{\"@type\":\"ImageObject\",\"inLanguage\":\"en-GB\",\"@id\":\"https:\/\/dermo.com\/catalogo\/fial-fregadoras-neutro\/#primaryimage\",\"url\":\"https:\/\/dermo.com\/wp-content\/uploads\/2020\/11\/FIAL-FREGADORAS-N_DERMO-scaled-e1747642566322.jpg\",\"contentUrl\":\"https:\/\/dermo.com\/wp-content\/uploads\/2020\/11\/FIAL-FREGADORAS-N_DERMO-scaled-e1747642566322.jpg\",\"width\":450,\"height\":675},{\"@type\":\"BreadcrumbList\",\"@id\":\"https:\/\/dermo.com\/catalogo\/fial-fregadoras-neutro\/#breadcrumb\",\"itemListElement\":[{\"@type\":\"ListItem\",\"position\":1,\"name\":\"Portada\",\"item\":\"https:\/\/dermo.com\/\"},{\"@type\":\"ListItem\",\"position\":2,\"name\":\"Tienda\",\"item\":\"https:\/\/dermo.com\/tienda\/\"},{\"@type\":\"ListItem\",\"position\":3,\"name\":\"FIAL FREGADORAS NEUTRO\"}]},{\"@type\":\"WebSite\",\"@id\":\"https:\/\/dermo.com\/#website\",\"url\":\"https:\/\/dermo.com\/\",\"name\":\"Dermo | F\u00e1brica de detergentes\",\"description\":\"Tecnolog\u00eda avanzada, investigaci\u00f3n y desarrollo, respeto por el medio ambiente, competencia, formaci\u00f3n constante y alto nivel de profesionalidad en nuestro equipo humano, empe\u00f1ado en preservar la calidad de vida, la protecci\u00f3n del entorno natural contin\u00faan motiv\u00e1ndonos para desarrollar en nuestros laboratorios nuevos productos con ingredientes activos altamente biodegradables que hacen posible un desarrollo sostenible.\",\"potentialAction\":[{\"@type\":\"SearchAction\",\"target\":{\"@type\":\"EntryPoint\",\"urlTemplate\":\"https:\/\/dermo.com\/?s={search_term_string}\"},\"query-input\":{\"@type\":\"PropertyValueSpecification\",\"valueRequired\":true,\"valueName\":\"search_term_string\"}}],\"inLanguage\":\"en-GB\"}]}<\/script>\n<!-- \/ Yoast SEO plugin. -->","yoast_head_json":{"title":"FIAL NEUTRAL SCRUBBERS - Dermo | detergent factory","robots":{"index":"index","follow":"follow","max-snippet":"max-snippet:-1","max-image-preview":"max-image-preview:large","max-video-preview":"max-video-preview:-1"},"canonical":"https:\/\/dermo.com\/en\/catalog\/fial-scrubbers-neutral\/","og_locale":"en_GB","og_type":"article","og_title":"FIAL FREGADORAS NEUTRO - Dermo | F\u00e1brica de detergentes","og_description":"Fregasuelos neutro sin espuma concebido especialmente para su utilizaci\u00f3n en fregadora autom\u00e1tica. V\u00e1lido para suelos abrillantados.","og_url":"https:\/\/dermo.com\/en\/catalog\/fial-scrubbers-neutral\/","og_site_name":"Dermo | F\u00e1brica de detergentes","article_modified_time":"2025-05-19T08:16:12+00:00","og_image":[{"width":450,"height":675,"url":"https:\/\/dermo.com\/wp-content\/uploads\/2020\/11\/FIAL-FREGADORAS-N_DERMO-scaled-e1747642566322.jpg","type":"image\/jpeg"}],"twitter_card":"summary_large_image","twitter_misc":{"Estimated reading time":"1 minute"},"schema":{"@context":"https:\/\/schema.org","@graph":[{"@type":"WebPage","@id":"https:\/\/dermo.com\/catalogo\/fial-fregadoras-neutro\/","url":"https:\/\/dermo.com\/catalogo\/fial-fregadoras-neutro\/","name":"FIAL NEUTRAL SCRUBBERS - Dermo | detergent factory","isPartOf":{"@id":"https:\/\/dermo.com\/#website"},"primaryImageOfPage":{"@id":"https:\/\/dermo.com\/catalogo\/fial-fregadoras-neutro\/#primaryimage"},"image":{"@id":"https:\/\/dermo.com\/catalogo\/fial-fregadoras-neutro\/#primaryimage"},"thumbnailUrl":"https:\/\/dermo.com\/wp-content\/uploads\/2020\/11\/FIAL-FREGADORAS-N_DERMO-scaled-e1747642566322.jpg","datePublished":"2020-11-03T10:54:19+00:00","dateModified":"2025-05-19T08:16:12+00:00","breadcrumb":{"@id":"https:\/\/dermo.com\/catalogo\/fial-fregadoras-neutro\/#breadcrumb"},"inLanguage":"en-GB","potentialAction":[{"@type":"ReadAction","target":["https:\/\/dermo.com\/catalogo\/fial-fregadoras-neutro\/"]}]},{"@type":"ImageObject","inLanguage":"en-GB","@id":"https:\/\/dermo.com\/catalogo\/fial-fregadoras-neutro\/#primaryimage","url":"https:\/\/dermo.com\/wp-content\/uploads\/2020\/11\/FIAL-FREGADORAS-N_DERMO-scaled-e1747642566322.jpg","contentUrl":"https:\/\/dermo.com\/wp-content\/uploads\/2020\/11\/FIAL-FREGADORAS-N_DERMO-scaled-e1747642566322.jpg","width":450,"height":675},{"@type":"BreadcrumbList","@id":"https:\/\/dermo.com\/catalogo\/fial-fregadoras-neutro\/#breadcrumb","itemListElement":[{"@type":"ListItem","position":1,"name":"Portada","item":"https:\/\/dermo.com\/"},{"@type":"ListItem","position":2,"name":"Tienda","item":"https:\/\/dermo.com\/tienda\/"},{"@type":"ListItem","position":3,"name":"FIAL FREGADORAS NEUTRO"}]},{"@type":"WebSite","@id":"https:\/\/dermo.com\/#website","url":"https:\/\/dermo.com\/","name":"Dermo | detergent factory","description":"Advanced technology, research and development, respect for the environment, competence, constant training and a high level of professionalism in our team, committed to preserving the quality of life and protecting the natural environment, continue to motivate us to develop new products in our laboratories with highly biodegradable active ingredients that make sustainable development possible.","potentialAction":[{"@type":"SearchAction","target":{"@type":"EntryPoint","urlTemplate":"https:\/\/dermo.com\/?s={search_term_string}"},"query-input":{"@type":"PropertyValueSpecification","valueRequired":true,"valueName":"search_term_string"}}],"inLanguage":"en-GB"}]}},"_links":{"self":[{"href":"https:\/\/dermo.com\/en\/wp-json\/wp\/v2\/product\/2917","targetHints":{"allow":["GET"]}}],"collection":[{"href":"https:\/\/dermo.com\/en\/wp-json\/wp\/v2\/product"}],"about":[{"href":"https:\/\/dermo.com\/en\/wp-json\/wp\/v2\/types\/product"}],"wp:featuredmedia":[{"embeddable":true,"href":"https:\/\/dermo.com\/en\/wp-json\/wp\/v2\/media\/14205"}],"wp:attachment":[{"href":"https:\/\/dermo.com\/en\/wp-json\/wp\/v2\/media?parent=2917"}],"wp:term":[{"taxonomy":"product_brand","embeddable":true,"href":"https:\/\/dermo.com\/en\/wp-json\/wp\/v2\/product_brand?post=2917"},{"taxonomy":"product_cat","embeddable":true,"href":"https:\/\/dermo.com\/en\/wp-json\/wp\/v2\/product_cat?post=2917"},{"taxonomy":"product_tag","embeddable":true,"href":"https:\/\/dermo.com\/en\/wp-json\/wp\/v2\/product_tag?post=2917"}],"curies":[{"name":"wp","href":"https:\/\/api.w.org\/{rel}","templated":true}]}}