{"id":2924,"date":"2021-03-25T08:12:59","date_gmt":"2021-03-25T08:12:59","guid":{"rendered":"https:\/\/dermo.ultbit.com\/producto\/dl-21-viricide-2\/"},"modified":"2024-11-21T09:33:30","modified_gmt":"2024-11-21T08:33:30","slug":"dl-21-viricide-2","status":"publish","type":"product","link":"https:\/\/dermo.com\/en\/catalog\/dl-21-viricide-2\/","title":{"rendered":"DL 21 VIRICIDE"},"content":{"rendered":"<p><span class=\"cs9b40b68f1\">Use biocides safely. Always read the label and biocide information before use.<\/span><span class=\"csb59941d21\">&quot;always complying with Regulation (EC) No. 1278\/2008.<\/span><\/p>\n<p><strong>FORM OF USE:<\/strong><br \/>\nBefore using the product, read the label carefully. Do not apply to food or kitchen utensils. Use pure and apply by spraying (from a distance of approx. 20 cm), immersion, or with a cloth or mop. Leave to act for at least 5 minutes, then use a scouring pad, cloth or paper to remove any remaining dirt or contamination until dry. Treated or exposed surfaces that will be in contact with people, food or feed should be rinsed with drinking water. Avoid contact with treated or exposed surfaces. Thorough cleaning should be carried out before applying the product. Ventilate adequately after carrying out the disinfection treatment. Do not mix with other chemical products. Incompatible with organic matter, anionic detergents, ammonia derivatives and hypochlorites, chromium, lead, aluminium, tin, zinc and their alloys (bronze, brass, etc.). A test must be carried out prior to treatment to verify the compatibility of the product with the materials. Do not throw on unpaved ground or into water courses. Keep the product in its original container and do not reuse the packaging. Empty containers, product residues and other waste generated during application are considered hazardous waste. Dispose of such waste in accordance with current regulations.<\/p>\n<p><strong>TECHNICAL CHARACTERISTICS<\/strong><br \/>\nAppearance: Light liquid.<br \/>\nColor: Blue.<br \/>\nSmell: Perfume.<br \/>\nPure pH: 8.5-9.5<br \/>\nDensity: 0.98 0.2 g\/cc<\/p>\n<p><strong>COMPOSITION<\/strong><br \/>\nIsopropanol (10&#039;30%), Didecyldimethylammonium chloride (1&#039;00%), excipients (qsp 100%)<\/p>\n<p><strong>PRESENTATION<\/strong><\/p>\n<table width=\"620\">\n<tbody>\n<tr>\n<td width=\"220\">FORMAT<\/td>\n<td width=\"200\">Boxes of 12 x 1 L<\/td>\n<\/tr>\n<tr>\n<td width=\"220\">CODE<\/td>\n<td width=\"200\">005DV101<\/td>\n<\/tr>\n<\/tbody>\n<\/table>","protected":false},"excerpt":{"rendered":"<h3>DL 21 VIRICIDE<\/h3>\n<p>Ready-to-use disinfectant cleaner\u00a0<strong>included in the list of authorized viricides of the Ministry of Health.\u00a0<\/strong>Especially recommended for:<\/p>\n<p>\u2013 Countertops, kitchen utensils, electrical appliances, garbage cans, etc.<\/p>\n<p>\u2013 Bathroom and toilet surfaces.<\/p>\n<p>\u2013 All kinds of objects and surfaces in the home including furniture.<\/p>","protected":false},"featured_media":3827,"template":"","meta":{"neve_meta_sidebar":"","neve_meta_container":"","neve_meta_enable_content_width":"off","neve_meta_content_width":100,"neve_meta_title_alignment":"","neve_meta_author_avatar":"","neve_post_elements_order":"","neve_meta_disable_header":"","neve_meta_disable_footer":"","neve_meta_disable_title":""},"product_brand":[],"product_cat":[379,1095],"product_tag":[],"class_list":{"0":"post-2924","1":"product","2":"type-product","3":"status-publish","4":"has-post-thumbnail","6":"product_cat-desinfectantes","7":"product_cat-escuelas-sectores","9":"first","10":"instock","11":"shipping-taxable","12":"product-type-simple"},"yoast_head":"<!-- This site is optimized with the Yoast SEO plugin v27.0 - https:\/\/yoast.com\/product\/yoast-seo-wordpress\/ -->\n<title>DL 21 VIRICIDE - Dermo | F\u00e1brica de detergentes<\/title>\n<meta name=\"robots\" content=\"index, follow, max-snippet:-1, max-image-preview:large, max-video-preview:-1\" \/>\n<link rel=\"canonical\" href=\"https:\/\/dermo.com\/en\/catalog\/dl-21-viricide-2\/\" \/>\n<meta property=\"og:locale\" content=\"en_GB\" \/>\n<meta property=\"og:type\" content=\"article\" \/>\n<meta property=\"og:title\" content=\"DL 21 VIRICIDE - Dermo | F\u00e1brica de detergentes\" \/>\n<meta property=\"og:description\" content=\"DL 21 VIRICIDE Limpiador desinfectante listo al uso\u00a0incluido en el listado de viricidas autorizados del Ministerio de Sanidad.\u00a0Especialmente recomendado para:  -\u00a0 Encimeras, utensilios de cocina, electrodom\u00e9sticos, cubos de basura, etc.  -\u00a0 Superficies de ba\u00f1os y aseos.  -\u00a0 Todo tipo de objetos y superficies en el hogar incluido el mobiliario.\" \/>\n<meta property=\"og:url\" content=\"https:\/\/dermo.com\/en\/catalog\/dl-21-viricide-2\/\" \/>\n<meta property=\"og:site_name\" content=\"Dermo | F\u00e1brica de detergentes\" \/>\n<meta property=\"article:modified_time\" content=\"2024-11-21T08:33:30+00:00\" \/>\n<meta property=\"og:image\" content=\"https:\/\/dermo.com\/wp-content\/uploads\/2021\/03\/1.png\" \/>\n\t<meta property=\"og:image:width\" content=\"547\" \/>\n\t<meta property=\"og:image:height\" content=\"547\" \/>\n\t<meta property=\"og:image:type\" content=\"image\/png\" \/>\n<meta name=\"twitter:card\" content=\"summary_large_image\" \/>\n<meta name=\"twitter:label1\" content=\"Estimated reading time\" \/>\n\t<meta name=\"twitter:data1\" content=\"2 minutes\" \/>\n<script type=\"application\/ld+json\" class=\"yoast-schema-graph\">{\"@context\":\"https:\/\/schema.org\",\"@graph\":[{\"@type\":\"WebPage\",\"@id\":\"https:\/\/dermo.com\/catalogo\/dl-21-viricide-2\/\",\"url\":\"https:\/\/dermo.com\/catalogo\/dl-21-viricide-2\/\",\"name\":\"DL 21 VIRICIDE - Dermo | F\u00e1brica de detergentes\",\"isPartOf\":{\"@id\":\"https:\/\/dermo.com\/#website\"},\"primaryImageOfPage\":{\"@id\":\"https:\/\/dermo.com\/catalogo\/dl-21-viricide-2\/#primaryimage\"},\"image\":{\"@id\":\"https:\/\/dermo.com\/catalogo\/dl-21-viricide-2\/#primaryimage\"},\"thumbnailUrl\":\"https:\/\/dermo.com\/wp-content\/uploads\/2021\/03\/1.png\",\"datePublished\":\"2021-03-25T08:12:59+00:00\",\"dateModified\":\"2024-11-21T08:33:30+00:00\",\"breadcrumb\":{\"@id\":\"https:\/\/dermo.com\/catalogo\/dl-21-viricide-2\/#breadcrumb\"},\"inLanguage\":\"en-GB\",\"potentialAction\":[{\"@type\":\"ReadAction\",\"target\":[\"https:\/\/dermo.com\/catalogo\/dl-21-viricide-2\/\"]}]},{\"@type\":\"ImageObject\",\"inLanguage\":\"en-GB\",\"@id\":\"https:\/\/dermo.com\/catalogo\/dl-21-viricide-2\/#primaryimage\",\"url\":\"https:\/\/dermo.com\/wp-content\/uploads\/2021\/03\/1.png\",\"contentUrl\":\"https:\/\/dermo.com\/wp-content\/uploads\/2021\/03\/1.png\",\"width\":547,\"height\":547},{\"@type\":\"BreadcrumbList\",\"@id\":\"https:\/\/dermo.com\/catalogo\/dl-21-viricide-2\/#breadcrumb\",\"itemListElement\":[{\"@type\":\"ListItem\",\"position\":1,\"name\":\"Portada\",\"item\":\"https:\/\/dermo.com\/\"},{\"@type\":\"ListItem\",\"position\":2,\"name\":\"Tienda\",\"item\":\"https:\/\/dermo.com\/tienda\/\"},{\"@type\":\"ListItem\",\"position\":3,\"name\":\"DL 21 VIRICIDE\"}]},{\"@type\":\"WebSite\",\"@id\":\"https:\/\/dermo.com\/#website\",\"url\":\"https:\/\/dermo.com\/\",\"name\":\"Dermo | F\u00e1brica de detergentes\",\"description\":\"Tecnolog\u00eda avanzada, investigaci\u00f3n y desarrollo, respeto por el medio ambiente, competencia, formaci\u00f3n constante y alto nivel de profesionalidad en nuestro equipo humano, empe\u00f1ado en preservar la calidad de vida, la protecci\u00f3n del entorno natural contin\u00faan motiv\u00e1ndonos para desarrollar en nuestros laboratorios nuevos productos con ingredientes activos altamente biodegradables que hacen posible un desarrollo sostenible.\",\"potentialAction\":[{\"@type\":\"SearchAction\",\"target\":{\"@type\":\"EntryPoint\",\"urlTemplate\":\"https:\/\/dermo.com\/?s={search_term_string}\"},\"query-input\":{\"@type\":\"PropertyValueSpecification\",\"valueRequired\":true,\"valueName\":\"search_term_string\"}}],\"inLanguage\":\"en-GB\"}]}<\/script>\n<!-- \/ Yoast SEO plugin. -->","yoast_head_json":{"title":"DL 21 VIRICIDE - Dermo | detergent factory","robots":{"index":"index","follow":"follow","max-snippet":"max-snippet:-1","max-image-preview":"max-image-preview:large","max-video-preview":"max-video-preview:-1"},"canonical":"https:\/\/dermo.com\/en\/catalog\/dl-21-viricide-2\/","og_locale":"en_GB","og_type":"article","og_title":"DL 21 VIRICIDE - Dermo | F\u00e1brica de detergentes","og_description":"DL 21 VIRICIDE Limpiador desinfectante listo al uso\u00a0incluido en el listado de viricidas autorizados del Ministerio de Sanidad.\u00a0Especialmente recomendado para:  -\u00a0 Encimeras, utensilios de cocina, electrodom\u00e9sticos, cubos de basura, etc.  -\u00a0 Superficies de ba\u00f1os y aseos.  -\u00a0 Todo tipo de objetos y superficies en el hogar incluido el mobiliario.","og_url":"https:\/\/dermo.com\/en\/catalog\/dl-21-viricide-2\/","og_site_name":"Dermo | F\u00e1brica de detergentes","article_modified_time":"2024-11-21T08:33:30+00:00","og_image":[{"width":547,"height":547,"url":"https:\/\/dermo.com\/wp-content\/uploads\/2021\/03\/1.png","type":"image\/png"}],"twitter_card":"summary_large_image","twitter_misc":{"Estimated reading time":"2 minutes"},"schema":{"@context":"https:\/\/schema.org","@graph":[{"@type":"WebPage","@id":"https:\/\/dermo.com\/catalogo\/dl-21-viricide-2\/","url":"https:\/\/dermo.com\/catalogo\/dl-21-viricide-2\/","name":"DL 21 VIRICIDE - Dermo | detergent factory","isPartOf":{"@id":"https:\/\/dermo.com\/#website"},"primaryImageOfPage":{"@id":"https:\/\/dermo.com\/catalogo\/dl-21-viricide-2\/#primaryimage"},"image":{"@id":"https:\/\/dermo.com\/catalogo\/dl-21-viricide-2\/#primaryimage"},"thumbnailUrl":"https:\/\/dermo.com\/wp-content\/uploads\/2021\/03\/1.png","datePublished":"2021-03-25T08:12:59+00:00","dateModified":"2024-11-21T08:33:30+00:00","breadcrumb":{"@id":"https:\/\/dermo.com\/catalogo\/dl-21-viricide-2\/#breadcrumb"},"inLanguage":"en-GB","potentialAction":[{"@type":"ReadAction","target":["https:\/\/dermo.com\/catalogo\/dl-21-viricide-2\/"]}]},{"@type":"ImageObject","inLanguage":"en-GB","@id":"https:\/\/dermo.com\/catalogo\/dl-21-viricide-2\/#primaryimage","url":"https:\/\/dermo.com\/wp-content\/uploads\/2021\/03\/1.png","contentUrl":"https:\/\/dermo.com\/wp-content\/uploads\/2021\/03\/1.png","width":547,"height":547},{"@type":"BreadcrumbList","@id":"https:\/\/dermo.com\/catalogo\/dl-21-viricide-2\/#breadcrumb","itemListElement":[{"@type":"ListItem","position":1,"name":"Portada","item":"https:\/\/dermo.com\/"},{"@type":"ListItem","position":2,"name":"Tienda","item":"https:\/\/dermo.com\/tienda\/"},{"@type":"ListItem","position":3,"name":"DL 21 VIRICIDE"}]},{"@type":"WebSite","@id":"https:\/\/dermo.com\/#website","url":"https:\/\/dermo.com\/","name":"Dermo | detergent factory","description":"Advanced technology, research and development, respect for the environment, competence, constant training and a high level of professionalism in our team, committed to preserving the quality of life and protecting the natural environment, continue to motivate us to develop new products in our laboratories with highly biodegradable active ingredients that make sustainable development possible.","potentialAction":[{"@type":"SearchAction","target":{"@type":"EntryPoint","urlTemplate":"https:\/\/dermo.com\/?s={search_term_string}"},"query-input":{"@type":"PropertyValueSpecification","valueRequired":true,"valueName":"search_term_string"}}],"inLanguage":"en-GB"}]}},"_links":{"self":[{"href":"https:\/\/dermo.com\/en\/wp-json\/wp\/v2\/product\/2924","targetHints":{"allow":["GET"]}}],"collection":[{"href":"https:\/\/dermo.com\/en\/wp-json\/wp\/v2\/product"}],"about":[{"href":"https:\/\/dermo.com\/en\/wp-json\/wp\/v2\/types\/product"}],"wp:featuredmedia":[{"embeddable":true,"href":"https:\/\/dermo.com\/en\/wp-json\/wp\/v2\/media\/3827"}],"wp:attachment":[{"href":"https:\/\/dermo.com\/en\/wp-json\/wp\/v2\/media?parent=2924"}],"wp:term":[{"taxonomy":"product_brand","embeddable":true,"href":"https:\/\/dermo.com\/en\/wp-json\/wp\/v2\/product_brand?post=2924"},{"taxonomy":"product_cat","embeddable":true,"href":"https:\/\/dermo.com\/en\/wp-json\/wp\/v2\/product_cat?post=2924"},{"taxonomy":"product_tag","embeddable":true,"href":"https:\/\/dermo.com\/en\/wp-json\/wp\/v2\/product_tag?post=2924"}],"curies":[{"name":"wp","href":"https:\/\/api.w.org\/{rel}","templated":true}]}}