{"id":1114,"date":"2024-02-25T18:12:42","date_gmt":"2024-02-25T18:12:42","guid":{"rendered":"https:\/\/dermo.ultbit.com\/?page_id=1114"},"modified":"2024-02-25T18:14:33","modified_gmt":"2024-02-25T18:14:33","slug":"mentions-legales","status":"publish","type":"page","link":"https:\/\/dermo.com\/fr\/mentions-legales\/","title":{"rendered":"Mentions l\u00e9gales"},"content":{"rendered":"<div data-elementor-type=\"wp-page\" data-elementor-id=\"1114\" class=\"elementor elementor-1114\" data-elementor-post-type=\"page\">\n\t\t\t\t\t\t<section class=\"elementor-section elementor-top-section elementor-element elementor-element-708626ce elementor-section-boxed elementor-section-height-default elementor-section-height-default\" data-id=\"708626ce\" data-element_type=\"section\" data-e-type=\"section\" data-settings=\"{&quot;background_background&quot;:&quot;classic&quot;}\">\n\t\t\t\t\t\t\t<div class=\"elementor-background-overlay\"><\/div>\n\t\t\t\t\t\t\t<div class=\"elementor-container elementor-column-gap-default\">\n\t\t\t\t\t<div class=\"elementor-column elementor-col-100 elementor-top-column elementor-element elementor-element-16cb5524\" data-id=\"16cb5524\" data-element_type=\"column\" data-e-type=\"column\">\n\t\t\t<div class=\"elementor-widget-wrap elementor-element-populated\">\n\t\t\t\t\t\t\t<\/div>\n\t\t<\/div>\n\t\t\t\t\t<\/div>\n\t\t<\/section>\n\t\t\t\t<section class=\"elementor-section elementor-top-section elementor-element elementor-element-233ad3a4 elementor-section-boxed elementor-section-height-default elementor-section-height-default\" data-id=\"233ad3a4\" data-element_type=\"section\" data-e-type=\"section\">\n\t\t\t\t\t\t<div class=\"elementor-container elementor-column-gap-default\">\n\t\t\t\t\t<div class=\"elementor-column elementor-col-100 elementor-top-column elementor-element elementor-element-3244e578\" data-id=\"3244e578\" data-element_type=\"column\" data-e-type=\"column\">\n\t\t\t<div class=\"elementor-widget-wrap elementor-element-populated\">\n\t\t\t\t\t\t<section class=\"elementor-section elementor-inner-section elementor-element elementor-element-1a7040c2 elementor-section-boxed elementor-section-height-default elementor-section-height-default\" data-id=\"1a7040c2\" data-element_type=\"section\" data-e-type=\"section\">\n\t\t\t\t\t\t<div class=\"elementor-container elementor-column-gap-default\">\n\t\t\t\t\t<div class=\"elementor-column elementor-col-100 elementor-inner-column elementor-element elementor-element-58338543\" data-id=\"58338543\" data-element_type=\"column\" data-e-type=\"column\">\n\t\t\t<div class=\"elementor-widget-wrap elementor-element-populated\">\n\t\t\t\t\t\t<div class=\"elementor-element elementor-element-464b2e11 elementor-widget elementor-widget-text-editor\" data-id=\"464b2e11\" data-element_type=\"widget\" data-e-type=\"widget\" data-widget_type=\"text-editor.default\">\n\t\t\t\t<div class=\"elementor-widget-container\">\n\t\t\t\t\t\t\t\t\t<p>Conform\u00e9ment \u00e0 la loi 34\/2002 sur les services de la soci\u00e9t\u00e9 de l&#039;information et du commerce \u00e9lectronique, nous vous informons que ce site Web est la propri\u00e9t\u00e9 de DERMO, SA, (ci-apr\u00e8s \u00ab LE PROPRI\u00c9TAIRE \u00bb), avec CIF : A58302969, dont le si\u00e8ge social est situ\u00e9 C\/ Pintor Joan Mir\u00f3, 16 Poliny\u00e0 (Barcelone) 08213 ; T\u00e9l\u00e9phone 937 133 500<\/p><p>\u00a0<\/p><p class=\"titol text-bold text-uppercase\"><strong>PROPRI\u00c9T\u00c9 INTELLECTUELLE ET INDUSTRIELLE<\/strong><\/p><p>Le contenu de ce site, y compris les textes, les images et les conceptions graphiques, appartiennent au PROPRI\u00c9TAIRE ou \u00e0 des tiers qui ont autoris\u00e9 leur utilisation. LE PROPRI\u00c9TAIRE pr\u00e9sente ces contenus \u00e0 des fins d&#039;information et de promotion. LE PROPRI\u00c9TAIRE autorise son utilisation exclusivement \u00e0 ces fins. Toute utilisation de ces dessins, images ou textes doit express\u00e9ment indiquer qu&#039;ils appartiennent au PROPRI\u00c9TAIRE, qui se r\u00e9serve le droit d&#039;engager les actions juridiques appropri\u00e9es pour r\u00e9parer les dommages caus\u00e9s par tout acte violant ses droits de propri\u00e9t\u00e9 intellectuelle ou industrielle.<\/p><p>\u00a0<\/p><p class=\"titol text-bold text-uppercase\"><strong>CLAUSE DE NON-RESPONSABILIT\u00c9<\/strong><\/p><p>LE PROPRI\u00c9TAIRE agit avec la plus grande diligence pour garantir que les donn\u00e9es et informations fournies sur son site Web soient \u00e0 jour \u00e0 tout moment, bien qu&#039;il ne garantisse ni n&#039;accepte la responsabilit\u00e9 de l&#039;exactitude et de la mise \u00e0 jour du contenu du site Web, se r\u00e9servant le droit de modifier ledit contenu \u00e0 tout moment. LE PROPRI\u00c9TAIRE ne sera pas responsable des informations qui pourraient \u00eatre obtenues via les liens inclus sur le site Web.<\/p><p>Les relations commerciales avec les clients seront r\u00e9gies par les Conditions G\u00e9n\u00e9rales qui, le cas \u00e9ch\u00e9ant, sont \u00e9tablies par LE PROPRI\u00c9TAIRE dans un document sp\u00e9cifique \u00e0 cet effet, ou par des accords sp\u00e9cifiques qui pourraient \u00eatre convenus avec les clients.<\/p><p>\u00a0<\/p><p class=\"titol text-bold text-uppercase\"><strong>CONDITIONS D&#039;UTILISATION<\/strong><\/p><p>L&#039;utilisation de ce site implique l&#039;acceptation pleine et enti\u00e8re des termes de la pr\u00e9sente notice l\u00e9gale. Tout conflit potentiel relatif \u00e0 ce site Web sera r\u00e9gi exclusivement par la loi de l&#039;\u00c9tat espagnol. Tout utilisateur du site Web, quelle que soit la juridiction territoriale \u00e0 partir de laquelle il acc\u00e8de, accepte l&#039;accomplissement et le respect des pr\u00e9sentes clauses, renon\u00e7ant express\u00e9ment \u00e0 toute autre juridiction qui pourrait lui \u00eatre applicable.\u00a0<\/p>\t\t\t\t\t\t\t\t<\/div>\n\t\t\t\t<\/div>\n\t\t\t\t\t<\/div>\n\t\t<\/div>\n\t\t\t\t\t<\/div>\n\t\t<\/section>\n\t\t\t\t\t<\/div>\n\t\t<\/div>\n\t\t\t\t\t<\/div>\n\t\t<\/section>\n\t\t\t\t<\/div>","protected":false},"excerpt":{"rendered":"<p>Conform\u00e9ment \u00e0 la loi 34\/2002 sur les services de la soci\u00e9t\u00e9 de l&#039;information et du commerce \u00e9lectronique, nous vous informons que ce site Web est la propri\u00e9t\u00e9 de DERMO, SA (ci-apr\u00e8s \u00ab LE PROPRI\u00c9TAIRE \u00bb), avec CIF : A58302969, si\u00e8ge social \u00e0 C\/ Pintor Joan Mir\u00f3, 16 Poliny\u00e0 (Barcelone) 08213 ; num\u00e9ro de t\u00e9l\u00e9phone 937 133 500 PROPRI\u00c9T\u00c9 INTELLECTUELLE ET INDUSTRIELLE\u2026&nbsp;<a href=\"https:\/\/dermo.com\/fr\/mentions-legales\/\" rel=\"bookmark\">En savoir plus &quot;<span class=\"screen-reader-text\">Mentions l\u00e9gales<\/span><\/a><\/p>","protected":false},"author":1,"featured_media":0,"parent":0,"menu_order":0,"comment_status":"closed","ping_status":"closed","template":"page-templates\/template-pagebuilder-full-width.php","meta":{"neve_meta_sidebar":"","neve_meta_container":"","neve_meta_enable_content_width":"off","neve_meta_content_width":100,"neve_meta_title_alignment":"","neve_meta_author_avatar":"","neve_post_elements_order":"","neve_meta_disable_header":"","neve_meta_disable_footer":"","neve_meta_disable_title":"","footnotes":""},"class_list":["post-1114","page","type-page","status-publish","hentry"],"yoast_head":"<!-- This site is optimized with the Yoast SEO plugin v27.0 - https:\/\/yoast.com\/product\/yoast-seo-wordpress\/ -->\n<title>Aviso legal - Dermo | F\u00e1brica de detergentes<\/title>\n<meta name=\"robots\" content=\"index, follow, max-snippet:-1, max-image-preview:large, max-video-preview:-1\" \/>\n<link rel=\"canonical\" href=\"https:\/\/dermo.com\/fr\/mentions-legales\/\" \/>\n<meta property=\"og:locale\" content=\"fr_FR\" \/>\n<meta property=\"og:type\" content=\"article\" \/>\n<meta property=\"og:title\" content=\"Aviso legal - Dermo | F\u00e1brica de detergentes\" \/>\n<meta property=\"og:description\" content=\"De conformidad con la Ley 34\/2002, de Servicios de la Sociedad de la Informaci\u00f3n y de Comercio Electr\u00f3nico, le informamos que esta web es titularidad de DERMO, SA, (en adelante \u201cEL TITULAR\u201d), con CIF: A58302969, con domicilio en C\/ Pintor Joan Mir\u00f3, 16 Poliny\u00e0 (Barcelona) 08213; tel\u00e9fono 937 133 500 \u00a0 PROPIEDAD INTELECTUAL E INDUSTRIAL&hellip;&nbsp;Lire la suite &raquo;Aviso legal\" \/>\n<meta property=\"og:url\" content=\"https:\/\/dermo.com\/fr\/mentions-legales\/\" \/>\n<meta property=\"og:site_name\" content=\"Dermo | F\u00e1brica de detergentes\" \/>\n<meta property=\"article:modified_time\" content=\"2024-02-25T18:14:33+00:00\" \/>\n<meta name=\"twitter:card\" content=\"summary_large_image\" \/>\n<meta name=\"twitter:label1\" content=\"Dur\u00e9e de lecture estim\u00e9e\" \/>\n\t<meta name=\"twitter:data1\" content=\"2 minutes\" \/>\n<script type=\"application\/ld+json\" class=\"yoast-schema-graph\">{\"@context\":\"https:\/\/schema.org\",\"@graph\":[{\"@type\":\"WebPage\",\"@id\":\"https:\/\/dermo.com\/aviso-legal\/\",\"url\":\"https:\/\/dermo.com\/aviso-legal\/\",\"name\":\"Aviso legal - Dermo | F\u00e1brica de detergentes\",\"isPartOf\":{\"@id\":\"https:\/\/dermo.com\/#website\"},\"datePublished\":\"2024-02-25T18:12:42+00:00\",\"dateModified\":\"2024-02-25T18:14:33+00:00\",\"breadcrumb\":{\"@id\":\"https:\/\/dermo.com\/aviso-legal\/#breadcrumb\"},\"inLanguage\":\"fr-FR\",\"potentialAction\":[{\"@type\":\"ReadAction\",\"target\":[\"https:\/\/dermo.com\/aviso-legal\/\"]}]},{\"@type\":\"BreadcrumbList\",\"@id\":\"https:\/\/dermo.com\/aviso-legal\/#breadcrumb\",\"itemListElement\":[{\"@type\":\"ListItem\",\"position\":1,\"name\":\"Portada\",\"item\":\"https:\/\/dermo.com\/\"},{\"@type\":\"ListItem\",\"position\":2,\"name\":\"Aviso legal\"}]},{\"@type\":\"WebSite\",\"@id\":\"https:\/\/dermo.com\/#website\",\"url\":\"https:\/\/dermo.com\/\",\"name\":\"Dermo | F\u00e1brica de detergentes\",\"description\":\"Tecnolog\u00eda avanzada, investigaci\u00f3n y desarrollo, respeto por el medio ambiente, competencia, formaci\u00f3n constante y alto nivel de profesionalidad en nuestro equipo humano, empe\u00f1ado en preservar la calidad de vida, la protecci\u00f3n del entorno natural contin\u00faan motiv\u00e1ndonos para desarrollar en nuestros laboratorios nuevos productos con ingredientes activos altamente biodegradables que hacen posible un desarrollo sostenible.\",\"potentialAction\":[{\"@type\":\"SearchAction\",\"target\":{\"@type\":\"EntryPoint\",\"urlTemplate\":\"https:\/\/dermo.com\/?s={search_term_string}\"},\"query-input\":{\"@type\":\"PropertyValueSpecification\",\"valueRequired\":true,\"valueName\":\"search_term_string\"}}],\"inLanguage\":\"fr-FR\"}]}<\/script>\n<!-- \/ Yoast SEO plugin. -->","yoast_head_json":{"title":"Mentions l\u00e9gales - Dermo | Usine de d\u00e9tergents","robots":{"index":"index","follow":"follow","max-snippet":"max-snippet:-1","max-image-preview":"max-image-preview:large","max-video-preview":"max-video-preview:-1"},"canonical":"https:\/\/dermo.com\/fr\/mentions-legales\/","og_locale":"fr_FR","og_type":"article","og_title":"Aviso legal - Dermo | F\u00e1brica de detergentes","og_description":"De conformidad con la Ley 34\/2002, de Servicios de la Sociedad de la Informaci\u00f3n y de Comercio Electr\u00f3nico, le informamos que esta web es titularidad de DERMO, SA, (en adelante \u201cEL TITULAR\u201d), con CIF: A58302969, con domicilio en C\/ Pintor Joan Mir\u00f3, 16 Poliny\u00e0 (Barcelona) 08213; tel\u00e9fono 937 133 500 \u00a0 PROPIEDAD INTELECTUAL E INDUSTRIAL&hellip;&nbsp;Lire la suite &raquo;Aviso legal","og_url":"https:\/\/dermo.com\/fr\/mentions-legales\/","og_site_name":"Dermo | F\u00e1brica de detergentes","article_modified_time":"2024-02-25T18:14:33+00:00","twitter_card":"summary_large_image","twitter_misc":{"Dur\u00e9e de lecture estim\u00e9e":"2 minutes"},"schema":{"@context":"https:\/\/schema.org","@graph":[{"@type":"WebPage","@id":"https:\/\/dermo.com\/aviso-legal\/","url":"https:\/\/dermo.com\/aviso-legal\/","name":"Mentions l\u00e9gales - Dermo | Usine de d\u00e9tergents","isPartOf":{"@id":"https:\/\/dermo.com\/#website"},"datePublished":"2024-02-25T18:12:42+00:00","dateModified":"2024-02-25T18:14:33+00:00","breadcrumb":{"@id":"https:\/\/dermo.com\/aviso-legal\/#breadcrumb"},"inLanguage":"fr-FR","potentialAction":[{"@type":"ReadAction","target":["https:\/\/dermo.com\/aviso-legal\/"]}]},{"@type":"BreadcrumbList","@id":"https:\/\/dermo.com\/aviso-legal\/#breadcrumb","itemListElement":[{"@type":"ListItem","position":1,"name":"Portada","item":"https:\/\/dermo.com\/"},{"@type":"ListItem","position":2,"name":"Aviso legal"}]},{"@type":"WebSite","@id":"https:\/\/dermo.com\/#website","url":"https:\/\/dermo.com\/","name":"Dermo | usine de d\u00e9tergents","description":"Technologie avanc\u00e9e, recherche et d\u00e9veloppement, respect de l&#039;environnement, comp\u00e9tence, formation constante et haut niveau de professionnalisme de notre \u00e9quipe humaine, engag\u00e9e \u00e0 pr\u00e9server la qualit\u00e9 de vie, la protection de l&#039;environnement naturel continuent de nous motiver \u00e0 d\u00e9velopper de nouveaux produits dans notre laboratoires aux principes actifs hautement biod\u00e9gradables qui rendent possible le d\u00e9veloppement durable.","potentialAction":[{"@type":"SearchAction","target":{"@type":"EntryPoint","urlTemplate":"https:\/\/dermo.com\/?s={search_term_string}"},"query-input":{"@type":"PropertyValueSpecification","valueRequired":true,"valueName":"search_term_string"}}],"inLanguage":"fr-FR"}]}},"_links":{"self":[{"href":"https:\/\/dermo.com\/fr\/wp-json\/wp\/v2\/pages\/1114","targetHints":{"allow":["GET"]}}],"collection":[{"href":"https:\/\/dermo.com\/fr\/wp-json\/wp\/v2\/pages"}],"about":[{"href":"https:\/\/dermo.com\/fr\/wp-json\/wp\/v2\/types\/page"}],"author":[{"embeddable":true,"href":"https:\/\/dermo.com\/fr\/wp-json\/wp\/v2\/users\/1"}],"replies":[{"embeddable":true,"href":"https:\/\/dermo.com\/fr\/wp-json\/wp\/v2\/comments?post=1114"}],"version-history":[{"count":7,"href":"https:\/\/dermo.com\/fr\/wp-json\/wp\/v2\/pages\/1114\/revisions"}],"predecessor-version":[{"id":1121,"href":"https:\/\/dermo.com\/fr\/wp-json\/wp\/v2\/pages\/1114\/revisions\/1121"}],"wp:attachment":[{"href":"https:\/\/dermo.com\/fr\/wp-json\/wp\/v2\/media?parent=1114"}],"curies":[{"name":"wp","href":"https:\/\/api.w.org\/{rel}","templated":true}]}}