{"id":1122,"date":"2024-02-25T18:15:10","date_gmt":"2024-02-25T18:15:10","guid":{"rendered":"https:\/\/dermo.ultbit.com\/?page_id=1122"},"modified":"2024-02-25T18:19:07","modified_gmt":"2024-02-25T18:19:07","slug":"politique-relative-aux-cookies","status":"publish","type":"page","link":"https:\/\/dermo.com\/fr\/politique-relative-aux-cookies\/","title":{"rendered":"Politique de cookies"},"content":{"rendered":"<div data-elementor-type=\"wp-page\" data-elementor-id=\"1122\" class=\"elementor elementor-1122\" data-elementor-post-type=\"page\">\n\t\t\t\t\t\t<section class=\"elementor-section elementor-top-section elementor-element elementor-element-708626ce elementor-section-boxed elementor-section-height-default elementor-section-height-default\" data-id=\"708626ce\" data-element_type=\"section\" data-e-type=\"section\" data-settings=\"{&quot;background_background&quot;:&quot;classic&quot;}\">\n\t\t\t\t\t\t\t<div class=\"elementor-background-overlay\"><\/div>\n\t\t\t\t\t\t\t<div class=\"elementor-container elementor-column-gap-default\">\n\t\t\t\t\t<div class=\"elementor-column elementor-col-100 elementor-top-column elementor-element elementor-element-16cb5524\" data-id=\"16cb5524\" data-element_type=\"column\" data-e-type=\"column\">\n\t\t\t<div class=\"elementor-widget-wrap elementor-element-populated\">\n\t\t\t\t\t\t\t<\/div>\n\t\t<\/div>\n\t\t\t\t\t<\/div>\n\t\t<\/section>\n\t\t\t\t<section class=\"elementor-section elementor-top-section elementor-element elementor-element-233ad3a4 elementor-section-boxed elementor-section-height-default elementor-section-height-default\" data-id=\"233ad3a4\" data-element_type=\"section\" data-e-type=\"section\">\n\t\t\t\t\t\t<div class=\"elementor-container elementor-column-gap-default\">\n\t\t\t\t\t<div class=\"elementor-column elementor-col-100 elementor-top-column elementor-element elementor-element-3244e578\" data-id=\"3244e578\" data-element_type=\"column\" data-e-type=\"column\">\n\t\t\t<div class=\"elementor-widget-wrap elementor-element-populated\">\n\t\t\t\t\t\t<section class=\"elementor-section elementor-inner-section elementor-element elementor-element-1a7040c2 elementor-section-boxed elementor-section-height-default elementor-section-height-default\" data-id=\"1a7040c2\" data-element_type=\"section\" data-e-type=\"section\">\n\t\t\t\t\t\t<div class=\"elementor-container elementor-column-gap-default\">\n\t\t\t\t\t<div class=\"elementor-column elementor-col-100 elementor-inner-column elementor-element elementor-element-58338543\" data-id=\"58338543\" data-element_type=\"column\" data-e-type=\"column\">\n\t\t\t<div class=\"elementor-widget-wrap elementor-element-populated\">\n\t\t\t\t\t\t<div class=\"elementor-element elementor-element-464b2e11 elementor-widget elementor-widget-text-editor\" data-id=\"464b2e11\" data-element_type=\"widget\" data-e-type=\"widget\" data-widget_type=\"text-editor.default\">\n\t\t\t\t<div class=\"elementor-widget-container\">\n\t\t\t\t\t\t\t\t\t<p>Notre site Internet dermo.com utilise une technologie appel\u00e9e \u00ab cookie \u00bb, afin d&#039;obtenir des informations sur l&#039;utilisation du site Internet, d&#039;am\u00e9liorer l&#039;exp\u00e9rience utilisateur et de garantir son bon fonctionnement.<\/p><p>\u00a0<\/p><p class=\"titol text-bold\"><strong>D\u00e9finition du cookie<\/strong><\/p><p>Un \u00ab cookie \u00bb est un petit fragment de texte que les sites Internet envoient au navigateur et qui est stock\u00e9 sur le terminal de l&#039;utilisateur (ordinateur ou appareil mobile). Ces fichiers sont destin\u00e9s \u00e0 stocker des donn\u00e9es pouvant \u00eatre mises \u00e0 jour et r\u00e9cup\u00e9r\u00e9es par l&#039;entit\u00e9 responsable de son installation. Ainsi, chaque fois que l&#039;utilisateur visite \u00e0 nouveau le m\u00eame site Internet, le navigateur r\u00e9cup\u00e8re le fichier et l&#039;envoie au serveur du site Internet. Les cookies ont plusieurs fonctions, notamment la collecte d&#039;informations sur les pr\u00e9f\u00e9rences de l&#039;utilisateur et leur m\u00e9morisation, et en g\u00e9n\u00e9ral, faciliter l&#039;utilisation du site Web par l&#039;utilisateur en rendant le site plus utile en personnalisant son contenu.<\/p><p>\u00a0<\/p><p><strong>Les cookies peuvent \u00eatre class\u00e9s en fonction de diff\u00e9rents param\u00e8tres\u00a0:<\/strong><\/p><ol class=\"\"><li><div class=\"cont\"><p><span class=\"text-bold\">Possession:<\/span>\u00a0cookies propres et cookies de tiers : en fonction de l&#039;entit\u00e9 qui g\u00e8re le domaine \u00e0 partir duquel les cookies sont envoy\u00e9s et les donn\u00e9es obtenues sont trait\u00e9es.<\/p><\/div><\/li><li><div class=\"cont\"><p><span class=\"text-bold\">Dur\u00e9e:<\/span>\u00a0Cookies de session et cookies persistants : selon la dur\u00e9e pendant laquelle ils restent stock\u00e9s sur le terminal de l&#039;utilisateur.<\/p><\/div><\/li><li><div class=\"cont\"><p><span class=\"text-bold\">But:<\/span>\u00a0cookies techniques, cookies de personnalisation, cookies d&#039;analyse, cookies publicitaires, cookies de publicit\u00e9 comportementale, selon la finalit\u00e9 pour laquelle les donn\u00e9es obtenues sont trait\u00e9es.<\/p><ul class=\"\"><li><div class=\"cont\"><p><span class=\"text-underline\">Cookies techniques :<\/span>\u00a0sont ceux qui permettent \u00e0 l&#039;utilisateur de naviguer sur le site Web ou l&#039;application et d&#039;utiliser les diff\u00e9rentes options ou services qui y existent. Par exemple, contr\u00f4ler le trafic et la communication de donn\u00e9es, identifier la session ou acc\u00e9der \u00e0 des composants WebPart \u00e0 acc\u00e8s restreint.<\/p><\/div><\/li><li><div class=\"cont\"><p><span class=\"text-underline\">Cookies de personnalisation\u00a0:<\/span>\u00a0Ce sont ceux qui permettent \u00e0 l&#039;utilisateur d&#039;acc\u00e9der au service avec certaines caract\u00e9ristiques g\u00e9n\u00e9rales pr\u00e9d\u00e9finies dans son terminal ou que l&#039;utilisateur d\u00e9finit lui-m\u00eame. Par exemple, la langue, le type de navigateur par lequel vous acc\u00e9dez au service ou la conception du contenu s\u00e9lectionn\u00e9.<\/p><\/div><\/li><li><div class=\"cont\"><p><span class=\"text-underline\">Cookies d&#039;analyse :<\/span>\u00a0Ce sont ceux qui, qu&#039;ils soient trait\u00e9s par nous ou par des tiers, nous permettent de quantifier le nombre d&#039;utilisateurs et ainsi de r\u00e9aliser l&#039;analyse statistique de l&#039;utilisation faite par les utilisateurs du service propos\u00e9. Pour ce faire, votre navigation sur notre site Internet est analys\u00e9e afin d&#039;am\u00e9liorer l&#039;offre de produits ou de services que nous proposons.<\/p><\/div><\/li><li><div class=\"cont\"><p><span class=\"text-underline\">Cookies publicitaires :<\/span>\u00a0sont ceux qui permettent la gestion, de la mani\u00e8re la plus efficace possible, des espaces publicitaires que, le cas \u00e9ch\u00e9ant, l&#039;\u00e9diteur a inclus dans une page Web, une application ou une plateforme \u00e0 partir de laquelle le service demand\u00e9 est fourni sur la base de crit\u00e8res tels que le contenu \u00e9dit\u00e9 ou la fr\u00e9quence \u00e0 laquelle les publicit\u00e9s sont diffus\u00e9es.<\/p><\/div><\/li><li><div class=\"cont\"><p><span class=\"text-underline\">Cookies de publicit\u00e9 comportementale :<\/span>\u00a0sont ceux qui permettent la gestion, de la mani\u00e8re la plus efficace possible, des espaces publicitaires que, le cas \u00e9ch\u00e9ant, l&#039;\u00e9diteur a inclus dans une page Web, une application ou une plateforme \u00e0 partir de laquelle le service demand\u00e9 est fourni. Ces cookies stockent des informations sur le comportement des utilisateurs obtenues gr\u00e2ce \u00e0 l&#039;observation continue de leurs habitudes de navigation, ce qui permet de d\u00e9velopper un profil sp\u00e9cifique pour afficher des publicit\u00e9s bas\u00e9es sur celui-ci.<\/p><p>\u00a0<\/p><\/div><\/li><\/ul><\/div><\/li><\/ol><p class=\"titol text-bold\"><strong>Cookies utilis\u00e9s sur notre site Internet<\/strong><\/p><p>Notre site Web utilise \u00e0 la fois ses propres cookies, qui sont envoy\u00e9s \u00e0 votre appareil et g\u00e9r\u00e9s exclusivement par nous pour le meilleur fonctionnement du site Web, et des cookies tiers, ayant pour fonction de servir d&#039;outil d&#039;analyse de l&#039;interaction des utilisateurs avec notre site Web. gr\u00e2ce \u00e0 eux, nous obtenons des informations qui peuvent contribuer \u00e0 am\u00e9liorer la navigation et \u00e0 offrir un meilleur service aux utilisateurs.<\/p><p>Nous utilisons \u00e0 la fois des cookies de session temporaires et des cookies persistants. Les cookies de session stockent les donn\u00e9es uniquement lorsque l&#039;utilisateur acc\u00e8de au site Web et les cookies persistants stockent les donn\u00e9es sur le terminal afin qu&#039;il puisse \u00eatre consult\u00e9 et utilis\u00e9 dans plusieurs sessions.<\/p><p>Plus pr\u00e9cis\u00e9ment, les cookies utilis\u00e9s sur notre site Internet sont :<\/p><p class=\"text-underline\">Propres cookies\u00a0:<\/p><p>Les propres cookies que nous utilisons sur notre site Internet sont de nature technique, essentiels au fonctionnement du site Internet.<\/p><p class=\"text-underline\">Cookies tiers :<\/p><table><tbody><tr><th>Biscuit<\/th><th>Titulaire<\/th><th>But<\/th><th>Dur\u00e9e<\/th><\/tr><tr><td>__utmz, __utmc, __utma, __utmb,__utmt, __ga, __gat<\/td><td>Google Inc. (Google Analytics)<\/td><td>Analytics : analysez le trafic de ce site Web.<\/td><td>Session et persistant<\/td><\/tr><\/tbody><\/table><p>Pour obtenir plus d&#039;informations sur les cookies et\/ou les d\u00e9sactiver, vous pouvez cliquer sur les liens au nom des diff\u00e9rents propri\u00e9taires.<\/p><p>Enfin, les cookies plug-in sont \u00e9galement utilis\u00e9s pour \u00e9changer du contenu social.<\/p><p>\u00a0<\/p><p class=\"titol text-bold\"><strong>Consentement<\/strong><\/p><p>En naviguant et en poursuivant sur notre site Internet, l&#039;utilisateur consentira \u00e0 l&#039;utilisation des cookies susmentionn\u00e9s, pour les p\u00e9riodes indiqu\u00e9es et dans les conditions contenues dans la pr\u00e9sente Politique de Cookies.<\/p><p>De m\u00eame, nous vous informons que si vous consultez des contenus de notre site h\u00e9berg\u00e9s sur des sites tiers, ceux-ci disposent de leur propre politique en mati\u00e8re de cookies.<\/p><p>\u00a0<\/p><p class=\"titol text-bold\"><strong>Retrait du consentement<\/strong><\/p><p>L&#039;utilisateur peut \u00e0 tout moment retirer son consentement relatif \u00e0 la pr\u00e9sente Politique de Cookies, pour ce faire il devra supprimer les cookies stock\u00e9s sur son ordinateur \u00e0 l&#039;aide des param\u00e8tres et configurations de son navigateur Internet.<\/p><p>\u00a0<\/p><p class=\"titol text-bold\"><strong>Modification des param\u00e8tres des cookies<\/strong><\/p><p><a name=\"cookies-config\"><\/a><\/p><p>L&#039;utilisateur peut restreindre, bloquer ou supprimer les cookies de n&#039;importe quel site Web, en utilisant son navigateur. Dans chaque navigateur, le fonctionnement est diff\u00e9rent, vous pouvez donc consulter les liens suivants pour savoir comment proc\u00e9der<\/p><div class=\"cont\"><ul><li><b>Internet Explorer\u00a0:<\/b>\u00a0<a href=\"https:\/\/support.microsoft.com\/es-es\/help\/17442\/windows-internet-explorer-delete-manage-cookies#ie=ie-11\" target=\"_blank\" rel=\"noopener\">https:\/\/support.microsoft.com\/es-es\/help\/17442\/windows-internet-explorer-delete-manage-cookies#ie=ie-11<\/a><\/li><\/ul><\/div><div class=\"cont\"><ul><li><b>Bord:<\/b>\u00a0<a href=\"https:\/\/support.microsoft.com\/es-es\/help\/4468242\/microsoft-edge-browsing-data-and-privacy-microsoft-privacy\" target=\"_blank\" rel=\"noopener\">https:\/\/support.microsoft.com\/es-es\/help\/4468242\/microsoft-edge-browsing-data-and-privacy-microsoft-privacy<\/a><\/li><\/ul><\/div><div class=\"cont\"><ul><li><b>FireFox\u00a0:<\/b>\u00a0<a href=\"https:\/\/support.mozilla.org\/es\/kb\/clear-cookies-and-site-data-firefox\" target=\"_blank\" rel=\"noopener\">https:\/\/support.mozilla.org\/es\/kb\/clear-cookies-and-site-data-firefox<\/a><\/li><\/ul><\/div><div class=\"cont\"><ul><li><b>Chrome:<\/b>\u00a0<a href=\"https:\/\/support.google.com\/chrome\/answer\/95647?hl=es\" target=\"_blank\" rel=\"noopener\">https:\/\/support.google.com\/chrome\/answer\/95647?hl=es<\/a><\/li><\/ul><\/div><div class=\"cont\"><ul><li><b>Safari (mac):<\/b>\u00a0<a href=\"https:\/\/support.apple.com\/es-es\/guide\/safari\/manage-cookies-and-website-data-sfri11471\/mac\" target=\"_blank\" rel=\"noopener\">https:\/\/support.apple.com\/es-es\/guide\/safari\/manage-cookies-and-website-data-sfri11471\/mac<\/a><\/li><\/ul><\/div><div class=\"cont\"><ul><li><b>Safari (iPhone\/iPad)\u00a0:<\/b>\u00a0<a href=\"https:\/\/support.apple.com\/es-es\/HT201265\" target=\"_blank\" rel=\"noopener\">https:\/\/support.apple.com\/es-es\/HT201265<\/a><\/li><\/ul><\/div><div class=\"cont\"><ul><li><b>Op\u00e9ra:<\/b>\u00a0<a href=\"https:\/\/help.opera.com\/en\/latest\/web-preferences\/#cookies\" target=\"_blank\" rel=\"noopener\">https:\/\/help.opera.com\/en\/latest\/web-preferences\/#cookies<\/a><\/li><\/ul><\/div><p>Pour plus d&#039;informations sur la suppression, la d\u00e9sactivation ou le blocage des cookies, vous pouvez \u00e9galement visiter :<br \/><a href=\"http:\/\/www.aboutcookies.org\/Default.aspx?page=2\" target=\"_blank\" rel=\"noopener\">http:\/\/www.aboutcookies.org\/Default.aspx?page=2<\/a><\/p><p>\u00a0<\/p><p class=\"titol text-bold\"><strong>Mise \u00e0 jour de la politique en mati\u00e8re de cookies<\/strong><\/p><p>Ce site Web peut modifier cette politique de cookies, c&#039;est pourquoi nous vous recommandons de consulter cette politique chaque fois que vous acc\u00e9dez \u00e0 notre site Web pour \u00eatre correctement inform\u00e9 de notre utilisation des cookies.<\/p>\t\t\t\t\t\t\t\t<\/div>\n\t\t\t\t<\/div>\n\t\t\t\t\t<\/div>\n\t\t<\/div>\n\t\t\t\t\t<\/div>\n\t\t<\/section>\n\t\t\t\t\t<\/div>\n\t\t<\/div>\n\t\t\t\t\t<\/div>\n\t\t<\/section>\n\t\t\t\t<\/div>","protected":false},"excerpt":{"rendered":"<p>Notre site Web, dermo.com, utilise une technologie appel\u00e9e \u00ab cookie \u00bb pour collecter des informations sur l&#039;utilisation du site Web, am\u00e9liorer l&#039;exp\u00e9rience utilisateur et garantir son bon fonctionnement.  D\u00e9finition de Cookie Un \u00ab cookie \u00bb est un petit morceau de texte que les sites Web envoient \u00e0 votre navigateur et qui est\u2026&nbsp;<a href=\"https:\/\/dermo.com\/fr\/politique-relative-aux-cookies\/\" rel=\"bookmark\">En savoir plus &quot;<span class=\"screen-reader-text\">Politique de cookies<\/span><\/a><\/p>","protected":false},"author":1,"featured_media":0,"parent":0,"menu_order":0,"comment_status":"closed","ping_status":"closed","template":"page-templates\/template-pagebuilder-full-width.php","meta":{"neve_meta_sidebar":"","neve_meta_container":"","neve_meta_enable_content_width":"off","neve_meta_content_width":100,"neve_meta_title_alignment":"","neve_meta_author_avatar":"","neve_post_elements_order":"","neve_meta_disable_header":"","neve_meta_disable_footer":"","neve_meta_disable_title":"","footnotes":""},"class_list":["post-1122","page","type-page","status-publish","hentry"],"yoast_head":"<!-- This site is optimized with the Yoast SEO plugin v27.0 - https:\/\/yoast.com\/product\/yoast-seo-wordpress\/ -->\n<title>Pol\u00edtica de cookies - Dermo | F\u00e1brica de detergentes<\/title>\n<meta name=\"robots\" content=\"index, follow, max-snippet:-1, max-image-preview:large, max-video-preview:-1\" \/>\n<link rel=\"canonical\" href=\"https:\/\/dermo.com\/fr\/politique-relative-aux-cookies\/\" \/>\n<meta property=\"og:locale\" content=\"fr_FR\" \/>\n<meta property=\"og:type\" content=\"article\" \/>\n<meta property=\"og:title\" content=\"Pol\u00edtica de cookies - Dermo | F\u00e1brica de detergentes\" \/>\n<meta property=\"og:description\" content=\"Nuestro sitio web dermo.com utiliza una tecnolog\u00eda llamada \u2018cookie\u2019, con el fin de poder obtener informaci\u00f3n sobre el uso del sitio web, mejorar la experiencia del usuario y garantizar el su correcto funcionamiento. \u00a0 Definici\u00f3n de Cookie Una \u2018cookie\u2019 es un peque\u00f1o fragmento de texto que los sitios web env\u00edan al navegador y que se&hellip;&nbsp;Lire la suite &raquo;Pol\u00edtica de cookies\" \/>\n<meta property=\"og:url\" content=\"https:\/\/dermo.com\/fr\/politique-relative-aux-cookies\/\" \/>\n<meta property=\"og:site_name\" content=\"Dermo | F\u00e1brica de detergentes\" \/>\n<meta property=\"article:modified_time\" content=\"2024-02-25T18:19:07+00:00\" \/>\n<meta name=\"twitter:card\" content=\"summary_large_image\" \/>\n<meta name=\"twitter:label1\" content=\"Dur\u00e9e de lecture estim\u00e9e\" \/>\n\t<meta name=\"twitter:data1\" content=\"5 minutes\" \/>\n<script type=\"application\/ld+json\" class=\"yoast-schema-graph\">{\"@context\":\"https:\/\/schema.org\",\"@graph\":[{\"@type\":\"WebPage\",\"@id\":\"https:\/\/dermo.com\/politica-de-cookies\/\",\"url\":\"https:\/\/dermo.com\/politica-de-cookies\/\",\"name\":\"Pol\u00edtica de cookies - Dermo | F\u00e1brica de detergentes\",\"isPartOf\":{\"@id\":\"https:\/\/dermo.com\/#website\"},\"datePublished\":\"2024-02-25T18:15:10+00:00\",\"dateModified\":\"2024-02-25T18:19:07+00:00\",\"breadcrumb\":{\"@id\":\"https:\/\/dermo.com\/politica-de-cookies\/#breadcrumb\"},\"inLanguage\":\"fr-FR\",\"potentialAction\":[{\"@type\":\"ReadAction\",\"target\":[\"https:\/\/dermo.com\/politica-de-cookies\/\"]}]},{\"@type\":\"BreadcrumbList\",\"@id\":\"https:\/\/dermo.com\/politica-de-cookies\/#breadcrumb\",\"itemListElement\":[{\"@type\":\"ListItem\",\"position\":1,\"name\":\"Portada\",\"item\":\"https:\/\/dermo.com\/\"},{\"@type\":\"ListItem\",\"position\":2,\"name\":\"Pol\u00edtica de cookies\"}]},{\"@type\":\"WebSite\",\"@id\":\"https:\/\/dermo.com\/#website\",\"url\":\"https:\/\/dermo.com\/\",\"name\":\"Dermo | F\u00e1brica de detergentes\",\"description\":\"Tecnolog\u00eda avanzada, investigaci\u00f3n y desarrollo, respeto por el medio ambiente, competencia, formaci\u00f3n constante y alto nivel de profesionalidad en nuestro equipo humano, empe\u00f1ado en preservar la calidad de vida, la protecci\u00f3n del entorno natural contin\u00faan motiv\u00e1ndonos para desarrollar en nuestros laboratorios nuevos productos con ingredientes activos altamente biodegradables que hacen posible un desarrollo sostenible.\",\"potentialAction\":[{\"@type\":\"SearchAction\",\"target\":{\"@type\":\"EntryPoint\",\"urlTemplate\":\"https:\/\/dermo.com\/?s={search_term_string}\"},\"query-input\":{\"@type\":\"PropertyValueSpecification\",\"valueRequired\":true,\"valueName\":\"search_term_string\"}}],\"inLanguage\":\"fr-FR\"}]}<\/script>\n<!-- \/ Yoast SEO plugin. -->","yoast_head_json":{"title":"Politique de cookies - Dermo | usine de d\u00e9tergents","robots":{"index":"index","follow":"follow","max-snippet":"max-snippet:-1","max-image-preview":"max-image-preview:large","max-video-preview":"max-video-preview:-1"},"canonical":"https:\/\/dermo.com\/fr\/politique-relative-aux-cookies\/","og_locale":"fr_FR","og_type":"article","og_title":"Pol\u00edtica de cookies - Dermo | F\u00e1brica de detergentes","og_description":"Nuestro sitio web dermo.com utiliza una tecnolog\u00eda llamada \u2018cookie\u2019, con el fin de poder obtener informaci\u00f3n sobre el uso del sitio web, mejorar la experiencia del usuario y garantizar el su correcto funcionamiento. \u00a0 Definici\u00f3n de Cookie Una \u2018cookie\u2019 es un peque\u00f1o fragmento de texto que los sitios web env\u00edan al navegador y que se&hellip;&nbsp;Lire la suite &raquo;Pol\u00edtica de cookies","og_url":"https:\/\/dermo.com\/fr\/politique-relative-aux-cookies\/","og_site_name":"Dermo | F\u00e1brica de detergentes","article_modified_time":"2024-02-25T18:19:07+00:00","twitter_card":"summary_large_image","twitter_misc":{"Dur\u00e9e de lecture estim\u00e9e":"5 minutes"},"schema":{"@context":"https:\/\/schema.org","@graph":[{"@type":"WebPage","@id":"https:\/\/dermo.com\/politica-de-cookies\/","url":"https:\/\/dermo.com\/politica-de-cookies\/","name":"Politique de cookies - Dermo | usine de d\u00e9tergents","isPartOf":{"@id":"https:\/\/dermo.com\/#website"},"datePublished":"2024-02-25T18:15:10+00:00","dateModified":"2024-02-25T18:19:07+00:00","breadcrumb":{"@id":"https:\/\/dermo.com\/politica-de-cookies\/#breadcrumb"},"inLanguage":"fr-FR","potentialAction":[{"@type":"ReadAction","target":["https:\/\/dermo.com\/politica-de-cookies\/"]}]},{"@type":"BreadcrumbList","@id":"https:\/\/dermo.com\/politica-de-cookies\/#breadcrumb","itemListElement":[{"@type":"ListItem","position":1,"name":"Portada","item":"https:\/\/dermo.com\/"},{"@type":"ListItem","position":2,"name":"Pol\u00edtica de cookies"}]},{"@type":"WebSite","@id":"https:\/\/dermo.com\/#website","url":"https:\/\/dermo.com\/","name":"Dermo | usine de d\u00e9tergents","description":"Technologie avanc\u00e9e, recherche et d\u00e9veloppement, respect de l&#039;environnement, comp\u00e9tence, formation constante et haut niveau de professionnalisme de notre \u00e9quipe humaine, engag\u00e9e \u00e0 pr\u00e9server la qualit\u00e9 de vie, la protection de l&#039;environnement naturel continuent de nous motiver \u00e0 d\u00e9velopper de nouveaux produits dans notre laboratoires aux principes actifs hautement biod\u00e9gradables qui rendent possible le d\u00e9veloppement durable.","potentialAction":[{"@type":"SearchAction","target":{"@type":"EntryPoint","urlTemplate":"https:\/\/dermo.com\/?s={search_term_string}"},"query-input":{"@type":"PropertyValueSpecification","valueRequired":true,"valueName":"search_term_string"}}],"inLanguage":"fr-FR"}]}},"_links":{"self":[{"href":"https:\/\/dermo.com\/fr\/wp-json\/wp\/v2\/pages\/1122","targetHints":{"allow":["GET"]}}],"collection":[{"href":"https:\/\/dermo.com\/fr\/wp-json\/wp\/v2\/pages"}],"about":[{"href":"https:\/\/dermo.com\/fr\/wp-json\/wp\/v2\/types\/page"}],"author":[{"embeddable":true,"href":"https:\/\/dermo.com\/fr\/wp-json\/wp\/v2\/users\/1"}],"replies":[{"embeddable":true,"href":"https:\/\/dermo.com\/fr\/wp-json\/wp\/v2\/comments?post=1122"}],"version-history":[{"count":4,"href":"https:\/\/dermo.com\/fr\/wp-json\/wp\/v2\/pages\/1122\/revisions"}],"predecessor-version":[{"id":1127,"href":"https:\/\/dermo.com\/fr\/wp-json\/wp\/v2\/pages\/1122\/revisions\/1127"}],"wp:attachment":[{"href":"https:\/\/dermo.com\/fr\/wp-json\/wp\/v2\/media?parent=1122"}],"curies":[{"name":"wp","href":"https:\/\/api.w.org\/{rel}","templated":true}]}}