{"id":1128,"date":"2024-02-25T18:19:35","date_gmt":"2024-02-25T18:19:35","guid":{"rendered":"https:\/\/dermo.ultbit.com\/?page_id=1128"},"modified":"2024-02-26T21:04:28","modified_gmt":"2024-02-26T21:04:28","slug":"politique-de-protection-des-donnees","status":"publish","type":"page","link":"https:\/\/dermo.com\/fr\/politique-de-protection-des-donnees\/","title":{"rendered":"Politique de protection des donn\u00e9es"},"content":{"rendered":"<div data-elementor-type=\"wp-page\" data-elementor-id=\"1128\" class=\"elementor elementor-1128\" data-elementor-post-type=\"page\">\n\t\t\t\t\t\t<section class=\"elementor-section elementor-top-section elementor-element elementor-element-708626ce elementor-section-boxed elementor-section-height-default elementor-section-height-default\" data-id=\"708626ce\" data-element_type=\"section\" data-e-type=\"section\" data-settings=\"{&quot;background_background&quot;:&quot;classic&quot;}\">\n\t\t\t\t\t\t\t<div class=\"elementor-background-overlay\"><\/div>\n\t\t\t\t\t\t\t<div class=\"elementor-container elementor-column-gap-default\">\n\t\t\t\t\t<div class=\"elementor-column elementor-col-100 elementor-top-column elementor-element elementor-element-16cb5524\" data-id=\"16cb5524\" data-element_type=\"column\" data-e-type=\"column\">\n\t\t\t<div class=\"elementor-widget-wrap elementor-element-populated\">\n\t\t\t\t\t\t\t<\/div>\n\t\t<\/div>\n\t\t\t\t\t<\/div>\n\t\t<\/section>\n\t\t\t\t<section class=\"elementor-section elementor-top-section elementor-element elementor-element-233ad3a4 elementor-section-boxed elementor-section-height-default elementor-section-height-default\" data-id=\"233ad3a4\" data-element_type=\"section\" data-e-type=\"section\">\n\t\t\t\t\t\t<div class=\"elementor-container elementor-column-gap-default\">\n\t\t\t\t\t<div class=\"elementor-column elementor-col-100 elementor-top-column elementor-element elementor-element-3244e578\" data-id=\"3244e578\" data-element_type=\"column\" data-e-type=\"column\">\n\t\t\t<div class=\"elementor-widget-wrap elementor-element-populated\">\n\t\t\t\t\t\t<section class=\"elementor-section elementor-inner-section elementor-element elementor-element-1a7040c2 elementor-section-boxed elementor-section-height-default elementor-section-height-default\" data-id=\"1a7040c2\" data-element_type=\"section\" data-e-type=\"section\">\n\t\t\t\t\t\t<div class=\"elementor-container elementor-column-gap-default\">\n\t\t\t\t\t<div class=\"elementor-column elementor-col-100 elementor-inner-column elementor-element elementor-element-58338543\" data-id=\"58338543\" data-element_type=\"column\" data-e-type=\"column\">\n\t\t\t<div class=\"elementor-widget-wrap elementor-element-populated\">\n\t\t\t\t\t\t<div class=\"elementor-element elementor-element-464b2e11 elementor-widget elementor-widget-text-editor\" data-id=\"464b2e11\" data-element_type=\"widget\" data-e-type=\"widget\" data-widget_type=\"text-editor.default\">\n\t\t\t\t<div class=\"elementor-widget-container\">\n\t\t\t\t\t\t\t\t\t<p><strong>RESPONSABLE DU TRAITEMENT DES DONN\u00c9ES<\/strong><\/p><p>Conform\u00e9ment au devoir d&#039;information \u00e9tabli par la loi 34\/2002 du 11 juillet relative aux services de la soci\u00e9t\u00e9 de l&#039;information et au commerce \u00e9lectronique, nous vous informons que ce site Web est la propri\u00e9t\u00e9 de\u00a0:<\/p><p>Nom de l&#039;entreprise:\u00a0<strong>DERMO, SA\u00a0<\/strong>\u00a0(Ci-apr\u00e8s Le Responsable)<\/p><p>CIF\/NIF\u00a0:<strong>\u00a0A58302969<\/strong><\/p><p>Si\u00e8ge social :\u00a0<strong>C\/ Pintor Joan Mir\u00f3, 16 Poliny\u00e0 (Barcelone) 08213<\/strong><\/p><p>T\u00e9l\u00e9phones\u00a0:\u00a0<strong>937133500<\/strong><\/p><p>e-mail:\u00a0<strong>info@dermo.com<\/strong><\/p><p>Noms de domaine :\u00a0<strong>dermo.com\u00a0<\/strong>(Ci-apr\u00e8s Le site Internet)<\/p><p>\u00a0<\/p><p><strong>OBJET<\/strong><\/p><p>Le Responsable met ce document \u00e0 la disposition des utilisateurs avec lesquels il entend se conformer aux dispositions de la r\u00e9glementation en vigueur sur la protection des donn\u00e9es, et dans le cadre du nouveau cadre r\u00e9glementaire \u00e9tabli en vertu des dispositions du R\u00e8glement (UE) 2016\/679 du Parlement europ\u00e9en et du Conseil, du 27 avril 2016, relatif \u00e0 la protection des personnes physiques \u00e0 l&#039;\u00e9gard du traitement des donn\u00e9es \u00e0 caract\u00e8re personnel et \u00e0 la libre circulation de ces donn\u00e9es (ci-apr\u00e8s, le \u00ab RGPD \u00bb), et les r\u00e9glementations nationales en mati\u00e8re de protection des donn\u00e9es personnelles, ainsi que d&#039;informer tous les utilisateurs du site Internet des conditions d&#039;utilisation du site Internet.<\/p><p>Toute personne qui acc\u00e8de \u00e0 ce site Web assume le r\u00f4le d&#039;utilisateur, s&#039;engageant au strict respect et au respect des dispositions \u00e9nonc\u00e9es dans le pr\u00e9sent document, ainsi que de toute autre disposition l\u00e9gale applicable.<\/p><p>Le Responsable du traitement se r\u00e9serve le droit de modifier tout type d&#039;informations susceptibles de figurer sur le site Internet, sans aucune obligation de notifier ou d&#039;informer les utilisateurs de ces obligations, la publication sur le site Internet du Responsable \u00e9tant consid\u00e9r\u00e9e comme suffisante.<\/p><p><strong>\u00a0<\/strong><\/p><p><strong>\u00a0<\/strong><\/p><p><strong>\u00a0<\/strong><\/p><p><strong>RESPONSABILIT\u00c9<\/strong><\/p><p>Le Responsable du traitement est exon\u00e9r\u00e9 de tout type de responsabilit\u00e9 d\u00e9riv\u00e9e des informations publi\u00e9es sur son site Internet, \u00e0 condition que ces informations aient \u00e9t\u00e9 manipul\u00e9es ou introduites par un tiers qui ne lui est pas li\u00e9.<\/p><p><strong>ADRESSES IP<\/strong><\/p><p>Les serveurs du site Web peuvent d\u00e9tecter automatiquement l&#039;adresse IP et le nom de domaine utilis\u00e9s par l&#039;utilisateur.<\/p><p>Une adresse IP est un num\u00e9ro automatiquement attribu\u00e9 \u00e0 un ordinateur lorsqu&#039;il se connecte \u00e0 Internet. Toutes ces informations sont enregistr\u00e9es dans un fichier d&#039;activit\u00e9 du serveur, d\u00fbment enregistr\u00e9, qui permet le traitement ult\u00e9rieur des donn\u00e9es afin d&#039;obtenir uniquement des mesures statistiques permettant de conna\u00eetre le nombre d&#039;impressions de pages, le nombre de visites effectu\u00e9es sur les serveurs du site Internet. ordre des visites, point d&#039;acc\u00e8s, etc.<\/p><p><strong>\u00a0<\/strong><\/p><p><strong>POLITIQUE DE LIEN<\/strong><\/p><p>\u00c0 partir de ce site Web, vous pouvez \u00eatre redirig\u00e9 vers du contenu provenant de sites Web tiers. \u00c9tant donn\u00e9 que le Responsable du traitement ne peut pas toujours contr\u00f4ler les contenus introduits par des tiers sur leurs sites Web, il n&#039;assume aucune responsabilit\u00e9 quant \u00e0 ces contenus. Dans tous les cas, le Responsable du traitement d\u00e9clare qu&#039;il proc\u00e9dera au retrait imm\u00e9diat de tout contenu susceptible de contrevenir \u00e0 la l\u00e9gislation nationale ou internationale, aux bonnes m\u0153urs ou \u00e0 l&#039;ordre public, en proc\u00e9dant au retrait imm\u00e9diat de la redirection vers ledit site Web, en informant les autorit\u00e9s comp\u00e9tentes du contenu en question.<\/p><p>Le Responsable du traitement n&#039;est pas responsable des informations et des contenus stock\u00e9s, \u00e0 titre d&#039;exemple mais sans s&#039;y limiter, dans les forums, chats, g\u00e9n\u00e9rateurs de blogs, commentaires, r\u00e9seaux sociaux ou tout autre moyen permettant \u00e0 des tiers de publier du contenu de mani\u00e8re ind\u00e9pendante sur le site Internet. du Contr\u00f4leur. Toutefois, et conform\u00e9ment aux dispositions de l&#039;art. 11 et 16 de la LSSICE, le Responsable se met \u00e0 la disposition de tous les utilisateurs, autorit\u00e9s et forces de s\u00e9curit\u00e9, en collaborant activement au retrait ou, le cas \u00e9ch\u00e9ant, au blocage de tout contenu susceptible d&#039;affecter ou de contrevenir \u00e0 la l\u00e9gislation nationale, ou au droit international, aux droits des tiers. les partis ou la morale et l\u2019ordre public. Si l&#039;utilisateur estime qu&#039;il existe un contenu sur le site Web susceptible d&#039;\u00eatre soumis \u00e0 cette classification, il est pri\u00e9 d&#039;en informer imm\u00e9diatement l&#039;administrateur du site Web.<\/p><p>Ce site Web a \u00e9t\u00e9 examin\u00e9 et test\u00e9 pour fonctionner correctement. En principe, le bon fonctionnement peut \u00eatre garanti 365 jours par an, 24 heures sur 24. Cependant, le Responsable du traitement n&#039;exclut pas la possibilit\u00e9 que certaines erreurs de programmation se produisent, ni que des cas de force majeure, des catastrophes naturelles, des gr\u00e8ves ou des circonstances similaires puissent survenir rendant impossible l&#039;acc\u00e8s au site Web.<\/p><p><strong>\u00a0<\/strong><\/p><p><strong>PROTECTION DES DONN\u00c9ES<\/strong><\/p><p>Le Responsable du traitement s&#039;engage profond\u00e9ment \u00e0 respecter les dispositions de la r\u00e9glementation en vigueur sur la protection des donn\u00e9es, et dans le contexte du nouveau cadre r\u00e9glementaire \u00e9tabli en vertu des dispositions du r\u00e8glement (UE) 2016\/679 du Parlement europ\u00e9en et du Conseil du 27 avril 2016 relative \u00e0 la protection des personnes physiques \u00e0 l\u2019\u00e9gard du traitement des donn\u00e9es \u00e0 caract\u00e8re personnel et \u00e0 la libre circulation de ces donn\u00e9es (ci-apr\u00e8s, le \u00ab RGPD \u00bb), et aux r\u00e9glementations nationales en la mati\u00e8re. de donn\u00e9es personnelles.<\/p><p>De m\u00eame, le Responsable du traitement informe qu&#039;il se conforme \u00e0 la loi 34\/2002 du 11 juillet sur les services de la soci\u00e9t\u00e9 de l&#039;information et du commerce \u00e9lectronique et demandera \u00e0 tout moment votre consentement au traitement de vos donn\u00e9es \u00e0 des fins commerciales.<\/p><p><strong>\u00a0<\/strong><\/p><p><strong>PROPRI\u00c9T\u00c9 INTELLECTUELLE ET INDUSTRIELLE<\/strong><\/p><p>Le site Internet, y compris mais sans s&#039;y limiter, sa programmation, son \u00e9dition, sa compilation et autres \u00e9l\u00e9ments n\u00e9cessaires \u00e0 son fonctionnement, les dessins, logos, textes et\/ou graphiques sont la propri\u00e9t\u00e9 du Responsable du traitement ou, le cas \u00e9ch\u00e9ant, disposent d&#039;une licence ou d&#039;une autorisation expresse de une partie des auteurs.<\/p><p>Tous les contenus du site Web sont d\u00fbment prot\u00e9g\u00e9s par la r\u00e9glementation en mati\u00e8re de propri\u00e9t\u00e9 intellectuelle et industrielle.<\/p><p>Quelle que soit la finalit\u00e9 pour laquelle ils sont destin\u00e9s, la reproduction totale ou partielle, l&#039;utilisation, l&#039;exploitation, la distribution et la commercialisation n\u00e9cessitent dans tous les cas l&#039;autorisation \u00e9crite pr\u00e9alable du responsable du traitement. Toute utilisation non pr\u00e9alablement autoris\u00e9e par le Responsable du traitement sera consid\u00e9r\u00e9e comme une violation grave des droits de propri\u00e9t\u00e9 intellectuelle ou industrielle de l&#039;auteur.<\/p><p>Les dessins, logos, textes et\/ou graphiques autres que ceux du prestataire et susceptibles de figurer sur le site appartiennent \u00e0 leurs propri\u00e9taires respectifs, qui sont eux-m\u00eames responsables de toute \u00e9ventuelle controverse qui pourrait surgir \u00e0 leur sujet. En tout \u00e9tat de cause, le Responsable de traitement dispose de leur autorisation expresse et pr\u00e9alable.<\/p><p>Le Responsable du traitement autorise express\u00e9ment les tiers \u00e0 rediriger directement vers les contenus sp\u00e9cifiques du site Internet et doit en tout cas rediriger vers la page principale du site Internet du Responsable du traitement.<\/p><p>Le Responsable reconna\u00eet en faveur de ses propri\u00e9taires les droits de propri\u00e9t\u00e9 intellectuelle et industrielle correspondants, sa simple mention ou apparition sur le site Internet n&#039;implique pas l&#039;existence d&#039;un quelconque droit ou responsabilit\u00e9 du Responsable sur ceux-ci, ni n&#039;implique une approbation, un parrainage ou une recommandation. par sa part.<\/p><p>Pour toutes les images dans lesquelles le logiciel de conception le permet, les r\u00e9f\u00e9rences correspondantes \u00e0 la paternit\u00e9 et \u00e0 la licence correspondante ont \u00e9t\u00e9 incluses.<\/p><p>Pour faire tout type d&#039;observation concernant d&#039;\u00e9ventuelles violations des droits de propri\u00e9t\u00e9 intellectuelle ou industrielle, ainsi que sur tout contenu du site Web, vous pouvez le faire via l&#039;e-mail suivant : info@dermo.com<\/p><p>\u00a0<\/p><p><strong>POLITIQUE DE CONFIDENTIALIT\u00c9<\/strong><\/p><p><strong>1.- Informations utilisateur<\/strong><\/p><p><b>\u2026\u2026<\/b>\u00a0informe les utilisateurs du site Internet de sa politique en mati\u00e8re de traitement et de protection des donn\u00e9es personnelles des utilisateurs et des clients qui peuvent \u00eatre collect\u00e9es lors de la navigation sur son site Internet.<\/p><p>\u2026.. est responsable du traitement des donn\u00e9es personnelles de l\u2019Utilisateur, c\u2019est pourquoi les informations suivantes sont fournies concernant le traitement de leurs donn\u00e9es :<\/p><p><strong>Crit\u00e8res de conservation des donn\u00e9es\u00a0:<\/strong>\u00a0Les donn\u00e9es personnelles fournies seront conserv\u00e9es jusqu&#039;\u00e0 ce que leur suspension soit demand\u00e9e par l&#039;int\u00e9ress\u00e9, exer\u00e7ant ses droits sur les donn\u00e9es, et en tout cas dans le respect des d\u00e9lais de prescription l\u00e9gaux applicables.<\/p><p><strong>Droits des parties int\u00e9ress\u00e9es\u00a0:<\/strong><\/p><ul><li>Droit de retirer son consentement \u00e0 tout moment.<\/li><li>Droit d&#039;acc\u00e8s, de rectification, de suppression, de portabilit\u00e9 de vos donn\u00e9es et de limitation ou d&#039;opposition \u00e0 leur traitement, ainsi que de ne pas \u00eatre soumis \u00e0 des d\u00e9cisions individuelles automatis\u00e9es.<\/li><\/ul><p>Coordonn\u00e9es pour exercer vos droits :<\/p><p>Vous devez bien vous identifier et demander clairement le droit d\u2019exercer.<\/p><ul><li><strong>Adresse postale : C\/ Pintor Joan Mir\u00f3, 16 Poliny\u00e0 (Barcelone) 08213<\/strong><\/li><li><strong>Adresse email : info@dermo.com<\/strong><\/li><\/ul><p><strong>2.- Informations fournies par l&#039;utilisateur<\/strong><\/p><p>Si vous avez moins de 18 ans, l&#039;utilisation des formulaires sur notre site Web n&#039;est pas autoris\u00e9e.<\/p><p>Les utilisateurs, en saisissant leurs donn\u00e9es dans les formulaires de contact ou pr\u00e9sent\u00e9s dans les formulaires de t\u00e9l\u00e9chargement, acceptent express\u00e9ment, librement et sans \u00e9quivoque que leurs donn\u00e9es sont n\u00e9cessaires pour r\u00e9pondre \u00e0 leur demande, par le Responsable, l&#039;inclusion des donn\u00e9es dans les champs restants \u00e9tant volontaire.<\/p><p>L&#039;Utilisateur garantit que les donn\u00e9es personnelles fournies sont v\u00e9ridiques et est responsable de communiquer toute modification de celles-ci.<\/p><p>Toutes les donn\u00e9es demand\u00e9es via le site Web sont n\u00e9cessaires pour fournir un service optimal \u00e0 l&#039;utilisateur. Si toutes les donn\u00e9es ne sont pas fournies, il n&#039;est pas garanti que les informations et les services que le Responsable vous fournit soient compl\u00e8tement adapt\u00e9s \u00e0 vos besoins.<\/p><ol start=\"3\"><li><strong>Mesures de s\u00e9curit\u00e9<\/strong><\/li><\/ol><p>Conform\u00e9ment aux dispositions de la r\u00e9glementation en vigueur en mati\u00e8re de protection des donn\u00e9es personnelles, le Responsable du traitement respecte toutes les dispositions des r\u00e9glementations RGPD et LOPD pour le traitement des donn\u00e9es personnelles sous sa responsabilit\u00e9, qui sont trait\u00e9es de mani\u00e8re licite, loyale et transparente. par rapport \u00e0 l&#039;int\u00e9ress\u00e9 et ad\u00e9quats, pertinents et limit\u00e9s \u00e0 ce qui est n\u00e9cessaire au regard des finalit\u00e9s pour lesquelles ils sont trait\u00e9s.<\/p><p>Le Responsable du traitement garantit avoir mis en \u0153uvre des politiques techniques et organisationnelles appropri\u00e9es pour appliquer les mesures de s\u00e9curit\u00e9 \u00e9tablies par le RGPD et la LOPD afin de prot\u00e9ger les droits et libert\u00e9s des Utilisateurs et leur avoir communiqu\u00e9 les informations appropri\u00e9es afin qu&#039;ils puissent les exercer.<\/p><ol start=\"4\"><li><strong>Lacunes de s\u00e9curit\u00e9<\/strong><\/li><\/ol><p>Le responsable du traitement signalera toute faille de s\u00e9curit\u00e9 affectant la base de donn\u00e9es utilis\u00e9e par ce site Web, ou affectant l&#039;un de nos services tiers, \u00e0 chaque personne dont les donn\u00e9es pourraient avoir \u00e9t\u00e9 affect\u00e9es, ainsi qu&#039;aux autorit\u00e9s, dans les 72 heures suivant la d\u00e9tection de la violation. .<\/p><p><strong>\u00a0<\/strong><\/p><p><strong>LOI APPLICABLE ET JURIDICTION<\/strong><\/p><p>Pour la r\u00e9solution de tous les litiges ou probl\u00e8mes li\u00e9s \u00e0 ce site Web ou aux activit\u00e9s qui y sont r\u00e9alis\u00e9es, la l\u00e9gislation espagnole s&#039;appliquera, \u00e0 laquelle les parties se soumettent express\u00e9ment, \u00e9tant comp\u00e9tentes pour la r\u00e9solution de tous les conflits survenant ou li\u00e9s \u00e0 son utilisation par les Tribunaux et Tribunaux de Barcelone.\u00a0<\/p>\t\t\t\t\t\t\t\t<\/div>\n\t\t\t\t<\/div>\n\t\t\t\t\t<\/div>\n\t\t<\/div>\n\t\t\t\t\t<\/div>\n\t\t<\/section>\n\t\t\t\t\t<\/div>\n\t\t<\/div>\n\t\t\t\t\t<\/div>\n\t\t<\/section>\n\t\t\t\t<\/div>","protected":false},"excerpt":{"rendered":"<p>RESPONSABLE DU TRAITEMENT DES DONN\u00c9ES Conform\u00e9ment au devoir d&#039;information \u00e9tabli par la loi 34\/2002, du 11 juillet, sur les services de la soci\u00e9t\u00e9 de l&#039;information et du commerce \u00e9lectronique, nous vous informons que ce site Web est la propri\u00e9t\u00e9 de : Nom de la soci\u00e9t\u00e9 : DERMO, SA (Ci-apr\u00e8s le Responsable) CIF \/ NIF : A58302969 Si\u00e8ge social : C\/ Pintor\u2026&nbsp;<a href=\"https:\/\/dermo.com\/fr\/politique-de-protection-des-donnees\/\" rel=\"bookmark\">En savoir plus &quot;<span class=\"screen-reader-text\">Politique de protection des donn\u00e9es<\/span><\/a><\/p>","protected":false},"author":1,"featured_media":0,"parent":0,"menu_order":0,"comment_status":"closed","ping_status":"closed","template":"page-templates\/template-pagebuilder-full-width.php","meta":{"neve_meta_sidebar":"","neve_meta_container":"","neve_meta_enable_content_width":"off","neve_meta_content_width":100,"neve_meta_title_alignment":"","neve_meta_author_avatar":"","neve_post_elements_order":"","neve_meta_disable_header":"","neve_meta_disable_footer":"","neve_meta_disable_title":"","footnotes":""},"class_list":["post-1128","page","type-page","status-publish","hentry"],"yoast_head":"<!-- This site is optimized with the Yoast SEO plugin v27.0 - https:\/\/yoast.com\/product\/yoast-seo-wordpress\/ -->\n<title>Pol\u00edtica de protecci\u00f3n de datos - Dermo | F\u00e1brica de detergentes<\/title>\n<meta name=\"robots\" content=\"index, follow, max-snippet:-1, max-image-preview:large, max-video-preview:-1\" \/>\n<link rel=\"canonical\" href=\"https:\/\/dermo.com\/fr\/politique-de-protection-des-donnees\/\" \/>\n<meta property=\"og:locale\" content=\"fr_FR\" \/>\n<meta property=\"og:type\" content=\"article\" \/>\n<meta property=\"og:title\" content=\"Pol\u00edtica de protecci\u00f3n de datos - Dermo | F\u00e1brica de detergentes\" \/>\n<meta property=\"og:description\" content=\"RESPONSABLE DEL TRATAMIENTO DE LOS DATOS En cumplimiento del deber de informaci\u00f3n que establece la Ley La 34\/2002, de 11 de julio, de Servicios de la Sociedad de la Informaci\u00f3n y del Comercio Electr\u00f3nico, le comunicamos que la presente web es titularidad de: Denominaci\u00f3n Social:\u00a0DERMO, SA\u00a0\u00a0(En adelante El Responsable) CIF \/ NIF:\u00a0A58302969 Domicilio Social:\u00a0C\/ Pintor&hellip;&nbsp;Lire la suite &raquo;Pol\u00edtica de protecci\u00f3n de datos\" \/>\n<meta property=\"og:url\" content=\"https:\/\/dermo.com\/fr\/politique-de-protection-des-donnees\/\" \/>\n<meta property=\"og:site_name\" content=\"Dermo | F\u00e1brica de detergentes\" \/>\n<meta property=\"article:modified_time\" content=\"2024-02-26T21:04:28+00:00\" \/>\n<meta name=\"twitter:card\" content=\"summary_large_image\" \/>\n<meta name=\"twitter:label1\" content=\"Dur\u00e9e de lecture estim\u00e9e\" \/>\n\t<meta name=\"twitter:data1\" content=\"9 minutes\" \/>\n<script type=\"application\/ld+json\" class=\"yoast-schema-graph\">{\"@context\":\"https:\/\/schema.org\",\"@graph\":[{\"@type\":\"WebPage\",\"@id\":\"https:\/\/dermo.com\/politica-de-proteccion-de-datos\/\",\"url\":\"https:\/\/dermo.com\/politica-de-proteccion-de-datos\/\",\"name\":\"Pol\u00edtica de protecci\u00f3n de datos - Dermo | F\u00e1brica de detergentes\",\"isPartOf\":{\"@id\":\"https:\/\/dermo.com\/#website\"},\"datePublished\":\"2024-02-25T18:19:35+00:00\",\"dateModified\":\"2024-02-26T21:04:28+00:00\",\"breadcrumb\":{\"@id\":\"https:\/\/dermo.com\/politica-de-proteccion-de-datos\/#breadcrumb\"},\"inLanguage\":\"fr-FR\",\"potentialAction\":[{\"@type\":\"ReadAction\",\"target\":[\"https:\/\/dermo.com\/politica-de-proteccion-de-datos\/\"]}]},{\"@type\":\"BreadcrumbList\",\"@id\":\"https:\/\/dermo.com\/politica-de-proteccion-de-datos\/#breadcrumb\",\"itemListElement\":[{\"@type\":\"ListItem\",\"position\":1,\"name\":\"Portada\",\"item\":\"https:\/\/dermo.com\/\"},{\"@type\":\"ListItem\",\"position\":2,\"name\":\"Pol\u00edtica de protecci\u00f3n de datos\"}]},{\"@type\":\"WebSite\",\"@id\":\"https:\/\/dermo.com\/#website\",\"url\":\"https:\/\/dermo.com\/\",\"name\":\"Dermo | F\u00e1brica de detergentes\",\"description\":\"Tecnolog\u00eda avanzada, investigaci\u00f3n y desarrollo, respeto por el medio ambiente, competencia, formaci\u00f3n constante y alto nivel de profesionalidad en nuestro equipo humano, empe\u00f1ado en preservar la calidad de vida, la protecci\u00f3n del entorno natural contin\u00faan motiv\u00e1ndonos para desarrollar en nuestros laboratorios nuevos productos con ingredientes activos altamente biodegradables que hacen posible un desarrollo sostenible.\",\"potentialAction\":[{\"@type\":\"SearchAction\",\"target\":{\"@type\":\"EntryPoint\",\"urlTemplate\":\"https:\/\/dermo.com\/?s={search_term_string}\"},\"query-input\":{\"@type\":\"PropertyValueSpecification\",\"valueRequired\":true,\"valueName\":\"search_term_string\"}}],\"inLanguage\":\"fr-FR\"}]}<\/script>\n<!-- \/ Yoast SEO plugin. -->","yoast_head_json":{"title":"Politique de protection des donn\u00e9es - Dermo | usine de d\u00e9tergents","robots":{"index":"index","follow":"follow","max-snippet":"max-snippet:-1","max-image-preview":"max-image-preview:large","max-video-preview":"max-video-preview:-1"},"canonical":"https:\/\/dermo.com\/fr\/politique-de-protection-des-donnees\/","og_locale":"fr_FR","og_type":"article","og_title":"Pol\u00edtica de protecci\u00f3n de datos - Dermo | F\u00e1brica de detergentes","og_description":"RESPONSABLE DEL TRATAMIENTO DE LOS DATOS En cumplimiento del deber de informaci\u00f3n que establece la Ley La 34\/2002, de 11 de julio, de Servicios de la Sociedad de la Informaci\u00f3n y del Comercio Electr\u00f3nico, le comunicamos que la presente web es titularidad de: Denominaci\u00f3n Social:\u00a0DERMO, SA\u00a0\u00a0(En adelante El Responsable) CIF \/ NIF:\u00a0A58302969 Domicilio Social:\u00a0C\/ Pintor&hellip;&nbsp;Lire la suite &raquo;Pol\u00edtica de protecci\u00f3n de datos","og_url":"https:\/\/dermo.com\/fr\/politique-de-protection-des-donnees\/","og_site_name":"Dermo | F\u00e1brica de detergentes","article_modified_time":"2024-02-26T21:04:28+00:00","twitter_card":"summary_large_image","twitter_misc":{"Dur\u00e9e de lecture estim\u00e9e":"9 minutes"},"schema":{"@context":"https:\/\/schema.org","@graph":[{"@type":"WebPage","@id":"https:\/\/dermo.com\/politica-de-proteccion-de-datos\/","url":"https:\/\/dermo.com\/politica-de-proteccion-de-datos\/","name":"Politique de protection des donn\u00e9es - Dermo | usine de d\u00e9tergents","isPartOf":{"@id":"https:\/\/dermo.com\/#website"},"datePublished":"2024-02-25T18:19:35+00:00","dateModified":"2024-02-26T21:04:28+00:00","breadcrumb":{"@id":"https:\/\/dermo.com\/politica-de-proteccion-de-datos\/#breadcrumb"},"inLanguage":"fr-FR","potentialAction":[{"@type":"ReadAction","target":["https:\/\/dermo.com\/politica-de-proteccion-de-datos\/"]}]},{"@type":"BreadcrumbList","@id":"https:\/\/dermo.com\/politica-de-proteccion-de-datos\/#breadcrumb","itemListElement":[{"@type":"ListItem","position":1,"name":"Portada","item":"https:\/\/dermo.com\/"},{"@type":"ListItem","position":2,"name":"Pol\u00edtica de protecci\u00f3n de datos"}]},{"@type":"WebSite","@id":"https:\/\/dermo.com\/#website","url":"https:\/\/dermo.com\/","name":"Dermo | usine de d\u00e9tergents","description":"Technologie avanc\u00e9e, recherche et d\u00e9veloppement, respect de l&#039;environnement, comp\u00e9tence, formation constante et haut niveau de professionnalisme de notre \u00e9quipe humaine, engag\u00e9e \u00e0 pr\u00e9server la qualit\u00e9 de vie, la protection de l&#039;environnement naturel continuent de nous motiver \u00e0 d\u00e9velopper de nouveaux produits dans notre laboratoires aux principes actifs hautement biod\u00e9gradables qui rendent possible le d\u00e9veloppement durable.","potentialAction":[{"@type":"SearchAction","target":{"@type":"EntryPoint","urlTemplate":"https:\/\/dermo.com\/?s={search_term_string}"},"query-input":{"@type":"PropertyValueSpecification","valueRequired":true,"valueName":"search_term_string"}}],"inLanguage":"fr-FR"}]}},"_links":{"self":[{"href":"https:\/\/dermo.com\/fr\/wp-json\/wp\/v2\/pages\/1128","targetHints":{"allow":["GET"]}}],"collection":[{"href":"https:\/\/dermo.com\/fr\/wp-json\/wp\/v2\/pages"}],"about":[{"href":"https:\/\/dermo.com\/fr\/wp-json\/wp\/v2\/types\/page"}],"author":[{"embeddable":true,"href":"https:\/\/dermo.com\/fr\/wp-json\/wp\/v2\/users\/1"}],"replies":[{"embeddable":true,"href":"https:\/\/dermo.com\/fr\/wp-json\/wp\/v2\/comments?post=1128"}],"version-history":[{"count":7,"href":"https:\/\/dermo.com\/fr\/wp-json\/wp\/v2\/pages\/1128\/revisions"}],"predecessor-version":[{"id":2945,"href":"https:\/\/dermo.com\/fr\/wp-json\/wp\/v2\/pages\/1128\/revisions\/2945"}],"wp:attachment":[{"href":"https:\/\/dermo.com\/fr\/wp-json\/wp\/v2\/media?parent=1128"}],"curies":[{"name":"wp","href":"https:\/\/api.w.org\/{rel}","templated":true}]}}