{"id":12335,"date":"2025-01-30T10:52:44","date_gmt":"2025-01-30T09:52:44","guid":{"rendered":"https:\/\/dermo.com\/?page_id=12335"},"modified":"2025-02-19T10:49:47","modified_gmt":"2025-02-19T09:49:47","slug":"produit-de-rincage-pour-lave-vaisselle","status":"publish","type":"page","link":"https:\/\/dermo.com\/fr\/produit-de-rincage-pour-lave-vaisselle\/","title":{"rendered":"Produit de rin\u00e7age pour lave-vaisselle"},"content":{"rendered":"<div data-elementor-type=\"wp-page\" data-elementor-id=\"12335\" class=\"elementor elementor-12335\" data-elementor-post-type=\"page\">\n\t\t\t\t\t\t<section class=\"elementor-section elementor-top-section elementor-element elementor-element-a02683f elementor-section-boxed elementor-section-height-default elementor-section-height-default\" data-id=\"a02683f\" data-element_type=\"section\" data-e-type=\"section\" data-settings=\"{&quot;background_background&quot;:&quot;classic&quot;}\">\n\t\t\t\t\t\t\t<div class=\"elementor-background-overlay\"><\/div>\n\t\t\t\t\t\t\t<div class=\"elementor-container elementor-column-gap-default\">\n\t\t\t\t\t<div class=\"elementor-column elementor-col-100 elementor-top-column elementor-element elementor-element-f99dbff\" data-id=\"f99dbff\" data-element_type=\"column\" data-e-type=\"column\">\n\t\t\t<div class=\"elementor-widget-wrap elementor-element-populated\">\n\t\t\t\t\t\t\t<\/div>\n\t\t<\/div>\n\t\t\t\t\t<\/div>\n\t\t<\/section>\n\t\t\t\t<section class=\"elementor-section elementor-top-section elementor-element elementor-element-233ad3a4 elementor-section-boxed elementor-section-height-default elementor-section-height-default\" data-id=\"233ad3a4\" data-element_type=\"section\" data-e-type=\"section\">\n\t\t\t\t\t\t<div class=\"elementor-container elementor-column-gap-default\">\n\t\t\t\t\t<div class=\"elementor-column elementor-col-100 elementor-top-column elementor-element elementor-element-3244e578\" data-id=\"3244e578\" data-element_type=\"column\" data-e-type=\"column\">\n\t\t\t<div class=\"elementor-widget-wrap elementor-element-populated\">\n\t\t\t\t\t\t<section class=\"elementor-section elementor-inner-section elementor-element elementor-element-1a7040c2 elementor-section-content-middle elementor-section-boxed elementor-section-height-default elementor-section-height-default\" data-id=\"1a7040c2\" data-element_type=\"section\" data-e-type=\"section\">\n\t\t\t\t\t\t<div class=\"elementor-container elementor-column-gap-default\">\n\t\t\t\t\t<div class=\"elementor-column elementor-col-50 elementor-inner-column elementor-element elementor-element-58338543\" data-id=\"58338543\" data-element_type=\"column\" data-e-type=\"column\">\n\t\t\t<div class=\"elementor-widget-wrap elementor-element-populated\">\n\t\t\t\t\t\t<div class=\"elementor-element elementor-element-464b2e11 elementor-widget elementor-widget-text-editor\" data-id=\"464b2e11\" data-element_type=\"widget\" data-e-type=\"widget\" data-widget_type=\"text-editor.default\">\n\t\t\t\t<div class=\"elementor-widget-container\">\n\t\t\t\t\t\t\t\t\t<div id=\"lipsum\"><p>Pour vous assurer que chaque chargement de lave-vaisselle que vous terminez se termine avec des plats parfaitement propres et sans traces, vous devez inclure un\u00a0<strong>produit de rin\u00e7age pour lave-vaisselle<\/strong>\u00a0dans le cadre de votre routine habituelle de lavage de la vaisselle.<\/p><p>Il\u00a0<strong>produit de rin\u00e7age pour lave-vaisselle<\/strong>\u00a0Il est con\u00e7u pour vous aider \u00e0 obtenir des r\u00e9sultats impeccables avec votre machine. Am\u00e9liore le processus de s\u00e9chage et prot\u00e8ge votre verrerie de la gravure. Presque tous les lave-vaisselle modernes disponibles aujourd\u2019hui disposent d\u2019un distributeur de produit de rin\u00e7age d\u00e9di\u00e9.<\/p><p>Il\u00a0<strong>produit de rin\u00e7age pour lave-vaisselle<\/strong>\u00a0Il garantit que les plats restent absolument \u00e9tincelants, en particulier les verres, il assure \u00e9galement un s\u00e9chage am\u00e9lior\u00e9 et plus efficace, ainsi qu&#039;une protection sp\u00e9ciale des verres contre les gravures et les taches.<\/p><p>Les ingr\u00e9dients de la\u00a0<strong>produit de rin\u00e7age pour lave-vaisselle<\/strong>\u00a0Ils sont con\u00e7us pour r\u00e9duire la tension superficielle de l\u2019eau utilis\u00e9e dans le processus de nettoyage de votre lave-vaisselle. Pourquoi est-ce une m\u00e9thode efficace ? Tout se r\u00e9sume \u00e0 la science de la fa\u00e7on dont l\u2019eau se condense et s\u2019accumule. En r\u00e9duisant la tension superficielle des gouttelettes d\u2019eau, celles-ci restent plates au lieu de former des gouttelettes arrondies. Cela expose la surface de l\u2019eau \u00e0 plus d\u2019air, ce qui lui permet de s\u00e9cher plus efficacement et de s\u2019\u00e9couler plus rapidement. En cons\u00e9quence, l&#039;eau passe moins de temps sur la vaisselle, ce qui permet d&#039;obtenir des plats et des verres avec moins de taches, de pellicules et de marques.<\/p><\/div>\t\t\t\t\t\t\t\t<\/div>\n\t\t\t\t<\/div>\n\t\t\t\t\t<\/div>\n\t\t<\/div>\n\t\t\t\t<div class=\"elementor-column elementor-col-50 elementor-inner-column elementor-element elementor-element-3f1bc53 elementor-invisible\" data-id=\"3f1bc53\" data-element_type=\"column\" data-e-type=\"column\" data-settings=\"{&quot;animation&quot;:&quot;bounceInRight&quot;}\">\n\t\t\t<div class=\"elementor-widget-wrap elementor-element-populated\">\n\t\t\t\t\t\t<div class=\"elementor-element elementor-element-1498a46 elementor-widget elementor-widget-elementskit-contact-form7\" data-id=\"1498a46\" data-element_type=\"widget\" data-e-type=\"widget\" data-widget_type=\"elementskit-contact-form7.default\">\n\t\t\t\t<div class=\"elementor-widget-container\">\n\t\t\t\t\t<div class=\"ekit-wid-con\" ><div class=\"ekit-form\">\n<div class=\"wpcf7 no-js\" id=\"wpcf7-f13292-o1\" lang=\"es-ES\" dir=\"ltr\" data-wpcf7-id=\"13292\">\n<div class=\"screen-reader-response\"><p role=\"status\" aria-live=\"polite\" aria-atomic=\"true\"><\/p> <ul><\/ul><\/div>\n<form action=\"\/pt\/wp-json\/wp\/v2\/pages\/12335#wpcf7-f13292-o1\" method=\"post\" class=\"wpcf7-form init\" aria-label=\"Formulaire de contact\" novalidate=\"novalidate\" data-status=\"init\" data-trp-original-action=\"\/pt\/wp-json\/wp\/v2\/pages\/12335#wpcf7-f13292-o1\">\n<fieldset class=\"hidden-fields-container\"><input type=\"hidden\" name=\"_wpcf7\" value=\"13292\" \/><input type=\"hidden\" name=\"_wpcf7_version\" value=\"6.1.5\" \/><input type=\"hidden\" name=\"_wpcf7_locale\" value=\"es_ES\" \/><input type=\"hidden\" name=\"_wpcf7_unit_tag\" value=\"wpcf7-f13292-o1\" \/><input type=\"hidden\" name=\"_wpcf7_container_post\" value=\"0\" \/><input type=\"hidden\" name=\"_wpcf7_posted_data_hash\" value=\"\" \/><input type=\"hidden\" name=\"_wpcf7_recaptcha_response\" value=\"\" \/>\n<\/fieldset>\n<div style=\"display: flex; gap: 10px;\">\n\t<div style=\"width: 50%;\">\n\t\t<p><span class=\"wpcf7-form-control-wrap\" data-name=\"your-name\"><input size=\"40\" maxlength=\"400\" class=\"wpcf7-form-control wpcf7-text wpcf7-validates-as-required\" aria-required=\"true\" aria-invalid=\"false\" placeholder=\"Nom\" value=\"\" type=\"text\" name=\"your-name\" \/><\/span>\n\t\t<\/p>\n\t<\/div>\n\t<div style=\"width: 50%;\">\n\t\t<p><span class=\"wpcf7-form-control-wrap\" data-name=\"your-phone\"><input size=\"40\" maxlength=\"400\" class=\"wpcf7-form-control wpcf7-tel wpcf7-validates-as-required wpcf7-text wpcf7-validates-as-tel\" aria-required=\"true\" aria-invalid=\"false\" placeholder=\"T\u00e9l\u00e9phone\" value=\"\" type=\"tel\" name=\"your-phone\" \/><\/span>\n\t\t<\/p>\n\t<\/div>\n<\/div>\n<p><span class=\"wpcf7-form-control-wrap\" data-name=\"your-email\"><input size=\"40\" maxlength=\"400\" class=\"wpcf7-form-control wpcf7-email wpcf7-validates-as-required wpcf7-text wpcf7-validates-as-email\" aria-required=\"true\" aria-invalid=\"false\" placeholder=\"E-mail\" value=\"\" type=\"email\" name=\"your-email\" \/><\/span>\n<\/p>\n<div style=\"display: flex; gap: 10px;\">\n\t<div style=\"width: 50%;\">\n\t\t<p><span class=\"wpcf7-form-control-wrap\" data-name=\"your-country\"><input size=\"40\" maxlength=\"400\" class=\"wpcf7-form-control wpcf7-text wpcf7-validates-as-required\" aria-required=\"true\" aria-invalid=\"false\" placeholder=\"Pays\" value=\"\" type=\"text\" name=\"your-country\" \/><\/span>\n\t\t<\/p>\n\t<\/div>\n\t<div style=\"width: 50%;\">\n\t\t<p><span class=\"wpcf7-form-control-wrap\" data-name=\"your-city\"><input size=\"40\" maxlength=\"400\" class=\"wpcf7-form-control wpcf7-text wpcf7-validates-as-required\" aria-required=\"true\" aria-invalid=\"false\" placeholder=\"Population\" value=\"\" type=\"text\" name=\"your-city\" \/><\/span>\n\t\t<\/p>\n\t<\/div>\n<\/div>\n<p><span class=\"wpcf7-form-control-wrap\" data-name=\"your-subject\"><select class=\"wpcf7-form-control wpcf7-select\" aria-invalid=\"false\" name=\"your-subject\"><option value=\"Quiero ser distribuidor\">Je veux \u00eatre distributeur<\/option><option value=\"Presupuesto\">Budget<\/option><option value=\"Consulta\">Consultation<\/option><option value=\"Sugerencia\">Suggestion<\/option><option value=\"Otros\">Autres<\/option><\/select><\/span>\n<\/p>\n<p><span class=\"wpcf7-form-control-wrap\" data-name=\"your-message\"><textarea cols=\"40\" rows=\"10\" maxlength=\"2000\" class=\"wpcf7-form-control wpcf7-textarea\" aria-invalid=\"false\" placeholder=\"Message ou demande\" name=\"your-message\"><\/textarea><\/span>\n<\/p>\n<div style=\"display: flex; align-items: center; gap: 10px;\">\n\t<p><span class=\"wpcf7-form-control-wrap\" data-name=\"privacy-policy\"><span class=\"wpcf7-form-control wpcf7-acceptance\"><span class=\"wpcf7-list-item\"><input type=\"checkbox\" name=\"privacy-policy\" value=\"1\" aria-invalid=\"false\" \/><\/span><\/span><\/span><label for=\"privacy-policy\" style=\"margin-left: 5px;\">J&#039;ai lu et accept\u00e9 la politique de confidentialit\u00e9.<\/label>\n\t<\/p>\n<\/div>\n<div style=\"display: flex; align-items: center; gap: 10px;\">\n\t<p><span class=\"wpcf7-form-control-wrap\" data-name=\"send-info\"><span class=\"wpcf7-form-control wpcf7-acceptance\"><span class=\"wpcf7-list-item\"><input type=\"checkbox\" name=\"send-info\" value=\"1\" aria-invalid=\"false\" \/><\/span><\/span><\/span><label for=\"send-info\" style=\"margin-left: 5px;\">J&#039;accepte de recevoir des informations.<\/label>\n\t<\/p>\n<\/div>\n<p><input class=\"wpcf7-form-control wpcf7-submit has-spinner\" type=\"submit\" value=\"Envoyer\" \/>\n<\/p><div class=\"wpcf7-response-output\" aria-hidden=\"true\"><\/div>\n<input type=\"hidden\" name=\"trp-form-language\" value=\"fr\"\/><\/form>\n<\/div>\n<\/div><\/div>\t\t\t\t<\/div>\n\t\t\t\t<\/div>\n\t\t\t\t\t<\/div>\n\t\t<\/div>\n\t\t\t\t\t<\/div>\n\t\t<\/section>\n\t\t\t\t<div class=\"elementor-element elementor-element-615d68f elementor-widget elementor-widget-text-editor\" data-id=\"615d68f\" data-element_type=\"widget\" data-e-type=\"widget\" data-widget_type=\"text-editor.default\">\n\t\t\t\t<div class=\"elementor-widget-container\">\n\t\t\t\t\t\t\t\t\t<div id=\"lipsum\"><p>Bien que les cons\u00e9quences de ne pas l\u2019utiliser soient susceptibles d\u2019\u00eatre\u00a0<strong>produit de rin\u00e7age pour lave-vaisselle<\/strong>\u00a0ne soyez pas catastrophique, cela peut avoir un impact notable sur la qualit\u00e9 de vos cycles de lavage et sur l&#039;apparence \u00e0 long terme de votre vaisselle. Si vous n&#039;utilisez pas\u00a0<strong>produit de rin\u00e7age pour lave-vaisselle<\/strong>\u00a0Pour les cycles de lavage de la vaisselle, votre vaisselle sera toujours s\u00e9ch\u00e9e gr\u00e2ce \u00e0 la chaleur du cycle de s\u00e9chage du lave-vaisselle.<\/p><p>Cependant, vous risquez d&#039;avoir des taches d&#039;eau en raison de l&#039;eau restant trop longtemps sur chaque plaque. Cela peut \u00eatre particuli\u00e8rement \u00e9vident et d\u00e9vastateur sur la porcelaine fine et la verrerie co\u00fbteuse et de haute qualit\u00e9. \u00c0 court terme, les pi\u00e8ces para\u00eetront moins brillantes, brillantes et propres. Au fil du temps, le manque d\u2019utilisation de la\u00a0<strong>produit de rin\u00e7age pour lave-vaisselle<\/strong>\u00a0Cela peut m\u00eame provoquer des rayures, des marques et des gravures permanentes. Ne prenez pas de risques : utilisez\u00a0<strong>produit de rin\u00e7age pour lave-vaisselle<\/strong>\u00a0 pour assurer la meilleure efficacit\u00e9 et s\u00e9curit\u00e9 lors du lavage de votre vaisselle la plus pr\u00e9cieuse.<\/p><p>Vous remarquerez peut-\u00eatre que les articles en plastique, y compris les Tupperware, contiennent encore des gouttes d\u2019eau apr\u00e8s un cycle de s\u00e9chage. C\u2019est parce que les plastiques sont \u00ab hydrophobes \u00bb, ce qui signifie qu\u2019ils sont moins susceptibles d\u2019attirer l\u2019eau et prennent plus de temps \u00e0 s\u00e9cher que les surfaces en verre. Ne vous inqui\u00e9tez pas si vos plastiques contiennent encore des gouttes d\u2019eau lorsque vous les utilisez.\u00a0<strong>produit de rin\u00e7age pour lave-vaisselle<\/strong>; Ceci est relativement courant et n\u2019endommagera pas vos articles en plastique.<\/p><p>Si vous souhaitez obtenir le plus haut niveau de qualit\u00e9 de lavage et une brillance haut de gamme pour votre verrerie, nous vous recommandons d&#039;utiliser un\u00a0<strong>produit de rin\u00e7age pour lave-vaisselle<\/strong>.<\/p><\/div>\t\t\t\t\t\t\t\t<\/div>\n\t\t\t\t<\/div>\n\t\t\t\t\t<\/div>\n\t\t<\/div>\n\t\t\t\t\t<\/div>\n\t\t<\/section>\n\t\t\t\t<section class=\"elementor-section elementor-top-section elementor-element elementor-element-484f41e elementor-section-full_width elementor-section-height-default elementor-section-height-default elementor-invisible\" data-id=\"484f41e\" data-element_type=\"section\" data-e-type=\"section\" data-settings=\"{&quot;animation&quot;:&quot;slideInUp&quot;}\">\n\t\t\t\t\t\t<div class=\"elementor-container elementor-column-gap-default\">\n\t\t\t\t\t<div class=\"elementor-column elementor-col-100 elementor-top-column elementor-element elementor-element-19948363\" data-id=\"19948363\" data-element_type=\"column\" data-e-type=\"column\">\n\t\t\t<div class=\"elementor-widget-wrap elementor-element-populated\">\n\t\t\t\t\t\t<div class=\"elementor-element elementor-element-339044a4 elementor-widget elementor-widget-google_maps\" data-id=\"339044a4\" data-element_type=\"widget\" data-e-type=\"widget\" data-widget_type=\"google_maps.default\">\n\t\t\t\t<div class=\"elementor-widget-container\">\n\t\t\t\t\t\t\t<div class=\"elementor-custom-embed\">\n\t\t\t<iframe loading=\"lazy\"\n\t\t\t\t\tsrc=\"https:\/\/maps.google.com\/maps?q=C%2F%20Pintor%20Joan%20Miro%2C%2016.%20Pol.%20Ind.%20Can%20Humet%20de%20Dalt%2C%2008213%20Poliny%C3%A0.%20Barcelona&#038;t=m&#038;z=15&#038;output=embed&#038;iwloc=near\"\n\t\t\t\t\ttitle=\"C\/ Pintor Joan Miro, 16. Pol. Ind. Can Humet de Dalt, 08213 Poliny\u00e0. Barcelone\"\n\t\t\t\t\taria-label=\"C\/ Pintor Joan Miro, 16. Pol. Ind. Can Humet de Dalt, 08213 Poliny\u00e0. Barcelone\"\n\t\t\t><\/iframe>\n\t\t<\/div>\n\t\t\t\t\t\t<\/div>\n\t\t\t\t<\/div>\n\t\t\t\t\t<\/div>\n\t\t<\/div>\n\t\t\t\t\t<\/div>\n\t\t<\/section>\n\t\t\t\t<\/div>","protected":false},"excerpt":{"rendered":"<p>Pour une vaisselle impeccable et sans traces \u00e0 chaque lavage, int\u00e9grez un produit de rin\u00e7age \u00e0 votre routine de lavage. Ce produit est con\u00e7u pour vous aider \u00e0 obtenir des r\u00e9sultats impeccables. Il am\u00e9liore le s\u00e9chage\u2026&nbsp;<a href=\"https:\/\/dermo.com\/fr\/produit-de-rincage-pour-lave-vaisselle\/\" rel=\"bookmark\">En savoir plus &quot;<span class=\"screen-reader-text\">Produit de rin\u00e7age pour lave-vaisselle<\/span><\/a><\/p>","protected":false},"author":2,"featured_media":0,"parent":0,"menu_order":0,"comment_status":"closed","ping_status":"closed","template":"page-templates\/template-pagebuilder-full-width.php","meta":{"neve_meta_sidebar":"","neve_meta_container":"","neve_meta_enable_content_width":"","neve_meta_content_width":0,"neve_meta_title_alignment":"","neve_meta_author_avatar":"","neve_post_elements_order":"","neve_meta_disable_header":"","neve_meta_disable_footer":"","neve_meta_disable_title":"","footnotes":""},"class_list":["post-12335","page","type-page","status-publish","hentry"],"yoast_head":"<!-- This site is optimized with the Yoast SEO plugin v27.0 - https:\/\/yoast.com\/product\/yoast-seo-wordpress\/ -->\n<title>Abrillantador de lavavajillas - Dermo | F\u00e1brica de detergentes<\/title>\n<meta name=\"robots\" content=\"index, follow, max-snippet:-1, max-image-preview:large, max-video-preview:-1\" \/>\n<link rel=\"canonical\" href=\"https:\/\/dermo.com\/fr\/produit-de-rincage-pour-lave-vaisselle\/\" \/>\n<meta property=\"og:locale\" content=\"fr_FR\" \/>\n<meta property=\"og:type\" content=\"article\" \/>\n<meta property=\"og:title\" content=\"Abrillantador de lavavajillas - Dermo | F\u00e1brica de detergentes\" \/>\n<meta property=\"og:description\" content=\"Cuando se trata de garantizar que todas y cada una de las cargas de lavavajillas que complete terminen con platos impecablemente limpios y sin rayas, querr\u00e1 incluir un\u00a0abrillantador de lavavajillas\u00a0como parte de su r\u00e9gimen regular de lavavajillas. El\u00a0abrillantador de lavavajillas\u00a0est\u00e1 dise\u00f1ado para ayudarte a obtener resultados impecables con tu m\u00e1quina. Mejora el proceso de secado&hellip;&nbsp;Lire la suite &raquo;Abrillantador de lavavajillas\" \/>\n<meta property=\"og:url\" content=\"https:\/\/dermo.com\/fr\/produit-de-rincage-pour-lave-vaisselle\/\" \/>\n<meta property=\"og:site_name\" content=\"Dermo | F\u00e1brica de detergentes\" \/>\n<meta property=\"article:modified_time\" content=\"2025-02-19T09:49:47+00:00\" \/>\n<meta name=\"twitter:card\" content=\"summary_large_image\" \/>\n<meta name=\"twitter:label1\" content=\"Dur\u00e9e de lecture estim\u00e9e\" \/>\n\t<meta name=\"twitter:data1\" content=\"3 minutes\" \/>\n<script type=\"application\/ld+json\" class=\"yoast-schema-graph\">{\"@context\":\"https:\/\/schema.org\",\"@graph\":[{\"@type\":\"WebPage\",\"@id\":\"https:\/\/dermo.com\/abrillantador-de-lavavajillas\/\",\"url\":\"https:\/\/dermo.com\/abrillantador-de-lavavajillas\/\",\"name\":\"Abrillantador de lavavajillas - Dermo | F\u00e1brica de detergentes\",\"isPartOf\":{\"@id\":\"https:\/\/dermo.com\/#website\"},\"datePublished\":\"2025-01-30T09:52:44+00:00\",\"dateModified\":\"2025-02-19T09:49:47+00:00\",\"breadcrumb\":{\"@id\":\"https:\/\/dermo.com\/abrillantador-de-lavavajillas\/#breadcrumb\"},\"inLanguage\":\"fr-FR\",\"potentialAction\":[{\"@type\":\"ReadAction\",\"target\":[\"https:\/\/dermo.com\/abrillantador-de-lavavajillas\/\"]}]},{\"@type\":\"BreadcrumbList\",\"@id\":\"https:\/\/dermo.com\/abrillantador-de-lavavajillas\/#breadcrumb\",\"itemListElement\":[{\"@type\":\"ListItem\",\"position\":1,\"name\":\"Portada\",\"item\":\"https:\/\/dermo.com\/\"},{\"@type\":\"ListItem\",\"position\":2,\"name\":\"Abrillantador de lavavajillas\"}]},{\"@type\":\"WebSite\",\"@id\":\"https:\/\/dermo.com\/#website\",\"url\":\"https:\/\/dermo.com\/\",\"name\":\"Dermo | F\u00e1brica de detergentes\",\"description\":\"Tecnolog\u00eda avanzada, investigaci\u00f3n y desarrollo, respeto por el medio ambiente, competencia, formaci\u00f3n constante y alto nivel de profesionalidad en nuestro equipo humano, empe\u00f1ado en preservar la calidad de vida, la protecci\u00f3n del entorno natural contin\u00faan motiv\u00e1ndonos para desarrollar en nuestros laboratorios nuevos productos con ingredientes activos altamente biodegradables que hacen posible un desarrollo sostenible.\",\"potentialAction\":[{\"@type\":\"SearchAction\",\"target\":{\"@type\":\"EntryPoint\",\"urlTemplate\":\"https:\/\/dermo.com\/?s={search_term_string}\"},\"query-input\":{\"@type\":\"PropertyValueSpecification\",\"valueRequired\":true,\"valueName\":\"search_term_string\"}}],\"inLanguage\":\"fr-FR\"}]}<\/script>\n<!-- \/ Yoast SEO plugin. -->","yoast_head_json":{"title":"Liquide de rin\u00e7age pour lave-vaisselle - Dermo | Usine de d\u00e9tergents","robots":{"index":"index","follow":"follow","max-snippet":"max-snippet:-1","max-image-preview":"max-image-preview:large","max-video-preview":"max-video-preview:-1"},"canonical":"https:\/\/dermo.com\/fr\/produit-de-rincage-pour-lave-vaisselle\/","og_locale":"fr_FR","og_type":"article","og_title":"Abrillantador de lavavajillas - Dermo | F\u00e1brica de detergentes","og_description":"Cuando se trata de garantizar que todas y cada una de las cargas de lavavajillas que complete terminen con platos impecablemente limpios y sin rayas, querr\u00e1 incluir un\u00a0abrillantador de lavavajillas\u00a0como parte de su r\u00e9gimen regular de lavavajillas. El\u00a0abrillantador de lavavajillas\u00a0est\u00e1 dise\u00f1ado para ayudarte a obtener resultados impecables con tu m\u00e1quina. Mejora el proceso de secado&hellip;&nbsp;Lire la suite &raquo;Abrillantador de lavavajillas","og_url":"https:\/\/dermo.com\/fr\/produit-de-rincage-pour-lave-vaisselle\/","og_site_name":"Dermo | F\u00e1brica de detergentes","article_modified_time":"2025-02-19T09:49:47+00:00","twitter_card":"summary_large_image","twitter_misc":{"Dur\u00e9e de lecture estim\u00e9e":"3 minutes"},"schema":{"@context":"https:\/\/schema.org","@graph":[{"@type":"WebPage","@id":"https:\/\/dermo.com\/abrillantador-de-lavavajillas\/","url":"https:\/\/dermo.com\/abrillantador-de-lavavajillas\/","name":"Liquide de rin\u00e7age pour lave-vaisselle - Dermo | Usine de d\u00e9tergents","isPartOf":{"@id":"https:\/\/dermo.com\/#website"},"datePublished":"2025-01-30T09:52:44+00:00","dateModified":"2025-02-19T09:49:47+00:00","breadcrumb":{"@id":"https:\/\/dermo.com\/abrillantador-de-lavavajillas\/#breadcrumb"},"inLanguage":"fr-FR","potentialAction":[{"@type":"ReadAction","target":["https:\/\/dermo.com\/abrillantador-de-lavavajillas\/"]}]},{"@type":"BreadcrumbList","@id":"https:\/\/dermo.com\/abrillantador-de-lavavajillas\/#breadcrumb","itemListElement":[{"@type":"ListItem","position":1,"name":"Portada","item":"https:\/\/dermo.com\/"},{"@type":"ListItem","position":2,"name":"Abrillantador de lavavajillas"}]},{"@type":"WebSite","@id":"https:\/\/dermo.com\/#website","url":"https:\/\/dermo.com\/","name":"Dermo | usine de d\u00e9tergents","description":"Technologie avanc\u00e9e, recherche et d\u00e9veloppement, respect de l&#039;environnement, comp\u00e9tence, formation constante et haut niveau de professionnalisme de notre \u00e9quipe humaine, engag\u00e9e \u00e0 pr\u00e9server la qualit\u00e9 de vie, la protection de l&#039;environnement naturel continuent de nous motiver \u00e0 d\u00e9velopper de nouveaux produits dans notre laboratoires aux principes actifs hautement biod\u00e9gradables qui rendent possible le d\u00e9veloppement durable.","potentialAction":[{"@type":"SearchAction","target":{"@type":"EntryPoint","urlTemplate":"https:\/\/dermo.com\/?s={search_term_string}"},"query-input":{"@type":"PropertyValueSpecification","valueRequired":true,"valueName":"search_term_string"}}],"inLanguage":"fr-FR"}]}},"_links":{"self":[{"href":"https:\/\/dermo.com\/fr\/wp-json\/wp\/v2\/pages\/12335","targetHints":{"allow":["GET"]}}],"collection":[{"href":"https:\/\/dermo.com\/fr\/wp-json\/wp\/v2\/pages"}],"about":[{"href":"https:\/\/dermo.com\/fr\/wp-json\/wp\/v2\/types\/page"}],"author":[{"embeddable":true,"href":"https:\/\/dermo.com\/fr\/wp-json\/wp\/v2\/users\/2"}],"replies":[{"embeddable":true,"href":"https:\/\/dermo.com\/fr\/wp-json\/wp\/v2\/comments?post=12335"}],"version-history":[{"count":7,"href":"https:\/\/dermo.com\/fr\/wp-json\/wp\/v2\/pages\/12335\/revisions"}],"predecessor-version":[{"id":13321,"href":"https:\/\/dermo.com\/fr\/wp-json\/wp\/v2\/pages\/12335\/revisions\/13321"}],"wp:attachment":[{"href":"https:\/\/dermo.com\/fr\/wp-json\/wp\/v2\/media?parent=12335"}],"curies":[{"name":"wp","href":"https:\/\/api.w.org\/{rel}","templated":true}]}}