{"id":12347,"date":"2025-01-30T12:03:28","date_gmt":"2025-01-30T11:03:28","guid":{"rendered":"https:\/\/dermo.com\/?page_id=12347"},"modified":"2025-02-20T10:39:32","modified_gmt":"2025-02-20T09:39:32","slug":"audacieux","status":"publish","type":"page","link":"https:\/\/dermo.com\/fr\/audacieux\/","title":{"rendered":"Audaz"},"content":{"rendered":"<div data-elementor-type=\"wp-page\" data-elementor-id=\"12347\" class=\"elementor elementor-12347\" data-elementor-post-type=\"page\">\n\t\t\t\t\t\t<section class=\"elementor-section elementor-top-section elementor-element elementor-element-a02683f elementor-section-boxed elementor-section-height-default elementor-section-height-default\" data-id=\"a02683f\" data-element_type=\"section\" data-e-type=\"section\" data-settings=\"{&quot;background_background&quot;:&quot;classic&quot;}\">\n\t\t\t\t\t\t\t<div class=\"elementor-background-overlay\"><\/div>\n\t\t\t\t\t\t\t<div class=\"elementor-container elementor-column-gap-default\">\n\t\t\t\t\t<div class=\"elementor-column elementor-col-100 elementor-top-column elementor-element elementor-element-f99dbff\" data-id=\"f99dbff\" data-element_type=\"column\" data-e-type=\"column\">\n\t\t\t<div class=\"elementor-widget-wrap elementor-element-populated\">\n\t\t\t\t\t\t\t<\/div>\n\t\t<\/div>\n\t\t\t\t\t<\/div>\n\t\t<\/section>\n\t\t\t\t<section class=\"elementor-section elementor-top-section elementor-element elementor-element-233ad3a4 elementor-section-boxed elementor-section-height-default elementor-section-height-default\" data-id=\"233ad3a4\" data-element_type=\"section\" data-e-type=\"section\">\n\t\t\t\t\t\t<div class=\"elementor-container elementor-column-gap-default\">\n\t\t\t\t\t<div class=\"elementor-column elementor-col-100 elementor-top-column elementor-element elementor-element-3244e578\" data-id=\"3244e578\" data-element_type=\"column\" data-e-type=\"column\">\n\t\t\t<div class=\"elementor-widget-wrap elementor-element-populated\">\n\t\t\t\t<div class=\"elementor-element elementor-element-e45baa2 e-grid e-con-boxed e-con e-parent\" data-id=\"e45baa2\" data-element_type=\"container\" data-e-type=\"container\">\n\t\t\t\t\t<div class=\"e-con-inner\">\n\t\t\t\t<div class=\"elementor-element elementor-element-c1ae132 elementor-widget elementor-widget-text-editor\" data-id=\"c1ae132\" data-element_type=\"widget\" data-e-type=\"widget\" data-widget_type=\"text-editor.default\">\n\t\t\t\t<div class=\"elementor-widget-container\">\n\t\t\t\t\t\t\t\t\t<div id=\"wpb_visual_composer\" class=\"postbox\"><div class=\"inside\"><div class=\"metabox-composer-content\"><div id=\"visual_composer_content\" class=\"wpb_main_sortable main_wrapper ui-sortable\"><div class=\"wpb_vc_row wpb_sortable vc_main-sortable-element\" data-element_type=\"vc_row\" data-model-id=\"38d4cd0d-cc7a\"><div class=\"wpb_element_wrapper\"><div class=\"vc_row vc_row-fluid wpb_row_container vc_container_for_children ui-sortable\"><div class=\"wpb_vc_column wpb_sortable vc_col-sm-6 wpb_content_holder\" data-element_type=\"vc_column\" data-vc-column-width=\"11\" data-model-id=\"4c35e79f-20d3\" data-width=\"1\/2\"><div class=\"wpb_element_wrapper\"><div class=\"wpb_column_container vc_container_for_children ui-sortable\"><div class=\"wpb_vc_column_text wpb_content_element wpb_sortable\" data-element_type=\"vc_column_text\" data-model-id=\"c5d96270-98e9\"><div class=\"wpb_element_wrapper clearfix\"><div class=\"wpb_vc_param_value content textarea_html\"><p>L\u2019une de ces cat\u00e9gories est celle des <a href=\"https:\/\/dermo.com\/fr\/?p=4312\"><strong>d\u00e9graissants<\/strong><\/a>, produits sp\u00e9cifiques pour d\u00e9graisser diff\u00e9rentes surfaces. L&#039;un de ces produits est <a href=\"https:\/\/dermo.com\/fr\/?page_id=4423\"><strong>Audaz<\/strong><\/a>, un d\u00e9graissant liquide concentr\u00e9 qui poss\u00e8de un grand pouvoir \u00e9mulsifiant et est capable de dissoudre imm\u00e9diatement la graisse et la salet\u00e9. C&#039;est un produit parfait pour \u00e9liminer les surfaces grasses r\u00e9sistantes \u00e0 un pH alcalin : sols, murs, tables de travail, ustensiles, \u00e9quipements, etc.<\/p><h2><strong>Comment l&#039;utiliser ?<\/strong><\/h2><p>Vous pouvez utiliser <strong>Audaz<\/strong> directement sur la surface, en cas de salet\u00e9 extr\u00eame, mais il est conseill\u00e9 de le diluer entre 5% et 10% dans de l&#039;eau et de frotter avec une \u00e9ponge \u00e0 r\u00e9curer pour bien \u00e9liminer la graisse. Ensuite, il suffit de rincer \u00e0 l&#039;eau claire et de laisser s\u00e9cher la surface, pour qu&#039;elle retrouve son aspect neuf. Dans le cas des sols, la quantit\u00e9 de produit que vous devrez doser est de 0,5% et 1 % dans l&#039;eau.<\/p><p>Pour un nettoyage par trempage, vous devez immerger l&#039;objet ou la surface dans une solution de 5% \u00e0 10% d&#039;Audaz par litre d&#039;eau chaude. Frottez ou brossez pour \u00e9liminer tout r\u00e9sidu restant, rincez \u00e0 l&#039;eau et laissez s\u00e9cher \u00e0 l&#039;air libre. Vous pouvez utiliser de l&#039;eau froide ou chaude, mais si vous d\u00e9cidez d&#039;utiliser de l&#039;eau chaude, vous devez \u00eatre particuli\u00e8rement prudent, car le produit pourrait d\u00e9gager des vapeurs irritantes. Vous ne devez pas utiliser ce produit sur du fer ou de l&#039;aluminium.<\/p><p><img fetchpriority=\"high\" decoding=\"async\" class=\"vc_single_image-img attachment-full\" src=\"https:\/\/dermo.com\/wp-content\/uploads\/2023\/11\/desengrasantes-industriales-3-300x300-1.jpg\" sizes=\"(max-width: 300px) 100vw, 300px\" srcset=\"https:\/\/dermo.com\/wp-content\/uploads\/2023\/11\/desengrasantes-industriales-3-300x300-1.jpg 300w, https:\/\/dermo.com\/wp-content\/uploads\/2023\/11\/desengrasantes-industriales-3-300x300-1-150x150.jpg 150w, https:\/\/dermo.com\/wp-content\/uploads\/2023\/11\/desengrasantes-industriales-3-300x300-1-71x71.jpg 71w, https:\/\/dermo.com\/wp-content\/uploads\/2023\/11\/desengrasantes-industriales-3-300x300-1-36x36.jpg 36w\" alt=\"D\u00e9graissant industriel pour surfaces grasses, fours, cuisini\u00e8res et carrelages\" width=\"300\" height=\"300\" data-dt-location=\"https:\/\/dermo.com\/audaz\/desengrasantes-industriales-3-300x300\/\" \/><\/p><\/div><\/div><\/div><div class=\"wpb_vc_single_image wpb_content_element wpb_sortable\" data-element_type=\"vc_single_image\" data-model-id=\"32a34923-5c91\"><div class=\"vc_controls\"><div class=\"vc_controls-cc\">\u00a0<\/div><\/div><\/div><div class=\"wpb_vc_column_text wpb_content_element wpb_sortable\" data-element_type=\"vc_column_text\" data-model-id=\"2d20440e-6cb2\"><div class=\"wpb_element_wrapper clearfix\"><div class=\"wpb_vc_param_value content textarea_html\"><p>Dans la cat\u00e9gorie des <strong>d\u00e9graissants<\/strong> Vous pouvez trouver des produits sp\u00e9cifiques pour nettoyer diff\u00e9rentes surfaces. La cuisine est l&#039;endroit o\u00f9 s&#039;accumulent le plus de graisse et de salet\u00e9 et c&#039;est pourquoi nos produits de nettoyage sont si n\u00e9cessaires. <strong>d\u00e9graissants<\/strong>. Ils sont sp\u00e9cifiquement formul\u00e9s pour \u00e9liminer la graisse et assurer la s\u00e9curit\u00e9 dans la zone alimentaire et sur toutes les surfaces en contact avec les aliments, offrant un nettoyage propre et durable. Chez Dermo, vous trouverez les meilleurs produits sp\u00e9cifiques pour l&#039;hygi\u00e8ne alimentaire, sans courir aucun risque et en obtenant une propret\u00e9 maximale dans la cuisine.<\/p><h2><strong>D\u00e9graissants pour un nettoyage s\u00fbr et durable<\/strong><\/h2><p>Autres d\u00e9graissants que vous pouvez trouver chez Dermo, en plus de <strong>Audaz<\/strong>, sont; DHP-100, sp\u00e9cialement pour les surfaces tr\u00e8s grasses telles que les fours, cuisini\u00e8res, hottes et carrelages de cuisine ; Audaz Universal, d\u00e9graissant multi-usages pour le nettoyage et le d\u00e9graissage des surfaces peintes et des m\u00e9taux, qui convient aux plastiques, \u00e0 l&#039;acier inoxydable et \u00e0 l&#039;aluminium ; Audaz Planchas, d\u00e9graissant liquide concentr\u00e9, qui \u00e9limine efficacement toutes les graisses br\u00fbl\u00e9es et carbonis\u00e9es des plaques de cuisson, fours et grils ; Audaz Citron, un produit liquide et concentr\u00e9 qui poss\u00e8de un grand pouvoir \u00e9mulsifiant capable de dissoudre efficacement la graisse et la salet\u00e9 et de laisser un agr\u00e9able parfum de citron ; Audaz High Foam, un d\u00e9graissant thixotrope tr\u00e8s efficace avec un grand pouvoir \u00e9mulsifiant, capable de dissoudre la graisse et la salet\u00e9, notamment sur les surfaces verticales. Et enfin, le d\u00e9graissant Audaz Especial, un produit concentr\u00e9 au grand pouvoir \u00e9mulsifiant qui dissout la graisse et la salet\u00e9 et convient \u00e0 tous les types de surfaces r\u00e9sistantes au pH alcalin.<\/p><p>Chez Dermo vous pouvez choisir le d\u00e9graissant <strong>Audaz<\/strong> celui qui s&#039;adapte le mieux \u00e0 vos besoins \u00e0 tout moment, en tenant compte du fait que dans notre entreprise, vous trouverez toujours des produits sp\u00e9cifiques, efficaces et durables.<\/p><\/div><div class=\"vision-contentbox\"><div class=\"vision-contentbox-title tt-cb-title-blue\">\u00a0<\/div><div class=\"vision-contentbox-content tt-content-style-blue\"><h3><strong>Dermo SA<\/strong><\/h3><p>C\/ Pintor Joan Miro, 16. Pol. Ind. Can Humet de Dalt, 08213 Poliny\u00e0. Barcelone<\/p><p>T\u00e9l. : +34 937 13 35 00 \u2022 Fax : +34 937 13 34 51<br \/>Horaire : Lun-Jeu : 8h00 \u2013 13h30 \/ 15h00 \u2013 18h00 \u2022 Ven : 7h00 \u2013 14h00<br \/>e-mail:\u00a0<a href=\"mailto:dermo@dermo.com\">dermo@dermo.com<\/a><\/p><\/div><\/div><div class=\"vc_row wpb_row vc_inner vc_row-fluid\"><div class=\"wpb_column vc_column_container vc_col-sm-12\"><div class=\"vc_column-inner\"><div class=\"wpb_wrapper\"><div class=\"wpb_single_image wpb_content_element vc_align_center\"><figure class=\"wpb_wrapper vc_figure\"><div class=\"vc_single_image-wrapper vc_box_border_grey\"><img decoding=\"async\" class=\"vc_single_image-img attachment-full\" src=\"https:\/\/dermo.com\/wp-content\/uploads\/2015\/03\/dermo_logo_iso_nou1.jpg\" alt=\"\" width=\"150\" height=\"75\" data-dt-location=\"https:\/\/dermo.com\/portada\/dermo_logo_iso_nou-2\/\" \/><\/div><\/figure><\/div><\/div><\/div><\/div><\/div><\/div><\/div><\/div><\/div><\/div><\/div><\/div><\/div><\/div><\/div><\/div><\/div>\t\t\t\t\t\t\t\t<\/div>\n\t\t\t\t<\/div>\n\t\t\t\t<div class=\"elementor-element elementor-element-eddaf19 elementor-widget elementor-widget-elementskit-contact-form7\" data-id=\"eddaf19\" data-element_type=\"widget\" data-e-type=\"widget\" data-widget_type=\"elementskit-contact-form7.default\">\n\t\t\t\t<div class=\"elementor-widget-container\">\n\t\t\t\t\t<div class=\"ekit-wid-con\" ><div class=\"ekit-form\">\n<div class=\"wpcf7 no-js\" id=\"wpcf7-f13292-p12347-o1\" lang=\"es-ES\" dir=\"ltr\" data-wpcf7-id=\"13292\">\n<div class=\"screen-reader-response\"><p role=\"status\" aria-live=\"polite\" aria-atomic=\"true\"><\/p> <ul><\/ul><\/div>\n<form action=\"\/fr\/audacieux\/#wpcf7-f13292-p12347-o1\" method=\"post\" class=\"wpcf7-form init\" aria-label=\"Formulaire de contact\" novalidate=\"novalidate\" data-status=\"init\" data-trp-original-action=\"\/audaz\/#wpcf7-f13292-p12347-o1\">\n<fieldset class=\"hidden-fields-container\"><input type=\"hidden\" name=\"_wpcf7\" value=\"13292\" \/><input type=\"hidden\" name=\"_wpcf7_version\" value=\"6.1.5\" \/><input type=\"hidden\" name=\"_wpcf7_locale\" value=\"es_ES\" \/><input type=\"hidden\" name=\"_wpcf7_unit_tag\" value=\"wpcf7-f13292-p12347-o1\" \/><input type=\"hidden\" name=\"_wpcf7_container_post\" value=\"12347\" \/><input type=\"hidden\" name=\"_wpcf7_posted_data_hash\" value=\"\" \/><input type=\"hidden\" name=\"_wpcf7_recaptcha_response\" value=\"\" \/>\n<\/fieldset>\n<div style=\"display: flex; gap: 10px;\">\n\t<div style=\"width: 50%;\">\n\t\t<p><span class=\"wpcf7-form-control-wrap\" data-name=\"your-name\"><input size=\"40\" maxlength=\"400\" class=\"wpcf7-form-control wpcf7-text wpcf7-validates-as-required\" aria-required=\"true\" aria-invalid=\"false\" placeholder=\"Nom\" value=\"\" type=\"text\" name=\"your-name\" \/><\/span>\n\t\t<\/p>\n\t<\/div>\n\t<div style=\"width: 50%;\">\n\t\t<p><span class=\"wpcf7-form-control-wrap\" data-name=\"your-phone\"><input size=\"40\" maxlength=\"400\" class=\"wpcf7-form-control wpcf7-tel wpcf7-validates-as-required wpcf7-text wpcf7-validates-as-tel\" aria-required=\"true\" aria-invalid=\"false\" placeholder=\"T\u00e9l\u00e9phone\" value=\"\" type=\"tel\" name=\"your-phone\" \/><\/span>\n\t\t<\/p>\n\t<\/div>\n<\/div>\n<p><span class=\"wpcf7-form-control-wrap\" data-name=\"your-email\"><input size=\"40\" maxlength=\"400\" class=\"wpcf7-form-control wpcf7-email wpcf7-validates-as-required wpcf7-text wpcf7-validates-as-email\" aria-required=\"true\" aria-invalid=\"false\" placeholder=\"E-mail\" value=\"\" type=\"email\" name=\"your-email\" \/><\/span>\n<\/p>\n<div style=\"display: flex; gap: 10px;\">\n\t<div style=\"width: 50%;\">\n\t\t<p><span class=\"wpcf7-form-control-wrap\" data-name=\"your-country\"><input size=\"40\" maxlength=\"400\" class=\"wpcf7-form-control wpcf7-text wpcf7-validates-as-required\" aria-required=\"true\" aria-invalid=\"false\" placeholder=\"Pays\" value=\"\" type=\"text\" name=\"your-country\" \/><\/span>\n\t\t<\/p>\n\t<\/div>\n\t<div style=\"width: 50%;\">\n\t\t<p><span class=\"wpcf7-form-control-wrap\" data-name=\"your-city\"><input size=\"40\" maxlength=\"400\" class=\"wpcf7-form-control wpcf7-text wpcf7-validates-as-required\" aria-required=\"true\" aria-invalid=\"false\" placeholder=\"Population\" value=\"\" type=\"text\" name=\"your-city\" \/><\/span>\n\t\t<\/p>\n\t<\/div>\n<\/div>\n<p><span class=\"wpcf7-form-control-wrap\" data-name=\"your-subject\"><select class=\"wpcf7-form-control wpcf7-select\" aria-invalid=\"false\" name=\"your-subject\"><option value=\"Quiero ser distribuidor\">Je veux \u00eatre distributeur<\/option><option value=\"Presupuesto\">Budget<\/option><option value=\"Consulta\">Consultation<\/option><option value=\"Sugerencia\">Suggestion<\/option><option value=\"Otros\">Autres<\/option><\/select><\/span>\n<\/p>\n<p><span class=\"wpcf7-form-control-wrap\" data-name=\"your-message\"><textarea cols=\"40\" rows=\"10\" maxlength=\"2000\" class=\"wpcf7-form-control wpcf7-textarea\" aria-invalid=\"false\" placeholder=\"Message ou demande\" name=\"your-message\"><\/textarea><\/span>\n<\/p>\n<div style=\"display: flex; align-items: center; gap: 10px;\">\n\t<p><span class=\"wpcf7-form-control-wrap\" data-name=\"privacy-policy\"><span class=\"wpcf7-form-control wpcf7-acceptance\"><span class=\"wpcf7-list-item\"><input type=\"checkbox\" name=\"privacy-policy\" value=\"1\" aria-invalid=\"false\" \/><\/span><\/span><\/span><label for=\"privacy-policy\" style=\"margin-left: 5px;\">J&#039;ai lu et accept\u00e9 la politique de confidentialit\u00e9.<\/label>\n\t<\/p>\n<\/div>\n<div style=\"display: flex; align-items: center; gap: 10px;\">\n\t<p><span class=\"wpcf7-form-control-wrap\" data-name=\"send-info\"><span class=\"wpcf7-form-control wpcf7-acceptance\"><span class=\"wpcf7-list-item\"><input type=\"checkbox\" name=\"send-info\" value=\"1\" aria-invalid=\"false\" \/><\/span><\/span><\/span><label for=\"send-info\" style=\"margin-left: 5px;\">J&#039;accepte de recevoir des informations.<\/label>\n\t<\/p>\n<\/div>\n<p><input class=\"wpcf7-form-control wpcf7-submit has-spinner\" type=\"submit\" value=\"Envoyer\" \/>\n<\/p><div class=\"wpcf7-response-output\" aria-hidden=\"true\"><\/div>\n<input type=\"hidden\" name=\"trp-form-language\" value=\"fr\"\/><\/form>\n<\/div>\n<\/div><\/div>\t\t\t\t<\/div>\n\t\t\t\t<\/div>\n\t\t\t\t\t<\/div>\n\t\t\t\t<\/div>\n\t\t\t\t\t<\/div>\n\t\t<\/div>\n\t\t\t\t\t<\/div>\n\t\t<\/section>\n\t\t\t\t<section class=\"elementor-section elementor-top-section elementor-element elementor-element-484f41e elementor-section-full_width elementor-section-height-default elementor-section-height-default elementor-invisible\" data-id=\"484f41e\" data-element_type=\"section\" data-e-type=\"section\" data-settings=\"{&quot;animation&quot;:&quot;slideInUp&quot;}\">\n\t\t\t\t\t\t<div class=\"elementor-container elementor-column-gap-default\">\n\t\t\t\t\t<div class=\"elementor-column elementor-col-100 elementor-top-column elementor-element elementor-element-19948363\" data-id=\"19948363\" data-element_type=\"column\" data-e-type=\"column\">\n\t\t\t<div class=\"elementor-widget-wrap elementor-element-populated\">\n\t\t\t\t\t\t<div class=\"elementor-element elementor-element-339044a4 elementor-widget elementor-widget-google_maps\" data-id=\"339044a4\" data-element_type=\"widget\" data-e-type=\"widget\" data-widget_type=\"google_maps.default\">\n\t\t\t\t<div class=\"elementor-widget-container\">\n\t\t\t\t\t\t\t<div class=\"elementor-custom-embed\">\n\t\t\t<iframe loading=\"lazy\"\n\t\t\t\t\tsrc=\"https:\/\/maps.google.com\/maps?q=C%2F%20Pintor%20Joan%20Miro%2C%2016.%20Pol.%20Ind.%20Can%20Humet%20de%20Dalt%2C%2008213%20Poliny%C3%A0.%20Barcelona&#038;t=m&#038;z=15&#038;output=embed&#038;iwloc=near\"\n\t\t\t\t\ttitle=\"C\/ Pintor Joan Miro, 16. Pol. Ind. Can Humet de Dalt, 08213 Poliny\u00e0. Barcelone\"\n\t\t\t\t\taria-label=\"C\/ Pintor Joan Miro, 16. Pol. Ind. Can Humet de Dalt, 08213 Poliny\u00e0. Barcelone\"\n\t\t\t><\/iframe>\n\t\t<\/div>\n\t\t\t\t\t\t<\/div>\n\t\t\t\t<\/div>\n\t\t\t\t\t<\/div>\n\t\t<\/div>\n\t\t\t\t\t<\/div>\n\t\t<\/section>\n\t\t\t\t<\/div>","protected":false},"excerpt":{"rendered":"<p>L&#039;une de ces cat\u00e9gories est celle des d\u00e9graissants, des produits sp\u00e9cifiques pour d\u00e9graisser diverses surfaces. Parmi ces produits, on trouve Audaz, un d\u00e9graissant liquide concentr\u00e9 au fort pouvoir \u00e9mulsifiant capable de dissoudre imm\u00e9diatement la graisse et la salet\u00e9. C&#039;est un produit\u2026&nbsp;<a href=\"https:\/\/dermo.com\/fr\/audacieux\/\" rel=\"bookmark\">En savoir plus &quot;<span class=\"screen-reader-text\">Audaz<\/span><\/a><\/p>","protected":false},"author":2,"featured_media":0,"parent":0,"menu_order":0,"comment_status":"closed","ping_status":"closed","template":"page-templates\/template-pagebuilder-full-width.php","meta":{"neve_meta_sidebar":"","neve_meta_container":"","neve_meta_enable_content_width":"","neve_meta_content_width":0,"neve_meta_title_alignment":"","neve_meta_author_avatar":"","neve_post_elements_order":"","neve_meta_disable_header":"","neve_meta_disable_footer":"","neve_meta_disable_title":"","footnotes":""},"class_list":["post-12347","page","type-page","status-publish","hentry"],"yoast_head":"<!-- This site is optimized with the Yoast SEO plugin v27.0 - https:\/\/yoast.com\/product\/yoast-seo-wordpress\/ -->\n<title>Audaz - Dermo | F\u00e1brica de detergentes<\/title>\n<meta name=\"robots\" content=\"index, follow, max-snippet:-1, max-image-preview:large, max-video-preview:-1\" \/>\n<link rel=\"canonical\" href=\"https:\/\/dermo.com\/fr\/audacieux\/\" \/>\n<meta property=\"og:locale\" content=\"fr_FR\" \/>\n<meta property=\"og:type\" content=\"article\" \/>\n<meta property=\"og:title\" content=\"Audaz - Dermo | F\u00e1brica de detergentes\" \/>\n<meta property=\"og:description\" content=\"Una de estas categor\u00edas es la de los desengrasantes, productos espec\u00edficos para la eliminaci\u00f3n de la grasa de distintas superficies. Uno de estos productos es Audaz, un desengrasante l\u00edquido concentrado que cuenta con un gran poder emulsionante y que es capaz de disolver las grasas y la suciedad de una forma inmediata. Es un producto&hellip;&nbsp;Lire la suite &raquo;Audaz\" \/>\n<meta property=\"og:url\" content=\"https:\/\/dermo.com\/fr\/audacieux\/\" \/>\n<meta property=\"og:site_name\" content=\"Dermo | F\u00e1brica de detergentes\" \/>\n<meta property=\"article:modified_time\" content=\"2025-02-20T09:39:32+00:00\" \/>\n<meta property=\"og:image\" content=\"https:\/\/dermo.com\/wp-content\/uploads\/2023\/11\/desengrasantes-industriales-3-300x300-1.jpg\" \/>\n<meta name=\"twitter:card\" content=\"summary_large_image\" \/>\n<meta name=\"twitter:label1\" content=\"Dur\u00e9e de lecture estim\u00e9e\" \/>\n\t<meta name=\"twitter:data1\" content=\"4 minutes\" \/>\n<script type=\"application\/ld+json\" class=\"yoast-schema-graph\">{\"@context\":\"https:\/\/schema.org\",\"@graph\":[{\"@type\":\"WebPage\",\"@id\":\"https:\/\/dermo.com\/audaz\/\",\"url\":\"https:\/\/dermo.com\/audaz\/\",\"name\":\"Audaz - Dermo | F\u00e1brica de detergentes\",\"isPartOf\":{\"@id\":\"https:\/\/dermo.com\/#website\"},\"primaryImageOfPage\":{\"@id\":\"https:\/\/dermo.com\/audaz\/#primaryimage\"},\"image\":{\"@id\":\"https:\/\/dermo.com\/audaz\/#primaryimage\"},\"thumbnailUrl\":\"https:\/\/dermo.com\/wp-content\/uploads\/2023\/11\/desengrasantes-industriales-3-300x300-1.jpg\",\"datePublished\":\"2025-01-30T11:03:28+00:00\",\"dateModified\":\"2025-02-20T09:39:32+00:00\",\"breadcrumb\":{\"@id\":\"https:\/\/dermo.com\/audaz\/#breadcrumb\"},\"inLanguage\":\"fr-FR\",\"potentialAction\":[{\"@type\":\"ReadAction\",\"target\":[\"https:\/\/dermo.com\/audaz\/\"]}]},{\"@type\":\"ImageObject\",\"inLanguage\":\"fr-FR\",\"@id\":\"https:\/\/dermo.com\/audaz\/#primaryimage\",\"url\":\"https:\/\/dermo.com\/wp-content\/uploads\/2023\/11\/desengrasantes-industriales-3-300x300-1.jpg\",\"contentUrl\":\"https:\/\/dermo.com\/wp-content\/uploads\/2023\/11\/desengrasantes-industriales-3-300x300-1.jpg\"},{\"@type\":\"BreadcrumbList\",\"@id\":\"https:\/\/dermo.com\/audaz\/#breadcrumb\",\"itemListElement\":[{\"@type\":\"ListItem\",\"position\":1,\"name\":\"Portada\",\"item\":\"https:\/\/dermo.com\/\"},{\"@type\":\"ListItem\",\"position\":2,\"name\":\"Audaz\"}]},{\"@type\":\"WebSite\",\"@id\":\"https:\/\/dermo.com\/#website\",\"url\":\"https:\/\/dermo.com\/\",\"name\":\"Dermo | F\u00e1brica de detergentes\",\"description\":\"Tecnolog\u00eda avanzada, investigaci\u00f3n y desarrollo, respeto por el medio ambiente, competencia, formaci\u00f3n constante y alto nivel de profesionalidad en nuestro equipo humano, empe\u00f1ado en preservar la calidad de vida, la protecci\u00f3n del entorno natural contin\u00faan motiv\u00e1ndonos para desarrollar en nuestros laboratorios nuevos productos con ingredientes activos altamente biodegradables que hacen posible un desarrollo sostenible.\",\"potentialAction\":[{\"@type\":\"SearchAction\",\"target\":{\"@type\":\"EntryPoint\",\"urlTemplate\":\"https:\/\/dermo.com\/?s={search_term_string}\"},\"query-input\":{\"@type\":\"PropertyValueSpecification\",\"valueRequired\":true,\"valueName\":\"search_term_string\"}}],\"inLanguage\":\"fr-FR\"}]}<\/script>\n<!-- \/ Yoast SEO plugin. -->","yoast_head_json":{"title":"Audacieux - Dermo | Usine de d\u00e9tergents","robots":{"index":"index","follow":"follow","max-snippet":"max-snippet:-1","max-image-preview":"max-image-preview:large","max-video-preview":"max-video-preview:-1"},"canonical":"https:\/\/dermo.com\/fr\/audacieux\/","og_locale":"fr_FR","og_type":"article","og_title":"Audaz - Dermo | F\u00e1brica de detergentes","og_description":"Una de estas categor\u00edas es la de los desengrasantes, productos espec\u00edficos para la eliminaci\u00f3n de la grasa de distintas superficies. Uno de estos productos es Audaz, un desengrasante l\u00edquido concentrado que cuenta con un gran poder emulsionante y que es capaz de disolver las grasas y la suciedad de una forma inmediata. Es un producto&hellip;&nbsp;Lire la suite &raquo;Audaz","og_url":"https:\/\/dermo.com\/fr\/audacieux\/","og_site_name":"Dermo | F\u00e1brica de detergentes","article_modified_time":"2025-02-20T09:39:32+00:00","og_image":[{"url":"https:\/\/dermo.com\/wp-content\/uploads\/2023\/11\/desengrasantes-industriales-3-300x300-1.jpg","type":"","width":"","height":""}],"twitter_card":"summary_large_image","twitter_misc":{"Dur\u00e9e de lecture estim\u00e9e":"4 minutes"},"schema":{"@context":"https:\/\/schema.org","@graph":[{"@type":"WebPage","@id":"https:\/\/dermo.com\/audaz\/","url":"https:\/\/dermo.com\/audaz\/","name":"Audacieux - Dermo | Usine de d\u00e9tergents","isPartOf":{"@id":"https:\/\/dermo.com\/#website"},"primaryImageOfPage":{"@id":"https:\/\/dermo.com\/audaz\/#primaryimage"},"image":{"@id":"https:\/\/dermo.com\/audaz\/#primaryimage"},"thumbnailUrl":"https:\/\/dermo.com\/wp-content\/uploads\/2023\/11\/desengrasantes-industriales-3-300x300-1.jpg","datePublished":"2025-01-30T11:03:28+00:00","dateModified":"2025-02-20T09:39:32+00:00","breadcrumb":{"@id":"https:\/\/dermo.com\/audaz\/#breadcrumb"},"inLanguage":"fr-FR","potentialAction":[{"@type":"ReadAction","target":["https:\/\/dermo.com\/audaz\/"]}]},{"@type":"ImageObject","inLanguage":"fr-FR","@id":"https:\/\/dermo.com\/audaz\/#primaryimage","url":"https:\/\/dermo.com\/wp-content\/uploads\/2023\/11\/desengrasantes-industriales-3-300x300-1.jpg","contentUrl":"https:\/\/dermo.com\/wp-content\/uploads\/2023\/11\/desengrasantes-industriales-3-300x300-1.jpg"},{"@type":"BreadcrumbList","@id":"https:\/\/dermo.com\/audaz\/#breadcrumb","itemListElement":[{"@type":"ListItem","position":1,"name":"Portada","item":"https:\/\/dermo.com\/"},{"@type":"ListItem","position":2,"name":"Audaz"}]},{"@type":"WebSite","@id":"https:\/\/dermo.com\/#website","url":"https:\/\/dermo.com\/","name":"Dermo | usine de d\u00e9tergents","description":"Technologie avanc\u00e9e, recherche et d\u00e9veloppement, respect de l&#039;environnement, comp\u00e9tence, formation constante et haut niveau de professionnalisme de notre \u00e9quipe humaine, engag\u00e9e \u00e0 pr\u00e9server la qualit\u00e9 de vie, la protection de l&#039;environnement naturel continuent de nous motiver \u00e0 d\u00e9velopper de nouveaux produits dans notre laboratoires aux principes actifs hautement biod\u00e9gradables qui rendent possible le d\u00e9veloppement durable.","potentialAction":[{"@type":"SearchAction","target":{"@type":"EntryPoint","urlTemplate":"https:\/\/dermo.com\/?s={search_term_string}"},"query-input":{"@type":"PropertyValueSpecification","valueRequired":true,"valueName":"search_term_string"}}],"inLanguage":"fr-FR"}]}},"_links":{"self":[{"href":"https:\/\/dermo.com\/fr\/wp-json\/wp\/v2\/pages\/12347","targetHints":{"allow":["GET"]}}],"collection":[{"href":"https:\/\/dermo.com\/fr\/wp-json\/wp\/v2\/pages"}],"about":[{"href":"https:\/\/dermo.com\/fr\/wp-json\/wp\/v2\/types\/page"}],"author":[{"embeddable":true,"href":"https:\/\/dermo.com\/fr\/wp-json\/wp\/v2\/users\/2"}],"replies":[{"embeddable":true,"href":"https:\/\/dermo.com\/fr\/wp-json\/wp\/v2\/comments?post=12347"}],"version-history":[{"count":10,"href":"https:\/\/dermo.com\/fr\/wp-json\/wp\/v2\/pages\/12347\/revisions"}],"predecessor-version":[{"id":13761,"href":"https:\/\/dermo.com\/fr\/wp-json\/wp\/v2\/pages\/12347\/revisions\/13761"}],"wp:attachment":[{"href":"https:\/\/dermo.com\/fr\/wp-json\/wp\/v2\/media?parent=12347"}],"curies":[{"name":"wp","href":"https:\/\/api.w.org\/{rel}","templated":true}]}}