{"id":12351,"date":"2025-01-30T11:54:47","date_gmt":"2025-01-30T10:54:47","guid":{"rendered":"https:\/\/dermo.com\/?page_id=12351"},"modified":"2025-02-19T12:19:34","modified_gmt":"2025-02-19T11:19:34","slug":"cuisine-industrielle-fer","status":"publish","type":"page","link":"https:\/\/dermo.com\/fr\/cuisine-industrielle-fer\/","title":{"rendered":"Fer \u00e0 repasser industriel pour cuisine"},"content":{"rendered":"<div data-elementor-type=\"wp-page\" data-elementor-id=\"12351\" class=\"elementor elementor-12351\" data-elementor-post-type=\"page\">\n\t\t\t\t\t\t<section class=\"elementor-section elementor-top-section elementor-element elementor-element-a02683f elementor-section-boxed elementor-section-height-default elementor-section-height-default\" data-id=\"a02683f\" data-element_type=\"section\" data-e-type=\"section\" data-settings=\"{&quot;background_background&quot;:&quot;classic&quot;}\">\n\t\t\t\t\t\t\t<div class=\"elementor-background-overlay\"><\/div>\n\t\t\t\t\t\t\t<div class=\"elementor-container elementor-column-gap-default\">\n\t\t\t\t\t<div class=\"elementor-column elementor-col-100 elementor-top-column elementor-element elementor-element-f99dbff\" data-id=\"f99dbff\" data-element_type=\"column\" data-e-type=\"column\">\n\t\t\t<div class=\"elementor-widget-wrap elementor-element-populated\">\n\t\t\t\t\t\t\t<\/div>\n\t\t<\/div>\n\t\t\t\t\t<\/div>\n\t\t<\/section>\n\t\t\t\t<section class=\"elementor-section elementor-top-section elementor-element elementor-element-233ad3a4 elementor-section-boxed elementor-section-height-default elementor-section-height-default\" data-id=\"233ad3a4\" data-element_type=\"section\" data-e-type=\"section\">\n\t\t\t\t\t\t<div class=\"elementor-container elementor-column-gap-default\">\n\t\t\t\t\t<div class=\"elementor-column elementor-col-100 elementor-top-column elementor-element elementor-element-3244e578\" data-id=\"3244e578\" data-element_type=\"column\" data-e-type=\"column\">\n\t\t\t<div class=\"elementor-widget-wrap elementor-element-populated\">\n\t\t\t\t\t\t<section class=\"elementor-section elementor-inner-section elementor-element elementor-element-1a7040c2 elementor-section-content-middle elementor-section-boxed elementor-section-height-default elementor-section-height-default\" data-id=\"1a7040c2\" data-element_type=\"section\" data-e-type=\"section\">\n\t\t\t\t\t\t<div class=\"elementor-container elementor-column-gap-default\">\n\t\t\t\t\t<div class=\"elementor-column elementor-col-50 elementor-inner-column elementor-element elementor-element-58338543\" data-id=\"58338543\" data-element_type=\"column\" data-e-type=\"column\">\n\t\t\t<div class=\"elementor-widget-wrap elementor-element-populated\">\n\t\t\t\t\t\t<div class=\"elementor-element elementor-element-464b2e11 elementor-widget elementor-widget-text-editor\" data-id=\"464b2e11\" data-element_type=\"widget\" data-e-type=\"widget\" data-widget_type=\"text-editor.default\">\n\t\t\t\t<div class=\"elementor-widget-container\">\n\t\t\t\t\t\t\t\t\t<div id=\"lipsum\"><p>Chez Dermo, nous avons une gamme de produits de nettoyage d\u00e9sinfectants avec enregistrement HA, c&#039;est-\u00e0-dire qu&#039;ils ont l&#039;enregistrement sp\u00e9cial pour \u00eatre utilis\u00e9s dans l&#039;hygi\u00e8ne alimentaire, comme le nettoyage des\u00a0<strong>fer industriel<\/strong>\u00a0d&#039;un\u00a0<strong>cuisine<\/strong>.<\/p><p>Ce sont des produits nettoyants fongicides et bact\u00e9ricides, qui ont \u00e9t\u00e9 test\u00e9s et sont tr\u00e8s puissants et efficaces sur les surfaces sales avec des restes organiques et inorganiques. Ils se diff\u00e9rencient des autres produits d\u00e9sinfectants car ils nettoient et d\u00e9sinfectent en une seule op\u00e9ration, rendant le travail beaucoup plus facile et pratique et offrant une confiance totale dans la r\u00e9alisation d&#039;une d\u00e9sinfection s\u00fbre, avec un temps de contact minimal.<\/p><p>Le\u00a0<strong>fer industriel<\/strong>\u00a0de\u00a0<strong>cuisine<\/strong>\u00a0C&#039;est l&#039;un des endroits o\u00f9 ce type de produits de nettoyage est le plus utilis\u00e9, car c&#039;est l&#039;un des endroits o\u00f9 s&#039;accumulent le plus de r\u00e9sidus d&#039;huile et de graisse. C&#039;est un endroit qui doit \u00eatre d\u00e9sinfect\u00e9 quotidiennement, afin qu&#039;il n&#039;y ait pas de restes organiques qui puissent contaminer les aliments ou les ustensiles de cuisine.<\/p><p>Chez Dermo vous pouvez trouver diff\u00e9rents produits de nettoyage, tels que :\u00a0<a href=\"https:\/\/dermo.com\/fr\/catalogue\/dl21-fongibac\/\">DL 21 Fongibac<\/a>, un produit d\u00e9tergent fongicide et bact\u00e9ricide \u00e0 haute concentration en principes actifs, sp\u00e9cialement con\u00e7u pour \u00eatre utilis\u00e9 dans le nettoyage complet et la d\u00e9sinfection par contact des surfaces et des ustensiles dans l&#039;industrie alimentaire, l&#039;h\u00f4tellerie, etc.<\/p><p><a href=\"https:\/\/dermo.com\/fr\/catalogue\/dl21-chlorbac\/\">DL 21 Clorbac<\/a>\u00a0Il s&#039;agit d&#039;un autre nettoyant, dans ce cas un d\u00e9tergent alcalin chlor\u00e9 fongicide et bact\u00e9ricide, qui poss\u00e8de un grand pouvoir d\u00e9sinfectant et d\u00e9tergent pour combattre la graisse, les prot\u00e9ines, le sang, les restes organiques, etc. Il est formul\u00e9 pour nettoyer et d\u00e9sinfecter en une seule op\u00e9ration tous types de surfaces et ustensiles contamin\u00e9s dans l&#039;industrie alimentaire (brasseries, laiteries, industries de la viande, abattoirs, etc.)<\/p><p><a href=\"https:\/\/dermo.com\/fr\/catalogue\/es\/desinfectantes-registro-ha\/126-dl21b.html\/\" data-wplink-edit=\"true\">DL 21 B<\/a>\u00a0C&#039;est un d\u00e9tergent assainissant au format liquide, con\u00e7u pour nettoyer et d\u00e9sodoriser tout type de surface. Il est parfait pour assainir les \u00e9viers, les douches, les sols difficiles, les joints, etc.<\/p><\/div>\t\t\t\t\t\t\t\t<\/div>\n\t\t\t\t<\/div>\n\t\t\t\t\t<\/div>\n\t\t<\/div>\n\t\t\t\t<div class=\"elementor-column elementor-col-50 elementor-inner-column elementor-element elementor-element-7202eb1 elementor-invisible\" data-id=\"7202eb1\" data-element_type=\"column\" data-e-type=\"column\" data-settings=\"{&quot;animation&quot;:&quot;bounceInRight&quot;}\">\n\t\t\t<div class=\"elementor-widget-wrap elementor-element-populated\">\n\t\t\t\t\t\t<div class=\"elementor-element elementor-element-d590048 elementor-widget__width-initial elementor-widget elementor-widget-elementskit-contact-form7\" data-id=\"d590048\" data-element_type=\"widget\" data-e-type=\"widget\" data-widget_type=\"elementskit-contact-form7.default\">\n\t\t\t\t<div class=\"elementor-widget-container\">\n\t\t\t\t\t<div class=\"ekit-wid-con\" ><div class=\"ekit-form\">\n<div class=\"wpcf7 no-js\" id=\"wpcf7-f13292-p12351-o1\" lang=\"es-ES\" dir=\"ltr\" data-wpcf7-id=\"13292\">\n<div class=\"screen-reader-response\"><p role=\"status\" aria-live=\"polite\" aria-atomic=\"true\"><\/p> <ul><\/ul><\/div>\n<form action=\"\/fr\/cuisine-industrielle-fer\/#wpcf7-f13292-p12351-o1\" method=\"post\" class=\"wpcf7-form init\" aria-label=\"Formulaire de contact\" novalidate=\"novalidate\" data-status=\"init\" data-trp-original-action=\"\/plancha-industrial-cocina\/#wpcf7-f13292-p12351-o1\">\n<fieldset class=\"hidden-fields-container\"><input type=\"hidden\" name=\"_wpcf7\" value=\"13292\" \/><input type=\"hidden\" name=\"_wpcf7_version\" value=\"6.1.5\" \/><input type=\"hidden\" name=\"_wpcf7_locale\" value=\"es_ES\" \/><input type=\"hidden\" name=\"_wpcf7_unit_tag\" value=\"wpcf7-f13292-p12351-o1\" \/><input type=\"hidden\" name=\"_wpcf7_container_post\" value=\"12351\" \/><input type=\"hidden\" name=\"_wpcf7_posted_data_hash\" value=\"\" \/><input type=\"hidden\" name=\"_wpcf7_recaptcha_response\" value=\"\" \/>\n<\/fieldset>\n<div style=\"display: flex; gap: 10px;\">\n\t<div style=\"width: 50%;\">\n\t\t<p><span class=\"wpcf7-form-control-wrap\" data-name=\"your-name\"><input size=\"40\" maxlength=\"400\" class=\"wpcf7-form-control wpcf7-text wpcf7-validates-as-required\" aria-required=\"true\" aria-invalid=\"false\" placeholder=\"Nom\" value=\"\" type=\"text\" name=\"your-name\" \/><\/span>\n\t\t<\/p>\n\t<\/div>\n\t<div style=\"width: 50%;\">\n\t\t<p><span class=\"wpcf7-form-control-wrap\" data-name=\"your-phone\"><input size=\"40\" maxlength=\"400\" class=\"wpcf7-form-control wpcf7-tel wpcf7-validates-as-required wpcf7-text wpcf7-validates-as-tel\" aria-required=\"true\" aria-invalid=\"false\" placeholder=\"T\u00e9l\u00e9phone\" value=\"\" type=\"tel\" name=\"your-phone\" \/><\/span>\n\t\t<\/p>\n\t<\/div>\n<\/div>\n<p><span class=\"wpcf7-form-control-wrap\" data-name=\"your-email\"><input size=\"40\" maxlength=\"400\" class=\"wpcf7-form-control wpcf7-email wpcf7-validates-as-required wpcf7-text wpcf7-validates-as-email\" aria-required=\"true\" aria-invalid=\"false\" placeholder=\"E-mail\" value=\"\" type=\"email\" name=\"your-email\" \/><\/span>\n<\/p>\n<div style=\"display: flex; gap: 10px;\">\n\t<div style=\"width: 50%;\">\n\t\t<p><span class=\"wpcf7-form-control-wrap\" data-name=\"your-country\"><input size=\"40\" maxlength=\"400\" class=\"wpcf7-form-control wpcf7-text wpcf7-validates-as-required\" aria-required=\"true\" aria-invalid=\"false\" placeholder=\"Pays\" value=\"\" type=\"text\" name=\"your-country\" \/><\/span>\n\t\t<\/p>\n\t<\/div>\n\t<div style=\"width: 50%;\">\n\t\t<p><span class=\"wpcf7-form-control-wrap\" data-name=\"your-city\"><input size=\"40\" maxlength=\"400\" class=\"wpcf7-form-control wpcf7-text wpcf7-validates-as-required\" aria-required=\"true\" aria-invalid=\"false\" placeholder=\"Population\" value=\"\" type=\"text\" name=\"your-city\" \/><\/span>\n\t\t<\/p>\n\t<\/div>\n<\/div>\n<p><span class=\"wpcf7-form-control-wrap\" data-name=\"your-subject\"><select class=\"wpcf7-form-control wpcf7-select\" aria-invalid=\"false\" name=\"your-subject\"><option value=\"Quiero ser distribuidor\">Je veux \u00eatre distributeur<\/option><option value=\"Presupuesto\">Budget<\/option><option value=\"Consulta\">Consultation<\/option><option value=\"Sugerencia\">Suggestion<\/option><option value=\"Otros\">Autres<\/option><\/select><\/span>\n<\/p>\n<p><span class=\"wpcf7-form-control-wrap\" data-name=\"your-message\"><textarea cols=\"40\" rows=\"10\" maxlength=\"2000\" class=\"wpcf7-form-control wpcf7-textarea\" aria-invalid=\"false\" placeholder=\"Message ou demande\" name=\"your-message\"><\/textarea><\/span>\n<\/p>\n<div style=\"display: flex; align-items: center; gap: 10px;\">\n\t<p><span class=\"wpcf7-form-control-wrap\" data-name=\"privacy-policy\"><span class=\"wpcf7-form-control wpcf7-acceptance\"><span class=\"wpcf7-list-item\"><input type=\"checkbox\" name=\"privacy-policy\" value=\"1\" aria-invalid=\"false\" \/><\/span><\/span><\/span><label for=\"privacy-policy\" style=\"margin-left: 5px;\">J&#039;ai lu et accept\u00e9 la politique de confidentialit\u00e9.<\/label>\n\t<\/p>\n<\/div>\n<div style=\"display: flex; align-items: center; gap: 10px;\">\n\t<p><span class=\"wpcf7-form-control-wrap\" data-name=\"send-info\"><span class=\"wpcf7-form-control wpcf7-acceptance\"><span class=\"wpcf7-list-item\"><input type=\"checkbox\" name=\"send-info\" value=\"1\" aria-invalid=\"false\" \/><\/span><\/span><\/span><label for=\"send-info\" style=\"margin-left: 5px;\">J&#039;accepte de recevoir des informations.<\/label>\n\t<\/p>\n<\/div>\n<p><input class=\"wpcf7-form-control wpcf7-submit has-spinner\" type=\"submit\" value=\"Envoyer\" \/>\n<\/p><div class=\"wpcf7-response-output\" aria-hidden=\"true\"><\/div>\n<input type=\"hidden\" name=\"trp-form-language\" value=\"fr\"\/><\/form>\n<\/div>\n<\/div><\/div>\t\t\t\t<\/div>\n\t\t\t\t<\/div>\n\t\t\t\t\t<\/div>\n\t\t<\/div>\n\t\t\t\t\t<\/div>\n\t\t<\/section>\n\t\t\t\t<div class=\"elementor-element elementor-element-615d68f elementor-widget elementor-widget-text-editor\" data-id=\"615d68f\" data-element_type=\"widget\" data-e-type=\"widget\" data-widget_type=\"text-editor.default\">\n\t\t\t\t<div class=\"elementor-widget-container\">\n\t\t\t\t\t\t\t\t\t<div id=\"lipsum\"><p><a href=\"https:\/\/dermo.com\/fr\/catalogue\/es\/desinfectantes-registro-ha\/84-dl21-acibac.html\/\">DL 21 Acibac<\/a>\u00a0C&#039;est un produit acide qui agit comme un nettoyant bact\u00e9ricide et est formul\u00e9 pour effectuer un nettoyage complet, ainsi que pour d\u00e9sinfecter les surfaces et les ustensiles hautement contamin\u00e9s dans l&#039;industrie alimentaire, l&#039;h\u00f4tellerie, etc. Il est \u00e9galement capable d\u2019\u00e9liminer efficacement les d\u00e9p\u00f4ts de calcaire produits par l\u2019eau dure.<\/p><p>Et si on parle de nettoyer le\u00a0<strong>fer industriel<\/strong>\u00a0de\u00a0<strong>cuisine<\/strong>\u00a0Nous ne pouvons pas arr\u00eater de parler de notre produit\u00a0<a href=\"https:\/\/dermo.com\/fr\/catalogue\/planches-audacieuses\/\">Audaz Planchas<\/a>, un d\u00e9graissant liquide concentr\u00e9 capable d&#039;\u00e9liminer efficacement la graisse br\u00fbl\u00e9e et carbonis\u00e9e des plaques de cuisson, des grils et des fours sans aucun effort. Dissous dans l\u2019eau, il peut \u00e9galement \u00eatre utilis\u00e9 pour nettoyer les friteuses, car il est capable d\u2019\u00e9liminer la rouille tout en agissant comme antioxydant sur les surfaces trait\u00e9es.<\/p><p>Visitez notre site internet et d\u00e9couvrez tous les produits que nous proposons pour nettoyer votre maison.\u00a0<strong>fer industriel<\/strong>\u00a0de\u00a0<strong>cuisine<\/strong>, surfaces, ustensiles, friteuses, fours\u2026<\/p><\/div>\t\t\t\t\t\t\t\t<\/div>\n\t\t\t\t<\/div>\n\t\t\t\t\t<\/div>\n\t\t<\/div>\n\t\t\t\t\t<\/div>\n\t\t<\/section>\n\t\t\t\t<section class=\"elementor-section elementor-top-section elementor-element elementor-element-484f41e elementor-section-full_width elementor-section-height-default elementor-section-height-default elementor-invisible\" data-id=\"484f41e\" data-element_type=\"section\" data-e-type=\"section\" data-settings=\"{&quot;animation&quot;:&quot;slideInUp&quot;}\">\n\t\t\t\t\t\t<div class=\"elementor-container elementor-column-gap-default\">\n\t\t\t\t\t<div class=\"elementor-column elementor-col-100 elementor-top-column elementor-element elementor-element-19948363\" data-id=\"19948363\" data-element_type=\"column\" data-e-type=\"column\">\n\t\t\t<div class=\"elementor-widget-wrap elementor-element-populated\">\n\t\t\t\t\t\t<div class=\"elementor-element elementor-element-339044a4 elementor-widget elementor-widget-google_maps\" data-id=\"339044a4\" data-element_type=\"widget\" data-e-type=\"widget\" data-widget_type=\"google_maps.default\">\n\t\t\t\t<div class=\"elementor-widget-container\">\n\t\t\t\t\t\t\t<div class=\"elementor-custom-embed\">\n\t\t\t<iframe loading=\"lazy\"\n\t\t\t\t\tsrc=\"https:\/\/maps.google.com\/maps?q=C%2F%20Pintor%20Joan%20Miro%2C%2016.%20Pol.%20Ind.%20Can%20Humet%20de%20Dalt%2C%2008213%20Poliny%C3%A0.%20Barcelona&#038;t=m&#038;z=15&#038;output=embed&#038;iwloc=near\"\n\t\t\t\t\ttitle=\"C\/ Pintor Joan Miro, 16. Pol. Ind. Can Humet de Dalt, 08213 Poliny\u00e0. Barcelone\"\n\t\t\t\t\taria-label=\"C\/ Pintor Joan Miro, 16. Pol. Ind. Can Humet de Dalt, 08213 Poliny\u00e0. Barcelone\"\n\t\t\t><\/iframe>\n\t\t<\/div>\n\t\t\t\t\t\t<\/div>\n\t\t\t\t<\/div>\n\t\t\t\t\t<\/div>\n\t\t<\/div>\n\t\t\t\t\t<\/div>\n\t\t<\/section>\n\t\t\t\t<\/div>","protected":false},"excerpt":{"rendered":"<p>Chez Dermo, nous proposons une gamme de produits nettoyants d\u00e9sinfectants homologu\u00e9s HA, ce qui signifie qu&#039;ils sont sp\u00e9cialement homologu\u00e9s pour une utilisation en hygi\u00e8ne alimentaire, notamment pour le nettoyage des tables de cuisson des cuisines industrielles. Ces produits nettoyants fongicides et bact\u00e9ricides ont \u00e9t\u00e9 test\u00e9s et sont tr\u00e8s puissants et efficaces sur les surfaces\u2026&nbsp;<a href=\"https:\/\/dermo.com\/fr\/cuisine-industrielle-fer\/\" rel=\"bookmark\">En savoir plus &quot;<span class=\"screen-reader-text\">Fer \u00e0 repasser industriel pour cuisine<\/span><\/a><\/p>","protected":false},"author":2,"featured_media":0,"parent":0,"menu_order":0,"comment_status":"closed","ping_status":"closed","template":"page-templates\/template-pagebuilder-full-width.php","meta":{"neve_meta_sidebar":"","neve_meta_container":"","neve_meta_enable_content_width":"","neve_meta_content_width":0,"neve_meta_title_alignment":"","neve_meta_author_avatar":"","neve_post_elements_order":"","neve_meta_disable_header":"","neve_meta_disable_footer":"","neve_meta_disable_title":"","footnotes":""},"class_list":["post-12351","page","type-page","status-publish","hentry"],"yoast_head":"<!-- This site is optimized with the Yoast SEO plugin v27.0 - https:\/\/yoast.com\/product\/yoast-seo-wordpress\/ -->\n<title>Plancha industrial cocina - Dermo | F\u00e1brica de detergentes<\/title>\n<meta name=\"robots\" content=\"index, follow, max-snippet:-1, max-image-preview:large, max-video-preview:-1\" \/>\n<link rel=\"canonical\" href=\"https:\/\/dermo.com\/fr\/cuisine-industrielle-fer\/\" \/>\n<meta property=\"og:locale\" content=\"fr_FR\" \/>\n<meta property=\"og:type\" content=\"article\" \/>\n<meta property=\"og:title\" content=\"Plancha industrial cocina - Dermo | F\u00e1brica de detergentes\" \/>\n<meta property=\"og:description\" content=\"En Dermo contamos con una l\u00ednea de productos de limpieza desinfectantes con registro H.A., es decir, que tienen el registro especial para ser utilizados en la higiene alimentaria, como puede ser la limpieza de la\u00a0plancha industrial\u00a0de una\u00a0cocina. Son productos de limpieza fungicidas y bactericidas, \u00a0que est\u00e1n testados y son altamente potentes y eficaces en superficies&hellip;&nbsp;Lire la suite &raquo;Plancha industrial cocina\" \/>\n<meta property=\"og:url\" content=\"https:\/\/dermo.com\/fr\/cuisine-industrielle-fer\/\" \/>\n<meta property=\"og:site_name\" content=\"Dermo | F\u00e1brica de detergentes\" \/>\n<meta property=\"article:modified_time\" content=\"2025-02-19T11:19:34+00:00\" \/>\n<meta name=\"twitter:card\" content=\"summary_large_image\" \/>\n<meta name=\"twitter:label1\" content=\"Dur\u00e9e de lecture estim\u00e9e\" \/>\n\t<meta name=\"twitter:data1\" content=\"3 minutes\" \/>\n<script type=\"application\/ld+json\" class=\"yoast-schema-graph\">{\"@context\":\"https:\/\/schema.org\",\"@graph\":[{\"@type\":\"WebPage\",\"@id\":\"https:\/\/dermo.com\/plancha-industrial-cocina\/\",\"url\":\"https:\/\/dermo.com\/plancha-industrial-cocina\/\",\"name\":\"Plancha industrial cocina - Dermo | F\u00e1brica de detergentes\",\"isPartOf\":{\"@id\":\"https:\/\/dermo.com\/#website\"},\"datePublished\":\"2025-01-30T10:54:47+00:00\",\"dateModified\":\"2025-02-19T11:19:34+00:00\",\"breadcrumb\":{\"@id\":\"https:\/\/dermo.com\/plancha-industrial-cocina\/#breadcrumb\"},\"inLanguage\":\"fr-FR\",\"potentialAction\":[{\"@type\":\"ReadAction\",\"target\":[\"https:\/\/dermo.com\/plancha-industrial-cocina\/\"]}]},{\"@type\":\"BreadcrumbList\",\"@id\":\"https:\/\/dermo.com\/plancha-industrial-cocina\/#breadcrumb\",\"itemListElement\":[{\"@type\":\"ListItem\",\"position\":1,\"name\":\"Portada\",\"item\":\"https:\/\/dermo.com\/\"},{\"@type\":\"ListItem\",\"position\":2,\"name\":\"Plancha industrial cocina\"}]},{\"@type\":\"WebSite\",\"@id\":\"https:\/\/dermo.com\/#website\",\"url\":\"https:\/\/dermo.com\/\",\"name\":\"Dermo | F\u00e1brica de detergentes\",\"description\":\"Tecnolog\u00eda avanzada, investigaci\u00f3n y desarrollo, respeto por el medio ambiente, competencia, formaci\u00f3n constante y alto nivel de profesionalidad en nuestro equipo humano, empe\u00f1ado en preservar la calidad de vida, la protecci\u00f3n del entorno natural contin\u00faan motiv\u00e1ndonos para desarrollar en nuestros laboratorios nuevos productos con ingredientes activos altamente biodegradables que hacen posible un desarrollo sostenible.\",\"potentialAction\":[{\"@type\":\"SearchAction\",\"target\":{\"@type\":\"EntryPoint\",\"urlTemplate\":\"https:\/\/dermo.com\/?s={search_term_string}\"},\"query-input\":{\"@type\":\"PropertyValueSpecification\",\"valueRequired\":true,\"valueName\":\"search_term_string\"}}],\"inLanguage\":\"fr-FR\"}]}<\/script>\n<!-- \/ Yoast SEO plugin. -->","yoast_head_json":{"title":"Fer \u00e0 repasser de cuisine industriel - Dermo | Usine de d\u00e9tergents","robots":{"index":"index","follow":"follow","max-snippet":"max-snippet:-1","max-image-preview":"max-image-preview:large","max-video-preview":"max-video-preview:-1"},"canonical":"https:\/\/dermo.com\/fr\/cuisine-industrielle-fer\/","og_locale":"fr_FR","og_type":"article","og_title":"Plancha industrial cocina - Dermo | F\u00e1brica de detergentes","og_description":"En Dermo contamos con una l\u00ednea de productos de limpieza desinfectantes con registro H.A., es decir, que tienen el registro especial para ser utilizados en la higiene alimentaria, como puede ser la limpieza de la\u00a0plancha industrial\u00a0de una\u00a0cocina. Son productos de limpieza fungicidas y bactericidas, \u00a0que est\u00e1n testados y son altamente potentes y eficaces en superficies&hellip;&nbsp;Lire la suite &raquo;Plancha industrial cocina","og_url":"https:\/\/dermo.com\/fr\/cuisine-industrielle-fer\/","og_site_name":"Dermo | F\u00e1brica de detergentes","article_modified_time":"2025-02-19T11:19:34+00:00","twitter_card":"summary_large_image","twitter_misc":{"Dur\u00e9e de lecture estim\u00e9e":"3 minutes"},"schema":{"@context":"https:\/\/schema.org","@graph":[{"@type":"WebPage","@id":"https:\/\/dermo.com\/plancha-industrial-cocina\/","url":"https:\/\/dermo.com\/plancha-industrial-cocina\/","name":"Fer \u00e0 repasser de cuisine industriel - Dermo | Usine de d\u00e9tergents","isPartOf":{"@id":"https:\/\/dermo.com\/#website"},"datePublished":"2025-01-30T10:54:47+00:00","dateModified":"2025-02-19T11:19:34+00:00","breadcrumb":{"@id":"https:\/\/dermo.com\/plancha-industrial-cocina\/#breadcrumb"},"inLanguage":"fr-FR","potentialAction":[{"@type":"ReadAction","target":["https:\/\/dermo.com\/plancha-industrial-cocina\/"]}]},{"@type":"BreadcrumbList","@id":"https:\/\/dermo.com\/plancha-industrial-cocina\/#breadcrumb","itemListElement":[{"@type":"ListItem","position":1,"name":"Portada","item":"https:\/\/dermo.com\/"},{"@type":"ListItem","position":2,"name":"Plancha industrial cocina"}]},{"@type":"WebSite","@id":"https:\/\/dermo.com\/#website","url":"https:\/\/dermo.com\/","name":"Dermo | usine de d\u00e9tergents","description":"Technologie avanc\u00e9e, recherche et d\u00e9veloppement, respect de l&#039;environnement, comp\u00e9tence, formation constante et haut niveau de professionnalisme de notre \u00e9quipe humaine, engag\u00e9e \u00e0 pr\u00e9server la qualit\u00e9 de vie, la protection de l&#039;environnement naturel continuent de nous motiver \u00e0 d\u00e9velopper de nouveaux produits dans notre laboratoires aux principes actifs hautement biod\u00e9gradables qui rendent possible le d\u00e9veloppement durable.","potentialAction":[{"@type":"SearchAction","target":{"@type":"EntryPoint","urlTemplate":"https:\/\/dermo.com\/?s={search_term_string}"},"query-input":{"@type":"PropertyValueSpecification","valueRequired":true,"valueName":"search_term_string"}}],"inLanguage":"fr-FR"}]}},"_links":{"self":[{"href":"https:\/\/dermo.com\/fr\/wp-json\/wp\/v2\/pages\/12351","targetHints":{"allow":["GET"]}}],"collection":[{"href":"https:\/\/dermo.com\/fr\/wp-json\/wp\/v2\/pages"}],"about":[{"href":"https:\/\/dermo.com\/fr\/wp-json\/wp\/v2\/types\/page"}],"author":[{"embeddable":true,"href":"https:\/\/dermo.com\/fr\/wp-json\/wp\/v2\/users\/2"}],"replies":[{"embeddable":true,"href":"https:\/\/dermo.com\/fr\/wp-json\/wp\/v2\/comments?post=12351"}],"version-history":[{"count":10,"href":"https:\/\/dermo.com\/fr\/wp-json\/wp\/v2\/pages\/12351\/revisions"}],"predecessor-version":[{"id":13638,"href":"https:\/\/dermo.com\/fr\/wp-json\/wp\/v2\/pages\/12351\/revisions\/13638"}],"wp:attachment":[{"href":"https:\/\/dermo.com\/fr\/wp-json\/wp\/v2\/media?parent=12351"}],"curies":[{"name":"wp","href":"https:\/\/api.w.org\/{rel}","templated":true}]}}