{"id":12376,"date":"2025-01-30T12:10:32","date_gmt":"2025-01-30T11:10:32","guid":{"rendered":"https:\/\/dermo.com\/?page_id=12376"},"modified":"2025-02-19T12:19:18","modified_gmt":"2025-02-19T11:19:18","slug":"oxygene-actif","status":"publish","type":"page","link":"https:\/\/dermo.com\/fr\/oxygene-actif\/","title":{"rendered":"Oxyg\u00e8ne actif"},"content":{"rendered":"<div data-elementor-type=\"wp-page\" data-elementor-id=\"12376\" class=\"elementor elementor-12376\" data-elementor-post-type=\"page\">\n\t\t\t\t\t\t<section class=\"elementor-section elementor-top-section elementor-element elementor-element-a02683f elementor-section-boxed elementor-section-height-default elementor-section-height-default\" data-id=\"a02683f\" data-element_type=\"section\" data-e-type=\"section\" data-settings=\"{&quot;background_background&quot;:&quot;classic&quot;}\">\n\t\t\t\t\t\t\t<div class=\"elementor-background-overlay\"><\/div>\n\t\t\t\t\t\t\t<div class=\"elementor-container elementor-column-gap-default\">\n\t\t\t\t\t<div class=\"elementor-column elementor-col-100 elementor-top-column elementor-element elementor-element-f99dbff\" data-id=\"f99dbff\" data-element_type=\"column\" data-e-type=\"column\">\n\t\t\t<div class=\"elementor-widget-wrap elementor-element-populated\">\n\t\t\t\t\t\t\t<\/div>\n\t\t<\/div>\n\t\t\t\t\t<\/div>\n\t\t<\/section>\n\t\t\t\t<section class=\"elementor-section elementor-top-section elementor-element elementor-element-233ad3a4 elementor-section-boxed elementor-section-height-default elementor-section-height-default\" data-id=\"233ad3a4\" data-element_type=\"section\" data-e-type=\"section\">\n\t\t\t\t\t\t<div class=\"elementor-container elementor-column-gap-default\">\n\t\t\t\t\t<div class=\"elementor-column elementor-col-100 elementor-top-column elementor-element elementor-element-3244e578\" data-id=\"3244e578\" data-element_type=\"column\" data-e-type=\"column\">\n\t\t\t<div class=\"elementor-widget-wrap elementor-element-populated\">\n\t\t\t\t\t\t<section class=\"elementor-section elementor-inner-section elementor-element elementor-element-1a7040c2 elementor-section-content-middle elementor-section-boxed elementor-section-height-default elementor-section-height-default\" data-id=\"1a7040c2\" data-element_type=\"section\" data-e-type=\"section\">\n\t\t\t\t\t\t<div class=\"elementor-container elementor-column-gap-default\">\n\t\t\t\t\t<div class=\"elementor-column elementor-col-50 elementor-inner-column elementor-element elementor-element-58338543\" data-id=\"58338543\" data-element_type=\"column\" data-e-type=\"column\">\n\t\t\t<div class=\"elementor-widget-wrap elementor-element-populated\">\n\t\t\t\t\t\t<div class=\"elementor-element elementor-element-464b2e11 elementor-widget elementor-widget-text-editor\" data-id=\"464b2e11\" data-element_type=\"widget\" data-e-type=\"widget\" data-widget_type=\"text-editor.default\">\n\t\t\t\t<div class=\"elementor-widget-container\">\n\t\t\t\t\t\t\t\t\t<div id=\"lipsum\"><p>Dans\u00a0<a href=\"https:\/\/dermo.com\/fr\/oxygene-actif\/oxygene-actif\/\" rel=\"attachment wp-att-4441\"><img fetchpriority=\"high\" decoding=\"async\" class=\"alignleft size-medium wp-image-4441\" src=\"https:\/\/dermo.com\/wp-content\/uploads\/2019\/03\/oxigeno-activo-300x300.jpg\" sizes=\"(max-width: 300px) 100vw, 300px\" srcset=\"https:\/\/dermo.com\/wp-content\/uploads\/2019\/03\/oxigeno-activo-300x300.jpg 300w, https:\/\/dermo.com\/wp-content\/uploads\/2019\/03\/oxigeno-activo-200x200.jpg 200w, https:\/\/dermo.com\/wp-content\/uploads\/2019\/03\/oxigeno-activo.jpg 458w\" alt=\"\" width=\"300\" height=\"300\" \/><\/a>Avec plus de 30 ans d&#039;exp\u00e9rience dans le secteur, nous pouvons vous proposer la meilleure s\u00e9lection de produits d\u00e9tergents con\u00e7us pour le nettoyage et l&#039;hygi\u00e8ne industriels et domestiques. Dans\u00a0<strong>Dermo<\/strong>\u00a0Vous pouvez trouver des produits d&#039;hygi\u00e8ne personnelle tr\u00e8s hydratants et formul\u00e9s avec des ingr\u00e9dients actifs tr\u00e8s d\u00e9licats, pr\u00e9par\u00e9s pour respecter le pH de la peau et \u00e9galement la durabilit\u00e9 environnementale.<\/p><p>Gr\u00e2ce \u00e0 une technologie de pointe, \u00e0 la recherche, au d\u00e9veloppement et \u00e0 la formation constante de notre \u00e9quipe, nous pouvons vous proposer un catalogue large et vari\u00e9 de produits de nettoyage professionnels, tels que :\u00a0<strong>Oxyg\u00e8ne actif<\/strong>.<\/p><p>Notre produit\u00a0<a href=\"https:\/\/dermo.com\/fr\/catalogue\/oxygene-actif\/\"><strong>Oxyg\u00e8ne actif<\/strong><\/a>\u00a0C&#039;est un d\u00e9tachant puissant capable d&#039;\u00e9liminer la salet\u00e9 de tous types de tissus et de surfaces, rapidement et efficacement. C&#039;est un produit qui a un aspect granuleux blanc durable, avec lequel vous n&#039;aurez pas besoin d&#039;utiliser de fortes doses pour que ses r\u00e9sultats soient efficaces. C&#039;est un produit qui, ajout\u00e9 au produit de lavage de la machine, augmente et renforce consid\u00e9rablement l&#039;action du d\u00e9tergent.<\/p><\/div>\t\t\t\t\t\t\t\t<\/div>\n\t\t\t\t<\/div>\n\t\t\t\t\t<\/div>\n\t\t<\/div>\n\t\t\t\t<div class=\"elementor-column elementor-col-50 elementor-inner-column elementor-element elementor-element-f3952f8 elementor-invisible\" data-id=\"f3952f8\" data-element_type=\"column\" data-e-type=\"column\" data-settings=\"{&quot;animation&quot;:&quot;bounceInRight&quot;}\">\n\t\t\t<div class=\"elementor-widget-wrap elementor-element-populated\">\n\t\t\t\t\t\t<div class=\"elementor-element elementor-element-1c818b5 elementor-widget__width-initial elementor-widget elementor-widget-elementskit-contact-form7\" data-id=\"1c818b5\" data-element_type=\"widget\" data-e-type=\"widget\" data-widget_type=\"elementskit-contact-form7.default\">\n\t\t\t\t<div class=\"elementor-widget-container\">\n\t\t\t\t\t<div class=\"ekit-wid-con\" ><div class=\"ekit-form\">\n<div class=\"wpcf7 no-js\" id=\"wpcf7-f13292-p12376-o1\" lang=\"es-ES\" dir=\"ltr\" data-wpcf7-id=\"13292\">\n<div class=\"screen-reader-response\"><p role=\"status\" aria-live=\"polite\" aria-atomic=\"true\"><\/p> <ul><\/ul><\/div>\n<form action=\"\/fr\/oxygene-actif\/#wpcf7-f13292-p12376-o1\" method=\"post\" class=\"wpcf7-form init\" aria-label=\"Formulario de contacto\" novalidate=\"novalidate\" data-status=\"init\" data-no-translation-aria-label=\"\" data-trp-original-action=\"\/en\/oxigeno-activo\/#wpcf7-f13292-p12376-o1\">\n<fieldset class=\"hidden-fields-container\"><input type=\"hidden\" name=\"_wpcf7\" value=\"13292\" \/><input type=\"hidden\" name=\"_wpcf7_version\" value=\"6.1.5\" \/><input type=\"hidden\" name=\"_wpcf7_locale\" value=\"es_ES\" \/><input type=\"hidden\" name=\"_wpcf7_unit_tag\" value=\"wpcf7-f13292-p12376-o1\" \/><input type=\"hidden\" name=\"_wpcf7_container_post\" value=\"12376\" \/><input type=\"hidden\" name=\"_wpcf7_posted_data_hash\" value=\"\" \/><input type=\"hidden\" name=\"_wpcf7_recaptcha_response\" value=\"\" \/>\n<\/fieldset>\n<div style=\"display: flex; gap: 10px;\">\n\t<div style=\"width: 50%;\">\n\t\t<p><span class=\"wpcf7-form-control-wrap\" data-name=\"your-name\"><input size=\"40\" maxlength=\"400\" class=\"wpcf7-form-control wpcf7-text wpcf7-validates-as-required\" aria-required=\"true\" aria-invalid=\"false\" placeholder=\"Nom\" value=\"\" type=\"text\" name=\"your-name\" \/><\/span>\n\t\t<\/p>\n\t<\/div>\n\t<div style=\"width: 50%;\">\n\t\t<p><span class=\"wpcf7-form-control-wrap\" data-name=\"your-phone\"><input size=\"40\" maxlength=\"400\" class=\"wpcf7-form-control wpcf7-tel wpcf7-validates-as-required wpcf7-text wpcf7-validates-as-tel\" aria-required=\"true\" aria-invalid=\"false\" placeholder=\"T\u00e9l\u00e9phone\" value=\"\" type=\"tel\" name=\"your-phone\" \/><\/span>\n\t\t<\/p>\n\t<\/div>\n<\/div>\n<p><span class=\"wpcf7-form-control-wrap\" data-name=\"your-email\"><input size=\"40\" maxlength=\"400\" class=\"wpcf7-form-control wpcf7-email wpcf7-validates-as-required wpcf7-text wpcf7-validates-as-email\" aria-required=\"true\" aria-invalid=\"false\" placeholder=\"E-mail\" value=\"\" type=\"email\" name=\"your-email\" \/><\/span>\n<\/p>\n<div style=\"display: flex; gap: 10px;\">\n\t<div style=\"width: 50%;\">\n\t\t<p><span class=\"wpcf7-form-control-wrap\" data-name=\"your-country\"><input size=\"40\" maxlength=\"400\" class=\"wpcf7-form-control wpcf7-text wpcf7-validates-as-required\" aria-required=\"true\" aria-invalid=\"false\" placeholder=\"Pays\" value=\"\" type=\"text\" name=\"your-country\" \/><\/span>\n\t\t<\/p>\n\t<\/div>\n\t<div style=\"width: 50%;\">\n\t\t<p><span class=\"wpcf7-form-control-wrap\" data-name=\"your-city\"><input size=\"40\" maxlength=\"400\" class=\"wpcf7-form-control wpcf7-text wpcf7-validates-as-required\" aria-required=\"true\" aria-invalid=\"false\" placeholder=\"Population\" value=\"\" type=\"text\" name=\"your-city\" \/><\/span>\n\t\t<\/p>\n\t<\/div>\n<\/div>\n<p><span class=\"wpcf7-form-control-wrap\" data-name=\"your-subject\"><select class=\"wpcf7-form-control wpcf7-select\" aria-invalid=\"false\" name=\"your-subject\"><option value=\"Quiero ser distribuidor\">Je veux \u00eatre distributeur<\/option><option value=\"Presupuesto\">Budget<\/option><option value=\"Consulta\">Consultation<\/option><option value=\"Sugerencia\">Suggestion<\/option><option value=\"Otros\">Autres<\/option><\/select><\/span>\n<\/p>\n<p><span class=\"wpcf7-form-control-wrap\" data-name=\"your-message\"><textarea cols=\"40\" rows=\"10\" maxlength=\"2000\" class=\"wpcf7-form-control wpcf7-textarea\" aria-invalid=\"false\" placeholder=\"Message ou demande\" name=\"your-message\"><\/textarea><\/span>\n<\/p>\n<div style=\"display: flex; align-items: center; gap: 10px;\">\n\t<p><span class=\"wpcf7-form-control-wrap\" data-name=\"privacy-policy\"><span class=\"wpcf7-form-control wpcf7-acceptance\"><span class=\"wpcf7-list-item\"><input type=\"checkbox\" name=\"privacy-policy\" value=\"1\" aria-invalid=\"false\" \/><\/span><\/span><\/span><label for=\"privacy-policy\" style=\"margin-left: 5px;\">J&#039;ai lu et accept\u00e9 la politique de confidentialit\u00e9.<\/label>\n\t<\/p>\n<\/div>\n<div style=\"display: flex; align-items: center; gap: 10px;\">\n\t<p><span class=\"wpcf7-form-control-wrap\" data-name=\"send-info\"><span class=\"wpcf7-form-control wpcf7-acceptance\"><span class=\"wpcf7-list-item\"><input type=\"checkbox\" name=\"send-info\" value=\"1\" aria-invalid=\"false\" \/><\/span><\/span><\/span><label for=\"send-info\" style=\"margin-left: 5px;\">J&#039;accepte de recevoir des informations.<\/label>\n\t<\/p>\n<\/div>\n<p><input class=\"wpcf7-form-control wpcf7-submit has-spinner\" type=\"submit\" value=\"Envoyer\" \/>\n<\/p><div class=\"wpcf7-response-output\" aria-hidden=\"true\"><\/div>\n<input type=\"hidden\" name=\"trp-form-language\" value=\"fr\"\/><\/form>\n<\/div>\n<\/div><\/div>\t\t\t\t<\/div>\n\t\t\t\t<\/div>\n\t\t\t\t\t<\/div>\n\t\t<\/div>\n\t\t\t\t\t<\/div>\n\t\t<\/section>\n\t\t\t\t<div class=\"elementor-element elementor-element-615d68f elementor-widget elementor-widget-text-editor\" data-id=\"615d68f\" data-element_type=\"widget\" data-e-type=\"widget\" data-widget_type=\"text-editor.default\">\n\t\t\t\t<div class=\"elementor-widget-container\">\n\t\t\t\t\t\t\t\t\t<div id=\"lipsum\"><h3>Trois fa\u00e7ons d&#039;utiliser l&#039;oxyg\u00e8ne actif<\/h3><p>Accessoire de lavage; Dans ce cas, 50 ml de sont ajout\u00e9s\u00a0<strong>Oxyg\u00e8ne actif<\/strong>\u00a0dans le bac \u00e0 lessive ou directement dans le tambour de la machine \u00e0 laver, puis vous devez ajouter le d\u00e9tergent comme vous le faites normalement et utiliser un programme dans lequel l&#039;eau est \u00e0 40 degr\u00e9s.<\/p><p>Pour les taches tenaces ; Dans ce cas, il est conseill\u00e9 d&#039;utiliser\u00a0<strong>Oxyg\u00e8ne actif<\/strong>\u00a0faire tremper et laver le v\u00eatement \u00e0 la main. Il est pr\u00e9f\u00e9rable de faire tremper le v\u00eatement pendant 1 \u00e0 5 heures dans de l&#039;eau ti\u00e8de ou chaude, en utilisant 50 ml de produit par litre d&#039;eau.<\/p><p>Utilisation directe; Diluer le produit dans de l&#039;eau ti\u00e8de ou chaude, en dosant 12,5 ml par litre d&#039;eau et en appliquant\u00a0<strong>Oxyg\u00e8ne actif<\/strong>\u00a0directement sur la tache \u00e0 traiter. Ensuite, vous devez le laisser reposer pendant 10 \u00e0 30 minutes, puis, apr\u00e8s ce temps, vous devez le frotter avec une \u00e9ponge ou une serviette humide et le laisser s\u00e9cher.<\/p><p>Nous fabriquons des produits sur mesure, en personnalisant le format du produit selon les besoins du client. Vous avez la possibilit\u00e9 de l&#039;acheter en formats 1kg, 2kg et 10kg. C&#039;est un produit capable d&#039;\u00e9liminer les taches difficiles sur des surfaces aussi compliqu\u00e9es que : Tapis, nappes, chaises, canap\u00e9s et toute surface lavable \u00e0 l&#039;eau.<\/p><p>Chez Dermo, nous fournissons des services \u00e0 divers secteurs tels que l&#039;h\u00f4tellerie, les maisons de retraite, la restauration, les services de nettoyage, l&#039;industrie et l&#039;automobile, etc., depuis plus de 30 ans. Et notre objectif est de fournir le meilleur service aux personnes qui nous font confiance et qui font confiance \u00e0 notre travail.<\/p><p>Nous proposons une large gamme de produits de nettoyage et d&#039;hygi\u00e8ne visant \u00e0 couvrir tous types de besoins. Ce sont des produits polyvalents ou sp\u00e9cifiques pour le linge, les lave-vaisselle, les d\u00e9tergents pour la vaisselle, les d\u00e9tartrants, les d\u00e9sinfectants, les traitements des sols, les d\u00e9graissants, les assainisseurs d&#039;air, etc. De plus, nous disposons d&#039;une ligne appel\u00e9e Naturgreen qui est formul\u00e9e avec des produits \u00e9cologiques, qui garantissent un niveau \u00e9lev\u00e9 de protection de l&#039;environnement sans sacrifier l&#039;efficacit\u00e9 maximale et la s\u00e9curit\u00e9 d&#039;utilisation.<\/p><p>Visitez notre site internet pour d\u00e9couvrir tous les d\u00e9tails de notre d\u00e9tachant\u00a0<strong>Oxyg\u00e8ne actif<\/strong>\u00a0et tous nos produits d&#039;entretien professionnels.<\/p><\/div>\t\t\t\t\t\t\t\t<\/div>\n\t\t\t\t<\/div>\n\t\t\t\t\t<\/div>\n\t\t<\/div>\n\t\t\t\t\t<\/div>\n\t\t<\/section>\n\t\t\t\t<section class=\"elementor-section elementor-top-section elementor-element elementor-element-484f41e elementor-section-full_width elementor-section-height-default elementor-section-height-default elementor-invisible\" data-id=\"484f41e\" data-element_type=\"section\" data-e-type=\"section\" data-settings=\"{&quot;animation&quot;:&quot;slideInUp&quot;}\">\n\t\t\t\t\t\t<div class=\"elementor-container elementor-column-gap-default\">\n\t\t\t\t\t<div class=\"elementor-column elementor-col-100 elementor-top-column elementor-element elementor-element-19948363\" data-id=\"19948363\" data-element_type=\"column\" data-e-type=\"column\">\n\t\t\t<div class=\"elementor-widget-wrap elementor-element-populated\">\n\t\t\t\t\t\t<div class=\"elementor-element elementor-element-339044a4 elementor-widget elementor-widget-google_maps\" data-id=\"339044a4\" data-element_type=\"widget\" data-e-type=\"widget\" data-widget_type=\"google_maps.default\">\n\t\t\t\t<div class=\"elementor-widget-container\">\n\t\t\t\t\t\t\t<div class=\"elementor-custom-embed\">\n\t\t\t<iframe loading=\"lazy\"\n\t\t\t\t\tsrc=\"https:\/\/maps.google.com\/maps?q=C%2F%20Pintor%20Joan%20Miro%2C%2016.%20Pol.%20Ind.%20Can%20Humet%20de%20Dalt%2C%2008213%20Poliny%C3%A0.%20Barcelona&#038;t=m&#038;z=15&#038;output=embed&#038;iwloc=near\"\n\t\t\t\t\ttitle=\"C\/ Pintor Joan Miro, 16. Pol. Ind. Can Humet de Dalt, 08213 Poliny\u00e0. Barcelone\"\n\t\t\t\t\taria-label=\"C\/ Pintor Joan Miro, 16. Pol. Ind. Can Humet de Dalt, 08213 Poliny\u00e0. Barcelone\"\n\t\t\t><\/iframe>\n\t\t<\/div>\n\t\t\t\t\t\t<\/div>\n\t\t\t\t<\/div>\n\t\t\t\t\t<\/div>\n\t\t<\/div>\n\t\t\t\t\t<\/div>\n\t\t<\/section>\n\t\t\t\t<\/div>","protected":false},"excerpt":{"rendered":"<p>Fort de plus de 30 ans d&#039;exp\u00e9rience dans le secteur, Dermo vous propose la meilleure s\u00e9lection de produits d\u00e9tergents con\u00e7us pour le nettoyage et l&#039;hygi\u00e8ne industriels et domestiques. Chez Dermo, vous trouverez des produits d&#039;hygi\u00e8ne corporelle hautement hydratants, formul\u00e9s avec des ingr\u00e9dients actifs doux et respectueux du pH de votre peau.&nbsp;<a href=\"https:\/\/dermo.com\/fr\/oxygene-actif\/\" rel=\"bookmark\">En savoir plus &quot;<span class=\"screen-reader-text\">Oxyg\u00e8ne actif<\/span><\/a><\/p>","protected":false},"author":2,"featured_media":0,"parent":0,"menu_order":0,"comment_status":"closed","ping_status":"closed","template":"page-templates\/template-pagebuilder-full-width.php","meta":{"neve_meta_sidebar":"","neve_meta_container":"","neve_meta_enable_content_width":"","neve_meta_content_width":0,"neve_meta_title_alignment":"","neve_meta_author_avatar":"","neve_post_elements_order":"","neve_meta_disable_header":"","neve_meta_disable_footer":"","neve_meta_disable_title":"","footnotes":""},"class_list":["post-12376","page","type-page","status-publish","hentry"],"yoast_head":"<!-- This site is optimized with the Yoast SEO plugin v27.0 - https:\/\/yoast.com\/product\/yoast-seo-wordpress\/ -->\n<title>Ox\u00edgeno Activo - Dermo | F\u00e1brica de detergentes<\/title>\n<meta name=\"robots\" content=\"index, follow, max-snippet:-1, max-image-preview:large, max-video-preview:-1\" \/>\n<link rel=\"canonical\" href=\"https:\/\/dermo.com\/fr\/oxygene-actif\/\" \/>\n<meta property=\"og:locale\" content=\"fr_FR\" \/>\n<meta property=\"og:type\" content=\"article\" \/>\n<meta property=\"og:title\" content=\"Ox\u00edgeno Activo - Dermo | F\u00e1brica de detergentes\" \/>\n<meta property=\"og:description\" content=\"En\u00a0, tras m\u00e1s de 30 a\u00f1os de experiencia en el sector, podemos ofrecerte la mejor selecci\u00f3n de productos detergentes dise\u00f1ados para la limpieza y la higiene industrial y dom\u00e9stica. En\u00a0Dermo\u00a0podr\u00e1s encontrar productos para la higiene personal, que son muy hidratantes y que est\u00e1n formulados con ingredientes activos muy delicados, preparados para respetar el pH de&hellip;&nbsp;Lire la suite &raquo;Ox\u00edgeno Activo\" \/>\n<meta property=\"og:url\" content=\"https:\/\/dermo.com\/fr\/oxygene-actif\/\" \/>\n<meta property=\"og:site_name\" content=\"Dermo | F\u00e1brica de detergentes\" \/>\n<meta property=\"article:modified_time\" content=\"2025-02-19T11:19:18+00:00\" \/>\n<meta property=\"og:image\" content=\"https:\/\/dermo.com\/wp-content\/uploads\/2019\/03\/oxigeno-activo-300x300.jpg\" \/>\n<meta name=\"twitter:card\" content=\"summary_large_image\" \/>\n<meta name=\"twitter:label1\" content=\"Dur\u00e9e de lecture estim\u00e9e\" \/>\n\t<meta name=\"twitter:data1\" content=\"3 minutes\" \/>\n<script type=\"application\/ld+json\" class=\"yoast-schema-graph\">{\"@context\":\"https:\/\/schema.org\",\"@graph\":[{\"@type\":\"WebPage\",\"@id\":\"https:\/\/dermo.com\/oxigeno-activo\/\",\"url\":\"https:\/\/dermo.com\/oxigeno-activo\/\",\"name\":\"Ox\u00edgeno Activo - Dermo | F\u00e1brica de detergentes\",\"isPartOf\":{\"@id\":\"https:\/\/dermo.com\/#website\"},\"primaryImageOfPage\":{\"@id\":\"https:\/\/dermo.com\/oxigeno-activo\/#primaryimage\"},\"image\":{\"@id\":\"https:\/\/dermo.com\/oxigeno-activo\/#primaryimage\"},\"thumbnailUrl\":\"https:\/\/dermo.com\/wp-content\/uploads\/2019\/03\/oxigeno-activo-300x300.jpg\",\"datePublished\":\"2025-01-30T11:10:32+00:00\",\"dateModified\":\"2025-02-19T11:19:18+00:00\",\"breadcrumb\":{\"@id\":\"https:\/\/dermo.com\/oxigeno-activo\/#breadcrumb\"},\"inLanguage\":\"fr-FR\",\"potentialAction\":[{\"@type\":\"ReadAction\",\"target\":[\"https:\/\/dermo.com\/oxigeno-activo\/\"]}]},{\"@type\":\"ImageObject\",\"inLanguage\":\"fr-FR\",\"@id\":\"https:\/\/dermo.com\/oxigeno-activo\/#primaryimage\",\"url\":\"https:\/\/dermo.com\/wp-content\/uploads\/2019\/03\/oxigeno-activo-300x300.jpg\",\"contentUrl\":\"https:\/\/dermo.com\/wp-content\/uploads\/2019\/03\/oxigeno-activo-300x300.jpg\"},{\"@type\":\"BreadcrumbList\",\"@id\":\"https:\/\/dermo.com\/oxigeno-activo\/#breadcrumb\",\"itemListElement\":[{\"@type\":\"ListItem\",\"position\":1,\"name\":\"Portada\",\"item\":\"https:\/\/dermo.com\/\"},{\"@type\":\"ListItem\",\"position\":2,\"name\":\"Ox\u00edgeno Activo\"}]},{\"@type\":\"WebSite\",\"@id\":\"https:\/\/dermo.com\/#website\",\"url\":\"https:\/\/dermo.com\/\",\"name\":\"Dermo | F\u00e1brica de detergentes\",\"description\":\"Tecnolog\u00eda avanzada, investigaci\u00f3n y desarrollo, respeto por el medio ambiente, competencia, formaci\u00f3n constante y alto nivel de profesionalidad en nuestro equipo humano, empe\u00f1ado en preservar la calidad de vida, la protecci\u00f3n del entorno natural contin\u00faan motiv\u00e1ndonos para desarrollar en nuestros laboratorios nuevos productos con ingredientes activos altamente biodegradables que hacen posible un desarrollo sostenible.\",\"potentialAction\":[{\"@type\":\"SearchAction\",\"target\":{\"@type\":\"EntryPoint\",\"urlTemplate\":\"https:\/\/dermo.com\/?s={search_term_string}\"},\"query-input\":{\"@type\":\"PropertyValueSpecification\",\"valueRequired\":true,\"valueName\":\"search_term_string\"}}],\"inLanguage\":\"fr-FR\"}]}<\/script>\n<!-- \/ Yoast SEO plugin. -->","yoast_head_json":{"title":"Oxyg\u00e8ne Actif - Dermo | Usine de d\u00e9tergents","robots":{"index":"index","follow":"follow","max-snippet":"max-snippet:-1","max-image-preview":"max-image-preview:large","max-video-preview":"max-video-preview:-1"},"canonical":"https:\/\/dermo.com\/fr\/oxygene-actif\/","og_locale":"fr_FR","og_type":"article","og_title":"Ox\u00edgeno Activo - Dermo | F\u00e1brica de detergentes","og_description":"En\u00a0, tras m\u00e1s de 30 a\u00f1os de experiencia en el sector, podemos ofrecerte la mejor selecci\u00f3n de productos detergentes dise\u00f1ados para la limpieza y la higiene industrial y dom\u00e9stica. En\u00a0Dermo\u00a0podr\u00e1s encontrar productos para la higiene personal, que son muy hidratantes y que est\u00e1n formulados con ingredientes activos muy delicados, preparados para respetar el pH de&hellip;&nbsp;Lire la suite &raquo;Ox\u00edgeno Activo","og_url":"https:\/\/dermo.com\/fr\/oxygene-actif\/","og_site_name":"Dermo | F\u00e1brica de detergentes","article_modified_time":"2025-02-19T11:19:18+00:00","og_image":[{"url":"https:\/\/dermo.com\/wp-content\/uploads\/2019\/03\/oxigeno-activo-300x300.jpg","type":"","width":"","height":""}],"twitter_card":"summary_large_image","twitter_misc":{"Dur\u00e9e de lecture estim\u00e9e":"3 minutes"},"schema":{"@context":"https:\/\/schema.org","@graph":[{"@type":"WebPage","@id":"https:\/\/dermo.com\/oxigeno-activo\/","url":"https:\/\/dermo.com\/oxigeno-activo\/","name":"Oxyg\u00e8ne Actif - Dermo | Usine de d\u00e9tergents","isPartOf":{"@id":"https:\/\/dermo.com\/#website"},"primaryImageOfPage":{"@id":"https:\/\/dermo.com\/oxigeno-activo\/#primaryimage"},"image":{"@id":"https:\/\/dermo.com\/oxigeno-activo\/#primaryimage"},"thumbnailUrl":"https:\/\/dermo.com\/wp-content\/uploads\/2019\/03\/oxigeno-activo-300x300.jpg","datePublished":"2025-01-30T11:10:32+00:00","dateModified":"2025-02-19T11:19:18+00:00","breadcrumb":{"@id":"https:\/\/dermo.com\/oxigeno-activo\/#breadcrumb"},"inLanguage":"fr-FR","potentialAction":[{"@type":"ReadAction","target":["https:\/\/dermo.com\/oxigeno-activo\/"]}]},{"@type":"ImageObject","inLanguage":"fr-FR","@id":"https:\/\/dermo.com\/oxigeno-activo\/#primaryimage","url":"https:\/\/dermo.com\/wp-content\/uploads\/2019\/03\/oxigeno-activo-300x300.jpg","contentUrl":"https:\/\/dermo.com\/wp-content\/uploads\/2019\/03\/oxigeno-activo-300x300.jpg"},{"@type":"BreadcrumbList","@id":"https:\/\/dermo.com\/oxigeno-activo\/#breadcrumb","itemListElement":[{"@type":"ListItem","position":1,"name":"Portada","item":"https:\/\/dermo.com\/"},{"@type":"ListItem","position":2,"name":"Ox\u00edgeno Activo"}]},{"@type":"WebSite","@id":"https:\/\/dermo.com\/#website","url":"https:\/\/dermo.com\/","name":"Dermo | usine de d\u00e9tergents","description":"Technologie avanc\u00e9e, recherche et d\u00e9veloppement, respect de l&#039;environnement, comp\u00e9tence, formation constante et haut niveau de professionnalisme de notre \u00e9quipe humaine, engag\u00e9e \u00e0 pr\u00e9server la qualit\u00e9 de vie, la protection de l&#039;environnement naturel continuent de nous motiver \u00e0 d\u00e9velopper de nouveaux produits dans notre laboratoires aux principes actifs hautement biod\u00e9gradables qui rendent possible le d\u00e9veloppement durable.","potentialAction":[{"@type":"SearchAction","target":{"@type":"EntryPoint","urlTemplate":"https:\/\/dermo.com\/?s={search_term_string}"},"query-input":{"@type":"PropertyValueSpecification","valueRequired":true,"valueName":"search_term_string"}}],"inLanguage":"fr-FR"}]}},"_links":{"self":[{"href":"https:\/\/dermo.com\/fr\/wp-json\/wp\/v2\/pages\/12376","targetHints":{"allow":["GET"]}}],"collection":[{"href":"https:\/\/dermo.com\/fr\/wp-json\/wp\/v2\/pages"}],"about":[{"href":"https:\/\/dermo.com\/fr\/wp-json\/wp\/v2\/types\/page"}],"author":[{"embeddable":true,"href":"https:\/\/dermo.com\/fr\/wp-json\/wp\/v2\/users\/2"}],"replies":[{"embeddable":true,"href":"https:\/\/dermo.com\/fr\/wp-json\/wp\/v2\/comments?post=12376"}],"version-history":[{"count":7,"href":"https:\/\/dermo.com\/fr\/wp-json\/wp\/v2\/pages\/12376\/revisions"}],"predecessor-version":[{"id":13635,"href":"https:\/\/dermo.com\/fr\/wp-json\/wp\/v2\/pages\/12376\/revisions\/13635"}],"wp:attachment":[{"href":"https:\/\/dermo.com\/fr\/wp-json\/wp\/v2\/media?parent=12376"}],"curies":[{"name":"wp","href":"https:\/\/api.w.org\/{rel}","templated":true}]}}