{"id":12377,"date":"2025-01-30T12:16:06","date_gmt":"2025-01-30T11:16:06","guid":{"rendered":"https:\/\/dermo.com\/?page_id=12377"},"modified":"2025-02-19T12:37:01","modified_gmt":"2025-02-19T11:37:01","slug":"vente-de-produits-dentretien-pour-professionnels","status":"publish","type":"page","link":"https:\/\/dermo.com\/fr\/vente-de-produits-dentretien-pour-professionnels\/","title":{"rendered":"Vente de produits d&#039;entretien pour professionnels"},"content":{"rendered":"<div data-elementor-type=\"wp-page\" data-elementor-id=\"12377\" class=\"elementor elementor-12377\" data-elementor-post-type=\"page\">\n\t\t\t\t\t\t<section class=\"elementor-section elementor-top-section elementor-element elementor-element-a02683f elementor-section-boxed elementor-section-height-default elementor-section-height-default\" data-id=\"a02683f\" data-element_type=\"section\" data-e-type=\"section\" data-settings=\"{&quot;background_background&quot;:&quot;classic&quot;}\">\n\t\t\t\t\t\t\t<div class=\"elementor-background-overlay\"><\/div>\n\t\t\t\t\t\t\t<div class=\"elementor-container elementor-column-gap-default\">\n\t\t\t\t\t<div class=\"elementor-column elementor-col-100 elementor-top-column elementor-element elementor-element-f99dbff\" data-id=\"f99dbff\" data-element_type=\"column\" data-e-type=\"column\">\n\t\t\t<div class=\"elementor-widget-wrap elementor-element-populated\">\n\t\t\t\t\t\t\t<\/div>\n\t\t<\/div>\n\t\t\t\t\t<\/div>\n\t\t<\/section>\n\t\t\t\t<section class=\"elementor-section elementor-top-section elementor-element elementor-element-233ad3a4 elementor-section-boxed elementor-section-height-default elementor-section-height-default\" data-id=\"233ad3a4\" data-element_type=\"section\" data-e-type=\"section\">\n\t\t\t\t\t\t<div class=\"elementor-container elementor-column-gap-default\">\n\t\t\t\t\t<div class=\"elementor-column elementor-col-100 elementor-top-column elementor-element elementor-element-3244e578\" data-id=\"3244e578\" data-element_type=\"column\" data-e-type=\"column\">\n\t\t\t<div class=\"elementor-widget-wrap elementor-element-populated\">\n\t\t\t\t\t\t<section class=\"elementor-section elementor-inner-section elementor-element elementor-element-1a7040c2 elementor-section-content-middle elementor-section-boxed elementor-section-height-default elementor-section-height-default\" data-id=\"1a7040c2\" data-element_type=\"section\" data-e-type=\"section\">\n\t\t\t\t\t\t<div class=\"elementor-container elementor-column-gap-default\">\n\t\t\t\t\t<div class=\"elementor-column elementor-col-50 elementor-inner-column elementor-element elementor-element-58338543\" data-id=\"58338543\" data-element_type=\"column\" data-e-type=\"column\">\n\t\t\t<div class=\"elementor-widget-wrap elementor-element-populated\">\n\t\t\t\t\t\t<div class=\"elementor-element elementor-element-464b2e11 elementor-widget elementor-widget-text-editor\" data-id=\"464b2e11\" data-element_type=\"widget\" data-e-type=\"widget\" data-widget_type=\"text-editor.default\">\n\t\t\t\t<div class=\"elementor-widget-container\">\n\t\t\t\t\t\t\t\t\t<div id=\"lipsum\"><p>L&#039;un de nos services phares, avec la fabrication et la production de nos produits, est la\u00a0<strong>vente de produits d&#039;entretien pour professionnels<\/strong>; Professionnels de l&#039;industrie, de l&#039;automobile, de l&#039;h\u00f4tellerie, etc.<\/p><p>Dermo est une entreprise sp\u00e9cialis\u00e9e dans la fabrication et\u00a0<strong>vente de produits d&#039;entretien pour professionnels<\/strong>. Nous sommes une usine de d\u00e9tergents et nous sommes responsables de la fabrication de produits con\u00e7us pour le nettoyage et l&#039;hygi\u00e8ne industrielle et domestique, en cr\u00e9ant des solutions personnalis\u00e9es avec des formules actives puissantes, capables d&#039;\u00e9liminer tous les types de salet\u00e9 ou de graisse de la mani\u00e8re la plus efficace, rapide et durable possible.<\/p><p>Dans notre catalogue, vous trouverez des produits de nettoyage con\u00e7us pour l&#039;hygi\u00e8ne industrielle tels que ; Cirages, d\u00e9tergents alcalins, nettoyants acides pour l&#039;industrie alimentaire, gel pour les mains, etc. Nous avons diff\u00e9rentes cat\u00e9gories de produits ; d\u00e9tartrants, nettoyants sp\u00e9cifiques, traitements pour sols, d\u00e9graissants, d\u00e9sodorisants, etc.<\/p><p>Chez Dermo, nous avons des produits sp\u00e9cifiques tels que des produits de nettoyage sp\u00e9cifiques pour le secteur automobile, qui peuvent \u00e9liminer des salet\u00e9s tr\u00e8s sp\u00e9cifiques telles que la graisse moteur, les garnitures, les pneus, la carrosserie, etc.<\/p><\/div>\t\t\t\t\t\t\t\t<\/div>\n\t\t\t\t<\/div>\n\t\t\t\t\t<\/div>\n\t\t<\/div>\n\t\t\t\t<div class=\"elementor-column elementor-col-50 elementor-inner-column elementor-element elementor-element-a9f2d49 elementor-invisible\" data-id=\"a9f2d49\" data-element_type=\"column\" data-e-type=\"column\" data-settings=\"{&quot;animation&quot;:&quot;bounceInRight&quot;}\">\n\t\t\t<div class=\"elementor-widget-wrap elementor-element-populated\">\n\t\t\t\t\t\t<div class=\"elementor-element elementor-element-c97228e elementor-widget__width-initial elementor-widget elementor-widget-elementskit-contact-form7\" data-id=\"c97228e\" data-element_type=\"widget\" data-e-type=\"widget\" data-widget_type=\"elementskit-contact-form7.default\">\n\t\t\t\t<div class=\"elementor-widget-container\">\n\t\t\t\t\t<div class=\"ekit-wid-con\" ><div class=\"ekit-form\">\n<div class=\"wpcf7 no-js\" id=\"wpcf7-f13292-o1\" lang=\"es-ES\" dir=\"ltr\" data-wpcf7-id=\"13292\">\n<div class=\"screen-reader-response\"><p role=\"status\" aria-live=\"polite\" aria-atomic=\"true\"><\/p> <ul><\/ul><\/div>\n<form action=\"\/fr\/wp-json\/wp\/v2\/pages\/12377#wpcf7-f13292-o1\" method=\"post\" class=\"wpcf7-form init\" aria-label=\"Formulaire de contact\" novalidate=\"novalidate\" data-status=\"init\" data-trp-original-action=\"\/fr\/wp-json\/wp\/v2\/pages\/12377#wpcf7-f13292-o1\">\n<fieldset class=\"hidden-fields-container\"><input type=\"hidden\" name=\"_wpcf7\" value=\"13292\" \/><input type=\"hidden\" name=\"_wpcf7_version\" value=\"6.1.5\" \/><input type=\"hidden\" name=\"_wpcf7_locale\" value=\"es_ES\" \/><input type=\"hidden\" name=\"_wpcf7_unit_tag\" value=\"wpcf7-f13292-o1\" \/><input type=\"hidden\" name=\"_wpcf7_container_post\" value=\"0\" \/><input type=\"hidden\" name=\"_wpcf7_posted_data_hash\" value=\"\" \/><input type=\"hidden\" name=\"_wpcf7_recaptcha_response\" value=\"\" \/>\n<\/fieldset>\n<div style=\"display: flex; gap: 10px;\">\n\t<div style=\"width: 50%;\">\n\t\t<p><span class=\"wpcf7-form-control-wrap\" data-name=\"your-name\"><input size=\"40\" maxlength=\"400\" class=\"wpcf7-form-control wpcf7-text wpcf7-validates-as-required\" aria-required=\"true\" aria-invalid=\"false\" placeholder=\"Nom\" value=\"\" type=\"text\" name=\"your-name\" \/><\/span>\n\t\t<\/p>\n\t<\/div>\n\t<div style=\"width: 50%;\">\n\t\t<p><span class=\"wpcf7-form-control-wrap\" data-name=\"your-phone\"><input size=\"40\" maxlength=\"400\" class=\"wpcf7-form-control wpcf7-tel wpcf7-validates-as-required wpcf7-text wpcf7-validates-as-tel\" aria-required=\"true\" aria-invalid=\"false\" placeholder=\"T\u00e9l\u00e9phone\" value=\"\" type=\"tel\" name=\"your-phone\" \/><\/span>\n\t\t<\/p>\n\t<\/div>\n<\/div>\n<p><span class=\"wpcf7-form-control-wrap\" data-name=\"your-email\"><input size=\"40\" maxlength=\"400\" class=\"wpcf7-form-control wpcf7-email wpcf7-validates-as-required wpcf7-text wpcf7-validates-as-email\" aria-required=\"true\" aria-invalid=\"false\" placeholder=\"E-mail\" value=\"\" type=\"email\" name=\"your-email\" \/><\/span>\n<\/p>\n<div style=\"display: flex; gap: 10px;\">\n\t<div style=\"width: 50%;\">\n\t\t<p><span class=\"wpcf7-form-control-wrap\" data-name=\"your-country\"><input size=\"40\" maxlength=\"400\" class=\"wpcf7-form-control wpcf7-text wpcf7-validates-as-required\" aria-required=\"true\" aria-invalid=\"false\" placeholder=\"Pays\" value=\"\" type=\"text\" name=\"your-country\" \/><\/span>\n\t\t<\/p>\n\t<\/div>\n\t<div style=\"width: 50%;\">\n\t\t<p><span class=\"wpcf7-form-control-wrap\" data-name=\"your-city\"><input size=\"40\" maxlength=\"400\" class=\"wpcf7-form-control wpcf7-text wpcf7-validates-as-required\" aria-required=\"true\" aria-invalid=\"false\" placeholder=\"Population\" value=\"\" type=\"text\" name=\"your-city\" \/><\/span>\n\t\t<\/p>\n\t<\/div>\n<\/div>\n<p><span class=\"wpcf7-form-control-wrap\" data-name=\"your-subject\"><select class=\"wpcf7-form-control wpcf7-select\" aria-invalid=\"false\" name=\"your-subject\"><option value=\"Quiero ser distribuidor\">Je veux \u00eatre distributeur<\/option><option value=\"Presupuesto\">Budget<\/option><option value=\"Consulta\">Consultation<\/option><option value=\"Sugerencia\">Suggestion<\/option><option value=\"Otros\">Autres<\/option><\/select><\/span>\n<\/p>\n<p><span class=\"wpcf7-form-control-wrap\" data-name=\"your-message\"><textarea cols=\"40\" rows=\"10\" maxlength=\"2000\" class=\"wpcf7-form-control wpcf7-textarea\" aria-invalid=\"false\" placeholder=\"Message ou demande\" name=\"your-message\"><\/textarea><\/span>\n<\/p>\n<div style=\"display: flex; align-items: center; gap: 10px;\">\n\t<p><span class=\"wpcf7-form-control-wrap\" data-name=\"privacy-policy\"><span class=\"wpcf7-form-control wpcf7-acceptance\"><span class=\"wpcf7-list-item\"><input type=\"checkbox\" name=\"privacy-policy\" value=\"1\" aria-invalid=\"false\" \/><\/span><\/span><\/span><label for=\"privacy-policy\" style=\"margin-left: 5px;\">J&#039;ai lu et accept\u00e9 la politique de confidentialit\u00e9.<\/label>\n\t<\/p>\n<\/div>\n<div style=\"display: flex; align-items: center; gap: 10px;\">\n\t<p><span class=\"wpcf7-form-control-wrap\" data-name=\"send-info\"><span class=\"wpcf7-form-control wpcf7-acceptance\"><span class=\"wpcf7-list-item\"><input type=\"checkbox\" name=\"send-info\" value=\"1\" aria-invalid=\"false\" \/><\/span><\/span><\/span><label for=\"send-info\" style=\"margin-left: 5px;\">J&#039;accepte de recevoir des informations.<\/label>\n\t<\/p>\n<\/div>\n<p><input class=\"wpcf7-form-control wpcf7-submit has-spinner\" type=\"submit\" value=\"Envoyer\" \/>\n<\/p><div class=\"wpcf7-response-output\" aria-hidden=\"true\"><\/div>\n<input type=\"hidden\" name=\"trp-form-language\" value=\"fr\"\/><\/form>\n<\/div>\n<\/div><\/div>\t\t\t\t<\/div>\n\t\t\t\t<\/div>\n\t\t\t\t\t<\/div>\n\t\t<\/div>\n\t\t\t\t\t<\/div>\n\t\t<\/section>\n\t\t\t\t<div class=\"elementor-element elementor-element-615d68f elementor-widget elementor-widget-text-editor\" data-id=\"615d68f\" data-element_type=\"widget\" data-e-type=\"widget\" data-widget_type=\"text-editor.default\">\n\t\t\t\t<div class=\"elementor-widget-container\">\n\t\t\t\t\t\t\t\t\t<p style=\"text-align: left;\">Notre technologie de pointe, l&#039;exp\u00e9rience et le professionnalisme de notre \u00e9quipe, l&#039;utilisation de mat\u00e9riaux de premi\u00e8re qualit\u00e9 et l&#039;utilisation de zones sp\u00e9cifiques et st\u00e9rilis\u00e9es pour la fabrication de produits, telles que la salle blanche, nous permettent de nous positionner comme l&#039;une des entreprises leaders du secteur au niveau national. Nous continuons \u00e0 nous former et \u00e0 apprendre, afin de perfectionner nos produits et services. Nous utilisons des ingr\u00e9dients actifs biod\u00e9gradables qui permettent un d\u00e9veloppement durable, car nous sommes engag\u00e9s pour l&#039;environnement et faisons tout notre possible pour r\u00e9aliser un processus de fabrication et de production durable.<\/p><p>Nous disposons d&#039;un large catalogue de produits de nettoyage pour le nettoyage industriel, le nettoyage domestique et l&#039;hygi\u00e8ne personnelle. Vous y trouverez des produits d&#039;entretien multi-usages, des produits pour un nettoyage sp\u00e9cifique et m\u00eame une gamme de produits \u00e9cologiques appel\u00e9e Naturgreen.<\/p><p>Notre objectif est d&#039;offrir un service complet et sp\u00e9cialis\u00e9 pour r\u00e9soudre tout type de salet\u00e9, gr\u00e2ce \u00e0 la conception et \u00e0 la fabrication de produits chimiques et d\u00e9tergents de premi\u00e8re qualit\u00e9. La formule de nos produits contient un ingr\u00e9dient actif puissant qui garantit une rentabilit\u00e9 \u00e9lev\u00e9e \u00e0 nos clients. Nous nous adaptons aux besoins du march\u00e9 actuel, afin de personnaliser et d&#039;adapter nos produits en fonction des besoins de chaque client.<\/p><p>Nous sommes une entreprise familiale fond\u00e9e en 1987 et nous internationalisons actuellement nos produits dans 32 pays diff\u00e9rents, ce qui fait de nous l&#039;une des marques leaders dans le secteur de\u00a0<strong>vente de produits d&#039;entretien pour professionnels<\/strong>. Sur notre site Web, vous trouverez toutes les informations dont vous avez besoin sur le\u00a0<strong>vente de produits d&#039;entretien pour professionnels<\/strong>\u00a0et sur le reste des produits et services que nous vous proposons.<\/p><div class=\"snippet-label-img\"><b>Type de service<\/b><\/div><div class=\"snippet-data-img\">Vente de produits d&#039;entretien pour professionnels<\/div><div class=\"snippet-clear\">\u00a0<\/div><div class=\"snippet-label-img\"><b>Nom du fournisseur<\/b><\/div><div class=\"snippet-data-img\"><p>Dermo,<\/p><div>C\/ Pintor Joan Miro, 16, Poliny\u00e0, Barcelone-08213,<br \/>Num\u00e9ro de t\u00e9l\u00e9phone 937 13 35 00<\/div><\/div><div class=\"snippet-clear\">\u00a0<\/div><div class=\"snippet-label-img\">Zone<\/div><div class=\"snippet-data-img\">Barcelone<\/div><div class=\"snippet-clear\">\u00a0<\/div><div class=\"snippet-label-img\"><b>Description<\/b><\/div><div class=\"snippet-data-img\">L&#039;un de nos services phares, avec la fabrication et la production de nos produits, est la vente de produits d&#039;entretien pour les professionnels ; Professionnels de l&#039;industrie, de l&#039;automobile, de l&#039;h\u00f4tellerie, etc.<\/div>\t\t\t\t\t\t\t\t<\/div>\n\t\t\t\t<\/div>\n\t\t\t\t\t<\/div>\n\t\t<\/div>\n\t\t\t\t\t<\/div>\n\t\t<\/section>\n\t\t\t\t<section class=\"elementor-section elementor-top-section elementor-element elementor-element-484f41e elementor-section-full_width elementor-section-height-default elementor-section-height-default elementor-invisible\" data-id=\"484f41e\" data-element_type=\"section\" data-e-type=\"section\" data-settings=\"{&quot;animation&quot;:&quot;slideInUp&quot;}\">\n\t\t\t\t\t\t<div class=\"elementor-container elementor-column-gap-default\">\n\t\t\t\t\t<div class=\"elementor-column elementor-col-100 elementor-top-column elementor-element elementor-element-19948363\" data-id=\"19948363\" data-element_type=\"column\" data-e-type=\"column\">\n\t\t\t<div class=\"elementor-widget-wrap elementor-element-populated\">\n\t\t\t\t\t\t<div class=\"elementor-element elementor-element-339044a4 elementor-widget elementor-widget-google_maps\" data-id=\"339044a4\" data-element_type=\"widget\" data-e-type=\"widget\" data-widget_type=\"google_maps.default\">\n\t\t\t\t<div class=\"elementor-widget-container\">\n\t\t\t\t\t\t\t<div class=\"elementor-custom-embed\">\n\t\t\t<iframe loading=\"lazy\"\n\t\t\t\t\tsrc=\"https:\/\/maps.google.com\/maps?q=C%2F%20Pintor%20Joan%20Miro%2C%2016.%20Pol.%20Ind.%20Can%20Humet%20de%20Dalt%2C%2008213%20Poliny%C3%A0.%20Barcelona&#038;t=m&#038;z=15&#038;output=embed&#038;iwloc=near\"\n\t\t\t\t\ttitle=\"C\/ Pintor Joan Miro, 16. Pol. Ind. Can Humet de Dalt, 08213 Poliny\u00e0. Barcelone\"\n\t\t\t\t\taria-label=\"C\/ Pintor Joan Miro, 16. Pol. Ind. Can Humet de Dalt, 08213 Poliny\u00e0. Barcelone\"\n\t\t\t><\/iframe>\n\t\t<\/div>\n\t\t\t\t\t\t<\/div>\n\t\t\t\t<\/div>\n\t\t\t\t\t<\/div>\n\t\t<\/div>\n\t\t\t\t\t<\/div>\n\t\t<\/section>\n\t\t\t\t<\/div>","protected":false},"excerpt":{"rendered":"<p>Outre la fabrication et la production de nos produits, l&#039;un de nos services phares est la vente de produits d&#039;entretien destin\u00e9s aux professionnels, notamment des secteurs industriel, automobile et h\u00f4telier. Dermo est une entreprise sp\u00e9cialis\u00e9e dans la fabrication et la vente de produits d&#039;entretien destin\u00e9s aux professionnels. Nous sommes une usine de d\u00e9tergents et\u2026&nbsp;<a href=\"https:\/\/dermo.com\/fr\/vente-de-produits-dentretien-pour-professionnels\/\" rel=\"bookmark\">En savoir plus &quot;<span class=\"screen-reader-text\">Vente de produits d&#039;entretien pour professionnels<\/span><\/a><\/p>","protected":false},"author":2,"featured_media":0,"parent":0,"menu_order":0,"comment_status":"closed","ping_status":"closed","template":"page-templates\/template-pagebuilder-full-width.php","meta":{"neve_meta_sidebar":"","neve_meta_container":"","neve_meta_enable_content_width":"","neve_meta_content_width":0,"neve_meta_title_alignment":"","neve_meta_author_avatar":"","neve_post_elements_order":"","neve_meta_disable_header":"","neve_meta_disable_footer":"","neve_meta_disable_title":"","footnotes":""},"class_list":["post-12377","page","type-page","status-publish","hentry"],"yoast_head":"<!-- This site is optimized with the Yoast SEO plugin v27.0 - https:\/\/yoast.com\/product\/yoast-seo-wordpress\/ -->\n<title>Venta de productos de limpieza para profesionales - Dermo | F\u00e1brica de detergentes<\/title>\n<meta name=\"robots\" content=\"index, follow, max-snippet:-1, max-image-preview:large, max-video-preview:-1\" \/>\n<link rel=\"canonical\" href=\"https:\/\/dermo.com\/fr\/vente-de-produits-dentretien-pour-professionnels\/\" \/>\n<meta property=\"og:locale\" content=\"fr_FR\" \/>\n<meta property=\"og:type\" content=\"article\" \/>\n<meta property=\"og:title\" content=\"Venta de productos de limpieza para profesionales - Dermo | F\u00e1brica de detergentes\" \/>\n<meta property=\"og:description\" content=\"Uno de nuestros servicios estrella, junto a la fabricaci\u00f3n y elaboraci\u00f3n de nuestros productos, es la\u00a0venta de productos de limpieza para profesionales; Profesionales de la industria, de la automoci\u00f3n, del sector hotelero, etc. Dermo es una empresa especializada en la fabricaci\u00f3n y\u00a0venta de productos de limpieza para profesionales. Somos una f\u00e1brica de detergentes y nos&hellip;&nbsp;Lire la suite &raquo;Venta de productos de limpieza para profesionales\" \/>\n<meta property=\"og:url\" content=\"https:\/\/dermo.com\/fr\/vente-de-produits-dentretien-pour-professionnels\/\" \/>\n<meta property=\"og:site_name\" content=\"Dermo | F\u00e1brica de detergentes\" \/>\n<meta property=\"article:modified_time\" content=\"2025-02-19T11:37:01+00:00\" \/>\n<meta name=\"twitter:card\" content=\"summary_large_image\" \/>\n<meta name=\"twitter:label1\" content=\"Dur\u00e9e de lecture estim\u00e9e\" \/>\n\t<meta name=\"twitter:data1\" content=\"3 minutes\" \/>\n<script type=\"application\/ld+json\" class=\"yoast-schema-graph\">{\"@context\":\"https:\/\/schema.org\",\"@graph\":[{\"@type\":\"WebPage\",\"@id\":\"https:\/\/dermo.com\/venta-de-productos-de-limpieza-para-profesionales\/\",\"url\":\"https:\/\/dermo.com\/venta-de-productos-de-limpieza-para-profesionales\/\",\"name\":\"Venta de productos de limpieza para profesionales - Dermo | F\u00e1brica de detergentes\",\"isPartOf\":{\"@id\":\"https:\/\/dermo.com\/#website\"},\"datePublished\":\"2025-01-30T11:16:06+00:00\",\"dateModified\":\"2025-02-19T11:37:01+00:00\",\"breadcrumb\":{\"@id\":\"https:\/\/dermo.com\/venta-de-productos-de-limpieza-para-profesionales\/#breadcrumb\"},\"inLanguage\":\"fr-FR\",\"potentialAction\":[{\"@type\":\"ReadAction\",\"target\":[\"https:\/\/dermo.com\/venta-de-productos-de-limpieza-para-profesionales\/\"]}]},{\"@type\":\"BreadcrumbList\",\"@id\":\"https:\/\/dermo.com\/venta-de-productos-de-limpieza-para-profesionales\/#breadcrumb\",\"itemListElement\":[{\"@type\":\"ListItem\",\"position\":1,\"name\":\"Portada\",\"item\":\"https:\/\/dermo.com\/\"},{\"@type\":\"ListItem\",\"position\":2,\"name\":\"Venta de productos de limpieza para profesionales\"}]},{\"@type\":\"WebSite\",\"@id\":\"https:\/\/dermo.com\/#website\",\"url\":\"https:\/\/dermo.com\/\",\"name\":\"Dermo | F\u00e1brica de detergentes\",\"description\":\"Tecnolog\u00eda avanzada, investigaci\u00f3n y desarrollo, respeto por el medio ambiente, competencia, formaci\u00f3n constante y alto nivel de profesionalidad en nuestro equipo humano, empe\u00f1ado en preservar la calidad de vida, la protecci\u00f3n del entorno natural contin\u00faan motiv\u00e1ndonos para desarrollar en nuestros laboratorios nuevos productos con ingredientes activos altamente biodegradables que hacen posible un desarrollo sostenible.\",\"potentialAction\":[{\"@type\":\"SearchAction\",\"target\":{\"@type\":\"EntryPoint\",\"urlTemplate\":\"https:\/\/dermo.com\/?s={search_term_string}\"},\"query-input\":{\"@type\":\"PropertyValueSpecification\",\"valueRequired\":true,\"valueName\":\"search_term_string\"}}],\"inLanguage\":\"fr-FR\"}]}<\/script>\n<!-- \/ Yoast SEO plugin. -->","yoast_head_json":{"title":"Vente de produits d&#039;entretien pour professionnels - Dermo | Usine de d\u00e9tergents","robots":{"index":"index","follow":"follow","max-snippet":"max-snippet:-1","max-image-preview":"max-image-preview:large","max-video-preview":"max-video-preview:-1"},"canonical":"https:\/\/dermo.com\/fr\/vente-de-produits-dentretien-pour-professionnels\/","og_locale":"fr_FR","og_type":"article","og_title":"Venta de productos de limpieza para profesionales - Dermo | F\u00e1brica de detergentes","og_description":"Uno de nuestros servicios estrella, junto a la fabricaci\u00f3n y elaboraci\u00f3n de nuestros productos, es la\u00a0venta de productos de limpieza para profesionales; Profesionales de la industria, de la automoci\u00f3n, del sector hotelero, etc. Dermo es una empresa especializada en la fabricaci\u00f3n y\u00a0venta de productos de limpieza para profesionales. Somos una f\u00e1brica de detergentes y nos&hellip;&nbsp;Lire la suite &raquo;Venta de productos de limpieza para profesionales","og_url":"https:\/\/dermo.com\/fr\/vente-de-produits-dentretien-pour-professionnels\/","og_site_name":"Dermo | F\u00e1brica de detergentes","article_modified_time":"2025-02-19T11:37:01+00:00","twitter_card":"summary_large_image","twitter_misc":{"Dur\u00e9e de lecture estim\u00e9e":"3 minutes"},"schema":{"@context":"https:\/\/schema.org","@graph":[{"@type":"WebPage","@id":"https:\/\/dermo.com\/venta-de-productos-de-limpieza-para-profesionales\/","url":"https:\/\/dermo.com\/venta-de-productos-de-limpieza-para-profesionales\/","name":"Vente de produits d&#039;entretien pour professionnels - Dermo | Usine de d\u00e9tergents","isPartOf":{"@id":"https:\/\/dermo.com\/#website"},"datePublished":"2025-01-30T11:16:06+00:00","dateModified":"2025-02-19T11:37:01+00:00","breadcrumb":{"@id":"https:\/\/dermo.com\/venta-de-productos-de-limpieza-para-profesionales\/#breadcrumb"},"inLanguage":"fr-FR","potentialAction":[{"@type":"ReadAction","target":["https:\/\/dermo.com\/venta-de-productos-de-limpieza-para-profesionales\/"]}]},{"@type":"BreadcrumbList","@id":"https:\/\/dermo.com\/venta-de-productos-de-limpieza-para-profesionales\/#breadcrumb","itemListElement":[{"@type":"ListItem","position":1,"name":"Portada","item":"https:\/\/dermo.com\/"},{"@type":"ListItem","position":2,"name":"Venta de productos de limpieza para profesionales"}]},{"@type":"WebSite","@id":"https:\/\/dermo.com\/#website","url":"https:\/\/dermo.com\/","name":"Dermo | usine de d\u00e9tergents","description":"Technologie avanc\u00e9e, recherche et d\u00e9veloppement, respect de l&#039;environnement, comp\u00e9tence, formation constante et haut niveau de professionnalisme de notre \u00e9quipe humaine, engag\u00e9e \u00e0 pr\u00e9server la qualit\u00e9 de vie, la protection de l&#039;environnement naturel continuent de nous motiver \u00e0 d\u00e9velopper de nouveaux produits dans notre laboratoires aux principes actifs hautement biod\u00e9gradables qui rendent possible le d\u00e9veloppement durable.","potentialAction":[{"@type":"SearchAction","target":{"@type":"EntryPoint","urlTemplate":"https:\/\/dermo.com\/?s={search_term_string}"},"query-input":{"@type":"PropertyValueSpecification","valueRequired":true,"valueName":"search_term_string"}}],"inLanguage":"fr-FR"}]}},"_links":{"self":[{"href":"https:\/\/dermo.com\/fr\/wp-json\/wp\/v2\/pages\/12377","targetHints":{"allow":["GET"]}}],"collection":[{"href":"https:\/\/dermo.com\/fr\/wp-json\/wp\/v2\/pages"}],"about":[{"href":"https:\/\/dermo.com\/fr\/wp-json\/wp\/v2\/types\/page"}],"author":[{"embeddable":true,"href":"https:\/\/dermo.com\/fr\/wp-json\/wp\/v2\/users\/2"}],"replies":[{"embeddable":true,"href":"https:\/\/dermo.com\/fr\/wp-json\/wp\/v2\/comments?post=12377"}],"version-history":[{"count":7,"href":"https:\/\/dermo.com\/fr\/wp-json\/wp\/v2\/pages\/12377\/revisions"}],"predecessor-version":[{"id":13732,"href":"https:\/\/dermo.com\/fr\/wp-json\/wp\/v2\/pages\/12377\/revisions\/13732"}],"wp:attachment":[{"href":"https:\/\/dermo.com\/fr\/wp-json\/wp\/v2\/media?parent=12377"}],"curies":[{"name":"wp","href":"https:\/\/api.w.org\/{rel}","templated":true}]}}