{"id":12380,"date":"2025-01-30T12:23:10","date_gmt":"2025-01-30T11:23:10","guid":{"rendered":"https:\/\/dermo.com\/?page_id=12380"},"modified":"2025-02-20T10:40:14","modified_gmt":"2025-02-20T09:40:14","slug":"fer-audacieux","status":"publish","type":"page","link":"https:\/\/dermo.com\/fr\/fer-audacieux\/","title":{"rendered":"Fer audacieux"},"content":{"rendered":"<div data-elementor-type=\"wp-page\" data-elementor-id=\"12380\" class=\"elementor elementor-12380\" data-elementor-post-type=\"page\">\n\t\t\t\t\t\t<section class=\"elementor-section elementor-top-section elementor-element elementor-element-a02683f elementor-section-boxed elementor-section-height-default elementor-section-height-default\" data-id=\"a02683f\" data-element_type=\"section\" data-e-type=\"section\" data-settings=\"{&quot;background_background&quot;:&quot;classic&quot;}\">\n\t\t\t\t\t\t\t<div class=\"elementor-background-overlay\"><\/div>\n\t\t\t\t\t\t\t<div class=\"elementor-container elementor-column-gap-default\">\n\t\t\t\t\t<div class=\"elementor-column elementor-col-100 elementor-top-column elementor-element elementor-element-f99dbff\" data-id=\"f99dbff\" data-element_type=\"column\" data-e-type=\"column\">\n\t\t\t<div class=\"elementor-widget-wrap elementor-element-populated\">\n\t\t\t\t\t\t\t<\/div>\n\t\t<\/div>\n\t\t\t\t\t<\/div>\n\t\t<\/section>\n\t\t\t\t<section class=\"elementor-section elementor-top-section elementor-element elementor-element-fb0fb7e elementor-section-boxed elementor-section-height-default elementor-section-height-default\" data-id=\"fb0fb7e\" data-element_type=\"section\" data-e-type=\"section\">\n\t\t\t\t\t\t<div class=\"elementor-container elementor-column-gap-default\">\n\t\t\t\t\t<div class=\"elementor-column elementor-col-100 elementor-top-column elementor-element elementor-element-94bebef\" data-id=\"94bebef\" data-element_type=\"column\" data-e-type=\"column\">\n\t\t\t<div class=\"elementor-widget-wrap elementor-element-populated\">\n\t\t\t\t<div class=\"elementor-element elementor-element-adc472f e-grid e-con-boxed e-con e-parent\" data-id=\"adc472f\" data-element_type=\"container\" data-e-type=\"container\">\n\t\t\t\t\t<div class=\"e-con-inner\">\n\t\t\t\t<div class=\"elementor-element elementor-element-9ac2dcb elementor-widget elementor-widget-text-editor\" data-id=\"9ac2dcb\" data-element_type=\"widget\" data-e-type=\"widget\" data-widget_type=\"text-editor.default\">\n\t\t\t\t<div class=\"elementor-widget-container\">\n\t\t\t\t\t\t\t\t\t<div id=\"wpb_visual_composer\" class=\"postbox\"><div class=\"inside\"><div class=\"metabox-composer-content\"><div id=\"visual_composer_content\" class=\"wpb_main_sortable main_wrapper ui-sortable\"><div class=\"wpb_vc_row wpb_sortable vc_main-sortable-element\" data-element_type=\"vc_row\" data-model-id=\"38d4cd0d-cc7a\"><div class=\"wpb_element_wrapper\"><div class=\"vc_row vc_row-fluid wpb_row_container vc_container_for_children ui-sortable\"><div class=\"wpb_vc_column wpb_sortable vc_col-sm-6 wpb_content_holder\" data-element_type=\"vc_column\" data-vc-column-width=\"11\" data-model-id=\"4c35e79f-20d3\" data-width=\"1\/2\"><div class=\"wpb_element_wrapper\"><div class=\"wpb_column_container vc_container_for_children ui-sortable\"><div class=\"wpb_vc_column_text wpb_content_element wpb_sortable\" data-element_type=\"vc_column_text\" data-model-id=\"c5d96270-98e9\"><div class=\"wpb_element_wrapper clearfix\"><div class=\"wpb_vc_param_value content textarea_html\">\u00a0<\/div><\/div><\/div><div class=\"wpb_vc_column_text wpb_content_element wpb_sortable\" data-element_type=\"vc_column_text\" data-model-id=\"2d20440e-6cb2\"><div class=\"wpb_element_wrapper clearfix\"><div class=\"vision-contentbox\"><div class=\"vision-contentbox-title tt-cb-title-blue\"><div class=\"wpb_text_column wpb_content_element\"><div class=\"wpb_wrapper\"><p>Chez Dermo, nous avons des produits puissants, efficaces et durables qui garantissent la plus grande efficacit\u00e9 dans les plus brefs d\u00e9lais et sans avoir besoin d&#039;utiliser de fortes doses du produit. C&#039;est le cas de <a href=\"https:\/\/dermo.com\/fr\/catalogue\/es\/degraissants\/32-audaz-planchas.html\/\"><strong>Audaz Planchas<\/strong><\/a>, l&#039;un des produits phares de notre entreprise, car il est con\u00e7u pour \u00e9liminer la graisse incrust\u00e9e des grils et autres surfaces de cuisine.<\/p><\/div><\/div><div class=\"wpb_single_image wpb_content_element vc_align_left\"><figure class=\"wpb_wrapper vc_figure\"><div class=\"vc_single_image-wrapper   vc_box_border_grey\"><img decoding=\"async\" class=\"vc_single_image-img attachment-thumbnail\" src=\"https:\/\/dermo.com\/wp-content\/uploads\/2023\/11\/audaz-planchas-1-150x150.jpg\" sizes=\"(max-width: 150px) 100vw, 150px\" srcset=\"https:\/\/dermo.com\/wp-content\/uploads\/2023\/11\/audaz-planchas-1-150x150.jpg 150w, https:\/\/dermo.com\/wp-content\/uploads\/2023\/11\/audaz-planchas-1-300x300.jpg 300w, https:\/\/dermo.com\/wp-content\/uploads\/2023\/11\/audaz-planchas-1-71x71.jpg 71w, https:\/\/dermo.com\/wp-content\/uploads\/2023\/11\/audaz-planchas-1-36x36.jpg 36w, https:\/\/dermo.com\/wp-content\/uploads\/2023\/11\/audaz-planchas-1.jpg 458w\" alt=\"Audaz d\u00e9graissant concentr\u00e9 pour fers\" width=\"150\" height=\"150\" data-dt-location=\"https:\/\/dermo.com\/audaz\/audaz-planchas-1-2\/\" \/><\/div><\/figure><\/div><div class=\"wpb_text_column wpb_content_element\"><div class=\"wpb_wrapper\"><p>C&#039;est un <a href=\"https:\/\/dermo.com\/fr\/nettoyage-industriel-et-ses-applications\/\"><strong>d\u00e9graissant<\/strong> <\/a>liquide concentr\u00e9 capable d&#039;\u00e9liminer la graisse br\u00fbl\u00e9e et carbonis\u00e9e des cuisini\u00e8res, des fours et des grils de la mani\u00e8re la plus efficace et avec le moins d&#039;effort possible. C&#039;est un produit qui, une fois dissous dans l&#039;eau, est parfait pour nettoyer les friteuses. Il \u00e9limine \u00e9galement la rouille et agit comme antioxydant sur les surfaces trait\u00e9es.<\/p><h2><strong>Mode d&#039;emploi<\/strong><\/h2><p><strong>Audaz Planchas <\/strong>Il peut \u00eatre utilis\u00e9 pour nettoyer diff\u00e9rents types de surfaces, telles que : les fours et les grils, les filtres de hotte ou les friteuses.<\/p><p>Pour nettoyer les fours et les grils ; Dans ce cas, la temp\u00e9rature du four ou du fer doit \u00eatre comprise entre 60 et 80 degr\u00e9s, avant d&#039;appliquer le produit directement sur la surface. Une fois que vous l&#039;aurez laiss\u00e9 reposer quelques minutes, la graisse sera \u00e9limin\u00e9e et il ne vous restera plus qu&#039;\u00e0 ajouter un peu d&#039;eau et \u00e0 enlever la salet\u00e9 avec un grattoir, un chiffon humide ou un tampon \u00e0 r\u00e9curer. Rincez ensuite et laissez s\u00e9cher la surface.<\/p><p>Filtres de hotte : Dans ce cas, vous devez immerger les filtres de hotte dans une solution de 3 \u00e0 10% <strong>Audaz Planchas<\/strong>, selon le degr\u00e9 de salet\u00e9, avec de l&#039;eau chaude. Apr\u00e8s avoir laiss\u00e9 agir le produit pendant 20 minutes, il suffit de rincer et de laisser s\u00e9cher.<\/p><p>Friteuses : Vous devrez remplir la friteuse avec une solution de 3 \u00e0 10%, soit 150 \u00e0 500 ml de <strong>Audaz Planchas<\/strong> pour chaque litre d&#039;eau. Allumez ensuite la friteuse et laissez bouillir pendant 10 \u00e0 15 minutes. Une fois refroidie, vous devrez vider la friteuse et \u00e9liminer les \u00e9ventuels r\u00e9sidus coll\u00e9s aux parois. Rincer abondamment \u00e0 l&#039;eau et laisser s\u00e9cher. Il n&#039;est pas recommand\u00e9 de l&#039;utiliser sur l&#039;aluminium car il peut d\u00e9gager des fum\u00e9es irritantes.<\/p><p>Chez Dermo vous trouverez diff\u00e9rents types de d\u00e9graissants pour traiter tous types de surfaces. Par exemple, Audaz Special, qui a un grand pouvoir \u00e9mulsifiant et dissout facilement la graisse et la salet\u00e9. Mais nous avons aussi des d\u00e9graissants con\u00e7us pour d\u00e9graisser les surfaces verticales, des d\u00e9graissants parfum\u00e9s au citron pour d\u00e9graisser n&#039;importe quelle surface, des d\u00e9graissants multi-usages ou encore le DHP-100, un d\u00e9graissant sp\u00e9cialement con\u00e7u pour nettoyer les surfaces tr\u00e8s grasses, comme les hottes, les fours et les cuisini\u00e8res.<\/p><p>Si vous souhaitez d\u00e9couvrir tous les produits d&#039;entretien et d&#039;hygi\u00e8ne personnelle professionnels que nous proposons chez Dermo, n&#039;h\u00e9sitez pas \u00e0 visiter notre site internet et \u00e0 d\u00e9couvrir \u00e9galement l&#039;histoire de notre entreprise. Apr\u00e8s plus de 30 ans au service des gens, nous pouvons dire que nous sommes devenus une entreprise leader dans la cr\u00e9ation de produits de nettoyage professionnels, con\u00e7us avec une formule puissante et efficace et pr\u00e9par\u00e9s pour \u00e9liminer tout type de tache ou de salet\u00e9.<\/p><\/div><\/div><\/div><div class=\"vision-contentbox-content tt-content-style-blue\"><h3><strong>Dermo SA<\/strong><\/h3><p>C\/ Pintor Joan Miro, 16. Pol. Ind. Can Humet de Dalt, 08213 Poliny\u00e0. Barcelone<\/p><p>T\u00e9l. : +34 937 13 35 00 \u2022 Fax : +34 937 13 34 51<br \/>Horaire : Lun-Jeu : 8h00 \u2013 13h30 \/ 15h00 \u2013 18h00 \u2022 Ven : 7h00 \u2013 14h00<br \/>e-mail:\u00a0<a href=\"mailto:dermo@dermo.com\">dermo@dermo.com<\/a><\/p><\/div><\/div><div class=\"vc_row wpb_row vc_inner vc_row-fluid\"><div class=\"wpb_column vc_column_container vc_col-sm-12\"><div class=\"vc_column-inner\"><div class=\"wpb_wrapper\"><div class=\"wpb_single_image wpb_content_element vc_align_center\"><figure class=\"wpb_wrapper vc_figure\"><div class=\"vc_single_image-wrapper vc_box_border_grey\"><img decoding=\"async\" class=\"vc_single_image-img attachment-full\" src=\"https:\/\/dermo.com\/wp-content\/uploads\/2015\/03\/dermo_logo_iso_nou1.jpg\" alt=\"\" width=\"150\" height=\"75\" data-dt-location=\"https:\/\/dermo.com\/portada\/dermo_logo_iso_nou-2\/\" \/><\/div><\/figure><\/div><\/div><\/div><\/div><\/div><\/div><\/div><\/div><\/div><\/div><\/div><\/div><\/div><\/div><\/div><\/div><\/div>\t\t\t\t\t\t\t\t<\/div>\n\t\t\t\t<\/div>\n\t\t\t\t<div class=\"elementor-element elementor-element-f0d7d14 elementor-widget elementor-widget-elementskit-contact-form7\" data-id=\"f0d7d14\" data-element_type=\"widget\" data-e-type=\"widget\" data-widget_type=\"elementskit-contact-form7.default\">\n\t\t\t\t<div class=\"elementor-widget-container\">\n\t\t\t\t\t<div class=\"ekit-wid-con\" ><div class=\"ekit-form\">\n<div class=\"wpcf7 no-js\" id=\"wpcf7-f13292-p12380-o1\" lang=\"es-ES\" dir=\"ltr\" data-wpcf7-id=\"13292\">\n<div class=\"screen-reader-response\"><p role=\"status\" aria-live=\"polite\" aria-atomic=\"true\"><\/p> <ul><\/ul><\/div>\n<form action=\"\/fr\/fer-audacieux\/#wpcf7-f13292-p12380-o1\" method=\"post\" class=\"wpcf7-form init\" aria-label=\"Formulario de contacto\" novalidate=\"novalidate\" data-status=\"init\" data-no-translation-aria-label=\"\" data-trp-original-action=\"\/pt\/audaz-plancha\/#wpcf7-f13292-p12380-o1\">\n<fieldset class=\"hidden-fields-container\"><input type=\"hidden\" name=\"_wpcf7\" value=\"13292\" \/><input type=\"hidden\" name=\"_wpcf7_version\" value=\"6.1.5\" \/><input type=\"hidden\" name=\"_wpcf7_locale\" value=\"es_ES\" \/><input type=\"hidden\" name=\"_wpcf7_unit_tag\" value=\"wpcf7-f13292-p12380-o1\" \/><input type=\"hidden\" name=\"_wpcf7_container_post\" value=\"12380\" \/><input type=\"hidden\" name=\"_wpcf7_posted_data_hash\" value=\"\" \/><input type=\"hidden\" name=\"_wpcf7_recaptcha_response\" value=\"\" \/>\n<\/fieldset>\n<div style=\"display: flex; gap: 10px;\">\n\t<div style=\"width: 50%;\">\n\t\t<p><span class=\"wpcf7-form-control-wrap\" data-name=\"your-name\"><input size=\"40\" maxlength=\"400\" class=\"wpcf7-form-control wpcf7-text wpcf7-validates-as-required\" aria-required=\"true\" aria-invalid=\"false\" placeholder=\"Nom\" value=\"\" type=\"text\" name=\"your-name\" \/><\/span>\n\t\t<\/p>\n\t<\/div>\n\t<div style=\"width: 50%;\">\n\t\t<p><span class=\"wpcf7-form-control-wrap\" data-name=\"your-phone\"><input size=\"40\" maxlength=\"400\" class=\"wpcf7-form-control wpcf7-tel wpcf7-validates-as-required wpcf7-text wpcf7-validates-as-tel\" aria-required=\"true\" aria-invalid=\"false\" placeholder=\"T\u00e9l\u00e9phone\" value=\"\" type=\"tel\" name=\"your-phone\" \/><\/span>\n\t\t<\/p>\n\t<\/div>\n<\/div>\n<p><span class=\"wpcf7-form-control-wrap\" data-name=\"your-email\"><input size=\"40\" maxlength=\"400\" class=\"wpcf7-form-control wpcf7-email wpcf7-validates-as-required wpcf7-text wpcf7-validates-as-email\" aria-required=\"true\" aria-invalid=\"false\" placeholder=\"E-mail\" value=\"\" type=\"email\" name=\"your-email\" \/><\/span>\n<\/p>\n<div style=\"display: flex; gap: 10px;\">\n\t<div style=\"width: 50%;\">\n\t\t<p><span class=\"wpcf7-form-control-wrap\" data-name=\"your-country\"><input size=\"40\" maxlength=\"400\" class=\"wpcf7-form-control wpcf7-text wpcf7-validates-as-required\" aria-required=\"true\" aria-invalid=\"false\" placeholder=\"Pays\" value=\"\" type=\"text\" name=\"your-country\" \/><\/span>\n\t\t<\/p>\n\t<\/div>\n\t<div style=\"width: 50%;\">\n\t\t<p><span class=\"wpcf7-form-control-wrap\" data-name=\"your-city\"><input size=\"40\" maxlength=\"400\" class=\"wpcf7-form-control wpcf7-text wpcf7-validates-as-required\" aria-required=\"true\" aria-invalid=\"false\" placeholder=\"Population\" value=\"\" type=\"text\" name=\"your-city\" \/><\/span>\n\t\t<\/p>\n\t<\/div>\n<\/div>\n<p><span class=\"wpcf7-form-control-wrap\" data-name=\"your-subject\"><select class=\"wpcf7-form-control wpcf7-select\" aria-invalid=\"false\" name=\"your-subject\"><option value=\"Quiero ser distribuidor\">Je veux \u00eatre distributeur<\/option><option value=\"Presupuesto\">Budget<\/option><option value=\"Consulta\">Consultation<\/option><option value=\"Sugerencia\">Suggestion<\/option><option value=\"Otros\">Autres<\/option><\/select><\/span>\n<\/p>\n<p><span class=\"wpcf7-form-control-wrap\" data-name=\"your-message\"><textarea cols=\"40\" rows=\"10\" maxlength=\"2000\" class=\"wpcf7-form-control wpcf7-textarea\" aria-invalid=\"false\" placeholder=\"Message ou demande\" name=\"your-message\"><\/textarea><\/span>\n<\/p>\n<div style=\"display: flex; align-items: center; gap: 10px;\">\n\t<p><span class=\"wpcf7-form-control-wrap\" data-name=\"privacy-policy\"><span class=\"wpcf7-form-control wpcf7-acceptance\"><span class=\"wpcf7-list-item\"><input type=\"checkbox\" name=\"privacy-policy\" value=\"1\" aria-invalid=\"false\" \/><\/span><\/span><\/span><label for=\"privacy-policy\" style=\"margin-left: 5px;\">J&#039;ai lu et accept\u00e9 la politique de confidentialit\u00e9.<\/label>\n\t<\/p>\n<\/div>\n<div style=\"display: flex; align-items: center; gap: 10px;\">\n\t<p><span class=\"wpcf7-form-control-wrap\" data-name=\"send-info\"><span class=\"wpcf7-form-control wpcf7-acceptance\"><span class=\"wpcf7-list-item\"><input type=\"checkbox\" name=\"send-info\" value=\"1\" aria-invalid=\"false\" \/><\/span><\/span><\/span><label for=\"send-info\" style=\"margin-left: 5px;\">J&#039;accepte de recevoir des informations.<\/label>\n\t<\/p>\n<\/div>\n<p><input class=\"wpcf7-form-control wpcf7-submit has-spinner\" type=\"submit\" value=\"Envoyer\" \/>\n<\/p><div class=\"wpcf7-response-output\" aria-hidden=\"true\"><\/div>\n<input type=\"hidden\" name=\"trp-form-language\" value=\"fr\"\/><\/form>\n<\/div>\n<\/div><\/div>\t\t\t\t<\/div>\n\t\t\t\t<\/div>\n\t\t\t\t\t<\/div>\n\t\t\t\t<\/div>\n\t\t\t\t\t<\/div>\n\t\t<\/div>\n\t\t\t\t\t<\/div>\n\t\t<\/section>\n\t\t\t\t<section class=\"elementor-section elementor-top-section elementor-element elementor-element-484f41e elementor-section-full_width elementor-section-height-default elementor-section-height-default elementor-invisible\" data-id=\"484f41e\" data-element_type=\"section\" data-e-type=\"section\" data-settings=\"{&quot;animation&quot;:&quot;slideInUp&quot;}\">\n\t\t\t\t\t\t<div class=\"elementor-container elementor-column-gap-default\">\n\t\t\t\t\t<div class=\"elementor-column elementor-col-100 elementor-top-column elementor-element elementor-element-19948363\" data-id=\"19948363\" data-element_type=\"column\" data-e-type=\"column\">\n\t\t\t<div class=\"elementor-widget-wrap elementor-element-populated\">\n\t\t\t\t\t\t<div class=\"elementor-element elementor-element-339044a4 elementor-widget elementor-widget-google_maps\" data-id=\"339044a4\" data-element_type=\"widget\" data-e-type=\"widget\" data-widget_type=\"google_maps.default\">\n\t\t\t\t<div class=\"elementor-widget-container\">\n\t\t\t\t\t\t\t<div class=\"elementor-custom-embed\">\n\t\t\t<iframe loading=\"lazy\"\n\t\t\t\t\tsrc=\"https:\/\/maps.google.com\/maps?q=C%2F%20Pintor%20Joan%20Miro%2C%2016.%20Pol.%20Ind.%20Can%20Humet%20de%20Dalt%2C%2008213%20Poliny%C3%A0.%20Barcelona&#038;t=m&#038;z=15&#038;output=embed&#038;iwloc=near\"\n\t\t\t\t\ttitle=\"C\/ Pintor Joan Miro, 16. Pol. Ind. Can Humet de Dalt, 08213 Poliny\u00e0. Barcelone\"\n\t\t\t\t\taria-label=\"C\/ Pintor Joan Miro, 16. Pol. Ind. Can Humet de Dalt, 08213 Poliny\u00e0. Barcelone\"\n\t\t\t><\/iframe>\n\t\t<\/div>\n\t\t\t\t\t\t<\/div>\n\t\t\t\t<\/div>\n\t\t\t\t\t<\/div>\n\t\t<\/div>\n\t\t\t\t\t<\/div>\n\t\t<\/section>\n\t\t\t\t<\/div>","protected":false},"excerpt":{"rendered":"<p>\u00a0 Chez Dermo, nous proposons des produits puissants, efficaces et durables, garantissant une efficacit\u00e9 maximale en un minimum de temps et sans dosage excessif. C&#039;est le cas d&#039;Audaz Planchas, l&#039;un de nos produits phares, con\u00e7u pour \u00e9liminer les graisses incrust\u00e9es\u2026&nbsp;<a href=\"https:\/\/dermo.com\/fr\/fer-audacieux\/\" rel=\"bookmark\">En savoir plus &quot;<span class=\"screen-reader-text\">Fer audacieux<\/span><\/a><\/p>","protected":false},"author":2,"featured_media":0,"parent":0,"menu_order":0,"comment_status":"closed","ping_status":"closed","template":"page-templates\/template-pagebuilder-full-width.php","meta":{"neve_meta_sidebar":"","neve_meta_container":"","neve_meta_enable_content_width":"","neve_meta_content_width":0,"neve_meta_title_alignment":"","neve_meta_author_avatar":"","neve_post_elements_order":"","neve_meta_disable_header":"","neve_meta_disable_footer":"","neve_meta_disable_title":"","footnotes":""},"class_list":["post-12380","page","type-page","status-publish","hentry"],"yoast_head":"<!-- This site is optimized with the Yoast SEO plugin v27.0 - https:\/\/yoast.com\/product\/yoast-seo-wordpress\/ -->\n<title>Audaz Plancha - Dermo | F\u00e1brica de detergentes<\/title>\n<meta name=\"robots\" content=\"index, follow, max-snippet:-1, max-image-preview:large, max-video-preview:-1\" \/>\n<link rel=\"canonical\" href=\"https:\/\/dermo.com\/fr\/fer-audacieux\/\" \/>\n<meta property=\"og:locale\" content=\"fr_FR\" \/>\n<meta property=\"og:type\" content=\"article\" \/>\n<meta property=\"og:title\" content=\"Audaz Plancha - Dermo | F\u00e1brica de detergentes\" \/>\n<meta property=\"og:description\" content=\"\u00a0 En Dermo contamos con productos potentes, efectivos y duraderos, que aseguran la mayor eficacia en el menor tiempo posible y sin la necesidad de utilizar grandes dosis del producto. Este es el caso de Audaz Planchas, uno de los productos estrella de nuestra empresa, ya que est\u00e1 dise\u00f1ado para acabar con la grasa incrustada&hellip;&nbsp;Lire la suite &raquo;Audaz Plancha\" \/>\n<meta property=\"og:url\" content=\"https:\/\/dermo.com\/fr\/fer-audacieux\/\" \/>\n<meta property=\"og:site_name\" content=\"Dermo | F\u00e1brica de detergentes\" \/>\n<meta property=\"article:modified_time\" content=\"2025-02-20T09:40:14+00:00\" \/>\n<meta property=\"og:image\" content=\"https:\/\/dermo.com\/wp-content\/uploads\/2023\/11\/audaz-planchas-1-150x150.jpg\" \/>\n<meta name=\"twitter:card\" content=\"summary_large_image\" \/>\n<meta name=\"twitter:label1\" content=\"Dur\u00e9e de lecture estim\u00e9e\" \/>\n\t<meta name=\"twitter:data1\" content=\"4 minutes\" \/>\n<script type=\"application\/ld+json\" class=\"yoast-schema-graph\">{\"@context\":\"https:\/\/schema.org\",\"@graph\":[{\"@type\":\"WebPage\",\"@id\":\"https:\/\/dermo.com\/audaz-plancha\/\",\"url\":\"https:\/\/dermo.com\/audaz-plancha\/\",\"name\":\"Audaz Plancha - Dermo | F\u00e1brica de detergentes\",\"isPartOf\":{\"@id\":\"https:\/\/dermo.com\/#website\"},\"primaryImageOfPage\":{\"@id\":\"https:\/\/dermo.com\/audaz-plancha\/#primaryimage\"},\"image\":{\"@id\":\"https:\/\/dermo.com\/audaz-plancha\/#primaryimage\"},\"thumbnailUrl\":\"https:\/\/dermo.com\/wp-content\/uploads\/2023\/11\/audaz-planchas-1-150x150.jpg\",\"datePublished\":\"2025-01-30T11:23:10+00:00\",\"dateModified\":\"2025-02-20T09:40:14+00:00\",\"breadcrumb\":{\"@id\":\"https:\/\/dermo.com\/audaz-plancha\/#breadcrumb\"},\"inLanguage\":\"fr-FR\",\"potentialAction\":[{\"@type\":\"ReadAction\",\"target\":[\"https:\/\/dermo.com\/audaz-plancha\/\"]}]},{\"@type\":\"ImageObject\",\"inLanguage\":\"fr-FR\",\"@id\":\"https:\/\/dermo.com\/audaz-plancha\/#primaryimage\",\"url\":\"https:\/\/dermo.com\/wp-content\/uploads\/2023\/11\/audaz-planchas-1-150x150.jpg\",\"contentUrl\":\"https:\/\/dermo.com\/wp-content\/uploads\/2023\/11\/audaz-planchas-1-150x150.jpg\"},{\"@type\":\"BreadcrumbList\",\"@id\":\"https:\/\/dermo.com\/audaz-plancha\/#breadcrumb\",\"itemListElement\":[{\"@type\":\"ListItem\",\"position\":1,\"name\":\"Portada\",\"item\":\"https:\/\/dermo.com\/\"},{\"@type\":\"ListItem\",\"position\":2,\"name\":\"Audaz Plancha\"}]},{\"@type\":\"WebSite\",\"@id\":\"https:\/\/dermo.com\/#website\",\"url\":\"https:\/\/dermo.com\/\",\"name\":\"Dermo | F\u00e1brica de detergentes\",\"description\":\"Tecnolog\u00eda avanzada, investigaci\u00f3n y desarrollo, respeto por el medio ambiente, competencia, formaci\u00f3n constante y alto nivel de profesionalidad en nuestro equipo humano, empe\u00f1ado en preservar la calidad de vida, la protecci\u00f3n del entorno natural contin\u00faan motiv\u00e1ndonos para desarrollar en nuestros laboratorios nuevos productos con ingredientes activos altamente biodegradables que hacen posible un desarrollo sostenible.\",\"potentialAction\":[{\"@type\":\"SearchAction\",\"target\":{\"@type\":\"EntryPoint\",\"urlTemplate\":\"https:\/\/dermo.com\/?s={search_term_string}\"},\"query-input\":{\"@type\":\"PropertyValueSpecification\",\"valueRequired\":true,\"valueName\":\"search_term_string\"}}],\"inLanguage\":\"fr-FR\"}]}<\/script>\n<!-- \/ Yoast SEO plugin. -->","yoast_head_json":{"title":"Fer audacieux - Dermo | Usine de d\u00e9tergents","robots":{"index":"index","follow":"follow","max-snippet":"max-snippet:-1","max-image-preview":"max-image-preview:large","max-video-preview":"max-video-preview:-1"},"canonical":"https:\/\/dermo.com\/fr\/fer-audacieux\/","og_locale":"fr_FR","og_type":"article","og_title":"Audaz Plancha - Dermo | F\u00e1brica de detergentes","og_description":"\u00a0 En Dermo contamos con productos potentes, efectivos y duraderos, que aseguran la mayor eficacia en el menor tiempo posible y sin la necesidad de utilizar grandes dosis del producto. Este es el caso de Audaz Planchas, uno de los productos estrella de nuestra empresa, ya que est\u00e1 dise\u00f1ado para acabar con la grasa incrustada&hellip;&nbsp;Lire la suite &raquo;Audaz Plancha","og_url":"https:\/\/dermo.com\/fr\/fer-audacieux\/","og_site_name":"Dermo | F\u00e1brica de detergentes","article_modified_time":"2025-02-20T09:40:14+00:00","og_image":[{"url":"https:\/\/dermo.com\/wp-content\/uploads\/2023\/11\/audaz-planchas-1-150x150.jpg","type":"","width":"","height":""}],"twitter_card":"summary_large_image","twitter_misc":{"Dur\u00e9e de lecture estim\u00e9e":"4 minutes"},"schema":{"@context":"https:\/\/schema.org","@graph":[{"@type":"WebPage","@id":"https:\/\/dermo.com\/audaz-plancha\/","url":"https:\/\/dermo.com\/audaz-plancha\/","name":"Fer audacieux - Dermo | Usine de d\u00e9tergents","isPartOf":{"@id":"https:\/\/dermo.com\/#website"},"primaryImageOfPage":{"@id":"https:\/\/dermo.com\/audaz-plancha\/#primaryimage"},"image":{"@id":"https:\/\/dermo.com\/audaz-plancha\/#primaryimage"},"thumbnailUrl":"https:\/\/dermo.com\/wp-content\/uploads\/2023\/11\/audaz-planchas-1-150x150.jpg","datePublished":"2025-01-30T11:23:10+00:00","dateModified":"2025-02-20T09:40:14+00:00","breadcrumb":{"@id":"https:\/\/dermo.com\/audaz-plancha\/#breadcrumb"},"inLanguage":"fr-FR","potentialAction":[{"@type":"ReadAction","target":["https:\/\/dermo.com\/audaz-plancha\/"]}]},{"@type":"ImageObject","inLanguage":"fr-FR","@id":"https:\/\/dermo.com\/audaz-plancha\/#primaryimage","url":"https:\/\/dermo.com\/wp-content\/uploads\/2023\/11\/audaz-planchas-1-150x150.jpg","contentUrl":"https:\/\/dermo.com\/wp-content\/uploads\/2023\/11\/audaz-planchas-1-150x150.jpg"},{"@type":"BreadcrumbList","@id":"https:\/\/dermo.com\/audaz-plancha\/#breadcrumb","itemListElement":[{"@type":"ListItem","position":1,"name":"Portada","item":"https:\/\/dermo.com\/"},{"@type":"ListItem","position":2,"name":"Audaz Plancha"}]},{"@type":"WebSite","@id":"https:\/\/dermo.com\/#website","url":"https:\/\/dermo.com\/","name":"Dermo | usine de d\u00e9tergents","description":"Technologie avanc\u00e9e, recherche et d\u00e9veloppement, respect de l&#039;environnement, comp\u00e9tence, formation constante et haut niveau de professionnalisme de notre \u00e9quipe humaine, engag\u00e9e \u00e0 pr\u00e9server la qualit\u00e9 de vie, la protection de l&#039;environnement naturel continuent de nous motiver \u00e0 d\u00e9velopper de nouveaux produits dans notre laboratoires aux principes actifs hautement biod\u00e9gradables qui rendent possible le d\u00e9veloppement durable.","potentialAction":[{"@type":"SearchAction","target":{"@type":"EntryPoint","urlTemplate":"https:\/\/dermo.com\/?s={search_term_string}"},"query-input":{"@type":"PropertyValueSpecification","valueRequired":true,"valueName":"search_term_string"}}],"inLanguage":"fr-FR"}]}},"_links":{"self":[{"href":"https:\/\/dermo.com\/fr\/wp-json\/wp\/v2\/pages\/12380","targetHints":{"allow":["GET"]}}],"collection":[{"href":"https:\/\/dermo.com\/fr\/wp-json\/wp\/v2\/pages"}],"about":[{"href":"https:\/\/dermo.com\/fr\/wp-json\/wp\/v2\/types\/page"}],"author":[{"embeddable":true,"href":"https:\/\/dermo.com\/fr\/wp-json\/wp\/v2\/users\/2"}],"replies":[{"embeddable":true,"href":"https:\/\/dermo.com\/fr\/wp-json\/wp\/v2\/comments?post=12380"}],"version-history":[{"count":7,"href":"https:\/\/dermo.com\/fr\/wp-json\/wp\/v2\/pages\/12380\/revisions"}],"predecessor-version":[{"id":13764,"href":"https:\/\/dermo.com\/fr\/wp-json\/wp\/v2\/pages\/12380\/revisions\/13764"}],"wp:attachment":[{"href":"https:\/\/dermo.com\/fr\/wp-json\/wp\/v2\/media?parent=12380"}],"curies":[{"name":"wp","href":"https:\/\/api.w.org\/{rel}","templated":true}]}}