{"id":12398,"date":"2025-01-30T12:21:43","date_gmt":"2025-01-30T11:21:43","guid":{"rendered":"https:\/\/dermo.com\/?page_id=12398"},"modified":"2025-02-19T12:16:02","modified_gmt":"2025-02-19T11:16:02","slug":"nettoyant-bois-limtot-wood","status":"publish","type":"page","link":"https:\/\/dermo.com\/fr\/nettoyant-bois-limtot-wood\/","title":{"rendered":"Nettoyant pour bois (bois Limtot)"},"content":{"rendered":"<div data-elementor-type=\"wp-page\" data-elementor-id=\"12398\" class=\"elementor elementor-12398\" data-elementor-post-type=\"page\">\n\t\t\t\t\t\t<section class=\"elementor-section elementor-top-section elementor-element elementor-element-a02683f elementor-section-boxed elementor-section-height-default elementor-section-height-default\" data-id=\"a02683f\" data-element_type=\"section\" data-e-type=\"section\" data-settings=\"{&quot;background_background&quot;:&quot;classic&quot;}\">\n\t\t\t\t\t\t\t<div class=\"elementor-background-overlay\"><\/div>\n\t\t\t\t\t\t\t<div class=\"elementor-container elementor-column-gap-default\">\n\t\t\t\t\t<div class=\"elementor-column elementor-col-100 elementor-top-column elementor-element elementor-element-f99dbff\" data-id=\"f99dbff\" data-element_type=\"column\" data-e-type=\"column\">\n\t\t\t<div class=\"elementor-widget-wrap elementor-element-populated\">\n\t\t\t\t\t\t\t<\/div>\n\t\t<\/div>\n\t\t\t\t\t<\/div>\n\t\t<\/section>\n\t\t\t\t<section class=\"elementor-section elementor-top-section elementor-element elementor-element-233ad3a4 elementor-section-boxed elementor-section-height-default elementor-section-height-default\" data-id=\"233ad3a4\" data-element_type=\"section\" data-e-type=\"section\">\n\t\t\t\t\t\t<div class=\"elementor-container elementor-column-gap-default\">\n\t\t\t\t\t<div class=\"elementor-column elementor-col-100 elementor-top-column elementor-element elementor-element-3244e578\" data-id=\"3244e578\" data-element_type=\"column\" data-e-type=\"column\">\n\t\t\t<div class=\"elementor-widget-wrap elementor-element-populated\">\n\t\t\t\t\t\t<section class=\"elementor-section elementor-inner-section elementor-element elementor-element-1a7040c2 elementor-section-content-middle elementor-section-boxed elementor-section-height-default elementor-section-height-default\" data-id=\"1a7040c2\" data-element_type=\"section\" data-e-type=\"section\">\n\t\t\t\t\t\t<div class=\"elementor-container elementor-column-gap-default\">\n\t\t\t\t\t<div class=\"elementor-column elementor-col-50 elementor-inner-column elementor-element elementor-element-58338543\" data-id=\"58338543\" data-element_type=\"column\" data-e-type=\"column\">\n\t\t\t<div class=\"elementor-widget-wrap elementor-element-populated\">\n\t\t\t\t\t\t<div class=\"elementor-element elementor-element-464b2e11 elementor-widget elementor-widget-text-editor\" data-id=\"464b2e11\" data-element_type=\"widget\" data-e-type=\"widget\" data-widget_type=\"text-editor.default\">\n\t\t\t\t<div class=\"elementor-widget-container\">\n\t\t\t\t\t\t\t\t\t<div id=\"lipsum\"><p>Bien entendu, l\u2019entretien de vos surfaces en bois et parquets trait\u00e9s est une op\u00e9ration que vous devrez in\u00e9vitablement effectuer.<\/p><p>Pour certains, nettoyer et polir les planchers de bois franc peut sembler une corv\u00e9e, voire une perte de temps. Cependant, un nettoyage r\u00e9gulier des planchers de bois franc peut aider \u00e0 garder vos planchers beaux plus longtemps et \u00e0 garder votre espace \u00e9l\u00e9gant, propre et bien entretenu. Pour cette raison, il est recommand\u00e9 d&#039;utiliser le\u00a0<strong>Nettoyant pour bois Limtot<\/strong>.<\/p><p>Il est important de se rappeler qu\u2019il est essentiel de nettoyer vos sols correctement et professionnellement, car l\u2019utilisation d\u2019une m\u00e9thode ou d\u2019un produit de nettoyage inappropri\u00e9 pourrait les endommager et cr\u00e9er des probl\u00e8mes \u00e0 long terme.<\/p><p>Le premier avantage de\u00a0<strong>Nettoyant pour bois Limtot<\/strong>\u00a0c&#039;est qu&#039;il peut consid\u00e9rablement prolonger la dur\u00e9e de vie globale de vos sols et r\u00e9duit \u00e9galement le besoin d&#039;entretien ou de r\u00e9parations plus co\u00fbteuses ult\u00e9rieurement. Le bois a tendance \u00e0 se dess\u00e9cher et \u00e0 devenir cassant avec le temps. Un nettoyage et un polissage r\u00e9guliers aident \u00e0 r\u00e9duire les signes d&#039;usure et de vieillissement et rendent les planchers de bois franc brillants et beaux, donc utilisez\u00a0<strong>Nettoyant pour bois Limtot\u00a0<\/strong>garde les sols sains et beaux plus longtemps.<\/p><p>\u00a0<\/p><\/div>\t\t\t\t\t\t\t\t<\/div>\n\t\t\t\t<\/div>\n\t\t\t\t\t<\/div>\n\t\t<\/div>\n\t\t\t\t<div class=\"elementor-column elementor-col-50 elementor-inner-column elementor-element elementor-element-b5f2d36 elementor-invisible\" data-id=\"b5f2d36\" data-element_type=\"column\" data-e-type=\"column\" data-settings=\"{&quot;animation&quot;:&quot;bounceInRight&quot;}\">\n\t\t\t<div class=\"elementor-widget-wrap elementor-element-populated\">\n\t\t\t\t\t\t<div class=\"elementor-element elementor-element-3c22264 elementor-widget__width-initial elementor-widget elementor-widget-elementskit-contact-form7\" data-id=\"3c22264\" data-element_type=\"widget\" data-e-type=\"widget\" data-widget_type=\"elementskit-contact-form7.default\">\n\t\t\t\t<div class=\"elementor-widget-container\">\n\t\t\t\t\t<div class=\"ekit-wid-con\" ><div class=\"ekit-form\">\n<div class=\"wpcf7 no-js\" id=\"wpcf7-f13292-p12398-o1\" lang=\"es-ES\" dir=\"ltr\" data-wpcf7-id=\"13292\">\n<div class=\"screen-reader-response\"><p role=\"status\" aria-live=\"polite\" aria-atomic=\"true\"><\/p> <ul><\/ul><\/div>\n<form action=\"\/fr\/nettoyant-bois-limtot-wood\/#wpcf7-f13292-p12398-o1\" method=\"post\" class=\"wpcf7-form init\" aria-label=\"Formulario de contacto\" novalidate=\"novalidate\" data-status=\"init\" data-no-translation-aria-label=\"\" data-trp-original-action=\"\/en\/limpiador-madera-limtot-madera\/#wpcf7-f13292-p12398-o1\">\n<fieldset class=\"hidden-fields-container\"><input type=\"hidden\" name=\"_wpcf7\" value=\"13292\" \/><input type=\"hidden\" name=\"_wpcf7_version\" value=\"6.1.5\" \/><input type=\"hidden\" name=\"_wpcf7_locale\" value=\"es_ES\" \/><input type=\"hidden\" name=\"_wpcf7_unit_tag\" value=\"wpcf7-f13292-p12398-o1\" \/><input type=\"hidden\" name=\"_wpcf7_container_post\" value=\"12398\" \/><input type=\"hidden\" name=\"_wpcf7_posted_data_hash\" value=\"\" \/><input type=\"hidden\" name=\"_wpcf7_recaptcha_response\" value=\"\" \/>\n<\/fieldset>\n<div style=\"display: flex; gap: 10px;\">\n\t<div style=\"width: 50%;\">\n\t\t<p><span class=\"wpcf7-form-control-wrap\" data-name=\"your-name\"><input size=\"40\" maxlength=\"400\" class=\"wpcf7-form-control wpcf7-text wpcf7-validates-as-required\" aria-required=\"true\" aria-invalid=\"false\" placeholder=\"Nom\" value=\"\" type=\"text\" name=\"your-name\" \/><\/span>\n\t\t<\/p>\n\t<\/div>\n\t<div style=\"width: 50%;\">\n\t\t<p><span class=\"wpcf7-form-control-wrap\" data-name=\"your-phone\"><input size=\"40\" maxlength=\"400\" class=\"wpcf7-form-control wpcf7-tel wpcf7-validates-as-required wpcf7-text wpcf7-validates-as-tel\" aria-required=\"true\" aria-invalid=\"false\" placeholder=\"T\u00e9l\u00e9phone\" value=\"\" type=\"tel\" name=\"your-phone\" \/><\/span>\n\t\t<\/p>\n\t<\/div>\n<\/div>\n<p><span class=\"wpcf7-form-control-wrap\" data-name=\"your-email\"><input size=\"40\" maxlength=\"400\" class=\"wpcf7-form-control wpcf7-email wpcf7-validates-as-required wpcf7-text wpcf7-validates-as-email\" aria-required=\"true\" aria-invalid=\"false\" placeholder=\"E-mail\" value=\"\" type=\"email\" name=\"your-email\" \/><\/span>\n<\/p>\n<div style=\"display: flex; gap: 10px;\">\n\t<div style=\"width: 50%;\">\n\t\t<p><span class=\"wpcf7-form-control-wrap\" data-name=\"your-country\"><input size=\"40\" maxlength=\"400\" class=\"wpcf7-form-control wpcf7-text wpcf7-validates-as-required\" aria-required=\"true\" aria-invalid=\"false\" placeholder=\"Pays\" value=\"\" type=\"text\" name=\"your-country\" \/><\/span>\n\t\t<\/p>\n\t<\/div>\n\t<div style=\"width: 50%;\">\n\t\t<p><span class=\"wpcf7-form-control-wrap\" data-name=\"your-city\"><input size=\"40\" maxlength=\"400\" class=\"wpcf7-form-control wpcf7-text wpcf7-validates-as-required\" aria-required=\"true\" aria-invalid=\"false\" placeholder=\"Population\" value=\"\" type=\"text\" name=\"your-city\" \/><\/span>\n\t\t<\/p>\n\t<\/div>\n<\/div>\n<p><span class=\"wpcf7-form-control-wrap\" data-name=\"your-subject\"><select class=\"wpcf7-form-control wpcf7-select\" aria-invalid=\"false\" name=\"your-subject\"><option value=\"Quiero ser distribuidor\">Je veux \u00eatre distributeur<\/option><option value=\"Presupuesto\">Budget<\/option><option value=\"Consulta\">Consultation<\/option><option value=\"Sugerencia\">Suggestion<\/option><option value=\"Otros\">Autres<\/option><\/select><\/span>\n<\/p>\n<p><span class=\"wpcf7-form-control-wrap\" data-name=\"your-message\"><textarea cols=\"40\" rows=\"10\" maxlength=\"2000\" class=\"wpcf7-form-control wpcf7-textarea\" aria-invalid=\"false\" placeholder=\"Message ou demande\" name=\"your-message\"><\/textarea><\/span>\n<\/p>\n<div style=\"display: flex; align-items: center; gap: 10px;\">\n\t<p><span class=\"wpcf7-form-control-wrap\" data-name=\"privacy-policy\"><span class=\"wpcf7-form-control wpcf7-acceptance\"><span class=\"wpcf7-list-item\"><input type=\"checkbox\" name=\"privacy-policy\" value=\"1\" aria-invalid=\"false\" \/><\/span><\/span><\/span><label for=\"privacy-policy\" style=\"margin-left: 5px;\">J&#039;ai lu et accept\u00e9 la politique de confidentialit\u00e9.<\/label>\n\t<\/p>\n<\/div>\n<div style=\"display: flex; align-items: center; gap: 10px;\">\n\t<p><span class=\"wpcf7-form-control-wrap\" data-name=\"send-info\"><span class=\"wpcf7-form-control wpcf7-acceptance\"><span class=\"wpcf7-list-item\"><input type=\"checkbox\" name=\"send-info\" value=\"1\" aria-invalid=\"false\" \/><\/span><\/span><\/span><label for=\"send-info\" style=\"margin-left: 5px;\">J&#039;accepte de recevoir des informations.<\/label>\n\t<\/p>\n<\/div>\n<p><input class=\"wpcf7-form-control wpcf7-submit has-spinner\" type=\"submit\" value=\"Envoyer\" \/>\n<\/p><div class=\"wpcf7-response-output\" aria-hidden=\"true\"><\/div>\n<input type=\"hidden\" name=\"trp-form-language\" value=\"fr\"\/><\/form>\n<\/div>\n<\/div><\/div>\t\t\t\t<\/div>\n\t\t\t\t<\/div>\n\t\t\t\t\t<\/div>\n\t\t<\/div>\n\t\t\t\t\t<\/div>\n\t\t<\/section>\n\t\t\t\t<div class=\"elementor-element elementor-element-615d68f elementor-widget elementor-widget-text-editor\" data-id=\"615d68f\" data-element_type=\"widget\" data-e-type=\"widget\" data-widget_type=\"text-editor.default\">\n\t\t\t\t<div class=\"elementor-widget-container\">\n\t\t\t\t\t\t\t\t\t<div id=\"lipsum\"><p>Le deuxi\u00e8me avantage de l\u2019utilisation du\u00a0<strong>Nettoyant pour bois Limtot<\/strong>\u00a0c&#039;est que, m\u00eame s&#039;il s&#039;agit d&#039;un investissement, c&#039;est beaucoup moins cher que de r\u00e9parer ou de remplacer, vous pouvez donc \u00e9conomiser de l&#039;argent sur les r\u00e9parations. Le nettoyage r\u00e9gulier de votre parquet est une d\u00e9pense n\u00e9cessaire. Si vous remettez \u00e0 plus tard les travaux et laissez la poussi\u00e8re, la salet\u00e9 et la crasse s\u2019accumuler, vous d\u00e9penserez plus d\u2019argent en r\u00e9parations et en remplacements \u00e0 l\u2019avenir.<\/p><p>Le troisi\u00e8me avantage est simplement l\u2019apparence g\u00e9n\u00e9rale d\u2019avoir des sols propres. Les planchers de bois franc sales et ray\u00e9s sont inconfortables pour marcher et jouer, et sont plus susceptibles d&#039;avoir une accumulation de salet\u00e9, de poussi\u00e8re et de bact\u00e9ries qui pourraient vous rendre malade, vous ou vos proches, surtout si vous avez de jeunes enfants \u00e0 la maison qui jouent fr\u00e9quemment sur le sol. Nettoyez vos planchers de bois franc avec\u00a0<strong>Nettoyant pour bois Limtot<\/strong>\u00a0Cela signifie que votre maison sera plus confortable, apportant bien-\u00eatre et confort \u00e0 vos espaces.<\/p><p>Si vous recherchez le meilleur produit pour vos espaces, faites confiance \u00e0\u00a0<strong>Nettoyant pour bois Limtot Bois,\u00a0<\/strong>un produit de la plus haute qualit\u00e9 que nous proposons chez Dermo. Il\u00a0<strong>Nettoyant pour bois Limtot\u00a0<\/strong>C&#039;est un produit savonneux pour les surfaces en bois et parquets trait\u00e9s. Gr\u00e2ce \u00e0 sa formule au pH neutre, il assure un nettoyage efficace sans laisser de traces, le nettoyage sera donc id\u00e9al et efficace avec le moins d&#039;effort possible.<\/p><p>Faites confiance \u00e0 Dermo pour la meilleure qualit\u00e9 !<\/p><\/div>\t\t\t\t\t\t\t\t<\/div>\n\t\t\t\t<\/div>\n\t\t\t\t\t<\/div>\n\t\t<\/div>\n\t\t\t\t\t<\/div>\n\t\t<\/section>\n\t\t\t\t<section class=\"elementor-section elementor-top-section elementor-element elementor-element-484f41e elementor-section-full_width elementor-section-height-default elementor-section-height-default elementor-invisible\" data-id=\"484f41e\" data-element_type=\"section\" data-e-type=\"section\" data-settings=\"{&quot;animation&quot;:&quot;slideInUp&quot;}\">\n\t\t\t\t\t\t<div class=\"elementor-container elementor-column-gap-default\">\n\t\t\t\t\t<div class=\"elementor-column elementor-col-100 elementor-top-column elementor-element elementor-element-19948363\" data-id=\"19948363\" data-element_type=\"column\" data-e-type=\"column\">\n\t\t\t<div class=\"elementor-widget-wrap elementor-element-populated\">\n\t\t\t\t\t\t<div class=\"elementor-element elementor-element-339044a4 elementor-widget elementor-widget-google_maps\" data-id=\"339044a4\" data-element_type=\"widget\" data-e-type=\"widget\" data-widget_type=\"google_maps.default\">\n\t\t\t\t<div class=\"elementor-widget-container\">\n\t\t\t\t\t\t\t<div class=\"elementor-custom-embed\">\n\t\t\t<iframe loading=\"lazy\"\n\t\t\t\t\tsrc=\"https:\/\/maps.google.com\/maps?q=C%2F%20Pintor%20Joan%20Miro%2C%2016.%20Pol.%20Ind.%20Can%20Humet%20de%20Dalt%2C%2008213%20Poliny%C3%A0.%20Barcelona&#038;t=m&#038;z=15&#038;output=embed&#038;iwloc=near\"\n\t\t\t\t\ttitle=\"C\/ Pintor Joan Miro, 16. Pol. Ind. Can Humet de Dalt, 08213 Poliny\u00e0. Barcelone\"\n\t\t\t\t\taria-label=\"C\/ Pintor Joan Miro, 16. Pol. Ind. Can Humet de Dalt, 08213 Poliny\u00e0. Barcelone\"\n\t\t\t><\/iframe>\n\t\t<\/div>\n\t\t\t\t\t\t<\/div>\n\t\t\t\t<\/div>\n\t\t\t\t\t<\/div>\n\t\t<\/div>\n\t\t\t\t\t<\/div>\n\t\t<\/section>\n\t\t\t\t<\/div>","protected":false},"excerpt":{"rendered":"<p>Bien s\u00fbr, l&#039;entretien de vos surfaces en bois trait\u00e9 et de votre parquet est in\u00e9vitable. Pour certains, nettoyer et cirer les parquets peut sembler fastidieux, voire une perte de temps. Pourtant, un nettoyage r\u00e9gulier peut contribuer \u00e0 pr\u00e9server la beaut\u00e9 de vos sols\u2026&nbsp;<a href=\"https:\/\/dermo.com\/fr\/nettoyant-bois-limtot-wood\/\" rel=\"bookmark\">En savoir plus &quot;<span class=\"screen-reader-text\">Nettoyant pour bois (bois Limtot)<\/span><\/a><\/p>","protected":false},"author":2,"featured_media":0,"parent":0,"menu_order":0,"comment_status":"closed","ping_status":"closed","template":"page-templates\/template-pagebuilder-full-width.php","meta":{"neve_meta_sidebar":"","neve_meta_container":"","neve_meta_enable_content_width":"","neve_meta_content_width":0,"neve_meta_title_alignment":"","neve_meta_author_avatar":"","neve_post_elements_order":"","neve_meta_disable_header":"","neve_meta_disable_footer":"","neve_meta_disable_title":"","footnotes":""},"class_list":["post-12398","page","type-page","status-publish","hentry"],"yoast_head":"<!-- This site is optimized with the Yoast SEO plugin v27.0 - https:\/\/yoast.com\/product\/yoast-seo-wordpress\/ -->\n<title>Limpiador madera (Limtot madera) - Dermo | F\u00e1brica de detergentes<\/title>\n<meta name=\"robots\" content=\"index, follow, max-snippet:-1, max-image-preview:large, max-video-preview:-1\" \/>\n<link rel=\"canonical\" href=\"https:\/\/dermo.com\/fr\/nettoyant-bois-limtot-wood\/\" \/>\n<meta property=\"og:locale\" content=\"fr_FR\" \/>\n<meta property=\"og:type\" content=\"article\" \/>\n<meta property=\"og:title\" content=\"Limpiador madera (Limtot madera) - Dermo | F\u00e1brica de detergentes\" \/>\n<meta property=\"og:description\" content=\"Naturalmente, el mantenimiento de sus superficies de madera tratada y parquet es algo que inevitablemente tendr\u00e1 que hacer. Para algunos, limpiar y pulir pisos de madera puede parecer una molestia o incluso una p\u00e9rdida de tiempo. Sin embargo, la limpieza regular de los pisos de madera puede ayudar a que sus pisos se vean hermosos&hellip;&nbsp;Lire la suite &raquo;Limpiador madera (Limtot madera)\" \/>\n<meta property=\"og:url\" content=\"https:\/\/dermo.com\/fr\/nettoyant-bois-limtot-wood\/\" \/>\n<meta property=\"og:site_name\" content=\"Dermo | F\u00e1brica de detergentes\" \/>\n<meta property=\"article:modified_time\" content=\"2025-02-19T11:16:02+00:00\" \/>\n<meta name=\"twitter:card\" content=\"summary_large_image\" \/>\n<meta name=\"twitter:label1\" content=\"Dur\u00e9e de lecture estim\u00e9e\" \/>\n\t<meta name=\"twitter:data1\" content=\"3 minutes\" \/>\n<script type=\"application\/ld+json\" class=\"yoast-schema-graph\">{\"@context\":\"https:\/\/schema.org\",\"@graph\":[{\"@type\":\"WebPage\",\"@id\":\"https:\/\/dermo.com\/limpiador-madera-limtot-madera\/\",\"url\":\"https:\/\/dermo.com\/limpiador-madera-limtot-madera\/\",\"name\":\"Limpiador madera (Limtot madera) - Dermo | F\u00e1brica de detergentes\",\"isPartOf\":{\"@id\":\"https:\/\/dermo.com\/#website\"},\"datePublished\":\"2025-01-30T11:21:43+00:00\",\"dateModified\":\"2025-02-19T11:16:02+00:00\",\"breadcrumb\":{\"@id\":\"https:\/\/dermo.com\/limpiador-madera-limtot-madera\/#breadcrumb\"},\"inLanguage\":\"fr-FR\",\"potentialAction\":[{\"@type\":\"ReadAction\",\"target\":[\"https:\/\/dermo.com\/limpiador-madera-limtot-madera\/\"]}]},{\"@type\":\"BreadcrumbList\",\"@id\":\"https:\/\/dermo.com\/limpiador-madera-limtot-madera\/#breadcrumb\",\"itemListElement\":[{\"@type\":\"ListItem\",\"position\":1,\"name\":\"Portada\",\"item\":\"https:\/\/dermo.com\/\"},{\"@type\":\"ListItem\",\"position\":2,\"name\":\"Limpiador madera (Limtot madera)\"}]},{\"@type\":\"WebSite\",\"@id\":\"https:\/\/dermo.com\/#website\",\"url\":\"https:\/\/dermo.com\/\",\"name\":\"Dermo | F\u00e1brica de detergentes\",\"description\":\"Tecnolog\u00eda avanzada, investigaci\u00f3n y desarrollo, respeto por el medio ambiente, competencia, formaci\u00f3n constante y alto nivel de profesionalidad en nuestro equipo humano, empe\u00f1ado en preservar la calidad de vida, la protecci\u00f3n del entorno natural contin\u00faan motiv\u00e1ndonos para desarrollar en nuestros laboratorios nuevos productos con ingredientes activos altamente biodegradables que hacen posible un desarrollo sostenible.\",\"potentialAction\":[{\"@type\":\"SearchAction\",\"target\":{\"@type\":\"EntryPoint\",\"urlTemplate\":\"https:\/\/dermo.com\/?s={search_term_string}\"},\"query-input\":{\"@type\":\"PropertyValueSpecification\",\"valueRequired\":true,\"valueName\":\"search_term_string\"}}],\"inLanguage\":\"fr-FR\"}]}<\/script>\n<!-- \/ Yoast SEO plugin. -->","yoast_head_json":{"title":"Nettoyant bois (bois Limtot) - Dermo | Usine de d\u00e9tergents","robots":{"index":"index","follow":"follow","max-snippet":"max-snippet:-1","max-image-preview":"max-image-preview:large","max-video-preview":"max-video-preview:-1"},"canonical":"https:\/\/dermo.com\/fr\/nettoyant-bois-limtot-wood\/","og_locale":"fr_FR","og_type":"article","og_title":"Limpiador madera (Limtot madera) - Dermo | F\u00e1brica de detergentes","og_description":"Naturalmente, el mantenimiento de sus superficies de madera tratada y parquet es algo que inevitablemente tendr\u00e1 que hacer. Para algunos, limpiar y pulir pisos de madera puede parecer una molestia o incluso una p\u00e9rdida de tiempo. Sin embargo, la limpieza regular de los pisos de madera puede ayudar a que sus pisos se vean hermosos&hellip;&nbsp;Lire la suite &raquo;Limpiador madera (Limtot madera)","og_url":"https:\/\/dermo.com\/fr\/nettoyant-bois-limtot-wood\/","og_site_name":"Dermo | F\u00e1brica de detergentes","article_modified_time":"2025-02-19T11:16:02+00:00","twitter_card":"summary_large_image","twitter_misc":{"Dur\u00e9e de lecture estim\u00e9e":"3 minutes"},"schema":{"@context":"https:\/\/schema.org","@graph":[{"@type":"WebPage","@id":"https:\/\/dermo.com\/limpiador-madera-limtot-madera\/","url":"https:\/\/dermo.com\/limpiador-madera-limtot-madera\/","name":"Nettoyant bois (bois Limtot) - Dermo | Usine de d\u00e9tergents","isPartOf":{"@id":"https:\/\/dermo.com\/#website"},"datePublished":"2025-01-30T11:21:43+00:00","dateModified":"2025-02-19T11:16:02+00:00","breadcrumb":{"@id":"https:\/\/dermo.com\/limpiador-madera-limtot-madera\/#breadcrumb"},"inLanguage":"fr-FR","potentialAction":[{"@type":"ReadAction","target":["https:\/\/dermo.com\/limpiador-madera-limtot-madera\/"]}]},{"@type":"BreadcrumbList","@id":"https:\/\/dermo.com\/limpiador-madera-limtot-madera\/#breadcrumb","itemListElement":[{"@type":"ListItem","position":1,"name":"Portada","item":"https:\/\/dermo.com\/"},{"@type":"ListItem","position":2,"name":"Limpiador madera (Limtot madera)"}]},{"@type":"WebSite","@id":"https:\/\/dermo.com\/#website","url":"https:\/\/dermo.com\/","name":"Dermo | usine de d\u00e9tergents","description":"Technologie avanc\u00e9e, recherche et d\u00e9veloppement, respect de l&#039;environnement, comp\u00e9tence, formation constante et haut niveau de professionnalisme de notre \u00e9quipe humaine, engag\u00e9e \u00e0 pr\u00e9server la qualit\u00e9 de vie, la protection de l&#039;environnement naturel continuent de nous motiver \u00e0 d\u00e9velopper de nouveaux produits dans notre laboratoires aux principes actifs hautement biod\u00e9gradables qui rendent possible le d\u00e9veloppement durable.","potentialAction":[{"@type":"SearchAction","target":{"@type":"EntryPoint","urlTemplate":"https:\/\/dermo.com\/?s={search_term_string}"},"query-input":{"@type":"PropertyValueSpecification","valueRequired":true,"valueName":"search_term_string"}}],"inLanguage":"fr-FR"}]}},"_links":{"self":[{"href":"https:\/\/dermo.com\/fr\/wp-json\/wp\/v2\/pages\/12398","targetHints":{"allow":["GET"]}}],"collection":[{"href":"https:\/\/dermo.com\/fr\/wp-json\/wp\/v2\/pages"}],"about":[{"href":"https:\/\/dermo.com\/fr\/wp-json\/wp\/v2\/types\/page"}],"author":[{"embeddable":true,"href":"https:\/\/dermo.com\/fr\/wp-json\/wp\/v2\/users\/2"}],"replies":[{"embeddable":true,"href":"https:\/\/dermo.com\/fr\/wp-json\/wp\/v2\/comments?post=12398"}],"version-history":[{"count":7,"href":"https:\/\/dermo.com\/fr\/wp-json\/wp\/v2\/pages\/12398\/revisions"}],"predecessor-version":[{"id":13617,"href":"https:\/\/dermo.com\/fr\/wp-json\/wp\/v2\/pages\/12398\/revisions\/13617"}],"wp:attachment":[{"href":"https:\/\/dermo.com\/fr\/wp-json\/wp\/v2\/media?parent=12398"}],"curies":[{"name":"wp","href":"https:\/\/api.w.org\/{rel}","templated":true}]}}