{"id":12428,"date":"2025-01-30T12:30:02","date_gmt":"2025-01-30T11:30:02","guid":{"rendered":"https:\/\/dermo.com\/?page_id=12428"},"modified":"2025-02-19T12:10:52","modified_gmt":"2025-02-19T11:10:52","slug":"eau-de-javel-pour-machine-a-laver","status":"publish","type":"page","link":"https:\/\/dermo.com\/fr\/eau-de-javel-pour-machine-a-laver\/","title":{"rendered":"Eau de Javel pour machine \u00e0 laver"},"content":{"rendered":"<div data-elementor-type=\"wp-page\" data-elementor-id=\"12428\" class=\"elementor elementor-12428\" data-elementor-post-type=\"page\">\n\t\t\t\t\t\t<section class=\"elementor-section elementor-top-section elementor-element elementor-element-a02683f elementor-section-boxed elementor-section-height-default elementor-section-height-default\" data-id=\"a02683f\" data-element_type=\"section\" data-e-type=\"section\" data-settings=\"{&quot;background_background&quot;:&quot;classic&quot;}\">\n\t\t\t\t\t\t\t<div class=\"elementor-background-overlay\"><\/div>\n\t\t\t\t\t\t\t<div class=\"elementor-container elementor-column-gap-default\">\n\t\t\t\t\t<div class=\"elementor-column elementor-col-100 elementor-top-column elementor-element elementor-element-f99dbff\" data-id=\"f99dbff\" data-element_type=\"column\" data-e-type=\"column\">\n\t\t\t<div class=\"elementor-widget-wrap elementor-element-populated\">\n\t\t\t\t\t\t\t<\/div>\n\t\t<\/div>\n\t\t\t\t\t<\/div>\n\t\t<\/section>\n\t\t\t\t<section class=\"elementor-section elementor-top-section elementor-element elementor-element-233ad3a4 elementor-section-boxed elementor-section-height-default elementor-section-height-default\" data-id=\"233ad3a4\" data-element_type=\"section\" data-e-type=\"section\">\n\t\t\t\t\t\t<div class=\"elementor-container elementor-column-gap-default\">\n\t\t\t\t\t<div class=\"elementor-column elementor-col-100 elementor-top-column elementor-element elementor-element-3244e578\" data-id=\"3244e578\" data-element_type=\"column\" data-e-type=\"column\">\n\t\t\t<div class=\"elementor-widget-wrap elementor-element-populated\">\n\t\t\t\t\t\t<section class=\"elementor-section elementor-inner-section elementor-element elementor-element-1a7040c2 elementor-section-content-middle elementor-section-boxed elementor-section-height-default elementor-section-height-default\" data-id=\"1a7040c2\" data-element_type=\"section\" data-e-type=\"section\">\n\t\t\t\t\t\t<div class=\"elementor-container elementor-column-gap-default\">\n\t\t\t\t\t<div class=\"elementor-column elementor-col-50 elementor-inner-column elementor-element elementor-element-58338543\" data-id=\"58338543\" data-element_type=\"column\" data-e-type=\"column\">\n\t\t\t<div class=\"elementor-widget-wrap elementor-element-populated\">\n\t\t\t\t\t\t<div class=\"elementor-element elementor-element-464b2e11 elementor-widget elementor-widget-text-editor\" data-id=\"464b2e11\" data-element_type=\"widget\" data-e-type=\"widget\" data-widget_type=\"text-editor.default\">\n\t\t\t\t<div class=\"elementor-widget-container\">\n\t\t\t\t\t\t\t\t\t<div id=\"lipsum\"><p>Chez Dermo, vous trouverez un catalogue avec de nombreux produits, de diff\u00e9rentes cat\u00e9gories, pour que vous puissiez effectuer un nettoyage professionnel dans n&#039;importe quel domaine dont vous avez besoin, comme l&#039;industrie ou l&#039;industrie automobile.<\/p><p>Parmi les cat\u00e9gories que vous pouvez trouver aujourd&#039;hui, nous nous concentrons sur le linge, en particulier sur la sous-cat\u00e9gorie des accessoires de lavage, car nous savons \u00e0 quel point il est important pour nos clients de trouver des produits efficaces pour laver les v\u00eatements et les tissus.<\/p><p>Nous avons diff\u00e9rents produits pour nettoyer et entretenir les v\u00eatements, \u00e0 la fois des d\u00e9tergents liquides et des d\u00e9tergents en poudre, mais aujourd&#039;hui nous voulons vous parler de notre\u00a0<strong>eau de Javel<\/strong>\u00a0sp\u00e9cial\u00a0<strong>machine \u00e0 laver<\/strong>, un produit con\u00e7u pour le blanchiment, l&#039;\u00e9limination des taches et la d\u00e9sinfection des tissus pendant les processus de lavage.\u00a0<a href=\"https:\/\/dermo.com\/fr\/catalogue\/es\/lessive\/123-lejia-lavadora.html\/\">Le\u00a0<strong>eau de Javel<\/strong>\u00a0sp\u00e9cial\u00a0<strong>machine \u00e0 laver<\/strong><\/a>\u00a0Il peut \u00e9galement \u00eatre utilis\u00e9 pour nettoyer les surfaces, \u00e9liminer les taches et obtenir un aspect brillant. Il est \u00e9galement parfait pour d\u00e9sinfecter les toilettes et \u00e9liminer les mauvaises odeurs et les taches incrust\u00e9es.<\/p><p>Le\u00a0<strong>eau de Javel<\/strong>\u00a0pour\u00a0<strong>machines \u00e0 laver<\/strong> Dermo a une odeur \u00e9pic\u00e9e caract\u00e9ristique et son apparence est liquide. C&#039;est un produit soluble dans l&#039;eau et a une densit\u00e9 relative de 1,05 g\/l. C&#039;est un produit de nettoyage professionnel tr\u00e8s puissant, qui doit \u00eatre conserv\u00e9 hors de port\u00e9e des enfants, bien ferm\u00e9 et stock\u00e9 dans un endroit sec et frais, en \u00e9vitant la chaleur et le froid excessifs, afin qu&#039;il ne g\u00e8le pas ou ne lib\u00e8re pas de gaz toxiques. Il ne doit jamais \u00eatre m\u00e9lang\u00e9 avec d&#039;autres produits de nettoyage, qui contiennent \u00e9galement des r\u00e9actifs chimiques susceptibles de lib\u00e9rer des gaz dangereux nocifs pour notre sant\u00e9.<\/p><\/div>\t\t\t\t\t\t\t\t<\/div>\n\t\t\t\t<\/div>\n\t\t\t\t\t<\/div>\n\t\t<\/div>\n\t\t\t\t<div class=\"elementor-column elementor-col-50 elementor-inner-column elementor-element elementor-element-b832f77 elementor-invisible\" data-id=\"b832f77\" data-element_type=\"column\" data-e-type=\"column\" data-settings=\"{&quot;animation&quot;:&quot;bounceInRight&quot;}\">\n\t\t\t<div class=\"elementor-widget-wrap elementor-element-populated\">\n\t\t\t\t\t\t<div class=\"elementor-element elementor-element-f956b8e elementor-widget__width-initial elementor-widget elementor-widget-elementskit-contact-form7\" data-id=\"f956b8e\" data-element_type=\"widget\" data-e-type=\"widget\" data-widget_type=\"elementskit-contact-form7.default\">\n\t\t\t\t<div class=\"elementor-widget-container\">\n\t\t\t\t\t<div class=\"ekit-wid-con\" ><div class=\"ekit-form\">\n<div class=\"wpcf7 no-js\" id=\"wpcf7-f13292-p12428-o1\" lang=\"es-ES\" dir=\"ltr\" data-wpcf7-id=\"13292\">\n<div class=\"screen-reader-response\"><p role=\"status\" aria-live=\"polite\" aria-atomic=\"true\"><\/p> <ul><\/ul><\/div>\n<form action=\"\/fr\/eau-de-javel-pour-machine-a-laver\/#wpcf7-f13292-p12428-o1\" method=\"post\" class=\"wpcf7-form init\" aria-label=\"Formulario de contacto\" novalidate=\"novalidate\" data-status=\"init\" data-no-translation-aria-label=\"\" data-trp-original-action=\"\/fr\/lejia-lavadora\/#wpcf7-f13292-p12428-o1\">\n<fieldset class=\"hidden-fields-container\"><input type=\"hidden\" name=\"_wpcf7\" value=\"13292\" \/><input type=\"hidden\" name=\"_wpcf7_version\" value=\"6.1.5\" \/><input type=\"hidden\" name=\"_wpcf7_locale\" value=\"es_ES\" \/><input type=\"hidden\" name=\"_wpcf7_unit_tag\" value=\"wpcf7-f13292-p12428-o1\" \/><input type=\"hidden\" name=\"_wpcf7_container_post\" value=\"12428\" \/><input type=\"hidden\" name=\"_wpcf7_posted_data_hash\" value=\"\" \/><input type=\"hidden\" name=\"_wpcf7_recaptcha_response\" value=\"\" \/>\n<\/fieldset>\n<div style=\"display: flex; gap: 10px;\">\n\t<div style=\"width: 50%;\">\n\t\t<p><span class=\"wpcf7-form-control-wrap\" data-name=\"your-name\"><input size=\"40\" maxlength=\"400\" class=\"wpcf7-form-control wpcf7-text wpcf7-validates-as-required\" aria-required=\"true\" aria-invalid=\"false\" placeholder=\"Nom\" value=\"\" type=\"text\" name=\"your-name\" \/><\/span>\n\t\t<\/p>\n\t<\/div>\n\t<div style=\"width: 50%;\">\n\t\t<p><span class=\"wpcf7-form-control-wrap\" data-name=\"your-phone\"><input size=\"40\" maxlength=\"400\" class=\"wpcf7-form-control wpcf7-tel wpcf7-validates-as-required wpcf7-text wpcf7-validates-as-tel\" aria-required=\"true\" aria-invalid=\"false\" placeholder=\"T\u00e9l\u00e9phone\" value=\"\" type=\"tel\" name=\"your-phone\" \/><\/span>\n\t\t<\/p>\n\t<\/div>\n<\/div>\n<p><span class=\"wpcf7-form-control-wrap\" data-name=\"your-email\"><input size=\"40\" maxlength=\"400\" class=\"wpcf7-form-control wpcf7-email wpcf7-validates-as-required wpcf7-text wpcf7-validates-as-email\" aria-required=\"true\" aria-invalid=\"false\" placeholder=\"E-mail\" value=\"\" type=\"email\" name=\"your-email\" \/><\/span>\n<\/p>\n<div style=\"display: flex; gap: 10px;\">\n\t<div style=\"width: 50%;\">\n\t\t<p><span class=\"wpcf7-form-control-wrap\" data-name=\"your-country\"><input size=\"40\" maxlength=\"400\" class=\"wpcf7-form-control wpcf7-text wpcf7-validates-as-required\" aria-required=\"true\" aria-invalid=\"false\" placeholder=\"Pays\" value=\"\" type=\"text\" name=\"your-country\" \/><\/span>\n\t\t<\/p>\n\t<\/div>\n\t<div style=\"width: 50%;\">\n\t\t<p><span class=\"wpcf7-form-control-wrap\" data-name=\"your-city\"><input size=\"40\" maxlength=\"400\" class=\"wpcf7-form-control wpcf7-text wpcf7-validates-as-required\" aria-required=\"true\" aria-invalid=\"false\" placeholder=\"Population\" value=\"\" type=\"text\" name=\"your-city\" \/><\/span>\n\t\t<\/p>\n\t<\/div>\n<\/div>\n<p><span class=\"wpcf7-form-control-wrap\" data-name=\"your-subject\"><select class=\"wpcf7-form-control wpcf7-select\" aria-invalid=\"false\" name=\"your-subject\"><option value=\"Quiero ser distribuidor\">Je veux \u00eatre distributeur<\/option><option value=\"Presupuesto\">Budget<\/option><option value=\"Consulta\">Consultation<\/option><option value=\"Sugerencia\">Suggestion<\/option><option value=\"Otros\">Autres<\/option><\/select><\/span>\n<\/p>\n<p><span class=\"wpcf7-form-control-wrap\" data-name=\"your-message\"><textarea cols=\"40\" rows=\"10\" maxlength=\"2000\" class=\"wpcf7-form-control wpcf7-textarea\" aria-invalid=\"false\" placeholder=\"Message ou demande\" name=\"your-message\"><\/textarea><\/span>\n<\/p>\n<div style=\"display: flex; align-items: center; gap: 10px;\">\n\t<p><span class=\"wpcf7-form-control-wrap\" data-name=\"privacy-policy\"><span class=\"wpcf7-form-control wpcf7-acceptance\"><span class=\"wpcf7-list-item\"><input type=\"checkbox\" name=\"privacy-policy\" value=\"1\" aria-invalid=\"false\" \/><\/span><\/span><\/span><label for=\"privacy-policy\" style=\"margin-left: 5px;\">J&#039;ai lu et accept\u00e9 la politique de confidentialit\u00e9.<\/label>\n\t<\/p>\n<\/div>\n<div style=\"display: flex; align-items: center; gap: 10px;\">\n\t<p><span class=\"wpcf7-form-control-wrap\" data-name=\"send-info\"><span class=\"wpcf7-form-control wpcf7-acceptance\"><span class=\"wpcf7-list-item\"><input type=\"checkbox\" name=\"send-info\" value=\"1\" aria-invalid=\"false\" \/><\/span><\/span><\/span><label for=\"send-info\" style=\"margin-left: 5px;\">J&#039;accepte de recevoir des informations.<\/label>\n\t<\/p>\n<\/div>\n<p><input class=\"wpcf7-form-control wpcf7-submit has-spinner\" type=\"submit\" value=\"Envoyer\" \/>\n<\/p><div class=\"wpcf7-response-output\" aria-hidden=\"true\"><\/div>\n<input type=\"hidden\" name=\"trp-form-language\" value=\"fr\"\/><\/form>\n<\/div>\n<\/div><\/div>\t\t\t\t<\/div>\n\t\t\t\t<\/div>\n\t\t\t\t\t<\/div>\n\t\t<\/div>\n\t\t\t\t\t<\/div>\n\t\t<\/section>\n\t\t\t\t<div class=\"elementor-element elementor-element-615d68f elementor-widget elementor-widget-text-editor\" data-id=\"615d68f\" data-element_type=\"widget\" data-e-type=\"widget\" data-widget_type=\"text-editor.default\">\n\t\t\t\t<div class=\"elementor-widget-container\">\n\t\t\t\t\t\t\t\t\t<p>Comment utiliser le\u00a0<strong>eau de Javel<\/strong>\u00a0sp\u00e9cial\u00a0<strong>machine \u00e0 laver<\/strong>?<\/p><p>Pour les processus de lavage ; Apr\u00e8s avoir v\u00e9rifi\u00e9 la r\u00e9sistance des tissus \u00e0 l&#039;hypochlorite, il faudra doser 5 \u00e0 10 cm3 pour chaque kilo de linge sale.<\/p><p>Pour nettoyer et d\u00e9sinfecter les sols ; 125 cm3 sont utilis\u00e9s pour 10 litres d&#039;eau<\/p><p>Pour nettoyer les toilettes ; Vous devez utiliser le produit directement et, apr\u00e8s l&#039;avoir laiss\u00e9 agir pendant 5 minutes, vous devez rincer abondamment \u00e0 l&#039;eau.<\/p><p><strong>Produits de nettoyage professionnels pour la buanderie<\/strong><\/p><p>Dans la cat\u00e9gorie Lessive Dermo, vous trouverez dans le catalogue tous types de d\u00e9tergents solides, d\u00e9tergents liquides, assouplissants, accessoires de lavage ou produits \u00e0 dosage automatique.<\/p><p>En ce qui concerne les d\u00e9tergents solides, nous pouvons trouver, par exemple, le mod\u00e8le\u00a0<a href=\"https:\/\/dermo.com\/fr\/catalogue\/es\/lessive\/63-maxim-bio.html\/\">D\u00e9tergent concentr\u00e9 Maxim Bio,<\/a>\u00a0qui est hautement enrichi en enzymes et est con\u00e7u pour laver le linge blanc et est sp\u00e9cialement con\u00e7u pour \u00eatre utilis\u00e9 dans de l&#039;eau extr\u00eamement dure et \u00e0 n&#039;importe quelle temp\u00e9rature. Son activateur d&#039;oxyg\u00e8ne est tr\u00e8s efficace pour blanchir les v\u00eatements \u00e0 basse temp\u00e9rature.<\/p><p>En ce qui concerne les d\u00e9tergents liquides, on retrouve les soi-disant\u00a0<a href=\"https:\/\/dermo.com\/fr\/catalogue\/es\/lessive\/67-gel-activo-color.html\/\">Gel Actif Couleur<\/a>\u00a0et poss\u00e8de une forte concentration d&#039;ingr\u00e9dients actifs pour nettoyer les v\u00eatements color\u00e9s. Il est capable d&#039;\u00e9liminer la salet\u00e9 de tous types de fibres et apporte une grande douceur aux v\u00eatements, gr\u00e2ce \u00e0 sa composition liquide.<\/p><p>En ce qui concerne les adoucissants, nous pouvons souligner le\u00a0<a href=\"https:\/\/dermo.com\/fr\/catalogue\/es\/lessive\/76-presto-energy.html\/\">Presto \u00c9nergie<\/a>, qui est efficace sur tous les types de fibres et permet un s\u00e9chage tr\u00e8s rapide, am\u00e9liore le repassage et repousse la salet\u00e9 et a une action antistatique. Il prolonge la dur\u00e9e de vie du tissu et \u00e9vite la formation de moisissures sur les v\u00eatements stock\u00e9s, laissant un parfum agr\u00e9able et durable.<\/p><p>En ce qui concerne les accessoires de lavage, nous avons aujourd&#039;hui mis en avant l&#039;eau de Javel sp\u00e9ciale pour machine \u00e0 laver et, enfin, nous voulons mettre en avant le produit\u00a0<a href=\"https:\/\/dermo.com\/fr\/catalogue\/es\/lessive\/71-prelax-liquido.html\/\">Prelax liquide<\/a>, qui correspond \u00e0 la sous-cat\u00e9gorie des produits \u00e0 dosage automatique. C&#039;est un d\u00e9tergent auxiliaire alcalin de pr\u00e9lavage et de lavage, qui poss\u00e8de un pouvoir dispersant de la salet\u00e9 \u00e9lev\u00e9 et un pouvoir s\u00e9questrant \u00e9lev\u00e9.<\/p>\t\t\t\t\t\t\t\t<\/div>\n\t\t\t\t<\/div>\n\t\t\t\t\t<\/div>\n\t\t<\/div>\n\t\t\t\t\t<\/div>\n\t\t<\/section>\n\t\t\t\t<section class=\"elementor-section elementor-top-section elementor-element elementor-element-484f41e elementor-section-full_width elementor-section-height-default elementor-section-height-default elementor-invisible\" data-id=\"484f41e\" data-element_type=\"section\" data-e-type=\"section\" data-settings=\"{&quot;animation&quot;:&quot;slideInUp&quot;}\">\n\t\t\t\t\t\t<div class=\"elementor-container elementor-column-gap-default\">\n\t\t\t\t\t<div class=\"elementor-column elementor-col-100 elementor-top-column elementor-element elementor-element-19948363\" data-id=\"19948363\" data-element_type=\"column\" data-e-type=\"column\">\n\t\t\t<div class=\"elementor-widget-wrap elementor-element-populated\">\n\t\t\t\t\t\t<div class=\"elementor-element elementor-element-339044a4 elementor-widget elementor-widget-google_maps\" data-id=\"339044a4\" data-element_type=\"widget\" data-e-type=\"widget\" data-widget_type=\"google_maps.default\">\n\t\t\t\t<div class=\"elementor-widget-container\">\n\t\t\t\t\t\t\t<div class=\"elementor-custom-embed\">\n\t\t\t<iframe loading=\"lazy\"\n\t\t\t\t\tsrc=\"https:\/\/maps.google.com\/maps?q=C%2F%20Pintor%20Joan%20Miro%2C%2016.%20Pol.%20Ind.%20Can%20Humet%20de%20Dalt%2C%2008213%20Poliny%C3%A0.%20Barcelona&#038;t=m&#038;z=15&#038;output=embed&#038;iwloc=near\"\n\t\t\t\t\ttitle=\"C\/ Pintor Joan Miro, 16. Pol. Ind. Can Humet de Dalt, 08213 Poliny\u00e0. Barcelone\"\n\t\t\t\t\taria-label=\"C\/ Pintor Joan Miro, 16. Pol. Ind. Can Humet de Dalt, 08213 Poliny\u00e0. Barcelone\"\n\t\t\t><\/iframe>\n\t\t<\/div>\n\t\t\t\t\t\t<\/div>\n\t\t\t\t<\/div>\n\t\t\t\t\t<\/div>\n\t\t<\/div>\n\t\t\t\t\t<\/div>\n\t\t<\/section>\n\t\t\t\t<\/div>","protected":false},"excerpt":{"rendered":"<p>Chez Dermo, vous trouverez un catalogue de nombreux produits de diff\u00e9rentes cat\u00e9gories, pour un nettoyage professionnel dans tous les domaines, comme l&#039;industrie ou l&#039;automobile. Parmi les cat\u00e9gories disponibles aujourd&#039;hui, nous nous concentrons sur le linge, et plus particuli\u00e8rement sur la sous-cat\u00e9gorie des accessoires de lessive, car\u2026&nbsp;<a href=\"https:\/\/dermo.com\/fr\/eau-de-javel-pour-machine-a-laver\/\" rel=\"bookmark\">En savoir plus &quot;<span class=\"screen-reader-text\">Eau de Javel pour machine \u00e0 laver<\/span><\/a><\/p>","protected":false},"author":2,"featured_media":0,"parent":0,"menu_order":0,"comment_status":"closed","ping_status":"closed","template":"page-templates\/template-pagebuilder-full-width.php","meta":{"neve_meta_sidebar":"","neve_meta_container":"","neve_meta_enable_content_width":"","neve_meta_content_width":0,"neve_meta_title_alignment":"","neve_meta_author_avatar":"","neve_post_elements_order":"","neve_meta_disable_header":"","neve_meta_disable_footer":"","neve_meta_disable_title":"","footnotes":""},"class_list":["post-12428","page","type-page","status-publish","hentry"],"yoast_head":"<!-- This site is optimized with the Yoast SEO plugin v27.0 - https:\/\/yoast.com\/product\/yoast-seo-wordpress\/ -->\n<title>Lej\u00eda lavadora - Dermo | F\u00e1brica de detergentes<\/title>\n<meta name=\"robots\" content=\"index, follow, max-snippet:-1, max-image-preview:large, max-video-preview:-1\" \/>\n<link rel=\"canonical\" href=\"https:\/\/dermo.com\/fr\/eau-de-javel-pour-machine-a-laver\/\" \/>\n<meta property=\"og:locale\" content=\"fr_FR\" \/>\n<meta property=\"og:type\" content=\"article\" \/>\n<meta property=\"og:title\" content=\"Lej\u00eda lavadora - Dermo | F\u00e1brica de detergentes\" \/>\n<meta property=\"og:description\" content=\"En Dermo encontrar\u00e1s un cat\u00e1logo con much\u00edsimos productos, de distintas categor\u00edas, para que puedas llevar a cabo una limpieza profesional en cualquier \u00e1mbito que necesites, tales como la industria o la automoci\u00f3n. Dentro de las categor\u00edas que puedes encontrar hoy nos centramos en la de lavander\u00eda, concretamente en la subcategor\u00eda de complementos de lavado, porque&hellip;&nbsp;Lire la suite &raquo;Lej\u00eda lavadora\" \/>\n<meta property=\"og:url\" content=\"https:\/\/dermo.com\/fr\/eau-de-javel-pour-machine-a-laver\/\" \/>\n<meta property=\"og:site_name\" content=\"Dermo | F\u00e1brica de detergentes\" \/>\n<meta property=\"article:modified_time\" content=\"2025-02-19T11:10:52+00:00\" \/>\n<meta name=\"twitter:card\" content=\"summary_large_image\" \/>\n<meta name=\"twitter:label1\" content=\"Dur\u00e9e de lecture estim\u00e9e\" \/>\n\t<meta name=\"twitter:data1\" content=\"3 minutes\" \/>\n<script type=\"application\/ld+json\" class=\"yoast-schema-graph\">{\"@context\":\"https:\/\/schema.org\",\"@graph\":[{\"@type\":\"WebPage\",\"@id\":\"https:\/\/dermo.com\/lejia-lavadora\/\",\"url\":\"https:\/\/dermo.com\/lejia-lavadora\/\",\"name\":\"Lej\u00eda lavadora - Dermo | F\u00e1brica de detergentes\",\"isPartOf\":{\"@id\":\"https:\/\/dermo.com\/#website\"},\"datePublished\":\"2025-01-30T11:30:02+00:00\",\"dateModified\":\"2025-02-19T11:10:52+00:00\",\"breadcrumb\":{\"@id\":\"https:\/\/dermo.com\/lejia-lavadora\/#breadcrumb\"},\"inLanguage\":\"fr-FR\",\"potentialAction\":[{\"@type\":\"ReadAction\",\"target\":[\"https:\/\/dermo.com\/lejia-lavadora\/\"]}]},{\"@type\":\"BreadcrumbList\",\"@id\":\"https:\/\/dermo.com\/lejia-lavadora\/#breadcrumb\",\"itemListElement\":[{\"@type\":\"ListItem\",\"position\":1,\"name\":\"Portada\",\"item\":\"https:\/\/dermo.com\/\"},{\"@type\":\"ListItem\",\"position\":2,\"name\":\"Lej\u00eda lavadora\"}]},{\"@type\":\"WebSite\",\"@id\":\"https:\/\/dermo.com\/#website\",\"url\":\"https:\/\/dermo.com\/\",\"name\":\"Dermo | F\u00e1brica de detergentes\",\"description\":\"Tecnolog\u00eda avanzada, investigaci\u00f3n y desarrollo, respeto por el medio ambiente, competencia, formaci\u00f3n constante y alto nivel de profesionalidad en nuestro equipo humano, empe\u00f1ado en preservar la calidad de vida, la protecci\u00f3n del entorno natural contin\u00faan motiv\u00e1ndonos para desarrollar en nuestros laboratorios nuevos productos con ingredientes activos altamente biodegradables que hacen posible un desarrollo sostenible.\",\"potentialAction\":[{\"@type\":\"SearchAction\",\"target\":{\"@type\":\"EntryPoint\",\"urlTemplate\":\"https:\/\/dermo.com\/?s={search_term_string}\"},\"query-input\":{\"@type\":\"PropertyValueSpecification\",\"valueRequired\":true,\"valueName\":\"search_term_string\"}}],\"inLanguage\":\"fr-FR\"}]}<\/script>\n<!-- \/ Yoast SEO plugin. -->","yoast_head_json":{"title":"Eau de Javel pour machine \u00e0 laver - Dermo | Usine de d\u00e9tergents","robots":{"index":"index","follow":"follow","max-snippet":"max-snippet:-1","max-image-preview":"max-image-preview:large","max-video-preview":"max-video-preview:-1"},"canonical":"https:\/\/dermo.com\/fr\/eau-de-javel-pour-machine-a-laver\/","og_locale":"fr_FR","og_type":"article","og_title":"Lej\u00eda lavadora - Dermo | F\u00e1brica de detergentes","og_description":"En Dermo encontrar\u00e1s un cat\u00e1logo con much\u00edsimos productos, de distintas categor\u00edas, para que puedas llevar a cabo una limpieza profesional en cualquier \u00e1mbito que necesites, tales como la industria o la automoci\u00f3n. Dentro de las categor\u00edas que puedes encontrar hoy nos centramos en la de lavander\u00eda, concretamente en la subcategor\u00eda de complementos de lavado, porque&hellip;&nbsp;Lire la suite &raquo;Lej\u00eda lavadora","og_url":"https:\/\/dermo.com\/fr\/eau-de-javel-pour-machine-a-laver\/","og_site_name":"Dermo | F\u00e1brica de detergentes","article_modified_time":"2025-02-19T11:10:52+00:00","twitter_card":"summary_large_image","twitter_misc":{"Dur\u00e9e de lecture estim\u00e9e":"3 minutes"},"schema":{"@context":"https:\/\/schema.org","@graph":[{"@type":"WebPage","@id":"https:\/\/dermo.com\/lejia-lavadora\/","url":"https:\/\/dermo.com\/lejia-lavadora\/","name":"Eau de Javel pour machine \u00e0 laver - Dermo | Usine de d\u00e9tergents","isPartOf":{"@id":"https:\/\/dermo.com\/#website"},"datePublished":"2025-01-30T11:30:02+00:00","dateModified":"2025-02-19T11:10:52+00:00","breadcrumb":{"@id":"https:\/\/dermo.com\/lejia-lavadora\/#breadcrumb"},"inLanguage":"fr-FR","potentialAction":[{"@type":"ReadAction","target":["https:\/\/dermo.com\/lejia-lavadora\/"]}]},{"@type":"BreadcrumbList","@id":"https:\/\/dermo.com\/lejia-lavadora\/#breadcrumb","itemListElement":[{"@type":"ListItem","position":1,"name":"Portada","item":"https:\/\/dermo.com\/"},{"@type":"ListItem","position":2,"name":"Lej\u00eda lavadora"}]},{"@type":"WebSite","@id":"https:\/\/dermo.com\/#website","url":"https:\/\/dermo.com\/","name":"Dermo | usine de d\u00e9tergents","description":"Technologie avanc\u00e9e, recherche et d\u00e9veloppement, respect de l&#039;environnement, comp\u00e9tence, formation constante et haut niveau de professionnalisme de notre \u00e9quipe humaine, engag\u00e9e \u00e0 pr\u00e9server la qualit\u00e9 de vie, la protection de l&#039;environnement naturel continuent de nous motiver \u00e0 d\u00e9velopper de nouveaux produits dans notre laboratoires aux principes actifs hautement biod\u00e9gradables qui rendent possible le d\u00e9veloppement durable.","potentialAction":[{"@type":"SearchAction","target":{"@type":"EntryPoint","urlTemplate":"https:\/\/dermo.com\/?s={search_term_string}"},"query-input":{"@type":"PropertyValueSpecification","valueRequired":true,"valueName":"search_term_string"}}],"inLanguage":"fr-FR"}]}},"_links":{"self":[{"href":"https:\/\/dermo.com\/fr\/wp-json\/wp\/v2\/pages\/12428","targetHints":{"allow":["GET"]}}],"collection":[{"href":"https:\/\/dermo.com\/fr\/wp-json\/wp\/v2\/pages"}],"about":[{"href":"https:\/\/dermo.com\/fr\/wp-json\/wp\/v2\/types\/page"}],"author":[{"embeddable":true,"href":"https:\/\/dermo.com\/fr\/wp-json\/wp\/v2\/users\/2"}],"replies":[{"embeddable":true,"href":"https:\/\/dermo.com\/fr\/wp-json\/wp\/v2\/comments?post=12428"}],"version-history":[{"count":13,"href":"https:\/\/dermo.com\/fr\/wp-json\/wp\/v2\/pages\/12428\/revisions"}],"predecessor-version":[{"id":13608,"href":"https:\/\/dermo.com\/fr\/wp-json\/wp\/v2\/pages\/12428\/revisions\/13608"}],"wp:attachment":[{"href":"https:\/\/dermo.com\/fr\/wp-json\/wp\/v2\/media?parent=12428"}],"curies":[{"name":"wp","href":"https:\/\/api.w.org\/{rel}","templated":true}]}}