{"id":12460,"date":"2025-01-30T12:37:53","date_gmt":"2025-01-30T11:37:53","guid":{"rendered":"https:\/\/dermo.com\/?page_id=12460"},"modified":"2025-02-19T12:08:35","modified_gmt":"2025-02-19T11:08:35","slug":"detergents-industriels-laboratoire","status":"publish","type":"page","link":"https:\/\/dermo.com\/fr\/detergents-industriels-laboratoire\/","title":{"rendered":"Laboratoire de D\u00e9tergents Industriels"},"content":{"rendered":"<div data-elementor-type=\"wp-page\" data-elementor-id=\"12460\" class=\"elementor elementor-12460\" data-elementor-post-type=\"page\">\n\t\t\t\t\t\t<section class=\"elementor-section elementor-top-section elementor-element elementor-element-a02683f elementor-section-boxed elementor-section-height-default elementor-section-height-default\" data-id=\"a02683f\" data-element_type=\"section\" data-e-type=\"section\" data-settings=\"{&quot;background_background&quot;:&quot;classic&quot;}\">\n\t\t\t\t\t\t\t<div class=\"elementor-background-overlay\"><\/div>\n\t\t\t\t\t\t\t<div class=\"elementor-container elementor-column-gap-default\">\n\t\t\t\t\t<div class=\"elementor-column elementor-col-100 elementor-top-column elementor-element elementor-element-f99dbff\" data-id=\"f99dbff\" data-element_type=\"column\" data-e-type=\"column\">\n\t\t\t<div class=\"elementor-widget-wrap elementor-element-populated\">\n\t\t\t\t\t\t\t<\/div>\n\t\t<\/div>\n\t\t\t\t\t<\/div>\n\t\t<\/section>\n\t\t\t\t<section class=\"elementor-section elementor-top-section elementor-element elementor-element-233ad3a4 elementor-section-boxed elementor-section-height-default elementor-section-height-default\" data-id=\"233ad3a4\" data-element_type=\"section\" data-e-type=\"section\">\n\t\t\t\t\t\t<div class=\"elementor-container elementor-column-gap-default\">\n\t\t\t\t\t<div class=\"elementor-column elementor-col-100 elementor-top-column elementor-element elementor-element-3244e578\" data-id=\"3244e578\" data-element_type=\"column\" data-e-type=\"column\">\n\t\t\t<div class=\"elementor-widget-wrap elementor-element-populated\">\n\t\t\t\t\t\t<section class=\"elementor-section elementor-inner-section elementor-element elementor-element-1a7040c2 elementor-section-content-middle elementor-section-boxed elementor-section-height-default elementor-section-height-default\" data-id=\"1a7040c2\" data-element_type=\"section\" data-e-type=\"section\">\n\t\t\t\t\t\t<div class=\"elementor-container elementor-column-gap-default\">\n\t\t\t\t\t<div class=\"elementor-column elementor-col-50 elementor-inner-column elementor-element elementor-element-58338543\" data-id=\"58338543\" data-element_type=\"column\" data-e-type=\"column\">\n\t\t\t<div class=\"elementor-widget-wrap elementor-element-populated\">\n\t\t\t\t\t\t<div class=\"elementor-element elementor-element-464b2e11 elementor-widget elementor-widget-text-editor\" data-id=\"464b2e11\" data-element_type=\"widget\" data-e-type=\"widget\" data-widget_type=\"text-editor.default\">\n\t\t\t\t<div class=\"elementor-widget-container\">\n\t\t\t\t\t\t\t\t\t<p>L\u2019une des principales pr\u00e9occupations qui touche chaque personne qui compose ce monde est la couverture de nos besoins les plus \u00e9l\u00e9mentaires et vitaux. Elle exige que la vie elle-m\u00eame nous fasse face aux difficult\u00e9s et aux obstacles qu&#039;elle met sur notre chemin, pour les surmonter et devenir plus forts et continuer sur le chemin et le d\u00e9veloppement de notre vie quotidienne. Alimentation, \u00e9ducation, logement, sant\u00e9... Tous ces services doivent \u00eatre garantis dans un \u00e9tat de bien-\u00eatre, sans lesquels nous ne pourrions pas vivre, pour la bonne subsistance de l&#039;esp\u00e8ce.<\/p><p>Il y a deux de ces besoins, auxquels nous veillons\u00a0<strong>Dermo SA<\/strong>\u00a0et pour lesquels nous avons un engagement fort et total, auxquels nous n&#039;accordons souvent pas l&#039;importance qu&#039;ils m\u00e9ritent. Le\u00a0<strong>nettoyage<\/strong>\u00a0et le\u00a0<strong>hygi\u00e8ne<\/strong>\u00a0sont un besoin prioritaire. Dans notre quotidien, sans nous en rendre compte, nous les prot\u00e9geons par des gestes simples comme nettoyer les l\u00e9gumes avant de les cuisiner, ou nous laver les mains \u00e0 chaque fois que nous allons manger quelque chose. Parce que? Que prot\u00e9geons-nous en r\u00e9alisant ces actions ? Quelque chose de fondamental et qui constitue la valeur la plus pr\u00e9cieuse de notre entreprise.<\/p><p><strong>Dermo SA,<\/strong>\u00a0<strong>usine<\/strong>\u00a0et<strong>\u00a0laboratoire de d\u00e9tergents<\/strong>, les deux pour une seule utilisation\u00a0<strong>domestique<\/strong>\u00a0comme, en particulier, dans le domaine\u00a0<strong>industriel<\/strong>; C&#039;est une entreprise compos\u00e9e d&#039;un groupe humain de grands professionnels, qui assurent, comme nous l&#039;avons dit, la couverture de ces besoins essentiels de la\u00a0<strong>nettoyage<\/strong>\u00a0et le\u00a0<strong>hygi\u00e8ne,<\/strong>\u00a0Apr\u00e8s plus de 25 ans \u00e0 fournir \u00e0 nos clients les meilleurs produits\u00a0<strong>d\u00e9tergents<\/strong>\u00a0et accessoires et compl\u00e9ments. D&#039;un caract\u00e8re familial et proche, en\u00a0<strong>Dermo SA<\/strong>\u00a0Nous sommes conscients de l\u2019importance de voir ces besoins essentiels satisfaits, \u00e0 travers les services correspondants et les actions pertinentes, avec un engagement ferme.\u00a0<\/p>\t\t\t\t\t\t\t\t<\/div>\n\t\t\t\t<\/div>\n\t\t\t\t\t<\/div>\n\t\t<\/div>\n\t\t\t\t<div class=\"elementor-column elementor-col-50 elementor-inner-column elementor-element elementor-element-3c84353 elementor-invisible\" data-id=\"3c84353\" data-element_type=\"column\" data-e-type=\"column\" data-settings=\"{&quot;animation&quot;:&quot;bounceInRight&quot;}\">\n\t\t\t<div class=\"elementor-widget-wrap elementor-element-populated\">\n\t\t\t\t\t\t<div class=\"elementor-element elementor-element-7e245c8 elementor-widget__width-initial elementor-widget elementor-widget-elementskit-contact-form7\" data-id=\"7e245c8\" data-element_type=\"widget\" data-e-type=\"widget\" data-widget_type=\"elementskit-contact-form7.default\">\n\t\t\t\t<div class=\"elementor-widget-container\">\n\t\t\t\t\t<div class=\"ekit-wid-con\" ><div class=\"ekit-form\">\n<div class=\"wpcf7 no-js\" id=\"wpcf7-f13292-p12460-o1\" lang=\"es-ES\" dir=\"ltr\" data-wpcf7-id=\"13292\">\n<div class=\"screen-reader-response\"><p role=\"status\" aria-live=\"polite\" aria-atomic=\"true\"><\/p> <ul><\/ul><\/div>\n<form action=\"\/fr\/detergents-industriels-laboratoire\/#wpcf7-f13292-p12460-o1\" method=\"post\" class=\"wpcf7-form init\" aria-label=\"Formulario de contacto\" novalidate=\"novalidate\" data-status=\"init\" data-no-translation-aria-label=\"\" data-trp-original-action=\"\/en\/laboratorio-de-detergentes-industriales\/#wpcf7-f13292-p12460-o1\">\n<fieldset class=\"hidden-fields-container\"><input type=\"hidden\" name=\"_wpcf7\" value=\"13292\" \/><input type=\"hidden\" name=\"_wpcf7_version\" value=\"6.1.5\" \/><input type=\"hidden\" name=\"_wpcf7_locale\" value=\"es_ES\" \/><input type=\"hidden\" name=\"_wpcf7_unit_tag\" value=\"wpcf7-f13292-p12460-o1\" \/><input type=\"hidden\" name=\"_wpcf7_container_post\" value=\"12460\" \/><input type=\"hidden\" name=\"_wpcf7_posted_data_hash\" value=\"\" \/><input type=\"hidden\" name=\"_wpcf7_recaptcha_response\" value=\"\" \/>\n<\/fieldset>\n<div style=\"display: flex; gap: 10px;\">\n\t<div style=\"width: 50%;\">\n\t\t<p><span class=\"wpcf7-form-control-wrap\" data-name=\"your-name\"><input size=\"40\" maxlength=\"400\" class=\"wpcf7-form-control wpcf7-text wpcf7-validates-as-required\" aria-required=\"true\" aria-invalid=\"false\" placeholder=\"Nom\" value=\"\" type=\"text\" name=\"your-name\" \/><\/span>\n\t\t<\/p>\n\t<\/div>\n\t<div style=\"width: 50%;\">\n\t\t<p><span class=\"wpcf7-form-control-wrap\" data-name=\"your-phone\"><input size=\"40\" maxlength=\"400\" class=\"wpcf7-form-control wpcf7-tel wpcf7-validates-as-required wpcf7-text wpcf7-validates-as-tel\" aria-required=\"true\" aria-invalid=\"false\" placeholder=\"T\u00e9l\u00e9phone\" value=\"\" type=\"tel\" name=\"your-phone\" \/><\/span>\n\t\t<\/p>\n\t<\/div>\n<\/div>\n<p><span class=\"wpcf7-form-control-wrap\" data-name=\"your-email\"><input size=\"40\" maxlength=\"400\" class=\"wpcf7-form-control wpcf7-email wpcf7-validates-as-required wpcf7-text wpcf7-validates-as-email\" aria-required=\"true\" aria-invalid=\"false\" placeholder=\"E-mail\" value=\"\" type=\"email\" name=\"your-email\" \/><\/span>\n<\/p>\n<div style=\"display: flex; gap: 10px;\">\n\t<div style=\"width: 50%;\">\n\t\t<p><span class=\"wpcf7-form-control-wrap\" data-name=\"your-country\"><input size=\"40\" maxlength=\"400\" class=\"wpcf7-form-control wpcf7-text wpcf7-validates-as-required\" aria-required=\"true\" aria-invalid=\"false\" placeholder=\"Pays\" value=\"\" type=\"text\" name=\"your-country\" \/><\/span>\n\t\t<\/p>\n\t<\/div>\n\t<div style=\"width: 50%;\">\n\t\t<p><span class=\"wpcf7-form-control-wrap\" data-name=\"your-city\"><input size=\"40\" maxlength=\"400\" class=\"wpcf7-form-control wpcf7-text wpcf7-validates-as-required\" aria-required=\"true\" aria-invalid=\"false\" placeholder=\"Population\" value=\"\" type=\"text\" name=\"your-city\" \/><\/span>\n\t\t<\/p>\n\t<\/div>\n<\/div>\n<p><span class=\"wpcf7-form-control-wrap\" data-name=\"your-subject\"><select class=\"wpcf7-form-control wpcf7-select\" aria-invalid=\"false\" name=\"your-subject\"><option value=\"Quiero ser distribuidor\">Je veux \u00eatre distributeur<\/option><option value=\"Presupuesto\">Budget<\/option><option value=\"Consulta\">Consultation<\/option><option value=\"Sugerencia\">Suggestion<\/option><option value=\"Otros\">Autres<\/option><\/select><\/span>\n<\/p>\n<p><span class=\"wpcf7-form-control-wrap\" data-name=\"your-message\"><textarea cols=\"40\" rows=\"10\" maxlength=\"2000\" class=\"wpcf7-form-control wpcf7-textarea\" aria-invalid=\"false\" placeholder=\"Message ou demande\" name=\"your-message\"><\/textarea><\/span>\n<\/p>\n<div style=\"display: flex; align-items: center; gap: 10px;\">\n\t<p><span class=\"wpcf7-form-control-wrap\" data-name=\"privacy-policy\"><span class=\"wpcf7-form-control wpcf7-acceptance\"><span class=\"wpcf7-list-item\"><input type=\"checkbox\" name=\"privacy-policy\" value=\"1\" aria-invalid=\"false\" \/><\/span><\/span><\/span><label for=\"privacy-policy\" style=\"margin-left: 5px;\">J&#039;ai lu et accept\u00e9 la politique de confidentialit\u00e9.<\/label>\n\t<\/p>\n<\/div>\n<div style=\"display: flex; align-items: center; gap: 10px;\">\n\t<p><span class=\"wpcf7-form-control-wrap\" data-name=\"send-info\"><span class=\"wpcf7-form-control wpcf7-acceptance\"><span class=\"wpcf7-list-item\"><input type=\"checkbox\" name=\"send-info\" value=\"1\" aria-invalid=\"false\" \/><\/span><\/span><\/span><label for=\"send-info\" style=\"margin-left: 5px;\">J&#039;accepte de recevoir des informations.<\/label>\n\t<\/p>\n<\/div>\n<p><input class=\"wpcf7-form-control wpcf7-submit has-spinner\" type=\"submit\" value=\"Envoyer\" \/>\n<\/p><div class=\"wpcf7-response-output\" aria-hidden=\"true\"><\/div>\n<input type=\"hidden\" name=\"trp-form-language\" value=\"fr\"\/><\/form>\n<\/div>\n<\/div><\/div>\t\t\t\t<\/div>\n\t\t\t\t<\/div>\n\t\t\t\t\t<\/div>\n\t\t<\/div>\n\t\t\t\t\t<\/div>\n\t\t<\/section>\n\t\t\t\t<div class=\"elementor-element elementor-element-615d68f elementor-widget elementor-widget-text-editor\" data-id=\"615d68f\" data-element_type=\"widget\" data-e-type=\"widget\" data-widget_type=\"text-editor.default\">\n\t\t\t\t<div class=\"elementor-widget-container\">\n\t\t\t\t\t\t\t\t\t<div id=\"lipsum\"><p>Gr\u00e2ce au d\u00e9veloppement d&#039;une activit\u00e9 en constante \u00e9volution, progressant au niveau des m\u00e9thodes utilis\u00e9es et faisant appel aux mat\u00e9riaux et produits les plus innovants du march\u00e9,\u00a0<strong>Dermo SA<\/strong>\u00a0Nous avons r\u00e9ussi \u00e0 nous imposer comme une r\u00e9f\u00e9rence et avons transform\u00e9 notre\u00a0<strong>laboratoire<\/strong>\u00a0de\u00a0<strong>d\u00e9tergents<\/strong>\u00a0dans un lieu unique de cr\u00e9ation et de fabrication de produits : cirages, nettoyants multi-usages, d\u00e9graissants, d\u00e9tartrants... Tous\u00a0<strong>d\u00e9tergents<\/strong>\u00a0et des produits d&#039;une qualit\u00e9 in\u00e9gal\u00e9e, suivant les go\u00fbts et les pr\u00e9f\u00e9rences de nos clients, et test\u00e9s pour se conformer \u00e0 la l\u00e9gislation en vigueur \u00e9tablie, couvrant les besoins de notre public en\u00a0<strong>nettoyage<\/strong>\u00a0et\u00a0<strong>hygi\u00e8ne<\/strong>, pour le secteur\u00a0<strong>industriel<\/strong>.<\/p><p>En fabriquant nos propres produits, nous pouvons certifier que nous offrons \u00e0 nos clients le r\u00e9sultat final qu&#039;ils d\u00e9sirent, avec les caract\u00e9ristiques et propri\u00e9t\u00e9s sp\u00e9cifiques qu&#039;ils d\u00e9terminent dans chaque cas.\u00a0<strong>d\u00e9tergent<\/strong>, assouplissant ou nettoyant\u00a0<strong>industriel<\/strong>\u00a0sp\u00e9cifique; sans n\u00e9gliger sa qualit\u00e9 et sa fonction principale : r\u00e9pondre aux besoins des\u00a0<strong>nettoyage<\/strong>\u00a0et\u00a0<strong>hygi\u00e8ne<\/strong>. Dans notre\u00a0<strong>laboratoire<\/strong>, une \u00e9quipe de professionnels hautement qualifi\u00e9s et exp\u00e9riment\u00e9s dans l&#039;analyse et la cr\u00e9ation de produits ; travaille sans rel\u00e2che pour trouver les formules qui d\u00e9velopperont la\u00a0<strong>d\u00e9tergent<\/strong>, ou tout autre produit fabriqu\u00e9 en\u00a0<strong>Dermo SA<\/strong>, qui r\u00e9pond aux demandes de nos clients.<\/p><p>Qualit\u00e9, engagement, responsabilit\u00e9, familiarit\u00e9, efficacit\u00e9\u2026\u00a0<strong>Dermo SA<\/strong>. Nous ressentons un profond respect pour le travail important que nous accomplissons. Si vous recherchez votre entreprise de confiance et\u00a0<strong>usine de d\u00e9tergents et laboratoire<\/strong>, o\u00f9 d\u00e9velopper des produits incomparables de\u00a0<strong>nettoyage<\/strong>\u00a0et\u00a0<strong>hygi\u00e8ne\u00a0<\/strong>pour le secteur\u00a0<strong>industriel<\/strong>, n&#039;h\u00e9sitez pas \u00e0 nous poser toutes vos questions concernant l&#039;activit\u00e9 que nous exer\u00e7ons dans\u00a0<strong>Dermo SA<\/strong><\/p><\/div>\t\t\t\t\t\t\t\t<\/div>\n\t\t\t\t<\/div>\n\t\t\t\t\t<\/div>\n\t\t<\/div>\n\t\t\t\t\t<\/div>\n\t\t<\/section>\n\t\t\t\t<section class=\"elementor-section elementor-top-section elementor-element elementor-element-484f41e elementor-section-full_width elementor-section-height-default elementor-section-height-default elementor-invisible\" data-id=\"484f41e\" data-element_type=\"section\" data-e-type=\"section\" data-settings=\"{&quot;animation&quot;:&quot;slideInUp&quot;}\">\n\t\t\t\t\t\t<div class=\"elementor-container elementor-column-gap-default\">\n\t\t\t\t\t<div class=\"elementor-column elementor-col-100 elementor-top-column elementor-element elementor-element-19948363\" data-id=\"19948363\" data-element_type=\"column\" data-e-type=\"column\">\n\t\t\t<div class=\"elementor-widget-wrap elementor-element-populated\">\n\t\t\t\t\t\t<div class=\"elementor-element elementor-element-339044a4 elementor-widget elementor-widget-google_maps\" data-id=\"339044a4\" data-element_type=\"widget\" data-e-type=\"widget\" data-widget_type=\"google_maps.default\">\n\t\t\t\t<div class=\"elementor-widget-container\">\n\t\t\t\t\t\t\t<div class=\"elementor-custom-embed\">\n\t\t\t<iframe loading=\"lazy\"\n\t\t\t\t\tsrc=\"https:\/\/maps.google.com\/maps?q=C%2F%20Pintor%20Joan%20Miro%2C%2016.%20Pol.%20Ind.%20Can%20Humet%20de%20Dalt%2C%2008213%20Poliny%C3%A0.%20Barcelona&#038;t=m&#038;z=15&#038;output=embed&#038;iwloc=near\"\n\t\t\t\t\ttitle=\"C\/ Pintor Joan Miro, 16. Pol. Ind. Can Humet de Dalt, 08213 Poliny\u00e0. Barcelone\"\n\t\t\t\t\taria-label=\"C\/ Pintor Joan Miro, 16. Pol. Ind. Can Humet de Dalt, 08213 Poliny\u00e0. Barcelone\"\n\t\t\t><\/iframe>\n\t\t<\/div>\n\t\t\t\t\t\t<\/div>\n\t\t\t\t<\/div>\n\t\t\t\t\t<\/div>\n\t\t<\/div>\n\t\t\t\t\t<\/div>\n\t\t<\/section>\n\t\t\t\t<\/div>","protected":false},"excerpt":{"rendered":"<p>L&#039;une des principales pr\u00e9occupations de chaque \u00eatre humain est la satisfaction de ses besoins les plus fondamentaux et vitaux. Ce sont les exigences que la vie nous impose pour affronter les difficult\u00e9s et les obstacles qu&#039;elle met sur notre chemin, les surmonter et devenir\u2026&nbsp;<a href=\"https:\/\/dermo.com\/fr\/detergents-industriels-laboratoire\/\" rel=\"bookmark\">En savoir plus &quot;<span class=\"screen-reader-text\">Laboratoire de D\u00e9tergents Industriels<\/span><\/a><\/p>","protected":false},"author":2,"featured_media":0,"parent":0,"menu_order":0,"comment_status":"closed","ping_status":"closed","template":"page-templates\/template-pagebuilder-full-width.php","meta":{"neve_meta_sidebar":"","neve_meta_container":"","neve_meta_enable_content_width":"","neve_meta_content_width":0,"neve_meta_title_alignment":"","neve_meta_author_avatar":"","neve_post_elements_order":"","neve_meta_disable_header":"","neve_meta_disable_footer":"","neve_meta_disable_title":"","footnotes":""},"class_list":["post-12460","page","type-page","status-publish","hentry"],"yoast_head":"<!-- This site is optimized with the Yoast SEO plugin v27.0 - https:\/\/yoast.com\/product\/yoast-seo-wordpress\/ -->\n<title>Laboratorio de Detergentes Industriales - Dermo | F\u00e1brica de detergentes<\/title>\n<meta name=\"robots\" content=\"index, follow, max-snippet:-1, max-image-preview:large, max-video-preview:-1\" \/>\n<link rel=\"canonical\" href=\"https:\/\/dermo.com\/fr\/detergents-industriels-laboratoire\/\" \/>\n<meta property=\"og:locale\" content=\"fr_FR\" \/>\n<meta property=\"og:type\" content=\"article\" \/>\n<meta property=\"og:title\" content=\"Laboratorio de Detergentes Industriales - Dermo | F\u00e1brica de detergentes\" \/>\n<meta property=\"og:description\" content=\"Una de las principales preocupaciones que ata\u00f1en a todas y cada una de las personas que integramos este mundo, es el cubrimiento de nuestras necesidades vitales y m\u00e1s primarias. Exigencias que la propia vida nos reclama para hacer frente a las dificultades e impedimentos que la misma pone en nuestro camino, para superarlos y hacernos&hellip;&nbsp;Lire la suite &raquo;Laboratorio de Detergentes Industriales\" \/>\n<meta property=\"og:url\" content=\"https:\/\/dermo.com\/fr\/detergents-industriels-laboratoire\/\" \/>\n<meta property=\"og:site_name\" content=\"Dermo | F\u00e1brica de detergentes\" \/>\n<meta property=\"article:modified_time\" content=\"2025-02-19T11:08:35+00:00\" \/>\n<meta name=\"twitter:card\" content=\"summary_large_image\" \/>\n<meta name=\"twitter:label1\" content=\"Dur\u00e9e de lecture estim\u00e9e\" \/>\n\t<meta name=\"twitter:data1\" content=\"3 minutes\" \/>\n<script type=\"application\/ld+json\" class=\"yoast-schema-graph\">{\"@context\":\"https:\/\/schema.org\",\"@graph\":[{\"@type\":\"WebPage\",\"@id\":\"https:\/\/dermo.com\/laboratorio-de-detergentes-industriales\/\",\"url\":\"https:\/\/dermo.com\/laboratorio-de-detergentes-industriales\/\",\"name\":\"Laboratorio de Detergentes Industriales - Dermo | F\u00e1brica de detergentes\",\"isPartOf\":{\"@id\":\"https:\/\/dermo.com\/#website\"},\"datePublished\":\"2025-01-30T11:37:53+00:00\",\"dateModified\":\"2025-02-19T11:08:35+00:00\",\"breadcrumb\":{\"@id\":\"https:\/\/dermo.com\/laboratorio-de-detergentes-industriales\/#breadcrumb\"},\"inLanguage\":\"fr-FR\",\"potentialAction\":[{\"@type\":\"ReadAction\",\"target\":[\"https:\/\/dermo.com\/laboratorio-de-detergentes-industriales\/\"]}]},{\"@type\":\"BreadcrumbList\",\"@id\":\"https:\/\/dermo.com\/laboratorio-de-detergentes-industriales\/#breadcrumb\",\"itemListElement\":[{\"@type\":\"ListItem\",\"position\":1,\"name\":\"Portada\",\"item\":\"https:\/\/dermo.com\/\"},{\"@type\":\"ListItem\",\"position\":2,\"name\":\"Laboratorio de Detergentes Industriales\"}]},{\"@type\":\"WebSite\",\"@id\":\"https:\/\/dermo.com\/#website\",\"url\":\"https:\/\/dermo.com\/\",\"name\":\"Dermo | F\u00e1brica de detergentes\",\"description\":\"Tecnolog\u00eda avanzada, investigaci\u00f3n y desarrollo, respeto por el medio ambiente, competencia, formaci\u00f3n constante y alto nivel de profesionalidad en nuestro equipo humano, empe\u00f1ado en preservar la calidad de vida, la protecci\u00f3n del entorno natural contin\u00faan motiv\u00e1ndonos para desarrollar en nuestros laboratorios nuevos productos con ingredientes activos altamente biodegradables que hacen posible un desarrollo sostenible.\",\"potentialAction\":[{\"@type\":\"SearchAction\",\"target\":{\"@type\":\"EntryPoint\",\"urlTemplate\":\"https:\/\/dermo.com\/?s={search_term_string}\"},\"query-input\":{\"@type\":\"PropertyValueSpecification\",\"valueRequired\":true,\"valueName\":\"search_term_string\"}}],\"inLanguage\":\"fr-FR\"}]}<\/script>\n<!-- \/ Yoast SEO plugin. -->","yoast_head_json":{"title":"Laboratoire de D\u00e9tergents Industriels - Dermo | Usine de d\u00e9tergents","robots":{"index":"index","follow":"follow","max-snippet":"max-snippet:-1","max-image-preview":"max-image-preview:large","max-video-preview":"max-video-preview:-1"},"canonical":"https:\/\/dermo.com\/fr\/detergents-industriels-laboratoire\/","og_locale":"fr_FR","og_type":"article","og_title":"Laboratorio de Detergentes Industriales - Dermo | F\u00e1brica de detergentes","og_description":"Una de las principales preocupaciones que ata\u00f1en a todas y cada una de las personas que integramos este mundo, es el cubrimiento de nuestras necesidades vitales y m\u00e1s primarias. Exigencias que la propia vida nos reclama para hacer frente a las dificultades e impedimentos que la misma pone en nuestro camino, para superarlos y hacernos&hellip;&nbsp;Lire la suite &raquo;Laboratorio de Detergentes Industriales","og_url":"https:\/\/dermo.com\/fr\/detergents-industriels-laboratoire\/","og_site_name":"Dermo | F\u00e1brica de detergentes","article_modified_time":"2025-02-19T11:08:35+00:00","twitter_card":"summary_large_image","twitter_misc":{"Dur\u00e9e de lecture estim\u00e9e":"3 minutes"},"schema":{"@context":"https:\/\/schema.org","@graph":[{"@type":"WebPage","@id":"https:\/\/dermo.com\/laboratorio-de-detergentes-industriales\/","url":"https:\/\/dermo.com\/laboratorio-de-detergentes-industriales\/","name":"Laboratoire de D\u00e9tergents Industriels - Dermo | Usine de d\u00e9tergents","isPartOf":{"@id":"https:\/\/dermo.com\/#website"},"datePublished":"2025-01-30T11:37:53+00:00","dateModified":"2025-02-19T11:08:35+00:00","breadcrumb":{"@id":"https:\/\/dermo.com\/laboratorio-de-detergentes-industriales\/#breadcrumb"},"inLanguage":"fr-FR","potentialAction":[{"@type":"ReadAction","target":["https:\/\/dermo.com\/laboratorio-de-detergentes-industriales\/"]}]},{"@type":"BreadcrumbList","@id":"https:\/\/dermo.com\/laboratorio-de-detergentes-industriales\/#breadcrumb","itemListElement":[{"@type":"ListItem","position":1,"name":"Portada","item":"https:\/\/dermo.com\/"},{"@type":"ListItem","position":2,"name":"Laboratorio de Detergentes Industriales"}]},{"@type":"WebSite","@id":"https:\/\/dermo.com\/#website","url":"https:\/\/dermo.com\/","name":"Dermo | usine de d\u00e9tergents","description":"Technologie avanc\u00e9e, recherche et d\u00e9veloppement, respect de l&#039;environnement, comp\u00e9tence, formation constante et haut niveau de professionnalisme de notre \u00e9quipe humaine, engag\u00e9e \u00e0 pr\u00e9server la qualit\u00e9 de vie, la protection de l&#039;environnement naturel continuent de nous motiver \u00e0 d\u00e9velopper de nouveaux produits dans notre laboratoires aux principes actifs hautement biod\u00e9gradables qui rendent possible le d\u00e9veloppement durable.","potentialAction":[{"@type":"SearchAction","target":{"@type":"EntryPoint","urlTemplate":"https:\/\/dermo.com\/?s={search_term_string}"},"query-input":{"@type":"PropertyValueSpecification","valueRequired":true,"valueName":"search_term_string"}}],"inLanguage":"fr-FR"}]}},"_links":{"self":[{"href":"https:\/\/dermo.com\/fr\/wp-json\/wp\/v2\/pages\/12460","targetHints":{"allow":["GET"]}}],"collection":[{"href":"https:\/\/dermo.com\/fr\/wp-json\/wp\/v2\/pages"}],"about":[{"href":"https:\/\/dermo.com\/fr\/wp-json\/wp\/v2\/types\/page"}],"author":[{"embeddable":true,"href":"https:\/\/dermo.com\/fr\/wp-json\/wp\/v2\/users\/2"}],"replies":[{"embeddable":true,"href":"https:\/\/dermo.com\/fr\/wp-json\/wp\/v2\/comments?post=12460"}],"version-history":[{"count":7,"href":"https:\/\/dermo.com\/fr\/wp-json\/wp\/v2\/pages\/12460\/revisions"}],"predecessor-version":[{"id":13599,"href":"https:\/\/dermo.com\/fr\/wp-json\/wp\/v2\/pages\/12460\/revisions\/13599"}],"wp:attachment":[{"href":"https:\/\/dermo.com\/fr\/wp-json\/wp\/v2\/media?parent=12460"}],"curies":[{"name":"wp","href":"https:\/\/api.w.org\/{rel}","templated":true}]}}