{"id":12461,"date":"2025-01-30T12:37:59","date_gmt":"2025-01-30T11:37:59","guid":{"rendered":"https:\/\/dermo.com\/?page_id=12461"},"modified":"2025-02-19T12:33:44","modified_gmt":"2025-02-19T11:33:44","slug":"fournisseur-dassouplissant","status":"publish","type":"page","link":"https:\/\/dermo.com\/fr\/fournisseur-dassouplissant\/","title":{"rendered":"Fournisseur d&#039;assouplissant"},"content":{"rendered":"<div data-elementor-type=\"wp-page\" data-elementor-id=\"12461\" class=\"elementor elementor-12461\" data-elementor-post-type=\"page\">\n\t\t\t\t\t\t<section class=\"elementor-section elementor-top-section elementor-element elementor-element-a02683f elementor-section-boxed elementor-section-height-default elementor-section-height-default\" data-id=\"a02683f\" data-element_type=\"section\" data-e-type=\"section\" data-settings=\"{&quot;background_background&quot;:&quot;classic&quot;}\">\n\t\t\t\t\t\t\t<div class=\"elementor-background-overlay\"><\/div>\n\t\t\t\t\t\t\t<div class=\"elementor-container elementor-column-gap-default\">\n\t\t\t\t\t<div class=\"elementor-column elementor-col-100 elementor-top-column elementor-element elementor-element-f99dbff\" data-id=\"f99dbff\" data-element_type=\"column\" data-e-type=\"column\">\n\t\t\t<div class=\"elementor-widget-wrap elementor-element-populated\">\n\t\t\t\t\t\t\t<\/div>\n\t\t<\/div>\n\t\t\t\t\t<\/div>\n\t\t<\/section>\n\t\t\t\t<section class=\"elementor-section elementor-top-section elementor-element elementor-element-233ad3a4 elementor-section-boxed elementor-section-height-default elementor-section-height-default\" data-id=\"233ad3a4\" data-element_type=\"section\" data-e-type=\"section\">\n\t\t\t\t\t\t<div class=\"elementor-container elementor-column-gap-default\">\n\t\t\t\t\t<div class=\"elementor-column elementor-col-100 elementor-top-column elementor-element elementor-element-3244e578\" data-id=\"3244e578\" data-element_type=\"column\" data-e-type=\"column\">\n\t\t\t<div class=\"elementor-widget-wrap elementor-element-populated\">\n\t\t\t\t\t\t<section class=\"elementor-section elementor-inner-section elementor-element elementor-element-1a7040c2 elementor-section-content-middle elementor-section-boxed elementor-section-height-default elementor-section-height-default\" data-id=\"1a7040c2\" data-element_type=\"section\" data-e-type=\"section\">\n\t\t\t\t\t\t<div class=\"elementor-container elementor-column-gap-default\">\n\t\t\t\t\t<div class=\"elementor-column elementor-col-50 elementor-inner-column elementor-element elementor-element-58338543\" data-id=\"58338543\" data-element_type=\"column\" data-e-type=\"column\">\n\t\t\t<div class=\"elementor-widget-wrap elementor-element-populated\">\n\t\t\t\t\t\t<div class=\"elementor-element elementor-element-464b2e11 elementor-widget elementor-widget-text-editor\" data-id=\"464b2e11\" data-element_type=\"widget\" data-e-type=\"widget\" data-widget_type=\"text-editor.default\">\n\t\t\t\t<div class=\"elementor-widget-container\">\n\t\t\t\t\t\t\t\t\t<p><strong>DERMO\u00a0<\/strong>C&#039;est \u00e0 toi\u00a0<strong>fournisseur d&#039;assouplissant<\/strong>, vous offrant une large gamme de\u00a0<strong>adoucisseurs<\/strong>\u00a0pour tous types de tissus. Le\u00a0<strong>assouplissants textiles<\/strong>\u00a0 de\u00a0<strong>DERMO\u00a0<\/strong>Ils apportent douceur et fra\u00eecheur aux v\u00eatements, donnant un ar\u00f4me caract\u00e9ristique \u00e0 tous vos v\u00eatements et finalement \u00e0 vous-m\u00eame, car l&#039;ar\u00f4me qu&#039;ils d\u00e9gagent affecte \u00e9galement votre image. Le passage constant des v\u00eatements dans la machine \u00e0 laver fait qu&#039;au fil du temps, les frottements m\u00e9caniques et la duret\u00e9 de l&#039;eau affectent les tissus et les v\u00eatements finissent par devenir rugueux, perdant leur texture initiale. C&#039;est pourquoi un bon\u00a0<strong>adoucisseur<\/strong>\u00a0Il doit conserver une sensation agr\u00e9able sur les tissus et fournir un ar\u00f4me attrayant.\u00a0<strong>DERMO est le fournisseur d&#039;adoucissants<\/strong>\u00a0qui vous offre\u00a0<strong>Adoucissants d\u00e9licats au parfum agr\u00e9able<\/strong>, qui laissera vos v\u00eatements comme neufs, comme au premier jour.<\/p><p>Le<strong>\u00a0adoucisseurs<\/strong>\u00a0de\u00a0<strong>DERMO<\/strong>\u00a0Ils peuvent transformer la texture des v\u00eatements si nous utilisons le bon produit et la bonne quantit\u00e9. Il en existe pour tous les types de v\u00eatements et de tissus. Dans\u00a0<strong>Fournisseur d&#039;adoucissant DERMO<\/strong>\u00a0Nous souhaitons vous pr\u00e9senter quelques options, toutes de la plus haute qualit\u00e9, afin que vous puissiez obtenir le\u00a0<strong>adoucisseur<\/strong>\u00a0celui qui convient le mieux \u00e0 vous et \u00e0 vos v\u00eatements, draps, serviettes ou toute autre fibre. Dans\u00a0<strong>Fournisseur d&#039;adoucissant DERMO<\/strong>\u00a0Nous vous proposons diff\u00e9rents\u00a0<a href=\"https:\/\/dermo.com\/fr\/catalogue\/es\/buscar\/?orderby=position&amp;orderway=desc&amp;search_query=Presto\"><strong>types d&#039;assouplissants<\/strong><\/a>, et tous contribuent \u00e0 faciliter le s\u00e9chage et le repassage et repoussent \u00e9galement la salet\u00e9. Le<strong>\u00a0Adoucissants DERMO<\/strong>\u00a0Ils prolongent la dur\u00e9e de vie du tissu et emp\u00eachent la formation de moisissures et d&#039;humidit\u00e9 sur les v\u00eatements stock\u00e9s, les laissant agr\u00e9ablement parfum\u00e9s. Le\u00a0<strong>Adoucissants DERMO<\/strong>\u00a0Il s&#039;agit de Presto Energy, Suavil, Presto Fresh et Presto.<\/p>\t\t\t\t\t\t\t\t<\/div>\n\t\t\t\t<\/div>\n\t\t\t\t\t<\/div>\n\t\t<\/div>\n\t\t\t\t<div class=\"elementor-column elementor-col-50 elementor-inner-column elementor-element elementor-element-927eda5 elementor-invisible\" data-id=\"927eda5\" data-element_type=\"column\" data-e-type=\"column\" data-settings=\"{&quot;animation&quot;:&quot;bounceInRight&quot;}\">\n\t\t\t<div class=\"elementor-widget-wrap elementor-element-populated\">\n\t\t\t\t\t\t<div class=\"elementor-element elementor-element-60ed25f elementor-widget__width-initial elementor-widget elementor-widget-elementskit-contact-form7\" data-id=\"60ed25f\" data-element_type=\"widget\" data-e-type=\"widget\" data-widget_type=\"elementskit-contact-form7.default\">\n\t\t\t\t<div class=\"elementor-widget-container\">\n\t\t\t\t\t<div class=\"ekit-wid-con\" ><div class=\"ekit-form\">\n<div class=\"wpcf7 no-js\" id=\"wpcf7-f13292-p12461-o1\" lang=\"es-ES\" dir=\"ltr\" data-wpcf7-id=\"13292\">\n<div class=\"screen-reader-response\"><p role=\"status\" aria-live=\"polite\" aria-atomic=\"true\"><\/p> <ul><\/ul><\/div>\n<form action=\"\/fr\/fournisseur-dassouplissant\/#wpcf7-f13292-p12461-o1\" method=\"post\" class=\"wpcf7-form init\" aria-label=\"Formulario de contacto\" novalidate=\"novalidate\" data-status=\"init\" data-no-translation-aria-label=\"\" data-trp-original-action=\"\/en\/proveedor-de-suavizantes\/#wpcf7-f13292-p12461-o1\">\n<fieldset class=\"hidden-fields-container\"><input type=\"hidden\" name=\"_wpcf7\" value=\"13292\" \/><input type=\"hidden\" name=\"_wpcf7_version\" value=\"6.1.5\" \/><input type=\"hidden\" name=\"_wpcf7_locale\" value=\"es_ES\" \/><input type=\"hidden\" name=\"_wpcf7_unit_tag\" value=\"wpcf7-f13292-p12461-o1\" \/><input type=\"hidden\" name=\"_wpcf7_container_post\" value=\"12461\" \/><input type=\"hidden\" name=\"_wpcf7_posted_data_hash\" value=\"\" \/><input type=\"hidden\" name=\"_wpcf7_recaptcha_response\" value=\"\" \/>\n<\/fieldset>\n<div style=\"display: flex; gap: 10px;\">\n\t<div style=\"width: 50%;\">\n\t\t<p><span class=\"wpcf7-form-control-wrap\" data-name=\"your-name\"><input size=\"40\" maxlength=\"400\" class=\"wpcf7-form-control wpcf7-text wpcf7-validates-as-required\" aria-required=\"true\" aria-invalid=\"false\" placeholder=\"Nom\" value=\"\" type=\"text\" name=\"your-name\" \/><\/span>\n\t\t<\/p>\n\t<\/div>\n\t<div style=\"width: 50%;\">\n\t\t<p><span class=\"wpcf7-form-control-wrap\" data-name=\"your-phone\"><input size=\"40\" maxlength=\"400\" class=\"wpcf7-form-control wpcf7-tel wpcf7-validates-as-required wpcf7-text wpcf7-validates-as-tel\" aria-required=\"true\" aria-invalid=\"false\" placeholder=\"T\u00e9l\u00e9phone\" value=\"\" type=\"tel\" name=\"your-phone\" \/><\/span>\n\t\t<\/p>\n\t<\/div>\n<\/div>\n<p><span class=\"wpcf7-form-control-wrap\" data-name=\"your-email\"><input size=\"40\" maxlength=\"400\" class=\"wpcf7-form-control wpcf7-email wpcf7-validates-as-required wpcf7-text wpcf7-validates-as-email\" aria-required=\"true\" aria-invalid=\"false\" placeholder=\"E-mail\" value=\"\" type=\"email\" name=\"your-email\" \/><\/span>\n<\/p>\n<div style=\"display: flex; gap: 10px;\">\n\t<div style=\"width: 50%;\">\n\t\t<p><span class=\"wpcf7-form-control-wrap\" data-name=\"your-country\"><input size=\"40\" maxlength=\"400\" class=\"wpcf7-form-control wpcf7-text wpcf7-validates-as-required\" aria-required=\"true\" aria-invalid=\"false\" placeholder=\"Pays\" value=\"\" type=\"text\" name=\"your-country\" \/><\/span>\n\t\t<\/p>\n\t<\/div>\n\t<div style=\"width: 50%;\">\n\t\t<p><span class=\"wpcf7-form-control-wrap\" data-name=\"your-city\"><input size=\"40\" maxlength=\"400\" class=\"wpcf7-form-control wpcf7-text wpcf7-validates-as-required\" aria-required=\"true\" aria-invalid=\"false\" placeholder=\"Population\" value=\"\" type=\"text\" name=\"your-city\" \/><\/span>\n\t\t<\/p>\n\t<\/div>\n<\/div>\n<p><span class=\"wpcf7-form-control-wrap\" data-name=\"your-subject\"><select class=\"wpcf7-form-control wpcf7-select\" aria-invalid=\"false\" name=\"your-subject\"><option value=\"Quiero ser distribuidor\">Je veux \u00eatre distributeur<\/option><option value=\"Presupuesto\">Budget<\/option><option value=\"Consulta\">Consultation<\/option><option value=\"Sugerencia\">Suggestion<\/option><option value=\"Otros\">Autres<\/option><\/select><\/span>\n<\/p>\n<p><span class=\"wpcf7-form-control-wrap\" data-name=\"your-message\"><textarea cols=\"40\" rows=\"10\" maxlength=\"2000\" class=\"wpcf7-form-control wpcf7-textarea\" aria-invalid=\"false\" placeholder=\"Message ou demande\" name=\"your-message\"><\/textarea><\/span>\n<\/p>\n<div style=\"display: flex; align-items: center; gap: 10px;\">\n\t<p><span class=\"wpcf7-form-control-wrap\" data-name=\"privacy-policy\"><span class=\"wpcf7-form-control wpcf7-acceptance\"><span class=\"wpcf7-list-item\"><input type=\"checkbox\" name=\"privacy-policy\" value=\"1\" aria-invalid=\"false\" \/><\/span><\/span><\/span><label for=\"privacy-policy\" style=\"margin-left: 5px;\">J&#039;ai lu et accept\u00e9 la politique de confidentialit\u00e9.<\/label>\n\t<\/p>\n<\/div>\n<div style=\"display: flex; align-items: center; gap: 10px;\">\n\t<p><span class=\"wpcf7-form-control-wrap\" data-name=\"send-info\"><span class=\"wpcf7-form-control wpcf7-acceptance\"><span class=\"wpcf7-list-item\"><input type=\"checkbox\" name=\"send-info\" value=\"1\" aria-invalid=\"false\" \/><\/span><\/span><\/span><label for=\"send-info\" style=\"margin-left: 5px;\">J&#039;accepte de recevoir des informations.<\/label>\n\t<\/p>\n<\/div>\n<p><input class=\"wpcf7-form-control wpcf7-submit has-spinner\" type=\"submit\" value=\"Envoyer\" \/>\n<\/p><div class=\"wpcf7-response-output\" aria-hidden=\"true\"><\/div>\n<input type=\"hidden\" name=\"trp-form-language\" value=\"fr\"\/><\/form>\n<\/div>\n<\/div><\/div>\t\t\t\t<\/div>\n\t\t\t\t<\/div>\n\t\t\t\t\t<\/div>\n\t\t<\/div>\n\t\t\t\t\t<\/div>\n\t\t<\/section>\n\t\t\t\t<div class=\"elementor-element elementor-element-615d68f elementor-widget elementor-widget-text-editor\" data-id=\"615d68f\" data-element_type=\"widget\" data-e-type=\"widget\" data-widget_type=\"text-editor.default\">\n\t\t\t\t<div class=\"elementor-widget-container\">\n\t\t\t\t\t\t\t\t\t<p><strong>DERMO est le fournisseur d&#039;adoucissants<\/strong>\u00a0ce dont vous avez besoin, nous vous proposons des produits de nettoyage pour toutes les occasions. Si vous entrez sur notre site Web, vous pourrez voir tous les produits que nous pouvons vous proposer, y compris tous les\u00a0<strong>adoucisseurs<\/strong>, qui parviennent \u00e0 prendre soin des tissus de vos v\u00eatements comme personne d&#039;autre ne l&#039;a fait auparavant.<\/p><p>Il\u00a0<strong>Fournisseur d&#039;adoucissant DERMO\u00a0<\/strong>C&#039;est un sp\u00e9cialiste dans le traitement des tissus, procurant un ar\u00f4me doux et prenant soin du tissu de mani\u00e8re incomparable.<\/p><p>Le\u00a0<strong>adoucisseurs<\/strong>\u00a0de\u00a0<strong>DERMO\u00a0<\/strong>Ils remplissent diff\u00e9rentes fonctions, non seulement pour laver les v\u00eatements, mais aussi pour offrir de nombreuses autres utilisations \u00e0 vos v\u00eatements, comme apporter de la douceur, repousser la salet\u00e9, parfumer les v\u00eatements ou emp\u00eacher la texture du tissu de devenir rugueuse.<\/p><p>L&#039;ar\u00f4me est un aspect fondamental dans une\u00a0<strong>adoucisseur<\/strong>, c&#039;est pourquoi dans\u00a0<strong>DERMO<\/strong>\u00a0\u00a0<strong>Fournisseur d&#039;adoucisseurs<\/strong>Nous vous proposons diff\u00e9rents types de parfums, parmi lesquels vous trouverez s\u00fbrement une bonne option. Choisissez un\u00a0<strong>adoucisseur<\/strong>\u00a0Le bon parfum pour vos v\u00eatements est essentiel pour parfumer non seulement vos v\u00eatements mais aussi votre maison, o\u00f9 chaque fois que vous accrochez des v\u00eatements ou que vous r\u00e9cup\u00e9rez des v\u00eatements sur la corde \u00e0 linge, vous d\u00e9gagerez un parfum de propret\u00e9 et de fra\u00eecheur dans chaque coin. Dans\u00a0<strong>Fournisseur d&#039;adoucissant DERMO<\/strong>\u00a0Vous pouvez trouver des produits de nettoyage de v\u00eatements de qualit\u00e9.<\/p>\t\t\t\t\t\t\t\t<\/div>\n\t\t\t\t<\/div>\n\t\t\t\t\t<\/div>\n\t\t<\/div>\n\t\t\t\t\t<\/div>\n\t\t<\/section>\n\t\t\t\t<section class=\"elementor-section elementor-top-section elementor-element elementor-element-484f41e elementor-section-full_width elementor-section-height-default elementor-section-height-default elementor-invisible\" data-id=\"484f41e\" data-element_type=\"section\" data-e-type=\"section\" data-settings=\"{&quot;animation&quot;:&quot;slideInUp&quot;}\">\n\t\t\t\t\t\t<div class=\"elementor-container elementor-column-gap-default\">\n\t\t\t\t\t<div class=\"elementor-column elementor-col-100 elementor-top-column elementor-element elementor-element-19948363\" data-id=\"19948363\" data-element_type=\"column\" data-e-type=\"column\">\n\t\t\t<div class=\"elementor-widget-wrap elementor-element-populated\">\n\t\t\t\t\t\t<div class=\"elementor-element elementor-element-339044a4 elementor-widget elementor-widget-google_maps\" data-id=\"339044a4\" data-element_type=\"widget\" data-e-type=\"widget\" data-widget_type=\"google_maps.default\">\n\t\t\t\t<div class=\"elementor-widget-container\">\n\t\t\t\t\t\t\t<div class=\"elementor-custom-embed\">\n\t\t\t<iframe loading=\"lazy\"\n\t\t\t\t\tsrc=\"https:\/\/maps.google.com\/maps?q=C%2F%20Pintor%20Joan%20Miro%2C%2016.%20Pol.%20Ind.%20Can%20Humet%20de%20Dalt%2C%2008213%20Poliny%C3%A0.%20Barcelona&#038;t=m&#038;z=15&#038;output=embed&#038;iwloc=near\"\n\t\t\t\t\ttitle=\"C\/ Pintor Joan Miro, 16. Pol. Ind. Can Humet de Dalt, 08213 Poliny\u00e0. Barcelone\"\n\t\t\t\t\taria-label=\"C\/ Pintor Joan Miro, 16. Pol. Ind. Can Humet de Dalt, 08213 Poliny\u00e0. Barcelone\"\n\t\t\t><\/iframe>\n\t\t<\/div>\n\t\t\t\t\t\t<\/div>\n\t\t\t\t<\/div>\n\t\t\t\t\t<\/div>\n\t\t<\/div>\n\t\t\t\t\t<\/div>\n\t\t<\/section>\n\t\t\t\t<\/div>","protected":false},"excerpt":{"rendered":"<p>DERMO est votre fournisseur d&#039;assouplissants et propose une large gamme d&#039;assouplissants pour tous types de tissus. Les assouplissants DERMO apportent douceur et fra\u00eecheur \u00e0 vos v\u00eatements, leur conf\u00e9rant un parfum unique et, par cons\u00e9quent, \u00e0 vous-m\u00eame, car leur parfum influence \u00e9galement votre apparence. Le passage constant des v\u00eatements\u2026&nbsp;<a href=\"https:\/\/dermo.com\/fr\/fournisseur-dassouplissant\/\" rel=\"bookmark\">En savoir plus &quot;<span class=\"screen-reader-text\">Fournisseur d&#039;assouplissant<\/span><\/a><\/p>","protected":false},"author":2,"featured_media":0,"parent":0,"menu_order":0,"comment_status":"closed","ping_status":"closed","template":"page-templates\/template-pagebuilder-full-width.php","meta":{"neve_meta_sidebar":"","neve_meta_container":"","neve_meta_enable_content_width":"","neve_meta_content_width":0,"neve_meta_title_alignment":"","neve_meta_author_avatar":"","neve_post_elements_order":"","neve_meta_disable_header":"","neve_meta_disable_footer":"","neve_meta_disable_title":"","footnotes":""},"class_list":["post-12461","page","type-page","status-publish","hentry"],"yoast_head":"<!-- This site is optimized with the Yoast SEO plugin v27.0 - https:\/\/yoast.com\/product\/yoast-seo-wordpress\/ -->\n<title>Proveedor de suavizantes - Dermo | F\u00e1brica de detergentes<\/title>\n<meta name=\"robots\" content=\"index, follow, max-snippet:-1, max-image-preview:large, max-video-preview:-1\" \/>\n<link rel=\"canonical\" href=\"https:\/\/dermo.com\/fr\/fournisseur-dassouplissant\/\" \/>\n<meta property=\"og:locale\" content=\"fr_FR\" \/>\n<meta property=\"og:type\" content=\"article\" \/>\n<meta property=\"og:title\" content=\"Proveedor de suavizantes - Dermo | F\u00e1brica de detergentes\" \/>\n<meta property=\"og:description\" content=\"DERMO\u00a0es tu\u00a0proveedor de suavizantes, ofreci\u00e9ndote una amplia gama de\u00a0suavizantes\u00a0para todo tipo de tejidos. Los\u00a0suavizantes textiles\u00a0 de\u00a0DERMO\u00a0aportan suavidad y frescura a la ropa, dando un aroma caracter\u00edstico a todas tus prendas y en definitiva a t\u00ed mismo, ya que el aroma que desprende tambi\u00e9n afecta a tu imagen. El paso constante de las prendas de ropa&hellip;&nbsp;Lire la suite &raquo;Proveedor de suavizantes\" \/>\n<meta property=\"og:url\" content=\"https:\/\/dermo.com\/fr\/fournisseur-dassouplissant\/\" \/>\n<meta property=\"og:site_name\" content=\"Dermo | F\u00e1brica de detergentes\" \/>\n<meta property=\"article:modified_time\" content=\"2025-02-19T11:33:44+00:00\" \/>\n<meta name=\"twitter:card\" content=\"summary_large_image\" \/>\n<meta name=\"twitter:label1\" content=\"Dur\u00e9e de lecture estim\u00e9e\" \/>\n\t<meta name=\"twitter:data1\" content=\"3 minutes\" \/>\n<script type=\"application\/ld+json\" class=\"yoast-schema-graph\">{\"@context\":\"https:\/\/schema.org\",\"@graph\":[{\"@type\":\"WebPage\",\"@id\":\"https:\/\/dermo.com\/proveedor-de-suavizantes\/\",\"url\":\"https:\/\/dermo.com\/proveedor-de-suavizantes\/\",\"name\":\"Proveedor de suavizantes - Dermo | F\u00e1brica de detergentes\",\"isPartOf\":{\"@id\":\"https:\/\/dermo.com\/#website\"},\"datePublished\":\"2025-01-30T11:37:59+00:00\",\"dateModified\":\"2025-02-19T11:33:44+00:00\",\"breadcrumb\":{\"@id\":\"https:\/\/dermo.com\/proveedor-de-suavizantes\/#breadcrumb\"},\"inLanguage\":\"fr-FR\",\"potentialAction\":[{\"@type\":\"ReadAction\",\"target\":[\"https:\/\/dermo.com\/proveedor-de-suavizantes\/\"]}]},{\"@type\":\"BreadcrumbList\",\"@id\":\"https:\/\/dermo.com\/proveedor-de-suavizantes\/#breadcrumb\",\"itemListElement\":[{\"@type\":\"ListItem\",\"position\":1,\"name\":\"Portada\",\"item\":\"https:\/\/dermo.com\/\"},{\"@type\":\"ListItem\",\"position\":2,\"name\":\"Proveedor de suavizantes\"}]},{\"@type\":\"WebSite\",\"@id\":\"https:\/\/dermo.com\/#website\",\"url\":\"https:\/\/dermo.com\/\",\"name\":\"Dermo | F\u00e1brica de detergentes\",\"description\":\"Tecnolog\u00eda avanzada, investigaci\u00f3n y desarrollo, respeto por el medio ambiente, competencia, formaci\u00f3n constante y alto nivel de profesionalidad en nuestro equipo humano, empe\u00f1ado en preservar la calidad de vida, la protecci\u00f3n del entorno natural contin\u00faan motiv\u00e1ndonos para desarrollar en nuestros laboratorios nuevos productos con ingredientes activos altamente biodegradables que hacen posible un desarrollo sostenible.\",\"potentialAction\":[{\"@type\":\"SearchAction\",\"target\":{\"@type\":\"EntryPoint\",\"urlTemplate\":\"https:\/\/dermo.com\/?s={search_term_string}\"},\"query-input\":{\"@type\":\"PropertyValueSpecification\",\"valueRequired\":true,\"valueName\":\"search_term_string\"}}],\"inLanguage\":\"fr-FR\"}]}<\/script>\n<!-- \/ Yoast SEO plugin. -->","yoast_head_json":{"title":"Fournisseur d&#039;assouplissant - Dermo | Usine de d\u00e9tergents","robots":{"index":"index","follow":"follow","max-snippet":"max-snippet:-1","max-image-preview":"max-image-preview:large","max-video-preview":"max-video-preview:-1"},"canonical":"https:\/\/dermo.com\/fr\/fournisseur-dassouplissant\/","og_locale":"fr_FR","og_type":"article","og_title":"Proveedor de suavizantes - Dermo | F\u00e1brica de detergentes","og_description":"DERMO\u00a0es tu\u00a0proveedor de suavizantes, ofreci\u00e9ndote una amplia gama de\u00a0suavizantes\u00a0para todo tipo de tejidos. Los\u00a0suavizantes textiles\u00a0 de\u00a0DERMO\u00a0aportan suavidad y frescura a la ropa, dando un aroma caracter\u00edstico a todas tus prendas y en definitiva a t\u00ed mismo, ya que el aroma que desprende tambi\u00e9n afecta a tu imagen. El paso constante de las prendas de ropa&hellip;&nbsp;Lire la suite &raquo;Proveedor de suavizantes","og_url":"https:\/\/dermo.com\/fr\/fournisseur-dassouplissant\/","og_site_name":"Dermo | F\u00e1brica de detergentes","article_modified_time":"2025-02-19T11:33:44+00:00","twitter_card":"summary_large_image","twitter_misc":{"Dur\u00e9e de lecture estim\u00e9e":"3 minutes"},"schema":{"@context":"https:\/\/schema.org","@graph":[{"@type":"WebPage","@id":"https:\/\/dermo.com\/proveedor-de-suavizantes\/","url":"https:\/\/dermo.com\/proveedor-de-suavizantes\/","name":"Fournisseur d&#039;assouplissant - Dermo | Usine de d\u00e9tergents","isPartOf":{"@id":"https:\/\/dermo.com\/#website"},"datePublished":"2025-01-30T11:37:59+00:00","dateModified":"2025-02-19T11:33:44+00:00","breadcrumb":{"@id":"https:\/\/dermo.com\/proveedor-de-suavizantes\/#breadcrumb"},"inLanguage":"fr-FR","potentialAction":[{"@type":"ReadAction","target":["https:\/\/dermo.com\/proveedor-de-suavizantes\/"]}]},{"@type":"BreadcrumbList","@id":"https:\/\/dermo.com\/proveedor-de-suavizantes\/#breadcrumb","itemListElement":[{"@type":"ListItem","position":1,"name":"Portada","item":"https:\/\/dermo.com\/"},{"@type":"ListItem","position":2,"name":"Proveedor de suavizantes"}]},{"@type":"WebSite","@id":"https:\/\/dermo.com\/#website","url":"https:\/\/dermo.com\/","name":"Dermo | usine de d\u00e9tergents","description":"Technologie avanc\u00e9e, recherche et d\u00e9veloppement, respect de l&#039;environnement, comp\u00e9tence, formation constante et haut niveau de professionnalisme de notre \u00e9quipe humaine, engag\u00e9e \u00e0 pr\u00e9server la qualit\u00e9 de vie, la protection de l&#039;environnement naturel continuent de nous motiver \u00e0 d\u00e9velopper de nouveaux produits dans notre laboratoires aux principes actifs hautement biod\u00e9gradables qui rendent possible le d\u00e9veloppement durable.","potentialAction":[{"@type":"SearchAction","target":{"@type":"EntryPoint","urlTemplate":"https:\/\/dermo.com\/?s={search_term_string}"},"query-input":{"@type":"PropertyValueSpecification","valueRequired":true,"valueName":"search_term_string"}}],"inLanguage":"fr-FR"}]}},"_links":{"self":[{"href":"https:\/\/dermo.com\/fr\/wp-json\/wp\/v2\/pages\/12461","targetHints":{"allow":["GET"]}}],"collection":[{"href":"https:\/\/dermo.com\/fr\/wp-json\/wp\/v2\/pages"}],"about":[{"href":"https:\/\/dermo.com\/fr\/wp-json\/wp\/v2\/types\/page"}],"author":[{"embeddable":true,"href":"https:\/\/dermo.com\/fr\/wp-json\/wp\/v2\/users\/2"}],"replies":[{"embeddable":true,"href":"https:\/\/dermo.com\/fr\/wp-json\/wp\/v2\/comments?post=12461"}],"version-history":[{"count":7,"href":"https:\/\/dermo.com\/fr\/wp-json\/wp\/v2\/pages\/12461\/revisions"}],"predecessor-version":[{"id":13702,"href":"https:\/\/dermo.com\/fr\/wp-json\/wp\/v2\/pages\/12461\/revisions\/13702"}],"wp:attachment":[{"href":"https:\/\/dermo.com\/fr\/wp-json\/wp\/v2\/media?parent=12461"}],"curies":[{"name":"wp","href":"https:\/\/api.w.org\/{rel}","templated":true}]}}