{"id":12467,"date":"2025-01-30T12:40:06","date_gmt":"2025-01-30T11:40:06","guid":{"rendered":"https:\/\/dermo.com\/?page_id=12467"},"modified":"2025-02-19T12:18:48","modified_gmt":"2025-02-19T11:18:48","slug":"grossiste-en-assouplissant","status":"publish","type":"page","link":"https:\/\/dermo.com\/fr\/grossiste-en-assouplissant\/","title":{"rendered":"Grossiste en assouplissants"},"content":{"rendered":"<div data-elementor-type=\"wp-page\" data-elementor-id=\"12467\" class=\"elementor elementor-12467\" data-elementor-post-type=\"page\">\n\t\t\t\t\t\t<section class=\"elementor-section elementor-top-section elementor-element elementor-element-a02683f elementor-section-boxed elementor-section-height-default elementor-section-height-default\" data-id=\"a02683f\" data-element_type=\"section\" data-e-type=\"section\" data-settings=\"{&quot;background_background&quot;:&quot;classic&quot;}\">\n\t\t\t\t\t\t\t<div class=\"elementor-background-overlay\"><\/div>\n\t\t\t\t\t\t\t<div class=\"elementor-container elementor-column-gap-default\">\n\t\t\t\t\t<div class=\"elementor-column elementor-col-100 elementor-top-column elementor-element elementor-element-f99dbff\" data-id=\"f99dbff\" data-element_type=\"column\" data-e-type=\"column\">\n\t\t\t<div class=\"elementor-widget-wrap elementor-element-populated\">\n\t\t\t\t\t\t\t<\/div>\n\t\t<\/div>\n\t\t\t\t\t<\/div>\n\t\t<\/section>\n\t\t\t\t<section class=\"elementor-section elementor-top-section elementor-element elementor-element-233ad3a4 elementor-section-boxed elementor-section-height-default elementor-section-height-default\" data-id=\"233ad3a4\" data-element_type=\"section\" data-e-type=\"section\">\n\t\t\t\t\t\t<div class=\"elementor-container elementor-column-gap-default\">\n\t\t\t\t\t<div class=\"elementor-column elementor-col-100 elementor-top-column elementor-element elementor-element-3244e578\" data-id=\"3244e578\" data-element_type=\"column\" data-e-type=\"column\">\n\t\t\t<div class=\"elementor-widget-wrap elementor-element-populated\">\n\t\t\t\t\t\t<section class=\"elementor-section elementor-inner-section elementor-element elementor-element-1a7040c2 elementor-section-content-middle elementor-section-boxed elementor-section-height-default elementor-section-height-default\" data-id=\"1a7040c2\" data-element_type=\"section\" data-e-type=\"section\">\n\t\t\t\t\t\t<div class=\"elementor-container elementor-column-gap-default\">\n\t\t\t\t\t<div class=\"elementor-column elementor-col-50 elementor-inner-column elementor-element elementor-element-58338543\" data-id=\"58338543\" data-element_type=\"column\" data-e-type=\"column\">\n\t\t\t<div class=\"elementor-widget-wrap elementor-element-populated\">\n\t\t\t\t\t\t<div class=\"elementor-element elementor-element-464b2e11 elementor-widget elementor-widget-text-editor\" data-id=\"464b2e11\" data-element_type=\"widget\" data-e-type=\"widget\" data-widget_type=\"text-editor.default\">\n\t\t\t\t<div class=\"elementor-widget-container\">\n\t\t\t\t\t\t\t\t\t<p><strong>Dermo SA<\/strong>, veut \u00eatre votre entreprise et usine de r\u00e9f\u00e9rence dans la r\u00e9alisation\u00a0<strong>d\u00e9tergents\u00a0<\/strong>et toutes sortes de produits de cette nature, tels que\u00a0<strong>adoucisseurs<\/strong>, nettoyants multi-usages ou toutes sortes d&#039;accessoires et de compl\u00e9ments, pour couvrir ces besoins vitaux qui sont les\u00a0<strong>nettoyage\u00a0<\/strong>et le\u00a0<strong>hygi\u00e8ne<\/strong>. Apr\u00e8s une longue histoire de plus de 25 ans offrant des services de haute qualit\u00e9 dans le secteur, en\u00a0<strong>Dermo SA<\/strong>\u00a0Nous devons notre raison d&#039;\u00eatre \u00e0 l&#039;accomplissement de cette mission d&#039;assurer la satisfaction de chacun de nos clients en offrant un service comme celui-ci, auquel nous sommes engag\u00e9s depuis si longtemps et que nous respectons profond\u00e9ment. Sans aucun doute, dans\u00a0<strong>D\u00e9mo SA<\/strong>\u00a0Vous trouverez l&#039;entreprise et les professionnels id\u00e9aux pour r\u00e9pondre \u00e0 vos besoins et \u00e9couter vos demandes afin qu&#039;ensemble, nous puissions r\u00e9aliser le produit que vous m\u00e9ritez.<\/p><p>Passionn\u00e9s par le travail que nous faisons, gr\u00e2ce \u00e0 l&#039;aide de tous nous avons r\u00e9ussi \u00e0 r\u00e9aliser\u00a0<strong>Dermo SA\u00a0<\/strong>non seulement une r\u00e9f\u00e9rence au niveau national, mais aussi dans de nombreux pays du monde, comme dans des continents comme l&#039;Asie, l&#039;Afrique et, bien s\u00fbr, l&#039;Europe. Notre plus grand atout est que nous l\u2019exer\u00e7ons comme\u00a0<strong>grossistes en assouplissants<\/strong>, par exemple, ou avec les plus de 200 produits qui composent notre catalogue. Nous d\u00e9veloppons et cr\u00e9ons notre propre gamme de produits\u00a0<strong>d\u00e9tergents assouplissants<\/strong>\u00a0et accessoires et compl\u00e9ments en\u00a0<strong>nettoyage<\/strong>\u00a0et\u00a0<strong>hygi\u00e8ne<\/strong>\u00a0qui composent notre vaste catalogue, pour devenir ce prodigieux\u00a0<strong>grossiste en assouplissant<\/strong>, mais aussi, en servant toujours nos clients avec les soins d\u00e9cents qu&#039;ils m\u00e9ritent et en comprenant leurs d\u00e9sirs, en leur offrant la possibilit\u00e9 de cr\u00e9er et de fabriquer leurs propres produits.\u00a0<strong>adoucisseurs<\/strong>\u00a0dans le m\u00eame but, dans nos laboratoires.<\/p>\t\t\t\t\t\t\t\t<\/div>\n\t\t\t\t<\/div>\n\t\t\t\t\t<\/div>\n\t\t<\/div>\n\t\t\t\t<div class=\"elementor-column elementor-col-50 elementor-inner-column elementor-element elementor-element-e8e6348 elementor-invisible\" data-id=\"e8e6348\" data-element_type=\"column\" data-e-type=\"column\" data-settings=\"{&quot;animation&quot;:&quot;bounceInRight&quot;}\">\n\t\t\t<div class=\"elementor-widget-wrap elementor-element-populated\">\n\t\t\t\t\t\t<div class=\"elementor-element elementor-element-e7912e5 elementor-widget__width-initial elementor-widget elementor-widget-elementskit-contact-form7\" data-id=\"e7912e5\" data-element_type=\"widget\" data-e-type=\"widget\" data-widget_type=\"elementskit-contact-form7.default\">\n\t\t\t\t<div class=\"elementor-widget-container\">\n\t\t\t\t\t<div class=\"ekit-wid-con\" ><div class=\"ekit-form\">\n<div class=\"wpcf7 no-js\" id=\"wpcf7-f13292-o1\" lang=\"es-ES\" dir=\"ltr\" data-wpcf7-id=\"13292\">\n<div class=\"screen-reader-response\"><p role=\"status\" aria-live=\"polite\" aria-atomic=\"true\"><\/p> <ul><\/ul><\/div>\n<form action=\"\/wp-json\/wp\/v2\/pages\/12467#wpcf7-f13292-o1\" method=\"post\" class=\"wpcf7-form init\" aria-label=\"Formulaire de contact\" novalidate=\"novalidate\" data-status=\"init\" data-trp-original-action=\"\/wp-json\/wp\/v2\/pages\/12467#wpcf7-f13292-o1\">\n<fieldset class=\"hidden-fields-container\"><input type=\"hidden\" name=\"_wpcf7\" value=\"13292\" \/><input type=\"hidden\" name=\"_wpcf7_version\" value=\"6.1.5\" \/><input type=\"hidden\" name=\"_wpcf7_locale\" value=\"es_ES\" \/><input type=\"hidden\" name=\"_wpcf7_unit_tag\" value=\"wpcf7-f13292-o1\" \/><input type=\"hidden\" name=\"_wpcf7_container_post\" value=\"0\" \/><input type=\"hidden\" name=\"_wpcf7_posted_data_hash\" value=\"\" \/><input type=\"hidden\" name=\"_wpcf7_recaptcha_response\" value=\"\" \/>\n<\/fieldset>\n<div style=\"display: flex; gap: 10px;\">\n\t<div style=\"width: 50%;\">\n\t\t<p><span class=\"wpcf7-form-control-wrap\" data-name=\"your-name\"><input size=\"40\" maxlength=\"400\" class=\"wpcf7-form-control wpcf7-text wpcf7-validates-as-required\" aria-required=\"true\" aria-invalid=\"false\" placeholder=\"Nom\" value=\"\" type=\"text\" name=\"your-name\" \/><\/span>\n\t\t<\/p>\n\t<\/div>\n\t<div style=\"width: 50%;\">\n\t\t<p><span class=\"wpcf7-form-control-wrap\" data-name=\"your-phone\"><input size=\"40\" maxlength=\"400\" class=\"wpcf7-form-control wpcf7-tel wpcf7-validates-as-required wpcf7-text wpcf7-validates-as-tel\" aria-required=\"true\" aria-invalid=\"false\" placeholder=\"T\u00e9l\u00e9phone\" value=\"\" type=\"tel\" name=\"your-phone\" \/><\/span>\n\t\t<\/p>\n\t<\/div>\n<\/div>\n<p><span class=\"wpcf7-form-control-wrap\" data-name=\"your-email\"><input size=\"40\" maxlength=\"400\" class=\"wpcf7-form-control wpcf7-email wpcf7-validates-as-required wpcf7-text wpcf7-validates-as-email\" aria-required=\"true\" aria-invalid=\"false\" placeholder=\"E-mail\" value=\"\" type=\"email\" name=\"your-email\" \/><\/span>\n<\/p>\n<div style=\"display: flex; gap: 10px;\">\n\t<div style=\"width: 50%;\">\n\t\t<p><span class=\"wpcf7-form-control-wrap\" data-name=\"your-country\"><input size=\"40\" maxlength=\"400\" class=\"wpcf7-form-control wpcf7-text wpcf7-validates-as-required\" aria-required=\"true\" aria-invalid=\"false\" placeholder=\"Pays\" value=\"\" type=\"text\" name=\"your-country\" \/><\/span>\n\t\t<\/p>\n\t<\/div>\n\t<div style=\"width: 50%;\">\n\t\t<p><span class=\"wpcf7-form-control-wrap\" data-name=\"your-city\"><input size=\"40\" maxlength=\"400\" class=\"wpcf7-form-control wpcf7-text wpcf7-validates-as-required\" aria-required=\"true\" aria-invalid=\"false\" placeholder=\"Population\" value=\"\" type=\"text\" name=\"your-city\" \/><\/span>\n\t\t<\/p>\n\t<\/div>\n<\/div>\n<p><span class=\"wpcf7-form-control-wrap\" data-name=\"your-subject\"><select class=\"wpcf7-form-control wpcf7-select\" aria-invalid=\"false\" name=\"your-subject\"><option value=\"Quiero ser distribuidor\">Je veux \u00eatre distributeur<\/option><option value=\"Presupuesto\">Budget<\/option><option value=\"Consulta\">Consultation<\/option><option value=\"Sugerencia\">Suggestion<\/option><option value=\"Otros\">Autres<\/option><\/select><\/span>\n<\/p>\n<p><span class=\"wpcf7-form-control-wrap\" data-name=\"your-message\"><textarea cols=\"40\" rows=\"10\" maxlength=\"2000\" class=\"wpcf7-form-control wpcf7-textarea\" aria-invalid=\"false\" placeholder=\"Message ou demande\" name=\"your-message\"><\/textarea><\/span>\n<\/p>\n<div style=\"display: flex; align-items: center; gap: 10px;\">\n\t<p><span class=\"wpcf7-form-control-wrap\" data-name=\"privacy-policy\"><span class=\"wpcf7-form-control wpcf7-acceptance\"><span class=\"wpcf7-list-item\"><input type=\"checkbox\" name=\"privacy-policy\" value=\"1\" aria-invalid=\"false\" \/><\/span><\/span><\/span><label for=\"privacy-policy\" style=\"margin-left: 5px;\">J&#039;ai lu et accept\u00e9 la politique de confidentialit\u00e9.<\/label>\n\t<\/p>\n<\/div>\n<div style=\"display: flex; align-items: center; gap: 10px;\">\n\t<p><span class=\"wpcf7-form-control-wrap\" data-name=\"send-info\"><span class=\"wpcf7-form-control wpcf7-acceptance\"><span class=\"wpcf7-list-item\"><input type=\"checkbox\" name=\"send-info\" value=\"1\" aria-invalid=\"false\" \/><\/span><\/span><\/span><label for=\"send-info\" style=\"margin-left: 5px;\">J&#039;accepte de recevoir des informations.<\/label>\n\t<\/p>\n<\/div>\n<p><input class=\"wpcf7-form-control wpcf7-submit has-spinner\" type=\"submit\" value=\"Envoyer\" \/>\n<\/p><div class=\"wpcf7-response-output\" aria-hidden=\"true\"><\/div>\n<input type=\"hidden\" name=\"trp-form-language\" value=\"fr\"\/><\/form>\n<\/div>\n<\/div><\/div>\t\t\t\t<\/div>\n\t\t\t\t<\/div>\n\t\t\t\t\t<\/div>\n\t\t<\/div>\n\t\t\t\t\t<\/div>\n\t\t<\/section>\n\t\t\t\t<div class=\"elementor-element elementor-element-615d68f elementor-widget elementor-widget-text-editor\" data-id=\"615d68f\" data-element_type=\"widget\" data-e-type=\"widget\" data-widget_type=\"text-editor.default\">\n\t\t\t\t<div class=\"elementor-widget-container\">\n\t\t\t\t\t\t\t\t\t<p>Plusieurs fois,\u00a0<strong>nettoyage<\/strong>\u00a0et\u00a0<strong>hygi\u00e8ne<\/strong>\u00a0Ils n\u2019ont pas \u00e9t\u00e9 pris en compte comme les besoins primaires vitaux qu\u2019ils repr\u00e9sentent pour notre vie quotidienne. Par cons\u00e9quent, fournir des produits avec lesquels profiter de cela\u00a0<strong>nettoyage<\/strong>\u00a0et\u00a0<strong>hygi\u00e8ne,<\/strong>\u00a0comme\u00a0<strong>grossistes en assouplissants<\/strong>, est un service qui devient le moteur de notre activit\u00e9 et nous pousse \u00e0 \u00eatre meilleurs, ann\u00e9e apr\u00e8s ann\u00e9e. Avec cela, nous faisons ressortir la sp\u00e9cialisation en\u00a0<strong>Dermo SA<\/strong>\u00a0dans la propre \u00e9laboration de\u00a0<strong>d\u00e9tergents, assouplissants<\/strong>\u00a0et d&#039;autres produits, non seulement au service de notre marque, mais \u00e9galement en cr\u00e9ant ces produits particuliers pour nos clients, \u00e0 la fois pour le nettoyage personnel et \u00e0 des fins plus professionnelles.<\/p><p>Gr\u00e2ce \u00e0 l&#039;effort consacr\u00e9 \u00e0 cette activit\u00e9 que nous menons et au soutien inconditionnel des membres de\u00a0<strong>Dermo SA<\/strong>\u00a0et ses fournisseurs, notre\u00a0<strong>usine de d\u00e9tergent assouplissant<\/strong>\u00a0et notre carri\u00e8re en tant que\u00a0<strong>grossistes en assouplissants<\/strong>, est un symbole d&#039;excellence et une r\u00e9f\u00e9rence actuelle. A propos des valeurs qui constituent notre travail : pers\u00e9v\u00e9rance, rigueur, professionnalisme, responsabilit\u00e9, engagement...; Nous avons r\u00e9ussi cela\u00a0<strong>Dermo SA<\/strong>\u00a0devenir ce qu&#039;elle est aujourd&#039;hui et ce qui la distingue du reste de ses concurrents dans le d\u00e9veloppement de produits\u00a0<strong>nettoyage\u00a0<\/strong>et<strong>\u00a0hygi\u00e8ne<\/strong>.<\/p><p><strong>Dermo SA,<\/strong>\u00a0ton\u00a0<strong>usine de d\u00e9tergents<\/strong>\u00a0et le meilleur service\u00a0<strong>grossiste en assouplissant<\/strong>, avec un caract\u00e8re familier, proche et une personnalit\u00e9 construite sur le d\u00e9sir de prendre soin de nos clients et de leur satisfaction, avec un fort travail d&#039;\u00e9quipe collaboratif, qui est devenu la plus grande carte de visite de la meilleure usine et laboratoire de\u00a0<strong>d\u00e9tergents, assouplissants<\/strong>\u2026exceptionnel et unique. Si vous souhaitez profiter d\u00e8s aujourd&#039;hui de produits efficaces et performants, d&#039;une qualit\u00e9 et d&#039;une durabilit\u00e9 incontestables,\u00a0<strong>Dermo SA<\/strong><\/p>\t\t\t\t\t\t\t\t<\/div>\n\t\t\t\t<\/div>\n\t\t\t\t\t<\/div>\n\t\t<\/div>\n\t\t\t\t\t<\/div>\n\t\t<\/section>\n\t\t\t\t<section class=\"elementor-section elementor-top-section elementor-element elementor-element-484f41e elementor-section-full_width elementor-section-height-default elementor-section-height-default elementor-invisible\" data-id=\"484f41e\" data-element_type=\"section\" data-e-type=\"section\" data-settings=\"{&quot;animation&quot;:&quot;slideInUp&quot;}\">\n\t\t\t\t\t\t<div class=\"elementor-container elementor-column-gap-default\">\n\t\t\t\t\t<div class=\"elementor-column elementor-col-100 elementor-top-column elementor-element elementor-element-19948363\" data-id=\"19948363\" data-element_type=\"column\" data-e-type=\"column\">\n\t\t\t<div class=\"elementor-widget-wrap elementor-element-populated\">\n\t\t\t\t\t\t<div class=\"elementor-element elementor-element-339044a4 elementor-widget elementor-widget-google_maps\" data-id=\"339044a4\" data-element_type=\"widget\" data-e-type=\"widget\" data-widget_type=\"google_maps.default\">\n\t\t\t\t<div class=\"elementor-widget-container\">\n\t\t\t\t\t\t\t<div class=\"elementor-custom-embed\">\n\t\t\t<iframe loading=\"lazy\"\n\t\t\t\t\tsrc=\"https:\/\/maps.google.com\/maps?q=C%2F%20Pintor%20Joan%20Miro%2C%2016.%20Pol.%20Ind.%20Can%20Humet%20de%20Dalt%2C%2008213%20Poliny%C3%A0.%20Barcelona&#038;t=m&#038;z=15&#038;output=embed&#038;iwloc=near\"\n\t\t\t\t\ttitle=\"C\/ Pintor Joan Miro, 16. Pol. Ind. Can Humet de Dalt, 08213 Poliny\u00e0. Barcelone\"\n\t\t\t\t\taria-label=\"C\/ Pintor Joan Miro, 16. Pol. Ind. Can Humet de Dalt, 08213 Poliny\u00e0. Barcelone\"\n\t\t\t><\/iframe>\n\t\t<\/div>\n\t\t\t\t\t\t<\/div>\n\t\t\t\t<\/div>\n\t\t\t\t\t<\/div>\n\t\t<\/div>\n\t\t\t\t\t<\/div>\n\t\t<\/section>\n\t\t\t\t<\/div>","protected":false},"excerpt":{"rendered":"<p>Dermo SA a pour ambition de devenir votre entreprise et fabricant leader dans la production de d\u00e9tergents et de produits similaires, tels que les assouplissants, les nettoyants multi-usages et tous types d&#039;accessoires et de compl\u00e9ments, pour r\u00e9pondre aux besoins essentiels de nettoyage et d&#039;hygi\u00e8ne. Forte de plus de 25 ans d&#039;exp\u00e9rience, Dermo SA offre des services de haute qualit\u00e9.&nbsp;<a href=\"https:\/\/dermo.com\/fr\/grossiste-en-assouplissant\/\" rel=\"bookmark\">En savoir plus &quot;<span class=\"screen-reader-text\">Grossiste en assouplissants<\/span><\/a><\/p>","protected":false},"author":2,"featured_media":0,"parent":0,"menu_order":0,"comment_status":"closed","ping_status":"closed","template":"page-templates\/template-pagebuilder-full-width.php","meta":{"neve_meta_sidebar":"","neve_meta_container":"","neve_meta_enable_content_width":"","neve_meta_content_width":0,"neve_meta_title_alignment":"","neve_meta_author_avatar":"","neve_post_elements_order":"","neve_meta_disable_header":"","neve_meta_disable_footer":"","neve_meta_disable_title":"","footnotes":""},"class_list":["post-12467","page","type-page","status-publish","hentry"],"yoast_head":"<!-- This site is optimized with the Yoast SEO plugin v27.0 - https:\/\/yoast.com\/product\/yoast-seo-wordpress\/ -->\n<title>Mayorista de suavizantes - Dermo | F\u00e1brica de detergentes<\/title>\n<meta name=\"robots\" content=\"index, follow, max-snippet:-1, max-image-preview:large, max-video-preview:-1\" \/>\n<link rel=\"canonical\" href=\"https:\/\/dermo.com\/fr\/grossiste-en-assouplissant\/\" \/>\n<meta property=\"og:locale\" content=\"fr_FR\" \/>\n<meta property=\"og:type\" content=\"article\" \/>\n<meta property=\"og:title\" content=\"Mayorista de suavizantes - Dermo | F\u00e1brica de detergentes\" \/>\n<meta property=\"og:description\" content=\"Dermo S.A., quiere ser vuestra empresa y f\u00e1brica de referencia en la consecuci\u00f3n de\u00a0detergentes\u00a0y todo tipo de productos de esta \u00edndole, como\u00a0suavizantes, limpiadores multiusos o todo tipo de complementos y accesorios, para cubrir esas necesidades tan vitales que son la\u00a0limpieza\u00a0y la\u00a0higiene. Tras una dilatada trayectoria de m\u00e1s de 25 a\u00f1os ofreciendo servicios de alta calidad&hellip;&nbsp;Lire la suite &raquo;Mayorista de suavizantes\" \/>\n<meta property=\"og:url\" content=\"https:\/\/dermo.com\/fr\/grossiste-en-assouplissant\/\" \/>\n<meta property=\"og:site_name\" content=\"Dermo | F\u00e1brica de detergentes\" \/>\n<meta property=\"article:modified_time\" content=\"2025-02-19T11:18:48+00:00\" \/>\n<meta name=\"twitter:card\" content=\"summary_large_image\" \/>\n<meta name=\"twitter:label1\" content=\"Dur\u00e9e de lecture estim\u00e9e\" \/>\n\t<meta name=\"twitter:data1\" content=\"3 minutes\" \/>\n<script type=\"application\/ld+json\" class=\"yoast-schema-graph\">{\"@context\":\"https:\/\/schema.org\",\"@graph\":[{\"@type\":\"WebPage\",\"@id\":\"https:\/\/dermo.com\/mayorista-de-suavizantes\/\",\"url\":\"https:\/\/dermo.com\/mayorista-de-suavizantes\/\",\"name\":\"Mayorista de suavizantes - Dermo | F\u00e1brica de detergentes\",\"isPartOf\":{\"@id\":\"https:\/\/dermo.com\/#website\"},\"datePublished\":\"2025-01-30T11:40:06+00:00\",\"dateModified\":\"2025-02-19T11:18:48+00:00\",\"breadcrumb\":{\"@id\":\"https:\/\/dermo.com\/mayorista-de-suavizantes\/#breadcrumb\"},\"inLanguage\":\"fr-FR\",\"potentialAction\":[{\"@type\":\"ReadAction\",\"target\":[\"https:\/\/dermo.com\/mayorista-de-suavizantes\/\"]}]},{\"@type\":\"BreadcrumbList\",\"@id\":\"https:\/\/dermo.com\/mayorista-de-suavizantes\/#breadcrumb\",\"itemListElement\":[{\"@type\":\"ListItem\",\"position\":1,\"name\":\"Portada\",\"item\":\"https:\/\/dermo.com\/\"},{\"@type\":\"ListItem\",\"position\":2,\"name\":\"Mayorista de suavizantes\"}]},{\"@type\":\"WebSite\",\"@id\":\"https:\/\/dermo.com\/#website\",\"url\":\"https:\/\/dermo.com\/\",\"name\":\"Dermo | F\u00e1brica de detergentes\",\"description\":\"Tecnolog\u00eda avanzada, investigaci\u00f3n y desarrollo, respeto por el medio ambiente, competencia, formaci\u00f3n constante y alto nivel de profesionalidad en nuestro equipo humano, empe\u00f1ado en preservar la calidad de vida, la protecci\u00f3n del entorno natural contin\u00faan motiv\u00e1ndonos para desarrollar en nuestros laboratorios nuevos productos con ingredientes activos altamente biodegradables que hacen posible un desarrollo sostenible.\",\"potentialAction\":[{\"@type\":\"SearchAction\",\"target\":{\"@type\":\"EntryPoint\",\"urlTemplate\":\"https:\/\/dermo.com\/?s={search_term_string}\"},\"query-input\":{\"@type\":\"PropertyValueSpecification\",\"valueRequired\":true,\"valueName\":\"search_term_string\"}}],\"inLanguage\":\"fr-FR\"}]}<\/script>\n<!-- \/ Yoast SEO plugin. -->","yoast_head_json":{"title":"Grossiste assouplissant - Dermo | Usine de d\u00e9tergents","robots":{"index":"index","follow":"follow","max-snippet":"max-snippet:-1","max-image-preview":"max-image-preview:large","max-video-preview":"max-video-preview:-1"},"canonical":"https:\/\/dermo.com\/fr\/grossiste-en-assouplissant\/","og_locale":"fr_FR","og_type":"article","og_title":"Mayorista de suavizantes - Dermo | F\u00e1brica de detergentes","og_description":"Dermo S.A., quiere ser vuestra empresa y f\u00e1brica de referencia en la consecuci\u00f3n de\u00a0detergentes\u00a0y todo tipo de productos de esta \u00edndole, como\u00a0suavizantes, limpiadores multiusos o todo tipo de complementos y accesorios, para cubrir esas necesidades tan vitales que son la\u00a0limpieza\u00a0y la\u00a0higiene. Tras una dilatada trayectoria de m\u00e1s de 25 a\u00f1os ofreciendo servicios de alta calidad&hellip;&nbsp;Lire la suite &raquo;Mayorista de suavizantes","og_url":"https:\/\/dermo.com\/fr\/grossiste-en-assouplissant\/","og_site_name":"Dermo | F\u00e1brica de detergentes","article_modified_time":"2025-02-19T11:18:48+00:00","twitter_card":"summary_large_image","twitter_misc":{"Dur\u00e9e de lecture estim\u00e9e":"3 minutes"},"schema":{"@context":"https:\/\/schema.org","@graph":[{"@type":"WebPage","@id":"https:\/\/dermo.com\/mayorista-de-suavizantes\/","url":"https:\/\/dermo.com\/mayorista-de-suavizantes\/","name":"Grossiste assouplissant - Dermo | Usine de d\u00e9tergents","isPartOf":{"@id":"https:\/\/dermo.com\/#website"},"datePublished":"2025-01-30T11:40:06+00:00","dateModified":"2025-02-19T11:18:48+00:00","breadcrumb":{"@id":"https:\/\/dermo.com\/mayorista-de-suavizantes\/#breadcrumb"},"inLanguage":"fr-FR","potentialAction":[{"@type":"ReadAction","target":["https:\/\/dermo.com\/mayorista-de-suavizantes\/"]}]},{"@type":"BreadcrumbList","@id":"https:\/\/dermo.com\/mayorista-de-suavizantes\/#breadcrumb","itemListElement":[{"@type":"ListItem","position":1,"name":"Portada","item":"https:\/\/dermo.com\/"},{"@type":"ListItem","position":2,"name":"Mayorista de suavizantes"}]},{"@type":"WebSite","@id":"https:\/\/dermo.com\/#website","url":"https:\/\/dermo.com\/","name":"Dermo | usine de d\u00e9tergents","description":"Technologie avanc\u00e9e, recherche et d\u00e9veloppement, respect de l&#039;environnement, comp\u00e9tence, formation constante et haut niveau de professionnalisme de notre \u00e9quipe humaine, engag\u00e9e \u00e0 pr\u00e9server la qualit\u00e9 de vie, la protection de l&#039;environnement naturel continuent de nous motiver \u00e0 d\u00e9velopper de nouveaux produits dans notre laboratoires aux principes actifs hautement biod\u00e9gradables qui rendent possible le d\u00e9veloppement durable.","potentialAction":[{"@type":"SearchAction","target":{"@type":"EntryPoint","urlTemplate":"https:\/\/dermo.com\/?s={search_term_string}"},"query-input":{"@type":"PropertyValueSpecification","valueRequired":true,"valueName":"search_term_string"}}],"inLanguage":"fr-FR"}]}},"_links":{"self":[{"href":"https:\/\/dermo.com\/fr\/wp-json\/wp\/v2\/pages\/12467","targetHints":{"allow":["GET"]}}],"collection":[{"href":"https:\/\/dermo.com\/fr\/wp-json\/wp\/v2\/pages"}],"about":[{"href":"https:\/\/dermo.com\/fr\/wp-json\/wp\/v2\/types\/page"}],"author":[{"embeddable":true,"href":"https:\/\/dermo.com\/fr\/wp-json\/wp\/v2\/users\/2"}],"replies":[{"embeddable":true,"href":"https:\/\/dermo.com\/fr\/wp-json\/wp\/v2\/comments?post=12467"}],"version-history":[{"count":7,"href":"https:\/\/dermo.com\/fr\/wp-json\/wp\/v2\/pages\/12467\/revisions"}],"predecessor-version":[{"id":13632,"href":"https:\/\/dermo.com\/fr\/wp-json\/wp\/v2\/pages\/12467\/revisions\/13632"}],"wp:attachment":[{"href":"https:\/\/dermo.com\/fr\/wp-json\/wp\/v2\/media?parent=12467"}],"curies":[{"name":"wp","href":"https:\/\/api.w.org\/{rel}","templated":true}]}}