{"id":12473,"date":"2025-01-30T12:42:32","date_gmt":"2025-01-30T11:42:32","guid":{"rendered":"https:\/\/dermo.com\/?page_id=12473"},"modified":"2025-02-19T12:09:21","modified_gmt":"2025-02-19T11:09:21","slug":"detergents-de-laboratoire","status":"publish","type":"page","link":"https:\/\/dermo.com\/fr\/detergents-de-laboratoire\/","title":{"rendered":"Laboratoire de d\u00e9tergents"},"content":{"rendered":"<div data-elementor-type=\"wp-page\" data-elementor-id=\"12473\" class=\"elementor elementor-12473\" data-elementor-post-type=\"page\">\n\t\t\t\t\t\t<section class=\"elementor-section elementor-top-section elementor-element elementor-element-a02683f elementor-section-boxed elementor-section-height-default elementor-section-height-default\" data-id=\"a02683f\" data-element_type=\"section\" data-e-type=\"section\" data-settings=\"{&quot;background_background&quot;:&quot;classic&quot;}\">\n\t\t\t\t\t\t\t<div class=\"elementor-background-overlay\"><\/div>\n\t\t\t\t\t\t\t<div class=\"elementor-container elementor-column-gap-default\">\n\t\t\t\t\t<div class=\"elementor-column elementor-col-100 elementor-top-column elementor-element elementor-element-f99dbff\" data-id=\"f99dbff\" data-element_type=\"column\" data-e-type=\"column\">\n\t\t\t<div class=\"elementor-widget-wrap elementor-element-populated\">\n\t\t\t\t\t\t\t<\/div>\n\t\t<\/div>\n\t\t\t\t\t<\/div>\n\t\t<\/section>\n\t\t\t\t<section class=\"elementor-section elementor-top-section elementor-element elementor-element-233ad3a4 elementor-section-boxed elementor-section-height-default elementor-section-height-default\" data-id=\"233ad3a4\" data-element_type=\"section\" data-e-type=\"section\">\n\t\t\t\t\t\t<div class=\"elementor-container elementor-column-gap-default\">\n\t\t\t\t\t<div class=\"elementor-column elementor-col-100 elementor-top-column elementor-element elementor-element-3244e578\" data-id=\"3244e578\" data-element_type=\"column\" data-e-type=\"column\">\n\t\t\t<div class=\"elementor-widget-wrap elementor-element-populated\">\n\t\t\t\t\t\t<section class=\"elementor-section elementor-inner-section elementor-element elementor-element-1a7040c2 elementor-section-content-middle elementor-section-boxed elementor-section-height-default elementor-section-height-default\" data-id=\"1a7040c2\" data-element_type=\"section\" data-e-type=\"section\">\n\t\t\t\t\t\t<div class=\"elementor-container elementor-column-gap-default\">\n\t\t\t\t\t<div class=\"elementor-column elementor-col-50 elementor-inner-column elementor-element elementor-element-58338543\" data-id=\"58338543\" data-element_type=\"column\" data-e-type=\"column\">\n\t\t\t<div class=\"elementor-widget-wrap elementor-element-populated\">\n\t\t\t\t\t\t<div class=\"elementor-element elementor-element-464b2e11 elementor-widget elementor-widget-text-editor\" data-id=\"464b2e11\" data-element_type=\"widget\" data-e-type=\"widget\" data-widget_type=\"text-editor.default\">\n\t\t\t\t<div class=\"elementor-widget-container\">\n\t\t\t\t\t\t\t\t\t<div id=\"lipsum\"><p>Pour assurer\u00a0<strong>nettoyage<\/strong>\u00a0et\u00a0<strong>hygi\u00e8ne<\/strong>Nous devons avoir \u00e0 notre disposition quelqu\u2019un en qui nous avons confiance et qui peut nous proposer les produits n\u00e9cessaires pour couvrir ce premier besoin d\u2019urgence. M\u00eame si souvent nous ne leur accordons pas l\u2019importance qu\u2019ils m\u00e9ritent, les deux\u00a0<strong>nettoyage<\/strong>\u00a0comme le\u00a0<strong>hygi\u00e8ne<\/strong>, doit \u00eatre couverte avec toutes les garanties et nous-m\u00eames devons \u00eatre suffisamment rationnels pour ne pas laisser quelque chose d&#039;aussi fondamental que notre sant\u00e9 entre les mains de n&#039;importe qui.<\/p><p>Dans\u00a0<strong>Dermo SA,<\/strong>\u00a0<strong>usine de d\u00e9tergents<\/strong>\u00a0avec une vaste exp\u00e9rience dans le secteur de\u00a0<strong>nettoyage\u00a0<\/strong>et le\u00a0<strong>hygi\u00e8ne<\/strong>Nous exer\u00e7ons notre m\u00e9tier depuis plus de 25 ans, en veillant \u00e0 offrir \u00e0 nos clients le meilleur\u00a0<strong>d\u00e9tergents<\/strong>\u00a0et des accessoires et compl\u00e9ments pour garantir, pr\u00e9cis\u00e9ment, la couverture ad\u00e9quate de ce besoin primaire, en tenant compte des exigences de nos clients ; avec l&#039;effort, le d\u00e9vouement et l&#039;engagement qui pr\u00e9valent dans le travail effectu\u00e9 par chacun des professionnels qui composent cette entreprise. Gr\u00e2ce \u00e0 une activit\u00e9 en constant progr\u00e8s, s&#039;adaptant aux avanc\u00e9es et investissant dans les syst\u00e8mes de fabrication les plus innovants,\u00a0<strong>Dermo SA<\/strong>\u00a0Nous nous sommes positionn\u00e9s comme une r\u00e9f\u00e9rence et nous avons transform\u00e9 notre\u00a0<strong>laboratoire<\/strong>\u00a0de\u00a0<strong>d\u00e9tergents<\/strong>\u00a0dans un lieu de cr\u00e9ation unique o\u00f9 sont cr\u00e9\u00e9s, test\u00e9s et avec toutes les normes r\u00e9glementaires stipul\u00e9es, des produits d&#039;une qualit\u00e9 incalculable, pour couvrir les besoins de notre public en\u00a0<strong>nettoyage<\/strong>\u00a0et\u00a0<strong>hygi\u00e8ne.<\/strong><\/p><\/div>\t\t\t\t\t\t\t\t<\/div>\n\t\t\t\t<\/div>\n\t\t\t\t\t<\/div>\n\t\t<\/div>\n\t\t\t\t<div class=\"elementor-column elementor-col-50 elementor-inner-column elementor-element elementor-element-92558b8 elementor-invisible\" data-id=\"92558b8\" data-element_type=\"column\" data-e-type=\"column\" data-settings=\"{&quot;animation&quot;:&quot;bounceInRight&quot;}\">\n\t\t\t<div class=\"elementor-widget-wrap elementor-element-populated\">\n\t\t\t\t\t\t<div class=\"elementor-element elementor-element-e5a0394 elementor-widget__width-initial elementor-widget elementor-widget-elementskit-contact-form7\" data-id=\"e5a0394\" data-element_type=\"widget\" data-e-type=\"widget\" data-widget_type=\"elementskit-contact-form7.default\">\n\t\t\t\t<div class=\"elementor-widget-container\">\n\t\t\t\t\t<div class=\"ekit-wid-con\" ><div class=\"ekit-form\">\n<div class=\"wpcf7 no-js\" id=\"wpcf7-f13292-p12473-o1\" lang=\"es-ES\" dir=\"ltr\" data-wpcf7-id=\"13292\">\n<div class=\"screen-reader-response\"><p role=\"status\" aria-live=\"polite\" aria-atomic=\"true\"><\/p> <ul><\/ul><\/div>\n<form action=\"\/fr\/detergents-de-laboratoire\/#wpcf7-f13292-p12473-o1\" method=\"post\" class=\"wpcf7-form init\" aria-label=\"Formulaire de contact\" novalidate=\"novalidate\" data-status=\"init\" data-trp-original-action=\"\/laboratorio-detergentes\/#wpcf7-f13292-p12473-o1\">\n<fieldset class=\"hidden-fields-container\"><input type=\"hidden\" name=\"_wpcf7\" value=\"13292\" \/><input type=\"hidden\" name=\"_wpcf7_version\" value=\"6.1.5\" \/><input type=\"hidden\" name=\"_wpcf7_locale\" value=\"es_ES\" \/><input type=\"hidden\" name=\"_wpcf7_unit_tag\" value=\"wpcf7-f13292-p12473-o1\" \/><input type=\"hidden\" name=\"_wpcf7_container_post\" value=\"12473\" \/><input type=\"hidden\" name=\"_wpcf7_posted_data_hash\" value=\"\" \/><input type=\"hidden\" name=\"_wpcf7_recaptcha_response\" value=\"\" \/>\n<\/fieldset>\n<div style=\"display: flex; gap: 10px;\">\n\t<div style=\"width: 50%;\">\n\t\t<p><span class=\"wpcf7-form-control-wrap\" data-name=\"your-name\"><input size=\"40\" maxlength=\"400\" class=\"wpcf7-form-control wpcf7-text wpcf7-validates-as-required\" aria-required=\"true\" aria-invalid=\"false\" placeholder=\"Nom\" value=\"\" type=\"text\" name=\"your-name\" \/><\/span>\n\t\t<\/p>\n\t<\/div>\n\t<div style=\"width: 50%;\">\n\t\t<p><span class=\"wpcf7-form-control-wrap\" data-name=\"your-phone\"><input size=\"40\" maxlength=\"400\" class=\"wpcf7-form-control wpcf7-tel wpcf7-validates-as-required wpcf7-text wpcf7-validates-as-tel\" aria-required=\"true\" aria-invalid=\"false\" placeholder=\"T\u00e9l\u00e9phone\" value=\"\" type=\"tel\" name=\"your-phone\" \/><\/span>\n\t\t<\/p>\n\t<\/div>\n<\/div>\n<p><span class=\"wpcf7-form-control-wrap\" data-name=\"your-email\"><input size=\"40\" maxlength=\"400\" class=\"wpcf7-form-control wpcf7-email wpcf7-validates-as-required wpcf7-text wpcf7-validates-as-email\" aria-required=\"true\" aria-invalid=\"false\" placeholder=\"E-mail\" value=\"\" type=\"email\" name=\"your-email\" \/><\/span>\n<\/p>\n<div style=\"display: flex; gap: 10px;\">\n\t<div style=\"width: 50%;\">\n\t\t<p><span class=\"wpcf7-form-control-wrap\" data-name=\"your-country\"><input size=\"40\" maxlength=\"400\" class=\"wpcf7-form-control wpcf7-text wpcf7-validates-as-required\" aria-required=\"true\" aria-invalid=\"false\" placeholder=\"Pays\" value=\"\" type=\"text\" name=\"your-country\" \/><\/span>\n\t\t<\/p>\n\t<\/div>\n\t<div style=\"width: 50%;\">\n\t\t<p><span class=\"wpcf7-form-control-wrap\" data-name=\"your-city\"><input size=\"40\" maxlength=\"400\" class=\"wpcf7-form-control wpcf7-text wpcf7-validates-as-required\" aria-required=\"true\" aria-invalid=\"false\" placeholder=\"Population\" value=\"\" type=\"text\" name=\"your-city\" \/><\/span>\n\t\t<\/p>\n\t<\/div>\n<\/div>\n<p><span class=\"wpcf7-form-control-wrap\" data-name=\"your-subject\"><select class=\"wpcf7-form-control wpcf7-select\" aria-invalid=\"false\" name=\"your-subject\"><option value=\"Quiero ser distribuidor\">Je veux \u00eatre distributeur<\/option><option value=\"Presupuesto\">Budget<\/option><option value=\"Consulta\">Consultation<\/option><option value=\"Sugerencia\">Suggestion<\/option><option value=\"Otros\">Autres<\/option><\/select><\/span>\n<\/p>\n<p><span class=\"wpcf7-form-control-wrap\" data-name=\"your-message\"><textarea cols=\"40\" rows=\"10\" maxlength=\"2000\" class=\"wpcf7-form-control wpcf7-textarea\" aria-invalid=\"false\" placeholder=\"Message ou demande\" name=\"your-message\"><\/textarea><\/span>\n<\/p>\n<div style=\"display: flex; align-items: center; gap: 10px;\">\n\t<p><span class=\"wpcf7-form-control-wrap\" data-name=\"privacy-policy\"><span class=\"wpcf7-form-control wpcf7-acceptance\"><span class=\"wpcf7-list-item\"><input type=\"checkbox\" name=\"privacy-policy\" value=\"1\" aria-invalid=\"false\" \/><\/span><\/span><\/span><label for=\"privacy-policy\" style=\"margin-left: 5px;\">J&#039;ai lu et accept\u00e9 la politique de confidentialit\u00e9.<\/label>\n\t<\/p>\n<\/div>\n<div style=\"display: flex; align-items: center; gap: 10px;\">\n\t<p><span class=\"wpcf7-form-control-wrap\" data-name=\"send-info\"><span class=\"wpcf7-form-control wpcf7-acceptance\"><span class=\"wpcf7-list-item\"><input type=\"checkbox\" name=\"send-info\" value=\"1\" aria-invalid=\"false\" \/><\/span><\/span><\/span><label for=\"send-info\" style=\"margin-left: 5px;\">J&#039;accepte de recevoir des informations.<\/label>\n\t<\/p>\n<\/div>\n<p><input class=\"wpcf7-form-control wpcf7-submit has-spinner\" type=\"submit\" value=\"Envoyer\" \/>\n<\/p><div class=\"wpcf7-response-output\" aria-hidden=\"true\"><\/div>\n<input type=\"hidden\" name=\"trp-form-language\" value=\"fr\"\/><\/form>\n<\/div>\n<\/div><\/div>\t\t\t\t<\/div>\n\t\t\t\t<\/div>\n\t\t\t\t\t<\/div>\n\t\t<\/div>\n\t\t\t\t\t<\/div>\n\t\t<\/section>\n\t\t\t\t<div class=\"elementor-element elementor-element-615d68f elementor-widget elementor-widget-text-editor\" data-id=\"615d68f\" data-element_type=\"widget\" data-e-type=\"widget\" data-widget_type=\"text-editor.default\">\n\t\t\t\t<div class=\"elementor-widget-container\">\n\t\t\t\t\t\t\t\t\t<p>En fabriquant nos propres produits, nous pouvons \u00eatre s\u00fbrs d\u2019offrir \u00e0 nos clients le r\u00e9sultat final qu\u2019ils attendent, r\u00e9pondant \u00e0 leurs exigences et garantissant un produit d\u2019une qualit\u00e9 in\u00e9gal\u00e9e. Dans notre\u00a0<strong>laboratoire<\/strong>, nous travaillons sans rel\u00e2che pour trouver les formules qui cr\u00e9ent le\u00a0<strong>d\u00e9tergent<\/strong>, ou l&#039;un des produits que nous fabriquons\u00a0<strong>Dermo SA<\/strong>\u00a0(adoucissants, lave-vaisselle, produits de polissage, d\u00e9tartrants ou nettoyants sp\u00e9cifiques pour le traitement des sols et nettoyants multi-usages, entre autres), qui apportent la r\u00e9ponse attendue et vous permettent de profiter de ce besoin dont personne ne devrait \u00eatre priv\u00e9.\u00a0<strong>D\u00e9tergents<\/strong>\u00a0et des produits d\u00e9velopp\u00e9s au plus profond de notre\u00a0<strong>laboratoire<\/strong>, qui se distinguent par des qualificatifs d\u2019efficience, d\u2019efficience, de durabilit\u00e9 ou de qualit\u00e9.<\/p><p>Dans\u00a0<strong>Dermo SA<\/strong>\u00a0Nous proposons une large gamme de fournitures disponibles, aussi bien pour un usage personnel que surtout pour les clients du secteur des services qui, \u00e0 leur tour, doivent assurer la satisfaction de leurs propres clients (maisons de retraite, h\u00f4tels, h\u00f4pitaux, restaurants, etc.). Tout ce travail que nous faisons dans\u00a0<strong>Dermo SA<\/strong>\u00a0Elle culmine dans l\u2019application des avanc\u00e9es technologiques appliqu\u00e9es dans notre\u00a0<strong>laboratoire<\/strong>\u00a0et des installations, avec lesquelles nous avons atteint, pr\u00e9cis\u00e9ment, ce degr\u00e9 d&#039;excellence, tant dans les produits que dans le service, nous positionnant comme\u00a0<strong>usine de d\u00e9tergents\u00a0<\/strong>de r\u00e9f\u00e9rence dans la production de produits de ce genre.<\/p><p>Notre caract\u00e8re familial et proche nous conduit \u00e0 offrir une attention particuli\u00e8re et un traitement direct des d\u00e9tails, en garantissant la couverture ad\u00e9quate de ces besoins vitaux, pour lesquels chacun des responsables\u00a0<strong>Dermo SA<\/strong>. Nous ressentons un profond respect et un engagement total envers une soci\u00e9t\u00e9 saine.<\/p><p>Si vous recherchez votre entreprise de confiance et\u00a0<strong>usine de d\u00e9tergents<\/strong>, avec un laboratoire dans lequel d\u00e9velopper des produits incomparables de\u00a0<strong>nettoyage<\/strong>\u00a0et\u00a0<strong>hygi\u00e8ne<\/strong>, n&#039;h\u00e9sitez pas \u00e0 nous contacter au\u00a0<strong>Dermo SA<\/strong>\u00a0toutes les questions que vous pourriez avoir. Nous mettrons tout en \u0153uvre pour vous satisfaire et veiller \u00e0 ce que ces besoins essentiels soient combl\u00e9s.<\/p>\t\t\t\t\t\t\t\t<\/div>\n\t\t\t\t<\/div>\n\t\t\t\t\t<\/div>\n\t\t<\/div>\n\t\t\t\t\t<\/div>\n\t\t<\/section>\n\t\t\t\t<section class=\"elementor-section elementor-top-section elementor-element elementor-element-484f41e elementor-section-full_width elementor-section-height-default elementor-section-height-default elementor-invisible\" data-id=\"484f41e\" data-element_type=\"section\" data-e-type=\"section\" data-settings=\"{&quot;animation&quot;:&quot;slideInUp&quot;}\">\n\t\t\t\t\t\t<div class=\"elementor-container elementor-column-gap-default\">\n\t\t\t\t\t<div class=\"elementor-column elementor-col-100 elementor-top-column elementor-element elementor-element-19948363\" data-id=\"19948363\" data-element_type=\"column\" data-e-type=\"column\">\n\t\t\t<div class=\"elementor-widget-wrap elementor-element-populated\">\n\t\t\t\t\t\t<div class=\"elementor-element elementor-element-339044a4 elementor-widget elementor-widget-google_maps\" data-id=\"339044a4\" data-element_type=\"widget\" data-e-type=\"widget\" data-widget_type=\"google_maps.default\">\n\t\t\t\t<div class=\"elementor-widget-container\">\n\t\t\t\t\t\t\t<div class=\"elementor-custom-embed\">\n\t\t\t<iframe loading=\"lazy\"\n\t\t\t\t\tsrc=\"https:\/\/maps.google.com\/maps?q=C%2F%20Pintor%20Joan%20Miro%2C%2016.%20Pol.%20Ind.%20Can%20Humet%20de%20Dalt%2C%2008213%20Poliny%C3%A0.%20Barcelona&#038;t=m&#038;z=15&#038;output=embed&#038;iwloc=near\"\n\t\t\t\t\ttitle=\"C\/ Pintor Joan Miro, 16. Pol. Ind. Can Humet de Dalt, 08213 Poliny\u00e0. Barcelone\"\n\t\t\t\t\taria-label=\"C\/ Pintor Joan Miro, 16. Pol. Ind. Can Humet de Dalt, 08213 Poliny\u00e0. Barcelone\"\n\t\t\t><\/iframe>\n\t\t<\/div>\n\t\t\t\t\t\t<\/div>\n\t\t\t\t<\/div>\n\t\t\t\t\t<\/div>\n\t\t<\/div>\n\t\t\t\t\t<\/div>\n\t\t<\/section>\n\t\t\t\t<\/div>","protected":false},"excerpt":{"rendered":"<p>Pour garantir la propret\u00e9 et l&#039;hygi\u00e8ne, nous avons besoin d&#039;une personne de confiance capable de nous fournir les produits n\u00e9cessaires \u00e0 ce besoin urgent. Bien que nous ne leur accordions souvent pas l&#039;importance qu&#039;ils m\u00e9ritent, la propret\u00e9 et l&#039;hygi\u00e8ne doivent \u00eatre pleinement assur\u00e9es, et nous devons nous-m\u00eames faire preuve de raison pour ne pas\u2026&nbsp;<a href=\"https:\/\/dermo.com\/fr\/detergents-de-laboratoire\/\" rel=\"bookmark\">En savoir plus &quot;<span class=\"screen-reader-text\">Laboratoire de d\u00e9tergents<\/span><\/a><\/p>","protected":false},"author":2,"featured_media":0,"parent":0,"menu_order":0,"comment_status":"closed","ping_status":"closed","template":"page-templates\/template-pagebuilder-full-width.php","meta":{"neve_meta_sidebar":"","neve_meta_container":"","neve_meta_enable_content_width":"","neve_meta_content_width":0,"neve_meta_title_alignment":"","neve_meta_author_avatar":"","neve_post_elements_order":"","neve_meta_disable_header":"","neve_meta_disable_footer":"","neve_meta_disable_title":"","footnotes":""},"class_list":["post-12473","page","type-page","status-publish","hentry"],"yoast_head":"<!-- This site is optimized with the Yoast SEO plugin v27.0 - https:\/\/yoast.com\/product\/yoast-seo-wordpress\/ -->\n<title>Laboratorio Detergentes - Dermo | F\u00e1brica de detergentes<\/title>\n<meta name=\"robots\" content=\"index, follow, max-snippet:-1, max-image-preview:large, max-video-preview:-1\" \/>\n<link rel=\"canonical\" href=\"https:\/\/dermo.com\/fr\/detergents-de-laboratoire\/\" \/>\n<meta property=\"og:locale\" content=\"fr_FR\" \/>\n<meta property=\"og:type\" content=\"article\" \/>\n<meta property=\"og:title\" content=\"Laboratorio Detergentes - Dermo | F\u00e1brica de detergentes\" \/>\n<meta property=\"og:description\" content=\"Para garantizar\u00a0limpieza\u00a0e\u00a0higiene, necesitamos tener a nuestro alcance ese alguien de confianza que nos ofrezca los productos necesarios para cubrir esa necesidad de primera urgencia. Aunque muchas veces no le damos la importancia que merecen, tanto la\u00a0limpieza\u00a0como la\u00a0higiene, han de verse cubiertas con plenas garant\u00edas e incluso, nosotros mismos, debemos ser suficientemente racionales, como para no&hellip;&nbsp;Lire la suite &raquo;Laboratorio Detergentes\" \/>\n<meta property=\"og:url\" content=\"https:\/\/dermo.com\/fr\/detergents-de-laboratoire\/\" \/>\n<meta property=\"og:site_name\" content=\"Dermo | F\u00e1brica de detergentes\" \/>\n<meta property=\"article:modified_time\" content=\"2025-02-19T11:09:21+00:00\" \/>\n<meta name=\"twitter:card\" content=\"summary_large_image\" \/>\n<meta name=\"twitter:label1\" content=\"Dur\u00e9e de lecture estim\u00e9e\" \/>\n\t<meta name=\"twitter:data1\" content=\"3 minutes\" \/>\n<script type=\"application\/ld+json\" class=\"yoast-schema-graph\">{\"@context\":\"https:\/\/schema.org\",\"@graph\":[{\"@type\":\"WebPage\",\"@id\":\"https:\/\/dermo.com\/laboratorio-detergentes\/\",\"url\":\"https:\/\/dermo.com\/laboratorio-detergentes\/\",\"name\":\"Laboratorio Detergentes - Dermo | F\u00e1brica de detergentes\",\"isPartOf\":{\"@id\":\"https:\/\/dermo.com\/#website\"},\"datePublished\":\"2025-01-30T11:42:32+00:00\",\"dateModified\":\"2025-02-19T11:09:21+00:00\",\"breadcrumb\":{\"@id\":\"https:\/\/dermo.com\/laboratorio-detergentes\/#breadcrumb\"},\"inLanguage\":\"fr-FR\",\"potentialAction\":[{\"@type\":\"ReadAction\",\"target\":[\"https:\/\/dermo.com\/laboratorio-detergentes\/\"]}]},{\"@type\":\"BreadcrumbList\",\"@id\":\"https:\/\/dermo.com\/laboratorio-detergentes\/#breadcrumb\",\"itemListElement\":[{\"@type\":\"ListItem\",\"position\":1,\"name\":\"Portada\",\"item\":\"https:\/\/dermo.com\/\"},{\"@type\":\"ListItem\",\"position\":2,\"name\":\"Laboratorio Detergentes\"}]},{\"@type\":\"WebSite\",\"@id\":\"https:\/\/dermo.com\/#website\",\"url\":\"https:\/\/dermo.com\/\",\"name\":\"Dermo | F\u00e1brica de detergentes\",\"description\":\"Tecnolog\u00eda avanzada, investigaci\u00f3n y desarrollo, respeto por el medio ambiente, competencia, formaci\u00f3n constante y alto nivel de profesionalidad en nuestro equipo humano, empe\u00f1ado en preservar la calidad de vida, la protecci\u00f3n del entorno natural contin\u00faan motiv\u00e1ndonos para desarrollar en nuestros laboratorios nuevos productos con ingredientes activos altamente biodegradables que hacen posible un desarrollo sostenible.\",\"potentialAction\":[{\"@type\":\"SearchAction\",\"target\":{\"@type\":\"EntryPoint\",\"urlTemplate\":\"https:\/\/dermo.com\/?s={search_term_string}\"},\"query-input\":{\"@type\":\"PropertyValueSpecification\",\"valueRequired\":true,\"valueName\":\"search_term_string\"}}],\"inLanguage\":\"fr-FR\"}]}<\/script>\n<!-- \/ Yoast SEO plugin. -->","yoast_head_json":{"title":"Laboratoire D\u00e9tergents - Dermo | Usine de d\u00e9tergents","robots":{"index":"index","follow":"follow","max-snippet":"max-snippet:-1","max-image-preview":"max-image-preview:large","max-video-preview":"max-video-preview:-1"},"canonical":"https:\/\/dermo.com\/fr\/detergents-de-laboratoire\/","og_locale":"fr_FR","og_type":"article","og_title":"Laboratorio Detergentes - Dermo | F\u00e1brica de detergentes","og_description":"Para garantizar\u00a0limpieza\u00a0e\u00a0higiene, necesitamos tener a nuestro alcance ese alguien de confianza que nos ofrezca los productos necesarios para cubrir esa necesidad de primera urgencia. Aunque muchas veces no le damos la importancia que merecen, tanto la\u00a0limpieza\u00a0como la\u00a0higiene, han de verse cubiertas con plenas garant\u00edas e incluso, nosotros mismos, debemos ser suficientemente racionales, como para no&hellip;&nbsp;Lire la suite &raquo;Laboratorio Detergentes","og_url":"https:\/\/dermo.com\/fr\/detergents-de-laboratoire\/","og_site_name":"Dermo | F\u00e1brica de detergentes","article_modified_time":"2025-02-19T11:09:21+00:00","twitter_card":"summary_large_image","twitter_misc":{"Dur\u00e9e de lecture estim\u00e9e":"3 minutes"},"schema":{"@context":"https:\/\/schema.org","@graph":[{"@type":"WebPage","@id":"https:\/\/dermo.com\/laboratorio-detergentes\/","url":"https:\/\/dermo.com\/laboratorio-detergentes\/","name":"Laboratoire D\u00e9tergents - Dermo | Usine de d\u00e9tergents","isPartOf":{"@id":"https:\/\/dermo.com\/#website"},"datePublished":"2025-01-30T11:42:32+00:00","dateModified":"2025-02-19T11:09:21+00:00","breadcrumb":{"@id":"https:\/\/dermo.com\/laboratorio-detergentes\/#breadcrumb"},"inLanguage":"fr-FR","potentialAction":[{"@type":"ReadAction","target":["https:\/\/dermo.com\/laboratorio-detergentes\/"]}]},{"@type":"BreadcrumbList","@id":"https:\/\/dermo.com\/laboratorio-detergentes\/#breadcrumb","itemListElement":[{"@type":"ListItem","position":1,"name":"Portada","item":"https:\/\/dermo.com\/"},{"@type":"ListItem","position":2,"name":"Laboratorio Detergentes"}]},{"@type":"WebSite","@id":"https:\/\/dermo.com\/#website","url":"https:\/\/dermo.com\/","name":"Dermo | usine de d\u00e9tergents","description":"Technologie avanc\u00e9e, recherche et d\u00e9veloppement, respect de l&#039;environnement, comp\u00e9tence, formation constante et haut niveau de professionnalisme de notre \u00e9quipe humaine, engag\u00e9e \u00e0 pr\u00e9server la qualit\u00e9 de vie, la protection de l&#039;environnement naturel continuent de nous motiver \u00e0 d\u00e9velopper de nouveaux produits dans notre laboratoires aux principes actifs hautement biod\u00e9gradables qui rendent possible le d\u00e9veloppement durable.","potentialAction":[{"@type":"SearchAction","target":{"@type":"EntryPoint","urlTemplate":"https:\/\/dermo.com\/?s={search_term_string}"},"query-input":{"@type":"PropertyValueSpecification","valueRequired":true,"valueName":"search_term_string"}}],"inLanguage":"fr-FR"}]}},"_links":{"self":[{"href":"https:\/\/dermo.com\/fr\/wp-json\/wp\/v2\/pages\/12473","targetHints":{"allow":["GET"]}}],"collection":[{"href":"https:\/\/dermo.com\/fr\/wp-json\/wp\/v2\/pages"}],"about":[{"href":"https:\/\/dermo.com\/fr\/wp-json\/wp\/v2\/types\/page"}],"author":[{"embeddable":true,"href":"https:\/\/dermo.com\/fr\/wp-json\/wp\/v2\/users\/2"}],"replies":[{"embeddable":true,"href":"https:\/\/dermo.com\/fr\/wp-json\/wp\/v2\/comments?post=12473"}],"version-history":[{"count":7,"href":"https:\/\/dermo.com\/fr\/wp-json\/wp\/v2\/pages\/12473\/revisions"}],"predecessor-version":[{"id":13602,"href":"https:\/\/dermo.com\/fr\/wp-json\/wp\/v2\/pages\/12473\/revisions\/13602"}],"wp:attachment":[{"href":"https:\/\/dermo.com\/fr\/wp-json\/wp\/v2\/media?parent=12473"}],"curies":[{"name":"wp","href":"https:\/\/api.w.org\/{rel}","templated":true}]}}