{"id":12482,"date":"2025-01-30T12:44:03","date_gmt":"2025-01-30T11:44:03","guid":{"rendered":"https:\/\/dermo.com\/?page_id=12482"},"modified":"2025-02-19T11:54:48","modified_gmt":"2025-02-19T10:54:48","slug":"usine-de-detergents-et-dassouplissants","status":"publish","type":"page","link":"https:\/\/dermo.com\/fr\/usine-de-detergents-et-dassouplissants\/","title":{"rendered":"Usine de fabrication de d\u00e9tergents assouplissants"},"content":{"rendered":"<div data-elementor-type=\"wp-page\" data-elementor-id=\"12482\" class=\"elementor elementor-12482\" data-elementor-post-type=\"page\">\n\t\t\t\t\t\t<section class=\"elementor-section elementor-top-section elementor-element elementor-element-a02683f elementor-section-boxed elementor-section-height-default elementor-section-height-default\" data-id=\"a02683f\" data-element_type=\"section\" data-e-type=\"section\" data-settings=\"{&quot;background_background&quot;:&quot;classic&quot;}\">\n\t\t\t\t\t\t\t<div class=\"elementor-background-overlay\"><\/div>\n\t\t\t\t\t\t\t<div class=\"elementor-container elementor-column-gap-default\">\n\t\t\t\t\t<div class=\"elementor-column elementor-col-100 elementor-top-column elementor-element elementor-element-f99dbff\" data-id=\"f99dbff\" data-element_type=\"column\" data-e-type=\"column\">\n\t\t\t<div class=\"elementor-widget-wrap elementor-element-populated\">\n\t\t\t\t\t\t\t<\/div>\n\t\t<\/div>\n\t\t\t\t\t<\/div>\n\t\t<\/section>\n\t\t\t\t<section class=\"elementor-section elementor-top-section elementor-element elementor-element-233ad3a4 elementor-section-boxed elementor-section-height-default elementor-section-height-default\" data-id=\"233ad3a4\" data-element_type=\"section\" data-e-type=\"section\">\n\t\t\t\t\t\t<div class=\"elementor-container elementor-column-gap-default\">\n\t\t\t\t\t<div class=\"elementor-column elementor-col-100 elementor-top-column elementor-element elementor-element-3244e578\" data-id=\"3244e578\" data-element_type=\"column\" data-e-type=\"column\">\n\t\t\t<div class=\"elementor-widget-wrap elementor-element-populated\">\n\t\t\t\t\t\t<section class=\"elementor-section elementor-inner-section elementor-element elementor-element-1a7040c2 elementor-section-content-middle elementor-section-boxed elementor-section-height-default elementor-section-height-default\" data-id=\"1a7040c2\" data-element_type=\"section\" data-e-type=\"section\">\n\t\t\t\t\t\t<div class=\"elementor-container elementor-column-gap-default\">\n\t\t\t\t\t<div class=\"elementor-column elementor-col-50 elementor-inner-column elementor-element elementor-element-58338543\" data-id=\"58338543\" data-element_type=\"column\" data-e-type=\"column\">\n\t\t\t<div class=\"elementor-widget-wrap elementor-element-populated\">\n\t\t\t\t\t\t<div class=\"elementor-element elementor-element-464b2e11 elementor-widget elementor-widget-text-editor\" data-id=\"464b2e11\" data-element_type=\"widget\" data-e-type=\"widget\" data-widget_type=\"text-editor.default\">\n\t\t\t\t<div class=\"elementor-widget-container\">\n\t\t\t\t\t\t\t\t\t<p>Le\u00a0<strong>nettoyage<\/strong>\u00a0et le\u00a0<strong>hygi\u00e8ne<\/strong>\u00a0Ce sont deux des besoins vitaux les plus importants qui devraient pr\u00e9valoir dans chacune des diff\u00e9rentes r\u00e9alit\u00e9s que nous vivons dans ce monde, d\u00e9velopp\u00e9es ou non, et qui, malheureusement, ne sont pas satisfaits. Les rayures que le monde mat\u00e9rialiste et capitaliste a inflig\u00e9es aux plus hautes sph\u00e8res de ces r\u00e9alit\u00e9s ont fait que beaucoup d\u2019entre nous ne se rendent pas compte de l\u2019importance de nombreuses choses substantielles sans lesquelles d\u2019autres ne seraient pas possibles. Se r\u00e9f\u00e9rant \u00e0 nouveau \u00e0 la\u00a0<strong>nettoyage<\/strong>\u00a0et\u00a0<strong>hygi\u00e8ne<\/strong>, dans\u00a0<strong>Dermo SA<\/strong>, grands repr\u00e9sentants de leur d\u00e9fense en toute circonstance, estiment qu&#039;il est n\u00e9cessaire de frapper la table et de mettre en lumi\u00e8re la v\u00e9rit\u00e9 d&#039;une situation qui, surtout dans les pays les moins d\u00e9velopp\u00e9s, affecte doublement.<\/p><p><strong>Dermo SA<\/strong>, est une entreprise et\u00a0<strong>usine de d\u00e9tergents<\/strong>\u00a0avec une vaste exp\u00e9rience dans le secteur de\u00a0<strong>nettoyage<\/strong>\u00a0et le\u00a0<strong>hygi\u00e8ne<\/strong>, apr\u00e8s plus de 25 ans, nous nous assurons d&#039;offrir \u00e0 nos clients le meilleur\u00a0<strong>d\u00e9tergents, assouplissants,<\/strong>\u00a0et des accessoires et compl\u00e9ments indispensables pour garantir, pr\u00e9cis\u00e9ment, la couverture correcte de ces besoins.<\/p><p>Que ce soit au niveau priv\u00e9, \u00e0 domicile, ou dans le secteur public, dans les h\u00f4tels, les maisons de retraite, les restaurants ou les soci\u00e9t\u00e9s de services d\u00e9di\u00e9es au grand public, chacun d&#039;entre nous doit veiller au bon respect de celles-ci dans sa vie quotidienne, et donc,\u00a0<strong>Dermo SA<\/strong>\u00a0propose un large catalogue de plus de 200 produits, parmi lesquels se distinguent les suivants :\u00a0<strong>d\u00e9tergents, assouplissants<\/strong>, des nettoyants multi-usages et une multitude d&#039;effets pour assurer la\u00a0<strong>nettoyage<\/strong>\u00a0et le\u00a0<strong>hygi\u00e8ne<\/strong>. Je fais une mention sp\u00e9ciale \u00e0 l&#039;un d&#039;entre eux, comme\u00a0<strong>usine de d\u00e9tergent assouplissant<\/strong>Nous pensons que personne ne peut imaginer un monde dans lequel nous ne nous r\u00e9veillerions pas en trouvant nos v\u00eatements parfaitement propres et pli\u00e9s, pr\u00eats \u00e0 porter, comme s\u2019ils \u00e9taient neufs. Ou un h\u00f4pital d\u00e9pourvu de sa valeur la plus intrins\u00e8que, la\u00a0<strong>hygi\u00e8ne<\/strong>; tout comme nous ne mangerions pas dans un restaurant o\u00f9 le chef manipule les aliments avec des mains sales et les tables sont couvertes de grandes taches sur les nappes.<\/p>\t\t\t\t\t\t\t\t<\/div>\n\t\t\t\t<\/div>\n\t\t\t\t\t<\/div>\n\t\t<\/div>\n\t\t\t\t<div class=\"elementor-column elementor-col-50 elementor-inner-column elementor-element elementor-element-8a14a50 elementor-invisible\" data-id=\"8a14a50\" data-element_type=\"column\" data-e-type=\"column\" data-settings=\"{&quot;animation&quot;:&quot;bounceInRight&quot;}\">\n\t\t\t<div class=\"elementor-widget-wrap elementor-element-populated\">\n\t\t\t\t\t\t<div class=\"elementor-element elementor-element-6b7d0d8 elementor-widget elementor-widget-elementskit-contact-form7\" data-id=\"6b7d0d8\" data-element_type=\"widget\" data-e-type=\"widget\" data-widget_type=\"elementskit-contact-form7.default\">\n\t\t\t\t<div class=\"elementor-widget-container\">\n\t\t\t\t\t<div class=\"ekit-wid-con\" ><div class=\"ekit-form\">\n<div class=\"wpcf7 no-js\" id=\"wpcf7-f13292-p12482-o1\" lang=\"es-ES\" dir=\"ltr\" data-wpcf7-id=\"13292\">\n<div class=\"screen-reader-response\"><p role=\"status\" aria-live=\"polite\" aria-atomic=\"true\"><\/p> <ul><\/ul><\/div>\n<form action=\"\/fr\/usine-de-detergents-et-dassouplissants\/#wpcf7-f13292-p12482-o1\" method=\"post\" class=\"wpcf7-form init\" aria-label=\"Formulario de contacto\" novalidate=\"novalidate\" data-status=\"init\" data-no-translation-aria-label=\"\" data-trp-original-action=\"\/pt\/fabrica-de-detergentes-suavizantes\/#wpcf7-f13292-p12482-o1\">\n<fieldset class=\"hidden-fields-container\"><input type=\"hidden\" name=\"_wpcf7\" value=\"13292\" \/><input type=\"hidden\" name=\"_wpcf7_version\" value=\"6.1.5\" \/><input type=\"hidden\" name=\"_wpcf7_locale\" value=\"es_ES\" \/><input type=\"hidden\" name=\"_wpcf7_unit_tag\" value=\"wpcf7-f13292-p12482-o1\" \/><input type=\"hidden\" name=\"_wpcf7_container_post\" value=\"12482\" \/><input type=\"hidden\" name=\"_wpcf7_posted_data_hash\" value=\"\" \/><input type=\"hidden\" name=\"_wpcf7_recaptcha_response\" value=\"\" \/>\n<\/fieldset>\n<div style=\"display: flex; gap: 10px;\">\n\t<div style=\"width: 50%;\">\n\t\t<p><span class=\"wpcf7-form-control-wrap\" data-name=\"your-name\"><input size=\"40\" maxlength=\"400\" class=\"wpcf7-form-control wpcf7-text wpcf7-validates-as-required\" aria-required=\"true\" aria-invalid=\"false\" placeholder=\"Nom\" value=\"\" type=\"text\" name=\"your-name\" \/><\/span>\n\t\t<\/p>\n\t<\/div>\n\t<div style=\"width: 50%;\">\n\t\t<p><span class=\"wpcf7-form-control-wrap\" data-name=\"your-phone\"><input size=\"40\" maxlength=\"400\" class=\"wpcf7-form-control wpcf7-tel wpcf7-validates-as-required wpcf7-text wpcf7-validates-as-tel\" aria-required=\"true\" aria-invalid=\"false\" placeholder=\"T\u00e9l\u00e9phone\" value=\"\" type=\"tel\" name=\"your-phone\" \/><\/span>\n\t\t<\/p>\n\t<\/div>\n<\/div>\n<p><span class=\"wpcf7-form-control-wrap\" data-name=\"your-email\"><input size=\"40\" maxlength=\"400\" class=\"wpcf7-form-control wpcf7-email wpcf7-validates-as-required wpcf7-text wpcf7-validates-as-email\" aria-required=\"true\" aria-invalid=\"false\" placeholder=\"E-mail\" value=\"\" type=\"email\" name=\"your-email\" \/><\/span>\n<\/p>\n<div style=\"display: flex; gap: 10px;\">\n\t<div style=\"width: 50%;\">\n\t\t<p><span class=\"wpcf7-form-control-wrap\" data-name=\"your-country\"><input size=\"40\" maxlength=\"400\" class=\"wpcf7-form-control wpcf7-text wpcf7-validates-as-required\" aria-required=\"true\" aria-invalid=\"false\" placeholder=\"Pays\" value=\"\" type=\"text\" name=\"your-country\" \/><\/span>\n\t\t<\/p>\n\t<\/div>\n\t<div style=\"width: 50%;\">\n\t\t<p><span class=\"wpcf7-form-control-wrap\" data-name=\"your-city\"><input size=\"40\" maxlength=\"400\" class=\"wpcf7-form-control wpcf7-text wpcf7-validates-as-required\" aria-required=\"true\" aria-invalid=\"false\" placeholder=\"Population\" value=\"\" type=\"text\" name=\"your-city\" \/><\/span>\n\t\t<\/p>\n\t<\/div>\n<\/div>\n<p><span class=\"wpcf7-form-control-wrap\" data-name=\"your-subject\"><select class=\"wpcf7-form-control wpcf7-select\" aria-invalid=\"false\" name=\"your-subject\"><option value=\"Quiero ser distribuidor\">Je veux \u00eatre distributeur<\/option><option value=\"Presupuesto\">Budget<\/option><option value=\"Consulta\">Consultation<\/option><option value=\"Sugerencia\">Suggestion<\/option><option value=\"Otros\">Autres<\/option><\/select><\/span>\n<\/p>\n<p><span class=\"wpcf7-form-control-wrap\" data-name=\"your-message\"><textarea cols=\"40\" rows=\"10\" maxlength=\"2000\" class=\"wpcf7-form-control wpcf7-textarea\" aria-invalid=\"false\" placeholder=\"Message ou demande\" name=\"your-message\"><\/textarea><\/span>\n<\/p>\n<div style=\"display: flex; align-items: center; gap: 10px;\">\n\t<p><span class=\"wpcf7-form-control-wrap\" data-name=\"privacy-policy\"><span class=\"wpcf7-form-control wpcf7-acceptance\"><span class=\"wpcf7-list-item\"><input type=\"checkbox\" name=\"privacy-policy\" value=\"1\" aria-invalid=\"false\" \/><\/span><\/span><\/span><label for=\"privacy-policy\" style=\"margin-left: 5px;\">J&#039;ai lu et accept\u00e9 la politique de confidentialit\u00e9.<\/label>\n\t<\/p>\n<\/div>\n<div style=\"display: flex; align-items: center; gap: 10px;\">\n\t<p><span class=\"wpcf7-form-control-wrap\" data-name=\"send-info\"><span class=\"wpcf7-form-control wpcf7-acceptance\"><span class=\"wpcf7-list-item\"><input type=\"checkbox\" name=\"send-info\" value=\"1\" aria-invalid=\"false\" \/><\/span><\/span><\/span><label for=\"send-info\" style=\"margin-left: 5px;\">J&#039;accepte de recevoir des informations.<\/label>\n\t<\/p>\n<\/div>\n<p><input class=\"wpcf7-form-control wpcf7-submit has-spinner\" type=\"submit\" value=\"Envoyer\" \/>\n<\/p><div class=\"wpcf7-response-output\" aria-hidden=\"true\"><\/div>\n<input type=\"hidden\" name=\"trp-form-language\" value=\"fr\"\/><\/form>\n<\/div>\n<\/div><\/div>\t\t\t\t<\/div>\n\t\t\t\t<\/div>\n\t\t\t\t\t<\/div>\n\t\t<\/div>\n\t\t\t\t\t<\/div>\n\t\t<\/section>\n\t\t\t\t<div class=\"elementor-element elementor-element-615d68f elementor-widget elementor-widget-text-editor\" data-id=\"615d68f\" data-element_type=\"widget\" data-e-type=\"widget\" data-widget_type=\"text-editor.default\">\n\t\t\t\t<div class=\"elementor-widget-container\">\n\t\t\t\t\t\t\t\t\t<p>Toujours \u00e0 l&#039;\u00e9coute des demandes de nos clients, avec effort, d\u00e9vouement et engagement,\u00a0<strong>Dermo SA<\/strong>, gr\u00e2ce \u00e0 la confiance de ceux-ci et de nos fournisseurs et travailleurs, nous vous pr\u00e9sentons une\u00a0<strong>usine de d\u00e9tergent assouplissant<\/strong>, soucieux de ce besoin, d\u00e9sireux d&#039;apporter une solution \u00e0 ces besoins gr\u00e2ce \u00e0 l&#039;effort quotidien de chacun et chacune qui m\u00e9rite de b\u00e9n\u00e9ficier d&#039;une couverture de ces besoins. Avec\u00a0<strong>d\u00e9tergents assouplissants<\/strong>\u00a0caract\u00e9ris\u00e9 par l&#039;excellence pr\u00e9sente dans chacun de nos services, un travail constant a permis \u00e0 notre\u00a0<strong>usine de d\u00e9tergent assouplissant<\/strong>\u00a0se situe dans une position privil\u00e9gi\u00e9e sur le march\u00e9, offrant des produits efficaces, efficients et durables.<\/p><p>La principale raison d&#039;\u00eatre de notre entreprise est nos clients et leur enti\u00e8re satisfaction, c&#039;est pourquoi nous nous effor\u00e7ons de garantir cela en offrant les meilleurs produits et services, dans ce cas\u00a0<strong>d\u00e9tergents assouplissants<\/strong>, pour atteindre cet objectif avec le niveau d&#039;excellence qui nous caract\u00e9rise et nous distingue des autres. Si vous recherchez votre entreprise et\u00a0<strong>usine de d\u00e9tergent assouplissant\u00a0<\/strong>digne de confiance, n&#039;h\u00e9sitez pas \u00e0 contacter notre \u00e9quipe et \u00e0 nous faire part de toutes vos questions \u00e0 ce sujet. De par notre caract\u00e8re familial et proche, marqu\u00e9 par des valeurs telles que la responsabilit\u00e9, l&#039;engagement ou la volont\u00e9 totale de nous consacrer \u00e0 notre vocation, nous mettrons tout en \u0153uvre pour vous satisfaire et garantir votre\u00a0<strong>nettoyage<\/strong>\u00a0et<strong>\u00a0hygi\u00e8ne<\/strong>\u00a0que vous m\u00e9ritez avec notre\u00a0<strong>d\u00e9tergents assouplissants<\/strong>.<\/p>\t\t\t\t\t\t\t\t<\/div>\n\t\t\t\t<\/div>\n\t\t\t\t\t<\/div>\n\t\t<\/div>\n\t\t\t\t\t<\/div>\n\t\t<\/section>\n\t\t\t\t<section class=\"elementor-section elementor-top-section elementor-element elementor-element-484f41e elementor-section-full_width elementor-section-height-default elementor-section-height-default elementor-invisible\" data-id=\"484f41e\" data-element_type=\"section\" data-e-type=\"section\" data-settings=\"{&quot;animation&quot;:&quot;slideInUp&quot;}\">\n\t\t\t\t\t\t<div class=\"elementor-container elementor-column-gap-default\">\n\t\t\t\t\t<div class=\"elementor-column elementor-col-100 elementor-top-column elementor-element elementor-element-19948363\" data-id=\"19948363\" data-element_type=\"column\" data-e-type=\"column\">\n\t\t\t<div class=\"elementor-widget-wrap elementor-element-populated\">\n\t\t\t\t\t\t<div class=\"elementor-element elementor-element-339044a4 elementor-widget elementor-widget-google_maps\" data-id=\"339044a4\" data-element_type=\"widget\" data-e-type=\"widget\" data-widget_type=\"google_maps.default\">\n\t\t\t\t<div class=\"elementor-widget-container\">\n\t\t\t\t\t\t\t<div class=\"elementor-custom-embed\">\n\t\t\t<iframe loading=\"lazy\"\n\t\t\t\t\tsrc=\"https:\/\/maps.google.com\/maps?q=C%2F%20Pintor%20Joan%20Miro%2C%2016.%20Pol.%20Ind.%20Can%20Humet%20de%20Dalt%2C%2008213%20Poliny%C3%A0.%20Barcelona&#038;t=m&#038;z=15&#038;output=embed&#038;iwloc=near\"\n\t\t\t\t\ttitle=\"C\/ Pintor Joan Miro, 16. Pol. Ind. Can Humet de Dalt, 08213 Poliny\u00e0. Barcelone\"\n\t\t\t\t\taria-label=\"C\/ Pintor Joan Miro, 16. Pol. Ind. Can Humet de Dalt, 08213 Poliny\u00e0. Barcelone\"\n\t\t\t><\/iframe>\n\t\t<\/div>\n\t\t\t\t\t\t<\/div>\n\t\t\t\t<\/div>\n\t\t\t\t\t<\/div>\n\t\t<\/div>\n\t\t\t\t\t<\/div>\n\t\t<\/section>\n\t\t\t\t<\/div>","protected":false},"excerpt":{"rendered":"<p>La propret\u00e9 et l&#039;hygi\u00e8ne sont deux besoins vitaux essentiels qui devraient pr\u00e9valoir dans chacune des diff\u00e9rentes r\u00e9alit\u00e9s de ce monde, qu&#039;elles soient d\u00e9velopp\u00e9es ou non. Pourtant, malheureusement, ils ne sont pas satisfaits. Le prestige que le monde mat\u00e9rialiste et capitaliste a conf\u00e9r\u00e9 aux plus hautes sph\u00e8res de ces r\u00e9alit\u00e9s\u2026&nbsp;<a href=\"https:\/\/dermo.com\/fr\/usine-de-detergents-et-dassouplissants\/\" rel=\"bookmark\">En savoir plus &quot;<span class=\"screen-reader-text\">Usine de fabrication de d\u00e9tergents assouplissants<\/span><\/a><\/p>","protected":false},"author":2,"featured_media":0,"parent":0,"menu_order":0,"comment_status":"closed","ping_status":"closed","template":"page-templates\/template-pagebuilder-full-width.php","meta":{"neve_meta_sidebar":"","neve_meta_container":"","neve_meta_enable_content_width":"","neve_meta_content_width":0,"neve_meta_title_alignment":"","neve_meta_author_avatar":"","neve_post_elements_order":"","neve_meta_disable_header":"","neve_meta_disable_footer":"","neve_meta_disable_title":"","footnotes":""},"class_list":["post-12482","page","type-page","status-publish","hentry"],"yoast_head":"<!-- This site is optimized with the Yoast SEO plugin v27.0 - https:\/\/yoast.com\/product\/yoast-seo-wordpress\/ -->\n<title>F\u00e1brica de detergentes suavizantes - Dermo | F\u00e1brica de detergentes<\/title>\n<meta name=\"robots\" content=\"index, follow, max-snippet:-1, max-image-preview:large, max-video-preview:-1\" \/>\n<link rel=\"canonical\" href=\"https:\/\/dermo.com\/fr\/usine-de-detergents-et-dassouplissants\/\" \/>\n<meta property=\"og:locale\" content=\"fr_FR\" \/>\n<meta property=\"og:type\" content=\"article\" \/>\n<meta property=\"og:title\" content=\"F\u00e1brica de detergentes suavizantes - Dermo | F\u00e1brica de detergentes\" \/>\n<meta property=\"og:description\" content=\"La\u00a0limpieza\u00a0y la\u00a0higiene\u00a0son dos de las necesidades vitales m\u00e1s importantes que deber\u00edan primar en todos y cada una de las diferentes realidades que se viven en este mundo, desarrollado o no, y que, por desgracia, no se cumplen. Los galones que el mundo materialista y capitalista han regalado a las esferas m\u00e1s altas de estas realidades&hellip;&nbsp;Lire la suite &raquo;F\u00e1brica de detergentes suavizantes\" \/>\n<meta property=\"og:url\" content=\"https:\/\/dermo.com\/fr\/usine-de-detergents-et-dassouplissants\/\" \/>\n<meta property=\"og:site_name\" content=\"Dermo | F\u00e1brica de detergentes\" \/>\n<meta property=\"article:modified_time\" content=\"2025-02-19T10:54:48+00:00\" \/>\n<meta name=\"twitter:card\" content=\"summary_large_image\" \/>\n<meta name=\"twitter:label1\" content=\"Dur\u00e9e de lecture estim\u00e9e\" \/>\n\t<meta name=\"twitter:data1\" content=\"3 minutes\" \/>\n<script type=\"application\/ld+json\" class=\"yoast-schema-graph\">{\"@context\":\"https:\/\/schema.org\",\"@graph\":[{\"@type\":\"WebPage\",\"@id\":\"https:\/\/dermo.com\/fabrica-de-detergentes-suavizantes\/\",\"url\":\"https:\/\/dermo.com\/fabrica-de-detergentes-suavizantes\/\",\"name\":\"F\u00e1brica de detergentes suavizantes - Dermo | F\u00e1brica de detergentes\",\"isPartOf\":{\"@id\":\"https:\/\/dermo.com\/#website\"},\"datePublished\":\"2025-01-30T11:44:03+00:00\",\"dateModified\":\"2025-02-19T10:54:48+00:00\",\"breadcrumb\":{\"@id\":\"https:\/\/dermo.com\/fabrica-de-detergentes-suavizantes\/#breadcrumb\"},\"inLanguage\":\"fr-FR\",\"potentialAction\":[{\"@type\":\"ReadAction\",\"target\":[\"https:\/\/dermo.com\/fabrica-de-detergentes-suavizantes\/\"]}]},{\"@type\":\"BreadcrumbList\",\"@id\":\"https:\/\/dermo.com\/fabrica-de-detergentes-suavizantes\/#breadcrumb\",\"itemListElement\":[{\"@type\":\"ListItem\",\"position\":1,\"name\":\"Portada\",\"item\":\"https:\/\/dermo.com\/\"},{\"@type\":\"ListItem\",\"position\":2,\"name\":\"F\u00e1brica de detergentes suavizantes\"}]},{\"@type\":\"WebSite\",\"@id\":\"https:\/\/dermo.com\/#website\",\"url\":\"https:\/\/dermo.com\/\",\"name\":\"Dermo | F\u00e1brica de detergentes\",\"description\":\"Tecnolog\u00eda avanzada, investigaci\u00f3n y desarrollo, respeto por el medio ambiente, competencia, formaci\u00f3n constante y alto nivel de profesionalidad en nuestro equipo humano, empe\u00f1ado en preservar la calidad de vida, la protecci\u00f3n del entorno natural contin\u00faan motiv\u00e1ndonos para desarrollar en nuestros laboratorios nuevos productos con ingredientes activos altamente biodegradables que hacen posible un desarrollo sostenible.\",\"potentialAction\":[{\"@type\":\"SearchAction\",\"target\":{\"@type\":\"EntryPoint\",\"urlTemplate\":\"https:\/\/dermo.com\/?s={search_term_string}\"},\"query-input\":{\"@type\":\"PropertyValueSpecification\",\"valueRequired\":true,\"valueName\":\"search_term_string\"}}],\"inLanguage\":\"fr-FR\"}]}<\/script>\n<!-- \/ Yoast SEO plugin. -->","yoast_head_json":{"title":"Usine de d\u00e9tergent assouplissant - Dermo | Usine de d\u00e9tergents","robots":{"index":"index","follow":"follow","max-snippet":"max-snippet:-1","max-image-preview":"max-image-preview:large","max-video-preview":"max-video-preview:-1"},"canonical":"https:\/\/dermo.com\/fr\/usine-de-detergents-et-dassouplissants\/","og_locale":"fr_FR","og_type":"article","og_title":"F\u00e1brica de detergentes suavizantes - Dermo | F\u00e1brica de detergentes","og_description":"La\u00a0limpieza\u00a0y la\u00a0higiene\u00a0son dos de las necesidades vitales m\u00e1s importantes que deber\u00edan primar en todos y cada una de las diferentes realidades que se viven en este mundo, desarrollado o no, y que, por desgracia, no se cumplen. Los galones que el mundo materialista y capitalista han regalado a las esferas m\u00e1s altas de estas realidades&hellip;&nbsp;Lire la suite &raquo;F\u00e1brica de detergentes suavizantes","og_url":"https:\/\/dermo.com\/fr\/usine-de-detergents-et-dassouplissants\/","og_site_name":"Dermo | F\u00e1brica de detergentes","article_modified_time":"2025-02-19T10:54:48+00:00","twitter_card":"summary_large_image","twitter_misc":{"Dur\u00e9e de lecture estim\u00e9e":"3 minutes"},"schema":{"@context":"https:\/\/schema.org","@graph":[{"@type":"WebPage","@id":"https:\/\/dermo.com\/fabrica-de-detergentes-suavizantes\/","url":"https:\/\/dermo.com\/fabrica-de-detergentes-suavizantes\/","name":"Usine de d\u00e9tergent assouplissant - Dermo | Usine de d\u00e9tergents","isPartOf":{"@id":"https:\/\/dermo.com\/#website"},"datePublished":"2025-01-30T11:44:03+00:00","dateModified":"2025-02-19T10:54:48+00:00","breadcrumb":{"@id":"https:\/\/dermo.com\/fabrica-de-detergentes-suavizantes\/#breadcrumb"},"inLanguage":"fr-FR","potentialAction":[{"@type":"ReadAction","target":["https:\/\/dermo.com\/fabrica-de-detergentes-suavizantes\/"]}]},{"@type":"BreadcrumbList","@id":"https:\/\/dermo.com\/fabrica-de-detergentes-suavizantes\/#breadcrumb","itemListElement":[{"@type":"ListItem","position":1,"name":"Portada","item":"https:\/\/dermo.com\/"},{"@type":"ListItem","position":2,"name":"F\u00e1brica de detergentes suavizantes"}]},{"@type":"WebSite","@id":"https:\/\/dermo.com\/#website","url":"https:\/\/dermo.com\/","name":"Dermo | usine de d\u00e9tergents","description":"Technologie avanc\u00e9e, recherche et d\u00e9veloppement, respect de l&#039;environnement, comp\u00e9tence, formation constante et haut niveau de professionnalisme de notre \u00e9quipe humaine, engag\u00e9e \u00e0 pr\u00e9server la qualit\u00e9 de vie, la protection de l&#039;environnement naturel continuent de nous motiver \u00e0 d\u00e9velopper de nouveaux produits dans notre laboratoires aux principes actifs hautement biod\u00e9gradables qui rendent possible le d\u00e9veloppement durable.","potentialAction":[{"@type":"SearchAction","target":{"@type":"EntryPoint","urlTemplate":"https:\/\/dermo.com\/?s={search_term_string}"},"query-input":{"@type":"PropertyValueSpecification","valueRequired":true,"valueName":"search_term_string"}}],"inLanguage":"fr-FR"}]}},"_links":{"self":[{"href":"https:\/\/dermo.com\/fr\/wp-json\/wp\/v2\/pages\/12482","targetHints":{"allow":["GET"]}}],"collection":[{"href":"https:\/\/dermo.com\/fr\/wp-json\/wp\/v2\/pages"}],"about":[{"href":"https:\/\/dermo.com\/fr\/wp-json\/wp\/v2\/types\/page"}],"author":[{"embeddable":true,"href":"https:\/\/dermo.com\/fr\/wp-json\/wp\/v2\/users\/2"}],"replies":[{"embeddable":true,"href":"https:\/\/dermo.com\/fr\/wp-json\/wp\/v2\/comments?post=12482"}],"version-history":[{"count":7,"href":"https:\/\/dermo.com\/fr\/wp-json\/wp\/v2\/pages\/12482\/revisions"}],"predecessor-version":[{"id":13538,"href":"https:\/\/dermo.com\/fr\/wp-json\/wp\/v2\/pages\/12482\/revisions\/13538"}],"wp:attachment":[{"href":"https:\/\/dermo.com\/fr\/wp-json\/wp\/v2\/media?parent=12482"}],"curies":[{"name":"wp","href":"https:\/\/api.w.org\/{rel}","templated":true}]}}