{"id":12490,"date":"2025-01-30T12:44:46","date_gmt":"2025-01-30T11:44:46","guid":{"rendered":"https:\/\/dermo.com\/?page_id=12490"},"modified":"2025-02-19T11:45:53","modified_gmt":"2025-02-19T10:45:53","slug":"entreprise-de-desodorisants","status":"publish","type":"page","link":"https:\/\/dermo.com\/fr\/entreprise-de-desodorisants\/","title":{"rendered":"Entreprise de d\u00e9sodorisants"},"content":{"rendered":"<div data-elementor-type=\"wp-page\" data-elementor-id=\"12490\" class=\"elementor elementor-12490\" data-elementor-post-type=\"page\">\n\t\t\t\t\t\t<section class=\"elementor-section elementor-top-section elementor-element elementor-element-a02683f elementor-section-boxed elementor-section-height-default elementor-section-height-default\" data-id=\"a02683f\" data-element_type=\"section\" data-e-type=\"section\" data-settings=\"{&quot;background_background&quot;:&quot;classic&quot;}\">\n\t\t\t\t\t\t\t<div class=\"elementor-background-overlay\"><\/div>\n\t\t\t\t\t\t\t<div class=\"elementor-container elementor-column-gap-default\">\n\t\t\t\t\t<div class=\"elementor-column elementor-col-100 elementor-top-column elementor-element elementor-element-f99dbff\" data-id=\"f99dbff\" data-element_type=\"column\" data-e-type=\"column\">\n\t\t\t<div class=\"elementor-widget-wrap elementor-element-populated\">\n\t\t\t\t\t\t\t<\/div>\n\t\t<\/div>\n\t\t\t\t\t<\/div>\n\t\t<\/section>\n\t\t\t\t<section class=\"elementor-section elementor-top-section elementor-element elementor-element-233ad3a4 elementor-section-boxed elementor-section-height-default elementor-section-height-default\" data-id=\"233ad3a4\" data-element_type=\"section\" data-e-type=\"section\">\n\t\t\t\t\t\t<div class=\"elementor-container elementor-column-gap-default\">\n\t\t\t\t\t<div class=\"elementor-column elementor-col-100 elementor-top-column elementor-element elementor-element-3244e578\" data-id=\"3244e578\" data-element_type=\"column\" data-e-type=\"column\">\n\t\t\t<div class=\"elementor-widget-wrap elementor-element-populated\">\n\t\t\t\t\t\t<section class=\"elementor-section elementor-inner-section elementor-element elementor-element-1a7040c2 elementor-section-content-middle elementor-section-boxed elementor-section-height-default elementor-section-height-default\" data-id=\"1a7040c2\" data-element_type=\"section\" data-e-type=\"section\">\n\t\t\t\t\t\t<div class=\"elementor-container elementor-column-gap-default\">\n\t\t\t\t\t<div class=\"elementor-column elementor-col-50 elementor-inner-column elementor-element elementor-element-58338543\" data-id=\"58338543\" data-element_type=\"column\" data-e-type=\"column\">\n\t\t\t<div class=\"elementor-widget-wrap elementor-element-populated\">\n\t\t\t\t\t\t<div class=\"elementor-element elementor-element-464b2e11 elementor-widget elementor-widget-text-editor\" data-id=\"464b2e11\" data-element_type=\"widget\" data-e-type=\"widget\" data-widget_type=\"text-editor.default\">\n\t\t\t\t<div class=\"elementor-widget-container\">\n\t\t\t\t\t\t\t\t\t<div id=\"lipsum\"><h2>Dermo : Entreprise de d\u00e9sodorisants<\/h2><p><strong>Dermo<\/strong>, est un\u00a0<strong>entreprise<\/strong>\u00a0qui se consacre \u00e0 la vente et \u00e0 la distribution de tous types de\u00a0<strong>assainisseurs d&#039;air<\/strong>\u00a0commerce de gros, comme les h\u00f4tels, les blanchisseries, les bars et les restaurants,\u00a0<strong>entreprises<\/strong>\u00a0nettoyage, industries, r\u00e9sidences, ateliers automobiles et bien plus encore.<\/p><p>Notre\u00a0<strong>entreprise<\/strong>, est un sp\u00e9cialiste de la vente en gros de\u00a0<strong>assainisseurs d&#039;air<\/strong>, on peut aussi le consid\u00e9rer comme un\u00a0<strong>entreprise<\/strong>\u00a0entreprise familiale qui fabrique ses produits en s&#039;adaptant aux nouvelles avanc\u00e9es technologiques tout en maintenant une qualit\u00e9 \u00e9lev\u00e9e dans chacun de ses processus.<\/p><p>L&#039;un des grands secrets par lesquels le\u00a0<strong>entreprise<\/strong>\u00a0<strong>Dermo<\/strong>\u00a0a ce succ\u00e8s, c&#039;est sa grande capacit\u00e9 logistique et le processus de stockage, avec lequel ils peuvent stocker d&#039;immenses quantit\u00e9s de produits, en les gardant en parfait \u00e9tat et en ayant \u00e9galement toujours un stock disponible pour le moment o\u00f9 un\u00a0<strong>entreprise<\/strong>\u00a0J&#039;ai pass\u00e9 une commande chez vous\u00a0<strong>assainisseurs d&#039;air<\/strong>, peut les aider et les servir rapidement.<\/p><\/div>\t\t\t\t\t\t\t\t<\/div>\n\t\t\t\t<\/div>\n\t\t\t\t\t<\/div>\n\t\t<\/div>\n\t\t\t\t<div class=\"elementor-column elementor-col-50 elementor-inner-column elementor-element elementor-element-f2be79b elementor-invisible\" data-id=\"f2be79b\" data-element_type=\"column\" data-e-type=\"column\" data-settings=\"{&quot;animation&quot;:&quot;bounceInRight&quot;}\">\n\t\t\t<div class=\"elementor-widget-wrap elementor-element-populated\">\n\t\t\t\t\t\t<div class=\"elementor-element elementor-element-838bb49 elementor-widget elementor-widget-elementskit-contact-form7\" data-id=\"838bb49\" data-element_type=\"widget\" data-e-type=\"widget\" data-widget_type=\"elementskit-contact-form7.default\">\n\t\t\t\t<div class=\"elementor-widget-container\">\n\t\t\t\t\t<div class=\"ekit-wid-con\" ><div class=\"ekit-form\">\n<div class=\"wpcf7 no-js\" id=\"wpcf7-f13292-o1\" lang=\"es-ES\" dir=\"ltr\" data-wpcf7-id=\"13292\">\n<div class=\"screen-reader-response\"><p role=\"status\" aria-live=\"polite\" aria-atomic=\"true\"><\/p> <ul><\/ul><\/div>\n<form action=\"\/fr\/wp-json\/wp\/v2\/pages\/12490#wpcf7-f13292-o1\" method=\"post\" class=\"wpcf7-form init\" aria-label=\"Formulaire de contact\" novalidate=\"novalidate\" data-status=\"init\" data-trp-original-action=\"\/fr\/wp-json\/wp\/v2\/pages\/12490#wpcf7-f13292-o1\">\n<fieldset class=\"hidden-fields-container\"><input type=\"hidden\" name=\"_wpcf7\" value=\"13292\" \/><input type=\"hidden\" name=\"_wpcf7_version\" value=\"6.1.5\" \/><input type=\"hidden\" name=\"_wpcf7_locale\" value=\"es_ES\" \/><input type=\"hidden\" name=\"_wpcf7_unit_tag\" value=\"wpcf7-f13292-o1\" \/><input type=\"hidden\" name=\"_wpcf7_container_post\" value=\"0\" \/><input type=\"hidden\" name=\"_wpcf7_posted_data_hash\" value=\"\" \/><input type=\"hidden\" name=\"_wpcf7_recaptcha_response\" value=\"\" \/>\n<\/fieldset>\n<div style=\"display: flex; gap: 10px;\">\n\t<div style=\"width: 50%;\">\n\t\t<p><span class=\"wpcf7-form-control-wrap\" data-name=\"your-name\"><input size=\"40\" maxlength=\"400\" class=\"wpcf7-form-control wpcf7-text wpcf7-validates-as-required\" aria-required=\"true\" aria-invalid=\"false\" placeholder=\"Nom\" value=\"\" type=\"text\" name=\"your-name\" \/><\/span>\n\t\t<\/p>\n\t<\/div>\n\t<div style=\"width: 50%;\">\n\t\t<p><span class=\"wpcf7-form-control-wrap\" data-name=\"your-phone\"><input size=\"40\" maxlength=\"400\" class=\"wpcf7-form-control wpcf7-tel wpcf7-validates-as-required wpcf7-text wpcf7-validates-as-tel\" aria-required=\"true\" aria-invalid=\"false\" placeholder=\"T\u00e9l\u00e9phone\" value=\"\" type=\"tel\" name=\"your-phone\" \/><\/span>\n\t\t<\/p>\n\t<\/div>\n<\/div>\n<p><span class=\"wpcf7-form-control-wrap\" data-name=\"your-email\"><input size=\"40\" maxlength=\"400\" class=\"wpcf7-form-control wpcf7-email wpcf7-validates-as-required wpcf7-text wpcf7-validates-as-email\" aria-required=\"true\" aria-invalid=\"false\" placeholder=\"E-mail\" value=\"\" type=\"email\" name=\"your-email\" \/><\/span>\n<\/p>\n<div style=\"display: flex; gap: 10px;\">\n\t<div style=\"width: 50%;\">\n\t\t<p><span class=\"wpcf7-form-control-wrap\" data-name=\"your-country\"><input size=\"40\" maxlength=\"400\" class=\"wpcf7-form-control wpcf7-text wpcf7-validates-as-required\" aria-required=\"true\" aria-invalid=\"false\" placeholder=\"Pays\" value=\"\" type=\"text\" name=\"your-country\" \/><\/span>\n\t\t<\/p>\n\t<\/div>\n\t<div style=\"width: 50%;\">\n\t\t<p><span class=\"wpcf7-form-control-wrap\" data-name=\"your-city\"><input size=\"40\" maxlength=\"400\" class=\"wpcf7-form-control wpcf7-text wpcf7-validates-as-required\" aria-required=\"true\" aria-invalid=\"false\" placeholder=\"Population\" value=\"\" type=\"text\" name=\"your-city\" \/><\/span>\n\t\t<\/p>\n\t<\/div>\n<\/div>\n<p><span class=\"wpcf7-form-control-wrap\" data-name=\"your-subject\"><select class=\"wpcf7-form-control wpcf7-select\" aria-invalid=\"false\" name=\"your-subject\"><option value=\"Quiero ser distribuidor\">Je veux \u00eatre distributeur<\/option><option value=\"Presupuesto\">Budget<\/option><option value=\"Consulta\">Consultation<\/option><option value=\"Sugerencia\">Suggestion<\/option><option value=\"Otros\">Autres<\/option><\/select><\/span>\n<\/p>\n<p><span class=\"wpcf7-form-control-wrap\" data-name=\"your-message\"><textarea cols=\"40\" rows=\"10\" maxlength=\"2000\" class=\"wpcf7-form-control wpcf7-textarea\" aria-invalid=\"false\" placeholder=\"Message ou demande\" name=\"your-message\"><\/textarea><\/span>\n<\/p>\n<div style=\"display: flex; align-items: center; gap: 10px;\">\n\t<p><span class=\"wpcf7-form-control-wrap\" data-name=\"privacy-policy\"><span class=\"wpcf7-form-control wpcf7-acceptance\"><span class=\"wpcf7-list-item\"><input type=\"checkbox\" name=\"privacy-policy\" value=\"1\" aria-invalid=\"false\" \/><\/span><\/span><\/span><label for=\"privacy-policy\" style=\"margin-left: 5px;\">J&#039;ai lu et accept\u00e9 la politique de confidentialit\u00e9.<\/label>\n\t<\/p>\n<\/div>\n<div style=\"display: flex; align-items: center; gap: 10px;\">\n\t<p><span class=\"wpcf7-form-control-wrap\" data-name=\"send-info\"><span class=\"wpcf7-form-control wpcf7-acceptance\"><span class=\"wpcf7-list-item\"><input type=\"checkbox\" name=\"send-info\" value=\"1\" aria-invalid=\"false\" \/><\/span><\/span><\/span><label for=\"send-info\" style=\"margin-left: 5px;\">J&#039;accepte de recevoir des informations.<\/label>\n\t<\/p>\n<\/div>\n<p><input class=\"wpcf7-form-control wpcf7-submit has-spinner\" type=\"submit\" value=\"Envoyer\" \/>\n<\/p><div class=\"wpcf7-response-output\" aria-hidden=\"true\"><\/div>\n<input type=\"hidden\" name=\"trp-form-language\" value=\"fr\"\/><\/form>\n<\/div>\n<\/div><\/div>\t\t\t\t<\/div>\n\t\t\t\t<\/div>\n\t\t\t\t\t<\/div>\n\t\t<\/div>\n\t\t\t\t\t<\/div>\n\t\t<\/section>\n\t\t\t\t<div class=\"elementor-element elementor-element-615d68f elementor-widget elementor-widget-text-editor\" data-id=\"615d68f\" data-element_type=\"widget\" data-e-type=\"widget\" data-widget_type=\"text-editor.default\">\n\t\t\t\t<div class=\"elementor-widget-container\">\n\t\t\t\t\t\t\t\t\t<div id=\"lipsum\"><p>Dans le\u00a0<strong>Entreprise de d\u00e9sodorisants Dermo<\/strong>, nous vous proposons \u00e9galement d&#039;autres services, toujours dans le but de fabriquer et de concevoir des produits de la meilleure qualit\u00e9, facilitant la gestion et vous aidant dans l&#039;achat de nos produits, tels que :\u00a0<strong>assainisseurs d&#039;air<\/strong>.<\/p><p>Le\u00a0<strong>assainisseurs d&#039;air<\/strong>, sont sans aucun doute l&#039;un des meilleurs produits de notre\u00a0<strong>entreprise<\/strong>, et bien que beaucoup de gens croient qu&#039;ils servent uniquement \u00e0 \u00e9liminer et \u00e0 couvrir les mauvaises odeurs, ce n&#039;est pas vrai puisque les\u00a0<strong>assainisseurs d&#039;air<\/strong>\u00a0Ils peuvent nous donner bien plus que ce que nous pensons.<\/p><p>Dans le\u00a0<strong>Entreprise de d\u00e9sodorisants, Dermo<\/strong>\u00a0<strong>Barcelone<\/strong>Nous avons une grande vari\u00e9t\u00e9 de\u00a0<strong>assainisseurs d&#039;air<\/strong>\u00a0diff\u00e9rents, \u00e0 condition qu&#039;ils s&#039;adaptent \u00e0 vos go\u00fbts, tels que :\u00a0<strong>assainisseurs d&#039;air<\/strong>\u00a0doux,\u00a0<strong>assainisseurs d&#039;air<\/strong>\u00a0bonbons,\u00a0<strong>assainisseurs d&#039;air<\/strong>\u00a0persistant\u2026<\/p><p>Les toilettes et les voitures sont les endroits o\u00f9 ils sont les plus r\u00e9pandus.\u00a0<strong>assainisseurs d&#039;air<\/strong>, car il est tr\u00e8s courant de les placer, mais dans le\u00a0<strong>Entreprise Dermo<\/strong>, nous avons r\u00e9alis\u00e9 que ces derni\u00e8res ann\u00e9es, l&#039;importance de placer\u00a0<strong>assainisseurs d&#039;air<\/strong>\u00a0dans les diff\u00e9rentes pi\u00e8ces d&#039;une maison, dans un h\u00f4tel ou dans un magasin a consid\u00e9rablement augment\u00e9.<\/p><p>\u00a0<\/p><p>C&#039;est parce que si nous utilisons un assainisseur d&#039;air de qualit\u00e9 qui a un bon ar\u00f4me, il cr\u00e9era un endroit confortable et donc le\u00a0<strong>entreprise<\/strong>\u00a0v\u00e9hiculera une meilleure image de l\u2019entreprise.<\/p><p>Le\u00a0<strong>d\u00e9sodorisants de la soci\u00e9t\u00e9 Dermo<\/strong>, ont un grand pouvoir, car ils relient l&#039;odorat aux \u00e9motions et cr\u00e9ent ainsi des r\u00e9ponses rapides et transmettent \u00e9nergie et bien-\u00eatre. Gr\u00e2ce \u00e0 ce grand pouvoir, nous pouvons inciter une personne \u00e0 r\u00e9aliser une action aussi simple qu\u2019acheter des v\u00eatements, simplement avec un bon d\u00e9sodorisant. Nous pouvons donc dire qu\u2019un bon assainisseur d\u2019air est le meilleur alli\u00e9 pour une\u00a0<strong>entreprise<\/strong>\u00a0qui veut augmenter ses ventes et qui veut donner une meilleure image<\/p><p>N&#039;y pense plus et si tu en veux un\u00a0<strong>entreprise<\/strong>\u00a0qui vous offre quelques\u00a0<strong>assainisseurs d&#039;air<\/strong>\u00a0qualit\u00e9 qui vous garantissent une rentabilit\u00e9 \u00e9lev\u00e9e et qui ont un grand prestige sur le march\u00e9, n&#039;h\u00e9sitez pas et contactez le\u00a0<strong>Entreprise Dermo<\/strong>.<\/p><\/div>\t\t\t\t\t\t\t\t<\/div>\n\t\t\t\t<\/div>\n\t\t\t\t\t<\/div>\n\t\t<\/div>\n\t\t\t\t\t<\/div>\n\t\t<\/section>\n\t\t\t\t<section class=\"elementor-section elementor-top-section elementor-element elementor-element-484f41e elementor-section-full_width elementor-section-height-default elementor-section-height-default elementor-invisible\" data-id=\"484f41e\" data-element_type=\"section\" data-e-type=\"section\" data-settings=\"{&quot;animation&quot;:&quot;slideInUp&quot;}\">\n\t\t\t\t\t\t<div class=\"elementor-container elementor-column-gap-default\">\n\t\t\t\t\t<div class=\"elementor-column elementor-col-100 elementor-top-column elementor-element elementor-element-19948363\" data-id=\"19948363\" data-element_type=\"column\" data-e-type=\"column\">\n\t\t\t<div class=\"elementor-widget-wrap elementor-element-populated\">\n\t\t\t\t\t\t<div class=\"elementor-element elementor-element-339044a4 elementor-widget elementor-widget-google_maps\" data-id=\"339044a4\" data-element_type=\"widget\" data-e-type=\"widget\" data-widget_type=\"google_maps.default\">\n\t\t\t\t<div class=\"elementor-widget-container\">\n\t\t\t\t\t\t\t<div class=\"elementor-custom-embed\">\n\t\t\t<iframe loading=\"lazy\"\n\t\t\t\t\tsrc=\"https:\/\/maps.google.com\/maps?q=C%2F%20Pintor%20Joan%20Miro%2C%2016.%20Pol.%20Ind.%20Can%20Humet%20de%20Dalt%2C%2008213%20Poliny%C3%A0.%20Barcelona&#038;t=m&#038;z=15&#038;output=embed&#038;iwloc=near\"\n\t\t\t\t\ttitle=\"C\/ Pintor Joan Miro, 16. Pol. Ind. Can Humet de Dalt, 08213 Poliny\u00e0. Barcelone\"\n\t\t\t\t\taria-label=\"C\/ Pintor Joan Miro, 16. Pol. Ind. Can Humet de Dalt, 08213 Poliny\u00e0. Barcelone\"\n\t\t\t><\/iframe>\n\t\t<\/div>\n\t\t\t\t\t\t<\/div>\n\t\t\t\t<\/div>\n\t\t\t\t\t<\/div>\n\t\t<\/div>\n\t\t\t\t\t<\/div>\n\t\t<\/section>\n\t\t\t\t<\/div>","protected":false},"excerpt":{"rendered":"<p>Dermo : Entreprise de d\u00e9sodorisants. Dermo est une entreprise sp\u00e9cialis\u00e9e dans la vente en gros et la distribution de tous types de d\u00e9sodorisants, notamment aupr\u00e8s des h\u00f4tels, laveries, bars et restaurants, entreprises de nettoyage, industries, particuliers, garages automobiles, et bien plus encore. Notre entreprise est sp\u00e9cialis\u00e9e dans la vente en gros de d\u00e9sodorisants. Nous sommes \u00e9galement une entreprise familiale qui produit\u2026&nbsp;<a href=\"https:\/\/dermo.com\/fr\/entreprise-de-desodorisants\/\" rel=\"bookmark\">En savoir plus &quot;<span class=\"screen-reader-text\">Entreprise de d\u00e9sodorisants<\/span><\/a><\/p>","protected":false},"author":2,"featured_media":0,"parent":0,"menu_order":0,"comment_status":"closed","ping_status":"closed","template":"page-templates\/template-pagebuilder-full-width.php","meta":{"neve_meta_sidebar":"","neve_meta_container":"","neve_meta_enable_content_width":"","neve_meta_content_width":0,"neve_meta_title_alignment":"","neve_meta_author_avatar":"","neve_post_elements_order":"","neve_meta_disable_header":"","neve_meta_disable_footer":"","neve_meta_disable_title":"","footnotes":""},"class_list":["post-12490","page","type-page","status-publish","hentry"],"yoast_head":"<!-- This site is optimized with the Yoast SEO plugin v27.0 - https:\/\/yoast.com\/product\/yoast-seo-wordpress\/ -->\n<title>Empresa Ambientadores - Dermo | F\u00e1brica de detergentes<\/title>\n<meta name=\"robots\" content=\"index, follow, max-snippet:-1, max-image-preview:large, max-video-preview:-1\" \/>\n<link rel=\"canonical\" href=\"https:\/\/dermo.com\/fr\/entreprise-de-desodorisants\/\" \/>\n<meta property=\"og:locale\" content=\"fr_FR\" \/>\n<meta property=\"og:type\" content=\"article\" \/>\n<meta property=\"og:title\" content=\"Empresa Ambientadores - Dermo | F\u00e1brica de detergentes\" \/>\n<meta property=\"og:description\" content=\"Dermo:\u00a0Empresa de ambientadores Dermo, es una\u00a0empresa\u00a0que se dedica a la venta y a la distribuci\u00f3n de todo tipo de\u00a0ambientadores\u00a0al por mayor, como por ejemplo a hoteles, lavander\u00edas, bares y restaurantes,\u00a0empresas\u00a0de limpieza, industrias, residencias, talleres de automoci\u00f3n y mucho m\u00e1s. Nuestra\u00a0empresa, es especialista en venta al por mayor de\u00a0ambientadores, tambi\u00e9n la podemos considerar una\u00a0empresa\u00a0familiar, que elabora&hellip;&nbsp;Lire la suite &raquo;Empresa Ambientadores\" \/>\n<meta property=\"og:url\" content=\"https:\/\/dermo.com\/fr\/entreprise-de-desodorisants\/\" \/>\n<meta property=\"og:site_name\" content=\"Dermo | F\u00e1brica de detergentes\" \/>\n<meta property=\"article:modified_time\" content=\"2025-02-19T10:45:53+00:00\" \/>\n<meta name=\"twitter:card\" content=\"summary_large_image\" \/>\n<meta name=\"twitter:label1\" content=\"Dur\u00e9e de lecture estim\u00e9e\" \/>\n\t<meta name=\"twitter:data1\" content=\"3 minutes\" \/>\n<script type=\"application\/ld+json\" class=\"yoast-schema-graph\">{\"@context\":\"https:\/\/schema.org\",\"@graph\":[{\"@type\":\"WebPage\",\"@id\":\"https:\/\/dermo.com\/empresa-ambientadores\/\",\"url\":\"https:\/\/dermo.com\/empresa-ambientadores\/\",\"name\":\"Empresa Ambientadores - Dermo | F\u00e1brica de detergentes\",\"isPartOf\":{\"@id\":\"https:\/\/dermo.com\/#website\"},\"datePublished\":\"2025-01-30T11:44:46+00:00\",\"dateModified\":\"2025-02-19T10:45:53+00:00\",\"breadcrumb\":{\"@id\":\"https:\/\/dermo.com\/empresa-ambientadores\/#breadcrumb\"},\"inLanguage\":\"fr-FR\",\"potentialAction\":[{\"@type\":\"ReadAction\",\"target\":[\"https:\/\/dermo.com\/empresa-ambientadores\/\"]}]},{\"@type\":\"BreadcrumbList\",\"@id\":\"https:\/\/dermo.com\/empresa-ambientadores\/#breadcrumb\",\"itemListElement\":[{\"@type\":\"ListItem\",\"position\":1,\"name\":\"Portada\",\"item\":\"https:\/\/dermo.com\/\"},{\"@type\":\"ListItem\",\"position\":2,\"name\":\"Empresa Ambientadores\"}]},{\"@type\":\"WebSite\",\"@id\":\"https:\/\/dermo.com\/#website\",\"url\":\"https:\/\/dermo.com\/\",\"name\":\"Dermo | F\u00e1brica de detergentes\",\"description\":\"Tecnolog\u00eda avanzada, investigaci\u00f3n y desarrollo, respeto por el medio ambiente, competencia, formaci\u00f3n constante y alto nivel de profesionalidad en nuestro equipo humano, empe\u00f1ado en preservar la calidad de vida, la protecci\u00f3n del entorno natural contin\u00faan motiv\u00e1ndonos para desarrollar en nuestros laboratorios nuevos productos con ingredientes activos altamente biodegradables que hacen posible un desarrollo sostenible.\",\"potentialAction\":[{\"@type\":\"SearchAction\",\"target\":{\"@type\":\"EntryPoint\",\"urlTemplate\":\"https:\/\/dermo.com\/?s={search_term_string}\"},\"query-input\":{\"@type\":\"PropertyValueSpecification\",\"valueRequired\":true,\"valueName\":\"search_term_string\"}}],\"inLanguage\":\"fr-FR\"}]}<\/script>\n<!-- \/ Yoast SEO plugin. -->","yoast_head_json":{"title":"Entreprise de d\u00e9sodorisants - Dermo | Usine de d\u00e9tergents","robots":{"index":"index","follow":"follow","max-snippet":"max-snippet:-1","max-image-preview":"max-image-preview:large","max-video-preview":"max-video-preview:-1"},"canonical":"https:\/\/dermo.com\/fr\/entreprise-de-desodorisants\/","og_locale":"fr_FR","og_type":"article","og_title":"Empresa Ambientadores - Dermo | F\u00e1brica de detergentes","og_description":"Dermo:\u00a0Empresa de ambientadores Dermo, es una\u00a0empresa\u00a0que se dedica a la venta y a la distribuci\u00f3n de todo tipo de\u00a0ambientadores\u00a0al por mayor, como por ejemplo a hoteles, lavander\u00edas, bares y restaurantes,\u00a0empresas\u00a0de limpieza, industrias, residencias, talleres de automoci\u00f3n y mucho m\u00e1s. Nuestra\u00a0empresa, es especialista en venta al por mayor de\u00a0ambientadores, tambi\u00e9n la podemos considerar una\u00a0empresa\u00a0familiar, que elabora&hellip;&nbsp;Lire la suite &raquo;Empresa Ambientadores","og_url":"https:\/\/dermo.com\/fr\/entreprise-de-desodorisants\/","og_site_name":"Dermo | F\u00e1brica de detergentes","article_modified_time":"2025-02-19T10:45:53+00:00","twitter_card":"summary_large_image","twitter_misc":{"Dur\u00e9e de lecture estim\u00e9e":"3 minutes"},"schema":{"@context":"https:\/\/schema.org","@graph":[{"@type":"WebPage","@id":"https:\/\/dermo.com\/empresa-ambientadores\/","url":"https:\/\/dermo.com\/empresa-ambientadores\/","name":"Entreprise de d\u00e9sodorisants - Dermo | Usine de d\u00e9tergents","isPartOf":{"@id":"https:\/\/dermo.com\/#website"},"datePublished":"2025-01-30T11:44:46+00:00","dateModified":"2025-02-19T10:45:53+00:00","breadcrumb":{"@id":"https:\/\/dermo.com\/empresa-ambientadores\/#breadcrumb"},"inLanguage":"fr-FR","potentialAction":[{"@type":"ReadAction","target":["https:\/\/dermo.com\/empresa-ambientadores\/"]}]},{"@type":"BreadcrumbList","@id":"https:\/\/dermo.com\/empresa-ambientadores\/#breadcrumb","itemListElement":[{"@type":"ListItem","position":1,"name":"Portada","item":"https:\/\/dermo.com\/"},{"@type":"ListItem","position":2,"name":"Empresa Ambientadores"}]},{"@type":"WebSite","@id":"https:\/\/dermo.com\/#website","url":"https:\/\/dermo.com\/","name":"Dermo | usine de d\u00e9tergents","description":"Technologie avanc\u00e9e, recherche et d\u00e9veloppement, respect de l&#039;environnement, comp\u00e9tence, formation constante et haut niveau de professionnalisme de notre \u00e9quipe humaine, engag\u00e9e \u00e0 pr\u00e9server la qualit\u00e9 de vie, la protection de l&#039;environnement naturel continuent de nous motiver \u00e0 d\u00e9velopper de nouveaux produits dans notre laboratoires aux principes actifs hautement biod\u00e9gradables qui rendent possible le d\u00e9veloppement durable.","potentialAction":[{"@type":"SearchAction","target":{"@type":"EntryPoint","urlTemplate":"https:\/\/dermo.com\/?s={search_term_string}"},"query-input":{"@type":"PropertyValueSpecification","valueRequired":true,"valueName":"search_term_string"}}],"inLanguage":"fr-FR"}]}},"_links":{"self":[{"href":"https:\/\/dermo.com\/fr\/wp-json\/wp\/v2\/pages\/12490","targetHints":{"allow":["GET"]}}],"collection":[{"href":"https:\/\/dermo.com\/fr\/wp-json\/wp\/v2\/pages"}],"about":[{"href":"https:\/\/dermo.com\/fr\/wp-json\/wp\/v2\/types\/page"}],"author":[{"embeddable":true,"href":"https:\/\/dermo.com\/fr\/wp-json\/wp\/v2\/users\/2"}],"replies":[{"embeddable":true,"href":"https:\/\/dermo.com\/fr\/wp-json\/wp\/v2\/comments?post=12490"}],"version-history":[{"count":7,"href":"https:\/\/dermo.com\/fr\/wp-json\/wp\/v2\/pages\/12490\/revisions"}],"predecessor-version":[{"id":13484,"href":"https:\/\/dermo.com\/fr\/wp-json\/wp\/v2\/pages\/12490\/revisions\/13484"}],"wp:attachment":[{"href":"https:\/\/dermo.com\/fr\/wp-json\/wp\/v2\/media?parent=12490"}],"curies":[{"name":"wp","href":"https:\/\/api.w.org\/{rel}","templated":true}]}}