{"id":12491,"date":"2025-01-30T12:45:12","date_gmt":"2025-01-30T11:45:12","guid":{"rendered":"https:\/\/dermo.com\/?page_id=12491"},"modified":"2025-02-19T12:07:44","modified_gmt":"2025-02-19T11:07:44","slug":"laboratoire-de-detergents-menagers","status":"publish","type":"page","link":"https:\/\/dermo.com\/fr\/laboratoire-de-detergents-menagers\/","title":{"rendered":"Laboratoire de d\u00e9tergents m\u00e9nagers"},"content":{"rendered":"<div data-elementor-type=\"wp-page\" data-elementor-id=\"12491\" class=\"elementor elementor-12491\" data-elementor-post-type=\"page\">\n\t\t\t\t\t\t<section class=\"elementor-section elementor-top-section elementor-element elementor-element-a02683f elementor-section-boxed elementor-section-height-default elementor-section-height-default\" data-id=\"a02683f\" data-element_type=\"section\" data-e-type=\"section\" data-settings=\"{&quot;background_background&quot;:&quot;classic&quot;}\">\n\t\t\t\t\t\t\t<div class=\"elementor-background-overlay\"><\/div>\n\t\t\t\t\t\t\t<div class=\"elementor-container elementor-column-gap-default\">\n\t\t\t\t\t<div class=\"elementor-column elementor-col-100 elementor-top-column elementor-element elementor-element-f99dbff\" data-id=\"f99dbff\" data-element_type=\"column\" data-e-type=\"column\">\n\t\t\t<div class=\"elementor-widget-wrap elementor-element-populated\">\n\t\t\t\t\t\t\t<\/div>\n\t\t<\/div>\n\t\t\t\t\t<\/div>\n\t\t<\/section>\n\t\t\t\t<section class=\"elementor-section elementor-top-section elementor-element elementor-element-233ad3a4 elementor-section-boxed elementor-section-height-default elementor-section-height-default\" data-id=\"233ad3a4\" data-element_type=\"section\" data-e-type=\"section\">\n\t\t\t\t\t\t<div class=\"elementor-container elementor-column-gap-default\">\n\t\t\t\t\t<div class=\"elementor-column elementor-col-100 elementor-top-column elementor-element elementor-element-3244e578\" data-id=\"3244e578\" data-element_type=\"column\" data-e-type=\"column\">\n\t\t\t<div class=\"elementor-widget-wrap elementor-element-populated\">\n\t\t\t\t\t\t<section class=\"elementor-section elementor-inner-section elementor-element elementor-element-1a7040c2 elementor-section-content-middle elementor-section-boxed elementor-section-height-default elementor-section-height-default\" data-id=\"1a7040c2\" data-element_type=\"section\" data-e-type=\"section\">\n\t\t\t\t\t\t<div class=\"elementor-container elementor-column-gap-default\">\n\t\t\t\t\t<div class=\"elementor-column elementor-col-50 elementor-inner-column elementor-element elementor-element-58338543\" data-id=\"58338543\" data-element_type=\"column\" data-e-type=\"column\">\n\t\t\t<div class=\"elementor-widget-wrap elementor-element-populated\">\n\t\t\t\t\t\t<div class=\"elementor-element elementor-element-464b2e11 elementor-widget elementor-widget-text-editor\" data-id=\"464b2e11\" data-element_type=\"widget\" data-e-type=\"widget\" data-widget_type=\"text-editor.default\">\n\t\t\t\t<div class=\"elementor-widget-container\">\n\t\t\t\t\t\t\t\t\t<div id=\"lipsum\"><p>La satisfaction de nos besoins primaires est, \u00e9videmment, un imp\u00e9ratif qui doit \u00eatre satisfait et garanti. Non seulement nous devons veiller \u00e0 ce que cela soit fait, mais les entit\u00e9s, les entreprises, les associations et m\u00eame le gouvernement lui-m\u00eame doivent donner un coup de main et fournir toutes les facilit\u00e9s et le confort pour que cela soit efficace.\u00a0<strong>Dermo SA,<\/strong>\u00a0<strong>usine de d\u00e9tergents et laboratoire<\/strong>, engag\u00e9 et respectueux de cette t\u00e2che, s&#039;est hiss\u00e9 \u00e0 une place notable dans la satisfaction d&#039;un besoin d&#039;obligation ponctuelle tel que la couverture de deux besoins pr\u00e9dominants, la\u00a0<strong>nettoyage<\/strong>\u00a0et le\u00a0<strong>hygi\u00e8ne,<\/strong>\u00a0une priorit\u00e9 qui affecte directement notre bien-\u00eatre et notre sant\u00e9.<\/p><p>Constitu\u00e9e d&#039;une \u00e9quipe multidisciplinaire de professionnels, des personnes avant tout, qui assurent la satisfaction de personnes comme eux ; Nous veillons \u00e0 ce que ces besoins essentiels soient satisfaits, apr\u00e8s une carri\u00e8re dans le secteur de\u00a0<strong>nettoyage<\/strong>\u00a0et de la\u00a0<strong>hygi\u00e8ne<\/strong>\u00a0depuis plus de 25 ans, offrant \u00e0 nos clients le meilleur\u00a0<strong>d\u00e9tergents<\/strong>\u00a0et des accessoires et compl\u00e9ments pour la couverture de la sant\u00e9 dans la condition humaine, tant dans son utilisation\u00a0<strong>domestique<\/strong>\u00a0et personnel, ainsi qu&#039;\u00e0 des fins\u00a0<strong>industriel<\/strong>\u00a0dans lequel la sp\u00e9cialisation d&#039;une personne est requise\u00a0<strong>laboratoire<\/strong>\u00a0exp\u00e9rimental, o\u00f9 nous pouvons tester nos produits et d\u00e9montrer, une fois de plus, que nos produits\u00a0<strong>d\u00e9tergents<\/strong>\u00a0Ils sont les meilleurs et ont la bonne qualit\u00e9.<\/p><p>Pour y parvenir, nous avons travaill\u00e9 pendant de nombreuses ann\u00e9es et y avons investi notre temps et nos efforts, mais aussi notre qualit\u00e9 humaine, notre engagement envers le monde et le respect que nous ressentons pour un travail si digne que celui que nous accomplissons ; devenir l&#039;entreprise que nous sommes, familiale, proche et surtout consciente d&#039;une situation (le manque de\u00a0<strong>nettoyage<\/strong>\u00a0et\u00a0<strong>hygi\u00e8ne<\/strong>) qui doivent \u00eatre r\u00e9solus avec les actions appropri\u00e9es.\u00a0<\/p><\/div>\t\t\t\t\t\t\t\t<\/div>\n\t\t\t\t<\/div>\n\t\t\t\t\t<\/div>\n\t\t<\/div>\n\t\t\t\t<div class=\"elementor-column elementor-col-50 elementor-inner-column elementor-element elementor-element-6c4a870 elementor-invisible\" data-id=\"6c4a870\" data-element_type=\"column\" data-e-type=\"column\" data-settings=\"{&quot;animation&quot;:&quot;bounceInRight&quot;}\">\n\t\t\t<div class=\"elementor-widget-wrap elementor-element-populated\">\n\t\t\t\t\t\t<div class=\"elementor-element elementor-element-55684da elementor-widget__width-initial elementor-widget elementor-widget-elementskit-contact-form7\" data-id=\"55684da\" data-element_type=\"widget\" data-e-type=\"widget\" data-widget_type=\"elementskit-contact-form7.default\">\n\t\t\t\t<div class=\"elementor-widget-container\">\n\t\t\t\t\t<div class=\"ekit-wid-con\" ><div class=\"ekit-form\">\n<div class=\"wpcf7 no-js\" id=\"wpcf7-f13292-p12491-o1\" lang=\"es-ES\" dir=\"ltr\" data-wpcf7-id=\"13292\">\n<div class=\"screen-reader-response\"><p role=\"status\" aria-live=\"polite\" aria-atomic=\"true\"><\/p> <ul><\/ul><\/div>\n<form action=\"\/fr\/laboratoire-de-detergents-menagers\/#wpcf7-f13292-p12491-o1\" method=\"post\" class=\"wpcf7-form init\" aria-label=\"Formulario de contacto\" novalidate=\"novalidate\" data-status=\"init\" data-no-translation-aria-label=\"\" data-trp-original-action=\"\/pt\/laboratorio-de-detergentes-domesticos\/#wpcf7-f13292-p12491-o1\">\n<fieldset class=\"hidden-fields-container\"><input type=\"hidden\" name=\"_wpcf7\" value=\"13292\" \/><input type=\"hidden\" name=\"_wpcf7_version\" value=\"6.1.5\" \/><input type=\"hidden\" name=\"_wpcf7_locale\" value=\"es_ES\" \/><input type=\"hidden\" name=\"_wpcf7_unit_tag\" value=\"wpcf7-f13292-p12491-o1\" \/><input type=\"hidden\" name=\"_wpcf7_container_post\" value=\"12491\" \/><input type=\"hidden\" name=\"_wpcf7_posted_data_hash\" value=\"\" \/><input type=\"hidden\" name=\"_wpcf7_recaptcha_response\" value=\"\" \/>\n<\/fieldset>\n<div style=\"display: flex; gap: 10px;\">\n\t<div style=\"width: 50%;\">\n\t\t<p><span class=\"wpcf7-form-control-wrap\" data-name=\"your-name\"><input size=\"40\" maxlength=\"400\" class=\"wpcf7-form-control wpcf7-text wpcf7-validates-as-required\" aria-required=\"true\" aria-invalid=\"false\" placeholder=\"Nom\" value=\"\" type=\"text\" name=\"your-name\" \/><\/span>\n\t\t<\/p>\n\t<\/div>\n\t<div style=\"width: 50%;\">\n\t\t<p><span class=\"wpcf7-form-control-wrap\" data-name=\"your-phone\"><input size=\"40\" maxlength=\"400\" class=\"wpcf7-form-control wpcf7-tel wpcf7-validates-as-required wpcf7-text wpcf7-validates-as-tel\" aria-required=\"true\" aria-invalid=\"false\" placeholder=\"T\u00e9l\u00e9phone\" value=\"\" type=\"tel\" name=\"your-phone\" \/><\/span>\n\t\t<\/p>\n\t<\/div>\n<\/div>\n<p><span class=\"wpcf7-form-control-wrap\" data-name=\"your-email\"><input size=\"40\" maxlength=\"400\" class=\"wpcf7-form-control wpcf7-email wpcf7-validates-as-required wpcf7-text wpcf7-validates-as-email\" aria-required=\"true\" aria-invalid=\"false\" placeholder=\"E-mail\" value=\"\" type=\"email\" name=\"your-email\" \/><\/span>\n<\/p>\n<div style=\"display: flex; gap: 10px;\">\n\t<div style=\"width: 50%;\">\n\t\t<p><span class=\"wpcf7-form-control-wrap\" data-name=\"your-country\"><input size=\"40\" maxlength=\"400\" class=\"wpcf7-form-control wpcf7-text wpcf7-validates-as-required\" aria-required=\"true\" aria-invalid=\"false\" placeholder=\"Pays\" value=\"\" type=\"text\" name=\"your-country\" \/><\/span>\n\t\t<\/p>\n\t<\/div>\n\t<div style=\"width: 50%;\">\n\t\t<p><span class=\"wpcf7-form-control-wrap\" data-name=\"your-city\"><input size=\"40\" maxlength=\"400\" class=\"wpcf7-form-control wpcf7-text wpcf7-validates-as-required\" aria-required=\"true\" aria-invalid=\"false\" placeholder=\"Population\" value=\"\" type=\"text\" name=\"your-city\" \/><\/span>\n\t\t<\/p>\n\t<\/div>\n<\/div>\n<p><span class=\"wpcf7-form-control-wrap\" data-name=\"your-subject\"><select class=\"wpcf7-form-control wpcf7-select\" aria-invalid=\"false\" name=\"your-subject\"><option value=\"Quiero ser distribuidor\">Je veux \u00eatre distributeur<\/option><option value=\"Presupuesto\">Budget<\/option><option value=\"Consulta\">Consultation<\/option><option value=\"Sugerencia\">Suggestion<\/option><option value=\"Otros\">Autres<\/option><\/select><\/span>\n<\/p>\n<p><span class=\"wpcf7-form-control-wrap\" data-name=\"your-message\"><textarea cols=\"40\" rows=\"10\" maxlength=\"2000\" class=\"wpcf7-form-control wpcf7-textarea\" aria-invalid=\"false\" placeholder=\"Message ou demande\" name=\"your-message\"><\/textarea><\/span>\n<\/p>\n<div style=\"display: flex; align-items: center; gap: 10px;\">\n\t<p><span class=\"wpcf7-form-control-wrap\" data-name=\"privacy-policy\"><span class=\"wpcf7-form-control wpcf7-acceptance\"><span class=\"wpcf7-list-item\"><input type=\"checkbox\" name=\"privacy-policy\" value=\"1\" aria-invalid=\"false\" \/><\/span><\/span><\/span><label for=\"privacy-policy\" style=\"margin-left: 5px;\">J&#039;ai lu et accept\u00e9 la politique de confidentialit\u00e9.<\/label>\n\t<\/p>\n<\/div>\n<div style=\"display: flex; align-items: center; gap: 10px;\">\n\t<p><span class=\"wpcf7-form-control-wrap\" data-name=\"send-info\"><span class=\"wpcf7-form-control wpcf7-acceptance\"><span class=\"wpcf7-list-item\"><input type=\"checkbox\" name=\"send-info\" value=\"1\" aria-invalid=\"false\" \/><\/span><\/span><\/span><label for=\"send-info\" style=\"margin-left: 5px;\">J&#039;accepte de recevoir des informations.<\/label>\n\t<\/p>\n<\/div>\n<p><input class=\"wpcf7-form-control wpcf7-submit has-spinner\" type=\"submit\" value=\"Envoyer\" \/>\n<\/p><div class=\"wpcf7-response-output\" aria-hidden=\"true\"><\/div>\n<input type=\"hidden\" name=\"trp-form-language\" value=\"fr\"\/><\/form>\n<\/div>\n<\/div><\/div>\t\t\t\t<\/div>\n\t\t\t\t<\/div>\n\t\t\t\t\t<\/div>\n\t\t<\/div>\n\t\t\t\t\t<\/div>\n\t\t<\/section>\n\t\t\t\t<div class=\"elementor-element elementor-element-615d68f elementor-widget elementor-widget-text-editor\" data-id=\"615d68f\" data-element_type=\"widget\" data-e-type=\"widget\" data-widget_type=\"text-editor.default\">\n\t\t\t\t<div class=\"elementor-widget-container\">\n\t\t\t\t\t\t\t\t\t<div id=\"lipsum\"><p>Il n&#039;y a pas de bien plus pr\u00e9cieux que la couverture correcte de ces besoins, et nous savons que nos clients en tiennent \u00e9galement compte, c&#039;est pourquoi, en suivant ces exigences et en r\u00e9pondant \u00e0 leur volont\u00e9, nous leur fournissons un service unique dans l&#039;\u00e9laboration et la cr\u00e9ation de\u00a0<strong>d\u00e9tergents<\/strong>\u00a0et produits dans notre\u00a0<strong>laboratoire,\u00a0<\/strong>ainsi que d&#039;essayer le n\u00f4tre.<\/p><p>Gr\u00e2ce \u00e0 l&#039;effort et au d\u00e9vouement de chacun de nos travailleurs et fournisseurs, qui nous ont toujours montr\u00e9 leur soutien inconditionnel et nous ont aid\u00e9 \u00e0 grandir (plus de 200 produits composent notre ligne de production :\u00a0<strong>d\u00e9tergents<\/strong>, cirages, nettoyants multi-usages, d\u00e9graissants\u2026) ; dans\u00a0<strong>Dermo SA<\/strong>\u00a0Nous avons r\u00e9ussi \u00e0 nous positionner parmi l&#039;un des\u00a0<strong>usines et laboratoires de d\u00e9tergents<\/strong>\u00a0leader du march\u00e9 dans les produits de ce type, \u00e0 des fins\u00a0<strong>domestique<\/strong>\u00a0et\u00a0<strong>industriel<\/strong>, tant au niveau national qu\u2019aujourd\u2019hui au niveau international.<\/p><p>Notre priorit\u00e9 principale est nos clients. Des avanc\u00e9es technologiques appliqu\u00e9es dans notre\u00a0<strong>laboratoire de d\u00e9tergents<\/strong>\u00a0et dans les diff\u00e9rents secteurs de production et de transformation, nous avons r\u00e9ussi \u00e0 nous positionner comme un acteur puissant\u00a0<strong>usine de d\u00e9tergents et laboratoire\u00a0<\/strong>de r\u00e9f\u00e9rence, offrant une attention exclusive et personnalis\u00e9e et un traitement familier, direct et m\u00e9ritoire, pour atteindre cet objectif pour lequel nous ressentons un profond respect et qui ne fait que renforcer notre engagement.<\/p><\/div>\t\t\t\t\t\t\t\t<\/div>\n\t\t\t\t<\/div>\n\t\t\t\t\t<\/div>\n\t\t<\/div>\n\t\t\t\t\t<\/div>\n\t\t<\/section>\n\t\t\t\t<section class=\"elementor-section elementor-top-section elementor-element elementor-element-484f41e elementor-section-full_width elementor-section-height-default elementor-section-height-default elementor-invisible\" data-id=\"484f41e\" data-element_type=\"section\" data-e-type=\"section\" data-settings=\"{&quot;animation&quot;:&quot;slideInUp&quot;}\">\n\t\t\t\t\t\t<div class=\"elementor-container elementor-column-gap-default\">\n\t\t\t\t\t<div class=\"elementor-column elementor-col-100 elementor-top-column elementor-element elementor-element-19948363\" data-id=\"19948363\" data-element_type=\"column\" data-e-type=\"column\">\n\t\t\t<div class=\"elementor-widget-wrap elementor-element-populated\">\n\t\t\t\t\t\t<div class=\"elementor-element elementor-element-339044a4 elementor-widget elementor-widget-google_maps\" data-id=\"339044a4\" data-element_type=\"widget\" data-e-type=\"widget\" data-widget_type=\"google_maps.default\">\n\t\t\t\t<div class=\"elementor-widget-container\">\n\t\t\t\t\t\t\t<div class=\"elementor-custom-embed\">\n\t\t\t<iframe loading=\"lazy\"\n\t\t\t\t\tsrc=\"https:\/\/maps.google.com\/maps?q=C%2F%20Pintor%20Joan%20Miro%2C%2016.%20Pol.%20Ind.%20Can%20Humet%20de%20Dalt%2C%2008213%20Poliny%C3%A0.%20Barcelona&#038;t=m&#038;z=15&#038;output=embed&#038;iwloc=near\"\n\t\t\t\t\ttitle=\"C\/ Pintor Joan Miro, 16. Pol. Ind. Can Humet de Dalt, 08213 Poliny\u00e0. Barcelone\"\n\t\t\t\t\taria-label=\"C\/ Pintor Joan Miro, 16. Pol. Ind. Can Humet de Dalt, 08213 Poliny\u00e0. Barcelone\"\n\t\t\t><\/iframe>\n\t\t<\/div>\n\t\t\t\t\t\t<\/div>\n\t\t\t\t<\/div>\n\t\t\t\t\t<\/div>\n\t\t<\/div>\n\t\t\t\t\t<\/div>\n\t\t<\/section>\n\t\t\t\t<\/div>","protected":false},"excerpt":{"rendered":"<p>La satisfaction de nos besoins primaires est, de toute \u00e9vidence, un imp\u00e9ratif qui doit \u00eatre satisfait et garanti. Non seulement nous devons y veiller nous-m\u00eames, mais les organisations, les entreprises, les associations et m\u00eame le gouvernement lui-m\u00eame doivent \u00e9galement apporter leur contribution et fournir toutes les installations et le confort n\u00e9cessaires \u00e0 cette fin. Dermo SA, usine\u2026&nbsp;<a href=\"https:\/\/dermo.com\/fr\/laboratoire-de-detergents-menagers\/\" rel=\"bookmark\">En savoir plus &quot;<span class=\"screen-reader-text\">Laboratoire de d\u00e9tergents m\u00e9nagers<\/span><\/a><\/p>","protected":false},"author":2,"featured_media":0,"parent":0,"menu_order":0,"comment_status":"closed","ping_status":"closed","template":"page-templates\/template-pagebuilder-full-width.php","meta":{"neve_meta_sidebar":"","neve_meta_container":"","neve_meta_enable_content_width":"","neve_meta_content_width":0,"neve_meta_title_alignment":"","neve_meta_author_avatar":"","neve_post_elements_order":"","neve_meta_disable_header":"","neve_meta_disable_footer":"","neve_meta_disable_title":"","footnotes":""},"class_list":["post-12491","page","type-page","status-publish","hentry"],"yoast_head":"<!-- This site is optimized with the Yoast SEO plugin v27.0 - https:\/\/yoast.com\/product\/yoast-seo-wordpress\/ -->\n<title>Laboratorio de Detergentes Dom\u00e9sticos - Dermo | F\u00e1brica de detergentes<\/title>\n<meta name=\"robots\" content=\"index, follow, max-snippet:-1, max-image-preview:large, max-video-preview:-1\" \/>\n<link rel=\"canonical\" href=\"https:\/\/dermo.com\/fr\/laboratoire-de-detergents-menagers\/\" \/>\n<meta property=\"og:locale\" content=\"fr_FR\" \/>\n<meta property=\"og:type\" content=\"article\" \/>\n<meta property=\"og:title\" content=\"Laboratorio de Detergentes Dom\u00e9sticos - Dermo | F\u00e1brica de detergentes\" \/>\n<meta property=\"og:description\" content=\"La satisfacci\u00f3n de nuestras necesidades primarias es, obviamente, un imperativo que debe verse cumplido y garantizado. No s\u00f3lo nosotros mismos debemos velar por que ello se realice, sino que las entidades, empresas, asociaciones, incluso el mismo gobierno, tienen que tender su mano y brindar todas las facilidades y comodidades para que ello sea efectivo.\u00a0Dermo S.A.,\u00a0f\u00e1brica&hellip;&nbsp;Lire la suite &raquo;Laboratorio de Detergentes Dom\u00e9sticos\" \/>\n<meta property=\"og:url\" content=\"https:\/\/dermo.com\/fr\/laboratoire-de-detergents-menagers\/\" \/>\n<meta property=\"og:site_name\" content=\"Dermo | F\u00e1brica de detergentes\" \/>\n<meta property=\"article:modified_time\" content=\"2025-02-19T11:07:44+00:00\" \/>\n<meta name=\"twitter:card\" content=\"summary_large_image\" \/>\n<meta name=\"twitter:label1\" content=\"Dur\u00e9e de lecture estim\u00e9e\" \/>\n\t<meta name=\"twitter:data1\" content=\"3 minutes\" \/>\n<script type=\"application\/ld+json\" class=\"yoast-schema-graph\">{\"@context\":\"https:\/\/schema.org\",\"@graph\":[{\"@type\":\"WebPage\",\"@id\":\"https:\/\/dermo.com\/laboratorio-de-detergentes-domesticos\/\",\"url\":\"https:\/\/dermo.com\/laboratorio-de-detergentes-domesticos\/\",\"name\":\"Laboratorio de Detergentes Dom\u00e9sticos - Dermo | F\u00e1brica de detergentes\",\"isPartOf\":{\"@id\":\"https:\/\/dermo.com\/#website\"},\"datePublished\":\"2025-01-30T11:45:12+00:00\",\"dateModified\":\"2025-02-19T11:07:44+00:00\",\"breadcrumb\":{\"@id\":\"https:\/\/dermo.com\/laboratorio-de-detergentes-domesticos\/#breadcrumb\"},\"inLanguage\":\"fr-FR\",\"potentialAction\":[{\"@type\":\"ReadAction\",\"target\":[\"https:\/\/dermo.com\/laboratorio-de-detergentes-domesticos\/\"]}]},{\"@type\":\"BreadcrumbList\",\"@id\":\"https:\/\/dermo.com\/laboratorio-de-detergentes-domesticos\/#breadcrumb\",\"itemListElement\":[{\"@type\":\"ListItem\",\"position\":1,\"name\":\"Portada\",\"item\":\"https:\/\/dermo.com\/\"},{\"@type\":\"ListItem\",\"position\":2,\"name\":\"Laboratorio de Detergentes Dom\u00e9sticos\"}]},{\"@type\":\"WebSite\",\"@id\":\"https:\/\/dermo.com\/#website\",\"url\":\"https:\/\/dermo.com\/\",\"name\":\"Dermo | F\u00e1brica de detergentes\",\"description\":\"Tecnolog\u00eda avanzada, investigaci\u00f3n y desarrollo, respeto por el medio ambiente, competencia, formaci\u00f3n constante y alto nivel de profesionalidad en nuestro equipo humano, empe\u00f1ado en preservar la calidad de vida, la protecci\u00f3n del entorno natural contin\u00faan motiv\u00e1ndonos para desarrollar en nuestros laboratorios nuevos productos con ingredientes activos altamente biodegradables que hacen posible un desarrollo sostenible.\",\"potentialAction\":[{\"@type\":\"SearchAction\",\"target\":{\"@type\":\"EntryPoint\",\"urlTemplate\":\"https:\/\/dermo.com\/?s={search_term_string}\"},\"query-input\":{\"@type\":\"PropertyValueSpecification\",\"valueRequired\":true,\"valueName\":\"search_term_string\"}}],\"inLanguage\":\"fr-FR\"}]}<\/script>\n<!-- \/ Yoast SEO plugin. -->","yoast_head_json":{"title":"Laboratoire de D\u00e9tergents M\u00e9nagers - Dermo | Usine de d\u00e9tergents","robots":{"index":"index","follow":"follow","max-snippet":"max-snippet:-1","max-image-preview":"max-image-preview:large","max-video-preview":"max-video-preview:-1"},"canonical":"https:\/\/dermo.com\/fr\/laboratoire-de-detergents-menagers\/","og_locale":"fr_FR","og_type":"article","og_title":"Laboratorio de Detergentes Dom\u00e9sticos - Dermo | F\u00e1brica de detergentes","og_description":"La satisfacci\u00f3n de nuestras necesidades primarias es, obviamente, un imperativo que debe verse cumplido y garantizado. No s\u00f3lo nosotros mismos debemos velar por que ello se realice, sino que las entidades, empresas, asociaciones, incluso el mismo gobierno, tienen que tender su mano y brindar todas las facilidades y comodidades para que ello sea efectivo.\u00a0Dermo S.A.,\u00a0f\u00e1brica&hellip;&nbsp;Lire la suite &raquo;Laboratorio de Detergentes Dom\u00e9sticos","og_url":"https:\/\/dermo.com\/fr\/laboratoire-de-detergents-menagers\/","og_site_name":"Dermo | F\u00e1brica de detergentes","article_modified_time":"2025-02-19T11:07:44+00:00","twitter_card":"summary_large_image","twitter_misc":{"Dur\u00e9e de lecture estim\u00e9e":"3 minutes"},"schema":{"@context":"https:\/\/schema.org","@graph":[{"@type":"WebPage","@id":"https:\/\/dermo.com\/laboratorio-de-detergentes-domesticos\/","url":"https:\/\/dermo.com\/laboratorio-de-detergentes-domesticos\/","name":"Laboratoire de D\u00e9tergents M\u00e9nagers - Dermo | Usine de d\u00e9tergents","isPartOf":{"@id":"https:\/\/dermo.com\/#website"},"datePublished":"2025-01-30T11:45:12+00:00","dateModified":"2025-02-19T11:07:44+00:00","breadcrumb":{"@id":"https:\/\/dermo.com\/laboratorio-de-detergentes-domesticos\/#breadcrumb"},"inLanguage":"fr-FR","potentialAction":[{"@type":"ReadAction","target":["https:\/\/dermo.com\/laboratorio-de-detergentes-domesticos\/"]}]},{"@type":"BreadcrumbList","@id":"https:\/\/dermo.com\/laboratorio-de-detergentes-domesticos\/#breadcrumb","itemListElement":[{"@type":"ListItem","position":1,"name":"Portada","item":"https:\/\/dermo.com\/"},{"@type":"ListItem","position":2,"name":"Laboratorio de Detergentes Dom\u00e9sticos"}]},{"@type":"WebSite","@id":"https:\/\/dermo.com\/#website","url":"https:\/\/dermo.com\/","name":"Dermo | usine de d\u00e9tergents","description":"Technologie avanc\u00e9e, recherche et d\u00e9veloppement, respect de l&#039;environnement, comp\u00e9tence, formation constante et haut niveau de professionnalisme de notre \u00e9quipe humaine, engag\u00e9e \u00e0 pr\u00e9server la qualit\u00e9 de vie, la protection de l&#039;environnement naturel continuent de nous motiver \u00e0 d\u00e9velopper de nouveaux produits dans notre laboratoires aux principes actifs hautement biod\u00e9gradables qui rendent possible le d\u00e9veloppement durable.","potentialAction":[{"@type":"SearchAction","target":{"@type":"EntryPoint","urlTemplate":"https:\/\/dermo.com\/?s={search_term_string}"},"query-input":{"@type":"PropertyValueSpecification","valueRequired":true,"valueName":"search_term_string"}}],"inLanguage":"fr-FR"}]}},"_links":{"self":[{"href":"https:\/\/dermo.com\/fr\/wp-json\/wp\/v2\/pages\/12491","targetHints":{"allow":["GET"]}}],"collection":[{"href":"https:\/\/dermo.com\/fr\/wp-json\/wp\/v2\/pages"}],"about":[{"href":"https:\/\/dermo.com\/fr\/wp-json\/wp\/v2\/types\/page"}],"author":[{"embeddable":true,"href":"https:\/\/dermo.com\/fr\/wp-json\/wp\/v2\/users\/2"}],"replies":[{"embeddable":true,"href":"https:\/\/dermo.com\/fr\/wp-json\/wp\/v2\/comments?post=12491"}],"version-history":[{"count":7,"href":"https:\/\/dermo.com\/fr\/wp-json\/wp\/v2\/pages\/12491\/revisions"}],"predecessor-version":[{"id":13596,"href":"https:\/\/dermo.com\/fr\/wp-json\/wp\/v2\/pages\/12491\/revisions\/13596"}],"wp:attachment":[{"href":"https:\/\/dermo.com\/fr\/wp-json\/wp\/v2\/media?parent=12491"}],"curies":[{"name":"wp","href":"https:\/\/api.w.org\/{rel}","templated":true}]}}