{"id":12534,"date":"2025-01-30T12:54:10","date_gmt":"2025-01-30T11:54:10","guid":{"rendered":"https:\/\/dermo.com\/?page_id=12534"},"modified":"2025-02-19T11:39:23","modified_gmt":"2025-02-19T10:39:23","slug":"detergents-carrosserie-2","status":"publish","type":"page","link":"https:\/\/dermo.com\/fr\/detergents-carrosserie-2\/","title":{"rendered":"D\u00e9tergents pour carrosserie"},"content":{"rendered":"<div data-elementor-type=\"wp-page\" data-elementor-id=\"12534\" class=\"elementor elementor-12534\" data-elementor-post-type=\"page\">\n\t\t\t\t\t\t<section class=\"elementor-section elementor-top-section elementor-element elementor-element-a02683f elementor-section-boxed elementor-section-height-default elementor-section-height-default\" data-id=\"a02683f\" data-element_type=\"section\" data-e-type=\"section\" data-settings=\"{&quot;background_background&quot;:&quot;classic&quot;}\">\n\t\t\t\t\t\t\t<div class=\"elementor-background-overlay\"><\/div>\n\t\t\t\t\t\t\t<div class=\"elementor-container elementor-column-gap-default\">\n\t\t\t\t\t<div class=\"elementor-column elementor-col-100 elementor-top-column elementor-element elementor-element-f99dbff\" data-id=\"f99dbff\" data-element_type=\"column\" data-e-type=\"column\">\n\t\t\t<div class=\"elementor-widget-wrap elementor-element-populated\">\n\t\t\t\t\t\t\t<\/div>\n\t\t<\/div>\n\t\t\t\t\t<\/div>\n\t\t<\/section>\n\t\t\t\t<section class=\"elementor-section elementor-top-section elementor-element elementor-element-233ad3a4 elementor-section-boxed elementor-section-height-default elementor-section-height-default\" data-id=\"233ad3a4\" data-element_type=\"section\" data-e-type=\"section\">\n\t\t\t\t\t\t<div class=\"elementor-container elementor-column-gap-default\">\n\t\t\t\t\t<div class=\"elementor-column elementor-col-100 elementor-top-column elementor-element elementor-element-3244e578\" data-id=\"3244e578\" data-element_type=\"column\" data-e-type=\"column\">\n\t\t\t<div class=\"elementor-widget-wrap elementor-element-populated\">\n\t\t\t\t\t\t<section class=\"elementor-section elementor-inner-section elementor-element elementor-element-1a7040c2 elementor-section-content-middle elementor-section-boxed elementor-section-height-default elementor-section-height-default\" data-id=\"1a7040c2\" data-element_type=\"section\" data-e-type=\"section\">\n\t\t\t\t\t\t<div class=\"elementor-container elementor-column-gap-default\">\n\t\t\t\t\t<div class=\"elementor-column elementor-col-50 elementor-inner-column elementor-element elementor-element-58338543\" data-id=\"58338543\" data-element_type=\"column\" data-e-type=\"column\">\n\t\t\t<div class=\"elementor-widget-wrap elementor-element-populated\">\n\t\t\t\t\t\t<div class=\"elementor-element elementor-element-464b2e11 elementor-widget elementor-widget-text-editor\" data-id=\"464b2e11\" data-element_type=\"widget\" data-e-type=\"widget\" data-widget_type=\"text-editor.default\">\n\t\t\t\t<div class=\"elementor-widget-container\">\n\t\t\t\t\t\t\t\t\t<div id=\"lipsum\"><h2>Dermo : Usine de d\u00e9tergents pour carrosserie automobile<\/h2><p>En raison de notre caract\u00e8re familial et proche, deux valeurs qui nous accompagnent depuis plus de 25 ans de lutte quotidienne pour cela,\u00a0<strong><a href=\"https:\/\/dermo.com\/fr\/\">Dermo SA<\/a><\/strong>\u00a0Nous essayons toujours de faire tout notre possible pour satisfaire nos clients et garantir que tous leurs besoins soient satisfaits dans ce monde qui englobe le secteur de\u00a0<strong>nettoyage<\/strong>\u00a0et le\u00a0<strong>hygi\u00e8ne<\/strong>.<\/p><p>Dans\u00a0<strong><a href=\"https:\/\/dermo.com\/fr\/\">Dermo SA<\/a><\/strong>\u00a0Notre activit\u00e9 ne s&#039;arr\u00eate jamais et gr\u00e2ce \u00e0 cet engagement nous avons r\u00e9ussi \u00e0 nous positionner dans son ensemble\u00a0<strong>usine de d\u00e9tergents\u00a0<\/strong>de r\u00e9f\u00e9rence dans l&#039;\u00e9laboration de produits de ce type, avec une mention sp\u00e9ciale \u00e0 la\u00a0<strong>d\u00e9tergents\u00a0<\/strong>destin\u00e9 au secteur de la<strong>\u00a0automobile\u00a0<\/strong>et<strong>\u00a0d\u00e9tergents\u00a0<\/strong>pour le<strong>\u00a0carrosserie\u00a0<\/strong>de votre<strong>\u00a0voiture<\/strong>.<\/p><\/div>\t\t\t\t\t\t\t\t<\/div>\n\t\t\t\t<\/div>\n\t\t\t\t\t<\/div>\n\t\t<\/div>\n\t\t\t\t<div class=\"elementor-column elementor-col-50 elementor-inner-column elementor-element elementor-element-d49aec1 elementor-invisible\" data-id=\"d49aec1\" data-element_type=\"column\" data-e-type=\"column\" data-settings=\"{&quot;animation&quot;:&quot;bounceInRight&quot;}\">\n\t\t\t<div class=\"elementor-widget-wrap elementor-element-populated\">\n\t\t\t\t\t\t<div class=\"elementor-element elementor-element-050da89 elementor-widget elementor-widget-elementskit-contact-form7\" data-id=\"050da89\" data-element_type=\"widget\" data-e-type=\"widget\" data-widget_type=\"elementskit-contact-form7.default\">\n\t\t\t\t<div class=\"elementor-widget-container\">\n\t\t\t\t\t<div class=\"ekit-wid-con\" ><div class=\"ekit-form\">\n<div class=\"wpcf7 no-js\" id=\"wpcf7-f13292-p12534-o1\" lang=\"es-ES\" dir=\"ltr\" data-wpcf7-id=\"13292\">\n<div class=\"screen-reader-response\"><p role=\"status\" aria-live=\"polite\" aria-atomic=\"true\"><\/p> <ul><\/ul><\/div>\n<form action=\"\/fr\/detergents-carrosserie-2\/#wpcf7-f13292-p12534-o1\" method=\"post\" class=\"wpcf7-form init\" aria-label=\"Formulaire de contact\" novalidate=\"novalidate\" data-status=\"init\" data-trp-original-action=\"\/detergentes-carroceria-coche-2\/#wpcf7-f13292-p12534-o1\">\n<fieldset class=\"hidden-fields-container\"><input type=\"hidden\" name=\"_wpcf7\" value=\"13292\" \/><input type=\"hidden\" name=\"_wpcf7_version\" value=\"6.1.5\" \/><input type=\"hidden\" name=\"_wpcf7_locale\" value=\"es_ES\" \/><input type=\"hidden\" name=\"_wpcf7_unit_tag\" value=\"wpcf7-f13292-p12534-o1\" \/><input type=\"hidden\" name=\"_wpcf7_container_post\" value=\"12534\" \/><input type=\"hidden\" name=\"_wpcf7_posted_data_hash\" value=\"\" \/><input type=\"hidden\" name=\"_wpcf7_recaptcha_response\" value=\"\" \/>\n<\/fieldset>\n<div style=\"display: flex; gap: 10px;\">\n\t<div style=\"width: 50%;\">\n\t\t<p><span class=\"wpcf7-form-control-wrap\" data-name=\"your-name\"><input size=\"40\" maxlength=\"400\" class=\"wpcf7-form-control wpcf7-text wpcf7-validates-as-required\" aria-required=\"true\" aria-invalid=\"false\" placeholder=\"Nom\" value=\"\" type=\"text\" name=\"your-name\" \/><\/span>\n\t\t<\/p>\n\t<\/div>\n\t<div style=\"width: 50%;\">\n\t\t<p><span class=\"wpcf7-form-control-wrap\" data-name=\"your-phone\"><input size=\"40\" maxlength=\"400\" class=\"wpcf7-form-control wpcf7-tel wpcf7-validates-as-required wpcf7-text wpcf7-validates-as-tel\" aria-required=\"true\" aria-invalid=\"false\" placeholder=\"T\u00e9l\u00e9phone\" value=\"\" type=\"tel\" name=\"your-phone\" \/><\/span>\n\t\t<\/p>\n\t<\/div>\n<\/div>\n<p><span class=\"wpcf7-form-control-wrap\" data-name=\"your-email\"><input size=\"40\" maxlength=\"400\" class=\"wpcf7-form-control wpcf7-email wpcf7-validates-as-required wpcf7-text wpcf7-validates-as-email\" aria-required=\"true\" aria-invalid=\"false\" placeholder=\"E-mail\" value=\"\" type=\"email\" name=\"your-email\" \/><\/span>\n<\/p>\n<div style=\"display: flex; gap: 10px;\">\n\t<div style=\"width: 50%;\">\n\t\t<p><span class=\"wpcf7-form-control-wrap\" data-name=\"your-country\"><input size=\"40\" maxlength=\"400\" class=\"wpcf7-form-control wpcf7-text wpcf7-validates-as-required\" aria-required=\"true\" aria-invalid=\"false\" placeholder=\"Pays\" value=\"\" type=\"text\" name=\"your-country\" \/><\/span>\n\t\t<\/p>\n\t<\/div>\n\t<div style=\"width: 50%;\">\n\t\t<p><span class=\"wpcf7-form-control-wrap\" data-name=\"your-city\"><input size=\"40\" maxlength=\"400\" class=\"wpcf7-form-control wpcf7-text wpcf7-validates-as-required\" aria-required=\"true\" aria-invalid=\"false\" placeholder=\"Population\" value=\"\" type=\"text\" name=\"your-city\" \/><\/span>\n\t\t<\/p>\n\t<\/div>\n<\/div>\n<p><span class=\"wpcf7-form-control-wrap\" data-name=\"your-subject\"><select class=\"wpcf7-form-control wpcf7-select\" aria-invalid=\"false\" name=\"your-subject\"><option value=\"Quiero ser distribuidor\">Je veux \u00eatre distributeur<\/option><option value=\"Presupuesto\">Budget<\/option><option value=\"Consulta\">Consultation<\/option><option value=\"Sugerencia\">Suggestion<\/option><option value=\"Otros\">Autres<\/option><\/select><\/span>\n<\/p>\n<p><span class=\"wpcf7-form-control-wrap\" data-name=\"your-message\"><textarea cols=\"40\" rows=\"10\" maxlength=\"2000\" class=\"wpcf7-form-control wpcf7-textarea\" aria-invalid=\"false\" placeholder=\"Message ou demande\" name=\"your-message\"><\/textarea><\/span>\n<\/p>\n<div style=\"display: flex; align-items: center; gap: 10px;\">\n\t<p><span class=\"wpcf7-form-control-wrap\" data-name=\"privacy-policy\"><span class=\"wpcf7-form-control wpcf7-acceptance\"><span class=\"wpcf7-list-item\"><input type=\"checkbox\" name=\"privacy-policy\" value=\"1\" aria-invalid=\"false\" \/><\/span><\/span><\/span><label for=\"privacy-policy\" style=\"margin-left: 5px;\">J&#039;ai lu et accept\u00e9 la politique de confidentialit\u00e9.<\/label>\n\t<\/p>\n<\/div>\n<div style=\"display: flex; align-items: center; gap: 10px;\">\n\t<p><span class=\"wpcf7-form-control-wrap\" data-name=\"send-info\"><span class=\"wpcf7-form-control wpcf7-acceptance\"><span class=\"wpcf7-list-item\"><input type=\"checkbox\" name=\"send-info\" value=\"1\" aria-invalid=\"false\" \/><\/span><\/span><\/span><label for=\"send-info\" style=\"margin-left: 5px;\">J&#039;accepte de recevoir des informations.<\/label>\n\t<\/p>\n<\/div>\n<p><input class=\"wpcf7-form-control wpcf7-submit has-spinner\" type=\"submit\" value=\"Envoyer\" \/>\n<\/p><div class=\"wpcf7-response-output\" aria-hidden=\"true\"><\/div>\n<input type=\"hidden\" name=\"trp-form-language\" value=\"fr\"\/><\/form>\n<\/div>\n<\/div><\/div>\t\t\t\t<\/div>\n\t\t\t\t<\/div>\n\t\t\t\t\t<\/div>\n\t\t<\/div>\n\t\t\t\t\t<\/div>\n\t\t<\/section>\n\t\t\t\t<div class=\"elementor-element elementor-element-615d68f elementor-widget elementor-widget-text-editor\" data-id=\"615d68f\" data-element_type=\"widget\" data-e-type=\"widget\" data-widget_type=\"text-editor.default\">\n\t\t\t\t<div class=\"elementor-widget-container\">\n\t\t\t\t\t\t\t\t\t<div id=\"lipsum\"><p>L\u2019une des principales pr\u00e9occupations qui nous touche tous est la couverture de nos besoins les plus \u00e9l\u00e9mentaires, qui se concentrent normalement autour des choses essentielles au d\u00e9veloppement de notre vie. Alimentation, logement, \u00e9ducation, sant\u00e9... Mais bien souvent, nous ne pr\u00eatons pas l&#039;attention n\u00e9cessaire \u00e0 certains d&#039;entre eux, comme par exemple\u00a0<strong>nettoyage<\/strong>\u00a0et le\u00a0<strong>hygi\u00e8ne<\/strong>, une priorit\u00e9 pour assurer notre sant\u00e9 et celle de ceux qui nous entourent, qui commence par pr\u00eater attention aux moindres d\u00e9tails. Dans ce cas, par exemple, \u00e0 la\u00a0<strong>nettoyage<\/strong>\u00a0et\u00a0<strong>hygi\u00e8ne<\/strong>\u00a0Ce que nous voulons pour notre\u00a0<strong>voiture\u00a0<\/strong>avec l&#039;utilisation correspondante de\u00a0<strong>d\u00e9tergents\u00a0<\/strong>\u00e0 cet effet. Il y a beaucoup de gens qui se d\u00e9placent\u00a0<strong>voiture<\/strong>\u00a0constamment ici et l\u00e0 et qui doit veiller \u00e0 sa bonne apparence, tant \u00e0 l&#039;int\u00e9rieur qu&#039;\u00e0 l&#039;ext\u00e9rieur.<\/p><p>Dans\u00a0<strong>Dermo SA,<\/strong>\u00a0<a href=\"https:\/\/dermo.com\/fr\/usine-de-detergents\/\"><strong>usine de d\u00e9tergents<\/strong><\/a>compos\u00e9 d&#039;une \u00e9quipe de grands professionnels sp\u00e9cialis\u00e9s dans le secteur de\u00a0<strong>automobile<\/strong>, nous veillons \u00e0 ce que ce besoin essentiel des particuliers et des entreprises automobiles soit satisfait, apr\u00e8s une carri\u00e8re de plus de 25 ans dans le secteur de\u00a0<strong>nettoyage<\/strong>\u00a0et le\u00a0<strong>hygi\u00e8ne,<\/strong>\u00a0offrir \u00e0 nos clients le meilleur\u00a0<strong>d\u00e9tergents<\/strong>\u00a0\u00a0pour le\u00a0<strong>carrosserie<\/strong>\u00a0son\u00a0<strong>voiture<\/strong>, ainsi que tous les accessoires et compl\u00e9ments pertinents qui compl\u00e8tent cela\u00a0<strong>nettoyage.<\/strong>\u00a0Entreprise familiale, proche et surtout consciente de ce besoin de nous tous de montrer la\u00a0<strong>voiture<\/strong>\u00a0que nous voulons, nous ne pouvions pas laisser de c\u00f4t\u00e9 nos amis et coll\u00e8gues du secteur de la\u00a0<strong>automobile<\/strong>\u00a0afin qu&#039;ils puissent profiter, et que vous puissiez profiter, de notre vaste catalogue de\u00a0<strong>d\u00e9tergents<\/strong>\u00a0pour la carrosserie de votre voiture, et le reste des produits qui composent notre gamme croissante de produits pour l&#039;industrie et\u00a0<strong>automobile\u00a0<\/strong>qui r\u00e9pondent \u00e0 tous les besoins qui peuvent survenir dans le\u00a0<strong>nettoyage<\/strong>\u00a0v\u00e9hicule:\u00a0<strong><a href=\"https:\/\/dermo.com\/fr\/detergentes-coches-automocion\/\">voitures<\/a><\/strong>, camions, trains, bus..., et il n&#039;y a pas de bien plus pr\u00e9cieux que la couverture correcte de ce besoin, en tenant toujours compte des exigences de nos clients.<\/p><p>\u00a0<\/p><\/div><p>Gr\u00e2ce \u00e0 l&#039;effort et \u00e0 la confiance de tous nos travailleurs et fournisseurs, qui nous montrent chaque jour leur soutien inconditionnel et nous ont aid\u00e9s \u00e0 atteindre la position que nous occupons, nous avons pu mettre plus de 200 produits \u00e0 votre service, y compris ceux destin\u00e9s au secteur de\u00a0<strong>automobile<\/strong>, et parmi lesquels se distinguent les n\u00f4tres\u00a0<strong>d\u00e9tergents<\/strong>\u00a0pour le\u00a0<strong>carrosserie<\/strong>\u00a0de la\u00a0<strong>voiture<\/strong>, cirages, cires et nettoyants.<\/p><p><strong>Dermo SA<\/strong>, votre entreprise et\u00a0<strong>usine de d\u00e9tergents\u00a0<\/strong>pour le\u00a0<strong>carrosserie<\/strong>\u00a0de votre\u00a0<strong>voiture<\/strong>, ou tout autre v\u00e9hicule qui se respecte et qui est digne de confiance. Familier et proche, comme nous l&#039;avons dit, nous nous soucions de votre satisfaction et de couvrir, \u00e0 juste titre, ce besoin indispensable qui affecte de nombreuses dimensions et sph\u00e8res de la soci\u00e9t\u00e9 car, en fin de compte, qui n&#039;a pas utilis\u00e9 son\u00a0<strong>voiture<\/strong>, ou voyag\u00e9 en train, ou en bus, en fin de journ\u00e9e ?<\/p>\t\t\t\t\t\t\t\t<\/div>\n\t\t\t\t<\/div>\n\t\t\t\t\t<\/div>\n\t\t<\/div>\n\t\t\t\t\t<\/div>\n\t\t<\/section>\n\t\t\t\t<section class=\"elementor-section elementor-top-section elementor-element elementor-element-484f41e elementor-section-full_width elementor-section-height-default elementor-section-height-default elementor-invisible\" data-id=\"484f41e\" data-element_type=\"section\" data-e-type=\"section\" data-settings=\"{&quot;animation&quot;:&quot;slideInUp&quot;}\">\n\t\t\t\t\t\t<div class=\"elementor-container elementor-column-gap-default\">\n\t\t\t\t\t<div class=\"elementor-column elementor-col-100 elementor-top-column elementor-element elementor-element-19948363\" data-id=\"19948363\" data-element_type=\"column\" data-e-type=\"column\">\n\t\t\t<div class=\"elementor-widget-wrap elementor-element-populated\">\n\t\t\t\t\t\t<div class=\"elementor-element elementor-element-339044a4 elementor-widget elementor-widget-google_maps\" data-id=\"339044a4\" data-element_type=\"widget\" data-e-type=\"widget\" data-widget_type=\"google_maps.default\">\n\t\t\t\t<div class=\"elementor-widget-container\">\n\t\t\t\t\t\t\t<div class=\"elementor-custom-embed\">\n\t\t\t<iframe loading=\"lazy\"\n\t\t\t\t\tsrc=\"https:\/\/maps.google.com\/maps?q=C%2F%20Pintor%20Joan%20Miro%2C%2016.%20Pol.%20Ind.%20Can%20Humet%20de%20Dalt%2C%2008213%20Poliny%C3%A0.%20Barcelona&#038;t=m&#038;z=15&#038;output=embed&#038;iwloc=near\"\n\t\t\t\t\ttitle=\"C\/ Pintor Joan Miro, 16. Pol. Ind. Can Humet de Dalt, 08213 Poliny\u00e0. Barcelone\"\n\t\t\t\t\taria-label=\"C\/ Pintor Joan Miro, 16. Pol. Ind. Can Humet de Dalt, 08213 Poliny\u00e0. Barcelone\"\n\t\t\t><\/iframe>\n\t\t<\/div>\n\t\t\t\t\t\t<\/div>\n\t\t\t\t<\/div>\n\t\t\t\t\t<\/div>\n\t\t<\/div>\n\t\t\t\t\t<\/div>\n\t\t<\/section>\n\t\t\t\t<\/div>","protected":false},"excerpt":{"rendered":"<p>Dermo : Usine de d\u00e9tergents pour carrosseries automobiles De par notre nature familiale et proche, deux valeurs qui nous accompagnent depuis plus de 25 ans de lutte quotidienne, chez Dermo SA nous essayons toujours de faire tout notre possible pour satisfaire nos clients et garantir que tous leurs besoins soient couverts dans ce monde qui englobe\u2026&nbsp;<a href=\"https:\/\/dermo.com\/fr\/detergents-carrosserie-2\/\" rel=\"bookmark\">En savoir plus &quot;<span class=\"screen-reader-text\">D\u00e9tergents pour carrosserie<\/span><\/a><\/p>","protected":false},"author":2,"featured_media":0,"parent":0,"menu_order":0,"comment_status":"closed","ping_status":"closed","template":"page-templates\/template-pagebuilder-full-width.php","meta":{"neve_meta_sidebar":"","neve_meta_container":"","neve_meta_enable_content_width":"","neve_meta_content_width":0,"neve_meta_title_alignment":"","neve_meta_author_avatar":"","neve_post_elements_order":"","neve_meta_disable_header":"","neve_meta_disable_footer":"","neve_meta_disable_title":"","footnotes":""},"class_list":["post-12534","page","type-page","status-publish","hentry"],"yoast_head":"<!-- This site is optimized with the Yoast SEO plugin v27.0 - https:\/\/yoast.com\/product\/yoast-seo-wordpress\/ -->\n<title>Detergentes carrocer\u00eda coche - Dermo | F\u00e1brica de detergentes<\/title>\n<meta name=\"robots\" content=\"index, follow, max-snippet:-1, max-image-preview:large, max-video-preview:-1\" \/>\n<link rel=\"canonical\" href=\"https:\/\/dermo.com\/fr\/detergents-carrosserie-2\/\" \/>\n<meta property=\"og:locale\" content=\"fr_FR\" \/>\n<meta property=\"og:type\" content=\"article\" \/>\n<meta property=\"og:title\" content=\"Detergentes carrocer\u00eda coche - Dermo | F\u00e1brica de detergentes\" \/>\n<meta property=\"og:description\" content=\"Dermo: F\u00e1brica de Detergentes para carrocer\u00eda de coche Por nuestro car\u00e1cter familiar y pr\u00f3ximo, dos valores que nos acompa\u00f1an tras m\u00e1s de 25 a\u00f1os luchando a diario por ello, en\u00a0Dermo S.A.\u00a0siempre tratamos de hacer todo lo posible por satisfacer a nuestros clientes y garantizarles el cubrimiento de todas sus necesidades en este mundo que abarca&hellip;&nbsp;Lire la suite &raquo;Detergentes carrocer\u00eda coche\" \/>\n<meta property=\"og:url\" content=\"https:\/\/dermo.com\/fr\/detergents-carrosserie-2\/\" \/>\n<meta property=\"og:site_name\" content=\"Dermo | F\u00e1brica de detergentes\" \/>\n<meta property=\"article:modified_time\" content=\"2025-02-19T10:39:23+00:00\" \/>\n<meta name=\"twitter:card\" content=\"summary_large_image\" \/>\n<meta name=\"twitter:label1\" content=\"Dur\u00e9e de lecture estim\u00e9e\" \/>\n\t<meta name=\"twitter:data1\" content=\"3 minutes\" \/>\n<script type=\"application\/ld+json\" class=\"yoast-schema-graph\">{\"@context\":\"https:\/\/schema.org\",\"@graph\":[{\"@type\":\"WebPage\",\"@id\":\"https:\/\/dermo.com\/detergentes-carroceria-coche-2\/\",\"url\":\"https:\/\/dermo.com\/detergentes-carroceria-coche-2\/\",\"name\":\"Detergentes carrocer\u00eda coche - Dermo | F\u00e1brica de detergentes\",\"isPartOf\":{\"@id\":\"https:\/\/dermo.com\/#website\"},\"datePublished\":\"2025-01-30T11:54:10+00:00\",\"dateModified\":\"2025-02-19T10:39:23+00:00\",\"breadcrumb\":{\"@id\":\"https:\/\/dermo.com\/detergentes-carroceria-coche-2\/#breadcrumb\"},\"inLanguage\":\"fr-FR\",\"potentialAction\":[{\"@type\":\"ReadAction\",\"target\":[\"https:\/\/dermo.com\/detergentes-carroceria-coche-2\/\"]}]},{\"@type\":\"BreadcrumbList\",\"@id\":\"https:\/\/dermo.com\/detergentes-carroceria-coche-2\/#breadcrumb\",\"itemListElement\":[{\"@type\":\"ListItem\",\"position\":1,\"name\":\"Portada\",\"item\":\"https:\/\/dermo.com\/\"},{\"@type\":\"ListItem\",\"position\":2,\"name\":\"Detergentes carrocer\u00eda coche\"}]},{\"@type\":\"WebSite\",\"@id\":\"https:\/\/dermo.com\/#website\",\"url\":\"https:\/\/dermo.com\/\",\"name\":\"Dermo | F\u00e1brica de detergentes\",\"description\":\"Tecnolog\u00eda avanzada, investigaci\u00f3n y desarrollo, respeto por el medio ambiente, competencia, formaci\u00f3n constante y alto nivel de profesionalidad en nuestro equipo humano, empe\u00f1ado en preservar la calidad de vida, la protecci\u00f3n del entorno natural contin\u00faan motiv\u00e1ndonos para desarrollar en nuestros laboratorios nuevos productos con ingredientes activos altamente biodegradables que hacen posible un desarrollo sostenible.\",\"potentialAction\":[{\"@type\":\"SearchAction\",\"target\":{\"@type\":\"EntryPoint\",\"urlTemplate\":\"https:\/\/dermo.com\/?s={search_term_string}\"},\"query-input\":{\"@type\":\"PropertyValueSpecification\",\"valueRequired\":true,\"valueName\":\"search_term_string\"}}],\"inLanguage\":\"fr-FR\"}]}<\/script>\n<!-- \/ Yoast SEO plugin. -->","yoast_head_json":{"title":"D\u00e9tergents pour carrosserie - Dermo | Usine de d\u00e9tergents","robots":{"index":"index","follow":"follow","max-snippet":"max-snippet:-1","max-image-preview":"max-image-preview:large","max-video-preview":"max-video-preview:-1"},"canonical":"https:\/\/dermo.com\/fr\/detergents-carrosserie-2\/","og_locale":"fr_FR","og_type":"article","og_title":"Detergentes carrocer\u00eda coche - Dermo | F\u00e1brica de detergentes","og_description":"Dermo: F\u00e1brica de Detergentes para carrocer\u00eda de coche Por nuestro car\u00e1cter familiar y pr\u00f3ximo, dos valores que nos acompa\u00f1an tras m\u00e1s de 25 a\u00f1os luchando a diario por ello, en\u00a0Dermo S.A.\u00a0siempre tratamos de hacer todo lo posible por satisfacer a nuestros clientes y garantizarles el cubrimiento de todas sus necesidades en este mundo que abarca&hellip;&nbsp;Lire la suite &raquo;Detergentes carrocer\u00eda coche","og_url":"https:\/\/dermo.com\/fr\/detergents-carrosserie-2\/","og_site_name":"Dermo | F\u00e1brica de detergentes","article_modified_time":"2025-02-19T10:39:23+00:00","twitter_card":"summary_large_image","twitter_misc":{"Dur\u00e9e de lecture estim\u00e9e":"3 minutes"},"schema":{"@context":"https:\/\/schema.org","@graph":[{"@type":"WebPage","@id":"https:\/\/dermo.com\/detergentes-carroceria-coche-2\/","url":"https:\/\/dermo.com\/detergentes-carroceria-coche-2\/","name":"D\u00e9tergents pour carrosserie - Dermo | Usine de d\u00e9tergents","isPartOf":{"@id":"https:\/\/dermo.com\/#website"},"datePublished":"2025-01-30T11:54:10+00:00","dateModified":"2025-02-19T10:39:23+00:00","breadcrumb":{"@id":"https:\/\/dermo.com\/detergentes-carroceria-coche-2\/#breadcrumb"},"inLanguage":"fr-FR","potentialAction":[{"@type":"ReadAction","target":["https:\/\/dermo.com\/detergentes-carroceria-coche-2\/"]}]},{"@type":"BreadcrumbList","@id":"https:\/\/dermo.com\/detergentes-carroceria-coche-2\/#breadcrumb","itemListElement":[{"@type":"ListItem","position":1,"name":"Portada","item":"https:\/\/dermo.com\/"},{"@type":"ListItem","position":2,"name":"Detergentes carrocer\u00eda coche"}]},{"@type":"WebSite","@id":"https:\/\/dermo.com\/#website","url":"https:\/\/dermo.com\/","name":"Dermo | usine de d\u00e9tergents","description":"Technologie avanc\u00e9e, recherche et d\u00e9veloppement, respect de l&#039;environnement, comp\u00e9tence, formation constante et haut niveau de professionnalisme de notre \u00e9quipe humaine, engag\u00e9e \u00e0 pr\u00e9server la qualit\u00e9 de vie, la protection de l&#039;environnement naturel continuent de nous motiver \u00e0 d\u00e9velopper de nouveaux produits dans notre laboratoires aux principes actifs hautement biod\u00e9gradables qui rendent possible le d\u00e9veloppement durable.","potentialAction":[{"@type":"SearchAction","target":{"@type":"EntryPoint","urlTemplate":"https:\/\/dermo.com\/?s={search_term_string}"},"query-input":{"@type":"PropertyValueSpecification","valueRequired":true,"valueName":"search_term_string"}}],"inLanguage":"fr-FR"}]}},"_links":{"self":[{"href":"https:\/\/dermo.com\/fr\/wp-json\/wp\/v2\/pages\/12534","targetHints":{"allow":["GET"]}}],"collection":[{"href":"https:\/\/dermo.com\/fr\/wp-json\/wp\/v2\/pages"}],"about":[{"href":"https:\/\/dermo.com\/fr\/wp-json\/wp\/v2\/types\/page"}],"author":[{"embeddable":true,"href":"https:\/\/dermo.com\/fr\/wp-json\/wp\/v2\/users\/2"}],"replies":[{"embeddable":true,"href":"https:\/\/dermo.com\/fr\/wp-json\/wp\/v2\/comments?post=12534"}],"version-history":[{"count":7,"href":"https:\/\/dermo.com\/fr\/wp-json\/wp\/v2\/pages\/12534\/revisions"}],"predecessor-version":[{"id":13442,"href":"https:\/\/dermo.com\/fr\/wp-json\/wp\/v2\/pages\/12534\/revisions\/13442"}],"wp:attachment":[{"href":"https:\/\/dermo.com\/fr\/wp-json\/wp\/v2\/media?parent=12534"}],"curies":[{"name":"wp","href":"https:\/\/api.w.org\/{rel}","templated":true}]}}