{"id":12535,"date":"2025-01-31T10:00:15","date_gmt":"2025-01-31T09:00:15","guid":{"rendered":"https:\/\/dermo.com\/?page_id=12535"},"modified":"2025-02-19T12:36:21","modified_gmt":"2025-02-19T11:36:21","slug":"assouplissant-avec-microcapsules-de-parfum-presto-crazy-sensation","status":"publish","type":"page","link":"https:\/\/dermo.com\/fr\/assouplissant-avec-microcapsules-de-parfum-presto-crazy-sensation\/","title":{"rendered":"Adoucissant avec microcapsules parfum\u00e9es (Presto Crazy Sensation)"},"content":{"rendered":"<div data-elementor-type=\"wp-page\" data-elementor-id=\"12535\" class=\"elementor elementor-12535\" data-elementor-post-type=\"page\">\n\t\t\t\t\t\t<section class=\"elementor-section elementor-top-section elementor-element elementor-element-a02683f elementor-section-boxed elementor-section-height-default elementor-section-height-default\" data-id=\"a02683f\" data-element_type=\"section\" data-e-type=\"section\" data-settings=\"{&quot;background_background&quot;:&quot;classic&quot;}\">\n\t\t\t\t\t\t\t<div class=\"elementor-background-overlay\"><\/div>\n\t\t\t\t\t\t\t<div class=\"elementor-container elementor-column-gap-default\">\n\t\t\t\t\t<div class=\"elementor-column elementor-col-100 elementor-top-column elementor-element elementor-element-f99dbff\" data-id=\"f99dbff\" data-element_type=\"column\" data-e-type=\"column\">\n\t\t\t<div class=\"elementor-widget-wrap elementor-element-populated\">\n\t\t\t\t\t\t\t<\/div>\n\t\t<\/div>\n\t\t\t\t\t<\/div>\n\t\t<\/section>\n\t\t\t\t<section class=\"elementor-section elementor-top-section elementor-element elementor-element-233ad3a4 elementor-section-boxed elementor-section-height-default elementor-section-height-default\" data-id=\"233ad3a4\" data-element_type=\"section\" data-e-type=\"section\">\n\t\t\t\t\t\t<div class=\"elementor-container elementor-column-gap-default\">\n\t\t\t\t\t<div class=\"elementor-column elementor-col-100 elementor-top-column elementor-element elementor-element-3244e578\" data-id=\"3244e578\" data-element_type=\"column\" data-e-type=\"column\">\n\t\t\t<div class=\"elementor-widget-wrap elementor-element-populated\">\n\t\t\t\t\t\t<section class=\"elementor-section elementor-inner-section elementor-element elementor-element-1a7040c2 elementor-section-content-middle elementor-section-boxed elementor-section-height-default elementor-section-height-default\" data-id=\"1a7040c2\" data-element_type=\"section\" data-e-type=\"section\">\n\t\t\t\t\t\t<div class=\"elementor-container elementor-column-gap-default\">\n\t\t\t\t\t<div class=\"elementor-column elementor-col-50 elementor-inner-column elementor-element elementor-element-58338543\" data-id=\"58338543\" data-element_type=\"column\" data-e-type=\"column\">\n\t\t\t<div class=\"elementor-widget-wrap elementor-element-populated\">\n\t\t\t\t\t\t<div class=\"elementor-element elementor-element-464b2e11 elementor-widget elementor-widget-text-editor\" data-id=\"464b2e11\" data-element_type=\"widget\" data-e-type=\"widget\" data-widget_type=\"text-editor.default\">\n\t\t\t\t<div class=\"elementor-widget-container\">\n\t\t\t\t\t\t\t\t\t<p>Il existe de nombreuses raisons pour lesquelles nous nous tournons vers\u00a0<strong>assouplissant avec microcapsules parfum\u00e9es<\/strong>\u00a0jour de lessive. L&#039;habitude, pour commencer. Mais nous voulons aussi que nos v\u00eatements et notre linge sentent bon et soient confortables, et qu&#039;ils soient sans plis et sans \u00e9lectricit\u00e9 statique.<\/p><p>Pour certains, le\u00a0<strong>assouplissant avec microcapsules parfum\u00e9es<\/strong>\u00a0C&#039;est aussi essentiel que le d\u00e9tergent. Les raisons \u00e9videntes d&#039;utiliser\u00a0<strong>assouplissant avec microcapsules parfum\u00e9es<\/strong>\u00a0sont valables. C&#039;est un moyen efficace de garder les tissus doux. Il aide \u00e9galement \u00e0 r\u00e9duire la friction entre les fibres, ce qui cr\u00e9e moins d\u2019\u00e9lectricit\u00e9 statique et aide \u00e0 prot\u00e9ger les v\u00eatements de l\u2019usure, leur permettant ainsi de durer plus longtemps que sans lui. Sans oublier que c&#039;est un moyen simple d&#039;ajouter une touche de parfum \u00e0 vos v\u00eatements.<\/p><p>Il\u00a0<strong>assouplissant avec microcapsules parfum\u00e9es<\/strong>\u00a0fait exactement ce que son nom sugg\u00e8re : il adoucit les tissus. Garde vos v\u00eatements et votre literie tr\u00e8s confortables, leur donne un parfum agr\u00e9able et aide \u00e0 pr\u00e9venir les plis et l&#039;\u00e9lectricit\u00e9 statique d\u00e8s la sortie du lavage. Cela peut \u00eatre particuli\u00e8rement important si vous n&#039;aimez pas repasser. Vos v\u00eatements se lissent rapidement car le\u00a0<strong>assouplissant avec microcapsules parfum\u00e9es<\/strong>\u00a0r\u00e9duit la r\u00e9sistance de surface.<\/p>\t\t\t\t\t\t\t\t<\/div>\n\t\t\t\t<\/div>\n\t\t\t\t\t<\/div>\n\t\t<\/div>\n\t\t\t\t<div class=\"elementor-column elementor-col-50 elementor-inner-column elementor-element elementor-element-137356a elementor-invisible\" data-id=\"137356a\" data-element_type=\"column\" data-e-type=\"column\" data-settings=\"{&quot;animation&quot;:&quot;bounceInRight&quot;}\">\n\t\t\t<div class=\"elementor-widget-wrap elementor-element-populated\">\n\t\t\t\t\t\t<div class=\"elementor-element elementor-element-91fdef7 elementor-widget__width-initial elementor-widget elementor-widget-elementskit-contact-form7\" data-id=\"91fdef7\" data-element_type=\"widget\" data-e-type=\"widget\" data-widget_type=\"elementskit-contact-form7.default\">\n\t\t\t\t<div class=\"elementor-widget-container\">\n\t\t\t\t\t<div class=\"ekit-wid-con\" ><div class=\"ekit-form\">\n<div class=\"wpcf7 no-js\" id=\"wpcf7-f13292-p12535-o1\" lang=\"es-ES\" dir=\"ltr\" data-wpcf7-id=\"13292\">\n<div class=\"screen-reader-response\"><p role=\"status\" aria-live=\"polite\" aria-atomic=\"true\"><\/p> <ul><\/ul><\/div>\n<form action=\"\/fr\/assouplissant-avec-microcapsules-de-parfum-presto-crazy-sensation\/#wpcf7-f13292-p12535-o1\" method=\"post\" class=\"wpcf7-form init\" aria-label=\"Formulaire de contact\" novalidate=\"novalidate\" data-status=\"init\" data-trp-original-action=\"\/suavizante-con-microcapsulas-de-perfume-presto-crazy-sensation\/#wpcf7-f13292-p12535-o1\">\n<fieldset class=\"hidden-fields-container\"><input type=\"hidden\" name=\"_wpcf7\" value=\"13292\" \/><input type=\"hidden\" name=\"_wpcf7_version\" value=\"6.1.5\" \/><input type=\"hidden\" name=\"_wpcf7_locale\" value=\"es_ES\" \/><input type=\"hidden\" name=\"_wpcf7_unit_tag\" value=\"wpcf7-f13292-p12535-o1\" \/><input type=\"hidden\" name=\"_wpcf7_container_post\" value=\"12535\" \/><input type=\"hidden\" name=\"_wpcf7_posted_data_hash\" value=\"\" \/><input type=\"hidden\" name=\"_wpcf7_recaptcha_response\" value=\"\" \/>\n<\/fieldset>\n<div style=\"display: flex; gap: 10px;\">\n\t<div style=\"width: 50%;\">\n\t\t<p><span class=\"wpcf7-form-control-wrap\" data-name=\"your-name\"><input size=\"40\" maxlength=\"400\" class=\"wpcf7-form-control wpcf7-text wpcf7-validates-as-required\" aria-required=\"true\" aria-invalid=\"false\" placeholder=\"Nom\" value=\"\" type=\"text\" name=\"your-name\" \/><\/span>\n\t\t<\/p>\n\t<\/div>\n\t<div style=\"width: 50%;\">\n\t\t<p><span class=\"wpcf7-form-control-wrap\" data-name=\"your-phone\"><input size=\"40\" maxlength=\"400\" class=\"wpcf7-form-control wpcf7-tel wpcf7-validates-as-required wpcf7-text wpcf7-validates-as-tel\" aria-required=\"true\" aria-invalid=\"false\" placeholder=\"T\u00e9l\u00e9phone\" value=\"\" type=\"tel\" name=\"your-phone\" \/><\/span>\n\t\t<\/p>\n\t<\/div>\n<\/div>\n<p><span class=\"wpcf7-form-control-wrap\" data-name=\"your-email\"><input size=\"40\" maxlength=\"400\" class=\"wpcf7-form-control wpcf7-email wpcf7-validates-as-required wpcf7-text wpcf7-validates-as-email\" aria-required=\"true\" aria-invalid=\"false\" placeholder=\"E-mail\" value=\"\" type=\"email\" name=\"your-email\" \/><\/span>\n<\/p>\n<div style=\"display: flex; gap: 10px;\">\n\t<div style=\"width: 50%;\">\n\t\t<p><span class=\"wpcf7-form-control-wrap\" data-name=\"your-country\"><input size=\"40\" maxlength=\"400\" class=\"wpcf7-form-control wpcf7-text wpcf7-validates-as-required\" aria-required=\"true\" aria-invalid=\"false\" placeholder=\"Pays\" value=\"\" type=\"text\" name=\"your-country\" \/><\/span>\n\t\t<\/p>\n\t<\/div>\n\t<div style=\"width: 50%;\">\n\t\t<p><span class=\"wpcf7-form-control-wrap\" data-name=\"your-city\"><input size=\"40\" maxlength=\"400\" class=\"wpcf7-form-control wpcf7-text wpcf7-validates-as-required\" aria-required=\"true\" aria-invalid=\"false\" placeholder=\"Population\" value=\"\" type=\"text\" name=\"your-city\" \/><\/span>\n\t\t<\/p>\n\t<\/div>\n<\/div>\n<p><span class=\"wpcf7-form-control-wrap\" data-name=\"your-subject\"><select class=\"wpcf7-form-control wpcf7-select\" aria-invalid=\"false\" name=\"your-subject\"><option value=\"Quiero ser distribuidor\">Je veux \u00eatre distributeur<\/option><option value=\"Presupuesto\">Budget<\/option><option value=\"Consulta\">Consultation<\/option><option value=\"Sugerencia\">Suggestion<\/option><option value=\"Otros\">Autres<\/option><\/select><\/span>\n<\/p>\n<p><span class=\"wpcf7-form-control-wrap\" data-name=\"your-message\"><textarea cols=\"40\" rows=\"10\" maxlength=\"2000\" class=\"wpcf7-form-control wpcf7-textarea\" aria-invalid=\"false\" placeholder=\"Message ou demande\" name=\"your-message\"><\/textarea><\/span>\n<\/p>\n<div style=\"display: flex; align-items: center; gap: 10px;\">\n\t<p><span class=\"wpcf7-form-control-wrap\" data-name=\"privacy-policy\"><span class=\"wpcf7-form-control wpcf7-acceptance\"><span class=\"wpcf7-list-item\"><input type=\"checkbox\" name=\"privacy-policy\" value=\"1\" aria-invalid=\"false\" \/><\/span><\/span><\/span><label for=\"privacy-policy\" style=\"margin-left: 5px;\">J&#039;ai lu et accept\u00e9 la politique de confidentialit\u00e9.<\/label>\n\t<\/p>\n<\/div>\n<div style=\"display: flex; align-items: center; gap: 10px;\">\n\t<p><span class=\"wpcf7-form-control-wrap\" data-name=\"send-info\"><span class=\"wpcf7-form-control wpcf7-acceptance\"><span class=\"wpcf7-list-item\"><input type=\"checkbox\" name=\"send-info\" value=\"1\" aria-invalid=\"false\" \/><\/span><\/span><\/span><label for=\"send-info\" style=\"margin-left: 5px;\">J&#039;accepte de recevoir des informations.<\/label>\n\t<\/p>\n<\/div>\n<p><input class=\"wpcf7-form-control wpcf7-submit has-spinner\" type=\"submit\" value=\"Envoyer\" \/>\n<\/p><div class=\"wpcf7-response-output\" aria-hidden=\"true\"><\/div>\n<input type=\"hidden\" name=\"trp-form-language\" value=\"fr\"\/><\/form>\n<\/div>\n<\/div><\/div>\t\t\t\t<\/div>\n\t\t\t\t<\/div>\n\t\t\t\t\t<\/div>\n\t\t<\/div>\n\t\t\t\t\t<\/div>\n\t\t<\/section>\n\t\t\t\t<div class=\"elementor-element elementor-element-615d68f elementor-widget elementor-widget-text-editor\" data-id=\"615d68f\" data-element_type=\"widget\" data-e-type=\"widget\" data-widget_type=\"text-editor.default\">\n\t\t\t\t<div class=\"elementor-widget-container\">\n\t\t\t\t\t\t\t\t\t<p>L&#039;utilisation de\u00a0<strong>assouplissant avec microcapsules parfum\u00e9es<\/strong>\u00a0dans votre lavage est un moyen de r\u00e9duire les plis, d&#039;emp\u00eacher l&#039;accumulation d&#039;\u00e9lectricit\u00e9 statique, de rendre vos v\u00eatements plus doux et de leur laisser une odeur fra\u00eeche. Un assouplissant peut \u00e9galement prolonger la dur\u00e9e de vie de vos v\u00eatements en emp\u00eachant l\u2019\u00e9lectricit\u00e9 statique de \u00ab s\u2019accrocher \u00bb et en pr\u00e9venant l\u2019usure.<\/p><p>La meilleure partie est qu&#039;un\u00a0<strong>assouplissant avec microcapsules parfum\u00e9es<\/strong>\u00a0fait plus que simplement maintenir la forme de votre v\u00eatement. Attendez-vous \u00e0 ce qu&#039;il garde vos v\u00eatements brillants, car les tensioactifs fournissent une couche suppl\u00e9mentaire pour prot\u00e9ger la fibre des frottements standard lors du lavage. Ainsi, vos v\u00eatements ne se d\u00e9coloreront pas rapidement. Un autre avantage est qu\u2019il y aura moins de boulochage, alors dites adieu \u00e0 ces boules de poils tenaces.<\/p><p>L\u2019un des avantages les plus populaires de l\u2019utilisation\u00a0<strong>assouplissant avec microcapsules parfum\u00e9es<\/strong>\u00a0est de rendre tout tissu plus \u00e9lastique et agr\u00e9able au toucher. Les fibres enduites r\u00e9duisent l\u2019\u00e9lectricit\u00e9 statique qui peut autrement vous irriter lorsque les v\u00eatements collent \u00e0 votre peau.<\/p><p>L&#039;utilisation de\u00a0<strong>assouplissant avec microcapsules parfum\u00e9es<\/strong>\u00a0peut contrer la s\u00e9cheresse que les d\u00e9tergents \u00e0 lessive peuvent provoquer. Si vous ne l&#039;utilisez pas apr\u00e8s avoir lav\u00e9 vos v\u00eatements, il finira par rendre rugueux et irriter la peau sensible. Cela est particuli\u00e8rement probl\u00e9matique pour les enfants.<\/p>\t\t\t\t\t\t\t\t<\/div>\n\t\t\t\t<\/div>\n\t\t\t\t\t<\/div>\n\t\t<\/div>\n\t\t\t\t\t<\/div>\n\t\t<\/section>\n\t\t\t\t<section class=\"elementor-section elementor-top-section elementor-element elementor-element-484f41e elementor-section-full_width elementor-section-height-default elementor-section-height-default elementor-invisible\" data-id=\"484f41e\" data-element_type=\"section\" data-e-type=\"section\" data-settings=\"{&quot;animation&quot;:&quot;slideInUp&quot;}\">\n\t\t\t\t\t\t<div class=\"elementor-container elementor-column-gap-default\">\n\t\t\t\t\t<div class=\"elementor-column elementor-col-100 elementor-top-column elementor-element elementor-element-19948363\" data-id=\"19948363\" data-element_type=\"column\" data-e-type=\"column\">\n\t\t\t<div class=\"elementor-widget-wrap elementor-element-populated\">\n\t\t\t\t\t\t<div class=\"elementor-element elementor-element-339044a4 elementor-widget elementor-widget-google_maps\" data-id=\"339044a4\" data-element_type=\"widget\" data-e-type=\"widget\" data-widget_type=\"google_maps.default\">\n\t\t\t\t<div class=\"elementor-widget-container\">\n\t\t\t\t\t\t\t<div class=\"elementor-custom-embed\">\n\t\t\t<iframe loading=\"lazy\"\n\t\t\t\t\tsrc=\"https:\/\/maps.google.com\/maps?q=C%2F%20Pintor%20Joan%20Miro%2C%2016.%20Pol.%20Ind.%20Can%20Humet%20de%20Dalt%2C%2008213%20Poliny%C3%A0.%20Barcelona&#038;t=m&#038;z=15&#038;output=embed&#038;iwloc=near\"\n\t\t\t\t\ttitle=\"C\/ Pintor Joan Miro, 16. Pol. Ind. Can Humet de Dalt, 08213 Poliny\u00e0. Barcelone\"\n\t\t\t\t\taria-label=\"C\/ Pintor Joan Miro, 16. Pol. Ind. Can Humet de Dalt, 08213 Poliny\u00e0. Barcelone\"\n\t\t\t><\/iframe>\n\t\t<\/div>\n\t\t\t\t\t\t<\/div>\n\t\t\t\t<\/div>\n\t\t\t\t\t<\/div>\n\t\t<\/div>\n\t\t\t\t\t<\/div>\n\t\t<\/section>\n\t\t\t\t<\/div>","protected":false},"excerpt":{"rendered":"<p>Il existe de nombreuses raisons pour lesquelles nous utilisons un assouplissant aux microcapsules parfum\u00e9es le jour de la lessive. L&#039;habitude, d&#039;abord. Mais nous souhaitons aussi que nos v\u00eatements et nos draps sentent bon et soient confortables, et qu&#039;ils ressortent sans plis ni \u00e9lectricit\u00e9 statique. Pour certains, l&#039;assouplissant aux microcapsules parfum\u00e9es est aussi essentiel que la lessive.&nbsp;<a href=\"https:\/\/dermo.com\/fr\/assouplissant-avec-microcapsules-de-parfum-presto-crazy-sensation\/\" rel=\"bookmark\">En savoir plus &quot;<span class=\"screen-reader-text\">Adoucissant avec microcapsules parfum\u00e9es (Presto Crazy Sensation)<\/span><\/a><\/p>","protected":false},"author":2,"featured_media":0,"parent":0,"menu_order":0,"comment_status":"closed","ping_status":"closed","template":"page-templates\/template-pagebuilder-full-width.php","meta":{"neve_meta_sidebar":"","neve_meta_container":"","neve_meta_enable_content_width":"","neve_meta_content_width":0,"neve_meta_title_alignment":"","neve_meta_author_avatar":"","neve_post_elements_order":"","neve_meta_disable_header":"","neve_meta_disable_footer":"","neve_meta_disable_title":"","footnotes":""},"class_list":["post-12535","page","type-page","status-publish","hentry"],"yoast_head":"<!-- This site is optimized with the Yoast SEO plugin v27.0 - https:\/\/yoast.com\/product\/yoast-seo-wordpress\/ -->\n<title>Suavizante con microc\u00e1psulas de perfume (Presto Crazy Sensation) - Dermo | F\u00e1brica de detergentes<\/title>\n<meta name=\"robots\" content=\"index, follow, max-snippet:-1, max-image-preview:large, max-video-preview:-1\" \/>\n<link rel=\"canonical\" href=\"https:\/\/dermo.com\/fr\/assouplissant-avec-microcapsules-de-parfum-presto-crazy-sensation\/\" \/>\n<meta property=\"og:locale\" content=\"fr_FR\" \/>\n<meta property=\"og:type\" content=\"article\" \/>\n<meta property=\"og:title\" content=\"Suavizante con microc\u00e1psulas de perfume (Presto Crazy Sensation) - Dermo | F\u00e1brica de detergentes\" \/>\n<meta property=\"og:description\" content=\"Hay muchas razones por las que recurrimos al\u00a0suavizante con microc\u00e1psulas de perfume\u00a0el d\u00eda de la colada. H\u00e1bito, para uno. Pero tambi\u00e9n queremos que nuestra ropa y s\u00e1banas tengan un olor fresco y se sientan c\u00f3modas, y que salgan libres de arrugas y est\u00e1tica. Para algunos, el\u00a0suavizante con microc\u00e1psulas de perfume\u00a0es tan esencial como el detergente.&hellip;&nbsp;Lire la suite &raquo;Suavizante con microc\u00e1psulas de perfume (Presto Crazy Sensation)\" \/>\n<meta property=\"og:url\" content=\"https:\/\/dermo.com\/fr\/assouplissant-avec-microcapsules-de-parfum-presto-crazy-sensation\/\" \/>\n<meta property=\"og:site_name\" content=\"Dermo | F\u00e1brica de detergentes\" \/>\n<meta property=\"article:modified_time\" content=\"2025-02-19T11:36:21+00:00\" \/>\n<meta name=\"twitter:card\" content=\"summary_large_image\" \/>\n<meta name=\"twitter:label1\" content=\"Dur\u00e9e de lecture estim\u00e9e\" \/>\n\t<meta name=\"twitter:data1\" content=\"3 minutes\" \/>\n<script type=\"application\/ld+json\" class=\"yoast-schema-graph\">{\"@context\":\"https:\/\/schema.org\",\"@graph\":[{\"@type\":\"WebPage\",\"@id\":\"https:\/\/dermo.com\/suavizante-con-microcapsulas-de-perfume-presto-crazy-sensation\/\",\"url\":\"https:\/\/dermo.com\/suavizante-con-microcapsulas-de-perfume-presto-crazy-sensation\/\",\"name\":\"Suavizante con microc\u00e1psulas de perfume (Presto Crazy Sensation) - Dermo | F\u00e1brica de detergentes\",\"isPartOf\":{\"@id\":\"https:\/\/dermo.com\/#website\"},\"datePublished\":\"2025-01-31T09:00:15+00:00\",\"dateModified\":\"2025-02-19T11:36:21+00:00\",\"breadcrumb\":{\"@id\":\"https:\/\/dermo.com\/suavizante-con-microcapsulas-de-perfume-presto-crazy-sensation\/#breadcrumb\"},\"inLanguage\":\"fr-FR\",\"potentialAction\":[{\"@type\":\"ReadAction\",\"target\":[\"https:\/\/dermo.com\/suavizante-con-microcapsulas-de-perfume-presto-crazy-sensation\/\"]}]},{\"@type\":\"BreadcrumbList\",\"@id\":\"https:\/\/dermo.com\/suavizante-con-microcapsulas-de-perfume-presto-crazy-sensation\/#breadcrumb\",\"itemListElement\":[{\"@type\":\"ListItem\",\"position\":1,\"name\":\"Portada\",\"item\":\"https:\/\/dermo.com\/\"},{\"@type\":\"ListItem\",\"position\":2,\"name\":\"Suavizante con microc\u00e1psulas de perfume (Presto Crazy Sensation)\"}]},{\"@type\":\"WebSite\",\"@id\":\"https:\/\/dermo.com\/#website\",\"url\":\"https:\/\/dermo.com\/\",\"name\":\"Dermo | F\u00e1brica de detergentes\",\"description\":\"Tecnolog\u00eda avanzada, investigaci\u00f3n y desarrollo, respeto por el medio ambiente, competencia, formaci\u00f3n constante y alto nivel de profesionalidad en nuestro equipo humano, empe\u00f1ado en preservar la calidad de vida, la protecci\u00f3n del entorno natural contin\u00faan motiv\u00e1ndonos para desarrollar en nuestros laboratorios nuevos productos con ingredientes activos altamente biodegradables que hacen posible un desarrollo sostenible.\",\"potentialAction\":[{\"@type\":\"SearchAction\",\"target\":{\"@type\":\"EntryPoint\",\"urlTemplate\":\"https:\/\/dermo.com\/?s={search_term_string}\"},\"query-input\":{\"@type\":\"PropertyValueSpecification\",\"valueRequired\":true,\"valueName\":\"search_term_string\"}}],\"inLanguage\":\"fr-FR\"}]}<\/script>\n<!-- \/ Yoast SEO plugin. -->","yoast_head_json":{"title":"Adoucissant avec microcapsules de parfum (Presto Crazy Sensation) - Dermo | Usine de d\u00e9tergents","robots":{"index":"index","follow":"follow","max-snippet":"max-snippet:-1","max-image-preview":"max-image-preview:large","max-video-preview":"max-video-preview:-1"},"canonical":"https:\/\/dermo.com\/fr\/assouplissant-avec-microcapsules-de-parfum-presto-crazy-sensation\/","og_locale":"fr_FR","og_type":"article","og_title":"Suavizante con microc\u00e1psulas de perfume (Presto Crazy Sensation) - Dermo | F\u00e1brica de detergentes","og_description":"Hay muchas razones por las que recurrimos al\u00a0suavizante con microc\u00e1psulas de perfume\u00a0el d\u00eda de la colada. H\u00e1bito, para uno. Pero tambi\u00e9n queremos que nuestra ropa y s\u00e1banas tengan un olor fresco y se sientan c\u00f3modas, y que salgan libres de arrugas y est\u00e1tica. Para algunos, el\u00a0suavizante con microc\u00e1psulas de perfume\u00a0es tan esencial como el detergente.&hellip;&nbsp;Lire la suite &raquo;Suavizante con microc\u00e1psulas de perfume (Presto Crazy Sensation)","og_url":"https:\/\/dermo.com\/fr\/assouplissant-avec-microcapsules-de-parfum-presto-crazy-sensation\/","og_site_name":"Dermo | F\u00e1brica de detergentes","article_modified_time":"2025-02-19T11:36:21+00:00","twitter_card":"summary_large_image","twitter_misc":{"Dur\u00e9e de lecture estim\u00e9e":"3 minutes"},"schema":{"@context":"https:\/\/schema.org","@graph":[{"@type":"WebPage","@id":"https:\/\/dermo.com\/suavizante-con-microcapsulas-de-perfume-presto-crazy-sensation\/","url":"https:\/\/dermo.com\/suavizante-con-microcapsulas-de-perfume-presto-crazy-sensation\/","name":"Adoucissant avec microcapsules de parfum (Presto Crazy Sensation) - Dermo | Usine de d\u00e9tergents","isPartOf":{"@id":"https:\/\/dermo.com\/#website"},"datePublished":"2025-01-31T09:00:15+00:00","dateModified":"2025-02-19T11:36:21+00:00","breadcrumb":{"@id":"https:\/\/dermo.com\/suavizante-con-microcapsulas-de-perfume-presto-crazy-sensation\/#breadcrumb"},"inLanguage":"fr-FR","potentialAction":[{"@type":"ReadAction","target":["https:\/\/dermo.com\/suavizante-con-microcapsulas-de-perfume-presto-crazy-sensation\/"]}]},{"@type":"BreadcrumbList","@id":"https:\/\/dermo.com\/suavizante-con-microcapsulas-de-perfume-presto-crazy-sensation\/#breadcrumb","itemListElement":[{"@type":"ListItem","position":1,"name":"Portada","item":"https:\/\/dermo.com\/"},{"@type":"ListItem","position":2,"name":"Suavizante con microc\u00e1psulas de perfume (Presto Crazy Sensation)"}]},{"@type":"WebSite","@id":"https:\/\/dermo.com\/#website","url":"https:\/\/dermo.com\/","name":"Dermo | usine de d\u00e9tergents","description":"Technologie avanc\u00e9e, recherche et d\u00e9veloppement, respect de l&#039;environnement, comp\u00e9tence, formation constante et haut niveau de professionnalisme de notre \u00e9quipe humaine, engag\u00e9e \u00e0 pr\u00e9server la qualit\u00e9 de vie, la protection de l&#039;environnement naturel continuent de nous motiver \u00e0 d\u00e9velopper de nouveaux produits dans notre laboratoires aux principes actifs hautement biod\u00e9gradables qui rendent possible le d\u00e9veloppement durable.","potentialAction":[{"@type":"SearchAction","target":{"@type":"EntryPoint","urlTemplate":"https:\/\/dermo.com\/?s={search_term_string}"},"query-input":{"@type":"PropertyValueSpecification","valueRequired":true,"valueName":"search_term_string"}}],"inLanguage":"fr-FR"}]}},"_links":{"self":[{"href":"https:\/\/dermo.com\/fr\/wp-json\/wp\/v2\/pages\/12535","targetHints":{"allow":["GET"]}}],"collection":[{"href":"https:\/\/dermo.com\/fr\/wp-json\/wp\/v2\/pages"}],"about":[{"href":"https:\/\/dermo.com\/fr\/wp-json\/wp\/v2\/types\/page"}],"author":[{"embeddable":true,"href":"https:\/\/dermo.com\/fr\/wp-json\/wp\/v2\/users\/2"}],"replies":[{"embeddable":true,"href":"https:\/\/dermo.com\/fr\/wp-json\/wp\/v2\/comments?post=12535"}],"version-history":[{"count":8,"href":"https:\/\/dermo.com\/fr\/wp-json\/wp\/v2\/pages\/12535\/revisions"}],"predecessor-version":[{"id":13723,"href":"https:\/\/dermo.com\/fr\/wp-json\/wp\/v2\/pages\/12535\/revisions\/13723"}],"wp:attachment":[{"href":"https:\/\/dermo.com\/fr\/wp-json\/wp\/v2\/media?parent=12535"}],"curies":[{"name":"wp","href":"https:\/\/api.w.org\/{rel}","templated":true}]}}