{"id":12540,"date":"2025-01-30T12:55:02","date_gmt":"2025-01-30T11:55:02","guid":{"rendered":"https:\/\/dermo.com\/?page_id=12540"},"modified":"2025-02-19T12:07:04","modified_gmt":"2025-02-19T11:07:04","slug":"nettoyage-detergents-laboratoire","status":"publish","type":"page","link":"https:\/\/dermo.com\/fr\/nettoyage-detergents-laboratoire\/","title":{"rendered":"Laboratoire de d\u00e9tergents de nettoyage"},"content":{"rendered":"<div data-elementor-type=\"wp-page\" data-elementor-id=\"12540\" class=\"elementor elementor-12540\" data-elementor-post-type=\"page\">\n\t\t\t\t\t\t<section class=\"elementor-section elementor-top-section elementor-element elementor-element-a02683f elementor-section-boxed elementor-section-height-default elementor-section-height-default\" data-id=\"a02683f\" data-element_type=\"section\" data-e-type=\"section\" data-settings=\"{&quot;background_background&quot;:&quot;classic&quot;}\">\n\t\t\t\t\t\t\t<div class=\"elementor-background-overlay\"><\/div>\n\t\t\t\t\t\t\t<div class=\"elementor-container elementor-column-gap-default\">\n\t\t\t\t\t<div class=\"elementor-column elementor-col-100 elementor-top-column elementor-element elementor-element-f99dbff\" data-id=\"f99dbff\" data-element_type=\"column\" data-e-type=\"column\">\n\t\t\t<div class=\"elementor-widget-wrap elementor-element-populated\">\n\t\t\t\t\t\t\t<\/div>\n\t\t<\/div>\n\t\t\t\t\t<\/div>\n\t\t<\/section>\n\t\t\t\t<section class=\"elementor-section elementor-top-section elementor-element elementor-element-233ad3a4 elementor-section-boxed elementor-section-height-default elementor-section-height-default\" data-id=\"233ad3a4\" data-element_type=\"section\" data-e-type=\"section\">\n\t\t\t\t\t\t<div class=\"elementor-container elementor-column-gap-default\">\n\t\t\t\t\t<div class=\"elementor-column elementor-col-100 elementor-top-column elementor-element elementor-element-3244e578\" data-id=\"3244e578\" data-element_type=\"column\" data-e-type=\"column\">\n\t\t\t<div class=\"elementor-widget-wrap elementor-element-populated\">\n\t\t\t\t\t\t<section class=\"elementor-section elementor-inner-section elementor-element elementor-element-1a7040c2 elementor-section-content-middle elementor-section-boxed elementor-section-height-default elementor-section-height-default\" data-id=\"1a7040c2\" data-element_type=\"section\" data-e-type=\"section\">\n\t\t\t\t\t\t<div class=\"elementor-container elementor-column-gap-default\">\n\t\t\t\t\t<div class=\"elementor-column elementor-col-50 elementor-inner-column elementor-element elementor-element-58338543\" data-id=\"58338543\" data-element_type=\"column\" data-e-type=\"column\">\n\t\t\t<div class=\"elementor-widget-wrap elementor-element-populated\">\n\t\t\t\t\t\t<div class=\"elementor-element elementor-element-464b2e11 elementor-widget elementor-widget-text-editor\" data-id=\"464b2e11\" data-element_type=\"widget\" data-e-type=\"widget\" data-widget_type=\"text-editor.default\">\n\t\t\t\t<div class=\"elementor-widget-container\">\n\t\t\t\t\t\t\t\t\t<p><strong>Dermo SA,\u00a0<\/strong>veut \u00eatre \u00e0 toi\u00a0<strong>usine de d\u00e9tergents et laboratoire<\/strong>\u00a0pour la cr\u00e9ation, la fabrication et la distribution de tous types de produits de cette nature, li\u00e9s \u00e0 des besoins primaires tels que :\u00a0<strong>nettoyage<\/strong>\u00a0et le\u00a0<strong>hygi\u00e8ne<\/strong>, apr\u00e8s une longue carri\u00e8re de plus de 25 ans. Avec la mission claire et directe d&#039;obtenir la satisfaction de tous nos clients en offrant un service comme celui-ci, auquel nous nous engageons depuis si longtemps et que nous respectons, en\u00a0<strong>Dermo SA,<\/strong>\u00a0Vous trouverez l&#039;endroit id\u00e9al et surtout les personnes qui r\u00e9pondront \u00e0 vos besoins, \u00e9couteront vos demandes et feront tout leur possible pour que ces demandes deviennent le produit m\u00e9rit\u00e9. La passion fait avancer les rouages de cette entreprise que nous avons cr\u00e9\u00e9e et sous-tend les \u00e9tapes \u00e0 suivre pour le d\u00e9veloppement et la cr\u00e9ation de\u00a0<strong>d\u00e9tergents<\/strong>\u00a0et accessoires et compl\u00e9ments en\u00a0<strong>nettoyage<\/strong>\u00a0et\u00a0<strong>hygi\u00e8ne\u00a0<\/strong>dans notre<strong>\u00a0laboratoire.<\/strong>\u00a0Plusieurs fois,\u00a0<strong>nettoyage<\/strong>\u00a0et\u00a0<strong>hygi\u00e8ne<\/strong>\u00a0Ils n\u2019ont pas \u00e9t\u00e9 pris en compte comme le besoin premier qu\u2019ils repr\u00e9sentent. Fournir des produits avec lesquels profiter de cela\u00a0<strong>nettoyage<\/strong>\u00a0et\u00a0<strong>hygi\u00e8ne<\/strong>, comme\u00a0<strong>d\u00e9tergents<\/strong>, est le service dans lequel nous sommes le mieux sp\u00e9cialis\u00e9s\u00a0<strong>Dermo SA<\/strong>., et pour qui nous ressentons une profonde d\u00e9votion et un profond respect.<\/p><p>Dans\u00a0<strong>Dermo SA<\/strong>\u00a0Nous nous sommes sp\u00e9cialis\u00e9s dans la production de nos propres\u00a0<strong>d\u00e9tergents<\/strong>, non seulement au service de notre marque, mais aussi en cr\u00e9ant des produits sp\u00e9cifiques pour nos clients, \u00e0 la fois pour\u00a0<strong>nettoyage<\/strong>\u00a0et\u00a0<strong>hygi\u00e8ne<\/strong>\u00a0de caract\u00e8re\u00a0<strong>domestique\u00a0<\/strong>et\u00a0<strong>industriel<\/strong>, sur les march\u00e9s nationaux et internationaux. Des produits aussi vari\u00e9s que nos d\u00e9tergents les plus connus, notamment des assouplissants, des produits pour lave-vaisselle, des azurants, des d\u00e9tartrants et des nettoyants \u00e0 usage sp\u00e9cifique.\u00a0<\/p>\t\t\t\t\t\t\t\t<\/div>\n\t\t\t\t<\/div>\n\t\t\t\t\t<\/div>\n\t\t<\/div>\n\t\t\t\t<div class=\"elementor-column elementor-col-50 elementor-inner-column elementor-element elementor-element-44efcdd elementor-invisible\" data-id=\"44efcdd\" data-element_type=\"column\" data-e-type=\"column\" data-settings=\"{&quot;animation&quot;:&quot;bounceInRight&quot;}\">\n\t\t\t<div class=\"elementor-widget-wrap elementor-element-populated\">\n\t\t\t\t\t\t<div class=\"elementor-element elementor-element-f3d0980 elementor-widget__width-initial elementor-widget elementor-widget-elementskit-contact-form7\" data-id=\"f3d0980\" data-element_type=\"widget\" data-e-type=\"widget\" data-widget_type=\"elementskit-contact-form7.default\">\n\t\t\t\t<div class=\"elementor-widget-container\">\n\t\t\t\t\t<div class=\"ekit-wid-con\" ><div class=\"ekit-form\">\n<div class=\"wpcf7 no-js\" id=\"wpcf7-f13292-p12540-o1\" lang=\"es-ES\" dir=\"ltr\" data-wpcf7-id=\"13292\">\n<div class=\"screen-reader-response\"><p role=\"status\" aria-live=\"polite\" aria-atomic=\"true\"><\/p> <ul><\/ul><\/div>\n<form action=\"\/fr\/nettoyage-detergents-laboratoire\/#wpcf7-f13292-p12540-o1\" method=\"post\" class=\"wpcf7-form init\" aria-label=\"Formulario de contacto\" novalidate=\"novalidate\" data-status=\"init\" data-no-translation-aria-label=\"\" data-trp-original-action=\"\/fr\/laboratorio-de-detergentes-de-limpieza\/#wpcf7-f13292-p12540-o1\">\n<fieldset class=\"hidden-fields-container\"><input type=\"hidden\" name=\"_wpcf7\" value=\"13292\" \/><input type=\"hidden\" name=\"_wpcf7_version\" value=\"6.1.5\" \/><input type=\"hidden\" name=\"_wpcf7_locale\" value=\"es_ES\" \/><input type=\"hidden\" name=\"_wpcf7_unit_tag\" value=\"wpcf7-f13292-p12540-o1\" \/><input type=\"hidden\" name=\"_wpcf7_container_post\" value=\"12540\" \/><input type=\"hidden\" name=\"_wpcf7_posted_data_hash\" value=\"\" \/><input type=\"hidden\" name=\"_wpcf7_recaptcha_response\" value=\"\" \/>\n<\/fieldset>\n<div style=\"display: flex; gap: 10px;\">\n\t<div style=\"width: 50%;\">\n\t\t<p><span class=\"wpcf7-form-control-wrap\" data-name=\"your-name\"><input size=\"40\" maxlength=\"400\" class=\"wpcf7-form-control wpcf7-text wpcf7-validates-as-required\" aria-required=\"true\" aria-invalid=\"false\" placeholder=\"Nom\" value=\"\" type=\"text\" name=\"your-name\" \/><\/span>\n\t\t<\/p>\n\t<\/div>\n\t<div style=\"width: 50%;\">\n\t\t<p><span class=\"wpcf7-form-control-wrap\" data-name=\"your-phone\"><input size=\"40\" maxlength=\"400\" class=\"wpcf7-form-control wpcf7-tel wpcf7-validates-as-required wpcf7-text wpcf7-validates-as-tel\" aria-required=\"true\" aria-invalid=\"false\" placeholder=\"T\u00e9l\u00e9phone\" value=\"\" type=\"tel\" name=\"your-phone\" \/><\/span>\n\t\t<\/p>\n\t<\/div>\n<\/div>\n<p><span class=\"wpcf7-form-control-wrap\" data-name=\"your-email\"><input size=\"40\" maxlength=\"400\" class=\"wpcf7-form-control wpcf7-email wpcf7-validates-as-required wpcf7-text wpcf7-validates-as-email\" aria-required=\"true\" aria-invalid=\"false\" placeholder=\"E-mail\" value=\"\" type=\"email\" name=\"your-email\" \/><\/span>\n<\/p>\n<div style=\"display: flex; gap: 10px;\">\n\t<div style=\"width: 50%;\">\n\t\t<p><span class=\"wpcf7-form-control-wrap\" data-name=\"your-country\"><input size=\"40\" maxlength=\"400\" class=\"wpcf7-form-control wpcf7-text wpcf7-validates-as-required\" aria-required=\"true\" aria-invalid=\"false\" placeholder=\"Pays\" value=\"\" type=\"text\" name=\"your-country\" \/><\/span>\n\t\t<\/p>\n\t<\/div>\n\t<div style=\"width: 50%;\">\n\t\t<p><span class=\"wpcf7-form-control-wrap\" data-name=\"your-city\"><input size=\"40\" maxlength=\"400\" class=\"wpcf7-form-control wpcf7-text wpcf7-validates-as-required\" aria-required=\"true\" aria-invalid=\"false\" placeholder=\"Population\" value=\"\" type=\"text\" name=\"your-city\" \/><\/span>\n\t\t<\/p>\n\t<\/div>\n<\/div>\n<p><span class=\"wpcf7-form-control-wrap\" data-name=\"your-subject\"><select class=\"wpcf7-form-control wpcf7-select\" aria-invalid=\"false\" name=\"your-subject\"><option value=\"Quiero ser distribuidor\">Je veux \u00eatre distributeur<\/option><option value=\"Presupuesto\">Budget<\/option><option value=\"Consulta\">Consultation<\/option><option value=\"Sugerencia\">Suggestion<\/option><option value=\"Otros\">Autres<\/option><\/select><\/span>\n<\/p>\n<p><span class=\"wpcf7-form-control-wrap\" data-name=\"your-message\"><textarea cols=\"40\" rows=\"10\" maxlength=\"2000\" class=\"wpcf7-form-control wpcf7-textarea\" aria-invalid=\"false\" placeholder=\"Message ou demande\" name=\"your-message\"><\/textarea><\/span>\n<\/p>\n<div style=\"display: flex; align-items: center; gap: 10px;\">\n\t<p><span class=\"wpcf7-form-control-wrap\" data-name=\"privacy-policy\"><span class=\"wpcf7-form-control wpcf7-acceptance\"><span class=\"wpcf7-list-item\"><input type=\"checkbox\" name=\"privacy-policy\" value=\"1\" aria-invalid=\"false\" \/><\/span><\/span><\/span><label for=\"privacy-policy\" style=\"margin-left: 5px;\">J&#039;ai lu et accept\u00e9 la politique de confidentialit\u00e9.<\/label>\n\t<\/p>\n<\/div>\n<div style=\"display: flex; align-items: center; gap: 10px;\">\n\t<p><span class=\"wpcf7-form-control-wrap\" data-name=\"send-info\"><span class=\"wpcf7-form-control wpcf7-acceptance\"><span class=\"wpcf7-list-item\"><input type=\"checkbox\" name=\"send-info\" value=\"1\" aria-invalid=\"false\" \/><\/span><\/span><\/span><label for=\"send-info\" style=\"margin-left: 5px;\">J&#039;accepte de recevoir des informations.<\/label>\n\t<\/p>\n<\/div>\n<p><input class=\"wpcf7-form-control wpcf7-submit has-spinner\" type=\"submit\" value=\"Envoyer\" \/>\n<\/p><div class=\"wpcf7-response-output\" aria-hidden=\"true\"><\/div>\n<input type=\"hidden\" name=\"trp-form-language\" value=\"fr\"\/><\/form>\n<\/div>\n<\/div><\/div>\t\t\t\t<\/div>\n\t\t\t\t<\/div>\n\t\t\t\t\t<\/div>\n\t\t<\/div>\n\t\t\t\t\t<\/div>\n\t\t<\/section>\n\t\t\t\t<div class=\"elementor-element elementor-element-615d68f elementor-widget elementor-widget-text-editor\" data-id=\"615d68f\" data-element_type=\"widget\" data-e-type=\"widget\" data-widget_type=\"text-editor.default\">\n\t\t\t\t<div class=\"elementor-widget-container\">\n\t\t\t\t\t\t\t\t\t<p>Gr\u00e2ce \u00e0 l&#039;effort mis dans cette activit\u00e9 que nous, les membres de ce groupe, r\u00e9alisons\u00a0<strong>usine et laboratoire de<\/strong>\u00a0<strong>d\u00e9tergents<\/strong>,\u00a0<strong>Dermo SA<\/strong>, et identifier en eux les valeurs qui nourrissent notre travail : pers\u00e9v\u00e9rance, professionnalisme, sacrifice, engagement... ; Nous y sommes parvenus,\u00a0<strong>Dermo SA<\/strong>\u00a0devenir une r\u00e9f\u00e9rence et notre\u00a0<strong>laboratoire de d\u00e9tergents\u00a0<\/strong>\u00eatre important dans le d\u00e9veloppement de produits de\u00a0<strong>nettoyage<\/strong>\u00a0et\u00a0<strong>hygi\u00e8ne<\/strong>, tant dans notre pays que dans les incursions que nous avons d\u00e9j\u00e0 faites \u00e0 l\u2019\u00e9tranger.<\/p><p><strong>Dermo SA<\/strong>, avec un caract\u00e8re familial et proche et une personnalit\u00e9 bas\u00e9e sur le travail d&#039;\u00e9quipe, est devenu un\u00a0<strong>usine de d\u00e9tergents et laboratoire<\/strong>\u00a0remarquable qui sait offrir \u00e0 ses clients une large gamme de produits efficaces, performants, d&#039;une qualit\u00e9 incontestable et engag\u00e9s dans la cause qui les concerne pour satisfaire ce besoin de premi\u00e8re instance qu&#039;est la\u00a0<strong>hygi\u00e8ne<\/strong>\u00a0et le\u00a0<strong>nettoyage<\/strong>, avec une attention exclusive, personnalis\u00e9e et d\u00e9taill\u00e9e pour prendre soin de ceux\u00a0<strong>d\u00e9tergents,<\/strong>\u00a0et fabriquez votre propre produit, cr\u00e9\u00e9 dans notre\u00a0<strong>laboratoire<\/strong>, tout ce que tu m\u00e9rites et dont nous avons tous besoin.\u00a0<strong>Dermo SA<\/strong>, le v\u00f4tre\u00a0<strong>usine de d\u00e9tergents et laboratoire<\/strong>.<\/p>\t\t\t\t\t\t\t\t<\/div>\n\t\t\t\t<\/div>\n\t\t\t\t\t<\/div>\n\t\t<\/div>\n\t\t\t\t\t<\/div>\n\t\t<\/section>\n\t\t\t\t<section class=\"elementor-section elementor-top-section elementor-element elementor-element-484f41e elementor-section-full_width elementor-section-height-default elementor-section-height-default elementor-invisible\" data-id=\"484f41e\" data-element_type=\"section\" data-e-type=\"section\" data-settings=\"{&quot;animation&quot;:&quot;slideInUp&quot;}\">\n\t\t\t\t\t\t<div class=\"elementor-container elementor-column-gap-default\">\n\t\t\t\t\t<div class=\"elementor-column elementor-col-100 elementor-top-column elementor-element elementor-element-19948363\" data-id=\"19948363\" data-element_type=\"column\" data-e-type=\"column\">\n\t\t\t<div class=\"elementor-widget-wrap elementor-element-populated\">\n\t\t\t\t\t\t<div class=\"elementor-element elementor-element-339044a4 elementor-widget elementor-widget-google_maps\" data-id=\"339044a4\" data-element_type=\"widget\" data-e-type=\"widget\" data-widget_type=\"google_maps.default\">\n\t\t\t\t<div class=\"elementor-widget-container\">\n\t\t\t\t\t\t\t<div class=\"elementor-custom-embed\">\n\t\t\t<iframe loading=\"lazy\"\n\t\t\t\t\tsrc=\"https:\/\/maps.google.com\/maps?q=C%2F%20Pintor%20Joan%20Miro%2C%2016.%20Pol.%20Ind.%20Can%20Humet%20de%20Dalt%2C%2008213%20Poliny%C3%A0.%20Barcelona&#038;t=m&#038;z=15&#038;output=embed&#038;iwloc=near\"\n\t\t\t\t\ttitle=\"C\/ Pintor Joan Miro, 16. Pol. Ind. Can Humet de Dalt, 08213 Poliny\u00e0. Barcelone\"\n\t\t\t\t\taria-label=\"C\/ Pintor Joan Miro, 16. Pol. Ind. Can Humet de Dalt, 08213 Poliny\u00e0. Barcelone\"\n\t\t\t><\/iframe>\n\t\t<\/div>\n\t\t\t\t\t\t<\/div>\n\t\t\t\t<\/div>\n\t\t\t\t\t<\/div>\n\t\t<\/div>\n\t\t\t\t\t<\/div>\n\t\t<\/section>\n\t\t\t\t<\/div>","protected":false},"excerpt":{"rendered":"<p>Dermo SA a pour vocation d&#039;\u00eatre votre usine et laboratoire de d\u00e9tergents pour la cr\u00e9ation, la fabrication et la distribution de tous types de produits de nettoyage et d&#039;hygi\u00e8ne, pour des besoins fondamentaux tels que le nettoyage et l&#039;hygi\u00e8ne. Forte d&#039;une exp\u00e9rience de plus de 25 ans, elle a pour mission claire et directe de satisfaire tous ses clients\u2026&nbsp;<a href=\"https:\/\/dermo.com\/fr\/nettoyage-detergents-laboratoire\/\" rel=\"bookmark\">En savoir plus &quot;<span class=\"screen-reader-text\">Laboratoire de d\u00e9tergents de nettoyage<\/span><\/a><\/p>","protected":false},"author":2,"featured_media":0,"parent":0,"menu_order":0,"comment_status":"closed","ping_status":"closed","template":"page-templates\/template-pagebuilder-full-width.php","meta":{"neve_meta_sidebar":"","neve_meta_container":"","neve_meta_enable_content_width":"","neve_meta_content_width":0,"neve_meta_title_alignment":"","neve_meta_author_avatar":"","neve_post_elements_order":"","neve_meta_disable_header":"","neve_meta_disable_footer":"","neve_meta_disable_title":"","footnotes":""},"class_list":["post-12540","page","type-page","status-publish","hentry"],"yoast_head":"<!-- This site is optimized with the Yoast SEO plugin v27.0 - https:\/\/yoast.com\/product\/yoast-seo-wordpress\/ -->\n<title>Laboratorio de Detergentes de Limpieza - Dermo | F\u00e1brica de detergentes<\/title>\n<meta name=\"robots\" content=\"index, follow, max-snippet:-1, max-image-preview:large, max-video-preview:-1\" \/>\n<link rel=\"canonical\" href=\"https:\/\/dermo.com\/fr\/nettoyage-detergents-laboratoire\/\" \/>\n<meta property=\"og:locale\" content=\"fr_FR\" \/>\n<meta property=\"og:type\" content=\"article\" \/>\n<meta property=\"og:title\" content=\"Laboratorio de Detergentes de Limpieza - Dermo | F\u00e1brica de detergentes\" \/>\n<meta property=\"og:description\" content=\"Dermo S.A.,\u00a0quiere ser vuestra\u00a0f\u00e1brica y laboratorio de detergentes\u00a0para la creaci\u00f3n, fabricaci\u00f3n y distribuci\u00f3n de todo tipo de productos de esta \u00edndole, ligados a necesidades tan primarias como son la\u00a0limpieza\u00a0y la\u00a0higiene, tras una dilatada trayectoria de m\u00e1s de 25 a\u00f1os. Con la clara y directa misi\u00f3n de lograr la satisfacci\u00f3n de todos nuestros clientes en el&hellip;&nbsp;Lire la suite &raquo;Laboratorio de Detergentes de Limpieza\" \/>\n<meta property=\"og:url\" content=\"https:\/\/dermo.com\/fr\/nettoyage-detergents-laboratoire\/\" \/>\n<meta property=\"og:site_name\" content=\"Dermo | F\u00e1brica de detergentes\" \/>\n<meta property=\"article:modified_time\" content=\"2025-02-19T11:07:04+00:00\" \/>\n<meta name=\"twitter:card\" content=\"summary_large_image\" \/>\n<meta name=\"twitter:label1\" content=\"Dur\u00e9e de lecture estim\u00e9e\" \/>\n\t<meta name=\"twitter:data1\" content=\"3 minutes\" \/>\n<script type=\"application\/ld+json\" class=\"yoast-schema-graph\">{\"@context\":\"https:\/\/schema.org\",\"@graph\":[{\"@type\":\"WebPage\",\"@id\":\"https:\/\/dermo.com\/laboratorio-de-detergentes-de-limpieza\/\",\"url\":\"https:\/\/dermo.com\/laboratorio-de-detergentes-de-limpieza\/\",\"name\":\"Laboratorio de Detergentes de Limpieza - Dermo | F\u00e1brica de detergentes\",\"isPartOf\":{\"@id\":\"https:\/\/dermo.com\/#website\"},\"datePublished\":\"2025-01-30T11:55:02+00:00\",\"dateModified\":\"2025-02-19T11:07:04+00:00\",\"breadcrumb\":{\"@id\":\"https:\/\/dermo.com\/laboratorio-de-detergentes-de-limpieza\/#breadcrumb\"},\"inLanguage\":\"fr-FR\",\"potentialAction\":[{\"@type\":\"ReadAction\",\"target\":[\"https:\/\/dermo.com\/laboratorio-de-detergentes-de-limpieza\/\"]}]},{\"@type\":\"BreadcrumbList\",\"@id\":\"https:\/\/dermo.com\/laboratorio-de-detergentes-de-limpieza\/#breadcrumb\",\"itemListElement\":[{\"@type\":\"ListItem\",\"position\":1,\"name\":\"Portada\",\"item\":\"https:\/\/dermo.com\/\"},{\"@type\":\"ListItem\",\"position\":2,\"name\":\"Laboratorio de Detergentes de Limpieza\"}]},{\"@type\":\"WebSite\",\"@id\":\"https:\/\/dermo.com\/#website\",\"url\":\"https:\/\/dermo.com\/\",\"name\":\"Dermo | F\u00e1brica de detergentes\",\"description\":\"Tecnolog\u00eda avanzada, investigaci\u00f3n y desarrollo, respeto por el medio ambiente, competencia, formaci\u00f3n constante y alto nivel de profesionalidad en nuestro equipo humano, empe\u00f1ado en preservar la calidad de vida, la protecci\u00f3n del entorno natural contin\u00faan motiv\u00e1ndonos para desarrollar en nuestros laboratorios nuevos productos con ingredientes activos altamente biodegradables que hacen posible un desarrollo sostenible.\",\"potentialAction\":[{\"@type\":\"SearchAction\",\"target\":{\"@type\":\"EntryPoint\",\"urlTemplate\":\"https:\/\/dermo.com\/?s={search_term_string}\"},\"query-input\":{\"@type\":\"PropertyValueSpecification\",\"valueRequired\":true,\"valueName\":\"search_term_string\"}}],\"inLanguage\":\"fr-FR\"}]}<\/script>\n<!-- \/ Yoast SEO plugin. -->","yoast_head_json":{"title":"Laboratoire de D\u00e9tergents Nettoyants - Dermo | Usine de d\u00e9tergents","robots":{"index":"index","follow":"follow","max-snippet":"max-snippet:-1","max-image-preview":"max-image-preview:large","max-video-preview":"max-video-preview:-1"},"canonical":"https:\/\/dermo.com\/fr\/nettoyage-detergents-laboratoire\/","og_locale":"fr_FR","og_type":"article","og_title":"Laboratorio de Detergentes de Limpieza - Dermo | F\u00e1brica de detergentes","og_description":"Dermo S.A.,\u00a0quiere ser vuestra\u00a0f\u00e1brica y laboratorio de detergentes\u00a0para la creaci\u00f3n, fabricaci\u00f3n y distribuci\u00f3n de todo tipo de productos de esta \u00edndole, ligados a necesidades tan primarias como son la\u00a0limpieza\u00a0y la\u00a0higiene, tras una dilatada trayectoria de m\u00e1s de 25 a\u00f1os. Con la clara y directa misi\u00f3n de lograr la satisfacci\u00f3n de todos nuestros clientes en el&hellip;&nbsp;Lire la suite &raquo;Laboratorio de Detergentes de Limpieza","og_url":"https:\/\/dermo.com\/fr\/nettoyage-detergents-laboratoire\/","og_site_name":"Dermo | F\u00e1brica de detergentes","article_modified_time":"2025-02-19T11:07:04+00:00","twitter_card":"summary_large_image","twitter_misc":{"Dur\u00e9e de lecture estim\u00e9e":"3 minutes"},"schema":{"@context":"https:\/\/schema.org","@graph":[{"@type":"WebPage","@id":"https:\/\/dermo.com\/laboratorio-de-detergentes-de-limpieza\/","url":"https:\/\/dermo.com\/laboratorio-de-detergentes-de-limpieza\/","name":"Laboratoire de D\u00e9tergents Nettoyants - Dermo | Usine de d\u00e9tergents","isPartOf":{"@id":"https:\/\/dermo.com\/#website"},"datePublished":"2025-01-30T11:55:02+00:00","dateModified":"2025-02-19T11:07:04+00:00","breadcrumb":{"@id":"https:\/\/dermo.com\/laboratorio-de-detergentes-de-limpieza\/#breadcrumb"},"inLanguage":"fr-FR","potentialAction":[{"@type":"ReadAction","target":["https:\/\/dermo.com\/laboratorio-de-detergentes-de-limpieza\/"]}]},{"@type":"BreadcrumbList","@id":"https:\/\/dermo.com\/laboratorio-de-detergentes-de-limpieza\/#breadcrumb","itemListElement":[{"@type":"ListItem","position":1,"name":"Portada","item":"https:\/\/dermo.com\/"},{"@type":"ListItem","position":2,"name":"Laboratorio de Detergentes de Limpieza"}]},{"@type":"WebSite","@id":"https:\/\/dermo.com\/#website","url":"https:\/\/dermo.com\/","name":"Dermo | usine de d\u00e9tergents","description":"Technologie avanc\u00e9e, recherche et d\u00e9veloppement, respect de l&#039;environnement, comp\u00e9tence, formation constante et haut niveau de professionnalisme de notre \u00e9quipe humaine, engag\u00e9e \u00e0 pr\u00e9server la qualit\u00e9 de vie, la protection de l&#039;environnement naturel continuent de nous motiver \u00e0 d\u00e9velopper de nouveaux produits dans notre laboratoires aux principes actifs hautement biod\u00e9gradables qui rendent possible le d\u00e9veloppement durable.","potentialAction":[{"@type":"SearchAction","target":{"@type":"EntryPoint","urlTemplate":"https:\/\/dermo.com\/?s={search_term_string}"},"query-input":{"@type":"PropertyValueSpecification","valueRequired":true,"valueName":"search_term_string"}}],"inLanguage":"fr-FR"}]}},"_links":{"self":[{"href":"https:\/\/dermo.com\/fr\/wp-json\/wp\/v2\/pages\/12540","targetHints":{"allow":["GET"]}}],"collection":[{"href":"https:\/\/dermo.com\/fr\/wp-json\/wp\/v2\/pages"}],"about":[{"href":"https:\/\/dermo.com\/fr\/wp-json\/wp\/v2\/types\/page"}],"author":[{"embeddable":true,"href":"https:\/\/dermo.com\/fr\/wp-json\/wp\/v2\/users\/2"}],"replies":[{"embeddable":true,"href":"https:\/\/dermo.com\/fr\/wp-json\/wp\/v2\/comments?post=12540"}],"version-history":[{"count":7,"href":"https:\/\/dermo.com\/fr\/wp-json\/wp\/v2\/pages\/12540\/revisions"}],"predecessor-version":[{"id":13590,"href":"https:\/\/dermo.com\/fr\/wp-json\/wp\/v2\/pages\/12540\/revisions\/13590"}],"wp:attachment":[{"href":"https:\/\/dermo.com\/fr\/wp-json\/wp\/v2\/media?parent=12540"}],"curies":[{"name":"wp","href":"https:\/\/api.w.org\/{rel}","templated":true}]}}