{"id":12563,"date":"2025-01-30T13:05:49","date_gmt":"2025-01-30T12:05:49","guid":{"rendered":"https:\/\/dermo.com\/?page_id=12563"},"modified":"2025-02-19T12:06:14","modified_gmt":"2025-02-19T11:06:14","slug":"savon-de-marseille-liquide","status":"publish","type":"page","link":"https:\/\/dermo.com\/fr\/savon-de-marseille-liquide\/","title":{"rendered":"Savon liquide de Marseille"},"content":{"rendered":"<div data-elementor-type=\"wp-page\" data-elementor-id=\"12563\" class=\"elementor elementor-12563\" data-elementor-post-type=\"page\">\n\t\t\t\t\t\t<section class=\"elementor-section elementor-top-section elementor-element elementor-element-a02683f elementor-section-boxed elementor-section-height-default elementor-section-height-default\" data-id=\"a02683f\" data-element_type=\"section\" data-e-type=\"section\" data-settings=\"{&quot;background_background&quot;:&quot;classic&quot;}\">\n\t\t\t\t\t\t\t<div class=\"elementor-background-overlay\"><\/div>\n\t\t\t\t\t\t\t<div class=\"elementor-container elementor-column-gap-default\">\n\t\t\t\t\t<div class=\"elementor-column elementor-col-100 elementor-top-column elementor-element elementor-element-f99dbff\" data-id=\"f99dbff\" data-element_type=\"column\" data-e-type=\"column\">\n\t\t\t<div class=\"elementor-widget-wrap elementor-element-populated\">\n\t\t\t\t\t\t\t<\/div>\n\t\t<\/div>\n\t\t\t\t\t<\/div>\n\t\t<\/section>\n\t\t\t\t<section class=\"elementor-section elementor-top-section elementor-element elementor-element-233ad3a4 elementor-section-boxed elementor-section-height-default elementor-section-height-default\" data-id=\"233ad3a4\" data-element_type=\"section\" data-e-type=\"section\">\n\t\t\t\t\t\t<div class=\"elementor-container elementor-column-gap-default\">\n\t\t\t\t\t<div class=\"elementor-column elementor-col-100 elementor-top-column elementor-element elementor-element-3244e578\" data-id=\"3244e578\" data-element_type=\"column\" data-e-type=\"column\">\n\t\t\t<div class=\"elementor-widget-wrap elementor-element-populated\">\n\t\t\t\t\t\t<section class=\"elementor-section elementor-inner-section elementor-element elementor-element-1a7040c2 elementor-section-content-middle elementor-section-boxed elementor-section-height-default elementor-section-height-default\" data-id=\"1a7040c2\" data-element_type=\"section\" data-e-type=\"section\">\n\t\t\t\t\t\t<div class=\"elementor-container elementor-column-gap-default\">\n\t\t\t\t\t<div class=\"elementor-column elementor-col-50 elementor-inner-column elementor-element elementor-element-58338543\" data-id=\"58338543\" data-element_type=\"column\" data-e-type=\"column\">\n\t\t\t<div class=\"elementor-widget-wrap elementor-element-populated\">\n\t\t\t\t\t\t<div class=\"elementor-element elementor-element-464b2e11 elementor-widget elementor-widget-text-editor\" data-id=\"464b2e11\" data-element_type=\"widget\" data-e-type=\"widget\" data-widget_type=\"text-editor.default\">\n\t\t\t\t<div class=\"elementor-widget-container\">\n\t\t\t\t\t\t\t\t\t<p>Chez Dermo, vous pouvez trouver de nombreux types de d\u00e9tergents liquides, mais l&#039;un des d\u00e9tergents les plus demand\u00e9s par nos clients est le d\u00e9tergent\u00a0<a href=\"https:\/\/dermo.com\/fr\/catalogue\/es\/lessive\/68-marsella.html\/\"><strong>Savon de Marseille<\/strong>\u00a0<strong>liquide<\/strong><\/a>. C&#039;est l&#039;un des best-sellers gr\u00e2ce \u00e0 la douceur qu&#039;il apporte aux v\u00eatements, au parfum agr\u00e9able qu&#039;il d\u00e9gage, \u00e0 son efficacit\u00e9 et \u00e0 sa durabilit\u00e9. C&#039;est un d\u00e9tergent liquide \u00e0 mousse contr\u00f4l\u00e9e qui laisse les v\u00eatements comme neufs et donne aux tissus un toucher soyeux.\u00a0<\/p><h3><strong>Comment utiliser ce produit ?<\/strong><\/h3><p>Pour l&#039;utiliser, vous devrez doser 15 \u00e0 30 cm3 de\u00a0<strong>savon liquide de marseille<\/strong>\u00a0pour chaque litre de v\u00eatements que vous souhaitez laver, toujours en fonction de la salet\u00e9 et de la duret\u00e9 de l&#039;eau.<\/p><p>Son pH est compris entre 7,5 et 8,5 et sa concentration en principe actif est comprise entre 15 et 17 pour cent. C&#039;est un liquide blanc et visqueux qui d\u00e9gage sur les tissus un parfum de Marseille incomparable, qui dure des heures et des jours au lavage.<\/p><p>Le d\u00e9tergent \u00e0\u00a0<strong>Savon liquide de Marseille<\/strong>\u00a0On le retrouve dans la cat\u00e9gorie blanchisserie, que vous pouvez voir dans le catalogue que nous pr\u00e9sentons sur notre site internet. Une cat\u00e9gorie qui comprend diff\u00e9rents produits de nettoyage professionnels d\u00e9di\u00e9s \u00e0 l&#039;\u00e9limination de la salet\u00e9 et des taches incrust\u00e9es sur diff\u00e9rents types de surfaces.<\/p><p>\u00a0<\/p>\t\t\t\t\t\t\t\t<\/div>\n\t\t\t\t<\/div>\n\t\t\t\t\t<\/div>\n\t\t<\/div>\n\t\t\t\t<div class=\"elementor-column elementor-col-50 elementor-inner-column elementor-element elementor-element-4f1792c elementor-invisible\" data-id=\"4f1792c\" data-element_type=\"column\" data-e-type=\"column\" data-settings=\"{&quot;animation&quot;:&quot;bounceInRight&quot;}\">\n\t\t\t<div class=\"elementor-widget-wrap elementor-element-populated\">\n\t\t\t\t\t\t<div class=\"elementor-element elementor-element-0008974 elementor-widget__width-initial elementor-widget elementor-widget-elementskit-contact-form7\" data-id=\"0008974\" data-element_type=\"widget\" data-e-type=\"widget\" data-widget_type=\"elementskit-contact-form7.default\">\n\t\t\t\t<div class=\"elementor-widget-container\">\n\t\t\t\t\t<div class=\"ekit-wid-con\" ><div class=\"ekit-form\">\n<div class=\"wpcf7 no-js\" id=\"wpcf7-f13292-p12563-o1\" lang=\"es-ES\" dir=\"ltr\" data-wpcf7-id=\"13292\">\n<div class=\"screen-reader-response\"><p role=\"status\" aria-live=\"polite\" aria-atomic=\"true\"><\/p> <ul><\/ul><\/div>\n<form action=\"\/fr\/savon-de-marseille-liquide\/#wpcf7-f13292-p12563-o1\" method=\"post\" class=\"wpcf7-form init\" aria-label=\"Formulario de contacto\" novalidate=\"novalidate\" data-status=\"init\" data-no-translation-aria-label=\"\" data-trp-original-action=\"\/pt\/jabon-marsella-liquido\/#wpcf7-f13292-p12563-o1\">\n<fieldset class=\"hidden-fields-container\"><input type=\"hidden\" name=\"_wpcf7\" value=\"13292\" \/><input type=\"hidden\" name=\"_wpcf7_version\" value=\"6.1.5\" \/><input type=\"hidden\" name=\"_wpcf7_locale\" value=\"es_ES\" \/><input type=\"hidden\" name=\"_wpcf7_unit_tag\" value=\"wpcf7-f13292-p12563-o1\" \/><input type=\"hidden\" name=\"_wpcf7_container_post\" value=\"12563\" \/><input type=\"hidden\" name=\"_wpcf7_posted_data_hash\" value=\"\" \/><input type=\"hidden\" name=\"_wpcf7_recaptcha_response\" value=\"\" \/>\n<\/fieldset>\n<div style=\"display: flex; gap: 10px;\">\n\t<div style=\"width: 50%;\">\n\t\t<p><span class=\"wpcf7-form-control-wrap\" data-name=\"your-name\"><input size=\"40\" maxlength=\"400\" class=\"wpcf7-form-control wpcf7-text wpcf7-validates-as-required\" aria-required=\"true\" aria-invalid=\"false\" placeholder=\"Nom\" value=\"\" type=\"text\" name=\"your-name\" \/><\/span>\n\t\t<\/p>\n\t<\/div>\n\t<div style=\"width: 50%;\">\n\t\t<p><span class=\"wpcf7-form-control-wrap\" data-name=\"your-phone\"><input size=\"40\" maxlength=\"400\" class=\"wpcf7-form-control wpcf7-tel wpcf7-validates-as-required wpcf7-text wpcf7-validates-as-tel\" aria-required=\"true\" aria-invalid=\"false\" placeholder=\"T\u00e9l\u00e9phone\" value=\"\" type=\"tel\" name=\"your-phone\" \/><\/span>\n\t\t<\/p>\n\t<\/div>\n<\/div>\n<p><span class=\"wpcf7-form-control-wrap\" data-name=\"your-email\"><input size=\"40\" maxlength=\"400\" class=\"wpcf7-form-control wpcf7-email wpcf7-validates-as-required wpcf7-text wpcf7-validates-as-email\" aria-required=\"true\" aria-invalid=\"false\" placeholder=\"E-mail\" value=\"\" type=\"email\" name=\"your-email\" \/><\/span>\n<\/p>\n<div style=\"display: flex; gap: 10px;\">\n\t<div style=\"width: 50%;\">\n\t\t<p><span class=\"wpcf7-form-control-wrap\" data-name=\"your-country\"><input size=\"40\" maxlength=\"400\" class=\"wpcf7-form-control wpcf7-text wpcf7-validates-as-required\" aria-required=\"true\" aria-invalid=\"false\" placeholder=\"Pays\" value=\"\" type=\"text\" name=\"your-country\" \/><\/span>\n\t\t<\/p>\n\t<\/div>\n\t<div style=\"width: 50%;\">\n\t\t<p><span class=\"wpcf7-form-control-wrap\" data-name=\"your-city\"><input size=\"40\" maxlength=\"400\" class=\"wpcf7-form-control wpcf7-text wpcf7-validates-as-required\" aria-required=\"true\" aria-invalid=\"false\" placeholder=\"Population\" value=\"\" type=\"text\" name=\"your-city\" \/><\/span>\n\t\t<\/p>\n\t<\/div>\n<\/div>\n<p><span class=\"wpcf7-form-control-wrap\" data-name=\"your-subject\"><select class=\"wpcf7-form-control wpcf7-select\" aria-invalid=\"false\" name=\"your-subject\"><option value=\"Quiero ser distribuidor\">Je veux \u00eatre distributeur<\/option><option value=\"Presupuesto\">Budget<\/option><option value=\"Consulta\">Consultation<\/option><option value=\"Sugerencia\">Suggestion<\/option><option value=\"Otros\">Autres<\/option><\/select><\/span>\n<\/p>\n<p><span class=\"wpcf7-form-control-wrap\" data-name=\"your-message\"><textarea cols=\"40\" rows=\"10\" maxlength=\"2000\" class=\"wpcf7-form-control wpcf7-textarea\" aria-invalid=\"false\" placeholder=\"Message ou demande\" name=\"your-message\"><\/textarea><\/span>\n<\/p>\n<div style=\"display: flex; align-items: center; gap: 10px;\">\n\t<p><span class=\"wpcf7-form-control-wrap\" data-name=\"privacy-policy\"><span class=\"wpcf7-form-control wpcf7-acceptance\"><span class=\"wpcf7-list-item\"><input type=\"checkbox\" name=\"privacy-policy\" value=\"1\" aria-invalid=\"false\" \/><\/span><\/span><\/span><label for=\"privacy-policy\" style=\"margin-left: 5px;\">J&#039;ai lu et accept\u00e9 la politique de confidentialit\u00e9.<\/label>\n\t<\/p>\n<\/div>\n<div style=\"display: flex; align-items: center; gap: 10px;\">\n\t<p><span class=\"wpcf7-form-control-wrap\" data-name=\"send-info\"><span class=\"wpcf7-form-control wpcf7-acceptance\"><span class=\"wpcf7-list-item\"><input type=\"checkbox\" name=\"send-info\" value=\"1\" aria-invalid=\"false\" \/><\/span><\/span><\/span><label for=\"send-info\" style=\"margin-left: 5px;\">J&#039;accepte de recevoir des informations.<\/label>\n\t<\/p>\n<\/div>\n<p><input class=\"wpcf7-form-control wpcf7-submit has-spinner\" type=\"submit\" value=\"Envoyer\" \/>\n<\/p><div class=\"wpcf7-response-output\" aria-hidden=\"true\"><\/div>\n<input type=\"hidden\" name=\"trp-form-language\" value=\"fr\"\/><\/form>\n<\/div>\n<\/div><\/div>\t\t\t\t<\/div>\n\t\t\t\t<\/div>\n\t\t\t\t\t<\/div>\n\t\t<\/div>\n\t\t\t\t\t<\/div>\n\t\t<\/section>\n\t\t\t\t<div class=\"elementor-element elementor-element-615d68f elementor-widget elementor-widget-text-editor\" data-id=\"615d68f\" data-element_type=\"widget\" data-e-type=\"widget\" data-widget_type=\"text-editor.default\">\n\t\t\t\t<div class=\"elementor-widget-container\">\n\t\t\t\t\t\t\t\t\t<div id=\"lipsum\"><p>Chez Dermo vous trouverez des produits sp\u00e9cifiques pour le linge, les lave-vaisselle, les d\u00e9tartrants, les d\u00e9sinfectants, les d\u00e9graissants, les produits \u00e9cologiques, pour le traitement des sols, les nettoyants sp\u00e9cifiques, l&#039;hygi\u00e8ne personnelle, pour l&#039;industrie et l&#039;automobile, le nettoyage des salles de bain, les nettoyants multi-usages, pour le nettoyage des piscines et divers outils de nettoyage. Chez Dermo, vous trouverez des produits durables, puissants, efficaces et \u00e9conomiques.<\/p><p>Avec plus de 30 ans d&#039;exp\u00e9rience, continuant \u00e0 innover et \u00e0 former, et toujours au service des personnes, Dermo est actuellement consid\u00e9r\u00e9e comme l&#039;une des marques leader dans le secteur de la conception de produits de nettoyage professionnels, tant pour le secteur industriel que pour un usage domestique. Notre objectif est d&#039;offrir un service efficace et complet pouvant r\u00e9pondre \u00e0 tous les besoins de nettoyage professionnel ou d&#039;hygi\u00e8ne personnelle de nos clients. C&#039;est pourquoi nous offrons \u00e9galement la possibilit\u00e9 de concevoir un format personnalis\u00e9 pour nos produits, qui s&#039;adapte pleinement aux besoins de chaque client.<\/p><p>Si vous d\u00e9cidez de nous faire confiance, vous b\u00e9n\u00e9ficierez de nombreux avantages, comme le fait que nous disposons de produits formul\u00e9s et con\u00e7us par une \u00e9quipe technique qui travaille depuis plus de 30 ans dans l&#039;innovation et la cr\u00e9ation de produits de nettoyage professionnels pour le secteur industriel et \u00e9galement pour un usage domestique, comme les d\u00e9tergents pour\u00a0<strong>Savon liquide de Marseille<\/strong>.<\/p><p>Nous sommes une entreprise familiale fond\u00e9e en 1987 et nous continuons avec le m\u00eame enthousiasme, le m\u00eame enthousiasme, la m\u00eame sp\u00e9cialisation et la m\u00eame formation continue pour garantir le meilleur service et les meilleurs r\u00e9sultats \u00e0 nos clients. Nous disposons actuellement de la certification europ\u00e9enne de qualit\u00e9 Ecolabel ISO 9001, nous avons des produits \u00e9cologiques certifi\u00e9s, nous internationalisons nos produits dans plus de 32 pays, nous disposons d&#039;une salle blanche pour concevoir et innover dans la composition de nos produits, beaucoup de nos produits ont des principes actifs hautement biod\u00e9gradables qui prot\u00e8gent l&#039;environnement et nous avons r\u00e9ussi \u00e0 devenir une marque leader dans ce secteur, avec une grande notori\u00e9t\u00e9 et prestige.<\/p><\/div>\t\t\t\t\t\t\t\t<\/div>\n\t\t\t\t<\/div>\n\t\t\t\t\t<\/div>\n\t\t<\/div>\n\t\t\t\t\t<\/div>\n\t\t<\/section>\n\t\t\t\t<section class=\"elementor-section elementor-top-section elementor-element elementor-element-484f41e elementor-section-full_width elementor-section-height-default elementor-section-height-default elementor-invisible\" data-id=\"484f41e\" data-element_type=\"section\" data-e-type=\"section\" data-settings=\"{&quot;animation&quot;:&quot;slideInUp&quot;}\">\n\t\t\t\t\t\t<div class=\"elementor-container elementor-column-gap-default\">\n\t\t\t\t\t<div class=\"elementor-column elementor-col-100 elementor-top-column elementor-element elementor-element-19948363\" data-id=\"19948363\" data-element_type=\"column\" data-e-type=\"column\">\n\t\t\t<div class=\"elementor-widget-wrap elementor-element-populated\">\n\t\t\t\t\t\t<div class=\"elementor-element elementor-element-339044a4 elementor-widget elementor-widget-google_maps\" data-id=\"339044a4\" data-element_type=\"widget\" data-e-type=\"widget\" data-widget_type=\"google_maps.default\">\n\t\t\t\t<div class=\"elementor-widget-container\">\n\t\t\t\t\t\t\t<div class=\"elementor-custom-embed\">\n\t\t\t<iframe loading=\"lazy\"\n\t\t\t\t\tsrc=\"https:\/\/maps.google.com\/maps?q=C%2F%20Pintor%20Joan%20Miro%2C%2016.%20Pol.%20Ind.%20Can%20Humet%20de%20Dalt%2C%2008213%20Poliny%C3%A0.%20Barcelona&#038;t=m&#038;z=15&#038;output=embed&#038;iwloc=near\"\n\t\t\t\t\ttitle=\"C\/ Pintor Joan Miro, 16. Pol. Ind. Can Humet de Dalt, 08213 Poliny\u00e0. Barcelone\"\n\t\t\t\t\taria-label=\"C\/ Pintor Joan Miro, 16. Pol. Ind. Can Humet de Dalt, 08213 Poliny\u00e0. Barcelone\"\n\t\t\t><\/iframe>\n\t\t<\/div>\n\t\t\t\t\t\t<\/div>\n\t\t\t\t<\/div>\n\t\t\t\t\t<\/div>\n\t\t<\/div>\n\t\t\t\t\t<\/div>\n\t\t<\/section>\n\t\t\t\t<\/div>","protected":false},"excerpt":{"rendered":"<p>Chez Dermo, vous trouverez de nombreux types de lessives liquides, mais l&#039;une des plus populaires aupr\u00e8s de nos clients est la lessive liquide au savon de Marseille. C&#039;est l&#039;une de nos meilleures ventes gr\u00e2ce \u00e0 sa douceur, son parfum agr\u00e9able, son efficacit\u00e9 et sa durabilit\u00e9. C&#039;est une lessive liquide moussante\u2026&nbsp;<a href=\"https:\/\/dermo.com\/fr\/savon-de-marseille-liquide\/\" rel=\"bookmark\">En savoir plus &quot;<span class=\"screen-reader-text\">Savon liquide de Marseille<\/span><\/a><\/p>","protected":false},"author":2,"featured_media":0,"parent":0,"menu_order":0,"comment_status":"closed","ping_status":"closed","template":"page-templates\/template-pagebuilder-full-width.php","meta":{"neve_meta_sidebar":"","neve_meta_container":"","neve_meta_enable_content_width":"","neve_meta_content_width":0,"neve_meta_title_alignment":"","neve_meta_author_avatar":"","neve_post_elements_order":"","neve_meta_disable_header":"","neve_meta_disable_footer":"","neve_meta_disable_title":"","footnotes":""},"class_list":["post-12563","page","type-page","status-publish","hentry"],"yoast_head":"<!-- This site is optimized with the Yoast SEO plugin v27.0 - https:\/\/yoast.com\/product\/yoast-seo-wordpress\/ -->\n<title>Jab\u00f3n Marsella l\u00edquido - Dermo | F\u00e1brica de detergentes<\/title>\n<meta name=\"robots\" content=\"index, follow, max-snippet:-1, max-image-preview:large, max-video-preview:-1\" \/>\n<link rel=\"canonical\" href=\"https:\/\/dermo.com\/fr\/savon-de-marseille-liquide\/\" \/>\n<meta property=\"og:locale\" content=\"fr_FR\" \/>\n<meta property=\"og:type\" content=\"article\" \/>\n<meta property=\"og:title\" content=\"Jab\u00f3n Marsella l\u00edquido - Dermo | F\u00e1brica de detergentes\" \/>\n<meta property=\"og:description\" content=\"En Dermo puedes encontrar muchos tipos de detergente l\u00edquido, pero uno de los detergentes m\u00e1s demandados por nuestros clientes es el detergente\u00a0jab\u00f3n de Marsella\u00a0l\u00edquido. Es uno de los m\u00e1s vendidos gracias a la suavidad que aporta a la ropa, el agradable perfume que desprende, su eficacia y su durabilidad. Es un detergente l\u00edquido de espuma&hellip;&nbsp;Lire la suite &raquo;Jab\u00f3n Marsella l\u00edquido\" \/>\n<meta property=\"og:url\" content=\"https:\/\/dermo.com\/fr\/savon-de-marseille-liquide\/\" \/>\n<meta property=\"og:site_name\" content=\"Dermo | F\u00e1brica de detergentes\" \/>\n<meta property=\"article:modified_time\" content=\"2025-02-19T11:06:14+00:00\" \/>\n<meta name=\"twitter:card\" content=\"summary_large_image\" \/>\n<meta name=\"twitter:label1\" content=\"Dur\u00e9e de lecture estim\u00e9e\" \/>\n\t<meta name=\"twitter:data1\" content=\"3 minutes\" \/>\n<script type=\"application\/ld+json\" class=\"yoast-schema-graph\">{\"@context\":\"https:\/\/schema.org\",\"@graph\":[{\"@type\":\"WebPage\",\"@id\":\"https:\/\/dermo.com\/jabon-marsella-liquido\/\",\"url\":\"https:\/\/dermo.com\/jabon-marsella-liquido\/\",\"name\":\"Jab\u00f3n Marsella l\u00edquido - Dermo | F\u00e1brica de detergentes\",\"isPartOf\":{\"@id\":\"https:\/\/dermo.com\/#website\"},\"datePublished\":\"2025-01-30T12:05:49+00:00\",\"dateModified\":\"2025-02-19T11:06:14+00:00\",\"breadcrumb\":{\"@id\":\"https:\/\/dermo.com\/jabon-marsella-liquido\/#breadcrumb\"},\"inLanguage\":\"fr-FR\",\"potentialAction\":[{\"@type\":\"ReadAction\",\"target\":[\"https:\/\/dermo.com\/jabon-marsella-liquido\/\"]}]},{\"@type\":\"BreadcrumbList\",\"@id\":\"https:\/\/dermo.com\/jabon-marsella-liquido\/#breadcrumb\",\"itemListElement\":[{\"@type\":\"ListItem\",\"position\":1,\"name\":\"Portada\",\"item\":\"https:\/\/dermo.com\/\"},{\"@type\":\"ListItem\",\"position\":2,\"name\":\"Jab\u00f3n Marsella l\u00edquido\"}]},{\"@type\":\"WebSite\",\"@id\":\"https:\/\/dermo.com\/#website\",\"url\":\"https:\/\/dermo.com\/\",\"name\":\"Dermo | F\u00e1brica de detergentes\",\"description\":\"Tecnolog\u00eda avanzada, investigaci\u00f3n y desarrollo, respeto por el medio ambiente, competencia, formaci\u00f3n constante y alto nivel de profesionalidad en nuestro equipo humano, empe\u00f1ado en preservar la calidad de vida, la protecci\u00f3n del entorno natural contin\u00faan motiv\u00e1ndonos para desarrollar en nuestros laboratorios nuevos productos con ingredientes activos altamente biodegradables que hacen posible un desarrollo sostenible.\",\"potentialAction\":[{\"@type\":\"SearchAction\",\"target\":{\"@type\":\"EntryPoint\",\"urlTemplate\":\"https:\/\/dermo.com\/?s={search_term_string}\"},\"query-input\":{\"@type\":\"PropertyValueSpecification\",\"valueRequired\":true,\"valueName\":\"search_term_string\"}}],\"inLanguage\":\"fr-FR\"}]}<\/script>\n<!-- \/ Yoast SEO plugin. -->","yoast_head_json":{"title":"Savon liquide de Marseille - Dermo | Usine de d\u00e9tergents","robots":{"index":"index","follow":"follow","max-snippet":"max-snippet:-1","max-image-preview":"max-image-preview:large","max-video-preview":"max-video-preview:-1"},"canonical":"https:\/\/dermo.com\/fr\/savon-de-marseille-liquide\/","og_locale":"fr_FR","og_type":"article","og_title":"Jab\u00f3n Marsella l\u00edquido - Dermo | F\u00e1brica de detergentes","og_description":"En Dermo puedes encontrar muchos tipos de detergente l\u00edquido, pero uno de los detergentes m\u00e1s demandados por nuestros clientes es el detergente\u00a0jab\u00f3n de Marsella\u00a0l\u00edquido. Es uno de los m\u00e1s vendidos gracias a la suavidad que aporta a la ropa, el agradable perfume que desprende, su eficacia y su durabilidad. Es un detergente l\u00edquido de espuma&hellip;&nbsp;Lire la suite &raquo;Jab\u00f3n Marsella l\u00edquido","og_url":"https:\/\/dermo.com\/fr\/savon-de-marseille-liquide\/","og_site_name":"Dermo | F\u00e1brica de detergentes","article_modified_time":"2025-02-19T11:06:14+00:00","twitter_card":"summary_large_image","twitter_misc":{"Dur\u00e9e de lecture estim\u00e9e":"3 minutes"},"schema":{"@context":"https:\/\/schema.org","@graph":[{"@type":"WebPage","@id":"https:\/\/dermo.com\/jabon-marsella-liquido\/","url":"https:\/\/dermo.com\/jabon-marsella-liquido\/","name":"Savon liquide de Marseille - Dermo | Usine de d\u00e9tergents","isPartOf":{"@id":"https:\/\/dermo.com\/#website"},"datePublished":"2025-01-30T12:05:49+00:00","dateModified":"2025-02-19T11:06:14+00:00","breadcrumb":{"@id":"https:\/\/dermo.com\/jabon-marsella-liquido\/#breadcrumb"},"inLanguage":"fr-FR","potentialAction":[{"@type":"ReadAction","target":["https:\/\/dermo.com\/jabon-marsella-liquido\/"]}]},{"@type":"BreadcrumbList","@id":"https:\/\/dermo.com\/jabon-marsella-liquido\/#breadcrumb","itemListElement":[{"@type":"ListItem","position":1,"name":"Portada","item":"https:\/\/dermo.com\/"},{"@type":"ListItem","position":2,"name":"Jab\u00f3n Marsella l\u00edquido"}]},{"@type":"WebSite","@id":"https:\/\/dermo.com\/#website","url":"https:\/\/dermo.com\/","name":"Dermo | usine de d\u00e9tergents","description":"Technologie avanc\u00e9e, recherche et d\u00e9veloppement, respect de l&#039;environnement, comp\u00e9tence, formation constante et haut niveau de professionnalisme de notre \u00e9quipe humaine, engag\u00e9e \u00e0 pr\u00e9server la qualit\u00e9 de vie, la protection de l&#039;environnement naturel continuent de nous motiver \u00e0 d\u00e9velopper de nouveaux produits dans notre laboratoires aux principes actifs hautement biod\u00e9gradables qui rendent possible le d\u00e9veloppement durable.","potentialAction":[{"@type":"SearchAction","target":{"@type":"EntryPoint","urlTemplate":"https:\/\/dermo.com\/?s={search_term_string}"},"query-input":{"@type":"PropertyValueSpecification","valueRequired":true,"valueName":"search_term_string"}}],"inLanguage":"fr-FR"}]}},"_links":{"self":[{"href":"https:\/\/dermo.com\/fr\/wp-json\/wp\/v2\/pages\/12563","targetHints":{"allow":["GET"]}}],"collection":[{"href":"https:\/\/dermo.com\/fr\/wp-json\/wp\/v2\/pages"}],"about":[{"href":"https:\/\/dermo.com\/fr\/wp-json\/wp\/v2\/types\/page"}],"author":[{"embeddable":true,"href":"https:\/\/dermo.com\/fr\/wp-json\/wp\/v2\/users\/2"}],"replies":[{"embeddable":true,"href":"https:\/\/dermo.com\/fr\/wp-json\/wp\/v2\/comments?post=12563"}],"version-history":[{"count":7,"href":"https:\/\/dermo.com\/fr\/wp-json\/wp\/v2\/pages\/12563\/revisions"}],"predecessor-version":[{"id":13584,"href":"https:\/\/dermo.com\/fr\/wp-json\/wp\/v2\/pages\/12563\/revisions\/13584"}],"wp:attachment":[{"href":"https:\/\/dermo.com\/fr\/wp-json\/wp\/v2\/media?parent=12563"}],"curies":[{"name":"wp","href":"https:\/\/api.w.org\/{rel}","templated":true}]}}