{"id":12568,"date":"2025-01-30T13:09:02","date_gmt":"2025-01-30T12:09:02","guid":{"rendered":"https:\/\/dermo.com\/?page_id=12568"},"modified":"2025-02-19T12:00:28","modified_gmt":"2025-02-19T11:00:28","slug":"gel-hydroalcoolique-pour-le-nettoyage-des-mains","status":"publish","type":"page","link":"https:\/\/dermo.com\/fr\/gel-hydroalcoolique-pour-le-nettoyage-des-mains\/","title":{"rendered":"Gel hydroalcoolique pour le nettoyage des mains"},"content":{"rendered":"<div data-elementor-type=\"wp-page\" data-elementor-id=\"12568\" class=\"elementor elementor-12568\" data-elementor-post-type=\"page\">\n\t\t\t\t\t\t<section class=\"elementor-section elementor-top-section elementor-element elementor-element-a02683f elementor-section-boxed elementor-section-height-default elementor-section-height-default\" data-id=\"a02683f\" data-element_type=\"section\" data-e-type=\"section\" data-settings=\"{&quot;background_background&quot;:&quot;classic&quot;}\">\n\t\t\t\t\t\t\t<div class=\"elementor-background-overlay\"><\/div>\n\t\t\t\t\t\t\t<div class=\"elementor-container elementor-column-gap-default\">\n\t\t\t\t\t<div class=\"elementor-column elementor-col-100 elementor-top-column elementor-element elementor-element-f99dbff\" data-id=\"f99dbff\" data-element_type=\"column\" data-e-type=\"column\">\n\t\t\t<div class=\"elementor-widget-wrap elementor-element-populated\">\n\t\t\t\t\t\t\t<\/div>\n\t\t<\/div>\n\t\t\t\t\t<\/div>\n\t\t<\/section>\n\t\t\t\t<section class=\"elementor-section elementor-top-section elementor-element elementor-element-233ad3a4 elementor-section-boxed elementor-section-height-default elementor-section-height-default\" data-id=\"233ad3a4\" data-element_type=\"section\" data-e-type=\"section\">\n\t\t\t\t\t\t<div class=\"elementor-container elementor-column-gap-default\">\n\t\t\t\t\t<div class=\"elementor-column elementor-col-100 elementor-top-column elementor-element elementor-element-3244e578\" data-id=\"3244e578\" data-element_type=\"column\" data-e-type=\"column\">\n\t\t\t<div class=\"elementor-widget-wrap elementor-element-populated\">\n\t\t\t\t\t\t<section class=\"elementor-section elementor-inner-section elementor-element elementor-element-1a7040c2 elementor-section-content-middle elementor-section-boxed elementor-section-height-default elementor-section-height-default\" data-id=\"1a7040c2\" data-element_type=\"section\" data-e-type=\"section\">\n\t\t\t\t\t\t<div class=\"elementor-container elementor-column-gap-default\">\n\t\t\t\t\t<div class=\"elementor-column elementor-col-50 elementor-inner-column elementor-element elementor-element-58338543\" data-id=\"58338543\" data-element_type=\"column\" data-e-type=\"column\">\n\t\t\t<div class=\"elementor-widget-wrap elementor-element-populated\">\n\t\t\t\t\t\t<div class=\"elementor-element elementor-element-464b2e11 elementor-widget elementor-widget-text-editor\" data-id=\"464b2e11\" data-element_type=\"widget\" data-e-type=\"widget\" data-widget_type=\"text-editor.default\">\n\t\t\t\t<div class=\"elementor-widget-container\">\n\t\t\t\t\t\t\t\t\t<p>Il\u00a0<a href=\"https:\/\/dermo.com\/wp-content\/uploads\/2020\/03\/GEL-HIDROALCOHOLICO_GELMAN-H.pdf\"><strong>Gel hydroalcoolique pour le nettoyage des mains<\/strong><\/a>\u00a0Dermo est la meilleure arme pour combattre les virus et les bact\u00e9ries, car il est formul\u00e9 et d\u00e9velopp\u00e9 avec des composants con\u00e7us pour \u00e9liminer tout type de salet\u00e9.<\/p><p>Il\u00a0<strong>Gel hydroalcoolique pour le nettoyage\u00a0<\/strong><strong>m<\/strong><strong>ann\u00e9es<\/strong>\u00a0Gelman H est un gel cosm\u00e9tique qui offre un excellent nettoyage des mains, \u00e9vitant la salet\u00e9 et l&#039;accumulation de virus et de bact\u00e9ries de mani\u00e8re s\u00fbre et efficace, car c&#039;est un savon liquide dont nous pouvons utiliser la portion dont nous avons besoin \u00e0 tout moment, ce qui nous permet de nettoyer nos mains en profondeur et de mani\u00e8re efficace, plus que si nous le faisions avec une barre de savon, dans laquelle davantage de germes peuvent s&#039;accumuler.<\/p><p>La meilleure fa\u00e7on de se nettoyer les mains est d&#039;utiliser une quantit\u00e9 g\u00e9n\u00e9reuse de ce gel nettoyant cosm\u00e9tique pour les mains et de l&#039;\u00e9taler en frottant nos mains sur toutes les zones possibles pendant une p\u00e9riode d&#039;environ 5 minutes, afin que la m\u00e9thode soit vraiment efficace. Ensuite, pour \u00e9liminer la possibilit\u00e9 d\u2019accumulation de germes sur nos mains, il est pr\u00e9f\u00e9rable d\u2019utiliser du papier absorbant \u00e0 usage unique, au moins jusqu\u2019\u00e0 la fin de cette p\u00e9riode de confinement li\u00e9e au coronavirus. Vous pouvez \u00e9galement utiliser des serviettes ordinaires par la suite, m\u00eame s&#039;il est toujours conseill\u00e9 de les changer tous les trois jours pour \u00e9viter l&#039;accumulation de trop de micro-organismes.<\/p>\t\t\t\t\t\t\t\t<\/div>\n\t\t\t\t<\/div>\n\t\t\t\t\t<\/div>\n\t\t<\/div>\n\t\t\t\t<div class=\"elementor-column elementor-col-50 elementor-inner-column elementor-element elementor-element-0483e68 elementor-invisible\" data-id=\"0483e68\" data-element_type=\"column\" data-e-type=\"column\" data-settings=\"{&quot;animation&quot;:&quot;bounceInRight&quot;}\">\n\t\t\t<div class=\"elementor-widget-wrap elementor-element-populated\">\n\t\t\t\t\t\t<div class=\"elementor-element elementor-element-99c765c elementor-widget__width-initial elementor-widget elementor-widget-elementskit-contact-form7\" data-id=\"99c765c\" data-element_type=\"widget\" data-e-type=\"widget\" data-widget_type=\"elementskit-contact-form7.default\">\n\t\t\t\t<div class=\"elementor-widget-container\">\n\t\t\t\t\t<div class=\"ekit-wid-con\" ><div class=\"ekit-form\">\n<div class=\"wpcf7 no-js\" id=\"wpcf7-f13292-p12568-o1\" lang=\"es-ES\" dir=\"ltr\" data-wpcf7-id=\"13292\">\n<div class=\"screen-reader-response\"><p role=\"status\" aria-live=\"polite\" aria-atomic=\"true\"><\/p> <ul><\/ul><\/div>\n<form action=\"\/fr\/gel-hydroalcoolique-pour-le-nettoyage-des-mains\/#wpcf7-f13292-p12568-o1\" method=\"post\" class=\"wpcf7-form init\" aria-label=\"Formulario de contacto\" novalidate=\"novalidate\" data-status=\"init\" data-no-translation-aria-label=\"\" data-trp-original-action=\"\/fr\/gel-hidroalcoholico-para-la-limpieza-de-manos\/#wpcf7-f13292-p12568-o1\">\n<fieldset class=\"hidden-fields-container\"><input type=\"hidden\" name=\"_wpcf7\" value=\"13292\" \/><input type=\"hidden\" name=\"_wpcf7_version\" value=\"6.1.5\" \/><input type=\"hidden\" name=\"_wpcf7_locale\" value=\"es_ES\" \/><input type=\"hidden\" name=\"_wpcf7_unit_tag\" value=\"wpcf7-f13292-p12568-o1\" \/><input type=\"hidden\" name=\"_wpcf7_container_post\" value=\"12568\" \/><input type=\"hidden\" name=\"_wpcf7_posted_data_hash\" value=\"\" \/><input type=\"hidden\" name=\"_wpcf7_recaptcha_response\" value=\"\" \/>\n<\/fieldset>\n<div style=\"display: flex; gap: 10px;\">\n\t<div style=\"width: 50%;\">\n\t\t<p><span class=\"wpcf7-form-control-wrap\" data-name=\"your-name\"><input size=\"40\" maxlength=\"400\" class=\"wpcf7-form-control wpcf7-text wpcf7-validates-as-required\" aria-required=\"true\" aria-invalid=\"false\" placeholder=\"Nom\" value=\"\" type=\"text\" name=\"your-name\" \/><\/span>\n\t\t<\/p>\n\t<\/div>\n\t<div style=\"width: 50%;\">\n\t\t<p><span class=\"wpcf7-form-control-wrap\" data-name=\"your-phone\"><input size=\"40\" maxlength=\"400\" class=\"wpcf7-form-control wpcf7-tel wpcf7-validates-as-required wpcf7-text wpcf7-validates-as-tel\" aria-required=\"true\" aria-invalid=\"false\" placeholder=\"T\u00e9l\u00e9phone\" value=\"\" type=\"tel\" name=\"your-phone\" \/><\/span>\n\t\t<\/p>\n\t<\/div>\n<\/div>\n<p><span class=\"wpcf7-form-control-wrap\" data-name=\"your-email\"><input size=\"40\" maxlength=\"400\" class=\"wpcf7-form-control wpcf7-email wpcf7-validates-as-required wpcf7-text wpcf7-validates-as-email\" aria-required=\"true\" aria-invalid=\"false\" placeholder=\"E-mail\" value=\"\" type=\"email\" name=\"your-email\" \/><\/span>\n<\/p>\n<div style=\"display: flex; gap: 10px;\">\n\t<div style=\"width: 50%;\">\n\t\t<p><span class=\"wpcf7-form-control-wrap\" data-name=\"your-country\"><input size=\"40\" maxlength=\"400\" class=\"wpcf7-form-control wpcf7-text wpcf7-validates-as-required\" aria-required=\"true\" aria-invalid=\"false\" placeholder=\"Pays\" value=\"\" type=\"text\" name=\"your-country\" \/><\/span>\n\t\t<\/p>\n\t<\/div>\n\t<div style=\"width: 50%;\">\n\t\t<p><span class=\"wpcf7-form-control-wrap\" data-name=\"your-city\"><input size=\"40\" maxlength=\"400\" class=\"wpcf7-form-control wpcf7-text wpcf7-validates-as-required\" aria-required=\"true\" aria-invalid=\"false\" placeholder=\"Population\" value=\"\" type=\"text\" name=\"your-city\" \/><\/span>\n\t\t<\/p>\n\t<\/div>\n<\/div>\n<p><span class=\"wpcf7-form-control-wrap\" data-name=\"your-subject\"><select class=\"wpcf7-form-control wpcf7-select\" aria-invalid=\"false\" name=\"your-subject\"><option value=\"Quiero ser distribuidor\">Je veux \u00eatre distributeur<\/option><option value=\"Presupuesto\">Budget<\/option><option value=\"Consulta\">Consultation<\/option><option value=\"Sugerencia\">Suggestion<\/option><option value=\"Otros\">Autres<\/option><\/select><\/span>\n<\/p>\n<p><span class=\"wpcf7-form-control-wrap\" data-name=\"your-message\"><textarea cols=\"40\" rows=\"10\" maxlength=\"2000\" class=\"wpcf7-form-control wpcf7-textarea\" aria-invalid=\"false\" placeholder=\"Message ou demande\" name=\"your-message\"><\/textarea><\/span>\n<\/p>\n<div style=\"display: flex; align-items: center; gap: 10px;\">\n\t<p><span class=\"wpcf7-form-control-wrap\" data-name=\"privacy-policy\"><span class=\"wpcf7-form-control wpcf7-acceptance\"><span class=\"wpcf7-list-item\"><input type=\"checkbox\" name=\"privacy-policy\" value=\"1\" aria-invalid=\"false\" \/><\/span><\/span><\/span><label for=\"privacy-policy\" style=\"margin-left: 5px;\">J&#039;ai lu et accept\u00e9 la politique de confidentialit\u00e9.<\/label>\n\t<\/p>\n<\/div>\n<div style=\"display: flex; align-items: center; gap: 10px;\">\n\t<p><span class=\"wpcf7-form-control-wrap\" data-name=\"send-info\"><span class=\"wpcf7-form-control wpcf7-acceptance\"><span class=\"wpcf7-list-item\"><input type=\"checkbox\" name=\"send-info\" value=\"1\" aria-invalid=\"false\" \/><\/span><\/span><\/span><label for=\"send-info\" style=\"margin-left: 5px;\">J&#039;accepte de recevoir des informations.<\/label>\n\t<\/p>\n<\/div>\n<p><input class=\"wpcf7-form-control wpcf7-submit has-spinner\" type=\"submit\" value=\"Envoyer\" \/>\n<\/p><div class=\"wpcf7-response-output\" aria-hidden=\"true\"><\/div>\n<input type=\"hidden\" name=\"trp-form-language\" value=\"fr\"\/><\/form>\n<\/div>\n<\/div><\/div>\t\t\t\t<\/div>\n\t\t\t\t<\/div>\n\t\t\t\t\t<\/div>\n\t\t<\/div>\n\t\t\t\t\t<\/div>\n\t\t<\/section>\n\t\t\t\t<div class=\"elementor-element elementor-element-615d68f elementor-widget elementor-widget-text-editor\" data-id=\"615d68f\" data-element_type=\"widget\" data-e-type=\"widget\" data-widget_type=\"text-editor.default\">\n\t\t\t\t<div class=\"elementor-widget-container\">\n\t\t\t\t\t\t\t\t\t<div id=\"lipsum\"><p>Il\u00a0<strong>Gel hydroalcoolique pour le nettoyage des mains<\/strong>\u00a0C&#039;est l&#039;une des solutions que nous vous pr\u00e9sentons chez Dermo, mais vous pouvez trouver de nombreuses autres solutions efficaces et professionnelles, qui seront les meilleurs outils pour garder les pi\u00e8ces absolument aseptis\u00e9es et exemptes de virus. L&#039;un des exemples que nous pouvons vous donner est notre produit DL 21 FUNGIBAC, un produit de nettoyage professionnel con\u00e7u pour la d\u00e9sinfection domestique et qui est tr\u00e8s efficace contre divers virus, tels que le Poliovirus de type 1, l&#039;Ad\u00e9novirus de type 5 et le Normovirus Murine.<\/p><p>En plus du gel hydroalcoolique, vous trouverez \u00e9galement d&#039;autres solutions id\u00e9ales pour le nettoyage de nos jours, comme le DL 21 FUNGIBAC que nous avons mentionn\u00e9, qui est un produit \u00e0 haute concentration en principes actifs, con\u00e7u pour le nettoyage complet et la d\u00e9sinfection par contact des surfaces et ustensiles hautement contamin\u00e9s. C&#039;est un d\u00e9tergent fongicide et bact\u00e9ricide, parfait pour une utilisation dans le nettoyage dans le secteur de l&#039;h\u00f4tellerie, de l&#039;industrie alimentaire, des grandes collectivit\u00e9s, etc.<\/p><p>En plus de la\u00a0<strong>gel hydroalcoolique pour<\/strong>\u00a0<strong>nettoyage des mains<\/strong>\u00a0et ce fongicide, chez Dermo nous vous pr\u00e9sentons un catalogue large et \u00e9tendu de produits de nettoyage et d&#039;hygi\u00e8ne personnelle, avec lesquels vous obtiendrez une maison propre et saine, ayant le produit parfait pour chaque situation et pour chaque surface.<\/p><p>Si vous souhaitez trouver les meilleurs nettoyants pour votre maison, nous vous attendons chez Dermo !<\/p><\/div>\t\t\t\t\t\t\t\t<\/div>\n\t\t\t\t<\/div>\n\t\t\t\t\t<\/div>\n\t\t<\/div>\n\t\t\t\t\t<\/div>\n\t\t<\/section>\n\t\t\t\t<section class=\"elementor-section elementor-top-section elementor-element elementor-element-484f41e elementor-section-full_width elementor-section-height-default elementor-section-height-default elementor-invisible\" data-id=\"484f41e\" data-element_type=\"section\" data-e-type=\"section\" data-settings=\"{&quot;animation&quot;:&quot;slideInUp&quot;}\">\n\t\t\t\t\t\t<div class=\"elementor-container elementor-column-gap-default\">\n\t\t\t\t\t<div class=\"elementor-column elementor-col-100 elementor-top-column elementor-element elementor-element-19948363\" data-id=\"19948363\" data-element_type=\"column\" data-e-type=\"column\">\n\t\t\t<div class=\"elementor-widget-wrap elementor-element-populated\">\n\t\t\t\t\t\t<div class=\"elementor-element elementor-element-339044a4 elementor-widget elementor-widget-google_maps\" data-id=\"339044a4\" data-element_type=\"widget\" data-e-type=\"widget\" data-widget_type=\"google_maps.default\">\n\t\t\t\t<div class=\"elementor-widget-container\">\n\t\t\t\t\t\t\t<div class=\"elementor-custom-embed\">\n\t\t\t<iframe loading=\"lazy\"\n\t\t\t\t\tsrc=\"https:\/\/maps.google.com\/maps?q=C%2F%20Pintor%20Joan%20Miro%2C%2016.%20Pol.%20Ind.%20Can%20Humet%20de%20Dalt%2C%2008213%20Poliny%C3%A0.%20Barcelona&#038;t=m&#038;z=15&#038;output=embed&#038;iwloc=near\"\n\t\t\t\t\ttitle=\"C\/ Pintor Joan Miro, 16. Pol. Ind. Can Humet de Dalt, 08213 Poliny\u00e0. Barcelone\"\n\t\t\t\t\taria-label=\"C\/ Pintor Joan Miro, 16. Pol. Ind. Can Humet de Dalt, 08213 Poliny\u00e0. Barcelone\"\n\t\t\t><\/iframe>\n\t\t<\/div>\n\t\t\t\t\t\t<\/div>\n\t\t\t\t<\/div>\n\t\t\t\t\t<\/div>\n\t\t<\/div>\n\t\t\t\t\t<\/div>\n\t\t<\/section>\n\t\t\t\t<\/div>","protected":false},"excerpt":{"rendered":"<p>Le gel hydroalcoolique nettoyant pour les mains de Dermo est la meilleure arme contre les virus et les bact\u00e9ries, car il est formul\u00e9 et d\u00e9velopp\u00e9 avec des ingr\u00e9dients con\u00e7us pour \u00e9liminer tout type de salet\u00e9. Le gel hydroalcoolique nettoyant pour les mains Gelman H est un gel cosm\u00e9tique qui assure une excellente hygi\u00e8ne des mains et pr\u00e9vient la salet\u00e9.&nbsp;<a href=\"https:\/\/dermo.com\/fr\/gel-hydroalcoolique-pour-le-nettoyage-des-mains\/\" rel=\"bookmark\">En savoir plus &quot;<span class=\"screen-reader-text\">Gel hydroalcoolique pour le nettoyage des mains<\/span><\/a><\/p>","protected":false},"author":2,"featured_media":0,"parent":0,"menu_order":0,"comment_status":"closed","ping_status":"closed","template":"page-templates\/template-pagebuilder-full-width.php","meta":{"neve_meta_sidebar":"","neve_meta_container":"","neve_meta_enable_content_width":"","neve_meta_content_width":0,"neve_meta_title_alignment":"","neve_meta_author_avatar":"","neve_post_elements_order":"","neve_meta_disable_header":"","neve_meta_disable_footer":"","neve_meta_disable_title":"","footnotes":""},"class_list":["post-12568","page","type-page","status-publish","hentry"],"yoast_head":"<!-- This site is optimized with the Yoast SEO plugin v27.0 - https:\/\/yoast.com\/product\/yoast-seo-wordpress\/ -->\n<title>Gel hidroalcoh\u00f3lico para la limpieza de manos - Dermo | F\u00e1brica de detergentes<\/title>\n<meta name=\"robots\" content=\"index, follow, max-snippet:-1, max-image-preview:large, max-video-preview:-1\" \/>\n<link rel=\"canonical\" href=\"https:\/\/dermo.com\/fr\/gel-hydroalcoolique-pour-le-nettoyage-des-mains\/\" \/>\n<meta property=\"og:locale\" content=\"fr_FR\" \/>\n<meta property=\"og:type\" content=\"article\" \/>\n<meta property=\"og:title\" content=\"Gel hidroalcoh\u00f3lico para la limpieza de manos - Dermo | F\u00e1brica de detergentes\" \/>\n<meta property=\"og:description\" content=\"El\u00a0gel hidroalcoh\u00f3lico para la limpieza de manos\u00a0de Dermo es la mejor arma para combatir los virus y las bacterias, porque est\u00e1 elaborado y desarrollado con componentes pensados para eliminar cualquier tipo de suciedad. El\u00a0gel hidroalcoh\u00f3lico para la limpieza de\u00a0manos\u00a0Gelman H es un gel cosm\u00e9tico que aporta una gran limpieza para las manos, evitando la suciedad&hellip;&nbsp;Lire la suite &raquo;Gel hidroalcoh\u00f3lico para la limpieza de manos\" \/>\n<meta property=\"og:url\" content=\"https:\/\/dermo.com\/fr\/gel-hydroalcoolique-pour-le-nettoyage-des-mains\/\" \/>\n<meta property=\"og:site_name\" content=\"Dermo | F\u00e1brica de detergentes\" \/>\n<meta property=\"article:modified_time\" content=\"2025-02-19T11:00:28+00:00\" \/>\n<meta name=\"twitter:card\" content=\"summary_large_image\" \/>\n<meta name=\"twitter:label1\" content=\"Dur\u00e9e de lecture estim\u00e9e\" \/>\n\t<meta name=\"twitter:data1\" content=\"3 minutes\" \/>\n<script type=\"application\/ld+json\" class=\"yoast-schema-graph\">{\"@context\":\"https:\/\/schema.org\",\"@graph\":[{\"@type\":\"WebPage\",\"@id\":\"https:\/\/dermo.com\/gel-hidroalcoholico-para-la-limpieza-de-manos\/\",\"url\":\"https:\/\/dermo.com\/gel-hidroalcoholico-para-la-limpieza-de-manos\/\",\"name\":\"Gel hidroalcoh\u00f3lico para la limpieza de manos - Dermo | F\u00e1brica de detergentes\",\"isPartOf\":{\"@id\":\"https:\/\/dermo.com\/#website\"},\"datePublished\":\"2025-01-30T12:09:02+00:00\",\"dateModified\":\"2025-02-19T11:00:28+00:00\",\"breadcrumb\":{\"@id\":\"https:\/\/dermo.com\/gel-hidroalcoholico-para-la-limpieza-de-manos\/#breadcrumb\"},\"inLanguage\":\"fr-FR\",\"potentialAction\":[{\"@type\":\"ReadAction\",\"target\":[\"https:\/\/dermo.com\/gel-hidroalcoholico-para-la-limpieza-de-manos\/\"]}]},{\"@type\":\"BreadcrumbList\",\"@id\":\"https:\/\/dermo.com\/gel-hidroalcoholico-para-la-limpieza-de-manos\/#breadcrumb\",\"itemListElement\":[{\"@type\":\"ListItem\",\"position\":1,\"name\":\"Portada\",\"item\":\"https:\/\/dermo.com\/\"},{\"@type\":\"ListItem\",\"position\":2,\"name\":\"Gel hidroalcoh\u00f3lico para la limpieza de manos\"}]},{\"@type\":\"WebSite\",\"@id\":\"https:\/\/dermo.com\/#website\",\"url\":\"https:\/\/dermo.com\/\",\"name\":\"Dermo | F\u00e1brica de detergentes\",\"description\":\"Tecnolog\u00eda avanzada, investigaci\u00f3n y desarrollo, respeto por el medio ambiente, competencia, formaci\u00f3n constante y alto nivel de profesionalidad en nuestro equipo humano, empe\u00f1ado en preservar la calidad de vida, la protecci\u00f3n del entorno natural contin\u00faan motiv\u00e1ndonos para desarrollar en nuestros laboratorios nuevos productos con ingredientes activos altamente biodegradables que hacen posible un desarrollo sostenible.\",\"potentialAction\":[{\"@type\":\"SearchAction\",\"target\":{\"@type\":\"EntryPoint\",\"urlTemplate\":\"https:\/\/dermo.com\/?s={search_term_string}\"},\"query-input\":{\"@type\":\"PropertyValueSpecification\",\"valueRequired\":true,\"valueName\":\"search_term_string\"}}],\"inLanguage\":\"fr-FR\"}]}<\/script>\n<!-- \/ Yoast SEO plugin. -->","yoast_head_json":{"title":"Gel hydroalcoolique pour le nettoyage des mains - Dermo | Usine de d\u00e9tergents","robots":{"index":"index","follow":"follow","max-snippet":"max-snippet:-1","max-image-preview":"max-image-preview:large","max-video-preview":"max-video-preview:-1"},"canonical":"https:\/\/dermo.com\/fr\/gel-hydroalcoolique-pour-le-nettoyage-des-mains\/","og_locale":"fr_FR","og_type":"article","og_title":"Gel hidroalcoh\u00f3lico para la limpieza de manos - Dermo | F\u00e1brica de detergentes","og_description":"El\u00a0gel hidroalcoh\u00f3lico para la limpieza de manos\u00a0de Dermo es la mejor arma para combatir los virus y las bacterias, porque est\u00e1 elaborado y desarrollado con componentes pensados para eliminar cualquier tipo de suciedad. El\u00a0gel hidroalcoh\u00f3lico para la limpieza de\u00a0manos\u00a0Gelman H es un gel cosm\u00e9tico que aporta una gran limpieza para las manos, evitando la suciedad&hellip;&nbsp;Lire la suite &raquo;Gel hidroalcoh\u00f3lico para la limpieza de manos","og_url":"https:\/\/dermo.com\/fr\/gel-hydroalcoolique-pour-le-nettoyage-des-mains\/","og_site_name":"Dermo | F\u00e1brica de detergentes","article_modified_time":"2025-02-19T11:00:28+00:00","twitter_card":"summary_large_image","twitter_misc":{"Dur\u00e9e de lecture estim\u00e9e":"3 minutes"},"schema":{"@context":"https:\/\/schema.org","@graph":[{"@type":"WebPage","@id":"https:\/\/dermo.com\/gel-hidroalcoholico-para-la-limpieza-de-manos\/","url":"https:\/\/dermo.com\/gel-hidroalcoholico-para-la-limpieza-de-manos\/","name":"Gel hydroalcoolique pour le nettoyage des mains - Dermo | Usine de d\u00e9tergents","isPartOf":{"@id":"https:\/\/dermo.com\/#website"},"datePublished":"2025-01-30T12:09:02+00:00","dateModified":"2025-02-19T11:00:28+00:00","breadcrumb":{"@id":"https:\/\/dermo.com\/gel-hidroalcoholico-para-la-limpieza-de-manos\/#breadcrumb"},"inLanguage":"fr-FR","potentialAction":[{"@type":"ReadAction","target":["https:\/\/dermo.com\/gel-hidroalcoholico-para-la-limpieza-de-manos\/"]}]},{"@type":"BreadcrumbList","@id":"https:\/\/dermo.com\/gel-hidroalcoholico-para-la-limpieza-de-manos\/#breadcrumb","itemListElement":[{"@type":"ListItem","position":1,"name":"Portada","item":"https:\/\/dermo.com\/"},{"@type":"ListItem","position":2,"name":"Gel hidroalcoh\u00f3lico para la limpieza de manos"}]},{"@type":"WebSite","@id":"https:\/\/dermo.com\/#website","url":"https:\/\/dermo.com\/","name":"Dermo | usine de d\u00e9tergents","description":"Technologie avanc\u00e9e, recherche et d\u00e9veloppement, respect de l&#039;environnement, comp\u00e9tence, formation constante et haut niveau de professionnalisme de notre \u00e9quipe humaine, engag\u00e9e \u00e0 pr\u00e9server la qualit\u00e9 de vie, la protection de l&#039;environnement naturel continuent de nous motiver \u00e0 d\u00e9velopper de nouveaux produits dans notre laboratoires aux principes actifs hautement biod\u00e9gradables qui rendent possible le d\u00e9veloppement durable.","potentialAction":[{"@type":"SearchAction","target":{"@type":"EntryPoint","urlTemplate":"https:\/\/dermo.com\/?s={search_term_string}"},"query-input":{"@type":"PropertyValueSpecification","valueRequired":true,"valueName":"search_term_string"}}],"inLanguage":"fr-FR"}]}},"_links":{"self":[{"href":"https:\/\/dermo.com\/fr\/wp-json\/wp\/v2\/pages\/12568","targetHints":{"allow":["GET"]}}],"collection":[{"href":"https:\/\/dermo.com\/fr\/wp-json\/wp\/v2\/pages"}],"about":[{"href":"https:\/\/dermo.com\/fr\/wp-json\/wp\/v2\/types\/page"}],"author":[{"embeddable":true,"href":"https:\/\/dermo.com\/fr\/wp-json\/wp\/v2\/users\/2"}],"replies":[{"embeddable":true,"href":"https:\/\/dermo.com\/fr\/wp-json\/wp\/v2\/comments?post=12568"}],"version-history":[{"count":7,"href":"https:\/\/dermo.com\/fr\/wp-json\/wp\/v2\/pages\/12568\/revisions"}],"predecessor-version":[{"id":13575,"href":"https:\/\/dermo.com\/fr\/wp-json\/wp\/v2\/pages\/12568\/revisions\/13575"}],"wp:attachment":[{"href":"https:\/\/dermo.com\/fr\/wp-json\/wp\/v2\/media?parent=12568"}],"curies":[{"name":"wp","href":"https:\/\/api.w.org\/{rel}","templated":true}]}}