{"id":12603,"date":"2025-01-30T13:39:20","date_gmt":"2025-01-30T12:39:20","guid":{"rendered":"https:\/\/dermo.com\/?page_id=12603"},"modified":"2025-02-19T11:59:25","modified_gmt":"2025-02-19T10:59:25","slug":"nettoyants-pour-sols-parfumes","status":"publish","type":"page","link":"https:\/\/dermo.com\/fr\/nettoyants-pour-sols-parfumes\/","title":{"rendered":"Nettoyant pour sols parfum\u00e9"},"content":{"rendered":"<div data-elementor-type=\"wp-page\" data-elementor-id=\"12603\" class=\"elementor elementor-12603\" data-elementor-post-type=\"page\">\n\t\t\t\t\t\t<section class=\"elementor-section elementor-top-section elementor-element elementor-element-a02683f elementor-section-boxed elementor-section-height-default elementor-section-height-default\" data-id=\"a02683f\" data-element_type=\"section\" data-e-type=\"section\" data-settings=\"{&quot;background_background&quot;:&quot;classic&quot;}\">\n\t\t\t\t\t\t\t<div class=\"elementor-background-overlay\"><\/div>\n\t\t\t\t\t\t\t<div class=\"elementor-container elementor-column-gap-default\">\n\t\t\t\t\t<div class=\"elementor-column elementor-col-100 elementor-top-column elementor-element elementor-element-f99dbff\" data-id=\"f99dbff\" data-element_type=\"column\" data-e-type=\"column\">\n\t\t\t<div class=\"elementor-widget-wrap elementor-element-populated\">\n\t\t\t\t\t\t\t<\/div>\n\t\t<\/div>\n\t\t\t\t\t<\/div>\n\t\t<\/section>\n\t\t\t\t<section class=\"elementor-section elementor-top-section elementor-element elementor-element-233ad3a4 elementor-section-boxed elementor-section-height-default elementor-section-height-default\" data-id=\"233ad3a4\" data-element_type=\"section\" data-e-type=\"section\">\n\t\t\t\t\t\t<div class=\"elementor-container elementor-column-gap-default\">\n\t\t\t\t\t<div class=\"elementor-column elementor-col-100 elementor-top-column elementor-element elementor-element-3244e578\" data-id=\"3244e578\" data-element_type=\"column\" data-e-type=\"column\">\n\t\t\t<div class=\"elementor-widget-wrap elementor-element-populated\">\n\t\t\t\t\t\t<section class=\"elementor-section elementor-inner-section elementor-element elementor-element-1a7040c2 elementor-section-content-middle elementor-section-boxed elementor-section-height-default elementor-section-height-default\" data-id=\"1a7040c2\" data-element_type=\"section\" data-e-type=\"section\">\n\t\t\t\t\t\t<div class=\"elementor-container elementor-column-gap-default\">\n\t\t\t\t\t<div class=\"elementor-column elementor-col-50 elementor-inner-column elementor-element elementor-element-58338543\" data-id=\"58338543\" data-element_type=\"column\" data-e-type=\"column\">\n\t\t\t<div class=\"elementor-widget-wrap elementor-element-populated\">\n\t\t\t\t\t\t<div class=\"elementor-element elementor-element-464b2e11 elementor-widget elementor-widget-text-editor\" data-id=\"464b2e11\" data-element_type=\"widget\" data-e-type=\"widget\" data-widget_type=\"text-editor.default\">\n\t\t\t\t<div class=\"elementor-widget-container\">\n\t\t\t\t\t\t\t\t\t<p>Trouvez le meilleur\u00a0<strong>nettoyants pour sols parfum\u00e9s<\/strong>\u00a0chez Dermo, choix parmi de multiples options et ar\u00f4mes. Chez Dermo, nous fabriquons des produits professionnels pour nettoyer, d\u00e9sinfecter et entretenir tous les types de sols, car chaque sol a des besoins diff\u00e9rents. Au parfum de pomme, de citron, de cerise, de fleurs, d&#039;eucalyptus... Choisissez le\u00a0<strong>nettoyants pour sols parfum\u00e9s<\/strong>\u00a0le plus efficace du march\u00e9 chez Dermo, permettant d&#039;obtenir un produit durable et efficace qui prend soin de tous les types de sols.<\/p><p><a href=\"https:\/\/dermo.com\/fr\/catalogue\/es\/traitement-du-sol\/98-star-gres-pino.html\/?search_query=Star+Gres+Pino+&amp;results=1\">Etoile Gr\u00e8s Pin<\/a>\u00a0C&#039;est un d\u00e9tergent liquide sp\u00e9cialement con\u00e7u pour le nettoyage des surfaces en gr\u00e8s, carrelage, c\u00e9ramique, etc. Il ne laisse aucune trace en s\u00e9chant et laisse un parfum agr\u00e9able et persistant. Il poss\u00e8de un grand pouvoir d\u00e9tergent et laisse une brillance naturelle. Une autre option est\u00a0<a href=\"https:\/\/dermo.com\/fr\/catalogue\/es\/commencer\/161-f200-blue-fregasuelos.html\/?search_query=F200+Blue&amp;results=1\">F200 Bleu<\/a>, un autre des n\u00f4tres\u00a0<strong>nettoyants pour sols parfum\u00e9s<\/strong>\u00a0nettoyage efficace, offrant un s\u00e9chage rapide et sans traces qui pr\u00e9serve toute la brillance naturelle et que vous pouvez utiliser sur des sols ou surfaces lavables comme la c\u00e9ramique, le caoutchouc, le terrazzo, le marbre, le vinyle, le PVC...<\/p><p>Si vous recherchez une odeur douce pour vos nettoyants pour sols parfum\u00e9s, vous pouvez choisir\u00a0<a href=\"https:\/\/dermo.com\/fr\/catalogue\/es\/traitement-du-sol\/155-f-80-cherry-fregasuelos.html\/?search_query=F80+Cherry&amp;results=1\">F80 Cerise<\/a>, un produit \u00e0 s\u00e9chage rapide et sans traces qui pr\u00e9serve la brillance naturelle, peut \u00eatre utilis\u00e9 sur les sols et surfaces lavables et laisse un agr\u00e9able parfum de cerise douce.<\/p><p><a href=\"https:\/\/dermo.com\/fr\/catalogue\/es\/traitement-du-sol\/95-f80intense.html\/?search_query=Intense&amp;results=1\">F80 Intense<\/a>, un nettoyant pour sols au pouvoir nettoyant efficace et d\u00e9tergent \u00e9lev\u00e9, qui brille naturellement et peut \u00eatre utilis\u00e9 sur tout type de sol. Il laisse un parfum agr\u00e9able et persistant.<\/p>\t\t\t\t\t\t\t\t<\/div>\n\t\t\t\t<\/div>\n\t\t\t\t\t<\/div>\n\t\t<\/div>\n\t\t\t\t<div class=\"elementor-column elementor-col-50 elementor-inner-column elementor-element elementor-element-6ef661c elementor-invisible\" data-id=\"6ef661c\" data-element_type=\"column\" data-e-type=\"column\" data-settings=\"{&quot;animation&quot;:&quot;bounceInRight&quot;}\">\n\t\t\t<div class=\"elementor-widget-wrap elementor-element-populated\">\n\t\t\t\t\t\t<div class=\"elementor-element elementor-element-269567b elementor-widget__width-initial elementor-widget elementor-widget-elementskit-contact-form7\" data-id=\"269567b\" data-element_type=\"widget\" data-e-type=\"widget\" data-widget_type=\"elementskit-contact-form7.default\">\n\t\t\t\t<div class=\"elementor-widget-container\">\n\t\t\t\t\t<div class=\"ekit-wid-con\" ><div class=\"ekit-form\">\n<div class=\"wpcf7 no-js\" id=\"wpcf7-f13292-p12603-o1\" lang=\"es-ES\" dir=\"ltr\" data-wpcf7-id=\"13292\">\n<div class=\"screen-reader-response\"><p role=\"status\" aria-live=\"polite\" aria-atomic=\"true\"><\/p> <ul><\/ul><\/div>\n<form action=\"\/fr\/nettoyants-pour-sols-parfumes\/#wpcf7-f13292-p12603-o1\" method=\"post\" class=\"wpcf7-form init\" aria-label=\"Formulario de contacto\" novalidate=\"novalidate\" data-status=\"init\" data-no-translation-aria-label=\"\" data-trp-original-action=\"\/en\/fregasuelos-perfumados\/#wpcf7-f13292-p12603-o1\">\n<fieldset class=\"hidden-fields-container\"><input type=\"hidden\" name=\"_wpcf7\" value=\"13292\" \/><input type=\"hidden\" name=\"_wpcf7_version\" value=\"6.1.5\" \/><input type=\"hidden\" name=\"_wpcf7_locale\" value=\"es_ES\" \/><input type=\"hidden\" name=\"_wpcf7_unit_tag\" value=\"wpcf7-f13292-p12603-o1\" \/><input type=\"hidden\" name=\"_wpcf7_container_post\" value=\"12603\" \/><input type=\"hidden\" name=\"_wpcf7_posted_data_hash\" value=\"\" \/><input type=\"hidden\" name=\"_wpcf7_recaptcha_response\" value=\"\" \/>\n<\/fieldset>\n<div style=\"display: flex; gap: 10px;\">\n\t<div style=\"width: 50%;\">\n\t\t<p><span class=\"wpcf7-form-control-wrap\" data-name=\"your-name\"><input size=\"40\" maxlength=\"400\" class=\"wpcf7-form-control wpcf7-text wpcf7-validates-as-required\" aria-required=\"true\" aria-invalid=\"false\" placeholder=\"Nom\" value=\"\" type=\"text\" name=\"your-name\" \/><\/span>\n\t\t<\/p>\n\t<\/div>\n\t<div style=\"width: 50%;\">\n\t\t<p><span class=\"wpcf7-form-control-wrap\" data-name=\"your-phone\"><input size=\"40\" maxlength=\"400\" class=\"wpcf7-form-control wpcf7-tel wpcf7-validates-as-required wpcf7-text wpcf7-validates-as-tel\" aria-required=\"true\" aria-invalid=\"false\" placeholder=\"T\u00e9l\u00e9phone\" value=\"\" type=\"tel\" name=\"your-phone\" \/><\/span>\n\t\t<\/p>\n\t<\/div>\n<\/div>\n<p><span class=\"wpcf7-form-control-wrap\" data-name=\"your-email\"><input size=\"40\" maxlength=\"400\" class=\"wpcf7-form-control wpcf7-email wpcf7-validates-as-required wpcf7-text wpcf7-validates-as-email\" aria-required=\"true\" aria-invalid=\"false\" placeholder=\"E-mail\" value=\"\" type=\"email\" name=\"your-email\" \/><\/span>\n<\/p>\n<div style=\"display: flex; gap: 10px;\">\n\t<div style=\"width: 50%;\">\n\t\t<p><span class=\"wpcf7-form-control-wrap\" data-name=\"your-country\"><input size=\"40\" maxlength=\"400\" class=\"wpcf7-form-control wpcf7-text wpcf7-validates-as-required\" aria-required=\"true\" aria-invalid=\"false\" placeholder=\"Pays\" value=\"\" type=\"text\" name=\"your-country\" \/><\/span>\n\t\t<\/p>\n\t<\/div>\n\t<div style=\"width: 50%;\">\n\t\t<p><span class=\"wpcf7-form-control-wrap\" data-name=\"your-city\"><input size=\"40\" maxlength=\"400\" class=\"wpcf7-form-control wpcf7-text wpcf7-validates-as-required\" aria-required=\"true\" aria-invalid=\"false\" placeholder=\"Population\" value=\"\" type=\"text\" name=\"your-city\" \/><\/span>\n\t\t<\/p>\n\t<\/div>\n<\/div>\n<p><span class=\"wpcf7-form-control-wrap\" data-name=\"your-subject\"><select class=\"wpcf7-form-control wpcf7-select\" aria-invalid=\"false\" name=\"your-subject\"><option value=\"Quiero ser distribuidor\">Je veux \u00eatre distributeur<\/option><option value=\"Presupuesto\">Budget<\/option><option value=\"Consulta\">Consultation<\/option><option value=\"Sugerencia\">Suggestion<\/option><option value=\"Otros\">Autres<\/option><\/select><\/span>\n<\/p>\n<p><span class=\"wpcf7-form-control-wrap\" data-name=\"your-message\"><textarea cols=\"40\" rows=\"10\" maxlength=\"2000\" class=\"wpcf7-form-control wpcf7-textarea\" aria-invalid=\"false\" placeholder=\"Message ou demande\" name=\"your-message\"><\/textarea><\/span>\n<\/p>\n<div style=\"display: flex; align-items: center; gap: 10px;\">\n\t<p><span class=\"wpcf7-form-control-wrap\" data-name=\"privacy-policy\"><span class=\"wpcf7-form-control wpcf7-acceptance\"><span class=\"wpcf7-list-item\"><input type=\"checkbox\" name=\"privacy-policy\" value=\"1\" aria-invalid=\"false\" \/><\/span><\/span><\/span><label for=\"privacy-policy\" style=\"margin-left: 5px;\">J&#039;ai lu et accept\u00e9 la politique de confidentialit\u00e9.<\/label>\n\t<\/p>\n<\/div>\n<div style=\"display: flex; align-items: center; gap: 10px;\">\n\t<p><span class=\"wpcf7-form-control-wrap\" data-name=\"send-info\"><span class=\"wpcf7-form-control wpcf7-acceptance\"><span class=\"wpcf7-list-item\"><input type=\"checkbox\" name=\"send-info\" value=\"1\" aria-invalid=\"false\" \/><\/span><\/span><\/span><label for=\"send-info\" style=\"margin-left: 5px;\">J&#039;accepte de recevoir des informations.<\/label>\n\t<\/p>\n<\/div>\n<p><input class=\"wpcf7-form-control wpcf7-submit has-spinner\" type=\"submit\" value=\"Envoyer\" \/>\n<\/p><div class=\"wpcf7-response-output\" aria-hidden=\"true\"><\/div>\n<input type=\"hidden\" name=\"trp-form-language\" value=\"fr\"\/><\/form>\n<\/div>\n<\/div><\/div>\t\t\t\t<\/div>\n\t\t\t\t<\/div>\n\t\t\t\t\t<\/div>\n\t\t<\/div>\n\t\t\t\t\t<\/div>\n\t\t<\/section>\n\t\t\t\t<div class=\"elementor-element elementor-element-615d68f elementor-widget elementor-widget-text-editor\" data-id=\"615d68f\" data-element_type=\"widget\" data-e-type=\"widget\" data-widget_type=\"text-editor.default\">\n\t\t\t\t<div class=\"elementor-widget-container\">\n\t\t\t\t\t\t\t\t\t<p><a href=\"https:\/\/dermo.com\/fr\/catalogue\/es\/traitement-du-sol\/91-f80apple.html\/?search_query=F+80+Apple+&amp;results=2\">F 80 Pomme<\/a>\u00a0est un autre des\u00a0<strong>nettoyants pour sols parfum\u00e9s<\/strong>\u00a0de Dermo, qui offre un nettoyage efficace avec un pouvoir d\u00e9tergent \u00e9lev\u00e9 qui apportera propret\u00e9 et un agr\u00e9able parfum de pomme.<\/p><p>Trouvez le meilleur produit pour prendre soin de vos sols et assurez-vous que cette propret\u00e9 et cet ar\u00f4me durent des heures, pr\u00e9servant cette sensation de propret\u00e9 et de bien-\u00eatre.<\/p><p>Le\u00a0<strong>nettoyants pour sols parfum\u00e9s<\/strong>\u00a0Les produits Dermo sont con\u00e7us pour \u00eatre utilis\u00e9s aussi bien au niveau personnel que professionnel et vous pourrez en profiter pendant de nombreuses ann\u00e9es, car ils ont un pouvoir concentr\u00e9 \u00e9lev\u00e9 et agissent efficacement \u00e0 petites doses. Vous devriez consulter les instructions de chacun d&#039;entre eux pour savoir comment ils sont utilis\u00e9s et pour quel type de rev\u00eatement de sol ils sont le plus adapt\u00e9s.<\/p><p>En plus de la\u00a0<strong>nettoyants pour sols parfum\u00e9s<\/strong>Chez Dermo, vous trouverez \u00e9galement des nettoyants pour sols totalement neutres, tels que les nettoyants pour sols neutres Fial ; un produit non moussant con\u00e7u pour \u00eatre utilis\u00e9 dans une autolaveuse automatique et adapt\u00e9 aux sols cir\u00e9s. Fial Fregadoras Lemon est un autre de nos nettoyants pour sols, qui est \u00e9galement neutre et sans mousse et est utilis\u00e9 pour l&#039;autolaveuse.<\/p><p>Visitez le site Dermo et d\u00e9couvrez les meilleurs nettoyants pour sols parfum\u00e9s, en choisissant l&#039;ar\u00f4me et le type de produit qui conviennent le mieux au sol en question.<\/p><p>En plus des nettoyants pour sols, vous pouvez \u00e9galement trouver des produits de lessive, des d\u00e9sinfectants, des d\u00e9graissants, des nettoyants sp\u00e9cifiques, etc.<\/p>\t\t\t\t\t\t\t\t<\/div>\n\t\t\t\t<\/div>\n\t\t\t\t\t<\/div>\n\t\t<\/div>\n\t\t\t\t\t<\/div>\n\t\t<\/section>\n\t\t\t\t<section class=\"elementor-section elementor-top-section elementor-element elementor-element-484f41e elementor-section-full_width elementor-section-height-default elementor-section-height-default elementor-invisible\" data-id=\"484f41e\" data-element_type=\"section\" data-e-type=\"section\" data-settings=\"{&quot;animation&quot;:&quot;slideInUp&quot;}\">\n\t\t\t\t\t\t<div class=\"elementor-container elementor-column-gap-default\">\n\t\t\t\t\t<div class=\"elementor-column elementor-col-100 elementor-top-column elementor-element elementor-element-19948363\" data-id=\"19948363\" data-element_type=\"column\" data-e-type=\"column\">\n\t\t\t<div class=\"elementor-widget-wrap elementor-element-populated\">\n\t\t\t\t\t\t<div class=\"elementor-element elementor-element-339044a4 elementor-widget elementor-widget-google_maps\" data-id=\"339044a4\" data-element_type=\"widget\" data-e-type=\"widget\" data-widget_type=\"google_maps.default\">\n\t\t\t\t<div class=\"elementor-widget-container\">\n\t\t\t\t\t\t\t<div class=\"elementor-custom-embed\">\n\t\t\t<iframe loading=\"lazy\"\n\t\t\t\t\tsrc=\"https:\/\/maps.google.com\/maps?q=C%2F%20Pintor%20Joan%20Miro%2C%2016.%20Pol.%20Ind.%20Can%20Humet%20de%20Dalt%2C%2008213%20Poliny%C3%A0.%20Barcelona&#038;t=m&#038;z=15&#038;output=embed&#038;iwloc=near\"\n\t\t\t\t\ttitle=\"C\/ Pintor Joan Miro, 16. Pol. Ind. Can Humet de Dalt, 08213 Poliny\u00e0. Barcelone\"\n\t\t\t\t\taria-label=\"C\/ Pintor Joan Miro, 16. Pol. Ind. Can Humet de Dalt, 08213 Poliny\u00e0. Barcelone\"\n\t\t\t><\/iframe>\n\t\t<\/div>\n\t\t\t\t\t\t<\/div>\n\t\t\t\t<\/div>\n\t\t\t\t\t<\/div>\n\t\t<\/div>\n\t\t\t\t\t<\/div>\n\t\t<\/section>\n\t\t\t\t<\/div>","protected":false},"excerpt":{"rendered":"<p>Trouvez les meilleurs nettoyants parfum\u00e9s pour sols chez Dermo, parmi une large gamme d&#039;options et de parfums. Chez Dermo, nous fabriquons des produits professionnels pour nettoyer, d\u00e9sinfecter et entretenir tous types de sols, car chaque sol a ses propres besoins. Avec des parfums de pomme, de citron, de cerise, de fleurs, d&#039;eucalyptus et bien plus encore, choisissez les nettoyants parfum\u00e9s les plus efficaces du march\u00e9 chez Dermo et obtenez un produit\u2026&nbsp;<a href=\"https:\/\/dermo.com\/fr\/nettoyants-pour-sols-parfumes\/\" rel=\"bookmark\">En savoir plus &quot;<span class=\"screen-reader-text\">Nettoyant pour sols parfum\u00e9<\/span><\/a><\/p>","protected":false},"author":2,"featured_media":0,"parent":0,"menu_order":0,"comment_status":"closed","ping_status":"closed","template":"page-templates\/template-pagebuilder-full-width.php","meta":{"neve_meta_sidebar":"","neve_meta_container":"","neve_meta_enable_content_width":"","neve_meta_content_width":0,"neve_meta_title_alignment":"","neve_meta_author_avatar":"","neve_post_elements_order":"","neve_meta_disable_header":"","neve_meta_disable_footer":"","neve_meta_disable_title":"","footnotes":""},"class_list":["post-12603","page","type-page","status-publish","hentry"],"yoast_head":"<!-- This site is optimized with the Yoast SEO plugin v27.0 - https:\/\/yoast.com\/product\/yoast-seo-wordpress\/ -->\n<title>Fregasuelos perfumados - Dermo | F\u00e1brica de detergentes<\/title>\n<meta name=\"robots\" content=\"index, follow, max-snippet:-1, max-image-preview:large, max-video-preview:-1\" \/>\n<link rel=\"canonical\" href=\"https:\/\/dermo.com\/fr\/nettoyants-pour-sols-parfumes\/\" \/>\n<meta property=\"og:locale\" content=\"fr_FR\" \/>\n<meta property=\"og:type\" content=\"article\" \/>\n<meta property=\"og:title\" content=\"Fregasuelos perfumados - Dermo | F\u00e1brica de detergentes\" \/>\n<meta property=\"og:description\" content=\"Encuentra los mejores\u00a0fregasuelos perfumados\u00a0en Dermo, eligiendo entre m\u00faltiples opciones y aromas. En Dermo fabricamos productos profesionales para limpiar, desinfectar y cuidar de todo tipo de pavimentos, ya que cada suelo presenta distintas necesidades. Con olor a manzana, a lim\u00f3n, a cereza, a flores, eucalipto\u2026 Elige los\u00a0fregasuelos perfumados\u00a0m\u00e1s eficientes del mercado en Dermo, consiguiendo un producto&hellip;&nbsp;Lire la suite &raquo;Fregasuelos perfumados\" \/>\n<meta property=\"og:url\" content=\"https:\/\/dermo.com\/fr\/nettoyants-pour-sols-parfumes\/\" \/>\n<meta property=\"og:site_name\" content=\"Dermo | F\u00e1brica de detergentes\" \/>\n<meta property=\"article:modified_time\" content=\"2025-02-19T10:59:25+00:00\" \/>\n<meta name=\"twitter:card\" content=\"summary_large_image\" \/>\n<meta name=\"twitter:label1\" content=\"Dur\u00e9e de lecture estim\u00e9e\" \/>\n\t<meta name=\"twitter:data1\" content=\"3 minutes\" \/>\n<script type=\"application\/ld+json\" class=\"yoast-schema-graph\">{\"@context\":\"https:\/\/schema.org\",\"@graph\":[{\"@type\":\"WebPage\",\"@id\":\"https:\/\/dermo.com\/fregasuelos-perfumados\/\",\"url\":\"https:\/\/dermo.com\/fregasuelos-perfumados\/\",\"name\":\"Fregasuelos perfumados - Dermo | F\u00e1brica de detergentes\",\"isPartOf\":{\"@id\":\"https:\/\/dermo.com\/#website\"},\"datePublished\":\"2025-01-30T12:39:20+00:00\",\"dateModified\":\"2025-02-19T10:59:25+00:00\",\"breadcrumb\":{\"@id\":\"https:\/\/dermo.com\/fregasuelos-perfumados\/#breadcrumb\"},\"inLanguage\":\"fr-FR\",\"potentialAction\":[{\"@type\":\"ReadAction\",\"target\":[\"https:\/\/dermo.com\/fregasuelos-perfumados\/\"]}]},{\"@type\":\"BreadcrumbList\",\"@id\":\"https:\/\/dermo.com\/fregasuelos-perfumados\/#breadcrumb\",\"itemListElement\":[{\"@type\":\"ListItem\",\"position\":1,\"name\":\"Portada\",\"item\":\"https:\/\/dermo.com\/\"},{\"@type\":\"ListItem\",\"position\":2,\"name\":\"Fregasuelos perfumados\"}]},{\"@type\":\"WebSite\",\"@id\":\"https:\/\/dermo.com\/#website\",\"url\":\"https:\/\/dermo.com\/\",\"name\":\"Dermo | F\u00e1brica de detergentes\",\"description\":\"Tecnolog\u00eda avanzada, investigaci\u00f3n y desarrollo, respeto por el medio ambiente, competencia, formaci\u00f3n constante y alto nivel de profesionalidad en nuestro equipo humano, empe\u00f1ado en preservar la calidad de vida, la protecci\u00f3n del entorno natural contin\u00faan motiv\u00e1ndonos para desarrollar en nuestros laboratorios nuevos productos con ingredientes activos altamente biodegradables que hacen posible un desarrollo sostenible.\",\"potentialAction\":[{\"@type\":\"SearchAction\",\"target\":{\"@type\":\"EntryPoint\",\"urlTemplate\":\"https:\/\/dermo.com\/?s={search_term_string}\"},\"query-input\":{\"@type\":\"PropertyValueSpecification\",\"valueRequired\":true,\"valueName\":\"search_term_string\"}}],\"inLanguage\":\"fr-FR\"}]}<\/script>\n<!-- \/ Yoast SEO plugin. -->","yoast_head_json":{"title":"Nettoyant sol parfum\u00e9 - Dermo | Usine de d\u00e9tergents","robots":{"index":"index","follow":"follow","max-snippet":"max-snippet:-1","max-image-preview":"max-image-preview:large","max-video-preview":"max-video-preview:-1"},"canonical":"https:\/\/dermo.com\/fr\/nettoyants-pour-sols-parfumes\/","og_locale":"fr_FR","og_type":"article","og_title":"Fregasuelos perfumados - Dermo | F\u00e1brica de detergentes","og_description":"Encuentra los mejores\u00a0fregasuelos perfumados\u00a0en Dermo, eligiendo entre m\u00faltiples opciones y aromas. En Dermo fabricamos productos profesionales para limpiar, desinfectar y cuidar de todo tipo de pavimentos, ya que cada suelo presenta distintas necesidades. Con olor a manzana, a lim\u00f3n, a cereza, a flores, eucalipto\u2026 Elige los\u00a0fregasuelos perfumados\u00a0m\u00e1s eficientes del mercado en Dermo, consiguiendo un producto&hellip;&nbsp;Lire la suite &raquo;Fregasuelos perfumados","og_url":"https:\/\/dermo.com\/fr\/nettoyants-pour-sols-parfumes\/","og_site_name":"Dermo | F\u00e1brica de detergentes","article_modified_time":"2025-02-19T10:59:25+00:00","twitter_card":"summary_large_image","twitter_misc":{"Dur\u00e9e de lecture estim\u00e9e":"3 minutes"},"schema":{"@context":"https:\/\/schema.org","@graph":[{"@type":"WebPage","@id":"https:\/\/dermo.com\/fregasuelos-perfumados\/","url":"https:\/\/dermo.com\/fregasuelos-perfumados\/","name":"Nettoyant sol parfum\u00e9 - Dermo | Usine de d\u00e9tergents","isPartOf":{"@id":"https:\/\/dermo.com\/#website"},"datePublished":"2025-01-30T12:39:20+00:00","dateModified":"2025-02-19T10:59:25+00:00","breadcrumb":{"@id":"https:\/\/dermo.com\/fregasuelos-perfumados\/#breadcrumb"},"inLanguage":"fr-FR","potentialAction":[{"@type":"ReadAction","target":["https:\/\/dermo.com\/fregasuelos-perfumados\/"]}]},{"@type":"BreadcrumbList","@id":"https:\/\/dermo.com\/fregasuelos-perfumados\/#breadcrumb","itemListElement":[{"@type":"ListItem","position":1,"name":"Portada","item":"https:\/\/dermo.com\/"},{"@type":"ListItem","position":2,"name":"Fregasuelos perfumados"}]},{"@type":"WebSite","@id":"https:\/\/dermo.com\/#website","url":"https:\/\/dermo.com\/","name":"Dermo | usine de d\u00e9tergents","description":"Technologie avanc\u00e9e, recherche et d\u00e9veloppement, respect de l&#039;environnement, comp\u00e9tence, formation constante et haut niveau de professionnalisme de notre \u00e9quipe humaine, engag\u00e9e \u00e0 pr\u00e9server la qualit\u00e9 de vie, la protection de l&#039;environnement naturel continuent de nous motiver \u00e0 d\u00e9velopper de nouveaux produits dans notre laboratoires aux principes actifs hautement biod\u00e9gradables qui rendent possible le d\u00e9veloppement durable.","potentialAction":[{"@type":"SearchAction","target":{"@type":"EntryPoint","urlTemplate":"https:\/\/dermo.com\/?s={search_term_string}"},"query-input":{"@type":"PropertyValueSpecification","valueRequired":true,"valueName":"search_term_string"}}],"inLanguage":"fr-FR"}]}},"_links":{"self":[{"href":"https:\/\/dermo.com\/fr\/wp-json\/wp\/v2\/pages\/12603","targetHints":{"allow":["GET"]}}],"collection":[{"href":"https:\/\/dermo.com\/fr\/wp-json\/wp\/v2\/pages"}],"about":[{"href":"https:\/\/dermo.com\/fr\/wp-json\/wp\/v2\/types\/page"}],"author":[{"embeddable":true,"href":"https:\/\/dermo.com\/fr\/wp-json\/wp\/v2\/users\/2"}],"replies":[{"embeddable":true,"href":"https:\/\/dermo.com\/fr\/wp-json\/wp\/v2\/comments?post=12603"}],"version-history":[{"count":7,"href":"https:\/\/dermo.com\/fr\/wp-json\/wp\/v2\/pages\/12603\/revisions"}],"predecessor-version":[{"id":13566,"href":"https:\/\/dermo.com\/fr\/wp-json\/wp\/v2\/pages\/12603\/revisions\/13566"}],"wp:attachment":[{"href":"https:\/\/dermo.com\/fr\/wp-json\/wp\/v2\/media?parent=12603"}],"curies":[{"name":"wp","href":"https:\/\/api.w.org\/{rel}","templated":true}]}}