{"id":12608,"date":"2025-01-30T13:42:16","date_gmt":"2025-01-30T12:42:16","guid":{"rendered":"https:\/\/dermo.com\/?page_id=12608"},"modified":"2025-02-19T11:57:55","modified_gmt":"2025-02-19T10:57:55","slug":"fabricant-dassouplissant","status":"publish","type":"page","link":"https:\/\/dermo.com\/fr\/fabricant-dassouplissant\/","title":{"rendered":"Fabricant d&#039;assouplissant"},"content":{"rendered":"<div data-elementor-type=\"wp-page\" data-elementor-id=\"12608\" class=\"elementor elementor-12608\" data-elementor-post-type=\"page\">\n\t\t\t\t\t\t<section class=\"elementor-section elementor-top-section elementor-element elementor-element-a02683f elementor-section-boxed elementor-section-height-default elementor-section-height-default\" data-id=\"a02683f\" data-element_type=\"section\" data-e-type=\"section\" data-settings=\"{&quot;background_background&quot;:&quot;classic&quot;}\">\n\t\t\t\t\t\t\t<div class=\"elementor-background-overlay\"><\/div>\n\t\t\t\t\t\t\t<div class=\"elementor-container elementor-column-gap-default\">\n\t\t\t\t\t<div class=\"elementor-column elementor-col-100 elementor-top-column elementor-element elementor-element-f99dbff\" data-id=\"f99dbff\" data-element_type=\"column\" data-e-type=\"column\">\n\t\t\t<div class=\"elementor-widget-wrap elementor-element-populated\">\n\t\t\t\t\t\t\t<\/div>\n\t\t<\/div>\n\t\t\t\t\t<\/div>\n\t\t<\/section>\n\t\t\t\t<section class=\"elementor-section elementor-top-section elementor-element elementor-element-233ad3a4 elementor-section-boxed elementor-section-height-default elementor-section-height-default\" data-id=\"233ad3a4\" data-element_type=\"section\" data-e-type=\"section\">\n\t\t\t\t\t\t<div class=\"elementor-container elementor-column-gap-default\">\n\t\t\t\t\t<div class=\"elementor-column elementor-col-100 elementor-top-column elementor-element elementor-element-3244e578\" data-id=\"3244e578\" data-element_type=\"column\" data-e-type=\"column\">\n\t\t\t<div class=\"elementor-widget-wrap elementor-element-populated\">\n\t\t\t\t\t\t<section class=\"elementor-section elementor-inner-section elementor-element elementor-element-1a7040c2 elementor-section-content-middle elementor-section-boxed elementor-section-height-default elementor-section-height-default\" data-id=\"1a7040c2\" data-element_type=\"section\" data-e-type=\"section\">\n\t\t\t\t\t\t<div class=\"elementor-container elementor-column-gap-default\">\n\t\t\t\t\t<div class=\"elementor-column elementor-col-50 elementor-inner-column elementor-element elementor-element-58338543\" data-id=\"58338543\" data-element_type=\"column\" data-e-type=\"column\">\n\t\t\t<div class=\"elementor-widget-wrap elementor-element-populated\">\n\t\t\t\t\t\t<div class=\"elementor-element elementor-element-464b2e11 elementor-widget elementor-widget-text-editor\" data-id=\"464b2e11\" data-element_type=\"widget\" data-e-type=\"widget\" data-widget_type=\"text-editor.default\">\n\t\t\t\t<div class=\"elementor-widget-container\">\n\t\t\t\t\t\t\t\t\t<p>Dermo se caract\u00e9rise par le fait d&#039;\u00eatre\u00a0<strong>fabricant<\/strong>\u00a0et fournisseur de produits de nettoyage. Sont\u00a0<strong>fabricant d&#039;assouplissant<\/strong>\u00a0et chaque jour nous essayons d&#039;am\u00e9liorer notre formule, pour donner de meilleurs r\u00e9sultats \u00e0 nos clients.<\/p><p>Les assouplissants Dermo contiennent un pouvoir hautement concentr\u00e9 pour nettoyer en profondeur tout type de tissu, en respectant toujours l&#039;\u00e9tat d&#039;origine de chaque v\u00eatement.<\/p><p>En Dermo\u00a0<strong>fabricant d&#039;assouplissant<\/strong>\u00a0Nous formulons et fabriquons des produits de nettoyage selon les besoins et les demandes de chaque client. Nous conditionnons et emballons le produit dans le format le plus pratique et le plus adaptable pour le client et distribuons le produit \u00e0 l&#039;emplacement indiqu\u00e9 par l&#039;utilisateur.<\/p><p>Notre\u00a0<strong>adoucisseurs<\/strong>\u00a0Ils ont un sceau personnel. Nous sommes un\u00a0<strong>fabricant d&#039;assouplissant<\/strong>\u00a0qui s&#039;engage pour l&#039;innovation, la qualit\u00e9 et les bons r\u00e9sultats.<\/p><p>Nous sommes votre\u00a0<strong>fabricant<\/strong>\u00a0et fournisseur de\u00a0<strong>adoucisseurs<\/strong>, vous offrant un large \u00e9ventail de possibilit\u00e9s. Le\u00a0<strong>adoucisseurs<\/strong>\u00a0Les produits Dermo apportent douceur, fra\u00eecheur, ar\u00f4me et nettoyage professionnel \u00e0 tous types de tissus.<\/p><p>Nous sommes un\u00a0<strong>fabricant<\/strong>\u00a0de\u00a0<strong>adoucisseurs<\/strong>\u00a0qui se soucie de r\u00e9pondre aux attentes des clients. Nous restons inform\u00e9s des outils technologiques et des innovations \u00e0 notre disposition, afin de fournir des r\u00e9sultats professionnels \u00e0 nos clients.<\/p>\t\t\t\t\t\t\t\t<\/div>\n\t\t\t\t<\/div>\n\t\t\t\t\t<\/div>\n\t\t<\/div>\n\t\t\t\t<div class=\"elementor-column elementor-col-50 elementor-inner-column elementor-element elementor-element-018f92e elementor-invisible\" data-id=\"018f92e\" data-element_type=\"column\" data-e-type=\"column\" data-settings=\"{&quot;animation&quot;:&quot;bounceInRight&quot;}\">\n\t\t\t<div class=\"elementor-widget-wrap elementor-element-populated\">\n\t\t\t\t\t\t<div class=\"elementor-element elementor-element-d302096 elementor-widget__width-initial elementor-widget elementor-widget-elementskit-contact-form7\" data-id=\"d302096\" data-element_type=\"widget\" data-e-type=\"widget\" data-widget_type=\"elementskit-contact-form7.default\">\n\t\t\t\t<div class=\"elementor-widget-container\">\n\t\t\t\t\t<div class=\"ekit-wid-con\" ><div class=\"ekit-form\">\n<div class=\"wpcf7 no-js\" id=\"wpcf7-f13292-p12608-o1\" lang=\"es-ES\" dir=\"ltr\" data-wpcf7-id=\"13292\">\n<div class=\"screen-reader-response\"><p role=\"status\" aria-live=\"polite\" aria-atomic=\"true\"><\/p> <ul><\/ul><\/div>\n<form action=\"\/fr\/fabricant-dassouplissant\/#wpcf7-f13292-p12608-o1\" method=\"post\" class=\"wpcf7-form init\" aria-label=\"Formulario de contacto\" novalidate=\"novalidate\" data-status=\"init\" data-no-translation-aria-label=\"\" data-trp-original-action=\"\/fr\/fabricante-de-suavizantes\/#wpcf7-f13292-p12608-o1\">\n<fieldset class=\"hidden-fields-container\"><input type=\"hidden\" name=\"_wpcf7\" value=\"13292\" \/><input type=\"hidden\" name=\"_wpcf7_version\" value=\"6.1.5\" \/><input type=\"hidden\" name=\"_wpcf7_locale\" value=\"es_ES\" \/><input type=\"hidden\" name=\"_wpcf7_unit_tag\" value=\"wpcf7-f13292-p12608-o1\" \/><input type=\"hidden\" name=\"_wpcf7_container_post\" value=\"12608\" \/><input type=\"hidden\" name=\"_wpcf7_posted_data_hash\" value=\"\" \/><input type=\"hidden\" name=\"_wpcf7_recaptcha_response\" value=\"\" \/>\n<\/fieldset>\n<div style=\"display: flex; gap: 10px;\">\n\t<div style=\"width: 50%;\">\n\t\t<p><span class=\"wpcf7-form-control-wrap\" data-name=\"your-name\"><input size=\"40\" maxlength=\"400\" class=\"wpcf7-form-control wpcf7-text wpcf7-validates-as-required\" aria-required=\"true\" aria-invalid=\"false\" placeholder=\"Nom\" value=\"\" type=\"text\" name=\"your-name\" \/><\/span>\n\t\t<\/p>\n\t<\/div>\n\t<div style=\"width: 50%;\">\n\t\t<p><span class=\"wpcf7-form-control-wrap\" data-name=\"your-phone\"><input size=\"40\" maxlength=\"400\" class=\"wpcf7-form-control wpcf7-tel wpcf7-validates-as-required wpcf7-text wpcf7-validates-as-tel\" aria-required=\"true\" aria-invalid=\"false\" placeholder=\"T\u00e9l\u00e9phone\" value=\"\" type=\"tel\" name=\"your-phone\" \/><\/span>\n\t\t<\/p>\n\t<\/div>\n<\/div>\n<p><span class=\"wpcf7-form-control-wrap\" data-name=\"your-email\"><input size=\"40\" maxlength=\"400\" class=\"wpcf7-form-control wpcf7-email wpcf7-validates-as-required wpcf7-text wpcf7-validates-as-email\" aria-required=\"true\" aria-invalid=\"false\" placeholder=\"E-mail\" value=\"\" type=\"email\" name=\"your-email\" \/><\/span>\n<\/p>\n<div style=\"display: flex; gap: 10px;\">\n\t<div style=\"width: 50%;\">\n\t\t<p><span class=\"wpcf7-form-control-wrap\" data-name=\"your-country\"><input size=\"40\" maxlength=\"400\" class=\"wpcf7-form-control wpcf7-text wpcf7-validates-as-required\" aria-required=\"true\" aria-invalid=\"false\" placeholder=\"Pays\" value=\"\" type=\"text\" name=\"your-country\" \/><\/span>\n\t\t<\/p>\n\t<\/div>\n\t<div style=\"width: 50%;\">\n\t\t<p><span class=\"wpcf7-form-control-wrap\" data-name=\"your-city\"><input size=\"40\" maxlength=\"400\" class=\"wpcf7-form-control wpcf7-text wpcf7-validates-as-required\" aria-required=\"true\" aria-invalid=\"false\" placeholder=\"Population\" value=\"\" type=\"text\" name=\"your-city\" \/><\/span>\n\t\t<\/p>\n\t<\/div>\n<\/div>\n<p><span class=\"wpcf7-form-control-wrap\" data-name=\"your-subject\"><select class=\"wpcf7-form-control wpcf7-select\" aria-invalid=\"false\" name=\"your-subject\"><option value=\"Quiero ser distribuidor\">Je veux \u00eatre distributeur<\/option><option value=\"Presupuesto\">Budget<\/option><option value=\"Consulta\">Consultation<\/option><option value=\"Sugerencia\">Suggestion<\/option><option value=\"Otros\">Autres<\/option><\/select><\/span>\n<\/p>\n<p><span class=\"wpcf7-form-control-wrap\" data-name=\"your-message\"><textarea cols=\"40\" rows=\"10\" maxlength=\"2000\" class=\"wpcf7-form-control wpcf7-textarea\" aria-invalid=\"false\" placeholder=\"Message ou demande\" name=\"your-message\"><\/textarea><\/span>\n<\/p>\n<div style=\"display: flex; align-items: center; gap: 10px;\">\n\t<p><span class=\"wpcf7-form-control-wrap\" data-name=\"privacy-policy\"><span class=\"wpcf7-form-control wpcf7-acceptance\"><span class=\"wpcf7-list-item\"><input type=\"checkbox\" name=\"privacy-policy\" value=\"1\" aria-invalid=\"false\" \/><\/span><\/span><\/span><label for=\"privacy-policy\" style=\"margin-left: 5px;\">J&#039;ai lu et accept\u00e9 la politique de confidentialit\u00e9.<\/label>\n\t<\/p>\n<\/div>\n<div style=\"display: flex; align-items: center; gap: 10px;\">\n\t<p><span class=\"wpcf7-form-control-wrap\" data-name=\"send-info\"><span class=\"wpcf7-form-control wpcf7-acceptance\"><span class=\"wpcf7-list-item\"><input type=\"checkbox\" name=\"send-info\" value=\"1\" aria-invalid=\"false\" \/><\/span><\/span><\/span><label for=\"send-info\" style=\"margin-left: 5px;\">J&#039;accepte de recevoir des informations.<\/label>\n\t<\/p>\n<\/div>\n<p><input class=\"wpcf7-form-control wpcf7-submit has-spinner\" type=\"submit\" value=\"Envoyer\" \/>\n<\/p><div class=\"wpcf7-response-output\" aria-hidden=\"true\"><\/div>\n<input type=\"hidden\" name=\"trp-form-language\" value=\"fr\"\/><\/form>\n<\/div>\n<\/div><\/div>\t\t\t\t<\/div>\n\t\t\t\t<\/div>\n\t\t\t\t\t<\/div>\n\t\t<\/div>\n\t\t\t\t\t<\/div>\n\t\t<\/section>\n\t\t\t\t<div class=\"elementor-element elementor-element-615d68f elementor-widget elementor-widget-text-editor\" data-id=\"615d68f\" data-element_type=\"widget\" data-e-type=\"widget\" data-widget_type=\"text-editor.default\">\n\t\t\t\t<div class=\"elementor-widget-container\">\n\t\t\t\t\t\t\t\t\t<div id=\"lipsum\"><p>Merci \u00e0 la\u00a0<strong>adoucisseurs<\/strong>\u00a0de la\u00a0<strong>fabricant<\/strong>\u00a0Dermo, vous pouvez transformer la texture de n&#039;importe quel v\u00eatement, gr\u00e2ce \u00e0 son pouvoir hautement concentr\u00e9 qui oxyg\u00e8ne et am\u00e9liore la qualit\u00e9 du tissu. En un seul lavage, vous remarquerez de grandes am\u00e9liorations, telles qu&#039;une plus grande douceur, un ar\u00f4me agr\u00e9able et une apparence renouvel\u00e9e et fra\u00eeche.<\/p><p>L&#039;ar\u00f4me de la\u00a0<strong>adoucisseurs<\/strong>\u00a0Les traits de Dermo sont inimitables. Nous sommes un\u00a0<strong>fabricant<\/strong>\u00a0de\u00a0<strong>adoucisseurs<\/strong>\u00a0qui a une particularit\u00e9, car ils tiennent toute la journ\u00e9e sans \u00eatre trop forts ni trop mous.<\/p><p>Le\u00a0<strong>adoucisseurs<\/strong>\u00a0de la\u00a0<strong>fabricant<\/strong>\u00a0Dermo a de multiples fonctions, non seulement il lave les v\u00eatements de mani\u00e8re professionnelle, mais il apporte \u00e9galement une grande douceur, repousse la salet\u00e9 et les taches, donne aux v\u00eatements un ar\u00f4me agr\u00e9able et emp\u00eache la texture de perdre en qualit\u00e9 ou de devenir rugueuse.<\/p><p>Dermo est un\u00a0<strong>fabricant<\/strong>\u00a0de\u00a0<strong>adoucisseurs<\/strong>\u00a0qui aident \u00e0 faciliter le s\u00e9chage et le repassage, ainsi qu&#039;\u00e0 \u00e9liminer la salet\u00e9. Le\u00a0<strong>adoucisseurs<\/strong>\u00a0Dermo prolonge la dur\u00e9e de vie du tissu et pr\u00e9vient la formation de moisissures et d&#039;humidit\u00e9 sur les v\u00eatements stock\u00e9s, leur laissant un parfum agr\u00e9able.<\/p><p><a href=\"https:\/\/dermo.com\/fr\/catalogue\/es\/lessive\/76-presto-energy.html\/\">Presto \u00c9nergie<\/a>\u00a0est l&#039;un des\u00a0<strong>adoucisseurs<\/strong>\u00a0de la\u00a0<strong>fabricant<\/strong>\u00a0Dermo, con\u00e7u pour tous types de fibres. Il offre un s\u00e9chage tr\u00e8s rapide, ainsi qu&#039;un meilleur repassage et une grande r\u00e9sistance \u00e0 la salet\u00e9. Il a une action antistatique et prolonge la dur\u00e9e de vie du tissu, emp\u00eachant la formation de moisissures stock\u00e9es et fournissant un ar\u00f4me parfum\u00e9.<\/p><p>Mais en plus de cela, chez Dermo vous pouvez trouver plus de types de\u00a0<strong>adoucisseurs<\/strong>\u00a0et choisissez celui qui correspond le mieux \u00e0 vos besoins. Vous pouvez choisir entre Presto Fresh, Presto ou Suavil, tous avec des caract\u00e9ristiques et des ar\u00f4mes diff\u00e9rents.<\/p><p>Si vous souhaitez laver vos v\u00eatements avec une qualit\u00e9 suppl\u00e9mentaire, choisissez Dermo, un\u00a0<strong>fabricant<\/strong>\u00a0de\u00a0<strong>adoucisseurs<\/strong>\u00a0avec plus de 30 ans d&#039;exp\u00e9rience dans le secteur, apprenant et innovant avec les meilleurs produits. Nous sommes une entreprise familiale qui con\u00e7oit, fabrique et fournit des produits de nettoyage sp\u00e9cifiques pour tous types de clients, tant domestiques qu&#039;industriels.<\/p><\/div>\t\t\t\t\t\t\t\t<\/div>\n\t\t\t\t<\/div>\n\t\t\t\t\t<\/div>\n\t\t<\/div>\n\t\t\t\t\t<\/div>\n\t\t<\/section>\n\t\t\t\t<section class=\"elementor-section elementor-top-section elementor-element elementor-element-484f41e elementor-section-full_width elementor-section-height-default elementor-section-height-default elementor-invisible\" data-id=\"484f41e\" data-element_type=\"section\" data-e-type=\"section\" data-settings=\"{&quot;animation&quot;:&quot;slideInUp&quot;}\">\n\t\t\t\t\t\t<div class=\"elementor-container elementor-column-gap-default\">\n\t\t\t\t\t<div class=\"elementor-column elementor-col-100 elementor-top-column elementor-element elementor-element-19948363\" data-id=\"19948363\" data-element_type=\"column\" data-e-type=\"column\">\n\t\t\t<div class=\"elementor-widget-wrap elementor-element-populated\">\n\t\t\t\t\t\t<div class=\"elementor-element elementor-element-339044a4 elementor-widget elementor-widget-google_maps\" data-id=\"339044a4\" data-element_type=\"widget\" data-e-type=\"widget\" data-widget_type=\"google_maps.default\">\n\t\t\t\t<div class=\"elementor-widget-container\">\n\t\t\t\t\t\t\t<div class=\"elementor-custom-embed\">\n\t\t\t<iframe loading=\"lazy\"\n\t\t\t\t\tsrc=\"https:\/\/maps.google.com\/maps?q=C%2F%20Pintor%20Joan%20Miro%2C%2016.%20Pol.%20Ind.%20Can%20Humet%20de%20Dalt%2C%2008213%20Poliny%C3%A0.%20Barcelona&#038;t=m&#038;z=15&#038;output=embed&#038;iwloc=near\"\n\t\t\t\t\ttitle=\"C\/ Pintor Joan Miro, 16. Pol. Ind. Can Humet de Dalt, 08213 Poliny\u00e0. Barcelone\"\n\t\t\t\t\taria-label=\"C\/ Pintor Joan Miro, 16. Pol. Ind. Can Humet de Dalt, 08213 Poliny\u00e0. Barcelone\"\n\t\t\t><\/iframe>\n\t\t<\/div>\n\t\t\t\t\t\t<\/div>\n\t\t\t\t<\/div>\n\t\t\t\t\t<\/div>\n\t\t<\/div>\n\t\t\t\t\t<\/div>\n\t\t<\/section>\n\t\t\t\t<\/div>","protected":false},"excerpt":{"rendered":"<p>Dermo est reconnu comme fabricant et fournisseur de produits d&#039;entretien. Nous fabriquons \u00e9galement des assouplissants et nous nous effor\u00e7ons d&#039;am\u00e9liorer quotidiennement nos formules pour offrir de meilleurs r\u00e9sultats \u00e0 nos clients. Les assouplissants Dermo contiennent une puissance hautement concentr\u00e9e pour nettoyer en profondeur tout type de tissu, en respectant toujours l&#039;\u00e9tat d&#039;origine de chaque v\u00eatement. Chez Dermo, fabricant de\u2026&nbsp;<a href=\"https:\/\/dermo.com\/fr\/fabricant-dassouplissant\/\" rel=\"bookmark\">En savoir plus &quot;<span class=\"screen-reader-text\">Fabricant d&#039;assouplissant<\/span><\/a><\/p>","protected":false},"author":2,"featured_media":0,"parent":0,"menu_order":0,"comment_status":"closed","ping_status":"closed","template":"page-templates\/template-pagebuilder-full-width.php","meta":{"neve_meta_sidebar":"","neve_meta_container":"","neve_meta_enable_content_width":"","neve_meta_content_width":0,"neve_meta_title_alignment":"","neve_meta_author_avatar":"","neve_post_elements_order":"","neve_meta_disable_header":"","neve_meta_disable_footer":"","neve_meta_disable_title":"","footnotes":""},"class_list":["post-12608","page","type-page","status-publish","hentry"],"yoast_head":"<!-- This site is optimized with the Yoast SEO plugin v27.0 - https:\/\/yoast.com\/product\/yoast-seo-wordpress\/ -->\n<title>Fabricante de suavizantes - Dermo | F\u00e1brica de detergentes<\/title>\n<meta name=\"robots\" content=\"index, follow, max-snippet:-1, max-image-preview:large, max-video-preview:-1\" \/>\n<link rel=\"canonical\" href=\"https:\/\/dermo.com\/fr\/fabricant-dassouplissant\/\" \/>\n<meta property=\"og:locale\" content=\"fr_FR\" \/>\n<meta property=\"og:type\" content=\"article\" \/>\n<meta property=\"og:title\" content=\"Fabricante de suavizantes - Dermo | F\u00e1brica de detergentes\" \/>\n<meta property=\"og:description\" content=\"Dermo se caracteriza por ser\u00a0fabricante\u00a0y proveedor de productos de limpieza. Somos\u00a0fabricante de suavizantes\u00a0y cada d\u00eda intentamos mejorar nuestra f\u00f3rmula, para dar mejores resultados a nuestros clientes. Los suavizantes de Dermo contienen un alto poder concentrado para poder limpiar en profundidad cualquier tipo de tejido, siempre respetando el estado original de cada prenda. En Dermo\u00a0fabricante de&hellip;&nbsp;Lire la suite &raquo;Fabricante de suavizantes\" \/>\n<meta property=\"og:url\" content=\"https:\/\/dermo.com\/fr\/fabricant-dassouplissant\/\" \/>\n<meta property=\"og:site_name\" content=\"Dermo | F\u00e1brica de detergentes\" \/>\n<meta property=\"article:modified_time\" content=\"2025-02-19T10:57:55+00:00\" \/>\n<meta name=\"twitter:card\" content=\"summary_large_image\" \/>\n<meta name=\"twitter:label1\" content=\"Dur\u00e9e de lecture estim\u00e9e\" \/>\n\t<meta name=\"twitter:data1\" content=\"3 minutes\" \/>\n<script type=\"application\/ld+json\" class=\"yoast-schema-graph\">{\"@context\":\"https:\/\/schema.org\",\"@graph\":[{\"@type\":\"WebPage\",\"@id\":\"https:\/\/dermo.com\/fabricante-de-suavizantes\/\",\"url\":\"https:\/\/dermo.com\/fabricante-de-suavizantes\/\",\"name\":\"Fabricante de suavizantes - Dermo | F\u00e1brica de detergentes\",\"isPartOf\":{\"@id\":\"https:\/\/dermo.com\/#website\"},\"datePublished\":\"2025-01-30T12:42:16+00:00\",\"dateModified\":\"2025-02-19T10:57:55+00:00\",\"breadcrumb\":{\"@id\":\"https:\/\/dermo.com\/fabricante-de-suavizantes\/#breadcrumb\"},\"inLanguage\":\"fr-FR\",\"potentialAction\":[{\"@type\":\"ReadAction\",\"target\":[\"https:\/\/dermo.com\/fabricante-de-suavizantes\/\"]}]},{\"@type\":\"BreadcrumbList\",\"@id\":\"https:\/\/dermo.com\/fabricante-de-suavizantes\/#breadcrumb\",\"itemListElement\":[{\"@type\":\"ListItem\",\"position\":1,\"name\":\"Portada\",\"item\":\"https:\/\/dermo.com\/\"},{\"@type\":\"ListItem\",\"position\":2,\"name\":\"Fabricante de suavizantes\"}]},{\"@type\":\"WebSite\",\"@id\":\"https:\/\/dermo.com\/#website\",\"url\":\"https:\/\/dermo.com\/\",\"name\":\"Dermo | F\u00e1brica de detergentes\",\"description\":\"Tecnolog\u00eda avanzada, investigaci\u00f3n y desarrollo, respeto por el medio ambiente, competencia, formaci\u00f3n constante y alto nivel de profesionalidad en nuestro equipo humano, empe\u00f1ado en preservar la calidad de vida, la protecci\u00f3n del entorno natural contin\u00faan motiv\u00e1ndonos para desarrollar en nuestros laboratorios nuevos productos con ingredientes activos altamente biodegradables que hacen posible un desarrollo sostenible.\",\"potentialAction\":[{\"@type\":\"SearchAction\",\"target\":{\"@type\":\"EntryPoint\",\"urlTemplate\":\"https:\/\/dermo.com\/?s={search_term_string}\"},\"query-input\":{\"@type\":\"PropertyValueSpecification\",\"valueRequired\":true,\"valueName\":\"search_term_string\"}}],\"inLanguage\":\"fr-FR\"}]}<\/script>\n<!-- \/ Yoast SEO plugin. -->","yoast_head_json":{"title":"Fabricant d&#039;assouplissant - Dermo | Usine de d\u00e9tergents","robots":{"index":"index","follow":"follow","max-snippet":"max-snippet:-1","max-image-preview":"max-image-preview:large","max-video-preview":"max-video-preview:-1"},"canonical":"https:\/\/dermo.com\/fr\/fabricant-dassouplissant\/","og_locale":"fr_FR","og_type":"article","og_title":"Fabricante de suavizantes - Dermo | F\u00e1brica de detergentes","og_description":"Dermo se caracteriza por ser\u00a0fabricante\u00a0y proveedor de productos de limpieza. Somos\u00a0fabricante de suavizantes\u00a0y cada d\u00eda intentamos mejorar nuestra f\u00f3rmula, para dar mejores resultados a nuestros clientes. Los suavizantes de Dermo contienen un alto poder concentrado para poder limpiar en profundidad cualquier tipo de tejido, siempre respetando el estado original de cada prenda. En Dermo\u00a0fabricante de&hellip;&nbsp;Lire la suite &raquo;Fabricante de suavizantes","og_url":"https:\/\/dermo.com\/fr\/fabricant-dassouplissant\/","og_site_name":"Dermo | F\u00e1brica de detergentes","article_modified_time":"2025-02-19T10:57:55+00:00","twitter_card":"summary_large_image","twitter_misc":{"Dur\u00e9e de lecture estim\u00e9e":"3 minutes"},"schema":{"@context":"https:\/\/schema.org","@graph":[{"@type":"WebPage","@id":"https:\/\/dermo.com\/fabricante-de-suavizantes\/","url":"https:\/\/dermo.com\/fabricante-de-suavizantes\/","name":"Fabricant d&#039;assouplissant - Dermo | Usine de d\u00e9tergents","isPartOf":{"@id":"https:\/\/dermo.com\/#website"},"datePublished":"2025-01-30T12:42:16+00:00","dateModified":"2025-02-19T10:57:55+00:00","breadcrumb":{"@id":"https:\/\/dermo.com\/fabricante-de-suavizantes\/#breadcrumb"},"inLanguage":"fr-FR","potentialAction":[{"@type":"ReadAction","target":["https:\/\/dermo.com\/fabricante-de-suavizantes\/"]}]},{"@type":"BreadcrumbList","@id":"https:\/\/dermo.com\/fabricante-de-suavizantes\/#breadcrumb","itemListElement":[{"@type":"ListItem","position":1,"name":"Portada","item":"https:\/\/dermo.com\/"},{"@type":"ListItem","position":2,"name":"Fabricante de suavizantes"}]},{"@type":"WebSite","@id":"https:\/\/dermo.com\/#website","url":"https:\/\/dermo.com\/","name":"Dermo | usine de d\u00e9tergents","description":"Technologie avanc\u00e9e, recherche et d\u00e9veloppement, respect de l&#039;environnement, comp\u00e9tence, formation constante et haut niveau de professionnalisme de notre \u00e9quipe humaine, engag\u00e9e \u00e0 pr\u00e9server la qualit\u00e9 de vie, la protection de l&#039;environnement naturel continuent de nous motiver \u00e0 d\u00e9velopper de nouveaux produits dans notre laboratoires aux principes actifs hautement biod\u00e9gradables qui rendent possible le d\u00e9veloppement durable.","potentialAction":[{"@type":"SearchAction","target":{"@type":"EntryPoint","urlTemplate":"https:\/\/dermo.com\/?s={search_term_string}"},"query-input":{"@type":"PropertyValueSpecification","valueRequired":true,"valueName":"search_term_string"}}],"inLanguage":"fr-FR"}]}},"_links":{"self":[{"href":"https:\/\/dermo.com\/fr\/wp-json\/wp\/v2\/pages\/12608","targetHints":{"allow":["GET"]}}],"collection":[{"href":"https:\/\/dermo.com\/fr\/wp-json\/wp\/v2\/pages"}],"about":[{"href":"https:\/\/dermo.com\/fr\/wp-json\/wp\/v2\/types\/page"}],"author":[{"embeddable":true,"href":"https:\/\/dermo.com\/fr\/wp-json\/wp\/v2\/users\/2"}],"replies":[{"embeddable":true,"href":"https:\/\/dermo.com\/fr\/wp-json\/wp\/v2\/comments?post=12608"}],"version-history":[{"count":7,"href":"https:\/\/dermo.com\/fr\/wp-json\/wp\/v2\/pages\/12608\/revisions"}],"predecessor-version":[{"id":13560,"href":"https:\/\/dermo.com\/fr\/wp-json\/wp\/v2\/pages\/12608\/revisions\/13560"}],"wp:attachment":[{"href":"https:\/\/dermo.com\/fr\/wp-json\/wp\/v2\/media?parent=12608"}],"curies":[{"name":"wp","href":"https:\/\/api.w.org\/{rel}","templated":true}]}}