{"id":12628,"date":"2025-01-30T13:52:48","date_gmt":"2025-01-30T12:52:48","guid":{"rendered":"https:\/\/dermo.com\/?page_id=12628"},"modified":"2025-02-19T11:56:45","modified_gmt":"2025-02-19T10:56:45","slug":"fabricant-de-detergent","status":"publish","type":"page","link":"https:\/\/dermo.com\/fr\/fabricant-de-detergent\/","title":{"rendered":"Fabricant de d\u00e9tergent"},"content":{"rendered":"<div data-elementor-type=\"wp-page\" data-elementor-id=\"12628\" class=\"elementor elementor-12628\" data-elementor-post-type=\"page\">\n\t\t\t\t\t\t<section class=\"elementor-section elementor-top-section elementor-element elementor-element-a02683f elementor-section-boxed elementor-section-height-default elementor-section-height-default\" data-id=\"a02683f\" data-element_type=\"section\" data-e-type=\"section\" data-settings=\"{&quot;background_background&quot;:&quot;classic&quot;}\">\n\t\t\t\t\t\t\t<div class=\"elementor-background-overlay\"><\/div>\n\t\t\t\t\t\t\t<div class=\"elementor-container elementor-column-gap-default\">\n\t\t\t\t\t<div class=\"elementor-column elementor-col-100 elementor-top-column elementor-element elementor-element-f99dbff\" data-id=\"f99dbff\" data-element_type=\"column\" data-e-type=\"column\">\n\t\t\t<div class=\"elementor-widget-wrap elementor-element-populated\">\n\t\t\t\t\t\t\t<\/div>\n\t\t<\/div>\n\t\t\t\t\t<\/div>\n\t\t<\/section>\n\t\t\t\t<section class=\"elementor-section elementor-top-section elementor-element elementor-element-233ad3a4 elementor-section-boxed elementor-section-height-default elementor-section-height-default\" data-id=\"233ad3a4\" data-element_type=\"section\" data-e-type=\"section\">\n\t\t\t\t\t\t<div class=\"elementor-container elementor-column-gap-default\">\n\t\t\t\t\t<div class=\"elementor-column elementor-col-100 elementor-top-column elementor-element elementor-element-3244e578\" data-id=\"3244e578\" data-element_type=\"column\" data-e-type=\"column\">\n\t\t\t<div class=\"elementor-widget-wrap elementor-element-populated\">\n\t\t\t\t\t\t<section class=\"elementor-section elementor-inner-section elementor-element elementor-element-1a7040c2 elementor-section-content-middle elementor-section-boxed elementor-section-height-default elementor-section-height-default\" data-id=\"1a7040c2\" data-element_type=\"section\" data-e-type=\"section\">\n\t\t\t\t\t\t<div class=\"elementor-container elementor-column-gap-default\">\n\t\t\t\t\t<div class=\"elementor-column elementor-col-50 elementor-inner-column elementor-element elementor-element-58338543\" data-id=\"58338543\" data-element_type=\"column\" data-e-type=\"column\">\n\t\t\t<div class=\"elementor-widget-wrap elementor-element-populated\">\n\t\t\t\t\t\t<div class=\"elementor-element elementor-element-464b2e11 elementor-widget elementor-widget-text-editor\" data-id=\"464b2e11\" data-element_type=\"widget\" data-e-type=\"widget\" data-widget_type=\"text-editor.default\">\n\t\t\t\t<div class=\"elementor-widget-container\">\n\t\t\t\t\t\t\t\t\t<h2>Dermo : Fabricant de d\u00e9tergents<\/h2><p>Nous sommes un\u00a0<strong>fabricant de d\u00e9tergent<\/strong>\u00a0avec plus de 30 ans d&#039;exp\u00e9rience dans le secteur. Nous aimons prendre soin de nos clients et leur offrir les meilleurs produits de nettoyage que l&#039;on puisse trouver sur le march\u00e9. C&#039;est pour cette raison que nous travaillons chaque jour aussi bien sur la conception que sur la fabrication de nos produits, afin d&#039;obtenir les meilleurs r\u00e9sultats.<\/p><p>Le Dermo,\u00a0<strong>fabricant de d\u00e9tergent<\/strong>, vous pouvez trouver des produits de nettoyage sp\u00e9cifiques pour tous les types de surfaces, des plans de travail, fours et plaques vitroc\u00e9ramiques pour la cuisine, ainsi que des assainisseurs d&#039;air pour la maison et les lieux publics, des d\u00e9graissants pour un nettoyage ad\u00e9quat dans le secteur alimentaire, des nettoyants pour sols, des nettoyants pour piscines, des cirages, des d\u00e9tartrants et une infinit\u00e9 de produits de nettoyage sp\u00e9cifiques, qui feront ressortir le meilleur c\u00f4t\u00e9 de chaque surface.<\/p><p>L&#039;intention de Dermo,\u00a0<strong>fabricant de d\u00e9tergent<\/strong>, c&#039;est bien d\u00e9finir le produit avant sa conception afin d&#039;obtenir un r\u00e9sultat parfait. Si un produit nettoyant contient la bonne formule active, il peut obtenir des r\u00e9sultats miraculeux, comme c&#039;est le cas avec les produits Dermo. Nous sommes un\u00a0<strong>fabricant de d\u00e9tergent<\/strong>, car nous concentrons notre travail sur l&#039;\u00e9tude de la meilleure formule de nettoyage pour chaque surface, afin que nos clients obtiennent le r\u00e9sultat qu&#039;ils attendent dans les plus brefs d\u00e9lais.<\/p><p>Nous sommes un\u00a0<strong>fabricant de d\u00e9tergent<\/strong>, qui propose des produits de haute qualit\u00e9 avec une puissance concentr\u00e9e \u00e9lev\u00e9e. Nous travaillons dans des laboratoires, o\u00f9 une hygi\u00e8ne irr\u00e9prochable est essentielle, afin de fabriquer et de concevoir des produits de nettoyage sp\u00e9cifiques et professionnels, destin\u00e9s \u00e0 un usage domestique et industriel. Nous nous adaptons \u00e0 nos clients et proposons des produits de nettoyage pour tous les go\u00fbts, dans le but de nous adapter aux besoins et aux pr\u00e9f\u00e9rences des utilisateurs.<\/p>\t\t\t\t\t\t\t\t<\/div>\n\t\t\t\t<\/div>\n\t\t\t\t\t<\/div>\n\t\t<\/div>\n\t\t\t\t<div class=\"elementor-column elementor-col-50 elementor-inner-column elementor-element elementor-element-6f8a977 elementor-invisible\" data-id=\"6f8a977\" data-element_type=\"column\" data-e-type=\"column\" data-settings=\"{&quot;animation&quot;:&quot;bounceInRight&quot;}\">\n\t\t\t<div class=\"elementor-widget-wrap elementor-element-populated\">\n\t\t\t\t\t\t<div class=\"elementor-element elementor-element-f8f18d4 elementor-widget__width-initial elementor-widget elementor-widget-elementskit-contact-form7\" data-id=\"f8f18d4\" data-element_type=\"widget\" data-e-type=\"widget\" data-widget_type=\"elementskit-contact-form7.default\">\n\t\t\t\t<div class=\"elementor-widget-container\">\n\t\t\t\t\t<div class=\"ekit-wid-con\" ><div class=\"ekit-form\">\n<div class=\"wpcf7 no-js\" id=\"wpcf7-f13292-p12628-o1\" lang=\"es-ES\" dir=\"ltr\" data-wpcf7-id=\"13292\">\n<div class=\"screen-reader-response\"><p role=\"status\" aria-live=\"polite\" aria-atomic=\"true\"><\/p> <ul><\/ul><\/div>\n<form action=\"\/fr\/fabricant-de-detergent\/#wpcf7-f13292-p12628-o1\" method=\"post\" class=\"wpcf7-form init\" aria-label=\"Formulaire de contact\" novalidate=\"novalidate\" data-status=\"init\" data-trp-original-action=\"\/fabricante-de-detergentes\/#wpcf7-f13292-p12628-o1\">\n<fieldset class=\"hidden-fields-container\"><input type=\"hidden\" name=\"_wpcf7\" value=\"13292\" \/><input type=\"hidden\" name=\"_wpcf7_version\" value=\"6.1.5\" \/><input type=\"hidden\" name=\"_wpcf7_locale\" value=\"es_ES\" \/><input type=\"hidden\" name=\"_wpcf7_unit_tag\" value=\"wpcf7-f13292-p12628-o1\" \/><input type=\"hidden\" name=\"_wpcf7_container_post\" value=\"12628\" \/><input type=\"hidden\" name=\"_wpcf7_posted_data_hash\" value=\"\" \/><input type=\"hidden\" name=\"_wpcf7_recaptcha_response\" value=\"\" \/>\n<\/fieldset>\n<div style=\"display: flex; gap: 10px;\">\n\t<div style=\"width: 50%;\">\n\t\t<p><span class=\"wpcf7-form-control-wrap\" data-name=\"your-name\"><input size=\"40\" maxlength=\"400\" class=\"wpcf7-form-control wpcf7-text wpcf7-validates-as-required\" aria-required=\"true\" aria-invalid=\"false\" placeholder=\"Nom\" value=\"\" type=\"text\" name=\"your-name\" \/><\/span>\n\t\t<\/p>\n\t<\/div>\n\t<div style=\"width: 50%;\">\n\t\t<p><span class=\"wpcf7-form-control-wrap\" data-name=\"your-phone\"><input size=\"40\" maxlength=\"400\" class=\"wpcf7-form-control wpcf7-tel wpcf7-validates-as-required wpcf7-text wpcf7-validates-as-tel\" aria-required=\"true\" aria-invalid=\"false\" placeholder=\"T\u00e9l\u00e9phone\" value=\"\" type=\"tel\" name=\"your-phone\" \/><\/span>\n\t\t<\/p>\n\t<\/div>\n<\/div>\n<p><span class=\"wpcf7-form-control-wrap\" data-name=\"your-email\"><input size=\"40\" maxlength=\"400\" class=\"wpcf7-form-control wpcf7-email wpcf7-validates-as-required wpcf7-text wpcf7-validates-as-email\" aria-required=\"true\" aria-invalid=\"false\" placeholder=\"E-mail\" value=\"\" type=\"email\" name=\"your-email\" \/><\/span>\n<\/p>\n<div style=\"display: flex; gap: 10px;\">\n\t<div style=\"width: 50%;\">\n\t\t<p><span class=\"wpcf7-form-control-wrap\" data-name=\"your-country\"><input size=\"40\" maxlength=\"400\" class=\"wpcf7-form-control wpcf7-text wpcf7-validates-as-required\" aria-required=\"true\" aria-invalid=\"false\" placeholder=\"Pays\" value=\"\" type=\"text\" name=\"your-country\" \/><\/span>\n\t\t<\/p>\n\t<\/div>\n\t<div style=\"width: 50%;\">\n\t\t<p><span class=\"wpcf7-form-control-wrap\" data-name=\"your-city\"><input size=\"40\" maxlength=\"400\" class=\"wpcf7-form-control wpcf7-text wpcf7-validates-as-required\" aria-required=\"true\" aria-invalid=\"false\" placeholder=\"Population\" value=\"\" type=\"text\" name=\"your-city\" \/><\/span>\n\t\t<\/p>\n\t<\/div>\n<\/div>\n<p><span class=\"wpcf7-form-control-wrap\" data-name=\"your-subject\"><select class=\"wpcf7-form-control wpcf7-select\" aria-invalid=\"false\" name=\"your-subject\"><option value=\"Quiero ser distribuidor\">Je veux \u00eatre distributeur<\/option><option value=\"Presupuesto\">Budget<\/option><option value=\"Consulta\">Consultation<\/option><option value=\"Sugerencia\">Suggestion<\/option><option value=\"Otros\">Autres<\/option><\/select><\/span>\n<\/p>\n<p><span class=\"wpcf7-form-control-wrap\" data-name=\"your-message\"><textarea cols=\"40\" rows=\"10\" maxlength=\"2000\" class=\"wpcf7-form-control wpcf7-textarea\" aria-invalid=\"false\" placeholder=\"Message ou demande\" name=\"your-message\"><\/textarea><\/span>\n<\/p>\n<div style=\"display: flex; align-items: center; gap: 10px;\">\n\t<p><span class=\"wpcf7-form-control-wrap\" data-name=\"privacy-policy\"><span class=\"wpcf7-form-control wpcf7-acceptance\"><span class=\"wpcf7-list-item\"><input type=\"checkbox\" name=\"privacy-policy\" value=\"1\" aria-invalid=\"false\" \/><\/span><\/span><\/span><label for=\"privacy-policy\" style=\"margin-left: 5px;\">J&#039;ai lu et accept\u00e9 la politique de confidentialit\u00e9.<\/label>\n\t<\/p>\n<\/div>\n<div style=\"display: flex; align-items: center; gap: 10px;\">\n\t<p><span class=\"wpcf7-form-control-wrap\" data-name=\"send-info\"><span class=\"wpcf7-form-control wpcf7-acceptance\"><span class=\"wpcf7-list-item\"><input type=\"checkbox\" name=\"send-info\" value=\"1\" aria-invalid=\"false\" \/><\/span><\/span><\/span><label for=\"send-info\" style=\"margin-left: 5px;\">J&#039;accepte de recevoir des informations.<\/label>\n\t<\/p>\n<\/div>\n<p><input class=\"wpcf7-form-control wpcf7-submit has-spinner\" type=\"submit\" value=\"Envoyer\" \/>\n<\/p><div class=\"wpcf7-response-output\" aria-hidden=\"true\"><\/div>\n<input type=\"hidden\" name=\"trp-form-language\" value=\"fr\"\/><\/form>\n<\/div>\n<\/div><\/div>\t\t\t\t<\/div>\n\t\t\t\t<\/div>\n\t\t\t\t\t<\/div>\n\t\t<\/div>\n\t\t\t\t\t<\/div>\n\t\t<\/section>\n\t\t\t\t<div class=\"elementor-element elementor-element-615d68f elementor-widget elementor-widget-text-editor\" data-id=\"615d68f\" data-element_type=\"widget\" data-e-type=\"widget\" data-widget_type=\"text-editor.default\">\n\t\t\t\t<div class=\"elementor-widget-container\">\n\t\t\t\t\t\t\t\t\t<p>Nous sommes votre\u00a0<strong>fabricant de d\u00e9tergent<\/strong>, pour le nettoyage et l&#039;hygi\u00e8ne industrielle et domestique. Nous d\u00e9veloppons et fabriquons des produits de nettoyage en utilisant la technologie, la recherche et le d\u00e9veloppement les plus avanc\u00e9s. Nous respectons l&#039;environnement, nous \u00e9tudions comment travaillent nos concurrents pour am\u00e9liorer les r\u00e9sultats, nous nous formons constamment et nous avons un haut niveau de professionnalisme dans notre \u00e9quipe humaine, engag\u00e9e \u00e0 pr\u00e9server la qualit\u00e9 de vie et \u00e0 prot\u00e9ger l&#039;environnement naturel.<\/p><p>Nous travaillons en laboratoire et disposons d&#039;une salle blanche pour la fabrication de produits d&#039;hygi\u00e8ne personnelle et de cosm\u00e9tiques. Nous sommes votre\u00a0<strong>fabricant de d\u00e9tergent<\/strong>\u00a0et nous d\u00e9veloppons de nouveaux produits avec des ingr\u00e9dients actifs hautement biod\u00e9gradables, ce qui en fait des produits de nettoyage plus durables.<\/p><p>Nous sommes votre\u00a0<strong>fabricant de d\u00e9tergent<\/strong>Nous vous proposons un catalogue de produits de nettoyage sp\u00e9cifiques, parmi lesquels vous pourrez trouver des nettoyants pour chaque recoin de votre maison ou de votre entreprise. Produits de nettoyage dermo, de\u00a0<strong>fabricant de d\u00e9tergent<\/strong>\u00a0Ils se caract\u00e9risent, entre autres, par leur pouvoir hautement concentr\u00e9 qui parvient \u00e0 \u00e9liminer tout type de tache ou de salet\u00e9, gr\u00e2ce \u00e0 leur formule active.<\/p><p>En Dermo\u00a0<strong>fabricant de d\u00e9tergent<\/strong>\u00a0Nous avons r\u00e9ussi \u00e0 concevoir la meilleure formule pour chacun de nos produits, qui remplissent leur fonction de mani\u00e8re tr\u00e8s professionnelle. D\u2019autre part, nous sommes un fabricant de d\u00e9tergents leader dans le secteur et nous ne sommes pas satisfaits. C&#039;est pourquoi nous continuons d&#039;innover et d&#039;\u00e9tudier de nouvelles strat\u00e9gies de conception, pour \u00eatre les meilleurs.\u00a0<strong>fabricant de d\u00e9tergent<\/strong>\u00a0d&#039;Espagne.<\/p>\t\t\t\t\t\t\t\t<\/div>\n\t\t\t\t<\/div>\n\t\t\t\t\t<\/div>\n\t\t<\/div>\n\t\t\t\t\t<\/div>\n\t\t<\/section>\n\t\t\t\t<section class=\"elementor-section elementor-top-section elementor-element elementor-element-484f41e elementor-section-full_width elementor-section-height-default elementor-section-height-default elementor-invisible\" data-id=\"484f41e\" data-element_type=\"section\" data-e-type=\"section\" data-settings=\"{&quot;animation&quot;:&quot;slideInUp&quot;}\">\n\t\t\t\t\t\t<div class=\"elementor-container elementor-column-gap-default\">\n\t\t\t\t\t<div class=\"elementor-column elementor-col-100 elementor-top-column elementor-element elementor-element-19948363\" data-id=\"19948363\" data-element_type=\"column\" data-e-type=\"column\">\n\t\t\t<div class=\"elementor-widget-wrap elementor-element-populated\">\n\t\t\t\t\t\t<div class=\"elementor-element elementor-element-339044a4 elementor-widget elementor-widget-google_maps\" data-id=\"339044a4\" data-element_type=\"widget\" data-e-type=\"widget\" data-widget_type=\"google_maps.default\">\n\t\t\t\t<div class=\"elementor-widget-container\">\n\t\t\t\t\t\t\t<div class=\"elementor-custom-embed\">\n\t\t\t<iframe loading=\"lazy\"\n\t\t\t\t\tsrc=\"https:\/\/maps.google.com\/maps?q=C%2F%20Pintor%20Joan%20Miro%2C%2016.%20Pol.%20Ind.%20Can%20Humet%20de%20Dalt%2C%2008213%20Poliny%C3%A0.%20Barcelona&#038;t=m&#038;z=15&#038;output=embed&#038;iwloc=near\"\n\t\t\t\t\ttitle=\"C\/ Pintor Joan Miro, 16. Pol. Ind. Can Humet de Dalt, 08213 Poliny\u00e0. Barcelone\"\n\t\t\t\t\taria-label=\"C\/ Pintor Joan Miro, 16. Pol. Ind. Can Humet de Dalt, 08213 Poliny\u00e0. Barcelone\"\n\t\t\t><\/iframe>\n\t\t<\/div>\n\t\t\t\t\t\t<\/div>\n\t\t\t\t<\/div>\n\t\t\t\t\t<\/div>\n\t\t<\/div>\n\t\t\t\t\t<\/div>\n\t\t<\/section>\n\t\t\t\t<\/div>","protected":false},"excerpt":{"rendered":"<p>Dermo : Fabricant de d\u00e9tergents. Forts de plus de 30 ans d&#039;exp\u00e9rience dans le secteur, nous sommes un fabricant de d\u00e9tergents. Nous nous engageons \u00e0 prendre soin de nos clients et \u00e0 leur proposer les meilleurs produits de nettoyage du march\u00e9. C&#039;est pourquoi nous travaillons quotidiennement \u00e0 la conception et \u00e0 la fabrication de nos produits, avec pour objectif\u2026&nbsp;<a href=\"https:\/\/dermo.com\/fr\/fabricant-de-detergent\/\" rel=\"bookmark\">En savoir plus &quot;<span class=\"screen-reader-text\">Fabricant de d\u00e9tergent<\/span><\/a><\/p>","protected":false},"author":2,"featured_media":0,"parent":0,"menu_order":0,"comment_status":"closed","ping_status":"closed","template":"page-templates\/template-pagebuilder-full-width.php","meta":{"neve_meta_sidebar":"","neve_meta_container":"","neve_meta_enable_content_width":"","neve_meta_content_width":0,"neve_meta_title_alignment":"","neve_meta_author_avatar":"","neve_post_elements_order":"","neve_meta_disable_header":"","neve_meta_disable_footer":"","neve_meta_disable_title":"","footnotes":""},"class_list":["post-12628","page","type-page","status-publish","hentry"],"yoast_head":"<!-- This site is optimized with the Yoast SEO plugin v27.0 - https:\/\/yoast.com\/product\/yoast-seo-wordpress\/ -->\n<title>Fabricante de detergentes - Dermo | F\u00e1brica de detergentes<\/title>\n<meta name=\"robots\" content=\"index, follow, max-snippet:-1, max-image-preview:large, max-video-preview:-1\" \/>\n<link rel=\"canonical\" href=\"https:\/\/dermo.com\/fr\/fabricant-de-detergent\/\" \/>\n<meta property=\"og:locale\" content=\"fr_FR\" \/>\n<meta property=\"og:type\" content=\"article\" \/>\n<meta property=\"og:title\" content=\"Fabricante de detergentes - Dermo | F\u00e1brica de detergentes\" \/>\n<meta property=\"og:description\" content=\"Dermo: F\u00e1bricante de Detergentes Somos un\u00a0fabricante de detergentes\u00a0con m\u00e1s de 30 a\u00f1os de experiencia en el sector. Nos gusta cuidar al cliente y ofrecerle los mejores productos de limpieza que puede encontrar en el mercado. Por ese motivo, trabajamos d\u00eda a d\u00eda tanto en el dise\u00f1o como en la fabricaci\u00f3n de nuestros productos, con el&hellip;&nbsp;Lire la suite &raquo;Fabricante de detergentes\" \/>\n<meta property=\"og:url\" content=\"https:\/\/dermo.com\/fr\/fabricant-de-detergent\/\" \/>\n<meta property=\"og:site_name\" content=\"Dermo | F\u00e1brica de detergentes\" \/>\n<meta property=\"article:modified_time\" content=\"2025-02-19T10:56:45+00:00\" \/>\n<meta name=\"twitter:card\" content=\"summary_large_image\" \/>\n<meta name=\"twitter:label1\" content=\"Dur\u00e9e de lecture estim\u00e9e\" \/>\n\t<meta name=\"twitter:data1\" content=\"3 minutes\" \/>\n<script type=\"application\/ld+json\" class=\"yoast-schema-graph\">{\"@context\":\"https:\/\/schema.org\",\"@graph\":[{\"@type\":\"WebPage\",\"@id\":\"https:\/\/dermo.com\/fabricante-de-detergentes\/\",\"url\":\"https:\/\/dermo.com\/fabricante-de-detergentes\/\",\"name\":\"Fabricante de detergentes - Dermo | F\u00e1brica de detergentes\",\"isPartOf\":{\"@id\":\"https:\/\/dermo.com\/#website\"},\"datePublished\":\"2025-01-30T12:52:48+00:00\",\"dateModified\":\"2025-02-19T10:56:45+00:00\",\"breadcrumb\":{\"@id\":\"https:\/\/dermo.com\/fabricante-de-detergentes\/#breadcrumb\"},\"inLanguage\":\"fr-FR\",\"potentialAction\":[{\"@type\":\"ReadAction\",\"target\":[\"https:\/\/dermo.com\/fabricante-de-detergentes\/\"]}]},{\"@type\":\"BreadcrumbList\",\"@id\":\"https:\/\/dermo.com\/fabricante-de-detergentes\/#breadcrumb\",\"itemListElement\":[{\"@type\":\"ListItem\",\"position\":1,\"name\":\"Portada\",\"item\":\"https:\/\/dermo.com\/\"},{\"@type\":\"ListItem\",\"position\":2,\"name\":\"Fabricante de detergentes\"}]},{\"@type\":\"WebSite\",\"@id\":\"https:\/\/dermo.com\/#website\",\"url\":\"https:\/\/dermo.com\/\",\"name\":\"Dermo | F\u00e1brica de detergentes\",\"description\":\"Tecnolog\u00eda avanzada, investigaci\u00f3n y desarrollo, respeto por el medio ambiente, competencia, formaci\u00f3n constante y alto nivel de profesionalidad en nuestro equipo humano, empe\u00f1ado en preservar la calidad de vida, la protecci\u00f3n del entorno natural contin\u00faan motiv\u00e1ndonos para desarrollar en nuestros laboratorios nuevos productos con ingredientes activos altamente biodegradables que hacen posible un desarrollo sostenible.\",\"potentialAction\":[{\"@type\":\"SearchAction\",\"target\":{\"@type\":\"EntryPoint\",\"urlTemplate\":\"https:\/\/dermo.com\/?s={search_term_string}\"},\"query-input\":{\"@type\":\"PropertyValueSpecification\",\"valueRequired\":true,\"valueName\":\"search_term_string\"}}],\"inLanguage\":\"fr-FR\"}]}<\/script>\n<!-- \/ Yoast SEO plugin. -->","yoast_head_json":{"title":"Fabricant de d\u00e9tergent - Dermo | Usine de d\u00e9tergents","robots":{"index":"index","follow":"follow","max-snippet":"max-snippet:-1","max-image-preview":"max-image-preview:large","max-video-preview":"max-video-preview:-1"},"canonical":"https:\/\/dermo.com\/fr\/fabricant-de-detergent\/","og_locale":"fr_FR","og_type":"article","og_title":"Fabricante de detergentes - Dermo | F\u00e1brica de detergentes","og_description":"Dermo: F\u00e1bricante de Detergentes Somos un\u00a0fabricante de detergentes\u00a0con m\u00e1s de 30 a\u00f1os de experiencia en el sector. Nos gusta cuidar al cliente y ofrecerle los mejores productos de limpieza que puede encontrar en el mercado. Por ese motivo, trabajamos d\u00eda a d\u00eda tanto en el dise\u00f1o como en la fabricaci\u00f3n de nuestros productos, con el&hellip;&nbsp;Lire la suite &raquo;Fabricante de detergentes","og_url":"https:\/\/dermo.com\/fr\/fabricant-de-detergent\/","og_site_name":"Dermo | F\u00e1brica de detergentes","article_modified_time":"2025-02-19T10:56:45+00:00","twitter_card":"summary_large_image","twitter_misc":{"Dur\u00e9e de lecture estim\u00e9e":"3 minutes"},"schema":{"@context":"https:\/\/schema.org","@graph":[{"@type":"WebPage","@id":"https:\/\/dermo.com\/fabricante-de-detergentes\/","url":"https:\/\/dermo.com\/fabricante-de-detergentes\/","name":"Fabricant de d\u00e9tergent - Dermo | Usine de d\u00e9tergents","isPartOf":{"@id":"https:\/\/dermo.com\/#website"},"datePublished":"2025-01-30T12:52:48+00:00","dateModified":"2025-02-19T10:56:45+00:00","breadcrumb":{"@id":"https:\/\/dermo.com\/fabricante-de-detergentes\/#breadcrumb"},"inLanguage":"fr-FR","potentialAction":[{"@type":"ReadAction","target":["https:\/\/dermo.com\/fabricante-de-detergentes\/"]}]},{"@type":"BreadcrumbList","@id":"https:\/\/dermo.com\/fabricante-de-detergentes\/#breadcrumb","itemListElement":[{"@type":"ListItem","position":1,"name":"Portada","item":"https:\/\/dermo.com\/"},{"@type":"ListItem","position":2,"name":"Fabricante de detergentes"}]},{"@type":"WebSite","@id":"https:\/\/dermo.com\/#website","url":"https:\/\/dermo.com\/","name":"Dermo | usine de d\u00e9tergents","description":"Technologie avanc\u00e9e, recherche et d\u00e9veloppement, respect de l&#039;environnement, comp\u00e9tence, formation constante et haut niveau de professionnalisme de notre \u00e9quipe humaine, engag\u00e9e \u00e0 pr\u00e9server la qualit\u00e9 de vie, la protection de l&#039;environnement naturel continuent de nous motiver \u00e0 d\u00e9velopper de nouveaux produits dans notre laboratoires aux principes actifs hautement biod\u00e9gradables qui rendent possible le d\u00e9veloppement durable.","potentialAction":[{"@type":"SearchAction","target":{"@type":"EntryPoint","urlTemplate":"https:\/\/dermo.com\/?s={search_term_string}"},"query-input":{"@type":"PropertyValueSpecification","valueRequired":true,"valueName":"search_term_string"}}],"inLanguage":"fr-FR"}]}},"_links":{"self":[{"href":"https:\/\/dermo.com\/fr\/wp-json\/wp\/v2\/pages\/12628","targetHints":{"allow":["GET"]}}],"collection":[{"href":"https:\/\/dermo.com\/fr\/wp-json\/wp\/v2\/pages"}],"about":[{"href":"https:\/\/dermo.com\/fr\/wp-json\/wp\/v2\/types\/page"}],"author":[{"embeddable":true,"href":"https:\/\/dermo.com\/fr\/wp-json\/wp\/v2\/users\/2"}],"replies":[{"embeddable":true,"href":"https:\/\/dermo.com\/fr\/wp-json\/wp\/v2\/comments?post=12628"}],"version-history":[{"count":10,"href":"https:\/\/dermo.com\/fr\/wp-json\/wp\/v2\/pages\/12628\/revisions"}],"predecessor-version":[{"id":13553,"href":"https:\/\/dermo.com\/fr\/wp-json\/wp\/v2\/pages\/12628\/revisions\/13553"}],"wp:attachment":[{"href":"https:\/\/dermo.com\/fr\/wp-json\/wp\/v2\/media?parent=12628"}],"curies":[{"name":"wp","href":"https:\/\/api.w.org\/{rel}","templated":true}]}}