{"id":12633,"date":"2025-01-30T13:58:31","date_gmt":"2025-01-30T12:58:31","guid":{"rendered":"https:\/\/dermo.com\/?page_id=12633"},"modified":"2025-02-19T12:31:07","modified_gmt":"2025-02-19T11:31:07","slug":"produits-de-nettoyage-pour-lindustrie","status":"publish","type":"page","link":"https:\/\/dermo.com\/fr\/produits-de-nettoyage-pour-lindustrie\/","title":{"rendered":"Produits de nettoyage pour l&#039;industrie"},"content":{"rendered":"<div data-elementor-type=\"wp-page\" data-elementor-id=\"12633\" class=\"elementor elementor-12633\" data-elementor-post-type=\"page\">\n\t\t\t\t\t\t<section class=\"elementor-section elementor-top-section elementor-element elementor-element-a02683f elementor-section-boxed elementor-section-height-default elementor-section-height-default\" data-id=\"a02683f\" data-element_type=\"section\" data-e-type=\"section\" data-settings=\"{&quot;background_background&quot;:&quot;classic&quot;}\">\n\t\t\t\t\t\t\t<div class=\"elementor-background-overlay\"><\/div>\n\t\t\t\t\t\t\t<div class=\"elementor-container elementor-column-gap-default\">\n\t\t\t\t\t<div class=\"elementor-column elementor-col-100 elementor-top-column elementor-element elementor-element-f99dbff\" data-id=\"f99dbff\" data-element_type=\"column\" data-e-type=\"column\">\n\t\t\t<div class=\"elementor-widget-wrap elementor-element-populated\">\n\t\t\t\t\t\t\t<\/div>\n\t\t<\/div>\n\t\t\t\t\t<\/div>\n\t\t<\/section>\n\t\t\t\t<section class=\"elementor-section elementor-top-section elementor-element elementor-element-233ad3a4 elementor-section-boxed elementor-section-height-default elementor-section-height-default\" data-id=\"233ad3a4\" data-element_type=\"section\" data-e-type=\"section\">\n\t\t\t\t\t\t<div class=\"elementor-container elementor-column-gap-default\">\n\t\t\t\t\t<div class=\"elementor-column elementor-col-100 elementor-top-column elementor-element elementor-element-3244e578\" data-id=\"3244e578\" data-element_type=\"column\" data-e-type=\"column\">\n\t\t\t<div class=\"elementor-widget-wrap elementor-element-populated\">\n\t\t\t\t\t\t<section class=\"elementor-section elementor-inner-section elementor-element elementor-element-1a7040c2 elementor-section-content-middle elementor-section-boxed elementor-section-height-default elementor-section-height-default\" data-id=\"1a7040c2\" data-element_type=\"section\" data-e-type=\"section\">\n\t\t\t\t\t\t<div class=\"elementor-container elementor-column-gap-default\">\n\t\t\t\t\t<div class=\"elementor-column elementor-col-50 elementor-inner-column elementor-element elementor-element-58338543\" data-id=\"58338543\" data-element_type=\"column\" data-e-type=\"column\">\n\t\t\t<div class=\"elementor-widget-wrap elementor-element-populated\">\n\t\t\t\t\t\t<div class=\"elementor-element elementor-element-464b2e11 elementor-widget elementor-widget-text-editor\" data-id=\"464b2e11\" data-element_type=\"widget\" data-e-type=\"widget\" data-widget_type=\"text-editor.default\">\n\t\t\t\t<div class=\"elementor-widget-container\">\n\t\t\t\t\t\t\t\t\t<p>Dermo propose\u00a0<strong>produits de nettoyage<\/strong>\u00a0<strong>pour<\/strong>\u00a0tous types de surfaces, ainsi que pour des lieux et secteurs sp\u00e9cifiques tels que\u00a0<strong>industrie<\/strong>. Notre large gamme de\u00a0<strong>produits de nettoyage pour l&#039;industrie<\/strong>\u00a0ainsi que pour l&#039;industrie automobile, ils couvrent tous les besoins qui peuvent survenir dans le nettoyage des v\u00e9hicules, camions, trains, autocars et voitures particuli\u00e8res.<\/p><p>Nous avons\u00a0<strong>produits de nettoyage pour\u00a0<\/strong>le<strong>\u00a0industrie<\/strong>\u00a0tel que\u00a0<a href=\"https:\/\/dermo.com\/fr\/catalogue\/es\/industrie-et-automobile\/129-derlac10.html\/\">Derlac 10<\/a>, qui est alcalin chlor\u00e9 et poss\u00e8de un pouvoir hydratant et \u00e9mulsifiant, parfait pour la\u00a0<strong>nettoyage<\/strong>\u00a0<strong>industriel<\/strong>\u00a0des d\u00e9chets organiques provenant des \u00e9changeurs de chaleur dans le\u00a0<strong>industrie<\/strong>\u00a0les produits laitiers, la brasserie et, en fin de compte, l\u2019ensemble de l\u2019industrie alimentaire.<\/p><p><a href=\"https:\/\/dermo.com\/fr\/catalogue\/es\/industrie-et-automobile\/130-derlac20.html\/\">Derlac 20<\/a>\u00a0c&#039;est un\u00a0<strong>produit de<\/strong>\u00a0<strong>nettoyage<\/strong>\u00a0sp\u00e9cifique, \u00e9galement pour le\u00a0<strong>industrie<\/strong>\u00a0et est con\u00e7u pour le traitement des incrustations calcaires dans les industries agroalimentaires, vinicoles, laiti\u00e8res et fruiti\u00e8res pour autoclaves, bouilloires, chambres froides et cuves.<\/p><p><a href=\"https:\/\/dermo.com\/fr\/catalogue\/es\/traitement-du-sol\/101-fial-fregadoras.html\/\">Fial Fregadoras<\/a>\u00a0C&#039;est un autre\u00a0<strong>produit<\/strong>\u00a0sp\u00e9cial de\u00a0<strong>nettoyage<\/strong>\u00a0<strong>pour<\/strong>\u00a0le\u00a0<strong>industrie<\/strong>\u00a0et dans ce cas, il s&#039;agit d&#039;un d\u00e9graissant puissant et sans mousse con\u00e7u pour \u00eatre utilis\u00e9 dans les autolaveuses.<\/p><p><a href=\"https:\/\/dermo.com\/fr\/catalogue\/es\/hygiene-personnelle\/117-pm3.html\/\">PM3<\/a>\u00a0c&#039;est un\u00a0<strong>produit<\/strong>\u00a0pour se laver et se prot\u00e9ger les mains, tr\u00e8s utile pour\u00a0<strong>nettoyage<\/strong>\u00a0<strong>industriel<\/strong>, car il est con\u00e7u pour prot\u00e9ger les mains et, en m\u00eame temps, dissout les graisses et les huiles br\u00fbl\u00e9es, ainsi que les lubrifiants, les encres, la rouille, etc. Il est recommand\u00e9 pour le lavage des mains pr\u00e9sentant des salet\u00e9s persistantes.<\/p>\t\t\t\t\t\t\t\t<\/div>\n\t\t\t\t<\/div>\n\t\t\t\t\t<\/div>\n\t\t<\/div>\n\t\t\t\t<div class=\"elementor-column elementor-col-50 elementor-inner-column elementor-element elementor-element-6487d63 elementor-invisible\" data-id=\"6487d63\" data-element_type=\"column\" data-e-type=\"column\" data-settings=\"{&quot;animation&quot;:&quot;bounceInRight&quot;}\">\n\t\t\t<div class=\"elementor-widget-wrap elementor-element-populated\">\n\t\t\t\t\t\t<div class=\"elementor-element elementor-element-bf99394 elementor-widget__width-initial elementor-widget elementor-widget-elementskit-contact-form7\" data-id=\"bf99394\" data-element_type=\"widget\" data-e-type=\"widget\" data-widget_type=\"elementskit-contact-form7.default\">\n\t\t\t\t<div class=\"elementor-widget-container\">\n\t\t\t\t\t<div class=\"ekit-wid-con\" ><div class=\"ekit-form\">\n<div class=\"wpcf7 no-js\" id=\"wpcf7-f13292-p12633-o1\" lang=\"es-ES\" dir=\"ltr\" data-wpcf7-id=\"13292\">\n<div class=\"screen-reader-response\"><p role=\"status\" aria-live=\"polite\" aria-atomic=\"true\"><\/p> <ul><\/ul><\/div>\n<form action=\"\/fr\/produits-de-nettoyage-pour-lindustrie\/#wpcf7-f13292-p12633-o1\" method=\"post\" class=\"wpcf7-form init\" aria-label=\"Formulario de contacto\" novalidate=\"novalidate\" data-status=\"init\" data-no-translation-aria-label=\"\" data-trp-original-action=\"\/pt\/productos-de-limpieza-para-industria\/#wpcf7-f13292-p12633-o1\">\n<fieldset class=\"hidden-fields-container\"><input type=\"hidden\" name=\"_wpcf7\" value=\"13292\" \/><input type=\"hidden\" name=\"_wpcf7_version\" value=\"6.1.5\" \/><input type=\"hidden\" name=\"_wpcf7_locale\" value=\"es_ES\" \/><input type=\"hidden\" name=\"_wpcf7_unit_tag\" value=\"wpcf7-f13292-p12633-o1\" \/><input type=\"hidden\" name=\"_wpcf7_container_post\" value=\"12633\" \/><input type=\"hidden\" name=\"_wpcf7_posted_data_hash\" value=\"\" \/><input type=\"hidden\" name=\"_wpcf7_recaptcha_response\" value=\"\" \/>\n<\/fieldset>\n<div style=\"display: flex; gap: 10px;\">\n\t<div style=\"width: 50%;\">\n\t\t<p><span class=\"wpcf7-form-control-wrap\" data-name=\"your-name\"><input size=\"40\" maxlength=\"400\" class=\"wpcf7-form-control wpcf7-text wpcf7-validates-as-required\" aria-required=\"true\" aria-invalid=\"false\" placeholder=\"Nom\" value=\"\" type=\"text\" name=\"your-name\" \/><\/span>\n\t\t<\/p>\n\t<\/div>\n\t<div style=\"width: 50%;\">\n\t\t<p><span class=\"wpcf7-form-control-wrap\" data-name=\"your-phone\"><input size=\"40\" maxlength=\"400\" class=\"wpcf7-form-control wpcf7-tel wpcf7-validates-as-required wpcf7-text wpcf7-validates-as-tel\" aria-required=\"true\" aria-invalid=\"false\" placeholder=\"T\u00e9l\u00e9phone\" value=\"\" type=\"tel\" name=\"your-phone\" \/><\/span>\n\t\t<\/p>\n\t<\/div>\n<\/div>\n<p><span class=\"wpcf7-form-control-wrap\" data-name=\"your-email\"><input size=\"40\" maxlength=\"400\" class=\"wpcf7-form-control wpcf7-email wpcf7-validates-as-required wpcf7-text wpcf7-validates-as-email\" aria-required=\"true\" aria-invalid=\"false\" placeholder=\"E-mail\" value=\"\" type=\"email\" name=\"your-email\" \/><\/span>\n<\/p>\n<div style=\"display: flex; gap: 10px;\">\n\t<div style=\"width: 50%;\">\n\t\t<p><span class=\"wpcf7-form-control-wrap\" data-name=\"your-country\"><input size=\"40\" maxlength=\"400\" class=\"wpcf7-form-control wpcf7-text wpcf7-validates-as-required\" aria-required=\"true\" aria-invalid=\"false\" placeholder=\"Pays\" value=\"\" type=\"text\" name=\"your-country\" \/><\/span>\n\t\t<\/p>\n\t<\/div>\n\t<div style=\"width: 50%;\">\n\t\t<p><span class=\"wpcf7-form-control-wrap\" data-name=\"your-city\"><input size=\"40\" maxlength=\"400\" class=\"wpcf7-form-control wpcf7-text wpcf7-validates-as-required\" aria-required=\"true\" aria-invalid=\"false\" placeholder=\"Population\" value=\"\" type=\"text\" name=\"your-city\" \/><\/span>\n\t\t<\/p>\n\t<\/div>\n<\/div>\n<p><span class=\"wpcf7-form-control-wrap\" data-name=\"your-subject\"><select class=\"wpcf7-form-control wpcf7-select\" aria-invalid=\"false\" name=\"your-subject\"><option value=\"Quiero ser distribuidor\">Je veux \u00eatre distributeur<\/option><option value=\"Presupuesto\">Budget<\/option><option value=\"Consulta\">Consultation<\/option><option value=\"Sugerencia\">Suggestion<\/option><option value=\"Otros\">Autres<\/option><\/select><\/span>\n<\/p>\n<p><span class=\"wpcf7-form-control-wrap\" data-name=\"your-message\"><textarea cols=\"40\" rows=\"10\" maxlength=\"2000\" class=\"wpcf7-form-control wpcf7-textarea\" aria-invalid=\"false\" placeholder=\"Message ou demande\" name=\"your-message\"><\/textarea><\/span>\n<\/p>\n<div style=\"display: flex; align-items: center; gap: 10px;\">\n\t<p><span class=\"wpcf7-form-control-wrap\" data-name=\"privacy-policy\"><span class=\"wpcf7-form-control wpcf7-acceptance\"><span class=\"wpcf7-list-item\"><input type=\"checkbox\" name=\"privacy-policy\" value=\"1\" aria-invalid=\"false\" \/><\/span><\/span><\/span><label for=\"privacy-policy\" style=\"margin-left: 5px;\">J&#039;ai lu et accept\u00e9 la politique de confidentialit\u00e9.<\/label>\n\t<\/p>\n<\/div>\n<div style=\"display: flex; align-items: center; gap: 10px;\">\n\t<p><span class=\"wpcf7-form-control-wrap\" data-name=\"send-info\"><span class=\"wpcf7-form-control wpcf7-acceptance\"><span class=\"wpcf7-list-item\"><input type=\"checkbox\" name=\"send-info\" value=\"1\" aria-invalid=\"false\" \/><\/span><\/span><\/span><label for=\"send-info\" style=\"margin-left: 5px;\">J&#039;accepte de recevoir des informations.<\/label>\n\t<\/p>\n<\/div>\n<p><input class=\"wpcf7-form-control wpcf7-submit has-spinner\" type=\"submit\" value=\"Envoyer\" \/>\n<\/p><div class=\"wpcf7-response-output\" aria-hidden=\"true\"><\/div>\n<input type=\"hidden\" name=\"trp-form-language\" value=\"fr\"\/><\/form>\n<\/div>\n<\/div><\/div>\t\t\t\t<\/div>\n\t\t\t\t<\/div>\n\t\t\t\t\t<\/div>\n\t\t<\/div>\n\t\t\t\t\t<\/div>\n\t\t<\/section>\n\t\t\t\t<div class=\"elementor-element elementor-element-615d68f elementor-widget elementor-widget-text-editor\" data-id=\"615d68f\" data-element_type=\"widget\" data-e-type=\"widget\" data-widget_type=\"text-editor.default\">\n\t\t\t\t<div class=\"elementor-widget-container\">\n\t\t\t\t\t\t\t\t\t<div id=\"lipsum\"><div class=\"wpb_text_column wpb_content_element\"><div class=\"wpb_wrapper\"><p>Et pour les mains, nous avons aussi du gel liquide pour les mains.\u00a0<a href=\"https:\/\/dermo.com\/fr\/catalogue\/es\/hygiene-personnelle\/111-gelman.html\/\">Gelman<\/a>, sp\u00e9cialement pour laver les mains grasses, les laissant propres, douces et agr\u00e9ablement parfum\u00e9es.<\/p><p><a href=\"https:\/\/dermo.com\/fr\/catalogue\/es\/agents-detartrants\/60-limcal.html\/\">Limcal<\/a>\u00a0C&#039;est un autre\u00a0<strong>produit<\/strong>\u00a0pour le\u00a0<strong>nettoyage industriel<\/strong>Dans ce cas, il s&#039;agit d&#039;un d\u00e9tartrant pour circuits d&#039;eau chaude ou froide dans les lave-vaisselle, machines \u00e0 laver, etc.<\/p><p>Il est capable de dissoudre les d\u00e9p\u00f4ts de calcaire et de rouille et est valable pour la\u00a0<strong>nettoyage<\/strong>\u00a0en fin de chantier et de piscines (r\u00e9sidus de ciment, salissures environnementales, salp\u00eatre, rouille ou calcaire) et fonctionne \u00e9galement tr\u00e8s bien comme nettoyant pour joints de carrelage.<\/p><p>Comme vous pouvez le constater, nous disposons d&#039;un large catalogue de\u00a0<strong>produits de nettoyage<\/strong>\u00a0pour le\u00a0<strong>industrie<\/strong>, con\u00e7u pour r\u00e9pondre aux attentes et aux besoins de nos clients. Ils poss\u00e8dent un pouvoir concentr\u00e9 \u00e9lev\u00e9 qui leur permet d&#039;agir de mani\u00e8re d\u00e9cisive et tr\u00e8s efficace, en quelques minutes seulement.<\/p><p>Nous avons toutes sortes de\u00a0<strong>produits de nettoyage<\/strong>\u00a0<strong>pour<\/strong>\u00a0le\u00a0<strong>industrie<\/strong>, afin que chaque produit s&#039;adapte aux diff\u00e9rentes situations, personnes, lieux et probl\u00e9matiques de chaque instant.<\/p><p>Le\u00a0<strong>produits de nettoyage<\/strong>\u00a0<strong>pour<\/strong>\u00a0le\u00a0<strong>industrie<\/strong>\u00a0Les Dermo ont une grande taille, ce qui peut durer longtemps, car pour que le traitement soit efficace\u00a0<strong>nettoyage<\/strong>, seule une quantit\u00e9 n\u00e9gligeable de produit est n\u00e9cessaire. Chez Dermo, nous nous soucions de la durabilit\u00e9 des produits, car nous voulons qu&#039;ils durent plus longtemps et soient plus efficaces, pour cette raison, ils ont une formule concentr\u00e9e qui nous permet d&#039;obtenir d&#039;excellents r\u00e9sultats et de satisfaire les besoins de nos clients, dans le\u00a0<strong>nettoyage<\/strong>\u00a0de la\u00a0<strong>industrie<\/strong>.<\/p><\/div><\/div><\/div>\t\t\t\t\t\t\t\t<\/div>\n\t\t\t\t<\/div>\n\t\t\t\t\t<\/div>\n\t\t<\/div>\n\t\t\t\t\t<\/div>\n\t\t<\/section>\n\t\t\t\t<section class=\"elementor-section elementor-top-section elementor-element elementor-element-484f41e elementor-section-full_width elementor-section-height-default elementor-section-height-default elementor-invisible\" data-id=\"484f41e\" data-element_type=\"section\" data-e-type=\"section\" data-settings=\"{&quot;animation&quot;:&quot;slideInUp&quot;}\">\n\t\t\t\t\t\t<div class=\"elementor-container elementor-column-gap-default\">\n\t\t\t\t\t<div class=\"elementor-column elementor-col-100 elementor-top-column elementor-element elementor-element-19948363\" data-id=\"19948363\" data-element_type=\"column\" data-e-type=\"column\">\n\t\t\t<div class=\"elementor-widget-wrap elementor-element-populated\">\n\t\t\t\t\t\t<div class=\"elementor-element elementor-element-339044a4 elementor-widget elementor-widget-google_maps\" data-id=\"339044a4\" data-element_type=\"widget\" data-e-type=\"widget\" data-widget_type=\"google_maps.default\">\n\t\t\t\t<div class=\"elementor-widget-container\">\n\t\t\t\t\t\t\t<div class=\"elementor-custom-embed\">\n\t\t\t<iframe loading=\"lazy\"\n\t\t\t\t\tsrc=\"https:\/\/maps.google.com\/maps?q=C%2F%20Pintor%20Joan%20Miro%2C%2016.%20Pol.%20Ind.%20Can%20Humet%20de%20Dalt%2C%2008213%20Poliny%C3%A0.%20Barcelona&#038;t=m&#038;z=15&#038;output=embed&#038;iwloc=near\"\n\t\t\t\t\ttitle=\"C\/ Pintor Joan Miro, 16. Pol. Ind. Can Humet de Dalt, 08213 Poliny\u00e0. Barcelone\"\n\t\t\t\t\taria-label=\"C\/ Pintor Joan Miro, 16. Pol. Ind. Can Humet de Dalt, 08213 Poliny\u00e0. Barcelone\"\n\t\t\t><\/iframe>\n\t\t<\/div>\n\t\t\t\t\t\t<\/div>\n\t\t\t\t<\/div>\n\t\t\t\t\t<\/div>\n\t\t<\/div>\n\t\t\t\t\t<\/div>\n\t\t<\/section>\n\t\t\t\t<\/div>","protected":false},"excerpt":{"rendered":"<p>Dermo ofrece\u00a0productos de limpieza\u00a0para\u00a0todo tipo de superficies, as\u00ed como para lugares y sectores espec\u00edficos como la\u00a0industria. Nuestra amplia gama de\u00a0productos de limpieza para industria\u00a0as\u00ed como para la automoci\u00f3n, cubren todas las necesidades que puedan plantearse en la limpieza de veh\u00edculos, camiones, trenes, autocares y turismos. Contamos con\u00a0productos de limpieza para\u00a0la\u00a0industria\u00a0tales como\u00a0Derlac 10, que es alcalino&hellip;&nbsp;<a href=\"https:\/\/dermo.com\/fr\/produits-de-nettoyage-pour-lindustrie\/\" rel=\"bookmark\">En savoir plus &quot;<span class=\"screen-reader-text\">Produits de nettoyage pour l&#039;industrie<\/span><\/a><\/p>","protected":false},"author":2,"featured_media":0,"parent":0,"menu_order":0,"comment_status":"closed","ping_status":"closed","template":"page-templates\/template-pagebuilder-full-width.php","meta":{"neve_meta_sidebar":"","neve_meta_container":"","neve_meta_enable_content_width":"","neve_meta_content_width":0,"neve_meta_title_alignment":"","neve_meta_author_avatar":"","neve_post_elements_order":"","neve_meta_disable_header":"","neve_meta_disable_footer":"","neve_meta_disable_title":"","footnotes":""},"class_list":["post-12633","page","type-page","status-publish","hentry"],"yoast_head":"<!-- This site is optimized with the Yoast SEO plugin v27.0 - https:\/\/yoast.com\/product\/yoast-seo-wordpress\/ -->\n<title>Productos de limpieza para industria - Dermo | F\u00e1brica de detergentes<\/title>\n<meta name=\"robots\" content=\"index, follow, max-snippet:-1, max-image-preview:large, max-video-preview:-1\" \/>\n<link rel=\"canonical\" href=\"https:\/\/dermo.com\/fr\/produits-de-nettoyage-pour-lindustrie\/\" \/>\n<meta property=\"og:locale\" content=\"fr_FR\" \/>\n<meta property=\"og:type\" content=\"article\" \/>\n<meta property=\"og:title\" content=\"Productos de limpieza para industria - Dermo | F\u00e1brica de detergentes\" \/>\n<meta property=\"og:description\" content=\"Dermo ofrece\u00a0productos de limpieza\u00a0para\u00a0todo tipo de superficies, as\u00ed como para lugares y sectores espec\u00edficos como la\u00a0industria. Nuestra amplia gama de\u00a0productos de limpieza para industria\u00a0as\u00ed como para la automoci\u00f3n, cubren todas las necesidades que puedan plantearse en la limpieza de veh\u00edculos, camiones, trenes, autocares y turismos. Contamos con\u00a0productos de limpieza para\u00a0la\u00a0industria\u00a0tales como\u00a0Derlac 10, que es alcalino&hellip;&nbsp;Lire la suite &raquo;Productos de limpieza para industria\" \/>\n<meta property=\"og:url\" content=\"https:\/\/dermo.com\/fr\/produits-de-nettoyage-pour-lindustrie\/\" \/>\n<meta property=\"og:site_name\" content=\"Dermo | F\u00e1brica de detergentes\" \/>\n<meta property=\"article:modified_time\" content=\"2025-02-19T11:31:07+00:00\" \/>\n<meta name=\"twitter:card\" content=\"summary_large_image\" \/>\n<meta name=\"twitter:label1\" content=\"Dur\u00e9e de lecture estim\u00e9e\" \/>\n\t<meta name=\"twitter:data1\" content=\"3 minutes\" \/>\n<script type=\"application\/ld+json\" class=\"yoast-schema-graph\">{\"@context\":\"https:\/\/schema.org\",\"@graph\":[{\"@type\":\"WebPage\",\"@id\":\"https:\/\/dermo.com\/productos-de-limpieza-para-industria\/\",\"url\":\"https:\/\/dermo.com\/productos-de-limpieza-para-industria\/\",\"name\":\"Productos de limpieza para industria - Dermo | F\u00e1brica de detergentes\",\"isPartOf\":{\"@id\":\"https:\/\/dermo.com\/#website\"},\"datePublished\":\"2025-01-30T12:58:31+00:00\",\"dateModified\":\"2025-02-19T11:31:07+00:00\",\"breadcrumb\":{\"@id\":\"https:\/\/dermo.com\/productos-de-limpieza-para-industria\/#breadcrumb\"},\"inLanguage\":\"fr-FR\",\"potentialAction\":[{\"@type\":\"ReadAction\",\"target\":[\"https:\/\/dermo.com\/productos-de-limpieza-para-industria\/\"]}]},{\"@type\":\"BreadcrumbList\",\"@id\":\"https:\/\/dermo.com\/productos-de-limpieza-para-industria\/#breadcrumb\",\"itemListElement\":[{\"@type\":\"ListItem\",\"position\":1,\"name\":\"Portada\",\"item\":\"https:\/\/dermo.com\/\"},{\"@type\":\"ListItem\",\"position\":2,\"name\":\"Productos de limpieza para industria\"}]},{\"@type\":\"WebSite\",\"@id\":\"https:\/\/dermo.com\/#website\",\"url\":\"https:\/\/dermo.com\/\",\"name\":\"Dermo | F\u00e1brica de detergentes\",\"description\":\"Tecnolog\u00eda avanzada, investigaci\u00f3n y desarrollo, respeto por el medio ambiente, competencia, formaci\u00f3n constante y alto nivel de profesionalidad en nuestro equipo humano, empe\u00f1ado en preservar la calidad de vida, la protecci\u00f3n del entorno natural contin\u00faan motiv\u00e1ndonos para desarrollar en nuestros laboratorios nuevos productos con ingredientes activos altamente biodegradables que hacen posible un desarrollo sostenible.\",\"potentialAction\":[{\"@type\":\"SearchAction\",\"target\":{\"@type\":\"EntryPoint\",\"urlTemplate\":\"https:\/\/dermo.com\/?s={search_term_string}\"},\"query-input\":{\"@type\":\"PropertyValueSpecification\",\"valueRequired\":true,\"valueName\":\"search_term_string\"}}],\"inLanguage\":\"fr-FR\"}]}<\/script>\n<!-- \/ Yoast SEO plugin. -->","yoast_head_json":{"title":"Produits de nettoyage pour l&#039;industrie - Dermo | Usine de d\u00e9tergents","robots":{"index":"index","follow":"follow","max-snippet":"max-snippet:-1","max-image-preview":"max-image-preview:large","max-video-preview":"max-video-preview:-1"},"canonical":"https:\/\/dermo.com\/fr\/produits-de-nettoyage-pour-lindustrie\/","og_locale":"fr_FR","og_type":"article","og_title":"Productos de limpieza para industria - Dermo | F\u00e1brica de detergentes","og_description":"Dermo ofrece\u00a0productos de limpieza\u00a0para\u00a0todo tipo de superficies, as\u00ed como para lugares y sectores espec\u00edficos como la\u00a0industria. Nuestra amplia gama de\u00a0productos de limpieza para industria\u00a0as\u00ed como para la automoci\u00f3n, cubren todas las necesidades que puedan plantearse en la limpieza de veh\u00edculos, camiones, trenes, autocares y turismos. Contamos con\u00a0productos de limpieza para\u00a0la\u00a0industria\u00a0tales como\u00a0Derlac 10, que es alcalino&hellip;&nbsp;Lire la suite &raquo;Productos de limpieza para industria","og_url":"https:\/\/dermo.com\/fr\/produits-de-nettoyage-pour-lindustrie\/","og_site_name":"Dermo | F\u00e1brica de detergentes","article_modified_time":"2025-02-19T11:31:07+00:00","twitter_card":"summary_large_image","twitter_misc":{"Dur\u00e9e de lecture estim\u00e9e":"3 minutes"},"schema":{"@context":"https:\/\/schema.org","@graph":[{"@type":"WebPage","@id":"https:\/\/dermo.com\/productos-de-limpieza-para-industria\/","url":"https:\/\/dermo.com\/productos-de-limpieza-para-industria\/","name":"Produits de nettoyage pour l&#039;industrie - Dermo | Usine de d\u00e9tergents","isPartOf":{"@id":"https:\/\/dermo.com\/#website"},"datePublished":"2025-01-30T12:58:31+00:00","dateModified":"2025-02-19T11:31:07+00:00","breadcrumb":{"@id":"https:\/\/dermo.com\/productos-de-limpieza-para-industria\/#breadcrumb"},"inLanguage":"fr-FR","potentialAction":[{"@type":"ReadAction","target":["https:\/\/dermo.com\/productos-de-limpieza-para-industria\/"]}]},{"@type":"BreadcrumbList","@id":"https:\/\/dermo.com\/productos-de-limpieza-para-industria\/#breadcrumb","itemListElement":[{"@type":"ListItem","position":1,"name":"Portada","item":"https:\/\/dermo.com\/"},{"@type":"ListItem","position":2,"name":"Productos de limpieza para industria"}]},{"@type":"WebSite","@id":"https:\/\/dermo.com\/#website","url":"https:\/\/dermo.com\/","name":"Dermo | usine de d\u00e9tergents","description":"Technologie avanc\u00e9e, recherche et d\u00e9veloppement, respect de l&#039;environnement, comp\u00e9tence, formation constante et haut niveau de professionnalisme de notre \u00e9quipe humaine, engag\u00e9e \u00e0 pr\u00e9server la qualit\u00e9 de vie, la protection de l&#039;environnement naturel continuent de nous motiver \u00e0 d\u00e9velopper de nouveaux produits dans notre laboratoires aux principes actifs hautement biod\u00e9gradables qui rendent possible le d\u00e9veloppement durable.","potentialAction":[{"@type":"SearchAction","target":{"@type":"EntryPoint","urlTemplate":"https:\/\/dermo.com\/?s={search_term_string}"},"query-input":{"@type":"PropertyValueSpecification","valueRequired":true,"valueName":"search_term_string"}}],"inLanguage":"fr-FR"}]}},"_links":{"self":[{"href":"https:\/\/dermo.com\/fr\/wp-json\/wp\/v2\/pages\/12633","targetHints":{"allow":["GET"]}}],"collection":[{"href":"https:\/\/dermo.com\/fr\/wp-json\/wp\/v2\/pages"}],"about":[{"href":"https:\/\/dermo.com\/fr\/wp-json\/wp\/v2\/types\/page"}],"author":[{"embeddable":true,"href":"https:\/\/dermo.com\/fr\/wp-json\/wp\/v2\/users\/2"}],"replies":[{"embeddable":true,"href":"https:\/\/dermo.com\/fr\/wp-json\/wp\/v2\/comments?post=12633"}],"version-history":[{"count":7,"href":"https:\/\/dermo.com\/fr\/wp-json\/wp\/v2\/pages\/12633\/revisions"}],"predecessor-version":[{"id":13693,"href":"https:\/\/dermo.com\/fr\/wp-json\/wp\/v2\/pages\/12633\/revisions\/13693"}],"wp:attachment":[{"href":"https:\/\/dermo.com\/fr\/wp-json\/wp\/v2\/media?parent=12633"}],"curies":[{"name":"wp","href":"https:\/\/api.w.org\/{rel}","templated":true}]}}