{"id":12645,"date":"2025-01-31T08:57:58","date_gmt":"2025-01-31T07:57:58","guid":{"rendered":"https:\/\/dermo.com\/?page_id=12645"},"modified":"2025-02-19T11:27:34","modified_gmt":"2025-02-19T10:27:34","slug":"degraissant-7","status":"publish","type":"page","link":"https:\/\/dermo.com\/fr\/degraissant-7\/","title":{"rendered":"D\u00e9graissant"},"content":{"rendered":"<div data-elementor-type=\"wp-page\" data-elementor-id=\"12645\" class=\"elementor elementor-12645\" data-elementor-post-type=\"page\">\n\t\t\t\t\t\t<section class=\"elementor-section elementor-top-section elementor-element elementor-element-718ec6d elementor-section-boxed elementor-section-height-default elementor-section-height-default\" data-id=\"718ec6d\" data-element_type=\"section\" data-e-type=\"section\" data-settings=\"{&quot;background_background&quot;:&quot;classic&quot;}\">\n\t\t\t\t\t\t\t<div class=\"elementor-background-overlay\"><\/div>\n\t\t\t\t\t\t\t<div class=\"elementor-container elementor-column-gap-default\">\n\t\t\t\t\t<div class=\"elementor-column elementor-col-100 elementor-top-column elementor-element elementor-element-622aea1\" data-id=\"622aea1\" data-element_type=\"column\" data-e-type=\"column\">\n\t\t\t<div class=\"elementor-widget-wrap elementor-element-populated\">\n\t\t\t\t\t\t\t<\/div>\n\t\t<\/div>\n\t\t\t\t\t<\/div>\n\t\t<\/section>\n\t\t\t\t<section class=\"elementor-section elementor-top-section elementor-element elementor-element-780e4b6 elementor-section-boxed elementor-section-height-default elementor-section-height-default\" data-id=\"780e4b6\" data-element_type=\"section\" data-e-type=\"section\">\n\t\t\t\t\t\t<div class=\"elementor-container elementor-column-gap-default\">\n\t\t\t\t\t<div class=\"elementor-column elementor-col-100 elementor-top-column elementor-element elementor-element-19bff7e\" data-id=\"19bff7e\" data-element_type=\"column\" data-e-type=\"column\">\n\t\t\t<div class=\"elementor-widget-wrap elementor-element-populated\">\n\t\t\t\t\t\t<section class=\"elementor-section elementor-inner-section elementor-element elementor-element-2a70a89 elementor-section-content-middle elementor-section-boxed elementor-section-height-default elementor-section-height-default\" data-id=\"2a70a89\" data-element_type=\"section\" data-e-type=\"section\">\n\t\t\t\t\t\t<div class=\"elementor-container elementor-column-gap-default\">\n\t\t\t\t\t<div class=\"elementor-column elementor-col-50 elementor-inner-column elementor-element elementor-element-4ca8e0f\" data-id=\"4ca8e0f\" data-element_type=\"column\" data-e-type=\"column\">\n\t\t\t<div class=\"elementor-widget-wrap elementor-element-populated\">\n\t\t\t\t\t\t<div class=\"elementor-element elementor-element-79a6603 elementor-widget elementor-widget-text-editor\" data-id=\"79a6603\" data-element_type=\"widget\" data-e-type=\"widget\" data-widget_type=\"text-editor.default\">\n\t\t\t\t<div class=\"elementor-widget-container\">\n\t\t\t\t\t\t\t\t\t<div id=\"lipsum\"><h2>D\u00e9graissant<\/h2><div class=\"wpb_text_column wpb_content_element\"><div class=\"wpb_wrapper\"><p>Un d\u00e9graissant est un nettoyant con\u00e7u pour \u00e9liminer la graisse, les huiles et autres contaminants.<\/p><p>Le but d\u2019un d\u00e9graissant est d\u2019\u00e9liminer la salet\u00e9 rapidement, avec le moins d\u2019effort.<\/p><p>Les nettoyants d\u00e9graissants peuvent nettoyer l\u2019huile, la graisse, la rouille et la contamination d\u2019une vari\u00e9t\u00e9 d\u2019\u00e9quipements et ainsi un d\u00e9graissant peut avoir diff\u00e9rentes utilisations et \u00eatre cr\u00e9\u00e9 pour diff\u00e9rentes t\u00e2ches sp\u00e9cifiques.<\/p><p>Par exemple, si nous parlons de la cuisine, nous devons \u00eatre particuli\u00e8rement minutieux dans le nettoyage. Dans ce cas, chez DERMO nous proposons des produits qui garantissent la s\u00e9curit\u00e9 dans le domaine alimentaire pour traiter toutes les surfaces en contact avec les aliments, garantissant ainsi une propret\u00e9 absolue du lieu.<\/p><p>Si vous recherchez un d\u00e9graissant pour toute surface r\u00e9sistante au pH alcalin qui doit \u00eatre nettoy\u00e9e \u00e0 froid, comme les sols, les murs, les tables de travail, les ustensiles ou les \u00e9quipements, vous pouvez choisir AUDAZ ESPECIAL, un d\u00e9graissant liquide concentr\u00e9 de DERMO avec un grand pouvoir \u00e9mulsifiant, qui agit en dissolvant la salet\u00e9 et la graisse.<\/p><\/div><\/div><\/div>\t\t\t\t\t\t\t\t<\/div>\n\t\t\t\t<\/div>\n\t\t\t\t\t<\/div>\n\t\t<\/div>\n\t\t\t\t<div class=\"elementor-column elementor-col-50 elementor-inner-column elementor-element elementor-element-77945ca elementor-invisible\" data-id=\"77945ca\" data-element_type=\"column\" data-e-type=\"column\" data-settings=\"{&quot;animation&quot;:&quot;bounceInRight&quot;}\">\n\t\t\t<div class=\"elementor-widget-wrap elementor-element-populated\">\n\t\t\t\t\t\t<div class=\"elementor-element elementor-element-1d60b48 elementor-widget elementor-widget-elementskit-contact-form7\" data-id=\"1d60b48\" data-element_type=\"widget\" data-e-type=\"widget\" data-widget_type=\"elementskit-contact-form7.default\">\n\t\t\t\t<div class=\"elementor-widget-container\">\n\t\t\t\t\t<div class=\"ekit-wid-con\" ><div class=\"ekit-form\">\n<div class=\"wpcf7 no-js\" id=\"wpcf7-f13292-p12645-o1\" lang=\"es-ES\" dir=\"ltr\" data-wpcf7-id=\"13292\">\n<div class=\"screen-reader-response\"><p role=\"status\" aria-live=\"polite\" aria-atomic=\"true\"><\/p> <ul><\/ul><\/div>\n<form action=\"\/fr\/degraissant-7\/#wpcf7-f13292-p12645-o1\" method=\"post\" class=\"wpcf7-form init\" aria-label=\"Formulaire de contact\" novalidate=\"novalidate\" data-status=\"init\" data-trp-original-action=\"\/desengrasante-7\/#wpcf7-f13292-p12645-o1\">\n<fieldset class=\"hidden-fields-container\"><input type=\"hidden\" name=\"_wpcf7\" value=\"13292\" \/><input type=\"hidden\" name=\"_wpcf7_version\" value=\"6.1.5\" \/><input type=\"hidden\" name=\"_wpcf7_locale\" value=\"es_ES\" \/><input type=\"hidden\" name=\"_wpcf7_unit_tag\" value=\"wpcf7-f13292-p12645-o1\" \/><input type=\"hidden\" name=\"_wpcf7_container_post\" value=\"12645\" \/><input type=\"hidden\" name=\"_wpcf7_posted_data_hash\" value=\"\" \/><input type=\"hidden\" name=\"_wpcf7_recaptcha_response\" value=\"\" \/>\n<\/fieldset>\n<div style=\"display: flex; gap: 10px;\">\n\t<div style=\"width: 50%;\">\n\t\t<p><span class=\"wpcf7-form-control-wrap\" data-name=\"your-name\"><input size=\"40\" maxlength=\"400\" class=\"wpcf7-form-control wpcf7-text wpcf7-validates-as-required\" aria-required=\"true\" aria-invalid=\"false\" placeholder=\"Nom\" value=\"\" type=\"text\" name=\"your-name\" \/><\/span>\n\t\t<\/p>\n\t<\/div>\n\t<div style=\"width: 50%;\">\n\t\t<p><span class=\"wpcf7-form-control-wrap\" data-name=\"your-phone\"><input size=\"40\" maxlength=\"400\" class=\"wpcf7-form-control wpcf7-tel wpcf7-validates-as-required wpcf7-text wpcf7-validates-as-tel\" aria-required=\"true\" aria-invalid=\"false\" placeholder=\"T\u00e9l\u00e9phone\" value=\"\" type=\"tel\" name=\"your-phone\" \/><\/span>\n\t\t<\/p>\n\t<\/div>\n<\/div>\n<p><span class=\"wpcf7-form-control-wrap\" data-name=\"your-email\"><input size=\"40\" maxlength=\"400\" class=\"wpcf7-form-control wpcf7-email wpcf7-validates-as-required wpcf7-text wpcf7-validates-as-email\" aria-required=\"true\" aria-invalid=\"false\" placeholder=\"E-mail\" value=\"\" type=\"email\" name=\"your-email\" \/><\/span>\n<\/p>\n<div style=\"display: flex; gap: 10px;\">\n\t<div style=\"width: 50%;\">\n\t\t<p><span class=\"wpcf7-form-control-wrap\" data-name=\"your-country\"><input size=\"40\" maxlength=\"400\" class=\"wpcf7-form-control wpcf7-text wpcf7-validates-as-required\" aria-required=\"true\" aria-invalid=\"false\" placeholder=\"Pays\" value=\"\" type=\"text\" name=\"your-country\" \/><\/span>\n\t\t<\/p>\n\t<\/div>\n\t<div style=\"width: 50%;\">\n\t\t<p><span class=\"wpcf7-form-control-wrap\" data-name=\"your-city\"><input size=\"40\" maxlength=\"400\" class=\"wpcf7-form-control wpcf7-text wpcf7-validates-as-required\" aria-required=\"true\" aria-invalid=\"false\" placeholder=\"Population\" value=\"\" type=\"text\" name=\"your-city\" \/><\/span>\n\t\t<\/p>\n\t<\/div>\n<\/div>\n<p><span class=\"wpcf7-form-control-wrap\" data-name=\"your-subject\"><select class=\"wpcf7-form-control wpcf7-select\" aria-invalid=\"false\" name=\"your-subject\"><option value=\"Quiero ser distribuidor\">Je veux \u00eatre distributeur<\/option><option value=\"Presupuesto\">Budget<\/option><option value=\"Consulta\">Consultation<\/option><option value=\"Sugerencia\">Suggestion<\/option><option value=\"Otros\">Autres<\/option><\/select><\/span>\n<\/p>\n<p><span class=\"wpcf7-form-control-wrap\" data-name=\"your-message\"><textarea cols=\"40\" rows=\"10\" maxlength=\"2000\" class=\"wpcf7-form-control wpcf7-textarea\" aria-invalid=\"false\" placeholder=\"Message ou demande\" name=\"your-message\"><\/textarea><\/span>\n<\/p>\n<div style=\"display: flex; align-items: center; gap: 10px;\">\n\t<p><span class=\"wpcf7-form-control-wrap\" data-name=\"privacy-policy\"><span class=\"wpcf7-form-control wpcf7-acceptance\"><span class=\"wpcf7-list-item\"><input type=\"checkbox\" name=\"privacy-policy\" value=\"1\" aria-invalid=\"false\" \/><\/span><\/span><\/span><label for=\"privacy-policy\" style=\"margin-left: 5px;\">J&#039;ai lu et accept\u00e9 la politique de confidentialit\u00e9.<\/label>\n\t<\/p>\n<\/div>\n<div style=\"display: flex; align-items: center; gap: 10px;\">\n\t<p><span class=\"wpcf7-form-control-wrap\" data-name=\"send-info\"><span class=\"wpcf7-form-control wpcf7-acceptance\"><span class=\"wpcf7-list-item\"><input type=\"checkbox\" name=\"send-info\" value=\"1\" aria-invalid=\"false\" \/><\/span><\/span><\/span><label for=\"send-info\" style=\"margin-left: 5px;\">J&#039;accepte de recevoir des informations.<\/label>\n\t<\/p>\n<\/div>\n<p><input class=\"wpcf7-form-control wpcf7-submit has-spinner\" type=\"submit\" value=\"Envoyer\" \/>\n<\/p><div class=\"wpcf7-response-output\" aria-hidden=\"true\"><\/div>\n<input type=\"hidden\" name=\"trp-form-language\" value=\"fr\"\/><\/form>\n<\/div>\n<\/div><\/div>\t\t\t\t<\/div>\n\t\t\t\t<\/div>\n\t\t\t\t\t<\/div>\n\t\t<\/div>\n\t\t\t\t\t<\/div>\n\t\t<\/section>\n\t\t\t\t<div class=\"elementor-element elementor-element-9a15fd5 elementor-widget elementor-widget-image\" data-id=\"9a15fd5\" data-element_type=\"widget\" data-e-type=\"widget\" data-widget_type=\"image.default\">\n\t\t\t\t<div class=\"elementor-widget-container\">\n\t\t\t\t\t\t\t\t\t\t\t\t\t\t\t<img fetchpriority=\"high\" decoding=\"async\" width=\"1024\" height=\"576\" src=\"https:\/\/dermo.com\/wp-content\/uploads\/2025\/01\/Diseno-sin-titulo-1-1024x576.jpg\" class=\"attachment-large size-large wp-image-12650\" alt=\"\" srcset=\"https:\/\/dermo.com\/wp-content\/uploads\/2025\/01\/Diseno-sin-titulo-1-1024x576.jpg 1024w, https:\/\/dermo.com\/wp-content\/uploads\/2025\/01\/Diseno-sin-titulo-1-300x169.jpg 300w, https:\/\/dermo.com\/wp-content\/uploads\/2025\/01\/Diseno-sin-titulo-1-768x432.jpg 768w, https:\/\/dermo.com\/wp-content\/uploads\/2025\/01\/Diseno-sin-titulo-1-1536x864.jpg 1536w, https:\/\/dermo.com\/wp-content\/uploads\/2025\/01\/Diseno-sin-titulo-1-18x10.jpg 18w, https:\/\/dermo.com\/wp-content\/uploads\/2025\/01\/Diseno-sin-titulo-1-600x338.jpg 600w, https:\/\/dermo.com\/wp-content\/uploads\/2025\/01\/Diseno-sin-titulo-1.jpg 1920w\" sizes=\"(max-width: 1024px) 100vw, 1024px\" \/>\t\t\t\t\t\t\t\t\t\t\t\t\t\t\t<\/div>\n\t\t\t\t<\/div>\n\t\t\t\t<div class=\"elementor-element elementor-element-43ccbce elementor-widget elementor-widget-text-editor\" data-id=\"43ccbce\" data-element_type=\"widget\" data-e-type=\"widget\" data-widget_type=\"text-editor.default\">\n\t\t\t\t<div class=\"elementor-widget-container\">\n\t\t\t\t\t\t\t\t\t<div id=\"lipsum\"><p>Si vous pr\u00e9f\u00e9rez un d\u00e9graissant efficace pour les surfaces verticales et difficiles d&#039;acc\u00e8s, le choix id\u00e9al est AUDAZ HIGH FOAM, un produit DERMO thixotrope \u00e0 grand pouvoir \u00e9mulsifiant, avec une composition sp\u00e9ciale qui adh\u00e8re aux surfaces verticales sans couler.<\/p><p>Une autre option concentr\u00e9e au pouvoir \u00e9mulsifiant est le d\u00e9graissant AUDAZ CITRON qui dissout la graisse et la salet\u00e9, il peut donc \u00eatre utilis\u00e9 sur toute surface r\u00e9sistante au pH alcalin comme les murs, les sols, les tables de travail ou les ustensiles.<\/p><p>Si nous parlons d&#039;un d\u00e9graissant sp\u00e9cial pour cuisini\u00e8res, fours, friteuses et grils, AUDAZ PLANCHAS est l&#039;option parfaite pour \u00e9liminer la graisse br\u00fbl\u00e9e avec un minimum d&#039;effort, en \u00e9liminant la rouille et en agissant en m\u00eame temps comme antioxydant.<\/p><p>Une option d\u00e9graissante polyvalente est AUDAZ UNIVERSAL, pour le nettoyage des surfaces peintes, des m\u00e9taux, des plastiques, de l&#039;acier inoxydable et de l&#039;aluminium.<\/p><p>Un d\u00e9graissant id\u00e9al pour les surfaces telles que les sols, les murs, les tables de travail, les ustensiles ou les \u00e9quipements est AUDAZ, un produit liquide concentr\u00e9 avec un grand pouvoir \u00e9mulsifiant.<\/p><h3><strong>D\u00e9couvrez la puissance d&#039;un nettoyage impeccable avec nos d\u00e9tergents de qualit\u00e9 sup\u00e9rieure !<\/strong><\/h3><p>Vous recherchez des solutions de nettoyage efficaces et respectueuses de l&#039;environnement ? Ne cherchez plus ! Transformez la t\u00e2che quotidienne de nettoyage en une exp\u00e9rience facile et efficace.<\/p><\/div>\t\t\t\t\t\t\t\t<\/div>\n\t\t\t\t<\/div>\n\t\t\t\t<div class=\"elementor-element elementor-element-7bf7832 elementor-widget elementor-widget-button\" data-id=\"7bf7832\" data-element_type=\"widget\" data-e-type=\"widget\" data-widget_type=\"button.default\">\n\t\t\t\t<div class=\"elementor-widget-container\">\n\t\t\t\t\t\t\t\t\t<div class=\"elementor-button-wrapper\">\n\t\t\t\t\t<a class=\"elementor-button elementor-button-link elementor-size-sm\" href=\"\/fr\/contact\/\">\n\t\t\t\t\t\t<span class=\"elementor-button-content-wrapper\">\n\t\t\t\t\t\t\t\t\t<span class=\"elementor-button-text\">Contactez-nous<\/span>\n\t\t\t\t\t<\/span>\n\t\t\t\t\t<\/a>\n\t\t\t\t<\/div>\n\t\t\t\t\t\t\t\t<\/div>\n\t\t\t\t<\/div>\n\t\t\t\t<div class=\"elementor-element elementor-element-7a2b448 elementor-widget elementor-widget-text-editor\" data-id=\"7a2b448\" data-element_type=\"widget\" data-e-type=\"widget\" data-widget_type=\"text-editor.default\">\n\t\t\t\t<div class=\"elementor-widget-container\">\n\t\t\t\t\t\t\t\t\t<p>Pour les surfaces n\u00e9cessitant un traitement particulier car tr\u00e8s grasses, comme les fours, les cuisini\u00e8res, les hottes et les carreaux de cuisine, le d\u00e9graissant DHP-100 de DERMO sera l&#039;option id\u00e9ale.<\/p><p>Peu importe ce que vous attendez de votre d\u00e9graissant, chez DERMO nous avons un produit adapt\u00e9 \u00e0 vos besoins. Nous sommes une entreprise familiale avec une forte culture de l\u2019effort et un grand enthousiasme pour l\u2019am\u00e9lioration. Nous cr\u00e9ons des produits sur mesure qui sont personnalis\u00e9s selon les besoins des clients.<\/p><p>Si vous souhaitez plus d&#039;informations sur ce produit ou lire ses caract\u00e9ristiques techniques, vous pouvez visiter notre site Web et nous contacter en remplissant le formulaire de contact avec vos coordonn\u00e9es, en envoyant un e-mail \u00e0\u00a0<a href=\"mailto:dermo@dermo.com\">dermo@dermo.com<\/a>\u00a0ou en appelant le 937 13 35 00<\/p>\t\t\t\t\t\t\t\t<\/div>\n\t\t\t\t<\/div>\n\t\t\t\t\t<\/div>\n\t\t<\/div>\n\t\t\t\t\t<\/div>\n\t\t<\/section>\n\t\t\t\t<section class=\"elementor-section elementor-top-section elementor-element elementor-element-f4d361d elementor-section-full_width elementor-section-height-default elementor-section-height-default elementor-invisible\" data-id=\"f4d361d\" data-element_type=\"section\" data-e-type=\"section\" data-settings=\"{&quot;animation&quot;:&quot;slideInUp&quot;}\">\n\t\t\t\t\t\t<div class=\"elementor-container elementor-column-gap-default\">\n\t\t\t\t\t<div class=\"elementor-column elementor-col-100 elementor-top-column elementor-element elementor-element-413c71a\" data-id=\"413c71a\" data-element_type=\"column\" data-e-type=\"column\">\n\t\t\t<div class=\"elementor-widget-wrap elementor-element-populated\">\n\t\t\t\t\t\t<div class=\"elementor-element elementor-element-e3f052a elementor-widget elementor-widget-google_maps\" data-id=\"e3f052a\" data-element_type=\"widget\" data-e-type=\"widget\" data-widget_type=\"google_maps.default\">\n\t\t\t\t<div class=\"elementor-widget-container\">\n\t\t\t\t\t\t\t<div class=\"elementor-custom-embed\">\n\t\t\t<iframe loading=\"lazy\"\n\t\t\t\t\tsrc=\"https:\/\/maps.google.com\/maps?q=C%2F%20Pintor%20Joan%20Miro%2C%2016.%20Pol.%20Ind.%20Can%20Humet%20de%20Dalt%2C%2008213%20Poliny%C3%A0.%20Barcelona&#038;t=m&#038;z=15&#038;output=embed&#038;iwloc=near\"\n\t\t\t\t\ttitle=\"C\/ Pintor Joan Miro, 16. Pol. Ind. Can Humet de Dalt, 08213 Poliny\u00e0. Barcelone\"\n\t\t\t\t\taria-label=\"C\/ Pintor Joan Miro, 16. Pol. Ind. Can Humet de Dalt, 08213 Poliny\u00e0. Barcelone\"\n\t\t\t><\/iframe>\n\t\t<\/div>\n\t\t\t\t\t\t<\/div>\n\t\t\t\t<\/div>\n\t\t\t\t\t<\/div>\n\t\t<\/div>\n\t\t\t\t\t<\/div>\n\t\t<\/section>\n\t\t\t\t<\/div>","protected":false},"excerpt":{"rendered":"<p>D\u00e9graissant\u00a0: un d\u00e9graissant est un nettoyant con\u00e7u pour \u00e9liminer la graisse, l\u2019huile et autres contaminants. Son but est d\u2019\u00e9liminer la salet\u00e9 rapidement et sans effort. Les nettoyants d\u00e9graissants peuvent \u00e9liminer l\u2019huile, la graisse, la rouille et les contaminants de divers \u00e9quipements. C\u2019est pourquoi un d\u00e9graissant peut avoir diff\u00e9rentes utilisations et \u00eatre cr\u00e9\u00e9\u2026&nbsp;<a href=\"https:\/\/dermo.com\/fr\/degraissant-7\/\" rel=\"bookmark\">En savoir plus &quot;<span class=\"screen-reader-text\">D\u00e9graissant<\/span><\/a><\/p>","protected":false},"author":2,"featured_media":0,"parent":0,"menu_order":0,"comment_status":"closed","ping_status":"closed","template":"page-templates\/template-pagebuilder-full-width.php","meta":{"neve_meta_sidebar":"","neve_meta_container":"","neve_meta_enable_content_width":"","neve_meta_content_width":0,"neve_meta_title_alignment":"","neve_meta_author_avatar":"","neve_post_elements_order":"","neve_meta_disable_header":"","neve_meta_disable_footer":"","neve_meta_disable_title":"","footnotes":""},"class_list":["post-12645","page","type-page","status-publish","hentry"],"yoast_head":"<!-- This site is optimized with the Yoast SEO plugin v27.0 - https:\/\/yoast.com\/product\/yoast-seo-wordpress\/ -->\n<title>Desengrasante - Dermo | F\u00e1brica de detergentes<\/title>\n<meta name=\"robots\" content=\"index, follow, max-snippet:-1, max-image-preview:large, max-video-preview:-1\" \/>\n<link rel=\"canonical\" href=\"https:\/\/dermo.com\/fr\/degraissant-7\/\" \/>\n<meta property=\"og:locale\" content=\"fr_FR\" \/>\n<meta property=\"og:type\" content=\"article\" \/>\n<meta property=\"og:title\" content=\"Desengrasante - Dermo | F\u00e1brica de detergentes\" \/>\n<meta property=\"og:description\" content=\"Desengrasante Un desengrasante es un limpiador dise\u00f1ado para eliminar grasa, aceites, entre otros agentes contaminantes. El objetivo de un desengrasante es eliminar la suciedad r\u00e1pidamente, con el menor esfuerzo. Los limpiadores desengrasantes pueden limpiar aceite, grasa, \u00f3xidos y la contaminaci\u00f3n de distintos equipos y por esto un desengrasante puede tener distintos usos y ser creados&hellip;&nbsp;Lire la suite &raquo;Desengrasante\" \/>\n<meta property=\"og:url\" content=\"https:\/\/dermo.com\/fr\/degraissant-7\/\" \/>\n<meta property=\"og:site_name\" content=\"Dermo | F\u00e1brica de detergentes\" \/>\n<meta property=\"article:modified_time\" content=\"2025-02-19T10:27:34+00:00\" \/>\n<meta property=\"og:image\" content=\"https:\/\/dermo.com\/wp-content\/uploads\/2025\/01\/Diseno-sin-titulo-1-1024x576.jpg\" \/>\n<meta name=\"twitter:card\" content=\"summary_large_image\" \/>\n<meta name=\"twitter:label1\" content=\"Dur\u00e9e de lecture estim\u00e9e\" \/>\n\t<meta name=\"twitter:data1\" content=\"3 minutes\" \/>\n<script type=\"application\/ld+json\" class=\"yoast-schema-graph\">{\"@context\":\"https:\/\/schema.org\",\"@graph\":[{\"@type\":\"WebPage\",\"@id\":\"https:\/\/dermo.com\/desengrasante-7\/\",\"url\":\"https:\/\/dermo.com\/desengrasante-7\/\",\"name\":\"Desengrasante - Dermo | F\u00e1brica de detergentes\",\"isPartOf\":{\"@id\":\"https:\/\/dermo.com\/#website\"},\"primaryImageOfPage\":{\"@id\":\"https:\/\/dermo.com\/desengrasante-7\/#primaryimage\"},\"image\":{\"@id\":\"https:\/\/dermo.com\/desengrasante-7\/#primaryimage\"},\"thumbnailUrl\":\"https:\/\/dermo.com\/wp-content\/uploads\/2025\/01\/Diseno-sin-titulo-1-1024x576.jpg\",\"datePublished\":\"2025-01-31T07:57:58+00:00\",\"dateModified\":\"2025-02-19T10:27:34+00:00\",\"breadcrumb\":{\"@id\":\"https:\/\/dermo.com\/desengrasante-7\/#breadcrumb\"},\"inLanguage\":\"fr-FR\",\"potentialAction\":[{\"@type\":\"ReadAction\",\"target\":[\"https:\/\/dermo.com\/desengrasante-7\/\"]}]},{\"@type\":\"ImageObject\",\"inLanguage\":\"fr-FR\",\"@id\":\"https:\/\/dermo.com\/desengrasante-7\/#primaryimage\",\"url\":\"https:\/\/dermo.com\/wp-content\/uploads\/2025\/01\/Diseno-sin-titulo-1-1024x576.jpg\",\"contentUrl\":\"https:\/\/dermo.com\/wp-content\/uploads\/2025\/01\/Diseno-sin-titulo-1-1024x576.jpg\"},{\"@type\":\"BreadcrumbList\",\"@id\":\"https:\/\/dermo.com\/desengrasante-7\/#breadcrumb\",\"itemListElement\":[{\"@type\":\"ListItem\",\"position\":1,\"name\":\"Portada\",\"item\":\"https:\/\/dermo.com\/\"},{\"@type\":\"ListItem\",\"position\":2,\"name\":\"Desengrasante\"}]},{\"@type\":\"WebSite\",\"@id\":\"https:\/\/dermo.com\/#website\",\"url\":\"https:\/\/dermo.com\/\",\"name\":\"Dermo | F\u00e1brica de detergentes\",\"description\":\"Tecnolog\u00eda avanzada, investigaci\u00f3n y desarrollo, respeto por el medio ambiente, competencia, formaci\u00f3n constante y alto nivel de profesionalidad en nuestro equipo humano, empe\u00f1ado en preservar la calidad de vida, la protecci\u00f3n del entorno natural contin\u00faan motiv\u00e1ndonos para desarrollar en nuestros laboratorios nuevos productos con ingredientes activos altamente biodegradables que hacen posible un desarrollo sostenible.\",\"potentialAction\":[{\"@type\":\"SearchAction\",\"target\":{\"@type\":\"EntryPoint\",\"urlTemplate\":\"https:\/\/dermo.com\/?s={search_term_string}\"},\"query-input\":{\"@type\":\"PropertyValueSpecification\",\"valueRequired\":true,\"valueName\":\"search_term_string\"}}],\"inLanguage\":\"fr-FR\"}]}<\/script>\n<!-- \/ Yoast SEO plugin. -->","yoast_head_json":{"title":"D\u00e9graissant - Dermo | Usine de d\u00e9tergents","robots":{"index":"index","follow":"follow","max-snippet":"max-snippet:-1","max-image-preview":"max-image-preview:large","max-video-preview":"max-video-preview:-1"},"canonical":"https:\/\/dermo.com\/fr\/degraissant-7\/","og_locale":"fr_FR","og_type":"article","og_title":"Desengrasante - Dermo | F\u00e1brica de detergentes","og_description":"Desengrasante Un desengrasante es un limpiador dise\u00f1ado para eliminar grasa, aceites, entre otros agentes contaminantes. El objetivo de un desengrasante es eliminar la suciedad r\u00e1pidamente, con el menor esfuerzo. Los limpiadores desengrasantes pueden limpiar aceite, grasa, \u00f3xidos y la contaminaci\u00f3n de distintos equipos y por esto un desengrasante puede tener distintos usos y ser creados&hellip;&nbsp;Lire la suite &raquo;Desengrasante","og_url":"https:\/\/dermo.com\/fr\/degraissant-7\/","og_site_name":"Dermo | F\u00e1brica de detergentes","article_modified_time":"2025-02-19T10:27:34+00:00","og_image":[{"url":"https:\/\/dermo.com\/wp-content\/uploads\/2025\/01\/Diseno-sin-titulo-1-1024x576.jpg","type":"","width":"","height":""}],"twitter_card":"summary_large_image","twitter_misc":{"Dur\u00e9e de lecture estim\u00e9e":"3 minutes"},"schema":{"@context":"https:\/\/schema.org","@graph":[{"@type":"WebPage","@id":"https:\/\/dermo.com\/desengrasante-7\/","url":"https:\/\/dermo.com\/desengrasante-7\/","name":"D\u00e9graissant - Dermo | Usine de d\u00e9tergents","isPartOf":{"@id":"https:\/\/dermo.com\/#website"},"primaryImageOfPage":{"@id":"https:\/\/dermo.com\/desengrasante-7\/#primaryimage"},"image":{"@id":"https:\/\/dermo.com\/desengrasante-7\/#primaryimage"},"thumbnailUrl":"https:\/\/dermo.com\/wp-content\/uploads\/2025\/01\/Diseno-sin-titulo-1-1024x576.jpg","datePublished":"2025-01-31T07:57:58+00:00","dateModified":"2025-02-19T10:27:34+00:00","breadcrumb":{"@id":"https:\/\/dermo.com\/desengrasante-7\/#breadcrumb"},"inLanguage":"fr-FR","potentialAction":[{"@type":"ReadAction","target":["https:\/\/dermo.com\/desengrasante-7\/"]}]},{"@type":"ImageObject","inLanguage":"fr-FR","@id":"https:\/\/dermo.com\/desengrasante-7\/#primaryimage","url":"https:\/\/dermo.com\/wp-content\/uploads\/2025\/01\/Diseno-sin-titulo-1-1024x576.jpg","contentUrl":"https:\/\/dermo.com\/wp-content\/uploads\/2025\/01\/Diseno-sin-titulo-1-1024x576.jpg"},{"@type":"BreadcrumbList","@id":"https:\/\/dermo.com\/desengrasante-7\/#breadcrumb","itemListElement":[{"@type":"ListItem","position":1,"name":"Portada","item":"https:\/\/dermo.com\/"},{"@type":"ListItem","position":2,"name":"Desengrasante"}]},{"@type":"WebSite","@id":"https:\/\/dermo.com\/#website","url":"https:\/\/dermo.com\/","name":"Dermo | usine de d\u00e9tergents","description":"Technologie avanc\u00e9e, recherche et d\u00e9veloppement, respect de l&#039;environnement, comp\u00e9tence, formation constante et haut niveau de professionnalisme de notre \u00e9quipe humaine, engag\u00e9e \u00e0 pr\u00e9server la qualit\u00e9 de vie, la protection de l&#039;environnement naturel continuent de nous motiver \u00e0 d\u00e9velopper de nouveaux produits dans notre laboratoires aux principes actifs hautement biod\u00e9gradables qui rendent possible le d\u00e9veloppement durable.","potentialAction":[{"@type":"SearchAction","target":{"@type":"EntryPoint","urlTemplate":"https:\/\/dermo.com\/?s={search_term_string}"},"query-input":{"@type":"PropertyValueSpecification","valueRequired":true,"valueName":"search_term_string"}}],"inLanguage":"fr-FR"}]}},"_links":{"self":[{"href":"https:\/\/dermo.com\/fr\/wp-json\/wp\/v2\/pages\/12645","targetHints":{"allow":["GET"]}}],"collection":[{"href":"https:\/\/dermo.com\/fr\/wp-json\/wp\/v2\/pages"}],"about":[{"href":"https:\/\/dermo.com\/fr\/wp-json\/wp\/v2\/types\/page"}],"author":[{"embeddable":true,"href":"https:\/\/dermo.com\/fr\/wp-json\/wp\/v2\/users\/2"}],"replies":[{"embeddable":true,"href":"https:\/\/dermo.com\/fr\/wp-json\/wp\/v2\/comments?post=12645"}],"version-history":[{"count":7,"href":"https:\/\/dermo.com\/fr\/wp-json\/wp\/v2\/pages\/12645\/revisions"}],"predecessor-version":[{"id":13371,"href":"https:\/\/dermo.com\/fr\/wp-json\/wp\/v2\/pages\/12645\/revisions\/13371"}],"wp:attachment":[{"href":"https:\/\/dermo.com\/fr\/wp-json\/wp\/v2\/media?parent=12645"}],"curies":[{"name":"wp","href":"https:\/\/api.w.org\/{rel}","templated":true}]}}