{"id":12703,"date":"2025-01-31T09:35:44","date_gmt":"2025-01-31T08:35:44","guid":{"rendered":"https:\/\/dermo.com\/?page_id=12703"},"modified":"2025-02-19T11:32:32","modified_gmt":"2025-02-19T10:32:32","slug":"desinfectant-cuisine-5","status":"publish","type":"page","link":"https:\/\/dermo.com\/fr\/desinfectant-cuisine-5\/","title":{"rendered":"D\u00e9sinfectant pour cuisine"},"content":{"rendered":"<div data-elementor-type=\"wp-page\" data-elementor-id=\"12703\" class=\"elementor elementor-12703\" data-elementor-post-type=\"page\">\n\t\t\t\t\t\t<section class=\"elementor-section elementor-top-section elementor-element elementor-element-fb5c892 elementor-section-boxed elementor-section-height-default elementor-section-height-default\" data-id=\"fb5c892\" data-element_type=\"section\" data-e-type=\"section\" data-settings=\"{&quot;background_background&quot;:&quot;classic&quot;}\">\n\t\t\t\t\t\t\t<div class=\"elementor-background-overlay\"><\/div>\n\t\t\t\t\t\t\t<div class=\"elementor-container elementor-column-gap-default\">\n\t\t\t\t\t<div class=\"elementor-column elementor-col-100 elementor-top-column elementor-element elementor-element-1c84681\" data-id=\"1c84681\" data-element_type=\"column\" data-e-type=\"column\">\n\t\t\t<div class=\"elementor-widget-wrap elementor-element-populated\">\n\t\t\t\t\t\t\t<\/div>\n\t\t<\/div>\n\t\t\t\t\t<\/div>\n\t\t<\/section>\n\t\t\t\t<section class=\"elementor-section elementor-top-section elementor-element elementor-element-d0e221b elementor-section-boxed elementor-section-height-default elementor-section-height-default\" data-id=\"d0e221b\" data-element_type=\"section\" data-e-type=\"section\">\n\t\t\t\t\t\t<div class=\"elementor-container elementor-column-gap-default\">\n\t\t\t\t\t<div class=\"elementor-column elementor-col-100 elementor-top-column elementor-element elementor-element-6029c3c\" data-id=\"6029c3c\" data-element_type=\"column\" data-e-type=\"column\">\n\t\t\t<div class=\"elementor-widget-wrap elementor-element-populated\">\n\t\t\t\t\t\t<section class=\"elementor-section elementor-inner-section elementor-element elementor-element-490c25f elementor-section-content-middle elementor-section-boxed elementor-section-height-default elementor-section-height-default\" data-id=\"490c25f\" data-element_type=\"section\" data-e-type=\"section\">\n\t\t\t\t\t\t<div class=\"elementor-container elementor-column-gap-default\">\n\t\t\t\t\t<div class=\"elementor-column elementor-col-50 elementor-inner-column elementor-element elementor-element-89eb594\" data-id=\"89eb594\" data-element_type=\"column\" data-e-type=\"column\">\n\t\t\t<div class=\"elementor-widget-wrap elementor-element-populated\">\n\t\t\t\t\t\t<div class=\"elementor-element elementor-element-58853b3 elementor-widget elementor-widget-text-editor\" data-id=\"58853b3\" data-element_type=\"widget\" data-e-type=\"widget\" data-widget_type=\"text-editor.default\">\n\t\t\t\t<div class=\"elementor-widget-container\">\n\t\t\t\t\t\t\t\t\t<div id=\"lipsum\"><h2><strong>D\u00e9sinfectant pour cuisine<\/strong><\/h2><p>Chez Dermo, nous vous proposons un large catalogue de produits de nettoyage professionnels con\u00e7us pour couvrir les diff\u00e9rents besoins pr\u00e9sent\u00e9s par chacun des secteurs d&#039;activit\u00e9 dont nous sommes fournisseurs, tels que :\u00a0<strong>d\u00e9sinfectant\u00a0<\/strong>de<strong>\u00a0cuisine<\/strong>\u00a0pour le secteur de l&#039;h\u00f4tellerie.<\/p><p>Chez Dermo vous trouverez une\u00a0<strong>d\u00e9sinfectant\u00a0<\/strong>de<strong>\u00a0cuisine<\/strong>\u00a0professionnel enti\u00e8rement pr\u00e9par\u00e9 pour une utilisation dans le secteur alimentaire, car il dispose d&#039;un enregistrement HA, parmi de nombreux autres nettoyants adapt\u00e9s au nettoyage et \u00e0 la d\u00e9sinfection de tous types de surfaces.<\/p><p>L\u2019une de nos derni\u00e8res innovations est le DL 21 Viricide, un d\u00e9sinfectant de cuisine que vous pouvez \u00e9galement utiliser sur d\u2019autres types de surfaces. C&#039;est un produit qui figure sur la liste officielle des viricides autoris\u00e9s par le minist\u00e8re de la Sant\u00e9 d&#039;Espagne et qui est particuli\u00e8rement recommand\u00e9 pour le nettoyage des ustensiles de cuisine, des plans de travail de cuisine, des appareils \u00e9lectrom\u00e9nagers, des poubelles, etc. Il peut \u00e9galement \u00eatre utilis\u00e9 dans les toilettes et sur tous types d&#039;objets et de surfaces.<\/p><\/div>\t\t\t\t\t\t\t\t<\/div>\n\t\t\t\t<\/div>\n\t\t\t\t\t<\/div>\n\t\t<\/div>\n\t\t\t\t<div class=\"elementor-column elementor-col-50 elementor-inner-column elementor-element elementor-element-1a7ef2e elementor-invisible\" data-id=\"1a7ef2e\" data-element_type=\"column\" data-e-type=\"column\" data-settings=\"{&quot;animation&quot;:&quot;bounceInRight&quot;}\">\n\t\t\t<div class=\"elementor-widget-wrap elementor-element-populated\">\n\t\t\t\t\t\t<div class=\"elementor-element elementor-element-439f13c elementor-widget elementor-widget-elementskit-contact-form7\" data-id=\"439f13c\" data-element_type=\"widget\" data-e-type=\"widget\" data-widget_type=\"elementskit-contact-form7.default\">\n\t\t\t\t<div class=\"elementor-widget-container\">\n\t\t\t\t\t<div class=\"ekit-wid-con\" ><div class=\"ekit-form\">\n<div class=\"wpcf7 no-js\" id=\"wpcf7-f13292-p12703-o1\" lang=\"es-ES\" dir=\"ltr\" data-wpcf7-id=\"13292\">\n<div class=\"screen-reader-response\"><p role=\"status\" aria-live=\"polite\" aria-atomic=\"true\"><\/p> <ul><\/ul><\/div>\n<form action=\"\/fr\/desinfectant-cuisine-5\/#wpcf7-f13292-p12703-o1\" method=\"post\" class=\"wpcf7-form init\" aria-label=\"Formulario de contacto\" novalidate=\"novalidate\" data-status=\"init\" data-no-translation-aria-label=\"\" data-trp-original-action=\"\/fr\/desinfectante-cocina-5\/#wpcf7-f13292-p12703-o1\">\n<fieldset class=\"hidden-fields-container\"><input type=\"hidden\" name=\"_wpcf7\" value=\"13292\" \/><input type=\"hidden\" name=\"_wpcf7_version\" value=\"6.1.5\" \/><input type=\"hidden\" name=\"_wpcf7_locale\" value=\"es_ES\" \/><input type=\"hidden\" name=\"_wpcf7_unit_tag\" value=\"wpcf7-f13292-p12703-o1\" \/><input type=\"hidden\" name=\"_wpcf7_container_post\" value=\"12703\" \/><input type=\"hidden\" name=\"_wpcf7_posted_data_hash\" value=\"\" \/><input type=\"hidden\" name=\"_wpcf7_recaptcha_response\" value=\"\" \/>\n<\/fieldset>\n<div style=\"display: flex; gap: 10px;\">\n\t<div style=\"width: 50%;\">\n\t\t<p><span class=\"wpcf7-form-control-wrap\" data-name=\"your-name\"><input size=\"40\" maxlength=\"400\" class=\"wpcf7-form-control wpcf7-text wpcf7-validates-as-required\" aria-required=\"true\" aria-invalid=\"false\" placeholder=\"Nom\" value=\"\" type=\"text\" name=\"your-name\" \/><\/span>\n\t\t<\/p>\n\t<\/div>\n\t<div style=\"width: 50%;\">\n\t\t<p><span class=\"wpcf7-form-control-wrap\" data-name=\"your-phone\"><input size=\"40\" maxlength=\"400\" class=\"wpcf7-form-control wpcf7-tel wpcf7-validates-as-required wpcf7-text wpcf7-validates-as-tel\" aria-required=\"true\" aria-invalid=\"false\" placeholder=\"T\u00e9l\u00e9phone\" value=\"\" type=\"tel\" name=\"your-phone\" \/><\/span>\n\t\t<\/p>\n\t<\/div>\n<\/div>\n<p><span class=\"wpcf7-form-control-wrap\" data-name=\"your-email\"><input size=\"40\" maxlength=\"400\" class=\"wpcf7-form-control wpcf7-email wpcf7-validates-as-required wpcf7-text wpcf7-validates-as-email\" aria-required=\"true\" aria-invalid=\"false\" placeholder=\"E-mail\" value=\"\" type=\"email\" name=\"your-email\" \/><\/span>\n<\/p>\n<div style=\"display: flex; gap: 10px;\">\n\t<div style=\"width: 50%;\">\n\t\t<p><span class=\"wpcf7-form-control-wrap\" data-name=\"your-country\"><input size=\"40\" maxlength=\"400\" class=\"wpcf7-form-control wpcf7-text wpcf7-validates-as-required\" aria-required=\"true\" aria-invalid=\"false\" placeholder=\"Pays\" value=\"\" type=\"text\" name=\"your-country\" \/><\/span>\n\t\t<\/p>\n\t<\/div>\n\t<div style=\"width: 50%;\">\n\t\t<p><span class=\"wpcf7-form-control-wrap\" data-name=\"your-city\"><input size=\"40\" maxlength=\"400\" class=\"wpcf7-form-control wpcf7-text wpcf7-validates-as-required\" aria-required=\"true\" aria-invalid=\"false\" placeholder=\"Population\" value=\"\" type=\"text\" name=\"your-city\" \/><\/span>\n\t\t<\/p>\n\t<\/div>\n<\/div>\n<p><span class=\"wpcf7-form-control-wrap\" data-name=\"your-subject\"><select class=\"wpcf7-form-control wpcf7-select\" aria-invalid=\"false\" name=\"your-subject\"><option value=\"Quiero ser distribuidor\">Je veux \u00eatre distributeur<\/option><option value=\"Presupuesto\">Budget<\/option><option value=\"Consulta\">Consultation<\/option><option value=\"Sugerencia\">Suggestion<\/option><option value=\"Otros\">Autres<\/option><\/select><\/span>\n<\/p>\n<p><span class=\"wpcf7-form-control-wrap\" data-name=\"your-message\"><textarea cols=\"40\" rows=\"10\" maxlength=\"2000\" class=\"wpcf7-form-control wpcf7-textarea\" aria-invalid=\"false\" placeholder=\"Message ou demande\" name=\"your-message\"><\/textarea><\/span>\n<\/p>\n<div style=\"display: flex; align-items: center; gap: 10px;\">\n\t<p><span class=\"wpcf7-form-control-wrap\" data-name=\"privacy-policy\"><span class=\"wpcf7-form-control wpcf7-acceptance\"><span class=\"wpcf7-list-item\"><input type=\"checkbox\" name=\"privacy-policy\" value=\"1\" aria-invalid=\"false\" \/><\/span><\/span><\/span><label for=\"privacy-policy\" style=\"margin-left: 5px;\">J&#039;ai lu et accept\u00e9 la politique de confidentialit\u00e9.<\/label>\n\t<\/p>\n<\/div>\n<div style=\"display: flex; align-items: center; gap: 10px;\">\n\t<p><span class=\"wpcf7-form-control-wrap\" data-name=\"send-info\"><span class=\"wpcf7-form-control wpcf7-acceptance\"><span class=\"wpcf7-list-item\"><input type=\"checkbox\" name=\"send-info\" value=\"1\" aria-invalid=\"false\" \/><\/span><\/span><\/span><label for=\"send-info\" style=\"margin-left: 5px;\">J&#039;accepte de recevoir des informations.<\/label>\n\t<\/p>\n<\/div>\n<p><input class=\"wpcf7-form-control wpcf7-submit has-spinner\" type=\"submit\" value=\"Envoyer\" \/>\n<\/p><div class=\"wpcf7-response-output\" aria-hidden=\"true\"><\/div>\n<input type=\"hidden\" name=\"trp-form-language\" value=\"fr\"\/><\/form>\n<\/div>\n<\/div><\/div>\t\t\t\t<\/div>\n\t\t\t\t<\/div>\n\t\t\t\t\t<\/div>\n\t\t<\/div>\n\t\t\t\t\t<\/div>\n\t\t<\/section>\n\t\t\t\t<div class=\"elementor-element elementor-element-cf51b8b elementor-widget elementor-widget-image\" data-id=\"cf51b8b\" data-element_type=\"widget\" data-e-type=\"widget\" data-widget_type=\"image.default\">\n\t\t\t\t<div class=\"elementor-widget-container\">\n\t\t\t\t\t\t\t\t\t\t\t\t\t\t\t<img fetchpriority=\"high\" decoding=\"async\" width=\"1024\" height=\"576\" src=\"https:\/\/dermo.com\/wp-content\/uploads\/2025\/01\/Diseno-sin-titulo-1-2-1024x576.jpg\" class=\"attachment-large size-large wp-image-12665\" alt=\"\" srcset=\"https:\/\/dermo.com\/wp-content\/uploads\/2025\/01\/Diseno-sin-titulo-1-2-1024x576.jpg 1024w, https:\/\/dermo.com\/wp-content\/uploads\/2025\/01\/Diseno-sin-titulo-1-2-300x169.jpg 300w, https:\/\/dermo.com\/wp-content\/uploads\/2025\/01\/Diseno-sin-titulo-1-2-768x432.jpg 768w, https:\/\/dermo.com\/wp-content\/uploads\/2025\/01\/Diseno-sin-titulo-1-2-1536x864.jpg 1536w, https:\/\/dermo.com\/wp-content\/uploads\/2025\/01\/Diseno-sin-titulo-1-2-18x10.jpg 18w, https:\/\/dermo.com\/wp-content\/uploads\/2025\/01\/Diseno-sin-titulo-1-2-600x338.jpg 600w, https:\/\/dermo.com\/wp-content\/uploads\/2025\/01\/Diseno-sin-titulo-1-2.jpg 1920w\" sizes=\"(max-width: 1024px) 100vw, 1024px\" \/>\t\t\t\t\t\t\t\t\t\t\t\t\t\t\t<\/div>\n\t\t\t\t<\/div>\n\t\t\t\t<div class=\"elementor-element elementor-element-6b59113 elementor-widget elementor-widget-text-editor\" data-id=\"6b59113\" data-element_type=\"widget\" data-e-type=\"widget\" data-widget_type=\"text-editor.default\">\n\t\t\t\t<div class=\"elementor-widget-container\">\n\t\t\t\t\t\t\t\t\t<div id=\"lipsum\"><p>La gamme de d\u00e9sinfectants, bact\u00e9ricides et fongicides que nous vous pr\u00e9sentons chez Dermo est homologu\u00e9e HA, notamment pour l&#039;hygi\u00e8ne alimentaire, ils sont test\u00e9s et sont tr\u00e8s efficaces sur les surfaces sales, se diff\u00e9renciant des autres types de d\u00e9sinfectants conventionnels, car nos d\u00e9sinfectants nettoient et d\u00e9sinfectent en une seule op\u00e9ration en toute s\u00e9curit\u00e9.<\/p><p>Trouvez votre\u00a0<strong>d\u00e9sinfectant\u00a0<\/strong>de<strong>\u00a0cuisine<\/strong>\u00a0id\u00e9al pour Dermo et permet une d\u00e9sinfection s\u00fbre avec un temps de contact r\u00e9duit. Vous pouvez trouver des options telles que\u00a0:<\/p><p>DL 21 Acibac est un autre des d\u00e9sinfectants que nous avons chez Dermo, un nettoyant acide formul\u00e9 pour le nettoyage et la d\u00e9sinfection complets des surfaces et ustensiles hautement contamin\u00e9s dans l&#039;industrie alimentaire, l&#039;h\u00f4tellerie ou les grandes collectivit\u00e9s.<\/p><p>DL 21 Clorbac est un autre nettoyant, dans ce cas il est alcalin chlor\u00e9, et poss\u00e8de un grand pouvoir d\u00e9sinfectant et d\u00e9tergent pour agir contre les prot\u00e9ines, les graisses ou les restes organiques et a \u00e9t\u00e9 con\u00e7u pour nettoyer et d\u00e9sinfecter en une seule op\u00e9ration les surfaces et ustensiles hautement contamin\u00e9s dans l&#039;industrie brassicole, l&#039;industrie laiti\u00e8re, les abattoirs, etc.<\/p><p>DL 21 Fungibac, quant \u00e0 lui, est un produit \u00e0 haute concentration en principes actifs et est formul\u00e9 pour \u00eatre utilis\u00e9 dans le nettoyage et la d\u00e9sinfection complets au contact de surfaces et d&#039;ustensiles hautement contamin\u00e9s dans l&#039;industrie alimentaire.<\/p><h3><strong>D\u00e9couvrez la puissance d&#039;un nettoyage impeccable avec nos d\u00e9tergents de qualit\u00e9 sup\u00e9rieure !<\/strong><\/h3><p>Vous recherchez des solutions de nettoyage efficaces et respectueuses de l&#039;environnement ? Ne cherchez plus ! Transformez la t\u00e2che quotidienne de nettoyage en une exp\u00e9rience facile et efficace.<\/p><\/div>\t\t\t\t\t\t\t\t<\/div>\n\t\t\t\t<\/div>\n\t\t\t\t<div class=\"elementor-element elementor-element-b066e73 elementor-widget elementor-widget-button\" data-id=\"b066e73\" data-element_type=\"widget\" data-e-type=\"widget\" data-widget_type=\"button.default\">\n\t\t\t\t<div class=\"elementor-widget-container\">\n\t\t\t\t\t\t\t\t\t<div class=\"elementor-button-wrapper\">\n\t\t\t\t\t<a class=\"elementor-button elementor-button-link elementor-size-sm\" href=\"\/fr\/contact\/\">\n\t\t\t\t\t\t<span class=\"elementor-button-content-wrapper\">\n\t\t\t\t\t\t\t\t\t<span class=\"elementor-button-text\">Contactez-nous<\/span>\n\t\t\t\t\t<\/span>\n\t\t\t\t\t<\/a>\n\t\t\t\t<\/div>\n\t\t\t\t\t\t\t\t<\/div>\n\t\t\t\t<\/div>\n\t\t\t\t<div class=\"elementor-element elementor-element-a5e39af elementor-widget elementor-widget-text-editor\" data-id=\"a5e39af\" data-element_type=\"widget\" data-e-type=\"widget\" data-widget_type=\"text-editor.default\">\n\t\t\t\t<div class=\"elementor-widget-container\">\n\t\t\t\t\t\t\t\t\t<p>Chez Dermo, en tant que sp\u00e9cialistes dans la fabrication et le d\u00e9veloppement de tous types de produits de nettoyage professionnels, nous pouvons vous conseiller et vous aider \u00e0 choisir le meilleur.\u00a0<strong>d\u00e9sinfectant<\/strong>\u00a0de\u00a0<strong>cuisine<\/strong>. En fait, nous pouvons devenir votre meilleur fournisseur de confiance, afin que vous disposiez de tous les produits sp\u00e9cifiques dont vous avez besoin pour votre entreprise. Si vous travaillez dans le secteur de l&#039;h\u00f4tellerie, n&#039;h\u00e9sitez pas \u00e0 nous contacter. Nous serons heureux de vous aider et de vous proposer des produits sp\u00e9cifiques et hautement concentr\u00e9s, afin que vous puissiez nettoyer et d\u00e9sinfecter tout type de surface de la mani\u00e8re la plus s\u00fbre et la plus appropri\u00e9e possible.<\/p>\t\t\t\t\t\t\t\t<\/div>\n\t\t\t\t<\/div>\n\t\t\t\t\t<\/div>\n\t\t<\/div>\n\t\t\t\t\t<\/div>\n\t\t<\/section>\n\t\t\t\t<section class=\"elementor-section elementor-top-section elementor-element elementor-element-5719d48 elementor-section-full_width elementor-section-height-default elementor-section-height-default elementor-invisible\" data-id=\"5719d48\" data-element_type=\"section\" data-e-type=\"section\" data-settings=\"{&quot;animation&quot;:&quot;slideInUp&quot;}\">\n\t\t\t\t\t\t<div class=\"elementor-container elementor-column-gap-default\">\n\t\t\t\t\t<div class=\"elementor-column elementor-col-100 elementor-top-column elementor-element elementor-element-64b57f0\" data-id=\"64b57f0\" data-element_type=\"column\" data-e-type=\"column\">\n\t\t\t<div class=\"elementor-widget-wrap elementor-element-populated\">\n\t\t\t\t\t\t<div class=\"elementor-element elementor-element-05de126 elementor-widget elementor-widget-google_maps\" data-id=\"05de126\" data-element_type=\"widget\" data-e-type=\"widget\" data-widget_type=\"google_maps.default\">\n\t\t\t\t<div class=\"elementor-widget-container\">\n\t\t\t\t\t\t\t<div class=\"elementor-custom-embed\">\n\t\t\t<iframe loading=\"lazy\"\n\t\t\t\t\tsrc=\"https:\/\/maps.google.com\/maps?q=C%2F%20Pintor%20Joan%20Miro%2C%2016.%20Pol.%20Ind.%20Can%20Humet%20de%20Dalt%2C%2008213%20Poliny%C3%A0.%20Barcelona&#038;t=m&#038;z=15&#038;output=embed&#038;iwloc=near\"\n\t\t\t\t\ttitle=\"C\/ Pintor Joan Miro, 16. Pol. Ind. Can Humet de Dalt, 08213 Poliny\u00e0. Barcelone\"\n\t\t\t\t\taria-label=\"C\/ Pintor Joan Miro, 16. Pol. Ind. Can Humet de Dalt, 08213 Poliny\u00e0. Barcelone\"\n\t\t\t><\/iframe>\n\t\t<\/div>\n\t\t\t\t\t\t<\/div>\n\t\t\t\t<\/div>\n\t\t\t\t\t<\/div>\n\t\t<\/div>\n\t\t\t\t\t<\/div>\n\t\t<\/section>\n\t\t\t\t<\/div>","protected":false},"excerpt":{"rendered":"<p>D\u00e9sinfectant pour cuisine. Chez Dermo, nous proposons un large catalogue de produits de nettoyage professionnels con\u00e7us pour r\u00e9pondre aux besoins vari\u00e9s de chaque secteur d&#039;activit\u00e9, notamment pour le secteur de l&#039;h\u00f4tellerie-restauration. Chez Dermo, vous trouverez un d\u00e9sinfectant professionnel pour cuisine, parfaitement adapt\u00e9 \u00e0\u2026&nbsp;<a href=\"https:\/\/dermo.com\/fr\/desinfectant-cuisine-5\/\" rel=\"bookmark\">En savoir plus &quot;<span class=\"screen-reader-text\">D\u00e9sinfectant pour cuisine<\/span><\/a><\/p>","protected":false},"author":2,"featured_media":0,"parent":0,"menu_order":0,"comment_status":"closed","ping_status":"closed","template":"page-templates\/template-pagebuilder-full-width.php","meta":{"neve_meta_sidebar":"","neve_meta_container":"","neve_meta_enable_content_width":"","neve_meta_content_width":0,"neve_meta_title_alignment":"","neve_meta_author_avatar":"","neve_post_elements_order":"","neve_meta_disable_header":"","neve_meta_disable_footer":"","neve_meta_disable_title":"","footnotes":""},"class_list":["post-12703","page","type-page","status-publish","hentry"],"yoast_head":"<!-- This site is optimized with the Yoast SEO plugin v27.0 - https:\/\/yoast.com\/product\/yoast-seo-wordpress\/ -->\n<title>Desinfectante cocina - Dermo | F\u00e1brica de detergentes<\/title>\n<meta name=\"robots\" content=\"index, follow, max-snippet:-1, max-image-preview:large, max-video-preview:-1\" \/>\n<link rel=\"canonical\" href=\"https:\/\/dermo.com\/fr\/desinfectant-cuisine-5\/\" \/>\n<meta property=\"og:locale\" content=\"fr_FR\" \/>\n<meta property=\"og:type\" content=\"article\" \/>\n<meta property=\"og:title\" content=\"Desinfectante cocina - Dermo | F\u00e1brica de detergentes\" \/>\n<meta property=\"og:description\" content=\"Desinfectante cocina En Dermo te ofrecemos un amplio cat\u00e1logo de productos de limpieza profesional dise\u00f1ados para cubrir las distintas necesidades que presentan cada uno de los sectores empresariales de los que somos proveedores, como puede ser el\u00a0desinfectante\u00a0de\u00a0cocina\u00a0para el sector de la hosteler\u00eda. En Dermo vas a encontrar un\u00a0desinfectante\u00a0de\u00a0cocina\u00a0profesional completamente preparado para ser utilizado en el&hellip;&nbsp;Lire la suite &raquo;Desinfectante cocina\" \/>\n<meta property=\"og:url\" content=\"https:\/\/dermo.com\/fr\/desinfectant-cuisine-5\/\" \/>\n<meta property=\"og:site_name\" content=\"Dermo | F\u00e1brica de detergentes\" \/>\n<meta property=\"article:modified_time\" content=\"2025-02-19T10:32:32+00:00\" \/>\n<meta property=\"og:image\" content=\"https:\/\/dermo.com\/wp-content\/uploads\/2025\/01\/Diseno-sin-titulo-1-2-1024x576.jpg\" \/>\n<meta name=\"twitter:card\" content=\"summary_large_image\" \/>\n<meta name=\"twitter:label1\" content=\"Dur\u00e9e de lecture estim\u00e9e\" \/>\n\t<meta name=\"twitter:data1\" content=\"3 minutes\" \/>\n<script type=\"application\/ld+json\" class=\"yoast-schema-graph\">{\"@context\":\"https:\/\/schema.org\",\"@graph\":[{\"@type\":\"WebPage\",\"@id\":\"https:\/\/dermo.com\/desinfectante-cocina-5\/\",\"url\":\"https:\/\/dermo.com\/desinfectante-cocina-5\/\",\"name\":\"Desinfectante cocina - Dermo | F\u00e1brica de detergentes\",\"isPartOf\":{\"@id\":\"https:\/\/dermo.com\/#website\"},\"primaryImageOfPage\":{\"@id\":\"https:\/\/dermo.com\/desinfectante-cocina-5\/#primaryimage\"},\"image\":{\"@id\":\"https:\/\/dermo.com\/desinfectante-cocina-5\/#primaryimage\"},\"thumbnailUrl\":\"https:\/\/dermo.com\/wp-content\/uploads\/2025\/01\/Diseno-sin-titulo-1-2-1024x576.jpg\",\"datePublished\":\"2025-01-31T08:35:44+00:00\",\"dateModified\":\"2025-02-19T10:32:32+00:00\",\"breadcrumb\":{\"@id\":\"https:\/\/dermo.com\/desinfectante-cocina-5\/#breadcrumb\"},\"inLanguage\":\"fr-FR\",\"potentialAction\":[{\"@type\":\"ReadAction\",\"target\":[\"https:\/\/dermo.com\/desinfectante-cocina-5\/\"]}]},{\"@type\":\"ImageObject\",\"inLanguage\":\"fr-FR\",\"@id\":\"https:\/\/dermo.com\/desinfectante-cocina-5\/#primaryimage\",\"url\":\"https:\/\/dermo.com\/wp-content\/uploads\/2025\/01\/Diseno-sin-titulo-1-2-1024x576.jpg\",\"contentUrl\":\"https:\/\/dermo.com\/wp-content\/uploads\/2025\/01\/Diseno-sin-titulo-1-2-1024x576.jpg\"},{\"@type\":\"BreadcrumbList\",\"@id\":\"https:\/\/dermo.com\/desinfectante-cocina-5\/#breadcrumb\",\"itemListElement\":[{\"@type\":\"ListItem\",\"position\":1,\"name\":\"Portada\",\"item\":\"https:\/\/dermo.com\/\"},{\"@type\":\"ListItem\",\"position\":2,\"name\":\"Desinfectante cocina\"}]},{\"@type\":\"WebSite\",\"@id\":\"https:\/\/dermo.com\/#website\",\"url\":\"https:\/\/dermo.com\/\",\"name\":\"Dermo | F\u00e1brica de detergentes\",\"description\":\"Tecnolog\u00eda avanzada, investigaci\u00f3n y desarrollo, respeto por el medio ambiente, competencia, formaci\u00f3n constante y alto nivel de profesionalidad en nuestro equipo humano, empe\u00f1ado en preservar la calidad de vida, la protecci\u00f3n del entorno natural contin\u00faan motiv\u00e1ndonos para desarrollar en nuestros laboratorios nuevos productos con ingredientes activos altamente biodegradables que hacen posible un desarrollo sostenible.\",\"potentialAction\":[{\"@type\":\"SearchAction\",\"target\":{\"@type\":\"EntryPoint\",\"urlTemplate\":\"https:\/\/dermo.com\/?s={search_term_string}\"},\"query-input\":{\"@type\":\"PropertyValueSpecification\",\"valueRequired\":true,\"valueName\":\"search_term_string\"}}],\"inLanguage\":\"fr-FR\"}]}<\/script>\n<!-- \/ Yoast SEO plugin. -->","yoast_head_json":{"title":"D\u00e9sinfectant pour cuisine - Dermo | Usine de d\u00e9tergents","robots":{"index":"index","follow":"follow","max-snippet":"max-snippet:-1","max-image-preview":"max-image-preview:large","max-video-preview":"max-video-preview:-1"},"canonical":"https:\/\/dermo.com\/fr\/desinfectant-cuisine-5\/","og_locale":"fr_FR","og_type":"article","og_title":"Desinfectante cocina - Dermo | F\u00e1brica de detergentes","og_description":"Desinfectante cocina En Dermo te ofrecemos un amplio cat\u00e1logo de productos de limpieza profesional dise\u00f1ados para cubrir las distintas necesidades que presentan cada uno de los sectores empresariales de los que somos proveedores, como puede ser el\u00a0desinfectante\u00a0de\u00a0cocina\u00a0para el sector de la hosteler\u00eda. En Dermo vas a encontrar un\u00a0desinfectante\u00a0de\u00a0cocina\u00a0profesional completamente preparado para ser utilizado en el&hellip;&nbsp;Lire la suite &raquo;Desinfectante cocina","og_url":"https:\/\/dermo.com\/fr\/desinfectant-cuisine-5\/","og_site_name":"Dermo | F\u00e1brica de detergentes","article_modified_time":"2025-02-19T10:32:32+00:00","og_image":[{"url":"https:\/\/dermo.com\/wp-content\/uploads\/2025\/01\/Diseno-sin-titulo-1-2-1024x576.jpg","type":"","width":"","height":""}],"twitter_card":"summary_large_image","twitter_misc":{"Dur\u00e9e de lecture estim\u00e9e":"3 minutes"},"schema":{"@context":"https:\/\/schema.org","@graph":[{"@type":"WebPage","@id":"https:\/\/dermo.com\/desinfectante-cocina-5\/","url":"https:\/\/dermo.com\/desinfectante-cocina-5\/","name":"D\u00e9sinfectant pour cuisine - Dermo | Usine de d\u00e9tergents","isPartOf":{"@id":"https:\/\/dermo.com\/#website"},"primaryImageOfPage":{"@id":"https:\/\/dermo.com\/desinfectante-cocina-5\/#primaryimage"},"image":{"@id":"https:\/\/dermo.com\/desinfectante-cocina-5\/#primaryimage"},"thumbnailUrl":"https:\/\/dermo.com\/wp-content\/uploads\/2025\/01\/Diseno-sin-titulo-1-2-1024x576.jpg","datePublished":"2025-01-31T08:35:44+00:00","dateModified":"2025-02-19T10:32:32+00:00","breadcrumb":{"@id":"https:\/\/dermo.com\/desinfectante-cocina-5\/#breadcrumb"},"inLanguage":"fr-FR","potentialAction":[{"@type":"ReadAction","target":["https:\/\/dermo.com\/desinfectante-cocina-5\/"]}]},{"@type":"ImageObject","inLanguage":"fr-FR","@id":"https:\/\/dermo.com\/desinfectante-cocina-5\/#primaryimage","url":"https:\/\/dermo.com\/wp-content\/uploads\/2025\/01\/Diseno-sin-titulo-1-2-1024x576.jpg","contentUrl":"https:\/\/dermo.com\/wp-content\/uploads\/2025\/01\/Diseno-sin-titulo-1-2-1024x576.jpg"},{"@type":"BreadcrumbList","@id":"https:\/\/dermo.com\/desinfectante-cocina-5\/#breadcrumb","itemListElement":[{"@type":"ListItem","position":1,"name":"Portada","item":"https:\/\/dermo.com\/"},{"@type":"ListItem","position":2,"name":"Desinfectante cocina"}]},{"@type":"WebSite","@id":"https:\/\/dermo.com\/#website","url":"https:\/\/dermo.com\/","name":"Dermo | usine de d\u00e9tergents","description":"Technologie avanc\u00e9e, recherche et d\u00e9veloppement, respect de l&#039;environnement, comp\u00e9tence, formation constante et haut niveau de professionnalisme de notre \u00e9quipe humaine, engag\u00e9e \u00e0 pr\u00e9server la qualit\u00e9 de vie, la protection de l&#039;environnement naturel continuent de nous motiver \u00e0 d\u00e9velopper de nouveaux produits dans notre laboratoires aux principes actifs hautement biod\u00e9gradables qui rendent possible le d\u00e9veloppement durable.","potentialAction":[{"@type":"SearchAction","target":{"@type":"EntryPoint","urlTemplate":"https:\/\/dermo.com\/?s={search_term_string}"},"query-input":{"@type":"PropertyValueSpecification","valueRequired":true,"valueName":"search_term_string"}}],"inLanguage":"fr-FR"}]}},"_links":{"self":[{"href":"https:\/\/dermo.com\/fr\/wp-json\/wp\/v2\/pages\/12703","targetHints":{"allow":["GET"]}}],"collection":[{"href":"https:\/\/dermo.com\/fr\/wp-json\/wp\/v2\/pages"}],"about":[{"href":"https:\/\/dermo.com\/fr\/wp-json\/wp\/v2\/types\/page"}],"author":[{"embeddable":true,"href":"https:\/\/dermo.com\/fr\/wp-json\/wp\/v2\/users\/2"}],"replies":[{"embeddable":true,"href":"https:\/\/dermo.com\/fr\/wp-json\/wp\/v2\/comments?post=12703"}],"version-history":[{"count":12,"href":"https:\/\/dermo.com\/fr\/wp-json\/wp\/v2\/pages\/12703\/revisions"}],"predecessor-version":[{"id":13401,"href":"https:\/\/dermo.com\/fr\/wp-json\/wp\/v2\/pages\/12703\/revisions\/13401"}],"wp:attachment":[{"href":"https:\/\/dermo.com\/fr\/wp-json\/wp\/v2\/media?parent=12703"}],"curies":[{"name":"wp","href":"https:\/\/api.w.org\/{rel}","templated":true}]}}