{"id":12750,"date":"2025-01-31T10:15:42","date_gmt":"2025-01-31T09:15:42","guid":{"rendered":"https:\/\/dermo.com\/?page_id=12750"},"modified":"2025-02-19T11:40:11","modified_gmt":"2025-02-19T10:40:11","slug":"detergents-detartrants-2","status":"publish","type":"page","link":"https:\/\/dermo.com\/fr\/detergents-detartrants-2\/","title":{"rendered":"D\u00e9tergents d\u00e9tartrants"},"content":{"rendered":"<div data-elementor-type=\"wp-page\" data-elementor-id=\"12750\" class=\"elementor elementor-12750\" data-elementor-post-type=\"page\">\n\t\t\t\t\t\t<section class=\"elementor-section elementor-top-section elementor-element elementor-element-a02683f elementor-section-boxed elementor-section-height-default elementor-section-height-default\" data-id=\"a02683f\" data-element_type=\"section\" data-e-type=\"section\" data-settings=\"{&quot;background_background&quot;:&quot;classic&quot;}\">\n\t\t\t\t\t\t\t<div class=\"elementor-background-overlay\"><\/div>\n\t\t\t\t\t\t\t<div class=\"elementor-container elementor-column-gap-default\">\n\t\t\t\t\t<div class=\"elementor-column elementor-col-100 elementor-top-column elementor-element elementor-element-f99dbff\" data-id=\"f99dbff\" data-element_type=\"column\" data-e-type=\"column\">\n\t\t\t<div class=\"elementor-widget-wrap elementor-element-populated\">\n\t\t\t\t\t\t\t<\/div>\n\t\t<\/div>\n\t\t\t\t\t<\/div>\n\t\t<\/section>\n\t\t\t\t<section class=\"elementor-section elementor-top-section elementor-element elementor-element-233ad3a4 elementor-section-boxed elementor-section-height-default elementor-section-height-default\" data-id=\"233ad3a4\" data-element_type=\"section\" data-e-type=\"section\">\n\t\t\t\t\t\t<div class=\"elementor-container elementor-column-gap-default\">\n\t\t\t\t\t<div class=\"elementor-column elementor-col-100 elementor-top-column elementor-element elementor-element-3244e578\" data-id=\"3244e578\" data-element_type=\"column\" data-e-type=\"column\">\n\t\t\t<div class=\"elementor-widget-wrap elementor-element-populated\">\n\t\t\t\t\t\t<section class=\"elementor-section elementor-inner-section elementor-element elementor-element-1a7040c2 elementor-section-content-middle elementor-section-boxed elementor-section-height-default elementor-section-height-default\" data-id=\"1a7040c2\" data-element_type=\"section\" data-e-type=\"section\">\n\t\t\t\t\t\t<div class=\"elementor-container elementor-column-gap-default\">\n\t\t\t\t\t<div class=\"elementor-column elementor-col-50 elementor-inner-column elementor-element elementor-element-58338543\" data-id=\"58338543\" data-element_type=\"column\" data-e-type=\"column\">\n\t\t\t<div class=\"elementor-widget-wrap elementor-element-populated\">\n\t\t\t\t\t\t<div class=\"elementor-element elementor-element-464b2e11 elementor-widget elementor-widget-text-editor\" data-id=\"464b2e11\" data-element_type=\"widget\" data-e-type=\"widget\" data-widget_type=\"text-editor.default\">\n\t\t\t\t<div class=\"elementor-widget-container\">\n\t\t\t\t\t\t\t\t\t<h2>Dermo : Fabrique de d\u00e9tergents d\u00e9tartrants<\/h2><p><strong>Dermo<\/strong>\u00a0C&#039;est une entreprise qui fabrique et fournit des produits de nettoyage, tels que :\u00a0<strong>d\u00e9tergents d\u00e9tartrants<\/strong>, qui nettoient en profondeur les surfaces. Le\u00a0<strong>d\u00e9tergents d\u00e9tartrants<\/strong>\u00a0que nous fabriquons en\u00a0<strong>Dermo<\/strong>\u00a0Ils \u00e9liminent tous types de r\u00e9sidus calcaires sur tout type de surface, qu&#039;il s&#039;agisse de sols, d&#039;\u00e9viers, de lave-vaisselle et de machines \u00e0 laver, de serpentins ou de r\u00e9sistances. Le\u00a0<strong>d\u00e9tergents d\u00e9tartrants<\/strong>\u00a0de\u00a0<strong>Dermo<\/strong>\u00a0Ils parviennent \u00e0 prolonger la dur\u00e9e de vie utile de la machine et \u00e0 \u00e9viter d&#039;\u00e9ventuels tuyaux.<\/p><p>Dans\u00a0<strong>Dermo<\/strong>, fournisseur de\u00a0<strong>d\u00e9tergents d\u00e9tartrants<\/strong>Nous vous proposons des produits biod\u00e9gradables en 90% sans phosphates ni solvants, car nous souhaitons contribuer \u00e0 la conscience environnementale et produire de mani\u00e8re durable. C&#039;est pourquoi vous pouvez \u00e9galement trouver des produits biologiques dans notre gamme appel\u00e9e Naturgreen.<\/p>\t\t\t\t\t\t\t\t<\/div>\n\t\t\t\t<\/div>\n\t\t\t\t\t<\/div>\n\t\t<\/div>\n\t\t\t\t<div class=\"elementor-column elementor-col-50 elementor-inner-column elementor-element elementor-element-15b4f01 elementor-invisible\" data-id=\"15b4f01\" data-element_type=\"column\" data-e-type=\"column\" data-settings=\"{&quot;animation&quot;:&quot;bounceInRight&quot;}\">\n\t\t\t<div class=\"elementor-widget-wrap elementor-element-populated\">\n\t\t\t\t\t\t<div class=\"elementor-element elementor-element-dce6662 elementor-widget elementor-widget-elementskit-contact-form7\" data-id=\"dce6662\" data-element_type=\"widget\" data-e-type=\"widget\" data-widget_type=\"elementskit-contact-form7.default\">\n\t\t\t\t<div class=\"elementor-widget-container\">\n\t\t\t\t\t<div class=\"ekit-wid-con\" ><div class=\"ekit-form\">\n<div class=\"wpcf7 no-js\" id=\"wpcf7-f13292-p12750-o1\" lang=\"es-ES\" dir=\"ltr\" data-wpcf7-id=\"13292\">\n<div class=\"screen-reader-response\"><p role=\"status\" aria-live=\"polite\" aria-atomic=\"true\"><\/p> <ul><\/ul><\/div>\n<form action=\"\/fr\/detergents-detartrants-2\/#wpcf7-f13292-p12750-o1\" method=\"post\" class=\"wpcf7-form init\" aria-label=\"Formulario de contacto\" novalidate=\"novalidate\" data-status=\"init\" data-no-translation-aria-label=\"\" data-trp-original-action=\"\/fr\/detergentes-desincrustantes-2\/#wpcf7-f13292-p12750-o1\">\n<fieldset class=\"hidden-fields-container\"><input type=\"hidden\" name=\"_wpcf7\" value=\"13292\" \/><input type=\"hidden\" name=\"_wpcf7_version\" value=\"6.1.5\" \/><input type=\"hidden\" name=\"_wpcf7_locale\" value=\"es_ES\" \/><input type=\"hidden\" name=\"_wpcf7_unit_tag\" value=\"wpcf7-f13292-p12750-o1\" \/><input type=\"hidden\" name=\"_wpcf7_container_post\" value=\"12750\" \/><input type=\"hidden\" name=\"_wpcf7_posted_data_hash\" value=\"\" \/><input type=\"hidden\" name=\"_wpcf7_recaptcha_response\" value=\"\" \/>\n<\/fieldset>\n<div style=\"display: flex; gap: 10px;\">\n\t<div style=\"width: 50%;\">\n\t\t<p><span class=\"wpcf7-form-control-wrap\" data-name=\"your-name\"><input size=\"40\" maxlength=\"400\" class=\"wpcf7-form-control wpcf7-text wpcf7-validates-as-required\" aria-required=\"true\" aria-invalid=\"false\" placeholder=\"Nom\" value=\"\" type=\"text\" name=\"your-name\" \/><\/span>\n\t\t<\/p>\n\t<\/div>\n\t<div style=\"width: 50%;\">\n\t\t<p><span class=\"wpcf7-form-control-wrap\" data-name=\"your-phone\"><input size=\"40\" maxlength=\"400\" class=\"wpcf7-form-control wpcf7-tel wpcf7-validates-as-required wpcf7-text wpcf7-validates-as-tel\" aria-required=\"true\" aria-invalid=\"false\" placeholder=\"T\u00e9l\u00e9phone\" value=\"\" type=\"tel\" name=\"your-phone\" \/><\/span>\n\t\t<\/p>\n\t<\/div>\n<\/div>\n<p><span class=\"wpcf7-form-control-wrap\" data-name=\"your-email\"><input size=\"40\" maxlength=\"400\" class=\"wpcf7-form-control wpcf7-email wpcf7-validates-as-required wpcf7-text wpcf7-validates-as-email\" aria-required=\"true\" aria-invalid=\"false\" placeholder=\"E-mail\" value=\"\" type=\"email\" name=\"your-email\" \/><\/span>\n<\/p>\n<div style=\"display: flex; gap: 10px;\">\n\t<div style=\"width: 50%;\">\n\t\t<p><span class=\"wpcf7-form-control-wrap\" data-name=\"your-country\"><input size=\"40\" maxlength=\"400\" class=\"wpcf7-form-control wpcf7-text wpcf7-validates-as-required\" aria-required=\"true\" aria-invalid=\"false\" placeholder=\"Pays\" value=\"\" type=\"text\" name=\"your-country\" \/><\/span>\n\t\t<\/p>\n\t<\/div>\n\t<div style=\"width: 50%;\">\n\t\t<p><span class=\"wpcf7-form-control-wrap\" data-name=\"your-city\"><input size=\"40\" maxlength=\"400\" class=\"wpcf7-form-control wpcf7-text wpcf7-validates-as-required\" aria-required=\"true\" aria-invalid=\"false\" placeholder=\"Population\" value=\"\" type=\"text\" name=\"your-city\" \/><\/span>\n\t\t<\/p>\n\t<\/div>\n<\/div>\n<p><span class=\"wpcf7-form-control-wrap\" data-name=\"your-subject\"><select class=\"wpcf7-form-control wpcf7-select\" aria-invalid=\"false\" name=\"your-subject\"><option value=\"Quiero ser distribuidor\">Je veux \u00eatre distributeur<\/option><option value=\"Presupuesto\">Budget<\/option><option value=\"Consulta\">Consultation<\/option><option value=\"Sugerencia\">Suggestion<\/option><option value=\"Otros\">Autres<\/option><\/select><\/span>\n<\/p>\n<p><span class=\"wpcf7-form-control-wrap\" data-name=\"your-message\"><textarea cols=\"40\" rows=\"10\" maxlength=\"2000\" class=\"wpcf7-form-control wpcf7-textarea\" aria-invalid=\"false\" placeholder=\"Message ou demande\" name=\"your-message\"><\/textarea><\/span>\n<\/p>\n<div style=\"display: flex; align-items: center; gap: 10px;\">\n\t<p><span class=\"wpcf7-form-control-wrap\" data-name=\"privacy-policy\"><span class=\"wpcf7-form-control wpcf7-acceptance\"><span class=\"wpcf7-list-item\"><input type=\"checkbox\" name=\"privacy-policy\" value=\"1\" aria-invalid=\"false\" \/><\/span><\/span><\/span><label for=\"privacy-policy\" style=\"margin-left: 5px;\">J&#039;ai lu et accept\u00e9 la politique de confidentialit\u00e9.<\/label>\n\t<\/p>\n<\/div>\n<div style=\"display: flex; align-items: center; gap: 10px;\">\n\t<p><span class=\"wpcf7-form-control-wrap\" data-name=\"send-info\"><span class=\"wpcf7-form-control wpcf7-acceptance\"><span class=\"wpcf7-list-item\"><input type=\"checkbox\" name=\"send-info\" value=\"1\" aria-invalid=\"false\" \/><\/span><\/span><\/span><label for=\"send-info\" style=\"margin-left: 5px;\">J&#039;accepte de recevoir des informations.<\/label>\n\t<\/p>\n<\/div>\n<p><input class=\"wpcf7-form-control wpcf7-submit has-spinner\" type=\"submit\" value=\"Envoyer\" \/>\n<\/p><div class=\"wpcf7-response-output\" aria-hidden=\"true\"><\/div>\n<input type=\"hidden\" name=\"trp-form-language\" value=\"fr\"\/><\/form>\n<\/div>\n<\/div><\/div>\t\t\t\t<\/div>\n\t\t\t\t<\/div>\n\t\t\t\t\t<\/div>\n\t\t<\/div>\n\t\t\t\t\t<\/div>\n\t\t<\/section>\n\t\t\t\t<div class=\"elementor-element elementor-element-615d68f elementor-widget elementor-widget-text-editor\" data-id=\"615d68f\" data-element_type=\"widget\" data-e-type=\"widget\" data-widget_type=\"text-editor.default\">\n\t\t\t\t<div class=\"elementor-widget-container\">\n\t\t\t\t\t\t\t\t\t<div id=\"lipsum\"><p>Le\u00a0<strong>d\u00e9tergents d\u00e9tartrants<\/strong>\u00a0que nous avons dans\u00a0<strong>Dermo<\/strong>\u00a0Ce sont des produits concentr\u00e9s et tr\u00e8s efficaces, qui permettent d&#039;utiliser une petite quantit\u00e9 de produit, obtenant des r\u00e9sultats vraiment \u00e9tonnants. Avoir\u00a0<strong>d\u00e9tergents d\u00e9tartrants<\/strong>\u00a0sp\u00e9cifiques \u00e0 chaque cas, tant au niveau industriel que domestique. Ci-dessous, nous expliquons les caract\u00e9ristiques de chacune des\u00a0<strong>d\u00e9tergents d\u00e9tartrants<\/strong>\u00a0que nous avons dans\u00a0<strong>Dermo<\/strong>.<\/p><p>L&#039;un d&#039;eux est le\u00a0<strong>D\u00e9tergent d\u00e9tartrant Cleanot Descal<\/strong>;\u00a0<strong>D\u00e9tergent\u00a0<\/strong>d\u00e9sinfectant pour le nettoyage et\u00a0<strong>concevoir<\/strong><strong>tution<\/strong>\u00a0des salles de bains. Il peut \u00eatre utilis\u00e9 sur la plupart des surfaces sans aucun risque, cependant, sur le marbre, l&#039;aluminium et le chrome, il est conseill\u00e9 de rincer abondamment, afin que la surface soit compl\u00e8tement propre et exempte de r\u00e9sidus de produit. Il\u00a0<strong>D\u00e9tergent d\u00e9tartrant Cleanot Descal<\/strong>\u00a0de\u00a0<strong>Dermo<\/strong>\u00a0Il est \u00e9galement con\u00e7u pour les circuits d&#039;eau chaude ou froide, les lave-vaisselle, les machines \u00e0 laver, etc. Il\u00a0<strong>D\u00e9tergent d\u00e9tartrant Cleanot Descal\u00a0<\/strong>de<strong>\u00a0Dermo<\/strong>\u00a0Il faut le vaporiser et le laisser agir 3 minutes puis rincer. Sur les surfaces pr\u00e9sentant des incrustations, il faut \u00e9galement pulv\u00e9riser, puis frotter avec une brosse douce puis rincer.<\/p><p>D\u2019autre part, nous avons la\u00a0<strong>d\u00e9tergent d\u00e9tartrant<\/strong>\u00a0<strong>WC Cleanot\u00a0<\/strong>de<strong>\u00a0Dermo;\u00a0<\/strong>Gel nettoyant\u00a0<strong>d\u00e9tartrant<\/strong>\u00a0pour les toilettes, qui \u00e9limine les r\u00e9sidus de calcaire et la salet\u00e9 accumul\u00e9e, laissant la surface impeccable. Il\u00a0<strong>D\u00e9tergent d\u00e9tartrant WC Cleanot<\/strong>\u00a0de\u00a0<strong>Dermo<\/strong>\u00a0Il est tr\u00e8s efficace pour \u00e9liminer les taches de rouille des toilettes, du carrelage et des robinets. Ainsi que pour le d\u00e9tartrage des circuits d&#039;eau chaude ou froide des lave-vaisselle, machines \u00e0 laver, etc.  Gr\u00e2ce \u00e0 sa viscosit\u00e9, il peut \u00eatre appliqu\u00e9 directement \u00e0 l&#039;int\u00e9rieur des toilettes. Comme il ne se m\u00e9lange pas \u00e0 l\u2019eau, c\u2019est un\u00a0<strong>d\u00e9tergent d\u00e9tartrant<\/strong>\u00a0tr\u00e8s efficace. C&#039;est un produit nettoyant et d\u00e9sinfectant.\u00a0<strong>Dermo<\/strong>\u00a0qui \u00e9limine les d\u00e9chets et les mauvaises odeurs des toilettes.<\/p><p>\u00a0<\/p><p>Dans\u00a0<strong>Dermo<\/strong>Nous avons aussi\u00a0<strong>d\u00e9tergents d\u00e9tartrants<\/strong>\u00a0type industriel comme\u00a0<strong>D\u00e9tartrant Limcal<\/strong>, un produit utilis\u00e9 \u00e0 la fois pour \u00e9liminer les restes de ciment et les d\u00e9chets d&#039;un chantier de construction, ainsi que pour\u00a0<strong>mise \u00e0 l&#039;\u00e9chelle<\/strong>\u00a0dans les lave-vaisselle industriels.\u00a0<strong>Limcal\u00a0<\/strong>c&#039;est un\u00a0<strong>d\u00e9tergent d\u00e9tartrant<\/strong>, pour circuits d&#039;eau chaude ou froide de lave-vaisselle, machines \u00e0 laver, etc. Se dissout\u00a0<strong>\u00e9chelle<\/strong>\u00a0de chaux et de rouille. Valable pour le nettoyage apr\u00e8s travaux de construction et de piscines (r\u00e9sidus de ciment, salet\u00e9s environnementales, salp\u00eatre, rouille, calcaire) et comme nettoyant pour joints de carrelage.<\/p><p>En dehors de la\u00a0<strong>d\u00e9tergents d\u00e9tartrants<\/strong>\u00a0liquides, dans\u00a0<strong>Dermo<\/strong>\u00a0Nous avons \u00e9galement d&#039;autres formats de\u00a0<strong>agents d\u00e9tartrants<\/strong>\u00a0comme les tablettes LIMCAL TABS, destin\u00e9es \u00e0 l&#039;entretien int\u00e9rieur des machines \u00e0 laver et des lave-vaisselle domestiques.<\/p><\/div>\t\t\t\t\t\t\t\t<\/div>\n\t\t\t\t<\/div>\n\t\t\t\t\t<\/div>\n\t\t<\/div>\n\t\t\t\t\t<\/div>\n\t\t<\/section>\n\t\t\t\t<section class=\"elementor-section elementor-top-section elementor-element elementor-element-484f41e elementor-section-full_width elementor-section-height-default elementor-section-height-default elementor-invisible\" data-id=\"484f41e\" data-element_type=\"section\" data-e-type=\"section\" data-settings=\"{&quot;animation&quot;:&quot;slideInUp&quot;}\">\n\t\t\t\t\t\t<div class=\"elementor-container elementor-column-gap-default\">\n\t\t\t\t\t<div class=\"elementor-column elementor-col-100 elementor-top-column elementor-element elementor-element-19948363\" data-id=\"19948363\" data-element_type=\"column\" data-e-type=\"column\">\n\t\t\t<div class=\"elementor-widget-wrap elementor-element-populated\">\n\t\t\t\t\t\t<div class=\"elementor-element elementor-element-339044a4 elementor-widget elementor-widget-google_maps\" data-id=\"339044a4\" data-element_type=\"widget\" data-e-type=\"widget\" data-widget_type=\"google_maps.default\">\n\t\t\t\t<div class=\"elementor-widget-container\">\n\t\t\t\t\t\t\t<div class=\"elementor-custom-embed\">\n\t\t\t<iframe loading=\"lazy\"\n\t\t\t\t\tsrc=\"https:\/\/maps.google.com\/maps?q=C%2F%20Pintor%20Joan%20Miro%2C%2016.%20Pol.%20Ind.%20Can%20Humet%20de%20Dalt%2C%2008213%20Poliny%C3%A0.%20Barcelona&#038;t=m&#038;z=15&#038;output=embed&#038;iwloc=near\"\n\t\t\t\t\ttitle=\"C\/ Pintor Joan Miro, 16. Pol. Ind. Can Humet de Dalt, 08213 Poliny\u00e0. Barcelone\"\n\t\t\t\t\taria-label=\"C\/ Pintor Joan Miro, 16. Pol. Ind. Can Humet de Dalt, 08213 Poliny\u00e0. Barcelone\"\n\t\t\t><\/iframe>\n\t\t<\/div>\n\t\t\t\t\t\t<\/div>\n\t\t\t\t<\/div>\n\t\t\t\t\t<\/div>\n\t\t<\/div>\n\t\t\t\t\t<\/div>\n\t\t<\/section>\n\t\t\t\t<\/div>","protected":false},"excerpt":{"rendered":"<p>Dermo\u00a0: Usine de d\u00e9tergents d\u00e9tartrants. Dermo est un fabricant et fournisseur de produits d&#039;entretien, tels que des d\u00e9tergents d\u00e9tartrants, qui nettoient les surfaces en profondeur. Les d\u00e9tergents d\u00e9tartrants que nous fabriquons chez Dermo \u00e9liminent tous les types de r\u00e9sidus calcaires sur toutes les surfaces, qu&#039;il s&#039;agisse de sols, d&#039;\u00e9viers, de lave-vaisselle, de lave-linge, de serpentins, etc.&nbsp;<a href=\"https:\/\/dermo.com\/fr\/detergents-detartrants-2\/\" rel=\"bookmark\">En savoir plus &quot;<span class=\"screen-reader-text\">D\u00e9tergents d\u00e9tartrants<\/span><\/a><\/p>","protected":false},"author":2,"featured_media":0,"parent":0,"menu_order":0,"comment_status":"closed","ping_status":"closed","template":"page-templates\/template-pagebuilder-full-width.php","meta":{"neve_meta_sidebar":"","neve_meta_container":"","neve_meta_enable_content_width":"","neve_meta_content_width":0,"neve_meta_title_alignment":"","neve_meta_author_avatar":"","neve_post_elements_order":"","neve_meta_disable_header":"","neve_meta_disable_footer":"","neve_meta_disable_title":"","footnotes":""},"class_list":["post-12750","page","type-page","status-publish","hentry"],"yoast_head":"<!-- This site is optimized with the Yoast SEO plugin v27.0 - https:\/\/yoast.com\/product\/yoast-seo-wordpress\/ -->\n<title>Detergentes desincrustantes - Dermo | F\u00e1brica de detergentes<\/title>\n<meta name=\"robots\" content=\"index, follow, max-snippet:-1, max-image-preview:large, max-video-preview:-1\" \/>\n<link rel=\"canonical\" href=\"https:\/\/dermo.com\/fr\/detergents-detartrants-2\/\" \/>\n<meta property=\"og:locale\" content=\"fr_FR\" \/>\n<meta property=\"og:type\" content=\"article\" \/>\n<meta property=\"og:title\" content=\"Detergentes desincrustantes - Dermo | F\u00e1brica de detergentes\" \/>\n<meta property=\"og:description\" content=\"Dermo: F\u00e1brica de Detergentes desincrustantes Dermo\u00a0es una empresa fabricante y proveedora de productos de limpieza, como es el caso de los\u00a0detergentes desincrustantes, que limpian en profundidad las superficies. Los\u00a0detergentes desincrustantes\u00a0que fabricamos en\u00a0Dermo\u00a0acaban con todo tipo de residuos de origen calc\u00e1reo en cualquier tipo de superficie, ya sean pavimentos, fregaderos, m\u00e1quinas lavavajillas y lavadoras, serpentines o&hellip;&nbsp;Lire la suite &raquo;Detergentes desincrustantes\" \/>\n<meta property=\"og:url\" content=\"https:\/\/dermo.com\/fr\/detergents-detartrants-2\/\" \/>\n<meta property=\"og:site_name\" content=\"Dermo | F\u00e1brica de detergentes\" \/>\n<meta property=\"article:modified_time\" content=\"2025-02-19T10:40:11+00:00\" \/>\n<meta name=\"twitter:card\" content=\"summary_large_image\" \/>\n<meta name=\"twitter:label1\" content=\"Dur\u00e9e de lecture estim\u00e9e\" \/>\n\t<meta name=\"twitter:data1\" content=\"3 minutes\" \/>\n<script type=\"application\/ld+json\" class=\"yoast-schema-graph\">{\"@context\":\"https:\/\/schema.org\",\"@graph\":[{\"@type\":\"WebPage\",\"@id\":\"https:\/\/dermo.com\/detergentes-desincrustantes-2\/\",\"url\":\"https:\/\/dermo.com\/detergentes-desincrustantes-2\/\",\"name\":\"Detergentes desincrustantes - Dermo | F\u00e1brica de detergentes\",\"isPartOf\":{\"@id\":\"https:\/\/dermo.com\/#website\"},\"datePublished\":\"2025-01-31T09:15:42+00:00\",\"dateModified\":\"2025-02-19T10:40:11+00:00\",\"breadcrumb\":{\"@id\":\"https:\/\/dermo.com\/detergentes-desincrustantes-2\/#breadcrumb\"},\"inLanguage\":\"fr-FR\",\"potentialAction\":[{\"@type\":\"ReadAction\",\"target\":[\"https:\/\/dermo.com\/detergentes-desincrustantes-2\/\"]}]},{\"@type\":\"BreadcrumbList\",\"@id\":\"https:\/\/dermo.com\/detergentes-desincrustantes-2\/#breadcrumb\",\"itemListElement\":[{\"@type\":\"ListItem\",\"position\":1,\"name\":\"Portada\",\"item\":\"https:\/\/dermo.com\/\"},{\"@type\":\"ListItem\",\"position\":2,\"name\":\"Detergentes desincrustantes\"}]},{\"@type\":\"WebSite\",\"@id\":\"https:\/\/dermo.com\/#website\",\"url\":\"https:\/\/dermo.com\/\",\"name\":\"Dermo | F\u00e1brica de detergentes\",\"description\":\"Tecnolog\u00eda avanzada, investigaci\u00f3n y desarrollo, respeto por el medio ambiente, competencia, formaci\u00f3n constante y alto nivel de profesionalidad en nuestro equipo humano, empe\u00f1ado en preservar la calidad de vida, la protecci\u00f3n del entorno natural contin\u00faan motiv\u00e1ndonos para desarrollar en nuestros laboratorios nuevos productos con ingredientes activos altamente biodegradables que hacen posible un desarrollo sostenible.\",\"potentialAction\":[{\"@type\":\"SearchAction\",\"target\":{\"@type\":\"EntryPoint\",\"urlTemplate\":\"https:\/\/dermo.com\/?s={search_term_string}\"},\"query-input\":{\"@type\":\"PropertyValueSpecification\",\"valueRequired\":true,\"valueName\":\"search_term_string\"}}],\"inLanguage\":\"fr-FR\"}]}<\/script>\n<!-- \/ Yoast SEO plugin. -->","yoast_head_json":{"title":"D\u00e9tergents d\u00e9tartrants - Dermo | Usine de d\u00e9tergents","robots":{"index":"index","follow":"follow","max-snippet":"max-snippet:-1","max-image-preview":"max-image-preview:large","max-video-preview":"max-video-preview:-1"},"canonical":"https:\/\/dermo.com\/fr\/detergents-detartrants-2\/","og_locale":"fr_FR","og_type":"article","og_title":"Detergentes desincrustantes - Dermo | F\u00e1brica de detergentes","og_description":"Dermo: F\u00e1brica de Detergentes desincrustantes Dermo\u00a0es una empresa fabricante y proveedora de productos de limpieza, como es el caso de los\u00a0detergentes desincrustantes, que limpian en profundidad las superficies. Los\u00a0detergentes desincrustantes\u00a0que fabricamos en\u00a0Dermo\u00a0acaban con todo tipo de residuos de origen calc\u00e1reo en cualquier tipo de superficie, ya sean pavimentos, fregaderos, m\u00e1quinas lavavajillas y lavadoras, serpentines o&hellip;&nbsp;Lire la suite &raquo;Detergentes desincrustantes","og_url":"https:\/\/dermo.com\/fr\/detergents-detartrants-2\/","og_site_name":"Dermo | F\u00e1brica de detergentes","article_modified_time":"2025-02-19T10:40:11+00:00","twitter_card":"summary_large_image","twitter_misc":{"Dur\u00e9e de lecture estim\u00e9e":"3 minutes"},"schema":{"@context":"https:\/\/schema.org","@graph":[{"@type":"WebPage","@id":"https:\/\/dermo.com\/detergentes-desincrustantes-2\/","url":"https:\/\/dermo.com\/detergentes-desincrustantes-2\/","name":"D\u00e9tergents d\u00e9tartrants - Dermo | Usine de d\u00e9tergents","isPartOf":{"@id":"https:\/\/dermo.com\/#website"},"datePublished":"2025-01-31T09:15:42+00:00","dateModified":"2025-02-19T10:40:11+00:00","breadcrumb":{"@id":"https:\/\/dermo.com\/detergentes-desincrustantes-2\/#breadcrumb"},"inLanguage":"fr-FR","potentialAction":[{"@type":"ReadAction","target":["https:\/\/dermo.com\/detergentes-desincrustantes-2\/"]}]},{"@type":"BreadcrumbList","@id":"https:\/\/dermo.com\/detergentes-desincrustantes-2\/#breadcrumb","itemListElement":[{"@type":"ListItem","position":1,"name":"Portada","item":"https:\/\/dermo.com\/"},{"@type":"ListItem","position":2,"name":"Detergentes desincrustantes"}]},{"@type":"WebSite","@id":"https:\/\/dermo.com\/#website","url":"https:\/\/dermo.com\/","name":"Dermo | usine de d\u00e9tergents","description":"Technologie avanc\u00e9e, recherche et d\u00e9veloppement, respect de l&#039;environnement, comp\u00e9tence, formation constante et haut niveau de professionnalisme de notre \u00e9quipe humaine, engag\u00e9e \u00e0 pr\u00e9server la qualit\u00e9 de vie, la protection de l&#039;environnement naturel continuent de nous motiver \u00e0 d\u00e9velopper de nouveaux produits dans notre laboratoires aux principes actifs hautement biod\u00e9gradables qui rendent possible le d\u00e9veloppement durable.","potentialAction":[{"@type":"SearchAction","target":{"@type":"EntryPoint","urlTemplate":"https:\/\/dermo.com\/?s={search_term_string}"},"query-input":{"@type":"PropertyValueSpecification","valueRequired":true,"valueName":"search_term_string"}}],"inLanguage":"fr-FR"}]}},"_links":{"self":[{"href":"https:\/\/dermo.com\/fr\/wp-json\/wp\/v2\/pages\/12750","targetHints":{"allow":["GET"]}}],"collection":[{"href":"https:\/\/dermo.com\/fr\/wp-json\/wp\/v2\/pages"}],"about":[{"href":"https:\/\/dermo.com\/fr\/wp-json\/wp\/v2\/types\/page"}],"author":[{"embeddable":true,"href":"https:\/\/dermo.com\/fr\/wp-json\/wp\/v2\/users\/2"}],"replies":[{"embeddable":true,"href":"https:\/\/dermo.com\/fr\/wp-json\/wp\/v2\/comments?post=12750"}],"version-history":[{"count":10,"href":"https:\/\/dermo.com\/fr\/wp-json\/wp\/v2\/pages\/12750\/revisions"}],"predecessor-version":[{"id":13448,"href":"https:\/\/dermo.com\/fr\/wp-json\/wp\/v2\/pages\/12750\/revisions\/13448"}],"wp:attachment":[{"href":"https:\/\/dermo.com\/fr\/wp-json\/wp\/v2\/media?parent=12750"}],"curies":[{"name":"wp","href":"https:\/\/api.w.org\/{rel}","templated":true}]}}