{"id":12780,"date":"2025-01-31T10:22:05","date_gmt":"2025-01-31T09:22:05","guid":{"rendered":"https:\/\/dermo.com\/?page_id=12780"},"modified":"2025-02-19T12:30:48","modified_gmt":"2025-02-19T11:30:48","slug":"produits-de-nettoyage-pour-hotels","status":"publish","type":"page","link":"https:\/\/dermo.com\/fr\/produits-de-nettoyage-pour-hotels\/","title":{"rendered":"Produits de nettoyage pour h\u00f4tels"},"content":{"rendered":"<div data-elementor-type=\"wp-page\" data-elementor-id=\"12780\" class=\"elementor elementor-12780\" data-elementor-post-type=\"page\">\n\t\t\t\t\t\t<section class=\"elementor-section elementor-top-section elementor-element elementor-element-a02683f elementor-section-boxed elementor-section-height-default elementor-section-height-default\" data-id=\"a02683f\" data-element_type=\"section\" data-e-type=\"section\" data-settings=\"{&quot;background_background&quot;:&quot;classic&quot;}\">\n\t\t\t\t\t\t\t<div class=\"elementor-background-overlay\"><\/div>\n\t\t\t\t\t\t\t<div class=\"elementor-container elementor-column-gap-default\">\n\t\t\t\t\t<div class=\"elementor-column elementor-col-100 elementor-top-column elementor-element elementor-element-f99dbff\" data-id=\"f99dbff\" data-element_type=\"column\" data-e-type=\"column\">\n\t\t\t<div class=\"elementor-widget-wrap elementor-element-populated\">\n\t\t\t\t\t\t\t<\/div>\n\t\t<\/div>\n\t\t\t\t\t<\/div>\n\t\t<\/section>\n\t\t\t\t<section class=\"elementor-section elementor-top-section elementor-element elementor-element-233ad3a4 elementor-section-boxed elementor-section-height-default elementor-section-height-default\" data-id=\"233ad3a4\" data-element_type=\"section\" data-e-type=\"section\">\n\t\t\t\t\t\t<div class=\"elementor-container elementor-column-gap-default\">\n\t\t\t\t\t<div class=\"elementor-column elementor-col-100 elementor-top-column elementor-element elementor-element-3244e578\" data-id=\"3244e578\" data-element_type=\"column\" data-e-type=\"column\">\n\t\t\t<div class=\"elementor-widget-wrap elementor-element-populated\">\n\t\t\t\t\t\t<section class=\"elementor-section elementor-inner-section elementor-element elementor-element-1a7040c2 elementor-section-content-middle elementor-section-boxed elementor-section-height-default elementor-section-height-default\" data-id=\"1a7040c2\" data-element_type=\"section\" data-e-type=\"section\">\n\t\t\t\t\t\t<div class=\"elementor-container elementor-column-gap-default\">\n\t\t\t\t\t<div class=\"elementor-column elementor-col-50 elementor-inner-column elementor-element elementor-element-58338543\" data-id=\"58338543\" data-element_type=\"column\" data-e-type=\"column\">\n\t\t\t<div class=\"elementor-widget-wrap elementor-element-populated\">\n\t\t\t\t\t\t<div class=\"elementor-element elementor-element-464b2e11 elementor-widget elementor-widget-text-editor\" data-id=\"464b2e11\" data-element_type=\"widget\" data-e-type=\"widget\" data-widget_type=\"text-editor.default\">\n\t\t\t\t<div class=\"elementor-widget-container\">\n\t\t\t\t\t\t\t\t\t<p>Dermo a 30 ans d&#039;exp\u00e9rience dans la fabrication et la conception de\u00a0<strong>produits de nettoyage<\/strong>. Au fil des ann\u00e9es, nous avons perfectionn\u00e9 des techniques et des formules pour atteindre\u00a0<strong>produits de nettoyage<\/strong>\u00a0plus sp\u00e9cifique, comme produit de\u00a0<strong>nettoyage<\/strong>\u00a0pour\u00a0<strong>h\u00f4tels<\/strong>.<\/p><p>Nous savons que le\u00a0<strong>h\u00f4tels<\/strong>\u00a0besoin\u00a0<strong>produits de nettoyage<\/strong>\u00a0sp\u00e9cifiques, de maintenir une bonne hygi\u00e8ne dans leurs installations, au quotidien, afin de pr\u00e9senter la meilleure image de leurs chambres aux clients, ainsi que dans les espaces communs ; La r\u00e9ception, le hall, les salles de bains et les ascenseurs doivent offrir une image impeccable, parfaite, avec un ar\u00f4me doux et agr\u00e9able, qui favorise le confort et invite \u00e0 rester plus longtemps dans l&#039;h\u00f4tel.<\/p><p>Dans notre catalogue, vous pouvez trouver de nombreux\u00a0<strong>produits de nettoyage<\/strong>, parmi lesquels se trouvent des d\u00e9tergents pour\u00a0<strong>h\u00f4tels<\/strong>\u00a0et\u00a0<strong>produits de nettoyage\u00a0<\/strong>concentr\u00e9 sur le nettoyage\u00a0<strong>h\u00f4tels<\/strong>\u00a0et les grands espaces, en g\u00e9n\u00e9ral.<\/p><p><strong>Produits Dermo pour le nettoyage des h\u00f4tels<\/strong><br \/><a href=\"https:\/\/dermo.com\/fr\/catalogue\/es\/lave-vaisselle-automatiques\/54-fial2.html\/\">Finale 2<\/a>\u00a0c&#039;est un\u00a0<strong>produit<\/strong>\u00a0d\u00e9tergent liquide, pour la\u00a0<strong>nettoyage<\/strong>\u00a0de\u00a0<strong>h\u00f4tels<\/strong>, sp\u00e9cialement pour le lavage des lave-vaisselle dans les machines automatiques. Il est alcalin, avec une mousse contr\u00f4l\u00e9e et un pouvoir nettoyant \u00e9lev\u00e9. Prot\u00e8ge les pi\u00e8ces m\u00e9talliques et les circuits de la machine, \u00e9vitant ainsi la corrosion. Il est disponible en 4 vari\u00e9t\u00e9s : Fial 1, Fial 2, Fial 3, Fial 4, selon leur pouvoir croissant \u00e0 s\u00e9questrer les ions calcium et magn\u00e9sium de l&#039;eau dure.<\/p>\t\t\t\t\t\t\t\t<\/div>\n\t\t\t\t<\/div>\n\t\t\t\t\t<\/div>\n\t\t<\/div>\n\t\t\t\t<div class=\"elementor-column elementor-col-50 elementor-inner-column elementor-element elementor-element-6bb2a86 elementor-invisible\" data-id=\"6bb2a86\" data-element_type=\"column\" data-e-type=\"column\" data-settings=\"{&quot;animation&quot;:&quot;bounceInRight&quot;}\">\n\t\t\t<div class=\"elementor-widget-wrap elementor-element-populated\">\n\t\t\t\t\t\t<div class=\"elementor-element elementor-element-16e2c20 elementor-widget__width-initial elementor-widget elementor-widget-elementskit-contact-form7\" data-id=\"16e2c20\" data-element_type=\"widget\" data-e-type=\"widget\" data-widget_type=\"elementskit-contact-form7.default\">\n\t\t\t\t<div class=\"elementor-widget-container\">\n\t\t\t\t\t<div class=\"ekit-wid-con\" ><div class=\"ekit-form\">\n<div class=\"wpcf7 no-js\" id=\"wpcf7-f13292-p12780-o1\" lang=\"es-ES\" dir=\"ltr\" data-wpcf7-id=\"13292\">\n<div class=\"screen-reader-response\"><p role=\"status\" aria-live=\"polite\" aria-atomic=\"true\"><\/p> <ul><\/ul><\/div>\n<form action=\"\/fr\/produits-de-nettoyage-pour-hotels\/#wpcf7-f13292-p12780-o1\" method=\"post\" class=\"wpcf7-form init\" aria-label=\"Formulaire de contact\" novalidate=\"novalidate\" data-status=\"init\" data-trp-original-action=\"\/productos-de-limpieza-para-hoteles\/#wpcf7-f13292-p12780-o1\">\n<fieldset class=\"hidden-fields-container\"><input type=\"hidden\" name=\"_wpcf7\" value=\"13292\" \/><input type=\"hidden\" name=\"_wpcf7_version\" value=\"6.1.5\" \/><input type=\"hidden\" name=\"_wpcf7_locale\" value=\"es_ES\" \/><input type=\"hidden\" name=\"_wpcf7_unit_tag\" value=\"wpcf7-f13292-p12780-o1\" \/><input type=\"hidden\" name=\"_wpcf7_container_post\" value=\"12780\" \/><input type=\"hidden\" name=\"_wpcf7_posted_data_hash\" value=\"\" \/><input type=\"hidden\" name=\"_wpcf7_recaptcha_response\" value=\"\" \/>\n<\/fieldset>\n<div style=\"display: flex; gap: 10px;\">\n\t<div style=\"width: 50%;\">\n\t\t<p><span class=\"wpcf7-form-control-wrap\" data-name=\"your-name\"><input size=\"40\" maxlength=\"400\" class=\"wpcf7-form-control wpcf7-text wpcf7-validates-as-required\" aria-required=\"true\" aria-invalid=\"false\" placeholder=\"Nom\" value=\"\" type=\"text\" name=\"your-name\" \/><\/span>\n\t\t<\/p>\n\t<\/div>\n\t<div style=\"width: 50%;\">\n\t\t<p><span class=\"wpcf7-form-control-wrap\" data-name=\"your-phone\"><input size=\"40\" maxlength=\"400\" class=\"wpcf7-form-control wpcf7-tel wpcf7-validates-as-required wpcf7-text wpcf7-validates-as-tel\" aria-required=\"true\" aria-invalid=\"false\" placeholder=\"T\u00e9l\u00e9phone\" value=\"\" type=\"tel\" name=\"your-phone\" \/><\/span>\n\t\t<\/p>\n\t<\/div>\n<\/div>\n<p><span class=\"wpcf7-form-control-wrap\" data-name=\"your-email\"><input size=\"40\" maxlength=\"400\" class=\"wpcf7-form-control wpcf7-email wpcf7-validates-as-required wpcf7-text wpcf7-validates-as-email\" aria-required=\"true\" aria-invalid=\"false\" placeholder=\"E-mail\" value=\"\" type=\"email\" name=\"your-email\" \/><\/span>\n<\/p>\n<div style=\"display: flex; gap: 10px;\">\n\t<div style=\"width: 50%;\">\n\t\t<p><span class=\"wpcf7-form-control-wrap\" data-name=\"your-country\"><input size=\"40\" maxlength=\"400\" class=\"wpcf7-form-control wpcf7-text wpcf7-validates-as-required\" aria-required=\"true\" aria-invalid=\"false\" placeholder=\"Pays\" value=\"\" type=\"text\" name=\"your-country\" \/><\/span>\n\t\t<\/p>\n\t<\/div>\n\t<div style=\"width: 50%;\">\n\t\t<p><span class=\"wpcf7-form-control-wrap\" data-name=\"your-city\"><input size=\"40\" maxlength=\"400\" class=\"wpcf7-form-control wpcf7-text wpcf7-validates-as-required\" aria-required=\"true\" aria-invalid=\"false\" placeholder=\"Population\" value=\"\" type=\"text\" name=\"your-city\" \/><\/span>\n\t\t<\/p>\n\t<\/div>\n<\/div>\n<p><span class=\"wpcf7-form-control-wrap\" data-name=\"your-subject\"><select class=\"wpcf7-form-control wpcf7-select\" aria-invalid=\"false\" name=\"your-subject\"><option value=\"Quiero ser distribuidor\">Je veux \u00eatre distributeur<\/option><option value=\"Presupuesto\">Budget<\/option><option value=\"Consulta\">Consultation<\/option><option value=\"Sugerencia\">Suggestion<\/option><option value=\"Otros\">Autres<\/option><\/select><\/span>\n<\/p>\n<p><span class=\"wpcf7-form-control-wrap\" data-name=\"your-message\"><textarea cols=\"40\" rows=\"10\" maxlength=\"2000\" class=\"wpcf7-form-control wpcf7-textarea\" aria-invalid=\"false\" placeholder=\"Message ou demande\" name=\"your-message\"><\/textarea><\/span>\n<\/p>\n<div style=\"display: flex; align-items: center; gap: 10px;\">\n\t<p><span class=\"wpcf7-form-control-wrap\" data-name=\"privacy-policy\"><span class=\"wpcf7-form-control wpcf7-acceptance\"><span class=\"wpcf7-list-item\"><input type=\"checkbox\" name=\"privacy-policy\" value=\"1\" aria-invalid=\"false\" \/><\/span><\/span><\/span><label for=\"privacy-policy\" style=\"margin-left: 5px;\">J&#039;ai lu et accept\u00e9 la politique de confidentialit\u00e9.<\/label>\n\t<\/p>\n<\/div>\n<div style=\"display: flex; align-items: center; gap: 10px;\">\n\t<p><span class=\"wpcf7-form-control-wrap\" data-name=\"send-info\"><span class=\"wpcf7-form-control wpcf7-acceptance\"><span class=\"wpcf7-list-item\"><input type=\"checkbox\" name=\"send-info\" value=\"1\" aria-invalid=\"false\" \/><\/span><\/span><\/span><label for=\"send-info\" style=\"margin-left: 5px;\">J&#039;accepte de recevoir des informations.<\/label>\n\t<\/p>\n<\/div>\n<p><input class=\"wpcf7-form-control wpcf7-submit has-spinner\" type=\"submit\" value=\"Envoyer\" \/>\n<\/p><div class=\"wpcf7-response-output\" aria-hidden=\"true\"><\/div>\n<input type=\"hidden\" name=\"trp-form-language\" value=\"fr\"\/><\/form>\n<\/div>\n<\/div><\/div>\t\t\t\t<\/div>\n\t\t\t\t<\/div>\n\t\t\t\t\t<\/div>\n\t\t<\/div>\n\t\t\t\t\t<\/div>\n\t\t<\/section>\n\t\t\t\t<div class=\"elementor-element elementor-element-615d68f elementor-widget elementor-widget-text-editor\" data-id=\"615d68f\" data-element_type=\"widget\" data-e-type=\"widget\" data-widget_type=\"text-editor.default\">\n\t\t\t\t<div class=\"elementor-widget-container\">\n\t\t\t\t\t\t\t\t\t<p>UN\u00a0<strong>produit<\/strong>\u00a0parfait pour le nettoyage\u00a0<strong>h\u00f4tels<\/strong>\u00a0il\u00a0<a href=\"https:\/\/dermo.com\/fr\/catalogue\/es\/traitement-du-sol\/95-f80intense.html\/\">F80 intense<\/a>, qui laisse le sol \u00e9tincelant en peu de temps et de mani\u00e8re tr\u00e8s efficace, frotte les sols et les laisse impeccables, gr\u00e2ce \u00e0 son pouvoir d\u00e9tergent \u00e9lev\u00e9. Il brille naturellement et peut \u00eatre utilis\u00e9 sur tout type de sol, obtenant un nettoyage parfait et un ar\u00f4me agr\u00e9able et durable.<\/p><p>Et pour mettre l&#039;ambiance\u00a0<strong>h\u00f4tels<\/strong>Dermo propose \u00e9galement des d\u00e9sodorisants, pour obtenir un ar\u00f4me agr\u00e9able et confortable. Vous pouvez choisir parmi toute notre collection de parfums. L&#039;un des assainisseurs d&#039;air les plus utilis\u00e9s pour\u00a0<strong>h\u00f4tels<\/strong>\u00a0C&#039;est le\u00a0<a href=\"https:\/\/dermo.com\/fr\/catalogue\/es\/assainisseurs-dair\/46-tropic-golden.html\/\">Tropic Golden<\/a>, un\u00a0<strong>produit<\/strong>\u00a0liquide, avec un parfum sp\u00e9cial et tr\u00e8s r\u00e9sistant, qui \u00e9limine les odeurs aussi d\u00e9sagr\u00e9ables soient-elles, purifiant l&#039;environnement et laissant une odeur tr\u00e8s agr\u00e9able qui se r\u00e9partit uniform\u00e9ment dans tout l&#039;espace.<\/p><p><a href=\"https:\/\/dermo.com\/fr\/catalogue\/es\/degraissants\/30-audaz.html\/\">Audaz<\/a>\u00a0C&#039;est un autre\u00a0<strong>produit<\/strong>\u00a0de Dermo, sp\u00e9cifique pour la\u00a0<strong>nettoyage<\/strong>\u00a0de\u00a0<strong>h\u00f4tels<\/strong>\u00a0et de grands espaces. C&#039;est un produit de\u00a0<strong>nettoyage<\/strong>\u00a0Liquide et concentr\u00e9, avec un grand pouvoir \u00e9mulsifiant, qui dissout la graisse et la salet\u00e9. Il est con\u00e7u pour d\u00e9graisser tous types de surfaces r\u00e9sistantes au pH alcalin, telles que les sols, les murs, les tables de travail, les ustensiles, les \u00e9quipements, etc.<\/p><p>Et nous ne pouvions pas arr\u00eater d&#039;en parler\u00a0<strong>produit<\/strong>\u00a0Dermo star, pour le\u00a0<strong>nettoyage<\/strong>\u00a0de\u00a0<strong>h\u00f4tels<\/strong>, comme le d\u00e9tergent\u00a0<a href=\"https:\/\/dermo.com\/fr\/catalogue\/es\/lessive\/22-sarex-color.html\/\">Couleur Sarex<\/a>, un produit complet pour le lavage du linge color\u00e9 qui s&#039;adapte \u00e0 toutes les temp\u00e9ratures. Contient des enzymes qui \u00e9liminent la salet\u00e9 et les mauvaises odeurs. Il a une formule puissante et est tr\u00e8s pratique pour faire la lessive en\u00a0<strong>h\u00f4tels<\/strong>\u00a0et les endroits o\u00f9 les draps et les tissus doivent \u00eatre nettoy\u00e9s fr\u00e9quemment, car cela leur donne un aspect impeccable et une odeur de propre, qui dure toute la journ\u00e9e.<\/p>\t\t\t\t\t\t\t\t<\/div>\n\t\t\t\t<\/div>\n\t\t\t\t\t<\/div>\n\t\t<\/div>\n\t\t\t\t\t<\/div>\n\t\t<\/section>\n\t\t\t\t<section class=\"elementor-section elementor-top-section elementor-element elementor-element-484f41e elementor-section-full_width elementor-section-height-default elementor-section-height-default elementor-invisible\" data-id=\"484f41e\" data-element_type=\"section\" data-e-type=\"section\" data-settings=\"{&quot;animation&quot;:&quot;slideInUp&quot;}\">\n\t\t\t\t\t\t<div class=\"elementor-container elementor-column-gap-default\">\n\t\t\t\t\t<div class=\"elementor-column elementor-col-100 elementor-top-column elementor-element elementor-element-19948363\" data-id=\"19948363\" data-element_type=\"column\" data-e-type=\"column\">\n\t\t\t<div class=\"elementor-widget-wrap elementor-element-populated\">\n\t\t\t\t\t\t<div class=\"elementor-element elementor-element-339044a4 elementor-widget elementor-widget-google_maps\" data-id=\"339044a4\" data-element_type=\"widget\" data-e-type=\"widget\" data-widget_type=\"google_maps.default\">\n\t\t\t\t<div class=\"elementor-widget-container\">\n\t\t\t\t\t\t\t<div class=\"elementor-custom-embed\">\n\t\t\t<iframe loading=\"lazy\"\n\t\t\t\t\tsrc=\"https:\/\/maps.google.com\/maps?q=C%2F%20Pintor%20Joan%20Miro%2C%2016.%20Pol.%20Ind.%20Can%20Humet%20de%20Dalt%2C%2008213%20Poliny%C3%A0.%20Barcelona&#038;t=m&#038;z=15&#038;output=embed&#038;iwloc=near\"\n\t\t\t\t\ttitle=\"C\/ Pintor Joan Miro, 16. Pol. Ind. Can Humet de Dalt, 08213 Poliny\u00e0. Barcelone\"\n\t\t\t\t\taria-label=\"C\/ Pintor Joan Miro, 16. Pol. Ind. Can Humet de Dalt, 08213 Poliny\u00e0. Barcelone\"\n\t\t\t><\/iframe>\n\t\t<\/div>\n\t\t\t\t\t\t<\/div>\n\t\t\t\t<\/div>\n\t\t\t\t\t<\/div>\n\t\t<\/div>\n\t\t\t\t\t<\/div>\n\t\t<\/section>\n\t\t\t\t<\/div>","protected":false},"excerpt":{"rendered":"<p>Dermo poss\u00e8de 30 ans d&#039;exp\u00e9rience dans la fabrication et la conception de produits d&#039;entretien. Au fil des ans, nous avons perfectionn\u00e9 nos techniques et nos formules pour cr\u00e9er des produits d&#039;entretien plus sp\u00e9cifiques, notamment pour les h\u00f4tels. Nous savons que les h\u00f4tels ont besoin de produits d&#039;entretien sp\u00e9cifiques pour maintenir une hygi\u00e8ne optimale au quotidien, notamment\u2026&nbsp;<a href=\"https:\/\/dermo.com\/fr\/produits-de-nettoyage-pour-hotels\/\" rel=\"bookmark\">En savoir plus &quot;<span class=\"screen-reader-text\">Produits de nettoyage pour h\u00f4tels<\/span><\/a><\/p>","protected":false},"author":2,"featured_media":0,"parent":0,"menu_order":0,"comment_status":"closed","ping_status":"closed","template":"page-templates\/template-pagebuilder-full-width.php","meta":{"neve_meta_sidebar":"","neve_meta_container":"","neve_meta_enable_content_width":"","neve_meta_content_width":0,"neve_meta_title_alignment":"","neve_meta_author_avatar":"","neve_post_elements_order":"","neve_meta_disable_header":"","neve_meta_disable_footer":"","neve_meta_disable_title":"","footnotes":""},"class_list":["post-12780","page","type-page","status-publish","hentry"],"yoast_head":"<!-- This site is optimized with the Yoast SEO plugin v27.0 - https:\/\/yoast.com\/product\/yoast-seo-wordpress\/ -->\n<title>Productos de limpieza para hoteles - Dermo | F\u00e1brica de detergentes<\/title>\n<meta name=\"robots\" content=\"index, follow, max-snippet:-1, max-image-preview:large, max-video-preview:-1\" \/>\n<link rel=\"canonical\" href=\"https:\/\/dermo.com\/fr\/produits-de-nettoyage-pour-hotels\/\" \/>\n<meta property=\"og:locale\" content=\"fr_FR\" \/>\n<meta property=\"og:type\" content=\"article\" \/>\n<meta property=\"og:title\" content=\"Productos de limpieza para hoteles - Dermo | F\u00e1brica de detergentes\" \/>\n<meta property=\"og:description\" content=\"Dermo cuenta con 30 a\u00f1os de experiencia en la fabricaci\u00f3n y el dise\u00f1o de\u00a0productos de limpieza. A lo largo de estos a\u00f1os hemos ido perfeccionando t\u00e9cnicas y f\u00f3rmulas, para conseguir\u00a0productos de limpieza\u00a0m\u00e1s espec\u00edficos, como por ejemplo producto de\u00a0limpieza\u00a0para\u00a0hoteles. Sabemos que los\u00a0hoteles\u00a0necesitan\u00a0productos de limpieza\u00a0espec\u00edficos, para mantener una correcta higiene en sus instalaciones, de forma diaria, con&hellip;&nbsp;Lire la suite &raquo;Productos de limpieza para hoteles\" \/>\n<meta property=\"og:url\" content=\"https:\/\/dermo.com\/fr\/produits-de-nettoyage-pour-hotels\/\" \/>\n<meta property=\"og:site_name\" content=\"Dermo | F\u00e1brica de detergentes\" \/>\n<meta property=\"article:modified_time\" content=\"2025-02-19T11:30:48+00:00\" \/>\n<meta name=\"twitter:card\" content=\"summary_large_image\" \/>\n<meta name=\"twitter:label1\" content=\"Dur\u00e9e de lecture estim\u00e9e\" \/>\n\t<meta name=\"twitter:data1\" content=\"3 minutes\" \/>\n<script type=\"application\/ld+json\" class=\"yoast-schema-graph\">{\"@context\":\"https:\/\/schema.org\",\"@graph\":[{\"@type\":\"WebPage\",\"@id\":\"https:\/\/dermo.com\/productos-de-limpieza-para-hoteles\/\",\"url\":\"https:\/\/dermo.com\/productos-de-limpieza-para-hoteles\/\",\"name\":\"Productos de limpieza para hoteles - Dermo | F\u00e1brica de detergentes\",\"isPartOf\":{\"@id\":\"https:\/\/dermo.com\/#website\"},\"datePublished\":\"2025-01-31T09:22:05+00:00\",\"dateModified\":\"2025-02-19T11:30:48+00:00\",\"breadcrumb\":{\"@id\":\"https:\/\/dermo.com\/productos-de-limpieza-para-hoteles\/#breadcrumb\"},\"inLanguage\":\"fr-FR\",\"potentialAction\":[{\"@type\":\"ReadAction\",\"target\":[\"https:\/\/dermo.com\/productos-de-limpieza-para-hoteles\/\"]}]},{\"@type\":\"BreadcrumbList\",\"@id\":\"https:\/\/dermo.com\/productos-de-limpieza-para-hoteles\/#breadcrumb\",\"itemListElement\":[{\"@type\":\"ListItem\",\"position\":1,\"name\":\"Portada\",\"item\":\"https:\/\/dermo.com\/\"},{\"@type\":\"ListItem\",\"position\":2,\"name\":\"Productos de limpieza para hoteles\"}]},{\"@type\":\"WebSite\",\"@id\":\"https:\/\/dermo.com\/#website\",\"url\":\"https:\/\/dermo.com\/\",\"name\":\"Dermo | F\u00e1brica de detergentes\",\"description\":\"Tecnolog\u00eda avanzada, investigaci\u00f3n y desarrollo, respeto por el medio ambiente, competencia, formaci\u00f3n constante y alto nivel de profesionalidad en nuestro equipo humano, empe\u00f1ado en preservar la calidad de vida, la protecci\u00f3n del entorno natural contin\u00faan motiv\u00e1ndonos para desarrollar en nuestros laboratorios nuevos productos con ingredientes activos altamente biodegradables que hacen posible un desarrollo sostenible.\",\"potentialAction\":[{\"@type\":\"SearchAction\",\"target\":{\"@type\":\"EntryPoint\",\"urlTemplate\":\"https:\/\/dermo.com\/?s={search_term_string}\"},\"query-input\":{\"@type\":\"PropertyValueSpecification\",\"valueRequired\":true,\"valueName\":\"search_term_string\"}}],\"inLanguage\":\"fr-FR\"}]}<\/script>\n<!-- \/ Yoast SEO plugin. -->","yoast_head_json":{"title":"Produits d&#039;entretien pour h\u00f4tels - Dermo | Usine de d\u00e9tergents","robots":{"index":"index","follow":"follow","max-snippet":"max-snippet:-1","max-image-preview":"max-image-preview:large","max-video-preview":"max-video-preview:-1"},"canonical":"https:\/\/dermo.com\/fr\/produits-de-nettoyage-pour-hotels\/","og_locale":"fr_FR","og_type":"article","og_title":"Productos de limpieza para hoteles - Dermo | F\u00e1brica de detergentes","og_description":"Dermo cuenta con 30 a\u00f1os de experiencia en la fabricaci\u00f3n y el dise\u00f1o de\u00a0productos de limpieza. A lo largo de estos a\u00f1os hemos ido perfeccionando t\u00e9cnicas y f\u00f3rmulas, para conseguir\u00a0productos de limpieza\u00a0m\u00e1s espec\u00edficos, como por ejemplo producto de\u00a0limpieza\u00a0para\u00a0hoteles. Sabemos que los\u00a0hoteles\u00a0necesitan\u00a0productos de limpieza\u00a0espec\u00edficos, para mantener una correcta higiene en sus instalaciones, de forma diaria, con&hellip;&nbsp;Lire la suite &raquo;Productos de limpieza para hoteles","og_url":"https:\/\/dermo.com\/fr\/produits-de-nettoyage-pour-hotels\/","og_site_name":"Dermo | F\u00e1brica de detergentes","article_modified_time":"2025-02-19T11:30:48+00:00","twitter_card":"summary_large_image","twitter_misc":{"Dur\u00e9e de lecture estim\u00e9e":"3 minutes"},"schema":{"@context":"https:\/\/schema.org","@graph":[{"@type":"WebPage","@id":"https:\/\/dermo.com\/productos-de-limpieza-para-hoteles\/","url":"https:\/\/dermo.com\/productos-de-limpieza-para-hoteles\/","name":"Produits d&#039;entretien pour h\u00f4tels - Dermo | Usine de d\u00e9tergents","isPartOf":{"@id":"https:\/\/dermo.com\/#website"},"datePublished":"2025-01-31T09:22:05+00:00","dateModified":"2025-02-19T11:30:48+00:00","breadcrumb":{"@id":"https:\/\/dermo.com\/productos-de-limpieza-para-hoteles\/#breadcrumb"},"inLanguage":"fr-FR","potentialAction":[{"@type":"ReadAction","target":["https:\/\/dermo.com\/productos-de-limpieza-para-hoteles\/"]}]},{"@type":"BreadcrumbList","@id":"https:\/\/dermo.com\/productos-de-limpieza-para-hoteles\/#breadcrumb","itemListElement":[{"@type":"ListItem","position":1,"name":"Portada","item":"https:\/\/dermo.com\/"},{"@type":"ListItem","position":2,"name":"Productos de limpieza para hoteles"}]},{"@type":"WebSite","@id":"https:\/\/dermo.com\/#website","url":"https:\/\/dermo.com\/","name":"Dermo | usine de d\u00e9tergents","description":"Technologie avanc\u00e9e, recherche et d\u00e9veloppement, respect de l&#039;environnement, comp\u00e9tence, formation constante et haut niveau de professionnalisme de notre \u00e9quipe humaine, engag\u00e9e \u00e0 pr\u00e9server la qualit\u00e9 de vie, la protection de l&#039;environnement naturel continuent de nous motiver \u00e0 d\u00e9velopper de nouveaux produits dans notre laboratoires aux principes actifs hautement biod\u00e9gradables qui rendent possible le d\u00e9veloppement durable.","potentialAction":[{"@type":"SearchAction","target":{"@type":"EntryPoint","urlTemplate":"https:\/\/dermo.com\/?s={search_term_string}"},"query-input":{"@type":"PropertyValueSpecification","valueRequired":true,"valueName":"search_term_string"}}],"inLanguage":"fr-FR"}]}},"_links":{"self":[{"href":"https:\/\/dermo.com\/fr\/wp-json\/wp\/v2\/pages\/12780","targetHints":{"allow":["GET"]}}],"collection":[{"href":"https:\/\/dermo.com\/fr\/wp-json\/wp\/v2\/pages"}],"about":[{"href":"https:\/\/dermo.com\/fr\/wp-json\/wp\/v2\/types\/page"}],"author":[{"embeddable":true,"href":"https:\/\/dermo.com\/fr\/wp-json\/wp\/v2\/users\/2"}],"replies":[{"embeddable":true,"href":"https:\/\/dermo.com\/fr\/wp-json\/wp\/v2\/comments?post=12780"}],"version-history":[{"count":7,"href":"https:\/\/dermo.com\/fr\/wp-json\/wp\/v2\/pages\/12780\/revisions"}],"predecessor-version":[{"id":13690,"href":"https:\/\/dermo.com\/fr\/wp-json\/wp\/v2\/pages\/12780\/revisions\/13690"}],"wp:attachment":[{"href":"https:\/\/dermo.com\/fr\/wp-json\/wp\/v2\/media?parent=12780"}],"curies":[{"name":"wp","href":"https:\/\/api.w.org\/{rel}","templated":true}]}}