{"id":12781,"date":"2025-01-31T10:21:44","date_gmt":"2025-01-31T09:21:44","guid":{"rendered":"https:\/\/dermo.com\/?page_id=12781"},"modified":"2025-02-19T12:38:10","modified_gmt":"2025-02-19T11:38:10","slug":"cosmetiques-pour-salle-blanche","status":"publish","type":"page","link":"https:\/\/dermo.com\/fr\/cosmetiques-pour-salle-blanche\/","title":{"rendered":"Cosm\u00e9tiques pour salle blanche"},"content":{"rendered":"<div data-elementor-type=\"wp-page\" data-elementor-id=\"12781\" class=\"elementor elementor-12781\" data-elementor-post-type=\"page\">\n\t\t\t\t\t\t<section class=\"elementor-section elementor-top-section elementor-element elementor-element-a02683f elementor-section-boxed elementor-section-height-default elementor-section-height-default\" data-id=\"a02683f\" data-element_type=\"section\" data-e-type=\"section\" data-settings=\"{&quot;background_background&quot;:&quot;classic&quot;}\">\n\t\t\t\t\t\t\t<div class=\"elementor-background-overlay\"><\/div>\n\t\t\t\t\t\t\t<div class=\"elementor-container elementor-column-gap-default\">\n\t\t\t\t\t<div class=\"elementor-column elementor-col-100 elementor-top-column elementor-element elementor-element-f99dbff\" data-id=\"f99dbff\" data-element_type=\"column\" data-e-type=\"column\">\n\t\t\t<div class=\"elementor-widget-wrap elementor-element-populated\">\n\t\t\t\t\t\t\t<\/div>\n\t\t<\/div>\n\t\t\t\t\t<\/div>\n\t\t<\/section>\n\t\t\t\t<section class=\"elementor-section elementor-top-section elementor-element elementor-element-233ad3a4 elementor-section-boxed elementor-section-height-default elementor-section-height-default\" data-id=\"233ad3a4\" data-element_type=\"section\" data-e-type=\"section\">\n\t\t\t\t\t\t<div class=\"elementor-container elementor-column-gap-default\">\n\t\t\t\t\t<div class=\"elementor-column elementor-col-100 elementor-top-column elementor-element elementor-element-3244e578\" data-id=\"3244e578\" data-element_type=\"column\" data-e-type=\"column\">\n\t\t\t<div class=\"elementor-widget-wrap elementor-element-populated\">\n\t\t\t\t\t\t<section class=\"elementor-section elementor-inner-section elementor-element elementor-element-1a7040c2 elementor-section-content-middle elementor-section-boxed elementor-section-height-default elementor-section-height-default\" data-id=\"1a7040c2\" data-element_type=\"section\" data-e-type=\"section\">\n\t\t\t\t\t\t<div class=\"elementor-container elementor-column-gap-default\">\n\t\t\t\t\t<div class=\"elementor-column elementor-col-50 elementor-inner-column elementor-element elementor-element-58338543\" data-id=\"58338543\" data-element_type=\"column\" data-e-type=\"column\">\n\t\t\t<div class=\"elementor-widget-wrap elementor-element-populated\">\n\t\t\t\t\t\t<div class=\"elementor-element elementor-element-464b2e11 elementor-widget elementor-widget-text-editor\" data-id=\"464b2e11\" data-element_type=\"widget\" data-e-type=\"widget\" data-widget_type=\"text-editor.default\">\n\t\t\t\t<div class=\"elementor-widget-container\">\n\t\t\t\t\t\t\t\t\t<p>Chez Dermo, vous trouverez les meilleurs produits de nettoyage et d&#039;hygi\u00e8ne personnelle, fabriqu\u00e9s avec le plus grand soin dans nos\u00a0<strong>salle blanche<\/strong>\u00a0pour\u00a0<strong>produits de beaut\u00e9<\/strong>. Un espace d\u00e9sinfect\u00e9 et st\u00e9rile o\u00f9 m\u00eame un soup\u00e7on de contamination ne peut entrer et o\u00f9 la temp\u00e9rature, l&#039;air et l&#039;humidit\u00e9 ont des param\u00e8tres tr\u00e8s sp\u00e9cifiques pour garantir que la cr\u00e9ation de nos produits cosm\u00e9tiques et d&#039;hygi\u00e8ne personnelle est pure, s\u00fbre, stable et exempte de tout type de micro-organisme.<\/p><p>Gr\u00e2ce au travail que nous faisons dans notre\u00a0<strong>salle blanche<\/strong>\u00a0de\u00a0<strong>produits de beaut\u00e9<\/strong>\u00a0Nous obtenons des produits efficaces, de haute qualit\u00e9 et hautement hydratants qui procurent une peau propre, douce et bien soign\u00e9e. Tous les produits fabriqu\u00e9s dans la salle blanche cosm\u00e9tique sont compos\u00e9s d&#039;ingr\u00e9dients actifs tr\u00e8s d\u00e9licats, qui visent \u00e0 apporter un \u00e9quilibre naturel \u00e0 la peau gr\u00e2ce \u00e0 l&#039;utilisation d&#039;un pH neutre. En utilisant nos produits d&#039;hygi\u00e8ne personnelle, vous pourrez prendre soin de vos cheveux, de votre corps, de votre visage et de vos mains de la mani\u00e8re la plus s\u00fbre et la plus prudente possible, gr\u00e2ce \u00e0 la formule de nos produits compos\u00e9e d&#039;ingr\u00e9dients hautement hydratants.<\/p>\t\t\t\t\t\t\t\t<\/div>\n\t\t\t\t<\/div>\n\t\t\t\t\t<\/div>\n\t\t<\/div>\n\t\t\t\t<div class=\"elementor-column elementor-col-50 elementor-inner-column elementor-element elementor-element-aab53dd elementor-invisible\" data-id=\"aab53dd\" data-element_type=\"column\" data-e-type=\"column\" data-settings=\"{&quot;animation&quot;:&quot;bounceInRight&quot;}\">\n\t\t\t<div class=\"elementor-widget-wrap elementor-element-populated\">\n\t\t\t\t\t\t<div class=\"elementor-element elementor-element-cf99022 elementor-widget__width-initial elementor-widget elementor-widget-elementskit-contact-form7\" data-id=\"cf99022\" data-element_type=\"widget\" data-e-type=\"widget\" data-widget_type=\"elementskit-contact-form7.default\">\n\t\t\t\t<div class=\"elementor-widget-container\">\n\t\t\t\t\t<div class=\"ekit-wid-con\" ><div class=\"ekit-form\">\n<div class=\"wpcf7 no-js\" id=\"wpcf7-f13292-p12781-o1\" lang=\"es-ES\" dir=\"ltr\" data-wpcf7-id=\"13292\">\n<div class=\"screen-reader-response\"><p role=\"status\" aria-live=\"polite\" aria-atomic=\"true\"><\/p> <ul><\/ul><\/div>\n<form action=\"\/fr\/cosmetiques-pour-salle-blanche\/#wpcf7-f13292-p12781-o1\" method=\"post\" class=\"wpcf7-form init\" aria-label=\"Formulaire de contact\" novalidate=\"novalidate\" data-status=\"init\" data-trp-original-action=\"\/sala-blanca-cosmeticos\/#wpcf7-f13292-p12781-o1\">\n<fieldset class=\"hidden-fields-container\"><input type=\"hidden\" name=\"_wpcf7\" value=\"13292\" \/><input type=\"hidden\" name=\"_wpcf7_version\" value=\"6.1.5\" \/><input type=\"hidden\" name=\"_wpcf7_locale\" value=\"es_ES\" \/><input type=\"hidden\" name=\"_wpcf7_unit_tag\" value=\"wpcf7-f13292-p12781-o1\" \/><input type=\"hidden\" name=\"_wpcf7_container_post\" value=\"12781\" \/><input type=\"hidden\" name=\"_wpcf7_posted_data_hash\" value=\"\" \/><input type=\"hidden\" name=\"_wpcf7_recaptcha_response\" value=\"\" \/>\n<\/fieldset>\n<div style=\"display: flex; gap: 10px;\">\n\t<div style=\"width: 50%;\">\n\t\t<p><span class=\"wpcf7-form-control-wrap\" data-name=\"your-name\"><input size=\"40\" maxlength=\"400\" class=\"wpcf7-form-control wpcf7-text wpcf7-validates-as-required\" aria-required=\"true\" aria-invalid=\"false\" placeholder=\"Nom\" value=\"\" type=\"text\" name=\"your-name\" \/><\/span>\n\t\t<\/p>\n\t<\/div>\n\t<div style=\"width: 50%;\">\n\t\t<p><span class=\"wpcf7-form-control-wrap\" data-name=\"your-phone\"><input size=\"40\" maxlength=\"400\" class=\"wpcf7-form-control wpcf7-tel wpcf7-validates-as-required wpcf7-text wpcf7-validates-as-tel\" aria-required=\"true\" aria-invalid=\"false\" placeholder=\"T\u00e9l\u00e9phone\" value=\"\" type=\"tel\" name=\"your-phone\" \/><\/span>\n\t\t<\/p>\n\t<\/div>\n<\/div>\n<p><span class=\"wpcf7-form-control-wrap\" data-name=\"your-email\"><input size=\"40\" maxlength=\"400\" class=\"wpcf7-form-control wpcf7-email wpcf7-validates-as-required wpcf7-text wpcf7-validates-as-email\" aria-required=\"true\" aria-invalid=\"false\" placeholder=\"E-mail\" value=\"\" type=\"email\" name=\"your-email\" \/><\/span>\n<\/p>\n<div style=\"display: flex; gap: 10px;\">\n\t<div style=\"width: 50%;\">\n\t\t<p><span class=\"wpcf7-form-control-wrap\" data-name=\"your-country\"><input size=\"40\" maxlength=\"400\" class=\"wpcf7-form-control wpcf7-text wpcf7-validates-as-required\" aria-required=\"true\" aria-invalid=\"false\" placeholder=\"Pays\" value=\"\" type=\"text\" name=\"your-country\" \/><\/span>\n\t\t<\/p>\n\t<\/div>\n\t<div style=\"width: 50%;\">\n\t\t<p><span class=\"wpcf7-form-control-wrap\" data-name=\"your-city\"><input size=\"40\" maxlength=\"400\" class=\"wpcf7-form-control wpcf7-text wpcf7-validates-as-required\" aria-required=\"true\" aria-invalid=\"false\" placeholder=\"Population\" value=\"\" type=\"text\" name=\"your-city\" \/><\/span>\n\t\t<\/p>\n\t<\/div>\n<\/div>\n<p><span class=\"wpcf7-form-control-wrap\" data-name=\"your-subject\"><select class=\"wpcf7-form-control wpcf7-select\" aria-invalid=\"false\" name=\"your-subject\"><option value=\"Quiero ser distribuidor\">Je veux \u00eatre distributeur<\/option><option value=\"Presupuesto\">Budget<\/option><option value=\"Consulta\">Consultation<\/option><option value=\"Sugerencia\">Suggestion<\/option><option value=\"Otros\">Autres<\/option><\/select><\/span>\n<\/p>\n<p><span class=\"wpcf7-form-control-wrap\" data-name=\"your-message\"><textarea cols=\"40\" rows=\"10\" maxlength=\"2000\" class=\"wpcf7-form-control wpcf7-textarea\" aria-invalid=\"false\" placeholder=\"Message ou demande\" name=\"your-message\"><\/textarea><\/span>\n<\/p>\n<div style=\"display: flex; align-items: center; gap: 10px;\">\n\t<p><span class=\"wpcf7-form-control-wrap\" data-name=\"privacy-policy\"><span class=\"wpcf7-form-control wpcf7-acceptance\"><span class=\"wpcf7-list-item\"><input type=\"checkbox\" name=\"privacy-policy\" value=\"1\" aria-invalid=\"false\" \/><\/span><\/span><\/span><label for=\"privacy-policy\" style=\"margin-left: 5px;\">J&#039;ai lu et accept\u00e9 la politique de confidentialit\u00e9.<\/label>\n\t<\/p>\n<\/div>\n<div style=\"display: flex; align-items: center; gap: 10px;\">\n\t<p><span class=\"wpcf7-form-control-wrap\" data-name=\"send-info\"><span class=\"wpcf7-form-control wpcf7-acceptance\"><span class=\"wpcf7-list-item\"><input type=\"checkbox\" name=\"send-info\" value=\"1\" aria-invalid=\"false\" \/><\/span><\/span><\/span><label for=\"send-info\" style=\"margin-left: 5px;\">J&#039;accepte de recevoir des informations.<\/label>\n\t<\/p>\n<\/div>\n<p><input class=\"wpcf7-form-control wpcf7-submit has-spinner\" type=\"submit\" value=\"Envoyer\" \/>\n<\/p><div class=\"wpcf7-response-output\" aria-hidden=\"true\"><\/div>\n<input type=\"hidden\" name=\"trp-form-language\" value=\"fr\"\/><\/form>\n<\/div>\n<\/div><\/div>\t\t\t\t<\/div>\n\t\t\t\t<\/div>\n\t\t\t\t\t<\/div>\n\t\t<\/div>\n\t\t\t\t\t<\/div>\n\t\t<\/section>\n\t\t\t\t<div class=\"elementor-element elementor-element-615d68f elementor-widget elementor-widget-text-editor\" data-id=\"615d68f\" data-element_type=\"widget\" data-e-type=\"widget\" data-widget_type=\"text-editor.default\">\n\t\t\t\t<div class=\"elementor-widget-container\">\n\t\t\t\t\t\t\t\t\t<p>Dans le\u00a0<strong>salle blanche<\/strong>\u00a0de\u00a0<strong>produits de beaut\u00e9<\/strong>\u00a0Nous fabriquons du shampoing, du gel douche, du savon pour les mains, de la cr\u00e8me d\u00e9graissante pour les mains, etc. Ils sont tous fabriqu\u00e9s \u00e0 partir d&#039;ingr\u00e9dients hydratants con\u00e7us pour le soin de la peau, tels que l&#039;aloe vera, les amandes douces, la grenade, la glyc\u00e9rine, etc. Ce sont des produits con\u00e7us pour un usage personnel, mais nous proposons \u00e9galement des formats con\u00e7us pour un usage industriel, par exemple le gel pour les mains Gelman F., Gelman Foam ou la cr\u00e8me d\u00e9graissante pour les mains Gelman ou PM3, cette derni\u00e8re con\u00e7ue pour dissoudre la graisse ou l&#039;huile br\u00fbl\u00e9e, les lubrifiants, les encres, la rouille ou le carbone des mains, obtenant toujours une protection maximale.<\/p><p>Chez Dermo, vous trouverez un catalogue large et vari\u00e9 avec toutes sortes de produits sp\u00e9cifiques pour le nettoyage et l&#039;hygi\u00e8ne, tant industriels que personnels, capables de r\u00e9soudre toutes sortes de taches ou de salet\u00e9s. Avec plus de trente ans d&#039;exp\u00e9rience, nous pouvons garantir un travail professionnel engag\u00e9 envers nos clients, qui assure un nettoyage en profondeur, efficace et durable. Nous sommes actuellement consid\u00e9r\u00e9s comme l\u2019un des principaux fabricants et distributeurs de produits de nettoyage professionnels dans ce secteur.<\/p><p>Chez Dermo vous trouverez des produits de lessive, des d\u00e9tartrants, des d\u00e9sinfectants, des d\u00e9graissants, des produits de traitement des sols, des produits d&#039;entretien, des produits industriels et automobiles, des nettoyants pour salle de bain, des produits \u00e9cologiques, des assainisseurs d&#039;air, etc. Nous sommes donc s\u00fbrs que vous pourrez trouver le produit dont vous avez besoin \u00e0 tout moment. Sur notre site Web, vous pouvez en apprendre un peu plus sur notre philosophie d&#039;entreprise, notre\u00a0<strong>salle blanche\u00a0<\/strong>de<strong>\u00a0produits de beaut\u00e9<\/strong>, consultez tous les produits que nous pr\u00e9sentons dans notre catalogue et suivez toutes les nouveaut\u00e9s que nous publions chaque semaine sur notre blog.<\/p>\t\t\t\t\t\t\t\t<\/div>\n\t\t\t\t<\/div>\n\t\t\t\t\t<\/div>\n\t\t<\/div>\n\t\t\t\t\t<\/div>\n\t\t<\/section>\n\t\t\t\t<section class=\"elementor-section elementor-top-section elementor-element elementor-element-484f41e elementor-section-full_width elementor-section-height-default elementor-section-height-default elementor-invisible\" data-id=\"484f41e\" data-element_type=\"section\" data-e-type=\"section\" data-settings=\"{&quot;animation&quot;:&quot;slideInUp&quot;}\">\n\t\t\t\t\t\t<div class=\"elementor-container elementor-column-gap-default\">\n\t\t\t\t\t<div class=\"elementor-column elementor-col-100 elementor-top-column elementor-element elementor-element-19948363\" data-id=\"19948363\" data-element_type=\"column\" data-e-type=\"column\">\n\t\t\t<div class=\"elementor-widget-wrap elementor-element-populated\">\n\t\t\t\t\t\t<div class=\"elementor-element elementor-element-339044a4 elementor-widget elementor-widget-google_maps\" data-id=\"339044a4\" data-element_type=\"widget\" data-e-type=\"widget\" data-widget_type=\"google_maps.default\">\n\t\t\t\t<div class=\"elementor-widget-container\">\n\t\t\t\t\t\t\t<div class=\"elementor-custom-embed\">\n\t\t\t<iframe loading=\"lazy\"\n\t\t\t\t\tsrc=\"https:\/\/maps.google.com\/maps?q=C%2F%20Pintor%20Joan%20Miro%2C%2016.%20Pol.%20Ind.%20Can%20Humet%20de%20Dalt%2C%2008213%20Poliny%C3%A0.%20Barcelona&#038;t=m&#038;z=15&#038;output=embed&#038;iwloc=near\"\n\t\t\t\t\ttitle=\"C\/ Pintor Joan Miro, 16. Pol. Ind. Can Humet de Dalt, 08213 Poliny\u00e0. Barcelone\"\n\t\t\t\t\taria-label=\"C\/ Pintor Joan Miro, 16. Pol. Ind. Can Humet de Dalt, 08213 Poliny\u00e0. Barcelone\"\n\t\t\t><\/iframe>\n\t\t<\/div>\n\t\t\t\t\t\t<\/div>\n\t\t\t\t<\/div>\n\t\t\t\t\t<\/div>\n\t\t<\/div>\n\t\t\t\t\t<\/div>\n\t\t<\/section>\n\t\t\t\t<\/div>","protected":false},"excerpt":{"rendered":"<p>Chez Dermo, vous trouverez les meilleurs produits d&#039;entretien et d&#039;hygi\u00e8ne personnelle, fabriqu\u00e9s avec le plus grand soin dans notre salle blanche d\u00e9di\u00e9e aux cosm\u00e9tiques. Un espace d\u00e9sinfect\u00e9 et st\u00e9rile o\u00f9 aucune trace de contamination ne p\u00e9n\u00e8tre, et o\u00f9 la temp\u00e9rature, l&#039;air et l&#039;humidit\u00e9 sont r\u00e9gul\u00e9s selon des param\u00e8tres tr\u00e8s pr\u00e9cis pour garantir la cr\u00e9ation de\u2026&nbsp;<a href=\"https:\/\/dermo.com\/fr\/cosmetiques-pour-salle-blanche\/\" rel=\"bookmark\">En savoir plus &quot;<span class=\"screen-reader-text\">Cosm\u00e9tiques pour salle blanche<\/span><\/a><\/p>","protected":false},"author":2,"featured_media":0,"parent":0,"menu_order":0,"comment_status":"closed","ping_status":"closed","template":"page-templates\/template-pagebuilder-full-width.php","meta":{"neve_meta_sidebar":"","neve_meta_container":"","neve_meta_enable_content_width":"","neve_meta_content_width":0,"neve_meta_title_alignment":"","neve_meta_author_avatar":"","neve_post_elements_order":"","neve_meta_disable_header":"","neve_meta_disable_footer":"","neve_meta_disable_title":"","footnotes":""},"class_list":["post-12781","page","type-page","status-publish","hentry"],"yoast_head":"<!-- This site is optimized with the Yoast SEO plugin v27.0 - https:\/\/yoast.com\/product\/yoast-seo-wordpress\/ -->\n<title>Sala blanca cosm\u00e9ticos - Dermo | F\u00e1brica de detergentes<\/title>\n<meta name=\"robots\" content=\"index, follow, max-snippet:-1, max-image-preview:large, max-video-preview:-1\" \/>\n<link rel=\"canonical\" href=\"https:\/\/dermo.com\/fr\/cosmetiques-pour-salle-blanche\/\" \/>\n<meta property=\"og:locale\" content=\"fr_FR\" \/>\n<meta property=\"og:type\" content=\"article\" \/>\n<meta property=\"og:title\" content=\"Sala blanca cosm\u00e9ticos - Dermo | F\u00e1brica de detergentes\" \/>\n<meta property=\"og:description\" content=\"En Dermo encontrar\u00e1s los mejores productos de limpieza y de higiene personal, fabricados con el m\u00e1ximo cuidado en nuestra\u00a0sala blanca\u00a0para\u00a0cosm\u00e9ticos. Un espacio desinfectado y est\u00e9ril en el que no entra ni un \u00e1pice de contaminaci\u00f3n y donde la temperatura, el aire y la humedad tienen unos baremos muy concretos para conseguir que la creaci\u00f3n de&hellip;&nbsp;Lire la suite &raquo;Sala blanca cosm\u00e9ticos\" \/>\n<meta property=\"og:url\" content=\"https:\/\/dermo.com\/fr\/cosmetiques-pour-salle-blanche\/\" \/>\n<meta property=\"og:site_name\" content=\"Dermo | F\u00e1brica de detergentes\" \/>\n<meta property=\"article:modified_time\" content=\"2025-02-19T11:38:10+00:00\" \/>\n<meta name=\"twitter:card\" content=\"summary_large_image\" \/>\n<meta name=\"twitter:label1\" content=\"Dur\u00e9e de lecture estim\u00e9e\" \/>\n\t<meta name=\"twitter:data1\" content=\"3 minutes\" \/>\n<script type=\"application\/ld+json\" class=\"yoast-schema-graph\">{\"@context\":\"https:\/\/schema.org\",\"@graph\":[{\"@type\":\"WebPage\",\"@id\":\"https:\/\/dermo.com\/sala-blanca-cosmeticos\/\",\"url\":\"https:\/\/dermo.com\/sala-blanca-cosmeticos\/\",\"name\":\"Sala blanca cosm\u00e9ticos - Dermo | F\u00e1brica de detergentes\",\"isPartOf\":{\"@id\":\"https:\/\/dermo.com\/#website\"},\"datePublished\":\"2025-01-31T09:21:44+00:00\",\"dateModified\":\"2025-02-19T11:38:10+00:00\",\"breadcrumb\":{\"@id\":\"https:\/\/dermo.com\/sala-blanca-cosmeticos\/#breadcrumb\"},\"inLanguage\":\"fr-FR\",\"potentialAction\":[{\"@type\":\"ReadAction\",\"target\":[\"https:\/\/dermo.com\/sala-blanca-cosmeticos\/\"]}]},{\"@type\":\"BreadcrumbList\",\"@id\":\"https:\/\/dermo.com\/sala-blanca-cosmeticos\/#breadcrumb\",\"itemListElement\":[{\"@type\":\"ListItem\",\"position\":1,\"name\":\"Portada\",\"item\":\"https:\/\/dermo.com\/\"},{\"@type\":\"ListItem\",\"position\":2,\"name\":\"Sala blanca cosm\u00e9ticos\"}]},{\"@type\":\"WebSite\",\"@id\":\"https:\/\/dermo.com\/#website\",\"url\":\"https:\/\/dermo.com\/\",\"name\":\"Dermo | F\u00e1brica de detergentes\",\"description\":\"Tecnolog\u00eda avanzada, investigaci\u00f3n y desarrollo, respeto por el medio ambiente, competencia, formaci\u00f3n constante y alto nivel de profesionalidad en nuestro equipo humano, empe\u00f1ado en preservar la calidad de vida, la protecci\u00f3n del entorno natural contin\u00faan motiv\u00e1ndonos para desarrollar en nuestros laboratorios nuevos productos con ingredientes activos altamente biodegradables que hacen posible un desarrollo sostenible.\",\"potentialAction\":[{\"@type\":\"SearchAction\",\"target\":{\"@type\":\"EntryPoint\",\"urlTemplate\":\"https:\/\/dermo.com\/?s={search_term_string}\"},\"query-input\":{\"@type\":\"PropertyValueSpecification\",\"valueRequired\":true,\"valueName\":\"search_term_string\"}}],\"inLanguage\":\"fr-FR\"}]}<\/script>\n<!-- \/ Yoast SEO plugin. -->","yoast_head_json":{"title":"Cosm\u00e9tiques pour salle blanche - Dermo | Usine de d\u00e9tergents","robots":{"index":"index","follow":"follow","max-snippet":"max-snippet:-1","max-image-preview":"max-image-preview:large","max-video-preview":"max-video-preview:-1"},"canonical":"https:\/\/dermo.com\/fr\/cosmetiques-pour-salle-blanche\/","og_locale":"fr_FR","og_type":"article","og_title":"Sala blanca cosm\u00e9ticos - Dermo | F\u00e1brica de detergentes","og_description":"En Dermo encontrar\u00e1s los mejores productos de limpieza y de higiene personal, fabricados con el m\u00e1ximo cuidado en nuestra\u00a0sala blanca\u00a0para\u00a0cosm\u00e9ticos. Un espacio desinfectado y est\u00e9ril en el que no entra ni un \u00e1pice de contaminaci\u00f3n y donde la temperatura, el aire y la humedad tienen unos baremos muy concretos para conseguir que la creaci\u00f3n de&hellip;&nbsp;Lire la suite &raquo;Sala blanca cosm\u00e9ticos","og_url":"https:\/\/dermo.com\/fr\/cosmetiques-pour-salle-blanche\/","og_site_name":"Dermo | F\u00e1brica de detergentes","article_modified_time":"2025-02-19T11:38:10+00:00","twitter_card":"summary_large_image","twitter_misc":{"Dur\u00e9e de lecture estim\u00e9e":"3 minutes"},"schema":{"@context":"https:\/\/schema.org","@graph":[{"@type":"WebPage","@id":"https:\/\/dermo.com\/sala-blanca-cosmeticos\/","url":"https:\/\/dermo.com\/sala-blanca-cosmeticos\/","name":"Cosm\u00e9tiques pour salle blanche - Dermo | Usine de d\u00e9tergents","isPartOf":{"@id":"https:\/\/dermo.com\/#website"},"datePublished":"2025-01-31T09:21:44+00:00","dateModified":"2025-02-19T11:38:10+00:00","breadcrumb":{"@id":"https:\/\/dermo.com\/sala-blanca-cosmeticos\/#breadcrumb"},"inLanguage":"fr-FR","potentialAction":[{"@type":"ReadAction","target":["https:\/\/dermo.com\/sala-blanca-cosmeticos\/"]}]},{"@type":"BreadcrumbList","@id":"https:\/\/dermo.com\/sala-blanca-cosmeticos\/#breadcrumb","itemListElement":[{"@type":"ListItem","position":1,"name":"Portada","item":"https:\/\/dermo.com\/"},{"@type":"ListItem","position":2,"name":"Sala blanca cosm\u00e9ticos"}]},{"@type":"WebSite","@id":"https:\/\/dermo.com\/#website","url":"https:\/\/dermo.com\/","name":"Dermo | usine de d\u00e9tergents","description":"Technologie avanc\u00e9e, recherche et d\u00e9veloppement, respect de l&#039;environnement, comp\u00e9tence, formation constante et haut niveau de professionnalisme de notre \u00e9quipe humaine, engag\u00e9e \u00e0 pr\u00e9server la qualit\u00e9 de vie, la protection de l&#039;environnement naturel continuent de nous motiver \u00e0 d\u00e9velopper de nouveaux produits dans notre laboratoires aux principes actifs hautement biod\u00e9gradables qui rendent possible le d\u00e9veloppement durable.","potentialAction":[{"@type":"SearchAction","target":{"@type":"EntryPoint","urlTemplate":"https:\/\/dermo.com\/?s={search_term_string}"},"query-input":{"@type":"PropertyValueSpecification","valueRequired":true,"valueName":"search_term_string"}}],"inLanguage":"fr-FR"}]}},"_links":{"self":[{"href":"https:\/\/dermo.com\/fr\/wp-json\/wp\/v2\/pages\/12781","targetHints":{"allow":["GET"]}}],"collection":[{"href":"https:\/\/dermo.com\/fr\/wp-json\/wp\/v2\/pages"}],"about":[{"href":"https:\/\/dermo.com\/fr\/wp-json\/wp\/v2\/types\/page"}],"author":[{"embeddable":true,"href":"https:\/\/dermo.com\/fr\/wp-json\/wp\/v2\/users\/2"}],"replies":[{"embeddable":true,"href":"https:\/\/dermo.com\/fr\/wp-json\/wp\/v2\/comments?post=12781"}],"version-history":[{"count":7,"href":"https:\/\/dermo.com\/fr\/wp-json\/wp\/v2\/pages\/12781\/revisions"}],"predecessor-version":[{"id":13741,"href":"https:\/\/dermo.com\/fr\/wp-json\/wp\/v2\/pages\/12781\/revisions\/13741"}],"wp:attachment":[{"href":"https:\/\/dermo.com\/fr\/wp-json\/wp\/v2\/media?parent=12781"}],"curies":[{"name":"wp","href":"https:\/\/api.w.org\/{rel}","templated":true}]}}