{"id":12797,"date":"2025-01-31T10:28:05","date_gmt":"2025-01-31T09:28:05","guid":{"rendered":"https:\/\/dermo.com\/?page_id=12797"},"modified":"2025-02-19T11:56:02","modified_gmt":"2025-02-19T10:56:02","slug":"usine-de-detergents-en-marque-blanche","status":"publish","type":"page","link":"https:\/\/dermo.com\/fr\/usine-de-detergents-en-marque-blanche\/","title":{"rendered":"Usine de d\u00e9tergents en marque blanche"},"content":{"rendered":"<div data-elementor-type=\"wp-page\" data-elementor-id=\"12797\" class=\"elementor elementor-12797\" data-elementor-post-type=\"page\">\n\t\t\t\t\t\t<section class=\"elementor-section elementor-top-section elementor-element elementor-element-a02683f elementor-section-boxed elementor-section-height-default elementor-section-height-default\" data-id=\"a02683f\" data-element_type=\"section\" data-e-type=\"section\" data-settings=\"{&quot;background_background&quot;:&quot;classic&quot;}\">\n\t\t\t\t\t\t\t<div class=\"elementor-background-overlay\"><\/div>\n\t\t\t\t\t\t\t<div class=\"elementor-container elementor-column-gap-default\">\n\t\t\t\t\t<div class=\"elementor-column elementor-col-100 elementor-top-column elementor-element elementor-element-f99dbff\" data-id=\"f99dbff\" data-element_type=\"column\" data-e-type=\"column\">\n\t\t\t<div class=\"elementor-widget-wrap elementor-element-populated\">\n\t\t\t\t\t\t\t<\/div>\n\t\t<\/div>\n\t\t\t\t\t<\/div>\n\t\t<\/section>\n\t\t\t\t<section class=\"elementor-section elementor-top-section elementor-element elementor-element-233ad3a4 elementor-section-boxed elementor-section-height-default elementor-section-height-default\" data-id=\"233ad3a4\" data-element_type=\"section\" data-e-type=\"section\">\n\t\t\t\t\t\t<div class=\"elementor-container elementor-column-gap-default\">\n\t\t\t\t\t<div class=\"elementor-column elementor-col-100 elementor-top-column elementor-element elementor-element-3244e578\" data-id=\"3244e578\" data-element_type=\"column\" data-e-type=\"column\">\n\t\t\t<div class=\"elementor-widget-wrap elementor-element-populated\">\n\t\t\t\t\t\t<section class=\"elementor-section elementor-inner-section elementor-element elementor-element-1a7040c2 elementor-section-content-middle elementor-section-boxed elementor-section-height-default elementor-section-height-default\" data-id=\"1a7040c2\" data-element_type=\"section\" data-e-type=\"section\">\n\t\t\t\t\t\t<div class=\"elementor-container elementor-column-gap-default\">\n\t\t\t\t\t<div class=\"elementor-column elementor-col-50 elementor-inner-column elementor-element elementor-element-58338543\" data-id=\"58338543\" data-element_type=\"column\" data-e-type=\"column\">\n\t\t\t<div class=\"elementor-widget-wrap elementor-element-populated\">\n\t\t\t\t\t\t<div class=\"elementor-element elementor-element-464b2e11 elementor-widget elementor-widget-text-editor\" data-id=\"464b2e11\" data-element_type=\"widget\" data-e-type=\"widget\" data-widget_type=\"text-editor.default\">\n\t\t\t\t<div class=\"elementor-widget-container\">\n\t\t\t\t\t\t\t\t\t<div id=\"lipsum\"><div class=\"wpb_text_column wpb_content_element\"><div class=\"wpb_wrapper\"><p><strong>Dermo SA,\u00a0<\/strong>C&#039;est \u00e0 toi\u00a0<strong>usine de d\u00e9tergents<\/strong>\u00a0avec une longue histoire dans le secteur de\u00a0<strong>nettoyage\u00a0<\/strong>et le\u00a0<strong>hygi\u00e8ne<\/strong>\u00a0depuis plus de 25 ans, avec un objectif clair et ferme ax\u00e9 sur la satisfaction de tous nos clients en offrant un service que nous respectons et que, avec passion, nous avons \u00e9tabli : le d\u00e9veloppement et la cr\u00e9ation de\u00a0<strong>d\u00e9tergents<\/strong>\u00a0et accessoires et compl\u00e9ments en\u00a0<strong>nettoyage<\/strong>\u00a0et\u00a0<strong>hygi\u00e8ne.<\/strong>\u00a0Le\u00a0<strong>nettoyage<\/strong>\u00a0et le\u00a0<strong>hygi\u00e8ne<\/strong>\u00a0Ils ont \u00e9t\u00e9 tenus pour acquis et n\u2019ont pas \u00e9t\u00e9 consid\u00e9r\u00e9s comme un besoin primordial dans de nombreux cas, mais la v\u00e9rit\u00e9 est que c\u2019est pr\u00e9cis\u00e9ment gr\u00e2ce \u00e0 eux que nous profitons de chaque instant que nous vivons. Profitez de produits qui le certifient\u00a0<strong>nettoyage<\/strong>\u00a0et\u00a0<strong>hygi\u00e8ne<\/strong>, comme\u00a0<strong>d\u00e9tergents<\/strong>, est le service dans lequel nous sommes le mieux sp\u00e9cialis\u00e9s\u00a0<strong>Dermo SA<\/strong>., et pour qui nous ressentons une d\u00e9votion et un respect sinc\u00e8re. L&#039;engagement et la responsabilit\u00e9 que nous ressentons pour le travail que nous r\u00e9alisons nous ont permis de garantir la satisfaction de nos clients qui, \u00e0 leur tour, augmentent notre propre satisfaction.<\/p><p>Dans\u00a0<strong>Dermo SA<\/strong>\u00a0Nous nous sommes sp\u00e9cialis\u00e9s dans la production de nos propres\u00a0<strong>d\u00e9tergents<\/strong>, pas seulement le n\u00f4tre\u00a0<strong>marque<\/strong>, mais aussi dans la cr\u00e9ation de nos propres produits pour nos clients, en g\u00e9n\u00e9rant leurs propres\u00a0<strong>marque blanche<\/strong>\u00a0dans les produits de\u00a0<strong>hygi\u00e8ne<\/strong>\u00a0et\u00a0<strong>nettoyage<\/strong>\u00a0pour le marketing. Des produits tels que des adoucissants, des lave-vaisselle, des azurants, des d\u00e9tartrants ou des nettoyants, en plus de nos produits plus que reconnus\u00a0<strong>d\u00e9tergents<\/strong>, avec de multiples utilisations au niveau\u00a0<strong>domestique<\/strong>\u00a0et\u00a0<strong>industriel,<\/strong> pour les consommateurs nationaux et internationaux, en assurant leurs besoins avec un service aux r\u00e9sultats r\u00e9ussis et satisfaisants.<\/p><\/div><\/div><\/div>\t\t\t\t\t\t\t\t<\/div>\n\t\t\t\t<\/div>\n\t\t\t\t\t<\/div>\n\t\t<\/div>\n\t\t\t\t<div class=\"elementor-column elementor-col-50 elementor-inner-column elementor-element elementor-element-18045a1 elementor-invisible\" data-id=\"18045a1\" data-element_type=\"column\" data-e-type=\"column\" data-settings=\"{&quot;animation&quot;:&quot;bounceInRight&quot;}\">\n\t\t\t<div class=\"elementor-widget-wrap elementor-element-populated\">\n\t\t\t\t\t\t<div class=\"elementor-element elementor-element-4806f42 elementor-widget__width-initial elementor-widget elementor-widget-elementskit-contact-form7\" data-id=\"4806f42\" data-element_type=\"widget\" data-e-type=\"widget\" data-widget_type=\"elementskit-contact-form7.default\">\n\t\t\t\t<div class=\"elementor-widget-container\">\n\t\t\t\t\t<div class=\"ekit-wid-con\" ><div class=\"ekit-form\">\n<div class=\"wpcf7 no-js\" id=\"wpcf7-f13292-p12797-o1\" lang=\"es-ES\" dir=\"ltr\" data-wpcf7-id=\"13292\">\n<div class=\"screen-reader-response\"><p role=\"status\" aria-live=\"polite\" aria-atomic=\"true\"><\/p> <ul><\/ul><\/div>\n<form action=\"\/fr\/usine-de-detergents-en-marque-blanche\/#wpcf7-f13292-p12797-o1\" method=\"post\" class=\"wpcf7-form init\" aria-label=\"Formulario de contacto\" novalidate=\"novalidate\" data-status=\"init\" data-no-translation-aria-label=\"\" data-trp-original-action=\"\/en\/fabrica-detergentes-marca-blanca\/#wpcf7-f13292-p12797-o1\">\n<fieldset class=\"hidden-fields-container\"><input type=\"hidden\" name=\"_wpcf7\" value=\"13292\" \/><input type=\"hidden\" name=\"_wpcf7_version\" value=\"6.1.5\" \/><input type=\"hidden\" name=\"_wpcf7_locale\" value=\"es_ES\" \/><input type=\"hidden\" name=\"_wpcf7_unit_tag\" value=\"wpcf7-f13292-p12797-o1\" \/><input type=\"hidden\" name=\"_wpcf7_container_post\" value=\"12797\" \/><input type=\"hidden\" name=\"_wpcf7_posted_data_hash\" value=\"\" \/><input type=\"hidden\" name=\"_wpcf7_recaptcha_response\" value=\"\" \/>\n<\/fieldset>\n<div style=\"display: flex; gap: 10px;\">\n\t<div style=\"width: 50%;\">\n\t\t<p><span class=\"wpcf7-form-control-wrap\" data-name=\"your-name\"><input size=\"40\" maxlength=\"400\" class=\"wpcf7-form-control wpcf7-text wpcf7-validates-as-required\" aria-required=\"true\" aria-invalid=\"false\" placeholder=\"Nom\" value=\"\" type=\"text\" name=\"your-name\" \/><\/span>\n\t\t<\/p>\n\t<\/div>\n\t<div style=\"width: 50%;\">\n\t\t<p><span class=\"wpcf7-form-control-wrap\" data-name=\"your-phone\"><input size=\"40\" maxlength=\"400\" class=\"wpcf7-form-control wpcf7-tel wpcf7-validates-as-required wpcf7-text wpcf7-validates-as-tel\" aria-required=\"true\" aria-invalid=\"false\" placeholder=\"T\u00e9l\u00e9phone\" value=\"\" type=\"tel\" name=\"your-phone\" \/><\/span>\n\t\t<\/p>\n\t<\/div>\n<\/div>\n<p><span class=\"wpcf7-form-control-wrap\" data-name=\"your-email\"><input size=\"40\" maxlength=\"400\" class=\"wpcf7-form-control wpcf7-email wpcf7-validates-as-required wpcf7-text wpcf7-validates-as-email\" aria-required=\"true\" aria-invalid=\"false\" placeholder=\"E-mail\" value=\"\" type=\"email\" name=\"your-email\" \/><\/span>\n<\/p>\n<div style=\"display: flex; gap: 10px;\">\n\t<div style=\"width: 50%;\">\n\t\t<p><span class=\"wpcf7-form-control-wrap\" data-name=\"your-country\"><input size=\"40\" maxlength=\"400\" class=\"wpcf7-form-control wpcf7-text wpcf7-validates-as-required\" aria-required=\"true\" aria-invalid=\"false\" placeholder=\"Pays\" value=\"\" type=\"text\" name=\"your-country\" \/><\/span>\n\t\t<\/p>\n\t<\/div>\n\t<div style=\"width: 50%;\">\n\t\t<p><span class=\"wpcf7-form-control-wrap\" data-name=\"your-city\"><input size=\"40\" maxlength=\"400\" class=\"wpcf7-form-control wpcf7-text wpcf7-validates-as-required\" aria-required=\"true\" aria-invalid=\"false\" placeholder=\"Population\" value=\"\" type=\"text\" name=\"your-city\" \/><\/span>\n\t\t<\/p>\n\t<\/div>\n<\/div>\n<p><span class=\"wpcf7-form-control-wrap\" data-name=\"your-subject\"><select class=\"wpcf7-form-control wpcf7-select\" aria-invalid=\"false\" name=\"your-subject\"><option value=\"Quiero ser distribuidor\">Je veux \u00eatre distributeur<\/option><option value=\"Presupuesto\">Budget<\/option><option value=\"Consulta\">Consultation<\/option><option value=\"Sugerencia\">Suggestion<\/option><option value=\"Otros\">Autres<\/option><\/select><\/span>\n<\/p>\n<p><span class=\"wpcf7-form-control-wrap\" data-name=\"your-message\"><textarea cols=\"40\" rows=\"10\" maxlength=\"2000\" class=\"wpcf7-form-control wpcf7-textarea\" aria-invalid=\"false\" placeholder=\"Message ou demande\" name=\"your-message\"><\/textarea><\/span>\n<\/p>\n<div style=\"display: flex; align-items: center; gap: 10px;\">\n\t<p><span class=\"wpcf7-form-control-wrap\" data-name=\"privacy-policy\"><span class=\"wpcf7-form-control wpcf7-acceptance\"><span class=\"wpcf7-list-item\"><input type=\"checkbox\" name=\"privacy-policy\" value=\"1\" aria-invalid=\"false\" \/><\/span><\/span><\/span><label for=\"privacy-policy\" style=\"margin-left: 5px;\">J&#039;ai lu et accept\u00e9 la politique de confidentialit\u00e9.<\/label>\n\t<\/p>\n<\/div>\n<div style=\"display: flex; align-items: center; gap: 10px;\">\n\t<p><span class=\"wpcf7-form-control-wrap\" data-name=\"send-info\"><span class=\"wpcf7-form-control wpcf7-acceptance\"><span class=\"wpcf7-list-item\"><input type=\"checkbox\" name=\"send-info\" value=\"1\" aria-invalid=\"false\" \/><\/span><\/span><\/span><label for=\"send-info\" style=\"margin-left: 5px;\">J&#039;accepte de recevoir des informations.<\/label>\n\t<\/p>\n<\/div>\n<p><input class=\"wpcf7-form-control wpcf7-submit has-spinner\" type=\"submit\" value=\"Envoyer\" \/>\n<\/p><div class=\"wpcf7-response-output\" aria-hidden=\"true\"><\/div>\n<input type=\"hidden\" name=\"trp-form-language\" value=\"fr\"\/><\/form>\n<\/div>\n<\/div><\/div>\t\t\t\t<\/div>\n\t\t\t\t<\/div>\n\t\t\t\t\t<\/div>\n\t\t<\/div>\n\t\t\t\t\t<\/div>\n\t\t<\/section>\n\t\t\t\t<div class=\"elementor-element elementor-element-615d68f elementor-widget elementor-widget-text-editor\" data-id=\"615d68f\" data-element_type=\"widget\" data-e-type=\"widget\" data-widget_type=\"text-editor.default\">\n\t\t\t\t<div class=\"elementor-widget-container\">\n\t\t\t\t\t\t\t\t\t<div class=\"wpb_text_column wpb_content_element\"><div class=\"wpb_wrapper\"><p>Gr\u00e2ce \u00e0 l&#039;effort mis dans chaque activit\u00e9 r\u00e9alis\u00e9e par chacun des membres qui composent cette\u00a0<strong>usine de<\/strong>\u00a0<strong>d\u00e9tergents<\/strong>,\u00a0<strong>Dermo SA<\/strong>, et des valeurs qui encouragent le oui de notre travail : pers\u00e9v\u00e9rance, professionnalisme, sacrifice et implication dans le d\u00e9sir de toujours offrir\u00a0<strong>d\u00e9tergents<\/strong>\u00a0et des services avec le degr\u00e9 d&#039;excellence m\u00e9rit\u00e9, r\u00e9pondant \u00e0 l&#039;engagement envers nos clients et leur garantissant la couverture de ce besoin essentiel. C&#039;est pour tout cela que,\u00a0<strong>Dermo SA,\u00a0<\/strong>Avec son travail depuis tant d&#039;ann\u00e9es et sa connaissance du secteur et de toutes les personnes qui en d\u00e9pendent, elle a r\u00e9ussi \u00e0 se positionner comme l&#039;une des\u00a0<strong>usines de d\u00e9tergents<\/strong>\u00a0une r\u00e9f\u00e9rence tant dans notre pays que dans les 34 pays o\u00f9 nos produits sont pr\u00e9sents.<\/p><p><strong>Dermo SA<\/strong>, avec un caract\u00e8re proche et une personnalit\u00e9 bas\u00e9e sur le travail d&#039;\u00e9quipe, comme une famille enti\u00e8re, est devenue une\u00a0<strong>usine de d\u00e9tergents<\/strong>\u00a0dot\u00e9 d&#039;une large gamme de produits efficaces, efficients et engag\u00e9s pour satisfaire ce besoin de premi\u00e8re instance qu&#039;est la\u00a0<strong>hygi\u00e8ne<\/strong>\u00a0et le\u00a0<strong>nettoyage<\/strong>, avec une attention exclusive, personnalis\u00e9e et d\u00e9taill\u00e9e pour prendre soin de ces produits et\u00a0<strong>d\u00e9tergents<\/strong>\u00a0de\u00a0<strong>marque blanche<\/strong>\u00a0qualit\u00e9, qui jettera les bases d\u2019une relation qui durera s\u00fbrement.\u00a0<strong>Dermo SA<\/strong>, le v\u00f4tre\u00a0<strong>usine de d\u00e9tergents<\/strong>\u00a0digne de confiance.<\/p><\/div><\/div>\t\t\t\t\t\t\t\t<\/div>\n\t\t\t\t<\/div>\n\t\t\t\t\t<\/div>\n\t\t<\/div>\n\t\t\t\t\t<\/div>\n\t\t<\/section>\n\t\t\t\t<section class=\"elementor-section elementor-top-section elementor-element elementor-element-484f41e elementor-section-full_width elementor-section-height-default elementor-section-height-default elementor-invisible\" data-id=\"484f41e\" data-element_type=\"section\" data-e-type=\"section\" data-settings=\"{&quot;animation&quot;:&quot;slideInUp&quot;}\">\n\t\t\t\t\t\t<div class=\"elementor-container elementor-column-gap-default\">\n\t\t\t\t\t<div class=\"elementor-column elementor-col-100 elementor-top-column elementor-element elementor-element-19948363\" data-id=\"19948363\" data-element_type=\"column\" data-e-type=\"column\">\n\t\t\t<div class=\"elementor-widget-wrap elementor-element-populated\">\n\t\t\t\t\t\t<div class=\"elementor-element elementor-element-339044a4 elementor-widget elementor-widget-google_maps\" data-id=\"339044a4\" data-element_type=\"widget\" data-e-type=\"widget\" data-widget_type=\"google_maps.default\">\n\t\t\t\t<div class=\"elementor-widget-container\">\n\t\t\t\t\t\t\t<div class=\"elementor-custom-embed\">\n\t\t\t<iframe loading=\"lazy\"\n\t\t\t\t\tsrc=\"https:\/\/maps.google.com\/maps?q=C%2F%20Pintor%20Joan%20Miro%2C%2016.%20Pol.%20Ind.%20Can%20Humet%20de%20Dalt%2C%2008213%20Poliny%C3%A0.%20Barcelona&#038;t=m&#038;z=15&#038;output=embed&#038;iwloc=near\"\n\t\t\t\t\ttitle=\"C\/ Pintor Joan Miro, 16. Pol. Ind. Can Humet de Dalt, 08213 Poliny\u00e0. Barcelone\"\n\t\t\t\t\taria-label=\"C\/ Pintor Joan Miro, 16. Pol. Ind. Can Humet de Dalt, 08213 Poliny\u00e0. Barcelone\"\n\t\t\t><\/iframe>\n\t\t<\/div>\n\t\t\t\t\t\t<\/div>\n\t\t\t\t<\/div>\n\t\t\t\t\t<\/div>\n\t\t<\/div>\n\t\t\t\t\t<\/div>\n\t\t<\/section>\n\t\t\t\t<\/div>","protected":false},"excerpt":{"rendered":"<p>Dermo SA est votre usine de d\u00e9tergents avec une longue histoire dans le secteur du nettoyage et de l&#039;hygi\u00e8ne depuis plus de 25 ans, avec un objectif clair et ferme ax\u00e9 sur la satisfaction du client en offrant un service que nous respectons et que nous avons \u00e9tabli avec passion : le d\u00e9veloppement et la cr\u00e9ation de d\u00e9tergents, accessoires et compl\u00e9ments.&nbsp;<a href=\"https:\/\/dermo.com\/fr\/usine-de-detergents-en-marque-blanche\/\" rel=\"bookmark\">En savoir plus &quot;<span class=\"screen-reader-text\">Usine de d\u00e9tergents en marque blanche<\/span><\/a><\/p>","protected":false},"author":2,"featured_media":0,"parent":0,"menu_order":0,"comment_status":"closed","ping_status":"closed","template":"page-templates\/template-pagebuilder-full-width.php","meta":{"neve_meta_sidebar":"","neve_meta_container":"","neve_meta_enable_content_width":"","neve_meta_content_width":0,"neve_meta_title_alignment":"","neve_meta_author_avatar":"","neve_post_elements_order":"","neve_meta_disable_header":"","neve_meta_disable_footer":"","neve_meta_disable_title":"","footnotes":""},"class_list":["post-12797","page","type-page","status-publish","hentry"],"yoast_head":"<!-- This site is optimized with the Yoast SEO plugin v27.0 - https:\/\/yoast.com\/product\/yoast-seo-wordpress\/ -->\n<title>F\u00e1brica detergentes marca blanca - Dermo | F\u00e1brica de detergentes<\/title>\n<meta name=\"robots\" content=\"index, follow, max-snippet:-1, max-image-preview:large, max-video-preview:-1\" \/>\n<link rel=\"canonical\" href=\"https:\/\/dermo.com\/fr\/usine-de-detergents-en-marque-blanche\/\" \/>\n<meta property=\"og:locale\" content=\"fr_FR\" \/>\n<meta property=\"og:type\" content=\"article\" \/>\n<meta property=\"og:title\" content=\"F\u00e1brica detergentes marca blanca - Dermo | F\u00e1brica de detergentes\" \/>\n<meta property=\"og:description\" content=\"Dermo S.A.,\u00a0es vuestra\u00a0f\u00e1brica de detergentes\u00a0con una dilatada trayectoria en el sector de la\u00a0limpieza\u00a0y la\u00a0higiene\u00a0de m\u00e1s de 25 a\u00f1os, con un objetivo claro y firme focalizado en conseguir la satisfacci\u00f3n de todos nuestros clientes en el ofrecimiento de un servicio que respetamos y que, con pasi\u00f3n, hemos constituido: la elaboraci\u00f3n y creaci\u00f3n de\u00a0detergentes\u00a0y complementos y accesorios&hellip;&nbsp;Lire la suite &raquo;F\u00e1brica detergentes marca blanca\" \/>\n<meta property=\"og:url\" content=\"https:\/\/dermo.com\/fr\/usine-de-detergents-en-marque-blanche\/\" \/>\n<meta property=\"og:site_name\" content=\"Dermo | F\u00e1brica de detergentes\" \/>\n<meta property=\"article:modified_time\" content=\"2025-02-19T10:56:02+00:00\" \/>\n<meta name=\"twitter:card\" content=\"summary_large_image\" \/>\n<meta name=\"twitter:label1\" content=\"Dur\u00e9e de lecture estim\u00e9e\" \/>\n\t<meta name=\"twitter:data1\" content=\"3 minutes\" \/>\n<script type=\"application\/ld+json\" class=\"yoast-schema-graph\">{\"@context\":\"https:\/\/schema.org\",\"@graph\":[{\"@type\":\"WebPage\",\"@id\":\"https:\/\/dermo.com\/fabrica-detergentes-marca-blanca\/\",\"url\":\"https:\/\/dermo.com\/fabrica-detergentes-marca-blanca\/\",\"name\":\"F\u00e1brica detergentes marca blanca - Dermo | F\u00e1brica de detergentes\",\"isPartOf\":{\"@id\":\"https:\/\/dermo.com\/#website\"},\"datePublished\":\"2025-01-31T09:28:05+00:00\",\"dateModified\":\"2025-02-19T10:56:02+00:00\",\"breadcrumb\":{\"@id\":\"https:\/\/dermo.com\/fabrica-detergentes-marca-blanca\/#breadcrumb\"},\"inLanguage\":\"fr-FR\",\"potentialAction\":[{\"@type\":\"ReadAction\",\"target\":[\"https:\/\/dermo.com\/fabrica-detergentes-marca-blanca\/\"]}]},{\"@type\":\"BreadcrumbList\",\"@id\":\"https:\/\/dermo.com\/fabrica-detergentes-marca-blanca\/#breadcrumb\",\"itemListElement\":[{\"@type\":\"ListItem\",\"position\":1,\"name\":\"Portada\",\"item\":\"https:\/\/dermo.com\/\"},{\"@type\":\"ListItem\",\"position\":2,\"name\":\"F\u00e1brica detergentes marca blanca\"}]},{\"@type\":\"WebSite\",\"@id\":\"https:\/\/dermo.com\/#website\",\"url\":\"https:\/\/dermo.com\/\",\"name\":\"Dermo | F\u00e1brica de detergentes\",\"description\":\"Tecnolog\u00eda avanzada, investigaci\u00f3n y desarrollo, respeto por el medio ambiente, competencia, formaci\u00f3n constante y alto nivel de profesionalidad en nuestro equipo humano, empe\u00f1ado en preservar la calidad de vida, la protecci\u00f3n del entorno natural contin\u00faan motiv\u00e1ndonos para desarrollar en nuestros laboratorios nuevos productos con ingredientes activos altamente biodegradables que hacen posible un desarrollo sostenible.\",\"potentialAction\":[{\"@type\":\"SearchAction\",\"target\":{\"@type\":\"EntryPoint\",\"urlTemplate\":\"https:\/\/dermo.com\/?s={search_term_string}\"},\"query-input\":{\"@type\":\"PropertyValueSpecification\",\"valueRequired\":true,\"valueName\":\"search_term_string\"}}],\"inLanguage\":\"fr-FR\"}]}<\/script>\n<!-- \/ Yoast SEO plugin. -->","yoast_head_json":{"title":"Usine de d\u00e9tergents en marque blanche - Dermo | Usine de d\u00e9tergents","robots":{"index":"index","follow":"follow","max-snippet":"max-snippet:-1","max-image-preview":"max-image-preview:large","max-video-preview":"max-video-preview:-1"},"canonical":"https:\/\/dermo.com\/fr\/usine-de-detergents-en-marque-blanche\/","og_locale":"fr_FR","og_type":"article","og_title":"F\u00e1brica detergentes marca blanca - Dermo | F\u00e1brica de detergentes","og_description":"Dermo S.A.,\u00a0es vuestra\u00a0f\u00e1brica de detergentes\u00a0con una dilatada trayectoria en el sector de la\u00a0limpieza\u00a0y la\u00a0higiene\u00a0de m\u00e1s de 25 a\u00f1os, con un objetivo claro y firme focalizado en conseguir la satisfacci\u00f3n de todos nuestros clientes en el ofrecimiento de un servicio que respetamos y que, con pasi\u00f3n, hemos constituido: la elaboraci\u00f3n y creaci\u00f3n de\u00a0detergentes\u00a0y complementos y accesorios&hellip;&nbsp;Lire la suite &raquo;F\u00e1brica detergentes marca blanca","og_url":"https:\/\/dermo.com\/fr\/usine-de-detergents-en-marque-blanche\/","og_site_name":"Dermo | F\u00e1brica de detergentes","article_modified_time":"2025-02-19T10:56:02+00:00","twitter_card":"summary_large_image","twitter_misc":{"Dur\u00e9e de lecture estim\u00e9e":"3 minutes"},"schema":{"@context":"https:\/\/schema.org","@graph":[{"@type":"WebPage","@id":"https:\/\/dermo.com\/fabrica-detergentes-marca-blanca\/","url":"https:\/\/dermo.com\/fabrica-detergentes-marca-blanca\/","name":"Usine de d\u00e9tergents en marque blanche - Dermo | Usine de d\u00e9tergents","isPartOf":{"@id":"https:\/\/dermo.com\/#website"},"datePublished":"2025-01-31T09:28:05+00:00","dateModified":"2025-02-19T10:56:02+00:00","breadcrumb":{"@id":"https:\/\/dermo.com\/fabrica-detergentes-marca-blanca\/#breadcrumb"},"inLanguage":"fr-FR","potentialAction":[{"@type":"ReadAction","target":["https:\/\/dermo.com\/fabrica-detergentes-marca-blanca\/"]}]},{"@type":"BreadcrumbList","@id":"https:\/\/dermo.com\/fabrica-detergentes-marca-blanca\/#breadcrumb","itemListElement":[{"@type":"ListItem","position":1,"name":"Portada","item":"https:\/\/dermo.com\/"},{"@type":"ListItem","position":2,"name":"F\u00e1brica detergentes marca blanca"}]},{"@type":"WebSite","@id":"https:\/\/dermo.com\/#website","url":"https:\/\/dermo.com\/","name":"Dermo | usine de d\u00e9tergents","description":"Technologie avanc\u00e9e, recherche et d\u00e9veloppement, respect de l&#039;environnement, comp\u00e9tence, formation constante et haut niveau de professionnalisme de notre \u00e9quipe humaine, engag\u00e9e \u00e0 pr\u00e9server la qualit\u00e9 de vie, la protection de l&#039;environnement naturel continuent de nous motiver \u00e0 d\u00e9velopper de nouveaux produits dans notre laboratoires aux principes actifs hautement biod\u00e9gradables qui rendent possible le d\u00e9veloppement durable.","potentialAction":[{"@type":"SearchAction","target":{"@type":"EntryPoint","urlTemplate":"https:\/\/dermo.com\/?s={search_term_string}"},"query-input":{"@type":"PropertyValueSpecification","valueRequired":true,"valueName":"search_term_string"}}],"inLanguage":"fr-FR"}]}},"_links":{"self":[{"href":"https:\/\/dermo.com\/fr\/wp-json\/wp\/v2\/pages\/12797","targetHints":{"allow":["GET"]}}],"collection":[{"href":"https:\/\/dermo.com\/fr\/wp-json\/wp\/v2\/pages"}],"about":[{"href":"https:\/\/dermo.com\/fr\/wp-json\/wp\/v2\/types\/page"}],"author":[{"embeddable":true,"href":"https:\/\/dermo.com\/fr\/wp-json\/wp\/v2\/users\/2"}],"replies":[{"embeddable":true,"href":"https:\/\/dermo.com\/fr\/wp-json\/wp\/v2\/comments?post=12797"}],"version-history":[{"count":7,"href":"https:\/\/dermo.com\/fr\/wp-json\/wp\/v2\/pages\/12797\/revisions"}],"predecessor-version":[{"id":13547,"href":"https:\/\/dermo.com\/fr\/wp-json\/wp\/v2\/pages\/12797\/revisions\/13547"}],"wp:attachment":[{"href":"https:\/\/dermo.com\/fr\/wp-json\/wp\/v2\/media?parent=12797"}],"curies":[{"name":"wp","href":"https:\/\/api.w.org\/{rel}","templated":true}]}}