{"id":12838,"date":"2025-01-31T10:41:09","date_gmt":"2025-01-31T09:41:09","guid":{"rendered":"https:\/\/dermo.com\/?page_id=12838"},"modified":"2025-02-19T11:55:10","modified_gmt":"2025-02-19T10:55:10","slug":"usine-de-produits-de-nettoyage-3","status":"publish","type":"page","link":"https:\/\/dermo.com\/fr\/usine-de-produits-de-nettoyage-3\/","title":{"rendered":"Usine de produits de nettoyage"},"content":{"rendered":"<div data-elementor-type=\"wp-page\" data-elementor-id=\"12838\" class=\"elementor elementor-12838\" data-elementor-post-type=\"page\">\n\t\t\t\t\t\t<section class=\"elementor-section elementor-top-section elementor-element elementor-element-a02683f elementor-section-boxed elementor-section-height-default elementor-section-height-default\" data-id=\"a02683f\" data-element_type=\"section\" data-e-type=\"section\" data-settings=\"{&quot;background_background&quot;:&quot;classic&quot;}\">\n\t\t\t\t\t\t\t<div class=\"elementor-background-overlay\"><\/div>\n\t\t\t\t\t\t\t<div class=\"elementor-container elementor-column-gap-default\">\n\t\t\t\t\t<div class=\"elementor-column elementor-col-100 elementor-top-column elementor-element elementor-element-f99dbff\" data-id=\"f99dbff\" data-element_type=\"column\" data-e-type=\"column\">\n\t\t\t<div class=\"elementor-widget-wrap elementor-element-populated\">\n\t\t\t\t\t\t\t<\/div>\n\t\t<\/div>\n\t\t\t\t\t<\/div>\n\t\t<\/section>\n\t\t\t\t<section class=\"elementor-section elementor-top-section elementor-element elementor-element-233ad3a4 elementor-section-boxed elementor-section-height-default elementor-section-height-default\" data-id=\"233ad3a4\" data-element_type=\"section\" data-e-type=\"section\">\n\t\t\t\t\t\t<div class=\"elementor-container elementor-column-gap-default\">\n\t\t\t\t\t<div class=\"elementor-column elementor-col-100 elementor-top-column elementor-element elementor-element-3244e578\" data-id=\"3244e578\" data-element_type=\"column\" data-e-type=\"column\">\n\t\t\t<div class=\"elementor-widget-wrap elementor-element-populated\">\n\t\t\t\t\t\t<section class=\"elementor-section elementor-inner-section elementor-element elementor-element-1a7040c2 elementor-section-content-middle elementor-section-boxed elementor-section-height-default elementor-section-height-default\" data-id=\"1a7040c2\" data-element_type=\"section\" data-e-type=\"section\">\n\t\t\t\t\t\t<div class=\"elementor-container elementor-column-gap-default\">\n\t\t\t\t\t<div class=\"elementor-column elementor-col-50 elementor-inner-column elementor-element elementor-element-58338543\" data-id=\"58338543\" data-element_type=\"column\" data-e-type=\"column\">\n\t\t\t<div class=\"elementor-widget-wrap elementor-element-populated\">\n\t\t\t\t\t\t<div class=\"elementor-element elementor-element-464b2e11 elementor-widget elementor-widget-text-editor\" data-id=\"464b2e11\" data-element_type=\"widget\" data-e-type=\"widget\" data-widget_type=\"text-editor.default\">\n\t\t\t\t<div class=\"elementor-widget-container\">\n\t\t\t\t\t\t\t\t\t<div id=\"lipsum\"><p>Dermo est\u00a0<strong>fabricant<\/strong>\u00a0de\u00a0<strong>produits de nettoyage\u00a0<\/strong>et est consid\u00e9r\u00e9 comme l\u2019un des leaders dans ce secteur. Nous avons plus de 30 ans d&#039;exp\u00e9rience sur le march\u00e9, travaillant jour apr\u00e8s jour pour obtenir les meilleures formules pour\u00a0<strong>nettoyage<\/strong>\u00a0pour les n\u00f4tres\u00a0<strong>produits<\/strong>.<\/p><p>Nous avons\u00a0<strong>produits de nettoyage<\/strong>\u00a0sp\u00e9cifique \u00e0 chaque surface et \u00e0 chaque emplacement. Sont\u00a0<strong>fabricants\u00a0<\/strong>et les fournisseurs de\u00a0<strong>produits de nettoyage<\/strong>\u00a0et nous pensons que chaque produit doit \u00eatre con\u00e7u pour nettoyer une surface ou un endroit sp\u00e9cifique, en s&#039;adaptant aux besoins de chaque situation.<\/p><p>Dermo est\u00a0<strong>fabricant<\/strong>\u00a0et fournisseur de\u00a0<strong>produits de nettoyage<\/strong>\u00a0et poss\u00e8de un grand nombre de\u00a0<strong>produits<\/strong>, haut de gamme, qui r\u00e9solvent professionnellement les probl\u00e8mes de taches, d&#039;incrustations, de graisse et de salet\u00e9, de mani\u00e8re rapide, efficace et professionnelle.<\/p><p>Dermo est\u00a0<strong>fabricant<\/strong>\u00a0de\u00a0<strong>produits de nettoyage<\/strong>\u00a0depuis plus de 30 ans, et nous pensons que nous restons une r\u00e9f\u00e9rence dans le secteur, gr\u00e2ce \u00e0 la volont\u00e9 de concevoir et de fabriquer\u00a0<strong>produits<\/strong>\u00a0qualit\u00e9 sp\u00e9cifique et sp\u00e9cialisation \u00e9lev\u00e9e. Notre objectif principal est d\u2019offrir un service complet et efficace pour tous les besoins d\u2019hygi\u00e8ne professionnelle de nos clients.<\/p><p>L&#039;enthousiasme, la sp\u00e9cialisation et la formation des travailleurs de Dermo ont fait de l&#039;entreprise l&#039;une des\u00a0<strong>fabricants<\/strong>\u00a0de\u00a0<strong>produits de nettoyage<\/strong>\u00a0le plus populaire de tout le pays.<\/p><\/div>\t\t\t\t\t\t\t\t<\/div>\n\t\t\t\t<\/div>\n\t\t\t\t\t<\/div>\n\t\t<\/div>\n\t\t\t\t<div class=\"elementor-column elementor-col-50 elementor-inner-column elementor-element elementor-element-346dd0e elementor-invisible\" data-id=\"346dd0e\" data-element_type=\"column\" data-e-type=\"column\" data-settings=\"{&quot;animation&quot;:&quot;bounceInRight&quot;}\">\n\t\t\t<div class=\"elementor-widget-wrap elementor-element-populated\">\n\t\t\t\t\t\t<div class=\"elementor-element elementor-element-611c930 elementor-widget elementor-widget-elementskit-contact-form7\" data-id=\"611c930\" data-element_type=\"widget\" data-e-type=\"widget\" data-widget_type=\"elementskit-contact-form7.default\">\n\t\t\t\t<div class=\"elementor-widget-container\">\n\t\t\t\t\t<div class=\"ekit-wid-con\" ><div class=\"ekit-form\">\n<div class=\"wpcf7 no-js\" id=\"wpcf7-f13292-p12838-o1\" lang=\"es-ES\" dir=\"ltr\" data-wpcf7-id=\"13292\">\n<div class=\"screen-reader-response\"><p role=\"status\" aria-live=\"polite\" aria-atomic=\"true\"><\/p> <ul><\/ul><\/div>\n<form action=\"\/fr\/usine-de-produits-de-nettoyage-3\/#wpcf7-f13292-p12838-o1\" method=\"post\" class=\"wpcf7-form init\" aria-label=\"Formulario de contacto\" novalidate=\"novalidate\" data-status=\"init\" data-no-translation-aria-label=\"\" data-trp-original-action=\"\/pt\/fabrica-de-productos-de-limpieza-3\/#wpcf7-f13292-p12838-o1\">\n<fieldset class=\"hidden-fields-container\"><input type=\"hidden\" name=\"_wpcf7\" value=\"13292\" \/><input type=\"hidden\" name=\"_wpcf7_version\" value=\"6.1.5\" \/><input type=\"hidden\" name=\"_wpcf7_locale\" value=\"es_ES\" \/><input type=\"hidden\" name=\"_wpcf7_unit_tag\" value=\"wpcf7-f13292-p12838-o1\" \/><input type=\"hidden\" name=\"_wpcf7_container_post\" value=\"12838\" \/><input type=\"hidden\" name=\"_wpcf7_posted_data_hash\" value=\"\" \/><input type=\"hidden\" name=\"_wpcf7_recaptcha_response\" value=\"\" \/>\n<\/fieldset>\n<div style=\"display: flex; gap: 10px;\">\n\t<div style=\"width: 50%;\">\n\t\t<p><span class=\"wpcf7-form-control-wrap\" data-name=\"your-name\"><input size=\"40\" maxlength=\"400\" class=\"wpcf7-form-control wpcf7-text wpcf7-validates-as-required\" aria-required=\"true\" aria-invalid=\"false\" placeholder=\"Nom\" value=\"\" type=\"text\" name=\"your-name\" \/><\/span>\n\t\t<\/p>\n\t<\/div>\n\t<div style=\"width: 50%;\">\n\t\t<p><span class=\"wpcf7-form-control-wrap\" data-name=\"your-phone\"><input size=\"40\" maxlength=\"400\" class=\"wpcf7-form-control wpcf7-tel wpcf7-validates-as-required wpcf7-text wpcf7-validates-as-tel\" aria-required=\"true\" aria-invalid=\"false\" placeholder=\"T\u00e9l\u00e9phone\" value=\"\" type=\"tel\" name=\"your-phone\" \/><\/span>\n\t\t<\/p>\n\t<\/div>\n<\/div>\n<p><span class=\"wpcf7-form-control-wrap\" data-name=\"your-email\"><input size=\"40\" maxlength=\"400\" class=\"wpcf7-form-control wpcf7-email wpcf7-validates-as-required wpcf7-text wpcf7-validates-as-email\" aria-required=\"true\" aria-invalid=\"false\" placeholder=\"E-mail\" value=\"\" type=\"email\" name=\"your-email\" \/><\/span>\n<\/p>\n<div style=\"display: flex; gap: 10px;\">\n\t<div style=\"width: 50%;\">\n\t\t<p><span class=\"wpcf7-form-control-wrap\" data-name=\"your-country\"><input size=\"40\" maxlength=\"400\" class=\"wpcf7-form-control wpcf7-text wpcf7-validates-as-required\" aria-required=\"true\" aria-invalid=\"false\" placeholder=\"Pays\" value=\"\" type=\"text\" name=\"your-country\" \/><\/span>\n\t\t<\/p>\n\t<\/div>\n\t<div style=\"width: 50%;\">\n\t\t<p><span class=\"wpcf7-form-control-wrap\" data-name=\"your-city\"><input size=\"40\" maxlength=\"400\" class=\"wpcf7-form-control wpcf7-text wpcf7-validates-as-required\" aria-required=\"true\" aria-invalid=\"false\" placeholder=\"Population\" value=\"\" type=\"text\" name=\"your-city\" \/><\/span>\n\t\t<\/p>\n\t<\/div>\n<\/div>\n<p><span class=\"wpcf7-form-control-wrap\" data-name=\"your-subject\"><select class=\"wpcf7-form-control wpcf7-select\" aria-invalid=\"false\" name=\"your-subject\"><option value=\"Quiero ser distribuidor\">Je veux \u00eatre distributeur<\/option><option value=\"Presupuesto\">Budget<\/option><option value=\"Consulta\">Consultation<\/option><option value=\"Sugerencia\">Suggestion<\/option><option value=\"Otros\">Autres<\/option><\/select><\/span>\n<\/p>\n<p><span class=\"wpcf7-form-control-wrap\" data-name=\"your-message\"><textarea cols=\"40\" rows=\"10\" maxlength=\"2000\" class=\"wpcf7-form-control wpcf7-textarea\" aria-invalid=\"false\" placeholder=\"Message ou demande\" name=\"your-message\"><\/textarea><\/span>\n<\/p>\n<div style=\"display: flex; align-items: center; gap: 10px;\">\n\t<p><span class=\"wpcf7-form-control-wrap\" data-name=\"privacy-policy\"><span class=\"wpcf7-form-control wpcf7-acceptance\"><span class=\"wpcf7-list-item\"><input type=\"checkbox\" name=\"privacy-policy\" value=\"1\" aria-invalid=\"false\" \/><\/span><\/span><\/span><label for=\"privacy-policy\" style=\"margin-left: 5px;\">J&#039;ai lu et accept\u00e9 la politique de confidentialit\u00e9.<\/label>\n\t<\/p>\n<\/div>\n<div style=\"display: flex; align-items: center; gap: 10px;\">\n\t<p><span class=\"wpcf7-form-control-wrap\" data-name=\"send-info\"><span class=\"wpcf7-form-control wpcf7-acceptance\"><span class=\"wpcf7-list-item\"><input type=\"checkbox\" name=\"send-info\" value=\"1\" aria-invalid=\"false\" \/><\/span><\/span><\/span><label for=\"send-info\" style=\"margin-left: 5px;\">J&#039;accepte de recevoir des informations.<\/label>\n\t<\/p>\n<\/div>\n<p><input class=\"wpcf7-form-control wpcf7-submit has-spinner\" type=\"submit\" value=\"Envoyer\" \/>\n<\/p><div class=\"wpcf7-response-output\" aria-hidden=\"true\"><\/div>\n<input type=\"hidden\" name=\"trp-form-language\" value=\"fr\"\/><\/form>\n<\/div>\n<\/div><\/div>\t\t\t\t<\/div>\n\t\t\t\t<\/div>\n\t\t\t\t\t<\/div>\n\t\t<\/div>\n\t\t\t\t\t<\/div>\n\t\t<\/section>\n\t\t\t\t<div class=\"elementor-element elementor-element-615d68f elementor-widget elementor-widget-text-editor\" data-id=\"615d68f\" data-element_type=\"widget\" data-e-type=\"widget\" data-widget_type=\"text-editor.default\">\n\t\t\t\t<div class=\"elementor-widget-container\">\n\t\t\t\t\t\t\t\t\t<p>Dermo,\u00a0<strong>fabricant\u00a0<\/strong>de\u00a0<strong>produits de nettoyage<\/strong>, con\u00e7oit et fabrique les\u00a0<strong>produits de nettoyage<\/strong>\u00a0avec un d\u00e9veloppement durable et une grande responsabilit\u00e9 sociale d&#039;entreprise, mettant en vente\u00a0<strong>produits<\/strong>\u00a0<strong>nettoyage<\/strong>\u00a0certifi\u00e9es biologiques, comme c&#039;est le cas de la gamme Naturgreen, qui b\u00e9n\u00e9ficie de l&#039;\u00e9colabel de l&#039;Union europ\u00e9enne. Ce sont des d\u00e9tergents biod\u00e9gradables avec une composition naturelle, sans phosphates ni \u00e9l\u00e9ments toxiques ou nocifs pour la sant\u00e9.<\/p><p>Dermo est un\u00a0<strong>fabricant<\/strong>\u00a0de\u00a0<strong>produits de nettoyage<\/strong>, qui dispose d&#039;un catalogue large et vari\u00e9, dans lequel vous pouvez trouver de tout, de\u00a0<strong>produits<\/strong>\u00a0pour l&#039;hygi\u00e8ne personnelle, d\u00e9graissants, d\u00e9tartrants, adoucissants, d\u00e9tergents \u00e9cologiques, cirages ou nettoyants pour sols, entre autres.<\/p><p>Si vous cherchez\u00a0<strong>produits de nettoyage<\/strong>\u00a0des produits de haute qualit\u00e9 qui offrent des r\u00e9sultats professionnels, faites confiance \u00e0 la\u00a0<strong>fabricant<\/strong>\u00a0de\u00a0<strong>produits de nettoyage<\/strong>\u00a0Dermo.<\/p><p>Nous pouvons vous offrir l&#039;hygi\u00e8ne et un\u00a0<strong>nettoyage<\/strong>\u00a0impeccable imm\u00e9diatement et en utilisant tr\u00e8s peu de produit. Cela se traduit par d\u2019\u00e9normes \u00e9conomies sur le produit et, par cons\u00e9quent, sur l\u2019argent pour les utilisateurs.<\/p><p>Nous nous soucions de la durabilit\u00e9 de nos produits, c&#039;est pourquoi nous travaillons avec des formules sp\u00e9ciales qui offrent une grande efficacit\u00e9 avec tr\u00e8s peu de produit. Avec seulement quelques gouttes de produit, la formule active commence son travail pour \u00e9liminer, d\u00e9graisser, d\u00e9tartrer ou effectuer toute autre action pour laquelle elle a \u00e9t\u00e9 con\u00e7ue, montrant des r\u00e9sultats imm\u00e9diats sur la surface en question. En Dermo\u00a0<strong>fabricant de produits de nettoyage<\/strong>\u00a0Nous travaillons jour apr\u00e8s jour pour am\u00e9liorer les r\u00e9sultats de notre\u00a0<strong>produits<\/strong>, sans que le client ait \u00e0 utiliser de grandes quantit\u00e9s. De cette fa\u00e7on, nous fabriquons et concevons des produits en tenant compte de leur durabilit\u00e9 et de leur r\u00e9sistance, ainsi que de la durabilit\u00e9 de la plan\u00e8te.<\/p><p>Dermo est\u00a0<strong>fabricant<\/strong>\u00a0et fournisseur de\u00a0<strong>produits de nettoyage<\/strong>\u00a0et poss\u00e8de plus de 30 ans d&#039;exp\u00e9rience, avec laquelle nous pouvons garantir des r\u00e9sultats professionnels et efficaces pour tous types de surfaces et d&#039;espaces.<\/p>\t\t\t\t\t\t\t\t<\/div>\n\t\t\t\t<\/div>\n\t\t\t\t\t<\/div>\n\t\t<\/div>\n\t\t\t\t\t<\/div>\n\t\t<\/section>\n\t\t\t\t<section class=\"elementor-section elementor-top-section elementor-element elementor-element-484f41e elementor-section-full_width elementor-section-height-default elementor-section-height-default elementor-invisible\" data-id=\"484f41e\" data-element_type=\"section\" data-e-type=\"section\" data-settings=\"{&quot;animation&quot;:&quot;slideInUp&quot;}\">\n\t\t\t\t\t\t<div class=\"elementor-container elementor-column-gap-default\">\n\t\t\t\t\t<div class=\"elementor-column elementor-col-100 elementor-top-column elementor-element elementor-element-19948363\" data-id=\"19948363\" data-element_type=\"column\" data-e-type=\"column\">\n\t\t\t<div class=\"elementor-widget-wrap elementor-element-populated\">\n\t\t\t\t\t\t<div class=\"elementor-element elementor-element-339044a4 elementor-widget elementor-widget-google_maps\" data-id=\"339044a4\" data-element_type=\"widget\" data-e-type=\"widget\" data-widget_type=\"google_maps.default\">\n\t\t\t\t<div class=\"elementor-widget-container\">\n\t\t\t\t\t\t\t<div class=\"elementor-custom-embed\">\n\t\t\t<iframe loading=\"lazy\"\n\t\t\t\t\tsrc=\"https:\/\/maps.google.com\/maps?q=C%2F%20Pintor%20Joan%20Miro%2C%2016.%20Pol.%20Ind.%20Can%20Humet%20de%20Dalt%2C%2008213%20Poliny%C3%A0.%20Barcelona&#038;t=m&#038;z=15&#038;output=embed&#038;iwloc=near\"\n\t\t\t\t\ttitle=\"C\/ Pintor Joan Miro, 16. Pol. Ind. Can Humet de Dalt, 08213 Poliny\u00e0. Barcelone\"\n\t\t\t\t\taria-label=\"C\/ Pintor Joan Miro, 16. Pol. Ind. Can Humet de Dalt, 08213 Poliny\u00e0. Barcelone\"\n\t\t\t><\/iframe>\n\t\t<\/div>\n\t\t\t\t\t\t<\/div>\n\t\t\t\t<\/div>\n\t\t\t\t\t<\/div>\n\t\t<\/div>\n\t\t\t\t\t<\/div>\n\t\t<\/section>\n\t\t\t\t<\/div>","protected":false},"excerpt":{"rendered":"<p>Dermo est un fabricant de produits d&#039;entretien consid\u00e9r\u00e9 comme un leader du secteur. Forts de plus de 30 ans d&#039;exp\u00e9rience sur le march\u00e9, nous travaillons quotidiennement \u00e0 obtenir les meilleures formules de nettoyage pour nos produits. Nous proposons des produits d&#039;entretien sp\u00e9cifiques pour chaque surface et chaque lieu. Fabricants et fournisseurs de produits d&#039;entretien, nous sommes convaincus que\u2026&nbsp;<a href=\"https:\/\/dermo.com\/fr\/usine-de-produits-de-nettoyage-3\/\" rel=\"bookmark\">En savoir plus &quot;<span class=\"screen-reader-text\">Usine de produits de nettoyage<\/span><\/a><\/p>","protected":false},"author":2,"featured_media":0,"parent":0,"menu_order":0,"comment_status":"closed","ping_status":"closed","template":"page-templates\/template-pagebuilder-full-width.php","meta":{"neve_meta_sidebar":"","neve_meta_container":"","neve_meta_enable_content_width":"","neve_meta_content_width":0,"neve_meta_title_alignment":"","neve_meta_author_avatar":"","neve_post_elements_order":"","neve_meta_disable_header":"","neve_meta_disable_footer":"","neve_meta_disable_title":"","footnotes":""},"class_list":["post-12838","page","type-page","status-publish","hentry"],"yoast_head":"<!-- This site is optimized with the Yoast SEO plugin v27.0 - https:\/\/yoast.com\/product\/yoast-seo-wordpress\/ -->\n<title>F\u00e1brica de productos de limpieza - Dermo | F\u00e1brica de detergentes<\/title>\n<meta name=\"robots\" content=\"index, follow, max-snippet:-1, max-image-preview:large, max-video-preview:-1\" \/>\n<link rel=\"canonical\" href=\"https:\/\/dermo.com\/fr\/usine-de-produits-de-nettoyage-3\/\" \/>\n<meta property=\"og:locale\" content=\"fr_FR\" \/>\n<meta property=\"og:type\" content=\"article\" \/>\n<meta property=\"og:title\" content=\"F\u00e1brica de productos de limpieza - Dermo | F\u00e1brica de detergentes\" \/>\n<meta property=\"og:description\" content=\"Dermo es\u00a0fabricante\u00a0de\u00a0productos de limpieza\u00a0y est\u00e1 considerado como uno de los referentes en este sector. Contamos con m\u00e1s de 30 a\u00f1os de experiencia en el mercado, trabajando d\u00eda a d\u00eda para obtener las mejores f\u00f3rmulas de\u00a0limpieza\u00a0para nuestros\u00a0productos. Contamos con\u00a0productos de limpieza\u00a0espec\u00edficos para cada superficie y para cada lugar. Somos\u00a0fabricantes\u00a0y proveedores de\u00a0productos de limpieza\u00a0y consideramos que cada&hellip;&nbsp;Lire la suite &raquo;F\u00e1brica de productos de limpieza\" \/>\n<meta property=\"og:url\" content=\"https:\/\/dermo.com\/fr\/usine-de-produits-de-nettoyage-3\/\" \/>\n<meta property=\"og:site_name\" content=\"Dermo | F\u00e1brica de detergentes\" \/>\n<meta property=\"article:modified_time\" content=\"2025-02-19T10:55:10+00:00\" \/>\n<meta name=\"twitter:card\" content=\"summary_large_image\" \/>\n<meta name=\"twitter:label1\" content=\"Dur\u00e9e de lecture estim\u00e9e\" \/>\n\t<meta name=\"twitter:data1\" content=\"3 minutes\" \/>\n<script type=\"application\/ld+json\" class=\"yoast-schema-graph\">{\"@context\":\"https:\/\/schema.org\",\"@graph\":[{\"@type\":\"WebPage\",\"@id\":\"https:\/\/dermo.com\/fabrica-de-productos-de-limpieza-3\/\",\"url\":\"https:\/\/dermo.com\/fabrica-de-productos-de-limpieza-3\/\",\"name\":\"F\u00e1brica de productos de limpieza - Dermo | F\u00e1brica de detergentes\",\"isPartOf\":{\"@id\":\"https:\/\/dermo.com\/#website\"},\"datePublished\":\"2025-01-31T09:41:09+00:00\",\"dateModified\":\"2025-02-19T10:55:10+00:00\",\"breadcrumb\":{\"@id\":\"https:\/\/dermo.com\/fabrica-de-productos-de-limpieza-3\/#breadcrumb\"},\"inLanguage\":\"fr-FR\",\"potentialAction\":[{\"@type\":\"ReadAction\",\"target\":[\"https:\/\/dermo.com\/fabrica-de-productos-de-limpieza-3\/\"]}]},{\"@type\":\"BreadcrumbList\",\"@id\":\"https:\/\/dermo.com\/fabrica-de-productos-de-limpieza-3\/#breadcrumb\",\"itemListElement\":[{\"@type\":\"ListItem\",\"position\":1,\"name\":\"Portada\",\"item\":\"https:\/\/dermo.com\/\"},{\"@type\":\"ListItem\",\"position\":2,\"name\":\"F\u00e1brica de productos de limpieza\"}]},{\"@type\":\"WebSite\",\"@id\":\"https:\/\/dermo.com\/#website\",\"url\":\"https:\/\/dermo.com\/\",\"name\":\"Dermo | F\u00e1brica de detergentes\",\"description\":\"Tecnolog\u00eda avanzada, investigaci\u00f3n y desarrollo, respeto por el medio ambiente, competencia, formaci\u00f3n constante y alto nivel de profesionalidad en nuestro equipo humano, empe\u00f1ado en preservar la calidad de vida, la protecci\u00f3n del entorno natural contin\u00faan motiv\u00e1ndonos para desarrollar en nuestros laboratorios nuevos productos con ingredientes activos altamente biodegradables que hacen posible un desarrollo sostenible.\",\"potentialAction\":[{\"@type\":\"SearchAction\",\"target\":{\"@type\":\"EntryPoint\",\"urlTemplate\":\"https:\/\/dermo.com\/?s={search_term_string}\"},\"query-input\":{\"@type\":\"PropertyValueSpecification\",\"valueRequired\":true,\"valueName\":\"search_term_string\"}}],\"inLanguage\":\"fr-FR\"}]}<\/script>\n<!-- \/ Yoast SEO plugin. -->","yoast_head_json":{"title":"Usine de produits de nettoyage - Dermo | Usine de d\u00e9tergents","robots":{"index":"index","follow":"follow","max-snippet":"max-snippet:-1","max-image-preview":"max-image-preview:large","max-video-preview":"max-video-preview:-1"},"canonical":"https:\/\/dermo.com\/fr\/usine-de-produits-de-nettoyage-3\/","og_locale":"fr_FR","og_type":"article","og_title":"F\u00e1brica de productos de limpieza - Dermo | F\u00e1brica de detergentes","og_description":"Dermo es\u00a0fabricante\u00a0de\u00a0productos de limpieza\u00a0y est\u00e1 considerado como uno de los referentes en este sector. Contamos con m\u00e1s de 30 a\u00f1os de experiencia en el mercado, trabajando d\u00eda a d\u00eda para obtener las mejores f\u00f3rmulas de\u00a0limpieza\u00a0para nuestros\u00a0productos. Contamos con\u00a0productos de limpieza\u00a0espec\u00edficos para cada superficie y para cada lugar. Somos\u00a0fabricantes\u00a0y proveedores de\u00a0productos de limpieza\u00a0y consideramos que cada&hellip;&nbsp;Lire la suite &raquo;F\u00e1brica de productos de limpieza","og_url":"https:\/\/dermo.com\/fr\/usine-de-produits-de-nettoyage-3\/","og_site_name":"Dermo | F\u00e1brica de detergentes","article_modified_time":"2025-02-19T10:55:10+00:00","twitter_card":"summary_large_image","twitter_misc":{"Dur\u00e9e de lecture estim\u00e9e":"3 minutes"},"schema":{"@context":"https:\/\/schema.org","@graph":[{"@type":"WebPage","@id":"https:\/\/dermo.com\/fabrica-de-productos-de-limpieza-3\/","url":"https:\/\/dermo.com\/fabrica-de-productos-de-limpieza-3\/","name":"Usine de produits de nettoyage - Dermo | Usine de d\u00e9tergents","isPartOf":{"@id":"https:\/\/dermo.com\/#website"},"datePublished":"2025-01-31T09:41:09+00:00","dateModified":"2025-02-19T10:55:10+00:00","breadcrumb":{"@id":"https:\/\/dermo.com\/fabrica-de-productos-de-limpieza-3\/#breadcrumb"},"inLanguage":"fr-FR","potentialAction":[{"@type":"ReadAction","target":["https:\/\/dermo.com\/fabrica-de-productos-de-limpieza-3\/"]}]},{"@type":"BreadcrumbList","@id":"https:\/\/dermo.com\/fabrica-de-productos-de-limpieza-3\/#breadcrumb","itemListElement":[{"@type":"ListItem","position":1,"name":"Portada","item":"https:\/\/dermo.com\/"},{"@type":"ListItem","position":2,"name":"F\u00e1brica de productos de limpieza"}]},{"@type":"WebSite","@id":"https:\/\/dermo.com\/#website","url":"https:\/\/dermo.com\/","name":"Dermo | usine de d\u00e9tergents","description":"Technologie avanc\u00e9e, recherche et d\u00e9veloppement, respect de l&#039;environnement, comp\u00e9tence, formation constante et haut niveau de professionnalisme de notre \u00e9quipe humaine, engag\u00e9e \u00e0 pr\u00e9server la qualit\u00e9 de vie, la protection de l&#039;environnement naturel continuent de nous motiver \u00e0 d\u00e9velopper de nouveaux produits dans notre laboratoires aux principes actifs hautement biod\u00e9gradables qui rendent possible le d\u00e9veloppement durable.","potentialAction":[{"@type":"SearchAction","target":{"@type":"EntryPoint","urlTemplate":"https:\/\/dermo.com\/?s={search_term_string}"},"query-input":{"@type":"PropertyValueSpecification","valueRequired":true,"valueName":"search_term_string"}}],"inLanguage":"fr-FR"}]}},"_links":{"self":[{"href":"https:\/\/dermo.com\/fr\/wp-json\/wp\/v2\/pages\/12838","targetHints":{"allow":["GET"]}}],"collection":[{"href":"https:\/\/dermo.com\/fr\/wp-json\/wp\/v2\/pages"}],"about":[{"href":"https:\/\/dermo.com\/fr\/wp-json\/wp\/v2\/types\/page"}],"author":[{"embeddable":true,"href":"https:\/\/dermo.com\/fr\/wp-json\/wp\/v2\/users\/2"}],"replies":[{"embeddable":true,"href":"https:\/\/dermo.com\/fr\/wp-json\/wp\/v2\/comments?post=12838"}],"version-history":[{"count":10,"href":"https:\/\/dermo.com\/fr\/wp-json\/wp\/v2\/pages\/12838\/revisions"}],"predecessor-version":[{"id":13541,"href":"https:\/\/dermo.com\/fr\/wp-json\/wp\/v2\/pages\/12838\/revisions\/13541"}],"wp:attachment":[{"href":"https:\/\/dermo.com\/fr\/wp-json\/wp\/v2\/media?parent=12838"}],"curies":[{"name":"wp","href":"https:\/\/api.w.org\/{rel}","templated":true}]}}