{"id":12855,"date":"2025-01-31T10:43:18","date_gmt":"2025-01-31T09:43:18","guid":{"rendered":"https:\/\/dermo.com\/?page_id=12855"},"modified":"2025-02-19T12:35:16","modified_gmt":"2025-02-19T11:35:16","slug":"degraissant-2","status":"publish","type":"page","link":"https:\/\/dermo.com\/fr\/degraissant-2\/","title":{"rendered":"D\u00e9graissant"},"content":{"rendered":"<div data-elementor-type=\"wp-page\" data-elementor-id=\"12855\" class=\"elementor elementor-12855\" data-elementor-post-type=\"page\">\n\t\t\t\t\t\t<section class=\"elementor-section elementor-top-section elementor-element elementor-element-a02683f elementor-section-boxed elementor-section-height-default elementor-section-height-default\" data-id=\"a02683f\" data-element_type=\"section\" data-e-type=\"section\" data-settings=\"{&quot;background_background&quot;:&quot;classic&quot;}\">\n\t\t\t\t\t\t\t<div class=\"elementor-background-overlay\"><\/div>\n\t\t\t\t\t\t\t<div class=\"elementor-container elementor-column-gap-default\">\n\t\t\t\t\t<div class=\"elementor-column elementor-col-100 elementor-top-column elementor-element elementor-element-f99dbff\" data-id=\"f99dbff\" data-element_type=\"column\" data-e-type=\"column\">\n\t\t\t<div class=\"elementor-widget-wrap elementor-element-populated\">\n\t\t\t\t\t\t\t<\/div>\n\t\t<\/div>\n\t\t\t\t\t<\/div>\n\t\t<\/section>\n\t\t\t\t<section class=\"elementor-section elementor-top-section elementor-element elementor-element-233ad3a4 elementor-section-boxed elementor-section-height-default elementor-section-height-default\" data-id=\"233ad3a4\" data-element_type=\"section\" data-e-type=\"section\">\n\t\t\t\t\t\t<div class=\"elementor-container elementor-column-gap-default\">\n\t\t\t\t\t<div class=\"elementor-column elementor-col-100 elementor-top-column elementor-element elementor-element-3244e578\" data-id=\"3244e578\" data-element_type=\"column\" data-e-type=\"column\">\n\t\t\t<div class=\"elementor-widget-wrap elementor-element-populated\">\n\t\t\t\t\t\t<section class=\"elementor-section elementor-inner-section elementor-element elementor-element-1a7040c2 elementor-section-content-middle elementor-section-boxed elementor-section-height-default elementor-section-height-default\" data-id=\"1a7040c2\" data-element_type=\"section\" data-e-type=\"section\">\n\t\t\t\t\t\t<div class=\"elementor-container elementor-column-gap-default\">\n\t\t\t\t\t<div class=\"elementor-column elementor-col-50 elementor-inner-column elementor-element elementor-element-58338543\" data-id=\"58338543\" data-element_type=\"column\" data-e-type=\"column\">\n\t\t\t<div class=\"elementor-widget-wrap elementor-element-populated\">\n\t\t\t\t\t\t<div class=\"elementor-element elementor-element-464b2e11 elementor-widget elementor-widget-text-editor\" data-id=\"464b2e11\" data-element_type=\"widget\" data-e-type=\"widget\" data-widget_type=\"text-editor.default\">\n\t\t\t\t<div class=\"elementor-widget-container\">\n\t\t\t\t\t\t\t\t\t<p>Chez Dermo nous vous proposons\u00a0<strong>d\u00e9graissant<\/strong>\u00a0Des produits de premi\u00e8re qualit\u00e9 qui ont un pouvoir d\u00e9graissant \u00e9lev\u00e9 et sont capables d&#039;\u00e9liminer toute salet\u00e9 incrust\u00e9e et m\u00eame les taches les plus tenaces, qui adh\u00e8rent g\u00e9n\u00e9ralement aux surfaces et aux ustensiles utilis\u00e9s dans une cuisine. Notre\u00a0<strong>d\u00e9graissant<\/strong>\u00a0Ils sont formul\u00e9s pour garantir la s\u00e9curit\u00e9 de la zone alimentaire de toutes les surfaces en contact avec les aliments, offrant un r\u00e9sultat efficace et s\u00fbr dans les plus brefs d\u00e9lais.<\/p><p>Certains des produits d\u00e9graissants que nous pouvons vous proposer chez Dermo sont :<\/p><p><a href=\"https:\/\/dermo.com\/fr\/catalogue\/es\/degraissants\/34-audaz-especial.html\/\">Audaz Especial<\/a>; Produit liquide concentr\u00e9 et \u00e9mulsifiant qui dissout la salet\u00e9 et la graisse. Con\u00e7u pour d\u00e9graisser toute surface r\u00e9sistante au pH alcalin qui doit \u00eatre nettoy\u00e9e \u00e0 froid ; Murs, sols, tables de travail et toutes sortes d&#039;ustensiles.<\/p><p><a href=\"https:\/\/dermo.com\/fr\/catalogue\/es\/degraissants\/29-audaz-high-foam.html\/\">Audaz High Foam<\/a>; C&#039;est un\u00a0<strong>d\u00e9graissant<\/strong>\u00a0thixotrope avec un grand pouvoir \u00e9mulsifiant tr\u00e8s efficace pour dissoudre la graisse et la salet\u00e9 et sp\u00e9cialement con\u00e7u pour le nettoyage des surfaces verticales et des endroits difficiles d&#039;acc\u00e8s. Gr\u00e2ce \u00e0 une composition sp\u00e9ciale, il g\u00e9n\u00e8re une mousse qui adh\u00e8re de mani\u00e8re permanente aux surfaces verticales sans couler, une caract\u00e9ristique unique qui permet un nettoyage efficace dans ce type d&#039;endroits.<\/p><p><a href=\"https:\/\/dermo.com\/fr\/catalogue\/es\/degraissants\/31-audaz-lemon.html\/\">Audaz Lemon<\/a>; D\u00e9graissant liquide concentr\u00e9 \u00e0 grand pouvoir \u00e9mulsifiant qui dissout la graisse et est con\u00e7u pour \u00e9liminer la graisse de tous types de surfaces r\u00e9sistantes au pH alcalin, murs, tables, sols et ustensiles.<\/p>\t\t\t\t\t\t\t\t<\/div>\n\t\t\t\t<\/div>\n\t\t\t\t\t<\/div>\n\t\t<\/div>\n\t\t\t\t<div class=\"elementor-column elementor-col-50 elementor-inner-column elementor-element elementor-element-1568c45 elementor-invisible\" data-id=\"1568c45\" data-element_type=\"column\" data-e-type=\"column\" data-settings=\"{&quot;animation&quot;:&quot;bounceInRight&quot;}\">\n\t\t\t<div class=\"elementor-widget-wrap elementor-element-populated\">\n\t\t\t\t\t\t<div class=\"elementor-element elementor-element-04918a1 elementor-widget__width-initial elementor-widget elementor-widget-elementskit-contact-form7\" data-id=\"04918a1\" data-element_type=\"widget\" data-e-type=\"widget\" data-widget_type=\"elementskit-contact-form7.default\">\n\t\t\t\t<div class=\"elementor-widget-container\">\n\t\t\t\t\t<div class=\"ekit-wid-con\" ><div class=\"ekit-form\">\n<div class=\"wpcf7 no-js\" id=\"wpcf7-f13292-o1\" lang=\"es-ES\" dir=\"ltr\" data-wpcf7-id=\"13292\">\n<div class=\"screen-reader-response\"><p role=\"status\" aria-live=\"polite\" aria-atomic=\"true\"><\/p> <ul><\/ul><\/div>\n<form action=\"\/fr\/wp-json\/wp\/v2\/pages\/12855#wpcf7-f13292-o1\" method=\"post\" class=\"wpcf7-form init\" aria-label=\"Formulaire de contact\" novalidate=\"novalidate\" data-status=\"init\" data-trp-original-action=\"\/fr\/wp-json\/wp\/v2\/pages\/12855#wpcf7-f13292-o1\">\n<fieldset class=\"hidden-fields-container\"><input type=\"hidden\" name=\"_wpcf7\" value=\"13292\" \/><input type=\"hidden\" name=\"_wpcf7_version\" value=\"6.1.5\" \/><input type=\"hidden\" name=\"_wpcf7_locale\" value=\"es_ES\" \/><input type=\"hidden\" name=\"_wpcf7_unit_tag\" value=\"wpcf7-f13292-o1\" \/><input type=\"hidden\" name=\"_wpcf7_container_post\" value=\"0\" \/><input type=\"hidden\" name=\"_wpcf7_posted_data_hash\" value=\"\" \/><input type=\"hidden\" name=\"_wpcf7_recaptcha_response\" value=\"\" \/>\n<\/fieldset>\n<div style=\"display: flex; gap: 10px;\">\n\t<div style=\"width: 50%;\">\n\t\t<p><span class=\"wpcf7-form-control-wrap\" data-name=\"your-name\"><input size=\"40\" maxlength=\"400\" class=\"wpcf7-form-control wpcf7-text wpcf7-validates-as-required\" aria-required=\"true\" aria-invalid=\"false\" placeholder=\"Nom\" value=\"\" type=\"text\" name=\"your-name\" \/><\/span>\n\t\t<\/p>\n\t<\/div>\n\t<div style=\"width: 50%;\">\n\t\t<p><span class=\"wpcf7-form-control-wrap\" data-name=\"your-phone\"><input size=\"40\" maxlength=\"400\" class=\"wpcf7-form-control wpcf7-tel wpcf7-validates-as-required wpcf7-text wpcf7-validates-as-tel\" aria-required=\"true\" aria-invalid=\"false\" placeholder=\"T\u00e9l\u00e9phone\" value=\"\" type=\"tel\" name=\"your-phone\" \/><\/span>\n\t\t<\/p>\n\t<\/div>\n<\/div>\n<p><span class=\"wpcf7-form-control-wrap\" data-name=\"your-email\"><input size=\"40\" maxlength=\"400\" class=\"wpcf7-form-control wpcf7-email wpcf7-validates-as-required wpcf7-text wpcf7-validates-as-email\" aria-required=\"true\" aria-invalid=\"false\" placeholder=\"E-mail\" value=\"\" type=\"email\" name=\"your-email\" \/><\/span>\n<\/p>\n<div style=\"display: flex; gap: 10px;\">\n\t<div style=\"width: 50%;\">\n\t\t<p><span class=\"wpcf7-form-control-wrap\" data-name=\"your-country\"><input size=\"40\" maxlength=\"400\" class=\"wpcf7-form-control wpcf7-text wpcf7-validates-as-required\" aria-required=\"true\" aria-invalid=\"false\" placeholder=\"Pays\" value=\"\" type=\"text\" name=\"your-country\" \/><\/span>\n\t\t<\/p>\n\t<\/div>\n\t<div style=\"width: 50%;\">\n\t\t<p><span class=\"wpcf7-form-control-wrap\" data-name=\"your-city\"><input size=\"40\" maxlength=\"400\" class=\"wpcf7-form-control wpcf7-text wpcf7-validates-as-required\" aria-required=\"true\" aria-invalid=\"false\" placeholder=\"Population\" value=\"\" type=\"text\" name=\"your-city\" \/><\/span>\n\t\t<\/p>\n\t<\/div>\n<\/div>\n<p><span class=\"wpcf7-form-control-wrap\" data-name=\"your-subject\"><select class=\"wpcf7-form-control wpcf7-select\" aria-invalid=\"false\" name=\"your-subject\"><option value=\"Quiero ser distribuidor\">Je veux \u00eatre distributeur<\/option><option value=\"Presupuesto\">Budget<\/option><option value=\"Consulta\">Consultation<\/option><option value=\"Sugerencia\">Suggestion<\/option><option value=\"Otros\">Autres<\/option><\/select><\/span>\n<\/p>\n<p><span class=\"wpcf7-form-control-wrap\" data-name=\"your-message\"><textarea cols=\"40\" rows=\"10\" maxlength=\"2000\" class=\"wpcf7-form-control wpcf7-textarea\" aria-invalid=\"false\" placeholder=\"Message ou demande\" name=\"your-message\"><\/textarea><\/span>\n<\/p>\n<div style=\"display: flex; align-items: center; gap: 10px;\">\n\t<p><span class=\"wpcf7-form-control-wrap\" data-name=\"privacy-policy\"><span class=\"wpcf7-form-control wpcf7-acceptance\"><span class=\"wpcf7-list-item\"><input type=\"checkbox\" name=\"privacy-policy\" value=\"1\" aria-invalid=\"false\" \/><\/span><\/span><\/span><label for=\"privacy-policy\" style=\"margin-left: 5px;\">J&#039;ai lu et accept\u00e9 la politique de confidentialit\u00e9.<\/label>\n\t<\/p>\n<\/div>\n<div style=\"display: flex; align-items: center; gap: 10px;\">\n\t<p><span class=\"wpcf7-form-control-wrap\" data-name=\"send-info\"><span class=\"wpcf7-form-control wpcf7-acceptance\"><span class=\"wpcf7-list-item\"><input type=\"checkbox\" name=\"send-info\" value=\"1\" aria-invalid=\"false\" \/><\/span><\/span><\/span><label for=\"send-info\" style=\"margin-left: 5px;\">J&#039;accepte de recevoir des informations.<\/label>\n\t<\/p>\n<\/div>\n<p><input class=\"wpcf7-form-control wpcf7-submit has-spinner\" type=\"submit\" value=\"Envoyer\" \/>\n<\/p><div class=\"wpcf7-response-output\" aria-hidden=\"true\"><\/div>\n<input type=\"hidden\" name=\"trp-form-language\" value=\"fr\"\/><\/form>\n<\/div>\n<\/div><\/div>\t\t\t\t<\/div>\n\t\t\t\t<\/div>\n\t\t\t\t\t<\/div>\n\t\t<\/div>\n\t\t\t\t\t<\/div>\n\t\t<\/section>\n\t\t\t\t<div class=\"elementor-element elementor-element-615d68f elementor-widget elementor-widget-text-editor\" data-id=\"615d68f\" data-element_type=\"widget\" data-e-type=\"widget\" data-widget_type=\"text-editor.default\">\n\t\t\t\t<div class=\"elementor-widget-container\">\n\t\t\t\t\t\t\t\t\t<p><a href=\"https:\/\/dermo.com\/fr\/catalogue\/es\/21-desengrasantes\/\">Audaz Planchas<\/a>; D\u00e9graissant liquide concentr\u00e9 qui \u00e9limine efficacement la graisse br\u00fbl\u00e9e et\/ou carbonis\u00e9e des cuisini\u00e8res, fours et grils avec un minimum d&#039;effort. Dissous dans l\u2019eau, il peut \u00e9galement \u00eatre utilis\u00e9 pour nettoyer les friteuses et \u00e9liminer la rouille, tout en agissant comme antioxydant sur les surfaces.<\/p><p><a href=\"https:\/\/dermo.com\/fr\/catalogue\/es\/degraissants\/33-audaz-universal.html\/\">Audaz Universal<\/a>; C&#039;est un autre des\u00a0<strong>d\u00e9graissant<\/strong>\u00a0que nous pr\u00e9sentons chez Dermo, un d\u00e9graissant multi-usages pour le nettoyage et le d\u00e9graissage des surfaces peintes et des m\u00e9taux. Il est indiqu\u00e9 pour le traitement de l&#039;aluminium, de l&#039;acier inoxydable ou des plastiques.<\/p><p><a href=\"https:\/\/dermo.com\/fr\/catalogue\/es\/degraissants\/30-audaz.html\/\">Audacieux;<\/a>\u00a0Produit concentr\u00e9 avec un grand pouvoir \u00e9mulsifiant qui dissout la graisse et la salet\u00e9 et est con\u00e7u pour d\u00e9graisser les surfaces r\u00e9sistantes au pH alcalin, telles que les tables de travail, les \u00e9quipements, les sols ou les murs.<\/p><p>Et nous voulons \u00e9galement vous parler d\u2019un autre de nos produits,\u00a0<a href=\"https:\/\/dermo.com\/fr\/catalogue\/es\/degraissants\/35-dhp-100.html\/\">DHP-100<\/a>, un d\u00e9graissant sp\u00e9cial pour les surfaces tr\u00e8s grasses telles que les fours, les hottes, les cuisini\u00e8res ou les carrelages de cuisine.<\/p><p>Dans notre entreprise, nous pouvons vous proposer toutes sortes de produits, con\u00e7us pour diff\u00e9rents secteurs tels que la restauration. Si vous souhaitez plus d&#039;informations, demander un devis ou recevoir des conseils personnalis\u00e9s, nous pouvons vous aider, car nous avons une vaste exp\u00e9rience dans la fabrication et la vente de tous types de produits de nettoyage.<\/p><p>Vous pouvez nous contacter en remplissant le formulaire de contact sur notre site Web avec vos coordonn\u00e9es et votre question ou suggestion, en appelant le 937 133 500 ou en envoyant un e-mail \u00e0\u00a0<a href=\"mailto:dermo@dermo.com\">dermo@dermo.com<\/a><\/p>\t\t\t\t\t\t\t\t<\/div>\n\t\t\t\t<\/div>\n\t\t\t\t\t<\/div>\n\t\t<\/div>\n\t\t\t\t\t<\/div>\n\t\t<\/section>\n\t\t\t\t<section class=\"elementor-section elementor-top-section elementor-element elementor-element-484f41e elementor-section-full_width elementor-section-height-default elementor-section-height-default elementor-invisible\" data-id=\"484f41e\" data-element_type=\"section\" data-e-type=\"section\" data-settings=\"{&quot;animation&quot;:&quot;slideInUp&quot;}\">\n\t\t\t\t\t\t<div class=\"elementor-container elementor-column-gap-default\">\n\t\t\t\t\t<div class=\"elementor-column elementor-col-100 elementor-top-column elementor-element elementor-element-19948363\" data-id=\"19948363\" data-element_type=\"column\" data-e-type=\"column\">\n\t\t\t<div class=\"elementor-widget-wrap elementor-element-populated\">\n\t\t\t\t\t\t<div class=\"elementor-element elementor-element-339044a4 elementor-widget elementor-widget-google_maps\" data-id=\"339044a4\" data-element_type=\"widget\" data-e-type=\"widget\" data-widget_type=\"google_maps.default\">\n\t\t\t\t<div class=\"elementor-widget-container\">\n\t\t\t\t\t\t\t<div class=\"elementor-custom-embed\">\n\t\t\t<iframe loading=\"lazy\"\n\t\t\t\t\tsrc=\"https:\/\/maps.google.com\/maps?q=C%2F%20Pintor%20Joan%20Miro%2C%2016.%20Pol.%20Ind.%20Can%20Humet%20de%20Dalt%2C%2008213%20Poliny%C3%A0.%20Barcelona&#038;t=m&#038;z=15&#038;output=embed&#038;iwloc=near\"\n\t\t\t\t\ttitle=\"C\/ Pintor Joan Miro, 16. Pol. Ind. Can Humet de Dalt, 08213 Poliny\u00e0. Barcelone\"\n\t\t\t\t\taria-label=\"C\/ Pintor Joan Miro, 16. Pol. Ind. Can Humet de Dalt, 08213 Poliny\u00e0. Barcelone\"\n\t\t\t><\/iframe>\n\t\t<\/div>\n\t\t\t\t\t\t<\/div>\n\t\t\t\t<\/div>\n\t\t\t\t\t<\/div>\n\t\t<\/div>\n\t\t\t\t\t<\/div>\n\t\t<\/section>\n\t\t\t\t<\/div>","protected":false},"excerpt":{"rendered":"<p>Chez Dermo, nous proposons des d\u00e9graissants haut de gamme au pouvoir d\u00e9graissant \u00e9lev\u00e9, capables d&#039;\u00e9liminer les salet\u00e9s tenaces, m\u00eame les taches les plus tenaces, souvent incrust\u00e9es sur les surfaces et les ustensiles de cuisine. Nos d\u00e9graissants sont formul\u00e9s pour garantir la s\u00e9curit\u00e9 alimentaire sur toutes les surfaces de la cuisine.&nbsp;<a href=\"https:\/\/dermo.com\/fr\/degraissant-2\/\" rel=\"bookmark\">En savoir plus &quot;<span class=\"screen-reader-text\">D\u00e9graissant<\/span><\/a><\/p>","protected":false},"author":2,"featured_media":0,"parent":0,"menu_order":0,"comment_status":"closed","ping_status":"closed","template":"page-templates\/template-pagebuilder-full-width.php","meta":{"neve_meta_sidebar":"","neve_meta_container":"","neve_meta_enable_content_width":"","neve_meta_content_width":0,"neve_meta_title_alignment":"","neve_meta_author_avatar":"","neve_post_elements_order":"","neve_meta_disable_header":"","neve_meta_disable_footer":"","neve_meta_disable_title":"","footnotes":""},"class_list":["post-12855","page","type-page","status-publish","hentry"],"yoast_head":"<!-- This site is optimized with the Yoast SEO plugin v27.0 - https:\/\/yoast.com\/product\/yoast-seo-wordpress\/ -->\n<title>Quitagrasas - Dermo | F\u00e1brica de detergentes<\/title>\n<meta name=\"robots\" content=\"index, follow, max-snippet:-1, max-image-preview:large, max-video-preview:-1\" \/>\n<link rel=\"canonical\" href=\"https:\/\/dermo.com\/fr\/degraissant-2\/\" \/>\n<meta property=\"og:locale\" content=\"fr_FR\" \/>\n<meta property=\"og:type\" content=\"article\" \/>\n<meta property=\"og:title\" content=\"Quitagrasas - Dermo | F\u00e1brica de detergentes\" \/>\n<meta property=\"og:description\" content=\"En Dermo te ofrecemos\u00a0quitagrasas\u00a0de primera calidad que cuentan con un alto poder desengrasante y son capaces de eliminar cualquier suciedad incrustada y hasta las manchas m\u00e1s dif\u00edciles, que suelen adherirse a las superficies y utensilios que se utilizan en una cocina. Nuestros\u00a0quitagrasas\u00a0est\u00e1n formulados para garantizar la seguridad del \u00e1rea alimentaria de todas aquellas superficies en&hellip;&nbsp;Lire la suite &raquo;Quitagrasas\" \/>\n<meta property=\"og:url\" content=\"https:\/\/dermo.com\/fr\/degraissant-2\/\" \/>\n<meta property=\"og:site_name\" content=\"Dermo | F\u00e1brica de detergentes\" \/>\n<meta property=\"article:modified_time\" content=\"2025-02-19T11:35:16+00:00\" \/>\n<meta name=\"twitter:card\" content=\"summary_large_image\" \/>\n<meta name=\"twitter:label1\" content=\"Dur\u00e9e de lecture estim\u00e9e\" \/>\n\t<meta name=\"twitter:data1\" content=\"3 minutes\" \/>\n<script type=\"application\/ld+json\" class=\"yoast-schema-graph\">{\"@context\":\"https:\/\/schema.org\",\"@graph\":[{\"@type\":\"WebPage\",\"@id\":\"https:\/\/dermo.com\/quitagrasas-2\/\",\"url\":\"https:\/\/dermo.com\/quitagrasas-2\/\",\"name\":\"Quitagrasas - Dermo | F\u00e1brica de detergentes\",\"isPartOf\":{\"@id\":\"https:\/\/dermo.com\/#website\"},\"datePublished\":\"2025-01-31T09:43:18+00:00\",\"dateModified\":\"2025-02-19T11:35:16+00:00\",\"breadcrumb\":{\"@id\":\"https:\/\/dermo.com\/quitagrasas-2\/#breadcrumb\"},\"inLanguage\":\"fr-FR\",\"potentialAction\":[{\"@type\":\"ReadAction\",\"target\":[\"https:\/\/dermo.com\/quitagrasas-2\/\"]}]},{\"@type\":\"BreadcrumbList\",\"@id\":\"https:\/\/dermo.com\/quitagrasas-2\/#breadcrumb\",\"itemListElement\":[{\"@type\":\"ListItem\",\"position\":1,\"name\":\"Portada\",\"item\":\"https:\/\/dermo.com\/\"},{\"@type\":\"ListItem\",\"position\":2,\"name\":\"Quitagrasas\"}]},{\"@type\":\"WebSite\",\"@id\":\"https:\/\/dermo.com\/#website\",\"url\":\"https:\/\/dermo.com\/\",\"name\":\"Dermo | F\u00e1brica de detergentes\",\"description\":\"Tecnolog\u00eda avanzada, investigaci\u00f3n y desarrollo, respeto por el medio ambiente, competencia, formaci\u00f3n constante y alto nivel de profesionalidad en nuestro equipo humano, empe\u00f1ado en preservar la calidad de vida, la protecci\u00f3n del entorno natural contin\u00faan motiv\u00e1ndonos para desarrollar en nuestros laboratorios nuevos productos con ingredientes activos altamente biodegradables que hacen posible un desarrollo sostenible.\",\"potentialAction\":[{\"@type\":\"SearchAction\",\"target\":{\"@type\":\"EntryPoint\",\"urlTemplate\":\"https:\/\/dermo.com\/?s={search_term_string}\"},\"query-input\":{\"@type\":\"PropertyValueSpecification\",\"valueRequired\":true,\"valueName\":\"search_term_string\"}}],\"inLanguage\":\"fr-FR\"}]}<\/script>\n<!-- \/ Yoast SEO plugin. -->","yoast_head_json":{"title":"D\u00e9graissant - Dermo | Usine de d\u00e9tergents","robots":{"index":"index","follow":"follow","max-snippet":"max-snippet:-1","max-image-preview":"max-image-preview:large","max-video-preview":"max-video-preview:-1"},"canonical":"https:\/\/dermo.com\/fr\/degraissant-2\/","og_locale":"fr_FR","og_type":"article","og_title":"Quitagrasas - Dermo | F\u00e1brica de detergentes","og_description":"En Dermo te ofrecemos\u00a0quitagrasas\u00a0de primera calidad que cuentan con un alto poder desengrasante y son capaces de eliminar cualquier suciedad incrustada y hasta las manchas m\u00e1s dif\u00edciles, que suelen adherirse a las superficies y utensilios que se utilizan en una cocina. Nuestros\u00a0quitagrasas\u00a0est\u00e1n formulados para garantizar la seguridad del \u00e1rea alimentaria de todas aquellas superficies en&hellip;&nbsp;Lire la suite &raquo;Quitagrasas","og_url":"https:\/\/dermo.com\/fr\/degraissant-2\/","og_site_name":"Dermo | F\u00e1brica de detergentes","article_modified_time":"2025-02-19T11:35:16+00:00","twitter_card":"summary_large_image","twitter_misc":{"Dur\u00e9e de lecture estim\u00e9e":"3 minutes"},"schema":{"@context":"https:\/\/schema.org","@graph":[{"@type":"WebPage","@id":"https:\/\/dermo.com\/quitagrasas-2\/","url":"https:\/\/dermo.com\/quitagrasas-2\/","name":"D\u00e9graissant - Dermo | Usine de d\u00e9tergents","isPartOf":{"@id":"https:\/\/dermo.com\/#website"},"datePublished":"2025-01-31T09:43:18+00:00","dateModified":"2025-02-19T11:35:16+00:00","breadcrumb":{"@id":"https:\/\/dermo.com\/quitagrasas-2\/#breadcrumb"},"inLanguage":"fr-FR","potentialAction":[{"@type":"ReadAction","target":["https:\/\/dermo.com\/quitagrasas-2\/"]}]},{"@type":"BreadcrumbList","@id":"https:\/\/dermo.com\/quitagrasas-2\/#breadcrumb","itemListElement":[{"@type":"ListItem","position":1,"name":"Portada","item":"https:\/\/dermo.com\/"},{"@type":"ListItem","position":2,"name":"Quitagrasas"}]},{"@type":"WebSite","@id":"https:\/\/dermo.com\/#website","url":"https:\/\/dermo.com\/","name":"Dermo | usine de d\u00e9tergents","description":"Technologie avanc\u00e9e, recherche et d\u00e9veloppement, respect de l&#039;environnement, comp\u00e9tence, formation constante et haut niveau de professionnalisme de notre \u00e9quipe humaine, engag\u00e9e \u00e0 pr\u00e9server la qualit\u00e9 de vie, la protection de l&#039;environnement naturel continuent de nous motiver \u00e0 d\u00e9velopper de nouveaux produits dans notre laboratoires aux principes actifs hautement biod\u00e9gradables qui rendent possible le d\u00e9veloppement durable.","potentialAction":[{"@type":"SearchAction","target":{"@type":"EntryPoint","urlTemplate":"https:\/\/dermo.com\/?s={search_term_string}"},"query-input":{"@type":"PropertyValueSpecification","valueRequired":true,"valueName":"search_term_string"}}],"inLanguage":"fr-FR"}]}},"_links":{"self":[{"href":"https:\/\/dermo.com\/fr\/wp-json\/wp\/v2\/pages\/12855","targetHints":{"allow":["GET"]}}],"collection":[{"href":"https:\/\/dermo.com\/fr\/wp-json\/wp\/v2\/pages"}],"about":[{"href":"https:\/\/dermo.com\/fr\/wp-json\/wp\/v2\/types\/page"}],"author":[{"embeddable":true,"href":"https:\/\/dermo.com\/fr\/wp-json\/wp\/v2\/users\/2"}],"replies":[{"embeddable":true,"href":"https:\/\/dermo.com\/fr\/wp-json\/wp\/v2\/comments?post=12855"}],"version-history":[{"count":10,"href":"https:\/\/dermo.com\/fr\/wp-json\/wp\/v2\/pages\/12855\/revisions"}],"predecessor-version":[{"id":13714,"href":"https:\/\/dermo.com\/fr\/wp-json\/wp\/v2\/pages\/12855\/revisions\/13714"}],"wp:attachment":[{"href":"https:\/\/dermo.com\/fr\/wp-json\/wp\/v2\/media?parent=12855"}],"curies":[{"name":"wp","href":"https:\/\/api.w.org\/{rel}","templated":true}]}}