{"id":12867,"date":"2025-01-31T10:45:20","date_gmt":"2025-01-31T09:45:20","guid":{"rendered":"https:\/\/dermo.com\/?page_id=12867"},"modified":"2025-02-19T11:54:24","modified_gmt":"2025-02-19T10:54:24","slug":"usine-de-detergents-menagers","status":"publish","type":"page","link":"https:\/\/dermo.com\/fr\/usine-de-detergents-menagers\/","title":{"rendered":"Usine de d\u00e9tergents m\u00e9nagers"},"content":{"rendered":"<div data-elementor-type=\"wp-page\" data-elementor-id=\"12867\" class=\"elementor elementor-12867\" data-elementor-post-type=\"page\">\n\t\t\t\t\t\t<section class=\"elementor-section elementor-top-section elementor-element elementor-element-a02683f elementor-section-boxed elementor-section-height-default elementor-section-height-default\" data-id=\"a02683f\" data-element_type=\"section\" data-e-type=\"section\" data-settings=\"{&quot;background_background&quot;:&quot;classic&quot;}\">\n\t\t\t\t\t\t\t<div class=\"elementor-background-overlay\"><\/div>\n\t\t\t\t\t\t\t<div class=\"elementor-container elementor-column-gap-default\">\n\t\t\t\t\t<div class=\"elementor-column elementor-col-100 elementor-top-column elementor-element elementor-element-f99dbff\" data-id=\"f99dbff\" data-element_type=\"column\" data-e-type=\"column\">\n\t\t\t<div class=\"elementor-widget-wrap elementor-element-populated\">\n\t\t\t\t\t\t\t<\/div>\n\t\t<\/div>\n\t\t\t\t\t<\/div>\n\t\t<\/section>\n\t\t\t\t<section class=\"elementor-section elementor-top-section elementor-element elementor-element-233ad3a4 elementor-section-boxed elementor-section-height-default elementor-section-height-default\" data-id=\"233ad3a4\" data-element_type=\"section\" data-e-type=\"section\">\n\t\t\t\t\t\t<div class=\"elementor-container elementor-column-gap-default\">\n\t\t\t\t\t<div class=\"elementor-column elementor-col-100 elementor-top-column elementor-element elementor-element-3244e578\" data-id=\"3244e578\" data-element_type=\"column\" data-e-type=\"column\">\n\t\t\t<div class=\"elementor-widget-wrap elementor-element-populated\">\n\t\t\t\t\t\t<section class=\"elementor-section elementor-inner-section elementor-element elementor-element-1a7040c2 elementor-section-content-middle elementor-section-boxed elementor-section-height-default elementor-section-height-default\" data-id=\"1a7040c2\" data-element_type=\"section\" data-e-type=\"section\">\n\t\t\t\t\t\t<div class=\"elementor-container elementor-column-gap-default\">\n\t\t\t\t\t<div class=\"elementor-column elementor-col-50 elementor-inner-column elementor-element elementor-element-58338543\" data-id=\"58338543\" data-element_type=\"column\" data-e-type=\"column\">\n\t\t\t<div class=\"elementor-widget-wrap elementor-element-populated\">\n\t\t\t\t\t\t<div class=\"elementor-element elementor-element-464b2e11 elementor-widget elementor-widget-text-editor\" data-id=\"464b2e11\" data-element_type=\"widget\" data-e-type=\"widget\" data-widget_type=\"text-editor.default\">\n\t\t\t\t<div class=\"elementor-widget-container\">\n\t\t\t\t\t\t\t\t\t<p>L\u2019une des principales pr\u00e9occupations qui nous touche tous est la couverture de nos besoins les plus \u00e9l\u00e9mentaires, qui se concentrent normalement autour des choses essentielles au d\u00e9veloppement de notre vie quotidienne. Alimentation, logement, \u00e9ducation, sant\u00e9, abri et protection... Ce sont des services qui doivent \u00eatre garantis pour la survie de l&#039;esp\u00e8ce et, par cons\u00e9quent, sans lesquels nous ne pourrions pas vivre. Cependant, nous n\u2019accordons souvent pas \u00e0 certains d\u2019entre eux l\u2019importance qu\u2019ils m\u00e9ritent. Le\u00a0<strong>nettoyage<\/strong>\u00a0et le\u00a0<strong>hygi\u00e8ne<\/strong>, par exemple, sont une priorit\u00e9 qui, au fil du temps, est devenue un besoin intangible et primordial qui doit \u00eatre satisfait.<\/p><p><strong>Dermo SA,<\/strong>\u00a0<strong>usine de d\u00e9tergents<\/strong>\u00a0compos\u00e9e d&#039;une \u00e9quipe humaine de professionnels qui, avant tout, assurent la couverture de ce besoin essentiel, avec une exp\u00e9rience dans le secteur de\u00a0<strong>nettoyage<\/strong>\u00a0et le\u00a0<strong>hygi\u00e8ne<\/strong>\u00a0depuis plus de 25 ans offrant \u00e0 nos clients le meilleur\u00a0<strong>d\u00e9tergents<\/strong>\u00a0et accessoires et compl\u00e9ments ; Nous sommes une entreprise familiale, proche de la communaut\u00e9 et, surtout, consciente de cette situation, qui doit \u00eatre r\u00e9solue avec les actions appropri\u00e9es pour assurer sa couverture, non seulement dans un monde d\u00e9velopp\u00e9, mais avec un engagement ferme envers les pays qui ne peuvent toujours pas acc\u00e9der \u00e0 ces besoins fondamentaux.<\/p>\t\t\t\t\t\t\t\t<\/div>\n\t\t\t\t<\/div>\n\t\t\t\t\t<\/div>\n\t\t<\/div>\n\t\t\t\t<div class=\"elementor-column elementor-col-50 elementor-inner-column elementor-element elementor-element-be6a35f elementor-invisible\" data-id=\"be6a35f\" data-element_type=\"column\" data-e-type=\"column\" data-settings=\"{&quot;animation&quot;:&quot;bounceInRight&quot;}\">\n\t\t\t<div class=\"elementor-widget-wrap elementor-element-populated\">\n\t\t\t\t\t\t<div class=\"elementor-element elementor-element-90d0589 elementor-widget elementor-widget-elementskit-contact-form7\" data-id=\"90d0589\" data-element_type=\"widget\" data-e-type=\"widget\" data-widget_type=\"elementskit-contact-form7.default\">\n\t\t\t\t<div class=\"elementor-widget-container\">\n\t\t\t\t\t<div class=\"ekit-wid-con\" ><div class=\"ekit-form\">\n<div class=\"wpcf7 no-js\" id=\"wpcf7-f13292-p12867-o1\" lang=\"es-ES\" dir=\"ltr\" data-wpcf7-id=\"13292\">\n<div class=\"screen-reader-response\"><p role=\"status\" aria-live=\"polite\" aria-atomic=\"true\"><\/p> <ul><\/ul><\/div>\n<form action=\"\/fr\/usine-de-detergents-menagers\/#wpcf7-f13292-p12867-o1\" method=\"post\" class=\"wpcf7-form init\" aria-label=\"Formulario de contacto\" novalidate=\"novalidate\" data-status=\"init\" data-no-translation-aria-label=\"\" data-trp-original-action=\"\/en\/fabrica-de-detergentes-domesticos\/#wpcf7-f13292-p12867-o1\">\n<fieldset class=\"hidden-fields-container\"><input type=\"hidden\" name=\"_wpcf7\" value=\"13292\" \/><input type=\"hidden\" name=\"_wpcf7_version\" value=\"6.1.5\" \/><input type=\"hidden\" name=\"_wpcf7_locale\" value=\"es_ES\" \/><input type=\"hidden\" name=\"_wpcf7_unit_tag\" value=\"wpcf7-f13292-p12867-o1\" \/><input type=\"hidden\" name=\"_wpcf7_container_post\" value=\"12867\" \/><input type=\"hidden\" name=\"_wpcf7_posted_data_hash\" value=\"\" \/><input type=\"hidden\" name=\"_wpcf7_recaptcha_response\" value=\"\" \/>\n<\/fieldset>\n<div style=\"display: flex; gap: 10px;\">\n\t<div style=\"width: 50%;\">\n\t\t<p><span class=\"wpcf7-form-control-wrap\" data-name=\"your-name\"><input size=\"40\" maxlength=\"400\" class=\"wpcf7-form-control wpcf7-text wpcf7-validates-as-required\" aria-required=\"true\" aria-invalid=\"false\" placeholder=\"Nom\" value=\"\" type=\"text\" name=\"your-name\" \/><\/span>\n\t\t<\/p>\n\t<\/div>\n\t<div style=\"width: 50%;\">\n\t\t<p><span class=\"wpcf7-form-control-wrap\" data-name=\"your-phone\"><input size=\"40\" maxlength=\"400\" class=\"wpcf7-form-control wpcf7-tel wpcf7-validates-as-required wpcf7-text wpcf7-validates-as-tel\" aria-required=\"true\" aria-invalid=\"false\" placeholder=\"T\u00e9l\u00e9phone\" value=\"\" type=\"tel\" name=\"your-phone\" \/><\/span>\n\t\t<\/p>\n\t<\/div>\n<\/div>\n<p><span class=\"wpcf7-form-control-wrap\" data-name=\"your-email\"><input size=\"40\" maxlength=\"400\" class=\"wpcf7-form-control wpcf7-email wpcf7-validates-as-required wpcf7-text wpcf7-validates-as-email\" aria-required=\"true\" aria-invalid=\"false\" placeholder=\"E-mail\" value=\"\" type=\"email\" name=\"your-email\" \/><\/span>\n<\/p>\n<div style=\"display: flex; gap: 10px;\">\n\t<div style=\"width: 50%;\">\n\t\t<p><span class=\"wpcf7-form-control-wrap\" data-name=\"your-country\"><input size=\"40\" maxlength=\"400\" class=\"wpcf7-form-control wpcf7-text wpcf7-validates-as-required\" aria-required=\"true\" aria-invalid=\"false\" placeholder=\"Pays\" value=\"\" type=\"text\" name=\"your-country\" \/><\/span>\n\t\t<\/p>\n\t<\/div>\n\t<div style=\"width: 50%;\">\n\t\t<p><span class=\"wpcf7-form-control-wrap\" data-name=\"your-city\"><input size=\"40\" maxlength=\"400\" class=\"wpcf7-form-control wpcf7-text wpcf7-validates-as-required\" aria-required=\"true\" aria-invalid=\"false\" placeholder=\"Population\" value=\"\" type=\"text\" name=\"your-city\" \/><\/span>\n\t\t<\/p>\n\t<\/div>\n<\/div>\n<p><span class=\"wpcf7-form-control-wrap\" data-name=\"your-subject\"><select class=\"wpcf7-form-control wpcf7-select\" aria-invalid=\"false\" name=\"your-subject\"><option value=\"Quiero ser distribuidor\">Je veux \u00eatre distributeur<\/option><option value=\"Presupuesto\">Budget<\/option><option value=\"Consulta\">Consultation<\/option><option value=\"Sugerencia\">Suggestion<\/option><option value=\"Otros\">Autres<\/option><\/select><\/span>\n<\/p>\n<p><span class=\"wpcf7-form-control-wrap\" data-name=\"your-message\"><textarea cols=\"40\" rows=\"10\" maxlength=\"2000\" class=\"wpcf7-form-control wpcf7-textarea\" aria-invalid=\"false\" placeholder=\"Message ou demande\" name=\"your-message\"><\/textarea><\/span>\n<\/p>\n<div style=\"display: flex; align-items: center; gap: 10px;\">\n\t<p><span class=\"wpcf7-form-control-wrap\" data-name=\"privacy-policy\"><span class=\"wpcf7-form-control wpcf7-acceptance\"><span class=\"wpcf7-list-item\"><input type=\"checkbox\" name=\"privacy-policy\" value=\"1\" aria-invalid=\"false\" \/><\/span><\/span><\/span><label for=\"privacy-policy\" style=\"margin-left: 5px;\">J&#039;ai lu et accept\u00e9 la politique de confidentialit\u00e9.<\/label>\n\t<\/p>\n<\/div>\n<div style=\"display: flex; align-items: center; gap: 10px;\">\n\t<p><span class=\"wpcf7-form-control-wrap\" data-name=\"send-info\"><span class=\"wpcf7-form-control wpcf7-acceptance\"><span class=\"wpcf7-list-item\"><input type=\"checkbox\" name=\"send-info\" value=\"1\" aria-invalid=\"false\" \/><\/span><\/span><\/span><label for=\"send-info\" style=\"margin-left: 5px;\">J&#039;accepte de recevoir des informations.<\/label>\n\t<\/p>\n<\/div>\n<p><input class=\"wpcf7-form-control wpcf7-submit has-spinner\" type=\"submit\" value=\"Envoyer\" \/>\n<\/p><div class=\"wpcf7-response-output\" aria-hidden=\"true\"><\/div>\n<input type=\"hidden\" name=\"trp-form-language\" value=\"fr\"\/><\/form>\n<\/div>\n<\/div><\/div>\t\t\t\t<\/div>\n\t\t\t\t<\/div>\n\t\t\t\t\t<\/div>\n\t\t<\/div>\n\t\t\t\t\t<\/div>\n\t\t<\/section>\n\t\t\t\t<div class=\"elementor-element elementor-element-615d68f elementor-widget elementor-widget-text-editor\" data-id=\"615d68f\" data-element_type=\"widget\" data-e-type=\"widget\" data-widget_type=\"text-editor.default\">\n\t\t\t\t<div class=\"elementor-widget-container\">\n\t\t\t\t\t\t\t\t\t<p>Il n\u2019y a pas d\u2019atout plus pr\u00e9cieux que la couverture correcte de ce besoin, en tenant toujours compte des exigences de nos clients. Pour cette raison, avec les efforts de tous nos travailleurs et fournisseurs, qui nous ont apport\u00e9 leur soutien inconditionnel et nous ont aid\u00e9 \u00e0 grandir, et avec cette pers\u00e9v\u00e9rance et cet engagement que nous mettons dans tous les produits (plus de 200 parmi lesquels notre\u00a0<strong>d\u00e9tergents<\/strong>, cirages, nettoyants multi-usages, d\u00e9sinfectants, d\u00e9graissants...) et services que nous r\u00e9alisons dans\u00a0<strong>Dermo SA<\/strong>, nous avons r\u00e9ussi \u00e0 nous positionner parmi l&#039;un des\u00a0<strong>usines de d\u00e9tergents<\/strong>\u00a0leader sur le march\u00e9 national et, aujourd&#039;hui \u00e9galement pr\u00e9sent dans 34 pays en Europe, en Afrique et en Asie.<\/p><p>Notre objectif principal est nos clients et leur enti\u00e8re satisfaction, c&#039;est pourquoi dans\u00a0<strong>Dermo SA<\/strong>\u00a0Notre activit\u00e9 ne s&#039;arr\u00eate jamais et c&#039;est gr\u00e2ce \u00e0 cet effort quotidien que nous prenons soin de chaque personne qui m\u00e9rite de b\u00e9n\u00e9ficier de la couverture de ce besoin, avec\u00a0<strong>d\u00e9tergents\u00a0<\/strong>authentiquement test\u00e9s et fabriqu\u00e9s dans le respect, dans la mesure du possible, de la r\u00e9glementation europ\u00e9enne ISO 9001:2008 et de leur caract\u00e8re respectueux de l&#039;environnement. Un travail que nous assurons avec toute l&#039;excellence en\u00a0<strong>Dermo SA<\/strong>, avec\u00a0<strong>d\u00e9tergents<\/strong>\u00a0et d&#039;autres produits qui compl\u00e8tent notre activit\u00e9, disponibles pour une utilisation unique\u00a0<strong>domestique<\/strong>, notamment celles destin\u00e9es \u00e0 une client\u00e8le du secteur des services, qui doit \u00e0 son tour s&#039;occuper de sa propre client\u00e8le et satisfaire ses besoins de sant\u00e9 (maisons de retraite, h\u00f4tels, h\u00f4pitaux, grands magasins, etc.).<\/p><p>Gr\u00e2ce aux avanc\u00e9es technologiques appliqu\u00e9es dans notre\u00a0<strong>laboratoires<\/strong>\u00a0et des installations, nous avons r\u00e9ussi \u00e0 nous positionner comme\u00a0<strong>usine de d\u00e9tergents\u00a0<\/strong>de r\u00e9f\u00e9rence offrant une attention exclusive et personnalis\u00e9e et un traitement direct et m\u00e9ritoire, pour r\u00e9pondre \u00e0 cet objectif que chacun des membres de\u00a0<strong>Dermo SA<\/strong>, une mission pour laquelle nous avons un respect total et qui renforce notre engagement.\u00a0<strong>Dermo SA<\/strong>, votre entreprise et\u00a0<strong>usine de d\u00e9tergents<\/strong>\u00a0digne de confiance, famili\u00e8re et proche, o\u00f9 nous nous soucions de la satisfaction de nos clients et de la couverture bien m\u00e9rit\u00e9e de ce besoin indispensable qui affecte toutes les dimensions et sph\u00e8res de notre monde.<\/p>\t\t\t\t\t\t\t\t<\/div>\n\t\t\t\t<\/div>\n\t\t\t\t\t<\/div>\n\t\t<\/div>\n\t\t\t\t\t<\/div>\n\t\t<\/section>\n\t\t\t\t<section class=\"elementor-section elementor-top-section elementor-element elementor-element-484f41e elementor-section-full_width elementor-section-height-default elementor-section-height-default elementor-invisible\" data-id=\"484f41e\" data-element_type=\"section\" data-e-type=\"section\" data-settings=\"{&quot;animation&quot;:&quot;slideInUp&quot;}\">\n\t\t\t\t\t\t<div class=\"elementor-container elementor-column-gap-default\">\n\t\t\t\t\t<div class=\"elementor-column elementor-col-100 elementor-top-column elementor-element elementor-element-19948363\" data-id=\"19948363\" data-element_type=\"column\" data-e-type=\"column\">\n\t\t\t<div class=\"elementor-widget-wrap elementor-element-populated\">\n\t\t\t\t\t\t<div class=\"elementor-element elementor-element-339044a4 elementor-widget elementor-widget-google_maps\" data-id=\"339044a4\" data-element_type=\"widget\" data-e-type=\"widget\" data-widget_type=\"google_maps.default\">\n\t\t\t\t<div class=\"elementor-widget-container\">\n\t\t\t\t\t\t\t<div class=\"elementor-custom-embed\">\n\t\t\t<iframe loading=\"lazy\"\n\t\t\t\t\tsrc=\"https:\/\/maps.google.com\/maps?q=C%2F%20Pintor%20Joan%20Miro%2C%2016.%20Pol.%20Ind.%20Can%20Humet%20de%20Dalt%2C%2008213%20Poliny%C3%A0.%20Barcelona&#038;t=m&#038;z=15&#038;output=embed&#038;iwloc=near\"\n\t\t\t\t\ttitle=\"C\/ Pintor Joan Miro, 16. Pol. Ind. Can Humet de Dalt, 08213 Poliny\u00e0. Barcelone\"\n\t\t\t\t\taria-label=\"C\/ Pintor Joan Miro, 16. Pol. Ind. Can Humet de Dalt, 08213 Poliny\u00e0. Barcelone\"\n\t\t\t><\/iframe>\n\t\t<\/div>\n\t\t\t\t\t\t<\/div>\n\t\t\t\t<\/div>\n\t\t\t\t\t<\/div>\n\t\t<\/div>\n\t\t\t\t\t<\/div>\n\t\t<\/section>\n\t\t\t\t<\/div>","protected":false},"excerpt":{"rendered":"<p>L&#039;une de nos principales pr\u00e9occupations est de satisfaire nos besoins les plus fondamentaux, g\u00e9n\u00e9ralement essentiels \u00e0 notre quotidien. Nourriture, logement, \u00e9ducation, soins de sant\u00e9, abri et confort\u2026 Autant de services essentiels \u00e0 la survie de\u2026&nbsp;<a href=\"https:\/\/dermo.com\/fr\/usine-de-detergents-menagers\/\" rel=\"bookmark\">En savoir plus &quot;<span class=\"screen-reader-text\">Usine de d\u00e9tergents m\u00e9nagers<\/span><\/a><\/p>","protected":false},"author":2,"featured_media":0,"parent":0,"menu_order":0,"comment_status":"closed","ping_status":"closed","template":"page-templates\/template-pagebuilder-full-width.php","meta":{"neve_meta_sidebar":"","neve_meta_container":"","neve_meta_enable_content_width":"","neve_meta_content_width":0,"neve_meta_title_alignment":"","neve_meta_author_avatar":"","neve_post_elements_order":"","neve_meta_disable_header":"","neve_meta_disable_footer":"","neve_meta_disable_title":"","footnotes":""},"class_list":["post-12867","page","type-page","status-publish","hentry"],"yoast_head":"<!-- This site is optimized with the Yoast SEO plugin v27.0 - https:\/\/yoast.com\/product\/yoast-seo-wordpress\/ -->\n<title>F\u00e1brica de Detergentes Dom\u00e9sticos - Dermo | F\u00e1brica de detergentes<\/title>\n<meta name=\"robots\" content=\"index, follow, max-snippet:-1, max-image-preview:large, max-video-preview:-1\" \/>\n<link rel=\"canonical\" href=\"https:\/\/dermo.com\/fr\/usine-de-detergents-menagers\/\" \/>\n<meta property=\"og:locale\" content=\"fr_FR\" \/>\n<meta property=\"og:type\" content=\"article\" \/>\n<meta property=\"og:title\" content=\"F\u00e1brica de Detergentes Dom\u00e9sticos - Dermo | F\u00e1brica de detergentes\" \/>\n<meta property=\"og:description\" content=\"Una de las principales preocupaciones que nos ata\u00f1en a todos es el cubrimiento de nuestras necesidades m\u00e1s primarias y que, normalmente, se concentran entorno a aquello esencial para el desarrollo de nuestra vida diaria. La alimentaci\u00f3n, la vivienda, la educaci\u00f3n, la salud, abrigo y cobijo\u2026 Son atenciones que deben ser garantizadas para la subsistencia de&hellip;&nbsp;Lire la suite &raquo;F\u00e1brica de Detergentes Dom\u00e9sticos\" \/>\n<meta property=\"og:url\" content=\"https:\/\/dermo.com\/fr\/usine-de-detergents-menagers\/\" \/>\n<meta property=\"og:site_name\" content=\"Dermo | F\u00e1brica de detergentes\" \/>\n<meta property=\"article:modified_time\" content=\"2025-02-19T10:54:24+00:00\" \/>\n<meta name=\"twitter:card\" content=\"summary_large_image\" \/>\n<meta name=\"twitter:label1\" content=\"Dur\u00e9e de lecture estim\u00e9e\" \/>\n\t<meta name=\"twitter:data1\" content=\"3 minutes\" \/>\n<script type=\"application\/ld+json\" class=\"yoast-schema-graph\">{\"@context\":\"https:\/\/schema.org\",\"@graph\":[{\"@type\":\"WebPage\",\"@id\":\"https:\/\/dermo.com\/fabrica-de-detergentes-domesticos\/\",\"url\":\"https:\/\/dermo.com\/fabrica-de-detergentes-domesticos\/\",\"name\":\"F\u00e1brica de Detergentes Dom\u00e9sticos - Dermo | F\u00e1brica de detergentes\",\"isPartOf\":{\"@id\":\"https:\/\/dermo.com\/#website\"},\"datePublished\":\"2025-01-31T09:45:20+00:00\",\"dateModified\":\"2025-02-19T10:54:24+00:00\",\"breadcrumb\":{\"@id\":\"https:\/\/dermo.com\/fabrica-de-detergentes-domesticos\/#breadcrumb\"},\"inLanguage\":\"fr-FR\",\"potentialAction\":[{\"@type\":\"ReadAction\",\"target\":[\"https:\/\/dermo.com\/fabrica-de-detergentes-domesticos\/\"]}]},{\"@type\":\"BreadcrumbList\",\"@id\":\"https:\/\/dermo.com\/fabrica-de-detergentes-domesticos\/#breadcrumb\",\"itemListElement\":[{\"@type\":\"ListItem\",\"position\":1,\"name\":\"Portada\",\"item\":\"https:\/\/dermo.com\/\"},{\"@type\":\"ListItem\",\"position\":2,\"name\":\"F\u00e1brica de Detergentes Dom\u00e9sticos\"}]},{\"@type\":\"WebSite\",\"@id\":\"https:\/\/dermo.com\/#website\",\"url\":\"https:\/\/dermo.com\/\",\"name\":\"Dermo | F\u00e1brica de detergentes\",\"description\":\"Tecnolog\u00eda avanzada, investigaci\u00f3n y desarrollo, respeto por el medio ambiente, competencia, formaci\u00f3n constante y alto nivel de profesionalidad en nuestro equipo humano, empe\u00f1ado en preservar la calidad de vida, la protecci\u00f3n del entorno natural contin\u00faan motiv\u00e1ndonos para desarrollar en nuestros laboratorios nuevos productos con ingredientes activos altamente biodegradables que hacen posible un desarrollo sostenible.\",\"potentialAction\":[{\"@type\":\"SearchAction\",\"target\":{\"@type\":\"EntryPoint\",\"urlTemplate\":\"https:\/\/dermo.com\/?s={search_term_string}\"},\"query-input\":{\"@type\":\"PropertyValueSpecification\",\"valueRequired\":true,\"valueName\":\"search_term_string\"}}],\"inLanguage\":\"fr-FR\"}]}<\/script>\n<!-- \/ Yoast SEO plugin. -->","yoast_head_json":{"title":"Usine de d\u00e9tergents m\u00e9nagers - Dermo | Usine de d\u00e9tergents","robots":{"index":"index","follow":"follow","max-snippet":"max-snippet:-1","max-image-preview":"max-image-preview:large","max-video-preview":"max-video-preview:-1"},"canonical":"https:\/\/dermo.com\/fr\/usine-de-detergents-menagers\/","og_locale":"fr_FR","og_type":"article","og_title":"F\u00e1brica de Detergentes Dom\u00e9sticos - Dermo | F\u00e1brica de detergentes","og_description":"Una de las principales preocupaciones que nos ata\u00f1en a todos es el cubrimiento de nuestras necesidades m\u00e1s primarias y que, normalmente, se concentran entorno a aquello esencial para el desarrollo de nuestra vida diaria. La alimentaci\u00f3n, la vivienda, la educaci\u00f3n, la salud, abrigo y cobijo\u2026 Son atenciones que deben ser garantizadas para la subsistencia de&hellip;&nbsp;Lire la suite &raquo;F\u00e1brica de Detergentes Dom\u00e9sticos","og_url":"https:\/\/dermo.com\/fr\/usine-de-detergents-menagers\/","og_site_name":"Dermo | F\u00e1brica de detergentes","article_modified_time":"2025-02-19T10:54:24+00:00","twitter_card":"summary_large_image","twitter_misc":{"Dur\u00e9e de lecture estim\u00e9e":"3 minutes"},"schema":{"@context":"https:\/\/schema.org","@graph":[{"@type":"WebPage","@id":"https:\/\/dermo.com\/fabrica-de-detergentes-domesticos\/","url":"https:\/\/dermo.com\/fabrica-de-detergentes-domesticos\/","name":"Usine de d\u00e9tergents m\u00e9nagers - Dermo | Usine de d\u00e9tergents","isPartOf":{"@id":"https:\/\/dermo.com\/#website"},"datePublished":"2025-01-31T09:45:20+00:00","dateModified":"2025-02-19T10:54:24+00:00","breadcrumb":{"@id":"https:\/\/dermo.com\/fabrica-de-detergentes-domesticos\/#breadcrumb"},"inLanguage":"fr-FR","potentialAction":[{"@type":"ReadAction","target":["https:\/\/dermo.com\/fabrica-de-detergentes-domesticos\/"]}]},{"@type":"BreadcrumbList","@id":"https:\/\/dermo.com\/fabrica-de-detergentes-domesticos\/#breadcrumb","itemListElement":[{"@type":"ListItem","position":1,"name":"Portada","item":"https:\/\/dermo.com\/"},{"@type":"ListItem","position":2,"name":"F\u00e1brica de Detergentes Dom\u00e9sticos"}]},{"@type":"WebSite","@id":"https:\/\/dermo.com\/#website","url":"https:\/\/dermo.com\/","name":"Dermo | usine de d\u00e9tergents","description":"Technologie avanc\u00e9e, recherche et d\u00e9veloppement, respect de l&#039;environnement, comp\u00e9tence, formation constante et haut niveau de professionnalisme de notre \u00e9quipe humaine, engag\u00e9e \u00e0 pr\u00e9server la qualit\u00e9 de vie, la protection de l&#039;environnement naturel continuent de nous motiver \u00e0 d\u00e9velopper de nouveaux produits dans notre laboratoires aux principes actifs hautement biod\u00e9gradables qui rendent possible le d\u00e9veloppement durable.","potentialAction":[{"@type":"SearchAction","target":{"@type":"EntryPoint","urlTemplate":"https:\/\/dermo.com\/?s={search_term_string}"},"query-input":{"@type":"PropertyValueSpecification","valueRequired":true,"valueName":"search_term_string"}}],"inLanguage":"fr-FR"}]}},"_links":{"self":[{"href":"https:\/\/dermo.com\/fr\/wp-json\/wp\/v2\/pages\/12867","targetHints":{"allow":["GET"]}}],"collection":[{"href":"https:\/\/dermo.com\/fr\/wp-json\/wp\/v2\/pages"}],"about":[{"href":"https:\/\/dermo.com\/fr\/wp-json\/wp\/v2\/types\/page"}],"author":[{"embeddable":true,"href":"https:\/\/dermo.com\/fr\/wp-json\/wp\/v2\/users\/2"}],"replies":[{"embeddable":true,"href":"https:\/\/dermo.com\/fr\/wp-json\/wp\/v2\/comments?post=12867"}],"version-history":[{"count":7,"href":"https:\/\/dermo.com\/fr\/wp-json\/wp\/v2\/pages\/12867\/revisions"}],"predecessor-version":[{"id":13535,"href":"https:\/\/dermo.com\/fr\/wp-json\/wp\/v2\/pages\/12867\/revisions\/13535"}],"wp:attachment":[{"href":"https:\/\/dermo.com\/fr\/wp-json\/wp\/v2\/media?parent=12867"}],"curies":[{"name":"wp","href":"https:\/\/api.w.org\/{rel}","templated":true}]}}