{"id":12879,"date":"2025-01-31T10:49:31","date_gmt":"2025-01-31T09:49:31","guid":{"rendered":"https:\/\/dermo.com\/?page_id=12879"},"modified":"2025-02-19T11:52:05","modified_gmt":"2025-02-19T10:52:05","slug":"usine-de-deodorisants-4","status":"publish","type":"page","link":"https:\/\/dermo.com\/fr\/usine-de-deodorisants-4\/","title":{"rendered":"Usine de d\u00e9sodorisants"},"content":{"rendered":"<div data-elementor-type=\"wp-page\" data-elementor-id=\"12879\" class=\"elementor elementor-12879\" data-elementor-post-type=\"page\">\n\t\t\t\t\t\t<section class=\"elementor-section elementor-top-section elementor-element elementor-element-a02683f elementor-section-boxed elementor-section-height-default elementor-section-height-default\" data-id=\"a02683f\" data-element_type=\"section\" data-e-type=\"section\" data-settings=\"{&quot;background_background&quot;:&quot;classic&quot;}\">\n\t\t\t\t\t\t\t<div class=\"elementor-background-overlay\"><\/div>\n\t\t\t\t\t\t\t<div class=\"elementor-container elementor-column-gap-default\">\n\t\t\t\t\t<div class=\"elementor-column elementor-col-100 elementor-top-column elementor-element elementor-element-f99dbff\" data-id=\"f99dbff\" data-element_type=\"column\" data-e-type=\"column\">\n\t\t\t<div class=\"elementor-widget-wrap elementor-element-populated\">\n\t\t\t\t\t\t\t<\/div>\n\t\t<\/div>\n\t\t\t\t\t<\/div>\n\t\t<\/section>\n\t\t\t\t<section class=\"elementor-section elementor-top-section elementor-element elementor-element-233ad3a4 elementor-section-boxed elementor-section-height-default elementor-section-height-default\" data-id=\"233ad3a4\" data-element_type=\"section\" data-e-type=\"section\">\n\t\t\t\t\t\t<div class=\"elementor-container elementor-column-gap-default\">\n\t\t\t\t\t<div class=\"elementor-column elementor-col-100 elementor-top-column elementor-element elementor-element-3244e578\" data-id=\"3244e578\" data-element_type=\"column\" data-e-type=\"column\">\n\t\t\t<div class=\"elementor-widget-wrap elementor-element-populated\">\n\t\t\t\t\t\t<section class=\"elementor-section elementor-inner-section elementor-element elementor-element-1a7040c2 elementor-section-content-middle elementor-section-boxed elementor-section-height-default elementor-section-height-default\" data-id=\"1a7040c2\" data-element_type=\"section\" data-e-type=\"section\">\n\t\t\t\t\t\t<div class=\"elementor-container elementor-column-gap-default\">\n\t\t\t\t\t<div class=\"elementor-column elementor-col-50 elementor-inner-column elementor-element elementor-element-58338543\" data-id=\"58338543\" data-element_type=\"column\" data-e-type=\"column\">\n\t\t\t<div class=\"elementor-widget-wrap elementor-element-populated\">\n\t\t\t\t\t\t<div class=\"elementor-element elementor-element-464b2e11 elementor-widget elementor-widget-text-editor\" data-id=\"464b2e11\" data-element_type=\"widget\" data-e-type=\"widget\" data-widget_type=\"text-editor.default\">\n\t\t\t\t<div class=\"elementor-widget-container\">\n\t\t\t\t\t\t\t\t\t<div id=\"lipsum\"><p>Dans\u00a0<strong>Usine de d\u00e9sodorisants DERMO<\/strong>Nous sommes pr\u00eats \u00e0 vous proposer des assainisseurs d&#039;air de toutes sortes, adapt\u00e9s \u00e0 vos go\u00fbts et \u00e0 votre maison. Nous travaillons avec des produits de premi\u00e8re qualit\u00e9 et tr\u00e8s durables que ce soit pour des grands ou des petits chantiers.<\/p><p>L&#039;intensit\u00e9 des ar\u00f4mes du\u00a0<strong>Usine de d\u00e9sodorisants DERMO<\/strong>\u00a0Il reste intact pendant 24 heures, pendant lesquelles il neutralise les odeurs et \u00e9limine les mauvaises odeurs caus\u00e9es par l&#039;humidit\u00e9, le tabac, les pipes ou l&#039;animal lui-m\u00eame.<\/p><p>Dans\u00a0<strong>Usine de d\u00e9sodorisants Dermo<\/strong>\u00a0Nous avons des parfums tr\u00e8s divers et originaux comme le d\u00e9sodorisant appel\u00e9\u00a0<strong>Tropic Sweet Candy<\/strong>, un d\u00e9sodorisant liquide tr\u00e8s r\u00e9sistant avec un parfum sp\u00e9cial qui fait dispara\u00eetre les odeurs, aussi d\u00e9sagr\u00e9ables soient-elles. Il purifie l&#039;environnement et laisse une odeur agr\u00e9able toute la journ\u00e9e. Si vous vaporisez ce fantastique assainisseur d&#039;air\u00a0<strong>Usine de d\u00e9sodorisants DERMO<\/strong>, vous remarquerez un ar\u00f4me app\u00e9tissant \u00e0 l&#039;essence de caramel, qui vous laissera amoureux.<\/p><p>Et comme celui-ci, il existe de nombreux autres parfums que vous pouvez voir sur notre site Web.\u00a0<a href=\"https:\/\/dermo.com\/fr\/\">www.dermo.com<\/a>.\u00a0<strong>Usine de d\u00e9sodorisants DERMO<\/strong>\u00a0vous propose un service de qualit\u00e9, avec du mat\u00e9riel professionnel. Dans\u00a0<strong>Usine de d\u00e9sodorisants DERMO<\/strong>\u00a0Nous vous proposons les principales tendances de la parfumerie actuelle, pour que vous puissiez d\u00e9corer votre maison ou votre entreprise comme vous l&#039;avez toujours r\u00eav\u00e9.<\/p><\/div>\t\t\t\t\t\t\t\t<\/div>\n\t\t\t\t<\/div>\n\t\t\t\t\t<\/div>\n\t\t<\/div>\n\t\t\t\t<div class=\"elementor-column elementor-col-50 elementor-inner-column elementor-element elementor-element-0337b3c elementor-invisible\" data-id=\"0337b3c\" data-element_type=\"column\" data-e-type=\"column\" data-settings=\"{&quot;animation&quot;:&quot;bounceInRight&quot;}\">\n\t\t\t<div class=\"elementor-widget-wrap elementor-element-populated\">\n\t\t\t\t\t\t<div class=\"elementor-element elementor-element-d71d162 elementor-widget elementor-widget-elementskit-contact-form7\" data-id=\"d71d162\" data-element_type=\"widget\" data-e-type=\"widget\" data-widget_type=\"elementskit-contact-form7.default\">\n\t\t\t\t<div class=\"elementor-widget-container\">\n\t\t\t\t\t<div class=\"ekit-wid-con\" ><div class=\"ekit-form\">\n<div class=\"wpcf7 no-js\" id=\"wpcf7-f13292-p12879-o1\" lang=\"es-ES\" dir=\"ltr\" data-wpcf7-id=\"13292\">\n<div class=\"screen-reader-response\"><p role=\"status\" aria-live=\"polite\" aria-atomic=\"true\"><\/p> <ul><\/ul><\/div>\n<form action=\"\/fr\/usine-de-deodorisants-4\/#wpcf7-f13292-p12879-o1\" method=\"post\" class=\"wpcf7-form init\" aria-label=\"Formulario de contacto\" novalidate=\"novalidate\" data-status=\"init\" data-no-translation-aria-label=\"\" data-trp-original-action=\"\/en\/fabrica-de-ambientadores-4\/#wpcf7-f13292-p12879-o1\">\n<fieldset class=\"hidden-fields-container\"><input type=\"hidden\" name=\"_wpcf7\" value=\"13292\" \/><input type=\"hidden\" name=\"_wpcf7_version\" value=\"6.1.5\" \/><input type=\"hidden\" name=\"_wpcf7_locale\" value=\"es_ES\" \/><input type=\"hidden\" name=\"_wpcf7_unit_tag\" value=\"wpcf7-f13292-p12879-o1\" \/><input type=\"hidden\" name=\"_wpcf7_container_post\" value=\"12879\" \/><input type=\"hidden\" name=\"_wpcf7_posted_data_hash\" value=\"\" \/><input type=\"hidden\" name=\"_wpcf7_recaptcha_response\" value=\"\" \/>\n<\/fieldset>\n<div style=\"display: flex; gap: 10px;\">\n\t<div style=\"width: 50%;\">\n\t\t<p><span class=\"wpcf7-form-control-wrap\" data-name=\"your-name\"><input size=\"40\" maxlength=\"400\" class=\"wpcf7-form-control wpcf7-text wpcf7-validates-as-required\" aria-required=\"true\" aria-invalid=\"false\" placeholder=\"Nom\" value=\"\" type=\"text\" name=\"your-name\" \/><\/span>\n\t\t<\/p>\n\t<\/div>\n\t<div style=\"width: 50%;\">\n\t\t<p><span class=\"wpcf7-form-control-wrap\" data-name=\"your-phone\"><input size=\"40\" maxlength=\"400\" class=\"wpcf7-form-control wpcf7-tel wpcf7-validates-as-required wpcf7-text wpcf7-validates-as-tel\" aria-required=\"true\" aria-invalid=\"false\" placeholder=\"T\u00e9l\u00e9phone\" value=\"\" type=\"tel\" name=\"your-phone\" \/><\/span>\n\t\t<\/p>\n\t<\/div>\n<\/div>\n<p><span class=\"wpcf7-form-control-wrap\" data-name=\"your-email\"><input size=\"40\" maxlength=\"400\" class=\"wpcf7-form-control wpcf7-email wpcf7-validates-as-required wpcf7-text wpcf7-validates-as-email\" aria-required=\"true\" aria-invalid=\"false\" placeholder=\"E-mail\" value=\"\" type=\"email\" name=\"your-email\" \/><\/span>\n<\/p>\n<div style=\"display: flex; gap: 10px;\">\n\t<div style=\"width: 50%;\">\n\t\t<p><span class=\"wpcf7-form-control-wrap\" data-name=\"your-country\"><input size=\"40\" maxlength=\"400\" class=\"wpcf7-form-control wpcf7-text wpcf7-validates-as-required\" aria-required=\"true\" aria-invalid=\"false\" placeholder=\"Pays\" value=\"\" type=\"text\" name=\"your-country\" \/><\/span>\n\t\t<\/p>\n\t<\/div>\n\t<div style=\"width: 50%;\">\n\t\t<p><span class=\"wpcf7-form-control-wrap\" data-name=\"your-city\"><input size=\"40\" maxlength=\"400\" class=\"wpcf7-form-control wpcf7-text wpcf7-validates-as-required\" aria-required=\"true\" aria-invalid=\"false\" placeholder=\"Population\" value=\"\" type=\"text\" name=\"your-city\" \/><\/span>\n\t\t<\/p>\n\t<\/div>\n<\/div>\n<p><span class=\"wpcf7-form-control-wrap\" data-name=\"your-subject\"><select class=\"wpcf7-form-control wpcf7-select\" aria-invalid=\"false\" name=\"your-subject\"><option value=\"Quiero ser distribuidor\">Je veux \u00eatre distributeur<\/option><option value=\"Presupuesto\">Budget<\/option><option value=\"Consulta\">Consultation<\/option><option value=\"Sugerencia\">Suggestion<\/option><option value=\"Otros\">Autres<\/option><\/select><\/span>\n<\/p>\n<p><span class=\"wpcf7-form-control-wrap\" data-name=\"your-message\"><textarea cols=\"40\" rows=\"10\" maxlength=\"2000\" class=\"wpcf7-form-control wpcf7-textarea\" aria-invalid=\"false\" placeholder=\"Message ou demande\" name=\"your-message\"><\/textarea><\/span>\n<\/p>\n<div style=\"display: flex; align-items: center; gap: 10px;\">\n\t<p><span class=\"wpcf7-form-control-wrap\" data-name=\"privacy-policy\"><span class=\"wpcf7-form-control wpcf7-acceptance\"><span class=\"wpcf7-list-item\"><input type=\"checkbox\" name=\"privacy-policy\" value=\"1\" aria-invalid=\"false\" \/><\/span><\/span><\/span><label for=\"privacy-policy\" style=\"margin-left: 5px;\">J&#039;ai lu et accept\u00e9 la politique de confidentialit\u00e9.<\/label>\n\t<\/p>\n<\/div>\n<div style=\"display: flex; align-items: center; gap: 10px;\">\n\t<p><span class=\"wpcf7-form-control-wrap\" data-name=\"send-info\"><span class=\"wpcf7-form-control wpcf7-acceptance\"><span class=\"wpcf7-list-item\"><input type=\"checkbox\" name=\"send-info\" value=\"1\" aria-invalid=\"false\" \/><\/span><\/span><\/span><label for=\"send-info\" style=\"margin-left: 5px;\">J&#039;accepte de recevoir des informations.<\/label>\n\t<\/p>\n<\/div>\n<p><input class=\"wpcf7-form-control wpcf7-submit has-spinner\" type=\"submit\" value=\"Envoyer\" \/>\n<\/p><div class=\"wpcf7-response-output\" aria-hidden=\"true\"><\/div>\n<input type=\"hidden\" name=\"trp-form-language\" value=\"fr\"\/><\/form>\n<\/div>\n<\/div><\/div>\t\t\t\t<\/div>\n\t\t\t\t<\/div>\n\t\t\t\t\t<\/div>\n\t\t<\/div>\n\t\t\t\t\t<\/div>\n\t\t<\/section>\n\t\t\t\t<div class=\"elementor-element elementor-element-615d68f elementor-widget elementor-widget-text-editor\" data-id=\"615d68f\" data-element_type=\"widget\" data-e-type=\"widget\" data-widget_type=\"text-editor.default\">\n\t\t\t\t<div class=\"elementor-widget-container\">\n\t\t\t\t\t\t\t\t\t<div class=\"wpb_text_column wpb_content_element\"><div class=\"wpb_wrapper\"><p>Les mauvaises odeurs sont pr\u00e9sentes dans nos maisons de plusieurs fa\u00e7ons, \u00e0 travers les v\u00eatements sales, les odeurs de poubelles ou les espaces clos. C&#039;est pourquoi c&#039;est le moment id\u00e9al pour parier sur un\u00a0<strong>d\u00e9sodorisant<\/strong>\u00a0qualit\u00e9, pour pouvoir lutter contre les odeurs n\u00e9gatives dans votre\u00a0<strong>maison<\/strong>, comme ceux que nous vous proposons dans\u00a0<strong>Usine de d\u00e9sodorisants DERMO<\/strong>.<\/p><p>Les ar\u00f4mes peuvent avoir des milliers de nuances, autant que notre personnalit\u00e9 le r\u00e9v\u00e8le. Il existe des senteurs sucr\u00e9es, sal\u00e9es, florales, fra\u00eeches, sensuelles\u2026 Il existe un parfum pour chaque recoin de notre maison et pour chaque instant de notre vie. C&#039;est pourquoi dans\u00a0<strong>Usine de d\u00e9sodorisants DERMO<\/strong>\u00a0Nous nous effor\u00e7ons chaque jour de trouver l\u2019ar\u00f4me que vous recherchez, celui qui convient le mieux \u00e0 vous et \u00e0 votre espace. Il est important de ne pas se pr\u00e9cipiter pour acheter un\u00a0<strong>d\u00e9sodorisant<\/strong>, car la premi\u00e8re odeur est toujours plus forte apr\u00e8s quelques minutes. La meilleure option est de rechercher une odeur agr\u00e9able, famili\u00e8re et qui, apr\u00e8s quelques instants, nous semble toujours bonne. Dans\u00a0<strong>Usine de d\u00e9sodorisants DERMO<\/strong>\u00a0Vous pouvez trouver des parfums plus forts et plus doux, tous avec une grande durabilit\u00e9, afin que vous puissiez remarquer l&#039;ar\u00f4me tout au long de la journ\u00e9e.<\/p><p>Le\u00a0<strong>assainisseurs d&#039;air<\/strong>\u00a0pour le\u00a0<strong>maison<\/strong>\u00a0de\u00a0<strong>Usine de d\u00e9sodorisants DERMO<\/strong>\u00a0Ils ajoutent une touche de distinction et de bon go\u00fbt \u00e0 votre maison, afin que vos invit\u00e9s puissent profiter de votre compagnie et d&#039;une atmosph\u00e8re \u00e9l\u00e9gante et personnelle. Avec plus de 50 ans d&#039;exp\u00e9rience,\u00a0<strong>Usine de d\u00e9sodorisants DERMO<\/strong>, continue d&#039;investir dans la R&amp;D, pour garantir que chaque personne obtienne une essence unique pour son\u00a0<strong>maison<\/strong>. Si vous souhaitez voir chacun des assainisseurs d&#039;air que nous vous proposons dans\u00a0<strong>Usine de d\u00e9sodorisants DERMO<\/strong>, vous pouvez le faire en consultant ce lien que nous vous proposons ci-dessous :<\/p><p><a href=\"https:\/\/dermo.com\/fr\/catalogue\/es\/36-ambientadores\/\">https:\/\/dermo.com\/catalogo\/es\/36-ambientadores<\/a><\/p><\/div><\/div>\t\t\t\t\t\t\t\t<\/div>\n\t\t\t\t<\/div>\n\t\t\t\t\t<\/div>\n\t\t<\/div>\n\t\t\t\t\t<\/div>\n\t\t<\/section>\n\t\t\t\t<section class=\"elementor-section elementor-top-section elementor-element elementor-element-484f41e elementor-section-full_width elementor-section-height-default elementor-section-height-default elementor-invisible\" data-id=\"484f41e\" data-element_type=\"section\" data-e-type=\"section\" data-settings=\"{&quot;animation&quot;:&quot;slideInUp&quot;}\">\n\t\t\t\t\t\t<div class=\"elementor-container elementor-column-gap-default\">\n\t\t\t\t\t<div class=\"elementor-column elementor-col-100 elementor-top-column elementor-element elementor-element-19948363\" data-id=\"19948363\" data-element_type=\"column\" data-e-type=\"column\">\n\t\t\t<div class=\"elementor-widget-wrap elementor-element-populated\">\n\t\t\t\t\t\t<div class=\"elementor-element elementor-element-339044a4 elementor-widget elementor-widget-google_maps\" data-id=\"339044a4\" data-element_type=\"widget\" data-e-type=\"widget\" data-widget_type=\"google_maps.default\">\n\t\t\t\t<div class=\"elementor-widget-container\">\n\t\t\t\t\t\t\t<div class=\"elementor-custom-embed\">\n\t\t\t<iframe loading=\"lazy\"\n\t\t\t\t\tsrc=\"https:\/\/maps.google.com\/maps?q=C%2F%20Pintor%20Joan%20Miro%2C%2016.%20Pol.%20Ind.%20Can%20Humet%20de%20Dalt%2C%2008213%20Poliny%C3%A0.%20Barcelona&#038;t=m&#038;z=15&#038;output=embed&#038;iwloc=near\"\n\t\t\t\t\ttitle=\"C\/ Pintor Joan Miro, 16. Pol. Ind. Can Humet de Dalt, 08213 Poliny\u00e0. Barcelone\"\n\t\t\t\t\taria-label=\"C\/ Pintor Joan Miro, 16. Pol. Ind. Can Humet de Dalt, 08213 Poliny\u00e0. Barcelone\"\n\t\t\t><\/iframe>\n\t\t<\/div>\n\t\t\t\t\t\t<\/div>\n\t\t\t\t<\/div>\n\t\t\t\t\t<\/div>\n\t\t<\/div>\n\t\t\t\t\t<\/div>\n\t\t<\/section>\n\t\t\t\t<\/div>","protected":false},"excerpt":{"rendered":"<p>Chez DERMO, nous vous proposons une gamme compl\u00e8te de d\u00e9sodorisants adapt\u00e9s \u00e0 vos go\u00fbts et \u00e0 votre int\u00e9rieur. Nous utilisons des produits de qualit\u00e9 sup\u00e9rieure, tr\u00e8s durables, pour les petits comme les grands espaces. L&#039;intensit\u00e9 des ar\u00f4mes de DERMO est pr\u00e9serv\u00e9e\u2026&nbsp;<a href=\"https:\/\/dermo.com\/fr\/usine-de-deodorisants-4\/\" rel=\"bookmark\">En savoir plus &quot;<span class=\"screen-reader-text\">Usine de d\u00e9sodorisants<\/span><\/a><\/p>","protected":false},"author":2,"featured_media":0,"parent":0,"menu_order":0,"comment_status":"closed","ping_status":"closed","template":"page-templates\/template-pagebuilder-full-width.php","meta":{"neve_meta_sidebar":"","neve_meta_container":"","neve_meta_enable_content_width":"","neve_meta_content_width":0,"neve_meta_title_alignment":"","neve_meta_author_avatar":"","neve_post_elements_order":"","neve_meta_disable_header":"","neve_meta_disable_footer":"","neve_meta_disable_title":"","footnotes":""},"class_list":["post-12879","page","type-page","status-publish","hentry"],"yoast_head":"<!-- This site is optimized with the Yoast SEO plugin v27.0 - https:\/\/yoast.com\/product\/yoast-seo-wordpress\/ -->\n<title>Fabrica de ambientadores - Dermo | F\u00e1brica de detergentes<\/title>\n<meta name=\"robots\" content=\"index, follow, max-snippet:-1, max-image-preview:large, max-video-preview:-1\" \/>\n<link rel=\"canonical\" href=\"https:\/\/dermo.com\/fr\/usine-de-deodorisants-4\/\" \/>\n<meta property=\"og:locale\" content=\"fr_FR\" \/>\n<meta property=\"og:type\" content=\"article\" \/>\n<meta property=\"og:title\" content=\"Fabrica de ambientadores - Dermo | F\u00e1brica de detergentes\" \/>\n<meta property=\"og:description\" content=\"En\u00a0DERMO f\u00e1brica de ambientadores, estamos dispuestos a ofrecerte ambientadores de todo tipo, para que se adapten a tu gusto y a tu hogar. Trabajamos con productos de primera calidad, que tienen una gran durabilidad tanto si son para sitios grandes como para sitios peque\u00f1os. La intensidad de los aromas de la\u00a0f\u00e1brica de ambientadores DERMO\u00a0se mantiene&hellip;&nbsp;Lire la suite &raquo;Fabrica de ambientadores\" \/>\n<meta property=\"og:url\" content=\"https:\/\/dermo.com\/fr\/usine-de-deodorisants-4\/\" \/>\n<meta property=\"og:site_name\" content=\"Dermo | F\u00e1brica de detergentes\" \/>\n<meta property=\"article:modified_time\" content=\"2025-02-19T10:52:05+00:00\" \/>\n<meta name=\"twitter:card\" content=\"summary_large_image\" \/>\n<meta name=\"twitter:label1\" content=\"Dur\u00e9e de lecture estim\u00e9e\" \/>\n\t<meta name=\"twitter:data1\" content=\"3 minutes\" \/>\n<script type=\"application\/ld+json\" class=\"yoast-schema-graph\">{\"@context\":\"https:\/\/schema.org\",\"@graph\":[{\"@type\":\"WebPage\",\"@id\":\"https:\/\/dermo.com\/fabrica-de-ambientadores-4\/\",\"url\":\"https:\/\/dermo.com\/fabrica-de-ambientadores-4\/\",\"name\":\"Fabrica de ambientadores - Dermo | F\u00e1brica de detergentes\",\"isPartOf\":{\"@id\":\"https:\/\/dermo.com\/#website\"},\"datePublished\":\"2025-01-31T09:49:31+00:00\",\"dateModified\":\"2025-02-19T10:52:05+00:00\",\"breadcrumb\":{\"@id\":\"https:\/\/dermo.com\/fabrica-de-ambientadores-4\/#breadcrumb\"},\"inLanguage\":\"fr-FR\",\"potentialAction\":[{\"@type\":\"ReadAction\",\"target\":[\"https:\/\/dermo.com\/fabrica-de-ambientadores-4\/\"]}]},{\"@type\":\"BreadcrumbList\",\"@id\":\"https:\/\/dermo.com\/fabrica-de-ambientadores-4\/#breadcrumb\",\"itemListElement\":[{\"@type\":\"ListItem\",\"position\":1,\"name\":\"Portada\",\"item\":\"https:\/\/dermo.com\/\"},{\"@type\":\"ListItem\",\"position\":2,\"name\":\"Fabrica de ambientadores\"}]},{\"@type\":\"WebSite\",\"@id\":\"https:\/\/dermo.com\/#website\",\"url\":\"https:\/\/dermo.com\/\",\"name\":\"Dermo | F\u00e1brica de detergentes\",\"description\":\"Tecnolog\u00eda avanzada, investigaci\u00f3n y desarrollo, respeto por el medio ambiente, competencia, formaci\u00f3n constante y alto nivel de profesionalidad en nuestro equipo humano, empe\u00f1ado en preservar la calidad de vida, la protecci\u00f3n del entorno natural contin\u00faan motiv\u00e1ndonos para desarrollar en nuestros laboratorios nuevos productos con ingredientes activos altamente biodegradables que hacen posible un desarrollo sostenible.\",\"potentialAction\":[{\"@type\":\"SearchAction\",\"target\":{\"@type\":\"EntryPoint\",\"urlTemplate\":\"https:\/\/dermo.com\/?s={search_term_string}\"},\"query-input\":{\"@type\":\"PropertyValueSpecification\",\"valueRequired\":true,\"valueName\":\"search_term_string\"}}],\"inLanguage\":\"fr-FR\"}]}<\/script>\n<!-- \/ Yoast SEO plugin. -->","yoast_head_json":{"title":"Usine de d\u00e9sodorisants - Dermo | Usine de d\u00e9tergents","robots":{"index":"index","follow":"follow","max-snippet":"max-snippet:-1","max-image-preview":"max-image-preview:large","max-video-preview":"max-video-preview:-1"},"canonical":"https:\/\/dermo.com\/fr\/usine-de-deodorisants-4\/","og_locale":"fr_FR","og_type":"article","og_title":"Fabrica de ambientadores - Dermo | F\u00e1brica de detergentes","og_description":"En\u00a0DERMO f\u00e1brica de ambientadores, estamos dispuestos a ofrecerte ambientadores de todo tipo, para que se adapten a tu gusto y a tu hogar. Trabajamos con productos de primera calidad, que tienen una gran durabilidad tanto si son para sitios grandes como para sitios peque\u00f1os. La intensidad de los aromas de la\u00a0f\u00e1brica de ambientadores DERMO\u00a0se mantiene&hellip;&nbsp;Lire la suite &raquo;Fabrica de ambientadores","og_url":"https:\/\/dermo.com\/fr\/usine-de-deodorisants-4\/","og_site_name":"Dermo | F\u00e1brica de detergentes","article_modified_time":"2025-02-19T10:52:05+00:00","twitter_card":"summary_large_image","twitter_misc":{"Dur\u00e9e de lecture estim\u00e9e":"3 minutes"},"schema":{"@context":"https:\/\/schema.org","@graph":[{"@type":"WebPage","@id":"https:\/\/dermo.com\/fabrica-de-ambientadores-4\/","url":"https:\/\/dermo.com\/fabrica-de-ambientadores-4\/","name":"Usine de d\u00e9sodorisants - Dermo | Usine de d\u00e9tergents","isPartOf":{"@id":"https:\/\/dermo.com\/#website"},"datePublished":"2025-01-31T09:49:31+00:00","dateModified":"2025-02-19T10:52:05+00:00","breadcrumb":{"@id":"https:\/\/dermo.com\/fabrica-de-ambientadores-4\/#breadcrumb"},"inLanguage":"fr-FR","potentialAction":[{"@type":"ReadAction","target":["https:\/\/dermo.com\/fabrica-de-ambientadores-4\/"]}]},{"@type":"BreadcrumbList","@id":"https:\/\/dermo.com\/fabrica-de-ambientadores-4\/#breadcrumb","itemListElement":[{"@type":"ListItem","position":1,"name":"Portada","item":"https:\/\/dermo.com\/"},{"@type":"ListItem","position":2,"name":"Fabrica de ambientadores"}]},{"@type":"WebSite","@id":"https:\/\/dermo.com\/#website","url":"https:\/\/dermo.com\/","name":"Dermo | usine de d\u00e9tergents","description":"Technologie avanc\u00e9e, recherche et d\u00e9veloppement, respect de l&#039;environnement, comp\u00e9tence, formation constante et haut niveau de professionnalisme de notre \u00e9quipe humaine, engag\u00e9e \u00e0 pr\u00e9server la qualit\u00e9 de vie, la protection de l&#039;environnement naturel continuent de nous motiver \u00e0 d\u00e9velopper de nouveaux produits dans notre laboratoires aux principes actifs hautement biod\u00e9gradables qui rendent possible le d\u00e9veloppement durable.","potentialAction":[{"@type":"SearchAction","target":{"@type":"EntryPoint","urlTemplate":"https:\/\/dermo.com\/?s={search_term_string}"},"query-input":{"@type":"PropertyValueSpecification","valueRequired":true,"valueName":"search_term_string"}}],"inLanguage":"fr-FR"}]}},"_links":{"self":[{"href":"https:\/\/dermo.com\/fr\/wp-json\/wp\/v2\/pages\/12879","targetHints":{"allow":["GET"]}}],"collection":[{"href":"https:\/\/dermo.com\/fr\/wp-json\/wp\/v2\/pages"}],"about":[{"href":"https:\/\/dermo.com\/fr\/wp-json\/wp\/v2\/types\/page"}],"author":[{"embeddable":true,"href":"https:\/\/dermo.com\/fr\/wp-json\/wp\/v2\/users\/2"}],"replies":[{"embeddable":true,"href":"https:\/\/dermo.com\/fr\/wp-json\/wp\/v2\/comments?post=12879"}],"version-history":[{"count":7,"href":"https:\/\/dermo.com\/fr\/wp-json\/wp\/v2\/pages\/12879\/revisions"}],"predecessor-version":[{"id":13517,"href":"https:\/\/dermo.com\/fr\/wp-json\/wp\/v2\/pages\/12879\/revisions\/13517"}],"wp:attachment":[{"href":"https:\/\/dermo.com\/fr\/wp-json\/wp\/v2\/media?parent=12879"}],"curies":[{"name":"wp","href":"https:\/\/api.w.org\/{rel}","templated":true}]}}