{"id":12906,"date":"2025-01-31T10:56:57","date_gmt":"2025-01-31T09:56:57","guid":{"rendered":"https:\/\/dermo.com\/?page_id=12906"},"modified":"2025-02-19T11:42:25","modified_gmt":"2025-02-19T10:42:25","slug":"detergents-nettoyage-menager","status":"publish","type":"page","link":"https:\/\/dermo.com\/fr\/detergents-nettoyage-menager\/","title":{"rendered":"D\u00e9tergents m\u00e9nagers"},"content":{"rendered":"<div data-elementor-type=\"wp-page\" data-elementor-id=\"12906\" class=\"elementor elementor-12906\" data-elementor-post-type=\"page\">\n\t\t\t\t\t\t<section class=\"elementor-section elementor-top-section elementor-element elementor-element-a02683f elementor-section-boxed elementor-section-height-default elementor-section-height-default\" data-id=\"a02683f\" data-element_type=\"section\" data-e-type=\"section\" data-settings=\"{&quot;background_background&quot;:&quot;classic&quot;}\">\n\t\t\t\t\t\t\t<div class=\"elementor-background-overlay\"><\/div>\n\t\t\t\t\t\t\t<div class=\"elementor-container elementor-column-gap-default\">\n\t\t\t\t\t<div class=\"elementor-column elementor-col-100 elementor-top-column elementor-element elementor-element-f99dbff\" data-id=\"f99dbff\" data-element_type=\"column\" data-e-type=\"column\">\n\t\t\t<div class=\"elementor-widget-wrap elementor-element-populated\">\n\t\t\t\t\t\t\t<\/div>\n\t\t<\/div>\n\t\t\t\t\t<\/div>\n\t\t<\/section>\n\t\t\t\t<section class=\"elementor-section elementor-top-section elementor-element elementor-element-233ad3a4 elementor-section-boxed elementor-section-height-default elementor-section-height-default\" data-id=\"233ad3a4\" data-element_type=\"section\" data-e-type=\"section\">\n\t\t\t\t\t\t<div class=\"elementor-container elementor-column-gap-default\">\n\t\t\t\t\t<div class=\"elementor-column elementor-col-100 elementor-top-column elementor-element elementor-element-3244e578\" data-id=\"3244e578\" data-element_type=\"column\" data-e-type=\"column\">\n\t\t\t<div class=\"elementor-widget-wrap elementor-element-populated\">\n\t\t\t\t\t\t<section class=\"elementor-section elementor-inner-section elementor-element elementor-element-1a7040c2 elementor-section-content-middle elementor-section-boxed elementor-section-height-default elementor-section-height-default\" data-id=\"1a7040c2\" data-element_type=\"section\" data-e-type=\"section\">\n\t\t\t\t\t\t<div class=\"elementor-container elementor-column-gap-default\">\n\t\t\t\t\t<div class=\"elementor-column elementor-col-50 elementor-inner-column elementor-element elementor-element-58338543\" data-id=\"58338543\" data-element_type=\"column\" data-e-type=\"column\">\n\t\t\t<div class=\"elementor-widget-wrap elementor-element-populated\">\n\t\t\t\t\t\t<div class=\"elementor-element elementor-element-464b2e11 elementor-widget elementor-widget-text-editor\" data-id=\"464b2e11\" data-element_type=\"widget\" data-e-type=\"widget\" data-widget_type=\"text-editor.default\">\n\t\t\t\t<div class=\"elementor-widget-container\">\n\t\t\t\t\t\t\t\t\t<div id=\"lipsum\"><p>Dans notre vie quotidienne, l\u2019une de nos principales pr\u00e9occupations est de voir nos besoins les plus \u00e9l\u00e9mentaires satisfaits, fondement de notre existence. Alimentation, logement, \u00e9ducation, sant\u00e9... Tous ces \u00e9l\u00e9ments sont vitaux, car ils r\u00e9pondent \u00e0 des soins qui doivent \u00eatre garantis pour la survie de l&#039;esp\u00e8ce dans un monde de plus en plus peupl\u00e9, et auxquels nous ne pr\u00eatons souvent pas suffisamment d&#039;attention lorsque nous leur accordons l&#039;importance qu&#039;ils m\u00e9ritent. Le\u00a0<strong>nettoyage<\/strong>\u00a0et le\u00a0<strong>hygi\u00e8ne<\/strong>, par exemple, sont une priorit\u00e9 qui garantit la sant\u00e9, l\u2019un des piliers fondamentaux de notre vie, et qui, au fil du temps, sont devenues quelque chose de la plus haute n\u00e9cessit\u00e9, qui doit \u00eatre respect\u00e9e.<\/p><p><strong>Dermo SA,<\/strong>\u00a0<strong>usine de d\u00e9tergents<\/strong>\u00a0r\u00e9f\u00e9rence pour la cr\u00e9ation et l&#039;\u00e9laboration de\u00a0<strong>d\u00e9tergents<\/strong>\u00a0et d\u2019autres produits et services pour les secteurs de la\u00a0<strong>nettoyage<\/strong>\u00a0et le\u00a0<strong>hygi\u00e8ne<\/strong>, ainsi que pour sa distribution ; C&#039;est la solution pour couvrir ces besoins incontestables. Compos\u00e9 d&#039;une \u00e9quipe de professionnels, qui assurent ce besoin essentiel, nous offrons \u00e0 nos clients le meilleur depuis plus de 25 ans.\u00a0<strong>d\u00e9tergents<\/strong>\u00a0et accessoires et compl\u00e9ments dans le secteur de\u00a0<strong>nettoyage<\/strong>\u00a0et le\u00a0<strong>hygi\u00e8ne<\/strong>. Une entreprise de caract\u00e8re et de personnalit\u00e9 familiale et proche, notre engagement ferme envers nos clients et le retour de leur confiance dans nos services, nous ont plac\u00e9s dans une position privil\u00e9gi\u00e9e parmi nos concurrents, dans la mesure o\u00f9 nous pouvons acc\u00e9der \u00e0 ces besoins de base.<\/p><\/div>\t\t\t\t\t\t\t\t<\/div>\n\t\t\t\t<\/div>\n\t\t\t\t\t<\/div>\n\t\t<\/div>\n\t\t\t\t<div class=\"elementor-column elementor-col-50 elementor-inner-column elementor-element elementor-element-c950b24 elementor-invisible\" data-id=\"c950b24\" data-element_type=\"column\" data-e-type=\"column\" data-settings=\"{&quot;animation&quot;:&quot;bounceInRight&quot;}\">\n\t\t\t<div class=\"elementor-widget-wrap elementor-element-populated\">\n\t\t\t\t\t\t<div class=\"elementor-element elementor-element-11d8748 elementor-widget elementor-widget-elementskit-contact-form7\" data-id=\"11d8748\" data-element_type=\"widget\" data-e-type=\"widget\" data-widget_type=\"elementskit-contact-form7.default\">\n\t\t\t\t<div class=\"elementor-widget-container\">\n\t\t\t\t\t<div class=\"ekit-wid-con\" ><div class=\"ekit-form\">\n<div class=\"wpcf7 no-js\" id=\"wpcf7-f13292-p12906-o1\" lang=\"es-ES\" dir=\"ltr\" data-wpcf7-id=\"13292\">\n<div class=\"screen-reader-response\"><p role=\"status\" aria-live=\"polite\" aria-atomic=\"true\"><\/p> <ul><\/ul><\/div>\n<form action=\"\/fr\/detergents-nettoyage-menager\/#wpcf7-f13292-p12906-o1\" method=\"post\" class=\"wpcf7-form init\" aria-label=\"Formulario de contacto\" novalidate=\"novalidate\" data-status=\"init\" data-no-translation-aria-label=\"\" data-trp-original-action=\"\/pt\/detergentes-limpieza-domestica\/#wpcf7-f13292-p12906-o1\">\n<fieldset class=\"hidden-fields-container\"><input type=\"hidden\" name=\"_wpcf7\" value=\"13292\" \/><input type=\"hidden\" name=\"_wpcf7_version\" value=\"6.1.5\" \/><input type=\"hidden\" name=\"_wpcf7_locale\" value=\"es_ES\" \/><input type=\"hidden\" name=\"_wpcf7_unit_tag\" value=\"wpcf7-f13292-p12906-o1\" \/><input type=\"hidden\" name=\"_wpcf7_container_post\" value=\"12906\" \/><input type=\"hidden\" name=\"_wpcf7_posted_data_hash\" value=\"\" \/><input type=\"hidden\" name=\"_wpcf7_recaptcha_response\" value=\"\" \/>\n<\/fieldset>\n<div style=\"display: flex; gap: 10px;\">\n\t<div style=\"width: 50%;\">\n\t\t<p><span class=\"wpcf7-form-control-wrap\" data-name=\"your-name\"><input size=\"40\" maxlength=\"400\" class=\"wpcf7-form-control wpcf7-text wpcf7-validates-as-required\" aria-required=\"true\" aria-invalid=\"false\" placeholder=\"Nom\" value=\"\" type=\"text\" name=\"your-name\" \/><\/span>\n\t\t<\/p>\n\t<\/div>\n\t<div style=\"width: 50%;\">\n\t\t<p><span class=\"wpcf7-form-control-wrap\" data-name=\"your-phone\"><input size=\"40\" maxlength=\"400\" class=\"wpcf7-form-control wpcf7-tel wpcf7-validates-as-required wpcf7-text wpcf7-validates-as-tel\" aria-required=\"true\" aria-invalid=\"false\" placeholder=\"T\u00e9l\u00e9phone\" value=\"\" type=\"tel\" name=\"your-phone\" \/><\/span>\n\t\t<\/p>\n\t<\/div>\n<\/div>\n<p><span class=\"wpcf7-form-control-wrap\" data-name=\"your-email\"><input size=\"40\" maxlength=\"400\" class=\"wpcf7-form-control wpcf7-email wpcf7-validates-as-required wpcf7-text wpcf7-validates-as-email\" aria-required=\"true\" aria-invalid=\"false\" placeholder=\"E-mail\" value=\"\" type=\"email\" name=\"your-email\" \/><\/span>\n<\/p>\n<div style=\"display: flex; gap: 10px;\">\n\t<div style=\"width: 50%;\">\n\t\t<p><span class=\"wpcf7-form-control-wrap\" data-name=\"your-country\"><input size=\"40\" maxlength=\"400\" class=\"wpcf7-form-control wpcf7-text wpcf7-validates-as-required\" aria-required=\"true\" aria-invalid=\"false\" placeholder=\"Pays\" value=\"\" type=\"text\" name=\"your-country\" \/><\/span>\n\t\t<\/p>\n\t<\/div>\n\t<div style=\"width: 50%;\">\n\t\t<p><span class=\"wpcf7-form-control-wrap\" data-name=\"your-city\"><input size=\"40\" maxlength=\"400\" class=\"wpcf7-form-control wpcf7-text wpcf7-validates-as-required\" aria-required=\"true\" aria-invalid=\"false\" placeholder=\"Population\" value=\"\" type=\"text\" name=\"your-city\" \/><\/span>\n\t\t<\/p>\n\t<\/div>\n<\/div>\n<p><span class=\"wpcf7-form-control-wrap\" data-name=\"your-subject\"><select class=\"wpcf7-form-control wpcf7-select\" aria-invalid=\"false\" name=\"your-subject\"><option value=\"Quiero ser distribuidor\">Je veux \u00eatre distributeur<\/option><option value=\"Presupuesto\">Budget<\/option><option value=\"Consulta\">Consultation<\/option><option value=\"Sugerencia\">Suggestion<\/option><option value=\"Otros\">Autres<\/option><\/select><\/span>\n<\/p>\n<p><span class=\"wpcf7-form-control-wrap\" data-name=\"your-message\"><textarea cols=\"40\" rows=\"10\" maxlength=\"2000\" class=\"wpcf7-form-control wpcf7-textarea\" aria-invalid=\"false\" placeholder=\"Message ou demande\" name=\"your-message\"><\/textarea><\/span>\n<\/p>\n<div style=\"display: flex; align-items: center; gap: 10px;\">\n\t<p><span class=\"wpcf7-form-control-wrap\" data-name=\"privacy-policy\"><span class=\"wpcf7-form-control wpcf7-acceptance\"><span class=\"wpcf7-list-item\"><input type=\"checkbox\" name=\"privacy-policy\" value=\"1\" aria-invalid=\"false\" \/><\/span><\/span><\/span><label for=\"privacy-policy\" style=\"margin-left: 5px;\">J&#039;ai lu et accept\u00e9 la politique de confidentialit\u00e9.<\/label>\n\t<\/p>\n<\/div>\n<div style=\"display: flex; align-items: center; gap: 10px;\">\n\t<p><span class=\"wpcf7-form-control-wrap\" data-name=\"send-info\"><span class=\"wpcf7-form-control wpcf7-acceptance\"><span class=\"wpcf7-list-item\"><input type=\"checkbox\" name=\"send-info\" value=\"1\" aria-invalid=\"false\" \/><\/span><\/span><\/span><label for=\"send-info\" style=\"margin-left: 5px;\">J&#039;accepte de recevoir des informations.<\/label>\n\t<\/p>\n<\/div>\n<p><input class=\"wpcf7-form-control wpcf7-submit has-spinner\" type=\"submit\" value=\"Envoyer\" \/>\n<\/p><div class=\"wpcf7-response-output\" aria-hidden=\"true\"><\/div>\n<input type=\"hidden\" name=\"trp-form-language\" value=\"fr\"\/><\/form>\n<\/div>\n<\/div><\/div>\t\t\t\t<\/div>\n\t\t\t\t<\/div>\n\t\t\t\t\t<\/div>\n\t\t<\/div>\n\t\t\t\t\t<\/div>\n\t\t<\/section>\n\t\t\t\t<div class=\"elementor-element elementor-element-615d68f elementor-widget elementor-widget-text-editor\" data-id=\"615d68f\" data-element_type=\"widget\" data-e-type=\"widget\" data-widget_type=\"text-editor.default\">\n\t\t\t\t<div class=\"elementor-widget-container\">\n\t\t\t\t\t\t\t\t\t<p>Notre objectif principal est nos clients et garantir leur enti\u00e8re satisfaction, c&#039;est pourquoi\u00a0<strong>Dermo SA<\/strong>\u00a0Nous ne cessons d&#039;\u00e9voluer, de nous adapter \u00e0 la situation du march\u00e9 et \u00e0 ses exigences, avec effort, pers\u00e9v\u00e9rance et passion, pour assurer la couverture de ce besoin dont chaque personne m\u00e9rite de profiter, avec\u00a0<strong>d\u00e9tergents\u00a0<\/strong>qualit\u00e9. Dans le respect des r\u00e9glementations europ\u00e9ennes les plus strictes (ISO 9001:2008) et en pr\u00eatant attention \u00e0 chaque d\u00e9tail dans le d\u00e9veloppement de notre activit\u00e9, en intervenant dans le respect de l&#039;environnement, notre travail a toujours \u00e9t\u00e9 r\u00e9alis\u00e9 avec une excellence totale. Dans\u00a0<strong>Dermo SA<\/strong>, vous trouverez\u00a0<strong>d\u00e9tergents<\/strong>\u00a0et d&#039;autres produits qui conf\u00e8rent notre activit\u00e9 (plus de 200 parmi lesquels nos produits se distinguent)\u00a0<strong>d\u00e9tergents<\/strong>, cirages, nettoyants multi-usages, lave-vaisselle...), disponibles en version \u00e0 usage unique\u00a0<strong>domestique\u00a0<\/strong>comme\u00a0<strong>industriel<\/strong>, car nous savons que tant \u00e0 la maison qu&#039;au travail,\u00a0<strong>nettoyage<\/strong>\u00a0est essentiel et n\u00e9cessaire.<\/p><p>Il n\u2019y a pas de bien plus pr\u00e9cieux que la couverture correcte de ce besoin primordial incontestable. Dans\u00a0<strong>Dermo SA<\/strong>\u00a0Nous accomplissons cette mission et fournissons le service garanti m\u00e9rit\u00e9. Chacun des membres de notre \u00e9quipe\u00a0<strong>usine de d\u00e9tergents<\/strong>Nous avons un respect total pour le travail que nous faisons. Engagement, responsabilit\u00e9, professionnalisme\u2026\u00a0<strong>Dermo SA<\/strong>\u00a0votre entreprise et\u00a0<strong>usine de d\u00e9tergents<\/strong>\u00a0digne de confiance, familier et proche, avec une r\u00e9ponse imm\u00e9diate.<\/p>\t\t\t\t\t\t\t\t<\/div>\n\t\t\t\t<\/div>\n\t\t\t\t\t<\/div>\n\t\t<\/div>\n\t\t\t\t\t<\/div>\n\t\t<\/section>\n\t\t\t\t<section class=\"elementor-section elementor-top-section elementor-element elementor-element-484f41e elementor-section-full_width elementor-section-height-default elementor-section-height-default elementor-invisible\" data-id=\"484f41e\" data-element_type=\"section\" data-e-type=\"section\" data-settings=\"{&quot;animation&quot;:&quot;slideInUp&quot;}\">\n\t\t\t\t\t\t<div class=\"elementor-container elementor-column-gap-default\">\n\t\t\t\t\t<div class=\"elementor-column elementor-col-100 elementor-top-column elementor-element elementor-element-19948363\" data-id=\"19948363\" data-element_type=\"column\" data-e-type=\"column\">\n\t\t\t<div class=\"elementor-widget-wrap elementor-element-populated\">\n\t\t\t\t\t\t<div class=\"elementor-element elementor-element-339044a4 elementor-widget elementor-widget-google_maps\" data-id=\"339044a4\" data-element_type=\"widget\" data-e-type=\"widget\" data-widget_type=\"google_maps.default\">\n\t\t\t\t<div class=\"elementor-widget-container\">\n\t\t\t\t\t\t\t<div class=\"elementor-custom-embed\">\n\t\t\t<iframe loading=\"lazy\"\n\t\t\t\t\tsrc=\"https:\/\/maps.google.com\/maps?q=C%2F%20Pintor%20Joan%20Miro%2C%2016.%20Pol.%20Ind.%20Can%20Humet%20de%20Dalt%2C%2008213%20Poliny%C3%A0.%20Barcelona&#038;t=m&#038;z=15&#038;output=embed&#038;iwloc=near\"\n\t\t\t\t\ttitle=\"C\/ Pintor Joan Miro, 16. Pol. Ind. Can Humet de Dalt, 08213 Poliny\u00e0. Barcelone\"\n\t\t\t\t\taria-label=\"C\/ Pintor Joan Miro, 16. Pol. Ind. Can Humet de Dalt, 08213 Poliny\u00e0. Barcelone\"\n\t\t\t><\/iframe>\n\t\t<\/div>\n\t\t\t\t\t\t<\/div>\n\t\t\t\t<\/div>\n\t\t\t\t\t<\/div>\n\t\t<\/div>\n\t\t\t\t\t<\/div>\n\t\t<\/section>\n\t\t\t\t<\/div>","protected":false},"excerpt":{"rendered":"<p>Dans notre vie quotidienne, l&#039;une de nos principales pr\u00e9occupations est de garantir nos besoins les plus fondamentaux, ceux qui nous permettent d&#039;exister. Se nourrir, se loger, s&#039;instruire, se soigner\u2026 Tous ces besoins sont vitaux, car ils repr\u00e9sentent les services indispensables \u00e0 la survie de l&#039;esp\u00e8ce dans un monde de plus en plus peupl\u00e9.&nbsp;<a href=\"https:\/\/dermo.com\/fr\/detergents-nettoyage-menager\/\" rel=\"bookmark\">En savoir plus &quot;<span class=\"screen-reader-text\">D\u00e9tergents m\u00e9nagers<\/span><\/a><\/p>","protected":false},"author":2,"featured_media":0,"parent":0,"menu_order":0,"comment_status":"closed","ping_status":"closed","template":"page-templates\/template-pagebuilder-full-width.php","meta":{"neve_meta_sidebar":"","neve_meta_container":"","neve_meta_enable_content_width":"","neve_meta_content_width":0,"neve_meta_title_alignment":"","neve_meta_author_avatar":"","neve_post_elements_order":"","neve_meta_disable_header":"","neve_meta_disable_footer":"","neve_meta_disable_title":"","footnotes":""},"class_list":["post-12906","page","type-page","status-publish","hentry"],"yoast_head":"<!-- This site is optimized with the Yoast SEO plugin v27.0 - https:\/\/yoast.com\/product\/yoast-seo-wordpress\/ -->\n<title>Detergentes limpieza dom\u00e9stica - Dermo | F\u00e1brica de detergentes<\/title>\n<meta name=\"robots\" content=\"index, follow, max-snippet:-1, max-image-preview:large, max-video-preview:-1\" \/>\n<link rel=\"canonical\" href=\"https:\/\/dermo.com\/fr\/detergents-nettoyage-menager\/\" \/>\n<meta property=\"og:locale\" content=\"fr_FR\" \/>\n<meta property=\"og:type\" content=\"article\" \/>\n<meta property=\"og:title\" content=\"Detergentes limpieza dom\u00e9stica - Dermo | F\u00e1brica de detergentes\" \/>\n<meta property=\"og:description\" content=\"En nuestro d\u00eda a d\u00eda una de las principales preocupaciones que nos concierne es ver cubiertas nuestras necesidades m\u00e1s primarias, sustento de nuestra existencia. Alimento, cobijo, educaci\u00f3n, salud\u2026 Todas ellas son vitales, pues responden a atenciones que deben ser garantizadas para la supervivencia de la especie en un mundo cada vez m\u00e1s masificado, y a&hellip;&nbsp;Lire la suite &raquo;Detergentes limpieza dom\u00e9stica\" \/>\n<meta property=\"og:url\" content=\"https:\/\/dermo.com\/fr\/detergents-nettoyage-menager\/\" \/>\n<meta property=\"og:site_name\" content=\"Dermo | F\u00e1brica de detergentes\" \/>\n<meta property=\"article:modified_time\" content=\"2025-02-19T10:42:25+00:00\" \/>\n<meta name=\"twitter:card\" content=\"summary_large_image\" \/>\n<meta name=\"twitter:label1\" content=\"Dur\u00e9e de lecture estim\u00e9e\" \/>\n\t<meta name=\"twitter:data1\" content=\"3 minutes\" \/>\n<script type=\"application\/ld+json\" class=\"yoast-schema-graph\">{\"@context\":\"https:\/\/schema.org\",\"@graph\":[{\"@type\":\"WebPage\",\"@id\":\"https:\/\/dermo.com\/detergentes-limpieza-domestica\/\",\"url\":\"https:\/\/dermo.com\/detergentes-limpieza-domestica\/\",\"name\":\"Detergentes limpieza dom\u00e9stica - Dermo | F\u00e1brica de detergentes\",\"isPartOf\":{\"@id\":\"https:\/\/dermo.com\/#website\"},\"datePublished\":\"2025-01-31T09:56:57+00:00\",\"dateModified\":\"2025-02-19T10:42:25+00:00\",\"breadcrumb\":{\"@id\":\"https:\/\/dermo.com\/detergentes-limpieza-domestica\/#breadcrumb\"},\"inLanguage\":\"fr-FR\",\"potentialAction\":[{\"@type\":\"ReadAction\",\"target\":[\"https:\/\/dermo.com\/detergentes-limpieza-domestica\/\"]}]},{\"@type\":\"BreadcrumbList\",\"@id\":\"https:\/\/dermo.com\/detergentes-limpieza-domestica\/#breadcrumb\",\"itemListElement\":[{\"@type\":\"ListItem\",\"position\":1,\"name\":\"Portada\",\"item\":\"https:\/\/dermo.com\/\"},{\"@type\":\"ListItem\",\"position\":2,\"name\":\"Detergentes limpieza dom\u00e9stica\"}]},{\"@type\":\"WebSite\",\"@id\":\"https:\/\/dermo.com\/#website\",\"url\":\"https:\/\/dermo.com\/\",\"name\":\"Dermo | F\u00e1brica de detergentes\",\"description\":\"Tecnolog\u00eda avanzada, investigaci\u00f3n y desarrollo, respeto por el medio ambiente, competencia, formaci\u00f3n constante y alto nivel de profesionalidad en nuestro equipo humano, empe\u00f1ado en preservar la calidad de vida, la protecci\u00f3n del entorno natural contin\u00faan motiv\u00e1ndonos para desarrollar en nuestros laboratorios nuevos productos con ingredientes activos altamente biodegradables que hacen posible un desarrollo sostenible.\",\"potentialAction\":[{\"@type\":\"SearchAction\",\"target\":{\"@type\":\"EntryPoint\",\"urlTemplate\":\"https:\/\/dermo.com\/?s={search_term_string}\"},\"query-input\":{\"@type\":\"PropertyValueSpecification\",\"valueRequired\":true,\"valueName\":\"search_term_string\"}}],\"inLanguage\":\"fr-FR\"}]}<\/script>\n<!-- \/ Yoast SEO plugin. -->","yoast_head_json":{"title":"D\u00e9tergents d&#039;entretien m\u00e9nager - Dermo | Usine de d\u00e9tergents","robots":{"index":"index","follow":"follow","max-snippet":"max-snippet:-1","max-image-preview":"max-image-preview:large","max-video-preview":"max-video-preview:-1"},"canonical":"https:\/\/dermo.com\/fr\/detergents-nettoyage-menager\/","og_locale":"fr_FR","og_type":"article","og_title":"Detergentes limpieza dom\u00e9stica - Dermo | F\u00e1brica de detergentes","og_description":"En nuestro d\u00eda a d\u00eda una de las principales preocupaciones que nos concierne es ver cubiertas nuestras necesidades m\u00e1s primarias, sustento de nuestra existencia. Alimento, cobijo, educaci\u00f3n, salud\u2026 Todas ellas son vitales, pues responden a atenciones que deben ser garantizadas para la supervivencia de la especie en un mundo cada vez m\u00e1s masificado, y a&hellip;&nbsp;Lire la suite &raquo;Detergentes limpieza dom\u00e9stica","og_url":"https:\/\/dermo.com\/fr\/detergents-nettoyage-menager\/","og_site_name":"Dermo | F\u00e1brica de detergentes","article_modified_time":"2025-02-19T10:42:25+00:00","twitter_card":"summary_large_image","twitter_misc":{"Dur\u00e9e de lecture estim\u00e9e":"3 minutes"},"schema":{"@context":"https:\/\/schema.org","@graph":[{"@type":"WebPage","@id":"https:\/\/dermo.com\/detergentes-limpieza-domestica\/","url":"https:\/\/dermo.com\/detergentes-limpieza-domestica\/","name":"D\u00e9tergents d&#039;entretien m\u00e9nager - Dermo | Usine de d\u00e9tergents","isPartOf":{"@id":"https:\/\/dermo.com\/#website"},"datePublished":"2025-01-31T09:56:57+00:00","dateModified":"2025-02-19T10:42:25+00:00","breadcrumb":{"@id":"https:\/\/dermo.com\/detergentes-limpieza-domestica\/#breadcrumb"},"inLanguage":"fr-FR","potentialAction":[{"@type":"ReadAction","target":["https:\/\/dermo.com\/detergentes-limpieza-domestica\/"]}]},{"@type":"BreadcrumbList","@id":"https:\/\/dermo.com\/detergentes-limpieza-domestica\/#breadcrumb","itemListElement":[{"@type":"ListItem","position":1,"name":"Portada","item":"https:\/\/dermo.com\/"},{"@type":"ListItem","position":2,"name":"Detergentes limpieza dom\u00e9stica"}]},{"@type":"WebSite","@id":"https:\/\/dermo.com\/#website","url":"https:\/\/dermo.com\/","name":"Dermo | usine de d\u00e9tergents","description":"Technologie avanc\u00e9e, recherche et d\u00e9veloppement, respect de l&#039;environnement, comp\u00e9tence, formation constante et haut niveau de professionnalisme de notre \u00e9quipe humaine, engag\u00e9e \u00e0 pr\u00e9server la qualit\u00e9 de vie, la protection de l&#039;environnement naturel continuent de nous motiver \u00e0 d\u00e9velopper de nouveaux produits dans notre laboratoires aux principes actifs hautement biod\u00e9gradables qui rendent possible le d\u00e9veloppement durable.","potentialAction":[{"@type":"SearchAction","target":{"@type":"EntryPoint","urlTemplate":"https:\/\/dermo.com\/?s={search_term_string}"},"query-input":{"@type":"PropertyValueSpecification","valueRequired":true,"valueName":"search_term_string"}}],"inLanguage":"fr-FR"}]}},"_links":{"self":[{"href":"https:\/\/dermo.com\/fr\/wp-json\/wp\/v2\/pages\/12906","targetHints":{"allow":["GET"]}}],"collection":[{"href":"https:\/\/dermo.com\/fr\/wp-json\/wp\/v2\/pages"}],"about":[{"href":"https:\/\/dermo.com\/fr\/wp-json\/wp\/v2\/types\/page"}],"author":[{"embeddable":true,"href":"https:\/\/dermo.com\/fr\/wp-json\/wp\/v2\/users\/2"}],"replies":[{"embeddable":true,"href":"https:\/\/dermo.com\/fr\/wp-json\/wp\/v2\/comments?post=12906"}],"version-history":[{"count":7,"href":"https:\/\/dermo.com\/fr\/wp-json\/wp\/v2\/pages\/12906\/revisions"}],"predecessor-version":[{"id":13466,"href":"https:\/\/dermo.com\/fr\/wp-json\/wp\/v2\/pages\/12906\/revisions\/13466"}],"wp:attachment":[{"href":"https:\/\/dermo.com\/fr\/wp-json\/wp\/v2\/media?parent=12906"}],"curies":[{"name":"wp","href":"https:\/\/api.w.org\/{rel}","templated":true}]}}