{"id":12926,"date":"2025-01-31T11:07:00","date_gmt":"2025-01-31T10:07:00","guid":{"rendered":"https:\/\/dermo.com\/?page_id=12926"},"modified":"2025-02-19T11:42:05","modified_gmt":"2025-02-19T10:42:05","slug":"detergents-hygiene-menagere","status":"publish","type":"page","link":"https:\/\/dermo.com\/fr\/detergents-hygiene-menagere\/","title":{"rendered":"D\u00e9tergents pour l&#039;hygi\u00e8ne domestique"},"content":{"rendered":"<div data-elementor-type=\"wp-page\" data-elementor-id=\"12926\" class=\"elementor elementor-12926\" data-elementor-post-type=\"page\">\n\t\t\t\t\t\t<section class=\"elementor-section elementor-top-section elementor-element elementor-element-a02683f elementor-section-boxed elementor-section-height-default elementor-section-height-default\" data-id=\"a02683f\" data-element_type=\"section\" data-e-type=\"section\" data-settings=\"{&quot;background_background&quot;:&quot;classic&quot;}\">\n\t\t\t\t\t\t\t<div class=\"elementor-background-overlay\"><\/div>\n\t\t\t\t\t\t\t<div class=\"elementor-container elementor-column-gap-default\">\n\t\t\t\t\t<div class=\"elementor-column elementor-col-100 elementor-top-column elementor-element elementor-element-f99dbff\" data-id=\"f99dbff\" data-element_type=\"column\" data-e-type=\"column\">\n\t\t\t<div class=\"elementor-widget-wrap elementor-element-populated\">\n\t\t\t\t\t\t\t<\/div>\n\t\t<\/div>\n\t\t\t\t\t<\/div>\n\t\t<\/section>\n\t\t\t\t<section class=\"elementor-section elementor-top-section elementor-element elementor-element-233ad3a4 elementor-section-boxed elementor-section-height-default elementor-section-height-default\" data-id=\"233ad3a4\" data-element_type=\"section\" data-e-type=\"section\">\n\t\t\t\t\t\t<div class=\"elementor-container elementor-column-gap-default\">\n\t\t\t\t\t<div class=\"elementor-column elementor-col-100 elementor-top-column elementor-element elementor-element-3244e578\" data-id=\"3244e578\" data-element_type=\"column\" data-e-type=\"column\">\n\t\t\t<div class=\"elementor-widget-wrap elementor-element-populated\">\n\t\t\t\t\t\t<section class=\"elementor-section elementor-inner-section elementor-element elementor-element-1a7040c2 elementor-section-content-middle elementor-section-boxed elementor-section-height-default elementor-section-height-default\" data-id=\"1a7040c2\" data-element_type=\"section\" data-e-type=\"section\">\n\t\t\t\t\t\t<div class=\"elementor-container elementor-column-gap-default\">\n\t\t\t\t\t<div class=\"elementor-column elementor-col-50 elementor-inner-column elementor-element elementor-element-58338543\" data-id=\"58338543\" data-element_type=\"column\" data-e-type=\"column\">\n\t\t\t<div class=\"elementor-widget-wrap elementor-element-populated\">\n\t\t\t\t\t\t<div class=\"elementor-element elementor-element-464b2e11 elementor-widget elementor-widget-text-editor\" data-id=\"464b2e11\" data-element_type=\"widget\" data-e-type=\"widget\" data-widget_type=\"text-editor.default\">\n\t\t\t\t<div class=\"elementor-widget-container\">\n\t\t\t\t\t\t\t\t\t<div id=\"lipsum\"><p>Le\u00a0<strong>nettoyage<\/strong>\u00a0et le\u00a0<strong>hygi\u00e8ne<\/strong>M\u00eame si on ne leur accorde pas parfois l&#039;importance qu&#039;ils m\u00e9ritent r\u00e9ellement, tous deux constituent une ressource de base que tout le monde devrait voir satisfaite. Il y aura ceux qui diront que, \u00e9videmment, il y a d&#039;autres besoins plus vitaux que ceux-l\u00e0, mais en m\u00eame temps la notori\u00e9t\u00e9 de ceux-ci, est pr\u00e9c\u00e9d\u00e9e par l&#039;accompagnement de\u00a0<strong>nettoyage<\/strong>\u00a0et\u00a0<strong>hygi\u00e8ne<\/strong>. Un exemple en serait la nourriture, une n\u00e9cessit\u00e9 indispensable sans laquelle nous ne pourrions pas vivre, mais que deviendraient les fruits et les l\u00e9gumes s&#039;ils n&#039;avaient pas \u00e9t\u00e9 correctement nettoy\u00e9s avant d&#039;\u00eatre consomm\u00e9s ? Ou qui ne se lave pas les mains avant de manger ? Un geste si simple et qui en m\u00eame temps signifie beaucoup et auquel, s\u00fbrement, nous ne pensons pas avant de cuisiner ou de manger quoi que ce soit, mais la v\u00e9rit\u00e9 est qu&#039;une alimentation saine n&#039;existerait pas sans les soins appropri\u00e9s.\u00a0<strong>nettoyage<\/strong>.<\/p><p><strong>Dermo SA,<\/strong>\u00a0C&#039;est un\u00a0<strong>usine de d\u00e9tergents<\/strong>\u00a0avec une vaste exp\u00e9rience dans le secteur de\u00a0<strong>nettoyage\u00a0<\/strong>et le\u00a0<strong>hygi\u00e8ne<\/strong>, avec plus de 25 ans d&#039;exp\u00e9rience, nous garantissons \u00e0 tous nos clients le meilleur\u00a0<strong>d\u00e9tergents<\/strong>\u00a0et des accessoires et compl\u00e9ments pour garantir la couverture ad\u00e9quate de ces besoins essentiels, en gardant toujours \u00e0 l&#039;esprit les exigences de chaque client \u00e0 cet \u00e9gard. La valeur de l&#039;engagement est l&#039;une des plus pr\u00e9sentes dans notre performance, avec toute la passion que nous ressentons pour elle et qui se refl\u00e8te dans l&#039;effort et la pers\u00e9v\u00e9rance pour nous am\u00e9liorer et faire de notre mieux.\u00a0<strong>d\u00e9tergents<\/strong>\u00a0et le reste des activit\u00e9s que nous menons dans\u00a0<strong>Dermo SA<\/strong>, le meilleur et le plus efficace, un facteur que nous avons atteint gr\u00e2ce \u00e0 la confiance de nos fournisseurs, travailleurs et clients.<\/p><\/div>\t\t\t\t\t\t\t\t<\/div>\n\t\t\t\t<\/div>\n\t\t\t\t\t<\/div>\n\t\t<\/div>\n\t\t\t\t<div class=\"elementor-column elementor-col-50 elementor-inner-column elementor-element elementor-element-e89db93 elementor-invisible\" data-id=\"e89db93\" data-element_type=\"column\" data-e-type=\"column\" data-settings=\"{&quot;animation&quot;:&quot;bounceInRight&quot;}\">\n\t\t\t<div class=\"elementor-widget-wrap elementor-element-populated\">\n\t\t\t\t\t\t<div class=\"elementor-element elementor-element-c0aef74 elementor-widget elementor-widget-elementskit-contact-form7\" data-id=\"c0aef74\" data-element_type=\"widget\" data-e-type=\"widget\" data-widget_type=\"elementskit-contact-form7.default\">\n\t\t\t\t<div class=\"elementor-widget-container\">\n\t\t\t\t\t<div class=\"ekit-wid-con\" ><div class=\"ekit-form\">\n<div class=\"wpcf7 no-js\" id=\"wpcf7-f13292-p12926-o1\" lang=\"es-ES\" dir=\"ltr\" data-wpcf7-id=\"13292\">\n<div class=\"screen-reader-response\"><p role=\"status\" aria-live=\"polite\" aria-atomic=\"true\"><\/p> <ul><\/ul><\/div>\n<form action=\"\/fr\/detergents-hygiene-menagere\/#wpcf7-f13292-p12926-o1\" method=\"post\" class=\"wpcf7-form init\" aria-label=\"Formulario de contacto\" novalidate=\"novalidate\" data-status=\"init\" data-no-translation-aria-label=\"\" data-trp-original-action=\"\/fr\/detergentes-higiene-domestica\/#wpcf7-f13292-p12926-o1\">\n<fieldset class=\"hidden-fields-container\"><input type=\"hidden\" name=\"_wpcf7\" value=\"13292\" \/><input type=\"hidden\" name=\"_wpcf7_version\" value=\"6.1.5\" \/><input type=\"hidden\" name=\"_wpcf7_locale\" value=\"es_ES\" \/><input type=\"hidden\" name=\"_wpcf7_unit_tag\" value=\"wpcf7-f13292-p12926-o1\" \/><input type=\"hidden\" name=\"_wpcf7_container_post\" value=\"12926\" \/><input type=\"hidden\" name=\"_wpcf7_posted_data_hash\" value=\"\" \/><input type=\"hidden\" name=\"_wpcf7_recaptcha_response\" value=\"\" \/>\n<\/fieldset>\n<div style=\"display: flex; gap: 10px;\">\n\t<div style=\"width: 50%;\">\n\t\t<p><span class=\"wpcf7-form-control-wrap\" data-name=\"your-name\"><input size=\"40\" maxlength=\"400\" class=\"wpcf7-form-control wpcf7-text wpcf7-validates-as-required\" aria-required=\"true\" aria-invalid=\"false\" placeholder=\"Nom\" value=\"\" type=\"text\" name=\"your-name\" \/><\/span>\n\t\t<\/p>\n\t<\/div>\n\t<div style=\"width: 50%;\">\n\t\t<p><span class=\"wpcf7-form-control-wrap\" data-name=\"your-phone\"><input size=\"40\" maxlength=\"400\" class=\"wpcf7-form-control wpcf7-tel wpcf7-validates-as-required wpcf7-text wpcf7-validates-as-tel\" aria-required=\"true\" aria-invalid=\"false\" placeholder=\"T\u00e9l\u00e9phone\" value=\"\" type=\"tel\" name=\"your-phone\" \/><\/span>\n\t\t<\/p>\n\t<\/div>\n<\/div>\n<p><span class=\"wpcf7-form-control-wrap\" data-name=\"your-email\"><input size=\"40\" maxlength=\"400\" class=\"wpcf7-form-control wpcf7-email wpcf7-validates-as-required wpcf7-text wpcf7-validates-as-email\" aria-required=\"true\" aria-invalid=\"false\" placeholder=\"E-mail\" value=\"\" type=\"email\" name=\"your-email\" \/><\/span>\n<\/p>\n<div style=\"display: flex; gap: 10px;\">\n\t<div style=\"width: 50%;\">\n\t\t<p><span class=\"wpcf7-form-control-wrap\" data-name=\"your-country\"><input size=\"40\" maxlength=\"400\" class=\"wpcf7-form-control wpcf7-text wpcf7-validates-as-required\" aria-required=\"true\" aria-invalid=\"false\" placeholder=\"Pays\" value=\"\" type=\"text\" name=\"your-country\" \/><\/span>\n\t\t<\/p>\n\t<\/div>\n\t<div style=\"width: 50%;\">\n\t\t<p><span class=\"wpcf7-form-control-wrap\" data-name=\"your-city\"><input size=\"40\" maxlength=\"400\" class=\"wpcf7-form-control wpcf7-text wpcf7-validates-as-required\" aria-required=\"true\" aria-invalid=\"false\" placeholder=\"Population\" value=\"\" type=\"text\" name=\"your-city\" \/><\/span>\n\t\t<\/p>\n\t<\/div>\n<\/div>\n<p><span class=\"wpcf7-form-control-wrap\" data-name=\"your-subject\"><select class=\"wpcf7-form-control wpcf7-select\" aria-invalid=\"false\" name=\"your-subject\"><option value=\"Quiero ser distribuidor\">Je veux \u00eatre distributeur<\/option><option value=\"Presupuesto\">Budget<\/option><option value=\"Consulta\">Consultation<\/option><option value=\"Sugerencia\">Suggestion<\/option><option value=\"Otros\">Autres<\/option><\/select><\/span>\n<\/p>\n<p><span class=\"wpcf7-form-control-wrap\" data-name=\"your-message\"><textarea cols=\"40\" rows=\"10\" maxlength=\"2000\" class=\"wpcf7-form-control wpcf7-textarea\" aria-invalid=\"false\" placeholder=\"Message ou demande\" name=\"your-message\"><\/textarea><\/span>\n<\/p>\n<div style=\"display: flex; align-items: center; gap: 10px;\">\n\t<p><span class=\"wpcf7-form-control-wrap\" data-name=\"privacy-policy\"><span class=\"wpcf7-form-control wpcf7-acceptance\"><span class=\"wpcf7-list-item\"><input type=\"checkbox\" name=\"privacy-policy\" value=\"1\" aria-invalid=\"false\" \/><\/span><\/span><\/span><label for=\"privacy-policy\" style=\"margin-left: 5px;\">J&#039;ai lu et accept\u00e9 la politique de confidentialit\u00e9.<\/label>\n\t<\/p>\n<\/div>\n<div style=\"display: flex; align-items: center; gap: 10px;\">\n\t<p><span class=\"wpcf7-form-control-wrap\" data-name=\"send-info\"><span class=\"wpcf7-form-control wpcf7-acceptance\"><span class=\"wpcf7-list-item\"><input type=\"checkbox\" name=\"send-info\" value=\"1\" aria-invalid=\"false\" \/><\/span><\/span><\/span><label for=\"send-info\" style=\"margin-left: 5px;\">J&#039;accepte de recevoir des informations.<\/label>\n\t<\/p>\n<\/div>\n<p><input class=\"wpcf7-form-control wpcf7-submit has-spinner\" type=\"submit\" value=\"Envoyer\" \/>\n<\/p><div class=\"wpcf7-response-output\" aria-hidden=\"true\"><\/div>\n<input type=\"hidden\" name=\"trp-form-language\" value=\"fr\"\/><\/form>\n<\/div>\n<\/div><\/div>\t\t\t\t<\/div>\n\t\t\t\t<\/div>\n\t\t\t\t\t<\/div>\n\t\t<\/div>\n\t\t\t\t\t<\/div>\n\t\t<\/section>\n\t\t\t\t<div class=\"elementor-element elementor-element-615d68f elementor-widget elementor-widget-text-editor\" data-id=\"615d68f\" data-element_type=\"widget\" data-e-type=\"widget\" data-widget_type=\"text-editor.default\">\n\t\t\t\t<div class=\"elementor-widget-container\">\n\t\t\t\t\t\t\t\t\t<p>Notre objectif principal est de prendre soin de chaque personne, non seulement sur notre march\u00e9 le plus proche, mais aussi \u00e0 l&#039;\u00e9chelle internationale, qui m\u00e9rite de b\u00e9n\u00e9ficier de la couverture de ce besoin, et de continuer \u00e0 atteindre l&#039;excellence dans chacun de nos services et produits, un fait qui a conduit \u00e0 notre\u00a0<strong>usine de d\u00e9tergents<\/strong>\u00a0pour le\u00a0<strong>nettoyage<\/strong>\u00a0et\u00a0<strong>hygi\u00e8ne domestique<\/strong>\u00a0et\u00a0<strong>industriel<\/strong>, pour se placer dans une position privil\u00e9gi\u00e9e. Des produits efficaces, efficients et responsables, avec durabilit\u00e9 et respect de l&#039;environnement, en\u00a0<strong>Dermo SA<\/strong>\u00a0Nous offrons \u00e0 nos clients une large gamme de fournitures, ainsi que la confiance de nous consulter et de nous permettre de les conseiller sur\u00a0<strong>d\u00e9tergents<\/strong>\u00a0et le reste des produits et services que nous fournissons. Prendre soin de nos clients (maisons de retraite, h\u00f4tels, h\u00f4pitaux, restaurants, particuliers...) et leur enti\u00e8re satisfaction est la maxime qui fonde le caract\u00e8re et le professionnalisme de cette\u00a0<strong>usine de d\u00e9tergents<\/strong>.<\/p><p>Gr\u00e2ce aux progr\u00e8s technologiques appliqu\u00e9s dans notre\u00a0<strong>laboratoires<\/strong>\u00a0et des installations, dans\u00a0<strong>Dermo SA<\/strong>\u00a0Notre activit\u00e9 ne s&#039;arr\u00eate jamais et, jour apr\u00e8s jour, nous continuons \u00e0 innover et \u00e0 am\u00e9liorer la qualit\u00e9 de notre service, avec une attention plus personnalis\u00e9e et d\u00e9taill\u00e9e au client, ce qui nous a donn\u00e9 l&#039;opportunit\u00e9 d&#039;\u00eatre le\u00a0<strong>usine de d\u00e9tergents\u00a0<\/strong>de r\u00e9f\u00e9rence pour la production de produits de cette nature, avec une mention sp\u00e9ciale \u00e0 la\u00a0<strong>d\u00e9tergents<\/strong>. Si vous recherchez un\u00a0<strong>usine de d\u00e9tergents<\/strong>\u00a0de confiance pour la cr\u00e9ation et la production de votre propre produit,\u00a0<strong>Dermo SA<\/strong>\u00a0c&#039;est votre entreprise. Avec un caract\u00e8re familier et proche, nous mettrons tout en \u0153uvre pour vous satisfaire et garantir que ce besoin essentiel soit satisfait.<\/p>\t\t\t\t\t\t\t\t<\/div>\n\t\t\t\t<\/div>\n\t\t\t\t\t<\/div>\n\t\t<\/div>\n\t\t\t\t\t<\/div>\n\t\t<\/section>\n\t\t\t\t<section class=\"elementor-section elementor-top-section elementor-element elementor-element-484f41e elementor-section-full_width elementor-section-height-default elementor-section-height-default elementor-invisible\" data-id=\"484f41e\" data-element_type=\"section\" data-e-type=\"section\" data-settings=\"{&quot;animation&quot;:&quot;slideInUp&quot;}\">\n\t\t\t\t\t\t<div class=\"elementor-container elementor-column-gap-default\">\n\t\t\t\t\t<div class=\"elementor-column elementor-col-100 elementor-top-column elementor-element elementor-element-19948363\" data-id=\"19948363\" data-element_type=\"column\" data-e-type=\"column\">\n\t\t\t<div class=\"elementor-widget-wrap elementor-element-populated\">\n\t\t\t\t\t\t<div class=\"elementor-element elementor-element-339044a4 elementor-widget elementor-widget-google_maps\" data-id=\"339044a4\" data-element_type=\"widget\" data-e-type=\"widget\" data-widget_type=\"google_maps.default\">\n\t\t\t\t<div class=\"elementor-widget-container\">\n\t\t\t\t\t\t\t<div class=\"elementor-custom-embed\">\n\t\t\t<iframe loading=\"lazy\"\n\t\t\t\t\tsrc=\"https:\/\/maps.google.com\/maps?q=C%2F%20Pintor%20Joan%20Miro%2C%2016.%20Pol.%20Ind.%20Can%20Humet%20de%20Dalt%2C%2008213%20Poliny%C3%A0.%20Barcelona&#038;t=m&#038;z=15&#038;output=embed&#038;iwloc=near\"\n\t\t\t\t\ttitle=\"C\/ Pintor Joan Miro, 16. Pol. Ind. Can Humet de Dalt, 08213 Poliny\u00e0. Barcelone\"\n\t\t\t\t\taria-label=\"C\/ Pintor Joan Miro, 16. Pol. Ind. Can Humet de Dalt, 08213 Poliny\u00e0. Barcelone\"\n\t\t\t><\/iframe>\n\t\t<\/div>\n\t\t\t\t\t\t<\/div>\n\t\t\t\t<\/div>\n\t\t\t\t\t<\/div>\n\t\t<\/div>\n\t\t\t\t\t<\/div>\n\t\t<\/section>\n\t\t\t\t<\/div>","protected":false},"excerpt":{"rendered":"<p>La propret\u00e9 et l&#039;hygi\u00e8ne, bien que parfois n\u00e9glig\u00e9es, sont des ressources essentielles que nous devrions tous respecter. Certains diront qu&#039;il existe \u00e9videmment d&#039;autres besoins plus vitaux, mais que leur importance est pr\u00e9c\u00e9d\u00e9e par la propret\u00e9 et l&#039;hygi\u00e8ne.&nbsp;<a href=\"https:\/\/dermo.com\/fr\/detergents-hygiene-menagere\/\" rel=\"bookmark\">En savoir plus &quot;<span class=\"screen-reader-text\">D\u00e9tergents pour l&#039;hygi\u00e8ne domestique<\/span><\/a><\/p>","protected":false},"author":2,"featured_media":0,"parent":0,"menu_order":0,"comment_status":"closed","ping_status":"closed","template":"page-templates\/template-pagebuilder-full-width.php","meta":{"neve_meta_sidebar":"","neve_meta_container":"","neve_meta_enable_content_width":"","neve_meta_content_width":0,"neve_meta_title_alignment":"","neve_meta_author_avatar":"","neve_post_elements_order":"","neve_meta_disable_header":"","neve_meta_disable_footer":"","neve_meta_disable_title":"","footnotes":""},"class_list":["post-12926","page","type-page","status-publish","hentry"],"yoast_head":"<!-- This site is optimized with the Yoast SEO plugin v27.0 - https:\/\/yoast.com\/product\/yoast-seo-wordpress\/ -->\n<title>Detergentes higiene dom\u00e9stica - Dermo | F\u00e1brica de detergentes<\/title>\n<meta name=\"robots\" content=\"index, follow, max-snippet:-1, max-image-preview:large, max-video-preview:-1\" \/>\n<link rel=\"canonical\" href=\"https:\/\/dermo.com\/fr\/detergents-hygiene-menagere\/\" \/>\n<meta property=\"og:locale\" content=\"fr_FR\" \/>\n<meta property=\"og:type\" content=\"article\" \/>\n<meta property=\"og:title\" content=\"Detergentes higiene dom\u00e9stica - Dermo | F\u00e1brica de detergentes\" \/>\n<meta property=\"og:description\" content=\"La\u00a0limpieza\u00a0y la\u00a0higiene, aunque a veces no se les d\u00e9 la importancia que realmente tienen, ambas son un recurso de primera necesidad que todas las personas debemos ver satisfecho. Habr\u00e1 qui\u00e9nes dir\u00e1n que, obviamente, existen otras necesidades m\u00e1s vitales que \u00e9stas, pero a su vez la notoriedad de las mismas, viene precedida por el acompa\u00f1amiento de\u00a0limpieza\u00a0e\u00a0higiene.&hellip;&nbsp;Lire la suite &raquo;Detergentes higiene dom\u00e9stica\" \/>\n<meta property=\"og:url\" content=\"https:\/\/dermo.com\/fr\/detergents-hygiene-menagere\/\" \/>\n<meta property=\"og:site_name\" content=\"Dermo | F\u00e1brica de detergentes\" \/>\n<meta property=\"article:modified_time\" content=\"2025-02-19T10:42:05+00:00\" \/>\n<meta name=\"twitter:card\" content=\"summary_large_image\" \/>\n<meta name=\"twitter:label1\" content=\"Dur\u00e9e de lecture estim\u00e9e\" \/>\n\t<meta name=\"twitter:data1\" content=\"3 minutes\" \/>\n<script type=\"application\/ld+json\" class=\"yoast-schema-graph\">{\"@context\":\"https:\/\/schema.org\",\"@graph\":[{\"@type\":\"WebPage\",\"@id\":\"https:\/\/dermo.com\/detergentes-higiene-domestica\/\",\"url\":\"https:\/\/dermo.com\/detergentes-higiene-domestica\/\",\"name\":\"Detergentes higiene dom\u00e9stica - Dermo | F\u00e1brica de detergentes\",\"isPartOf\":{\"@id\":\"https:\/\/dermo.com\/#website\"},\"datePublished\":\"2025-01-31T10:07:00+00:00\",\"dateModified\":\"2025-02-19T10:42:05+00:00\",\"breadcrumb\":{\"@id\":\"https:\/\/dermo.com\/detergentes-higiene-domestica\/#breadcrumb\"},\"inLanguage\":\"fr-FR\",\"potentialAction\":[{\"@type\":\"ReadAction\",\"target\":[\"https:\/\/dermo.com\/detergentes-higiene-domestica\/\"]}]},{\"@type\":\"BreadcrumbList\",\"@id\":\"https:\/\/dermo.com\/detergentes-higiene-domestica\/#breadcrumb\",\"itemListElement\":[{\"@type\":\"ListItem\",\"position\":1,\"name\":\"Portada\",\"item\":\"https:\/\/dermo.com\/\"},{\"@type\":\"ListItem\",\"position\":2,\"name\":\"Detergentes higiene dom\u00e9stica\"}]},{\"@type\":\"WebSite\",\"@id\":\"https:\/\/dermo.com\/#website\",\"url\":\"https:\/\/dermo.com\/\",\"name\":\"Dermo | F\u00e1brica de detergentes\",\"description\":\"Tecnolog\u00eda avanzada, investigaci\u00f3n y desarrollo, respeto por el medio ambiente, competencia, formaci\u00f3n constante y alto nivel de profesionalidad en nuestro equipo humano, empe\u00f1ado en preservar la calidad de vida, la protecci\u00f3n del entorno natural contin\u00faan motiv\u00e1ndonos para desarrollar en nuestros laboratorios nuevos productos con ingredientes activos altamente biodegradables que hacen posible un desarrollo sostenible.\",\"potentialAction\":[{\"@type\":\"SearchAction\",\"target\":{\"@type\":\"EntryPoint\",\"urlTemplate\":\"https:\/\/dermo.com\/?s={search_term_string}\"},\"query-input\":{\"@type\":\"PropertyValueSpecification\",\"valueRequired\":true,\"valueName\":\"search_term_string\"}}],\"inLanguage\":\"fr-FR\"}]}<\/script>\n<!-- \/ Yoast SEO plugin. -->","yoast_head_json":{"title":"D\u00e9tergents d&#039;hygi\u00e8ne m\u00e9nag\u00e8re - Dermo | Usine de d\u00e9tergents","robots":{"index":"index","follow":"follow","max-snippet":"max-snippet:-1","max-image-preview":"max-image-preview:large","max-video-preview":"max-video-preview:-1"},"canonical":"https:\/\/dermo.com\/fr\/detergents-hygiene-menagere\/","og_locale":"fr_FR","og_type":"article","og_title":"Detergentes higiene dom\u00e9stica - Dermo | F\u00e1brica de detergentes","og_description":"La\u00a0limpieza\u00a0y la\u00a0higiene, aunque a veces no se les d\u00e9 la importancia que realmente tienen, ambas son un recurso de primera necesidad que todas las personas debemos ver satisfecho. Habr\u00e1 qui\u00e9nes dir\u00e1n que, obviamente, existen otras necesidades m\u00e1s vitales que \u00e9stas, pero a su vez la notoriedad de las mismas, viene precedida por el acompa\u00f1amiento de\u00a0limpieza\u00a0e\u00a0higiene.&hellip;&nbsp;Lire la suite &raquo;Detergentes higiene dom\u00e9stica","og_url":"https:\/\/dermo.com\/fr\/detergents-hygiene-menagere\/","og_site_name":"Dermo | F\u00e1brica de detergentes","article_modified_time":"2025-02-19T10:42:05+00:00","twitter_card":"summary_large_image","twitter_misc":{"Dur\u00e9e de lecture estim\u00e9e":"3 minutes"},"schema":{"@context":"https:\/\/schema.org","@graph":[{"@type":"WebPage","@id":"https:\/\/dermo.com\/detergentes-higiene-domestica\/","url":"https:\/\/dermo.com\/detergentes-higiene-domestica\/","name":"D\u00e9tergents d&#039;hygi\u00e8ne m\u00e9nag\u00e8re - Dermo | Usine de d\u00e9tergents","isPartOf":{"@id":"https:\/\/dermo.com\/#website"},"datePublished":"2025-01-31T10:07:00+00:00","dateModified":"2025-02-19T10:42:05+00:00","breadcrumb":{"@id":"https:\/\/dermo.com\/detergentes-higiene-domestica\/#breadcrumb"},"inLanguage":"fr-FR","potentialAction":[{"@type":"ReadAction","target":["https:\/\/dermo.com\/detergentes-higiene-domestica\/"]}]},{"@type":"BreadcrumbList","@id":"https:\/\/dermo.com\/detergentes-higiene-domestica\/#breadcrumb","itemListElement":[{"@type":"ListItem","position":1,"name":"Portada","item":"https:\/\/dermo.com\/"},{"@type":"ListItem","position":2,"name":"Detergentes higiene dom\u00e9stica"}]},{"@type":"WebSite","@id":"https:\/\/dermo.com\/#website","url":"https:\/\/dermo.com\/","name":"Dermo | usine de d\u00e9tergents","description":"Technologie avanc\u00e9e, recherche et d\u00e9veloppement, respect de l&#039;environnement, comp\u00e9tence, formation constante et haut niveau de professionnalisme de notre \u00e9quipe humaine, engag\u00e9e \u00e0 pr\u00e9server la qualit\u00e9 de vie, la protection de l&#039;environnement naturel continuent de nous motiver \u00e0 d\u00e9velopper de nouveaux produits dans notre laboratoires aux principes actifs hautement biod\u00e9gradables qui rendent possible le d\u00e9veloppement durable.","potentialAction":[{"@type":"SearchAction","target":{"@type":"EntryPoint","urlTemplate":"https:\/\/dermo.com\/?s={search_term_string}"},"query-input":{"@type":"PropertyValueSpecification","valueRequired":true,"valueName":"search_term_string"}}],"inLanguage":"fr-FR"}]}},"_links":{"self":[{"href":"https:\/\/dermo.com\/fr\/wp-json\/wp\/v2\/pages\/12926","targetHints":{"allow":["GET"]}}],"collection":[{"href":"https:\/\/dermo.com\/fr\/wp-json\/wp\/v2\/pages"}],"about":[{"href":"https:\/\/dermo.com\/fr\/wp-json\/wp\/v2\/types\/page"}],"author":[{"embeddable":true,"href":"https:\/\/dermo.com\/fr\/wp-json\/wp\/v2\/users\/2"}],"replies":[{"embeddable":true,"href":"https:\/\/dermo.com\/fr\/wp-json\/wp\/v2\/comments?post=12926"}],"version-history":[{"count":7,"href":"https:\/\/dermo.com\/fr\/wp-json\/wp\/v2\/pages\/12926\/revisions"}],"predecessor-version":[{"id":13463,"href":"https:\/\/dermo.com\/fr\/wp-json\/wp\/v2\/pages\/12926\/revisions\/13463"}],"wp:attachment":[{"href":"https:\/\/dermo.com\/fr\/wp-json\/wp\/v2\/media?parent=12926"}],"curies":[{"name":"wp","href":"https:\/\/api.w.org\/{rel}","templated":true}]}}