{"id":12940,"date":"2025-01-31T11:11:16","date_gmt":"2025-01-31T10:11:16","guid":{"rendered":"https:\/\/dermo.com\/?page_id=12940"},"modified":"2025-02-19T11:36:52","modified_gmt":"2025-02-19T10:36:52","slug":"detergent-pour-machine-a-laver","status":"publish","type":"page","link":"https:\/\/dermo.com\/fr\/detergent-pour-machine-a-laver\/","title":{"rendered":"D\u00e9tergent pour machine \u00e0 laver"},"content":{"rendered":"<div data-elementor-type=\"wp-page\" data-elementor-id=\"12940\" class=\"elementor elementor-12940\" data-elementor-post-type=\"page\">\n\t\t\t\t\t\t<section class=\"elementor-section elementor-top-section elementor-element elementor-element-420c5c5 elementor-section-boxed elementor-section-height-default elementor-section-height-default\" data-id=\"420c5c5\" data-element_type=\"section\" data-e-type=\"section\" data-settings=\"{&quot;background_background&quot;:&quot;classic&quot;}\">\n\t\t\t\t\t\t\t<div class=\"elementor-background-overlay\"><\/div>\n\t\t\t\t\t\t\t<div class=\"elementor-container elementor-column-gap-default\">\n\t\t\t\t\t<div class=\"elementor-column elementor-col-100 elementor-top-column elementor-element elementor-element-a4879b8\" data-id=\"a4879b8\" data-element_type=\"column\" data-e-type=\"column\">\n\t\t\t<div class=\"elementor-widget-wrap elementor-element-populated\">\n\t\t\t\t\t\t\t<\/div>\n\t\t<\/div>\n\t\t\t\t\t<\/div>\n\t\t<\/section>\n\t\t\t\t<section class=\"elementor-section elementor-top-section elementor-element elementor-element-708bc70 elementor-section-boxed elementor-section-height-default elementor-section-height-default\" data-id=\"708bc70\" data-element_type=\"section\" data-e-type=\"section\">\n\t\t\t\t\t\t<div class=\"elementor-container elementor-column-gap-default\">\n\t\t\t\t\t<div class=\"elementor-column elementor-col-100 elementor-top-column elementor-element elementor-element-e117043\" data-id=\"e117043\" data-element_type=\"column\" data-e-type=\"column\">\n\t\t\t<div class=\"elementor-widget-wrap elementor-element-populated\">\n\t\t\t\t\t\t<section class=\"elementor-section elementor-inner-section elementor-element elementor-element-9ef8fa1 elementor-section-content-middle elementor-section-boxed elementor-section-height-default elementor-section-height-default\" data-id=\"9ef8fa1\" data-element_type=\"section\" data-e-type=\"section\">\n\t\t\t\t\t\t<div class=\"elementor-container elementor-column-gap-default\">\n\t\t\t\t\t<div class=\"elementor-column elementor-col-50 elementor-inner-column elementor-element elementor-element-9c6af1c\" data-id=\"9c6af1c\" data-element_type=\"column\" data-e-type=\"column\">\n\t\t\t<div class=\"elementor-widget-wrap elementor-element-populated\">\n\t\t\t\t\t\t<div class=\"elementor-element elementor-element-4eb5389 elementor-widget elementor-widget-text-editor\" data-id=\"4eb5389\" data-element_type=\"widget\" data-e-type=\"widget\" data-widget_type=\"text-editor.default\">\n\t\t\t\t<div class=\"elementor-widget-container\">\n\t\t\t\t\t\t\t\t\t<div id=\"lipsum\"><h2><strong>D\u00e9tergent pour machine \u00e0 laver<\/strong><\/h2><p>Laver les v\u00eatements fait partie de la routine de nettoyage dans n\u2019importe quelle maison. C&#039;est une t\u00e2che que nous devons faire tous les jours et qui fait partie de notre routine quotidienne. Dans ce contexte, utilisez un bon\u00a0<strong>d\u00e9tergent pour machine \u00e0 laver<\/strong>\u00a0est essentiel pour la sant\u00e9.<\/p><p>Lorsque vous touchez diff\u00e9rentes surfaces, des germes et d\u2019autres substances nocives entrent en contact avec vos v\u00eatements. UN\u00a0<strong>d\u00e9tergent pour machine \u00e0 laver<\/strong>\u00a0\u00e9limine ces substances lors du lavage. Et bien s\u00fbr, il nettoie aussi vos v\u00eatements.<\/p><\/div>\t\t\t\t\t\t\t\t<\/div>\n\t\t\t\t<\/div>\n\t\t\t\t<div class=\"elementor-element elementor-element-220acde elementor-widget elementor-widget-image\" data-id=\"220acde\" data-element_type=\"widget\" data-e-type=\"widget\" data-widget_type=\"image.default\">\n\t\t\t\t<div class=\"elementor-widget-container\">\n\t\t\t\t\t\t\t\t\t\t\t\t\t\t\t<img fetchpriority=\"high\" decoding=\"async\" width=\"1024\" height=\"576\" src=\"https:\/\/dermo.com\/wp-content\/uploads\/2025\/01\/Diseno-sin-titulo-11-1024x576.jpg\" class=\"attachment-large size-large wp-image-12943\" alt=\"\" srcset=\"https:\/\/dermo.com\/wp-content\/uploads\/2025\/01\/Diseno-sin-titulo-11-1024x576.jpg 1024w, https:\/\/dermo.com\/wp-content\/uploads\/2025\/01\/Diseno-sin-titulo-11-300x169.jpg 300w, https:\/\/dermo.com\/wp-content\/uploads\/2025\/01\/Diseno-sin-titulo-11-768x432.jpg 768w, https:\/\/dermo.com\/wp-content\/uploads\/2025\/01\/Diseno-sin-titulo-11-1536x864.jpg 1536w, https:\/\/dermo.com\/wp-content\/uploads\/2025\/01\/Diseno-sin-titulo-11-18x10.jpg 18w, https:\/\/dermo.com\/wp-content\/uploads\/2025\/01\/Diseno-sin-titulo-11-600x338.jpg 600w, https:\/\/dermo.com\/wp-content\/uploads\/2025\/01\/Diseno-sin-titulo-11.jpg 1920w\" sizes=\"(max-width: 1024px) 100vw, 1024px\" \/>\t\t\t\t\t\t\t\t\t\t\t\t\t\t\t<\/div>\n\t\t\t\t<\/div>\n\t\t\t\t\t<\/div>\n\t\t<\/div>\n\t\t\t\t<div class=\"elementor-column elementor-col-50 elementor-inner-column elementor-element elementor-element-8054eca elementor-invisible\" data-id=\"8054eca\" data-element_type=\"column\" data-e-type=\"column\" data-settings=\"{&quot;animation&quot;:&quot;bounceInRight&quot;}\">\n\t\t\t<div class=\"elementor-widget-wrap elementor-element-populated\">\n\t\t\t\t\t\t<div class=\"elementor-element elementor-element-57f0531 elementor-widget elementor-widget-elementskit-contact-form7\" data-id=\"57f0531\" data-element_type=\"widget\" data-e-type=\"widget\" data-widget_type=\"elementskit-contact-form7.default\">\n\t\t\t\t<div class=\"elementor-widget-container\">\n\t\t\t\t\t<div class=\"ekit-wid-con\" ><div class=\"ekit-form\">\n<div class=\"wpcf7 no-js\" id=\"wpcf7-f13292-p12940-o1\" lang=\"es-ES\" dir=\"ltr\" data-wpcf7-id=\"13292\">\n<div class=\"screen-reader-response\"><p role=\"status\" aria-live=\"polite\" aria-atomic=\"true\"><\/p> <ul><\/ul><\/div>\n<form action=\"\/fr\/detergent-pour-machine-a-laver\/#wpcf7-f13292-p12940-o1\" method=\"post\" class=\"wpcf7-form init\" aria-label=\"Formulaire de contact\" novalidate=\"novalidate\" data-status=\"init\" data-trp-original-action=\"\/detergente-lavadora\/#wpcf7-f13292-p12940-o1\">\n<fieldset class=\"hidden-fields-container\"><input type=\"hidden\" name=\"_wpcf7\" value=\"13292\" \/><input type=\"hidden\" name=\"_wpcf7_version\" value=\"6.1.5\" \/><input type=\"hidden\" name=\"_wpcf7_locale\" value=\"es_ES\" \/><input type=\"hidden\" name=\"_wpcf7_unit_tag\" value=\"wpcf7-f13292-p12940-o1\" \/><input type=\"hidden\" name=\"_wpcf7_container_post\" value=\"12940\" \/><input type=\"hidden\" name=\"_wpcf7_posted_data_hash\" value=\"\" \/><input type=\"hidden\" name=\"_wpcf7_recaptcha_response\" value=\"\" \/>\n<\/fieldset>\n<div style=\"display: flex; gap: 10px;\">\n\t<div style=\"width: 50%;\">\n\t\t<p><span class=\"wpcf7-form-control-wrap\" data-name=\"your-name\"><input size=\"40\" maxlength=\"400\" class=\"wpcf7-form-control wpcf7-text wpcf7-validates-as-required\" aria-required=\"true\" aria-invalid=\"false\" placeholder=\"Nom\" value=\"\" type=\"text\" name=\"your-name\" \/><\/span>\n\t\t<\/p>\n\t<\/div>\n\t<div style=\"width: 50%;\">\n\t\t<p><span class=\"wpcf7-form-control-wrap\" data-name=\"your-phone\"><input size=\"40\" maxlength=\"400\" class=\"wpcf7-form-control wpcf7-tel wpcf7-validates-as-required wpcf7-text wpcf7-validates-as-tel\" aria-required=\"true\" aria-invalid=\"false\" placeholder=\"T\u00e9l\u00e9phone\" value=\"\" type=\"tel\" name=\"your-phone\" \/><\/span>\n\t\t<\/p>\n\t<\/div>\n<\/div>\n<p><span class=\"wpcf7-form-control-wrap\" data-name=\"your-email\"><input size=\"40\" maxlength=\"400\" class=\"wpcf7-form-control wpcf7-email wpcf7-validates-as-required wpcf7-text wpcf7-validates-as-email\" aria-required=\"true\" aria-invalid=\"false\" placeholder=\"E-mail\" value=\"\" type=\"email\" name=\"your-email\" \/><\/span>\n<\/p>\n<div style=\"display: flex; gap: 10px;\">\n\t<div style=\"width: 50%;\">\n\t\t<p><span class=\"wpcf7-form-control-wrap\" data-name=\"your-country\"><input size=\"40\" maxlength=\"400\" class=\"wpcf7-form-control wpcf7-text wpcf7-validates-as-required\" aria-required=\"true\" aria-invalid=\"false\" placeholder=\"Pays\" value=\"\" type=\"text\" name=\"your-country\" \/><\/span>\n\t\t<\/p>\n\t<\/div>\n\t<div style=\"width: 50%;\">\n\t\t<p><span class=\"wpcf7-form-control-wrap\" data-name=\"your-city\"><input size=\"40\" maxlength=\"400\" class=\"wpcf7-form-control wpcf7-text wpcf7-validates-as-required\" aria-required=\"true\" aria-invalid=\"false\" placeholder=\"Population\" value=\"\" type=\"text\" name=\"your-city\" \/><\/span>\n\t\t<\/p>\n\t<\/div>\n<\/div>\n<p><span class=\"wpcf7-form-control-wrap\" data-name=\"your-subject\"><select class=\"wpcf7-form-control wpcf7-select\" aria-invalid=\"false\" name=\"your-subject\"><option value=\"Quiero ser distribuidor\">Je veux \u00eatre distributeur<\/option><option value=\"Presupuesto\">Budget<\/option><option value=\"Consulta\">Consultation<\/option><option value=\"Sugerencia\">Suggestion<\/option><option value=\"Otros\">Autres<\/option><\/select><\/span>\n<\/p>\n<p><span class=\"wpcf7-form-control-wrap\" data-name=\"your-message\"><textarea cols=\"40\" rows=\"10\" maxlength=\"2000\" class=\"wpcf7-form-control wpcf7-textarea\" aria-invalid=\"false\" placeholder=\"Message ou demande\" name=\"your-message\"><\/textarea><\/span>\n<\/p>\n<div style=\"display: flex; align-items: center; gap: 10px;\">\n\t<p><span class=\"wpcf7-form-control-wrap\" data-name=\"privacy-policy\"><span class=\"wpcf7-form-control wpcf7-acceptance\"><span class=\"wpcf7-list-item\"><input type=\"checkbox\" name=\"privacy-policy\" value=\"1\" aria-invalid=\"false\" \/><\/span><\/span><\/span><label for=\"privacy-policy\" style=\"margin-left: 5px;\">J&#039;ai lu et accept\u00e9 la politique de confidentialit\u00e9.<\/label>\n\t<\/p>\n<\/div>\n<div style=\"display: flex; align-items: center; gap: 10px;\">\n\t<p><span class=\"wpcf7-form-control-wrap\" data-name=\"send-info\"><span class=\"wpcf7-form-control wpcf7-acceptance\"><span class=\"wpcf7-list-item\"><input type=\"checkbox\" name=\"send-info\" value=\"1\" aria-invalid=\"false\" \/><\/span><\/span><\/span><label for=\"send-info\" style=\"margin-left: 5px;\">J&#039;accepte de recevoir des informations.<\/label>\n\t<\/p>\n<\/div>\n<p><input class=\"wpcf7-form-control wpcf7-submit has-spinner\" type=\"submit\" value=\"Envoyer\" \/>\n<\/p><div class=\"wpcf7-response-output\" aria-hidden=\"true\"><\/div>\n<input type=\"hidden\" name=\"trp-form-language\" value=\"fr\"\/><\/form>\n<\/div>\n<\/div><\/div>\t\t\t\t<\/div>\n\t\t\t\t<\/div>\n\t\t\t\t\t<\/div>\n\t\t<\/div>\n\t\t\t\t\t<\/div>\n\t\t<\/section>\n\t\t\t\t<div class=\"elementor-element elementor-element-ffcc638 elementor-widget elementor-widget-text-editor\" data-id=\"ffcc638\" data-element_type=\"widget\" data-e-type=\"widget\" data-widget_type=\"text-editor.default\">\n\t\t\t\t<div class=\"elementor-widget-container\">\n\t\t\t\t\t\t\t\t\t<div id=\"lipsum\"><p>De plus, un\u00a0<strong>d\u00e9tergent pour machine \u00e0 laver\u00a0<\/strong>Il peut \u00e9galement ajouter un parfum frais \u00e0 vos v\u00eatements. Parmi les nombreuses options de\u00a0<strong>d\u00e9tergent pour machine \u00e0 laver<\/strong>\u00a0disponibles sur le march\u00e9, vous pouvez facilement choisir celui qui correspond le mieux \u00e0 vos besoins.<\/p><p>UN\u00a0<strong>d\u00e9tergent pour machine \u00e0 laver<\/strong>\u00a0Il poss\u00e8de de fortes capacit\u00e9s de nettoyage par rapport aux savons. De plus, ils sont plus solubles dans l\u2019eau que le savon. Les savons contiennent des sels d\u2019acides gras. En comparaison, un\u00a0<strong>d\u00e9tergent pour machine \u00e0 laver<\/strong>\u00a0Il est fabriqu\u00e9 avec un tensioactif synth\u00e9tique. En association avec le tensioactif, un\u00a0<strong>d\u00e9tergent pour machine \u00e0 laver<\/strong>\u00a0Il contient de nombreux autres ingr\u00e9dients et produits chimiques qui am\u00e9liorent l\u2019efficacit\u00e9 du tensioactif. Un tensioactif, \u00e9galement connu sous le nom d\u2019agent tensioactif, est une substance dont les propri\u00e9t\u00e9s dispersantes et diluantes sont augment\u00e9es lorsqu\u2019elle est ajout\u00e9e \u00e0 l\u2019eau ou \u00e0 un liquide, ce qui en fait le choix id\u00e9al.<\/p><p>Alors que la plupart d\u2019entre eux\u00a0<strong>d\u00e9tergent pour machine \u00e0 laver<\/strong>\u00a0Ils contiennent d\u00e9j\u00e0 du savon, ils sont un meilleur substitut. UN\u00a0<strong>d\u00e9tergent pour machine \u00e0 laver<\/strong>\u00a0contient des ingr\u00e9dients tr\u00e8s efficaces pour laver les v\u00eatements. Des ingr\u00e9dients tels que le calcium et le magn\u00e9sium constituent les adjuvants du d\u00e9tergent. Ces activateurs adoucissent l&#039;eau et rendent la\u00a0<strong>d\u00e9tergent pour machine \u00e0 laver<\/strong>\u00a0\u00eatre plus efficace. Ils emp\u00eachent \u00e9galement les r\u00e9sidus de savon et les sels insolubles de rester sur les v\u00eatements. Ces produits agissent sur la surface de vos v\u00eatements et d\u00e9composent l\u2019huile et la graisse en petites parties. Cela les rend plus faciles \u00e0 nettoyer.<\/p><h3><strong>D\u00e9couvrez la puissance d&#039;un nettoyage impeccable avec nos d\u00e9tergents de qualit\u00e9 sup\u00e9rieure !<\/strong><\/h3><p>Vous recherchez des solutions de nettoyage efficaces et respectueuses de l&#039;environnement ? Ne cherchez plus ! Transformez la t\u00e2che quotidienne de nettoyage en une exp\u00e9rience facile et efficace.<\/p><\/div>\t\t\t\t\t\t\t\t<\/div>\n\t\t\t\t<\/div>\n\t\t\t\t<div class=\"elementor-element elementor-element-b70162e elementor-widget elementor-widget-button\" data-id=\"b70162e\" data-element_type=\"widget\" data-e-type=\"widget\" data-widget_type=\"button.default\">\n\t\t\t\t<div class=\"elementor-widget-container\">\n\t\t\t\t\t\t\t\t\t<div class=\"elementor-button-wrapper\">\n\t\t\t\t\t<a class=\"elementor-button elementor-button-link elementor-size-sm\" href=\"\/fr\/contact\/\">\n\t\t\t\t\t\t<span class=\"elementor-button-content-wrapper\">\n\t\t\t\t\t\t\t\t\t<span class=\"elementor-button-text\">Contactez-nous<\/span>\n\t\t\t\t\t<\/span>\n\t\t\t\t\t<\/a>\n\t\t\t\t<\/div>\n\t\t\t\t\t\t\t\t<\/div>\n\t\t\t\t<\/div>\n\t\t\t\t<div class=\"elementor-element elementor-element-aab6d3c elementor-widget elementor-widget-text-editor\" data-id=\"aab6d3c\" data-element_type=\"widget\" data-e-type=\"widget\" data-widget_type=\"text-editor.default\">\n\t\t\t\t<div class=\"elementor-widget-container\">\n\t\t\t\t\t\t\t\t\t<p>On sait qu&#039;un\u00a0<strong>d\u00e9tergent pour machine \u00e0 laver\u00a0<\/strong>Cela contribue \u00e9galement \u00e0 prolonger la dur\u00e9e de vie de vos v\u00eatements. Lorsque vous utilisez un d\u00e9tergent, les sels insolubles qui pourraient rester dans vos v\u00eatements sont \u00e9limin\u00e9s. Cela ne laisse aucune tache ni marque sur vos v\u00eatements apr\u00e8s le lavage et contribue \u00e0 augmenter la dur\u00e9e de vie de vos v\u00eatements.<\/p><p>UN\u00a0<strong>d\u00e9tergent pour machine \u00e0 laver<\/strong>\u00a0peut \u00eatre plus rentable par rapport \u00e0 d\u2019autres options. A quoi s&#039;ajoute que le plus grand avantage d&#039;un\u00a0<strong>d\u00e9tergent pour machine \u00e0 laver<\/strong>\u00a0c&#039;est sa rugosit\u00e9. Aide \u00e0 \u00e9liminer facilement les taches tenaces. Le produit agit sur la tache et aide \u00e0 l&#039;\u00e9liminer facilement. L\u2019astuce est de l\u2019utiliser de la bonne mani\u00e8re.<\/p><p>Vos v\u00eatements entrent en contact direct avec votre peau. Il est donc important d\u2019utiliser un\u00a0<strong>d\u00e9tergent pour machine \u00e0 laver<\/strong>\u00a0qui est sans danger pour la peau. UN\u00a0<strong>d\u00e9tergent pour machine \u00e0 laver<\/strong>\u00a0Ils sont g\u00e9n\u00e9ralement s\u00fbrs car ils ne contiennent pas de produits chimiques agressifs qui provoquent des allergies cutan\u00e9es.<\/p>\t\t\t\t\t\t\t\t<\/div>\n\t\t\t\t<\/div>\n\t\t\t\t\t<\/div>\n\t\t<\/div>\n\t\t\t\t\t<\/div>\n\t\t<\/section>\n\t\t\t\t<section class=\"elementor-section elementor-top-section elementor-element elementor-element-300703c elementor-section-full_width elementor-section-height-default elementor-section-height-default elementor-invisible\" data-id=\"300703c\" data-element_type=\"section\" data-e-type=\"section\" data-settings=\"{&quot;animation&quot;:&quot;slideInUp&quot;}\">\n\t\t\t\t\t\t<div class=\"elementor-container elementor-column-gap-default\">\n\t\t\t\t\t<div class=\"elementor-column elementor-col-100 elementor-top-column elementor-element elementor-element-57d1ae3\" data-id=\"57d1ae3\" data-element_type=\"column\" data-e-type=\"column\">\n\t\t\t<div class=\"elementor-widget-wrap elementor-element-populated\">\n\t\t\t\t\t\t<div class=\"elementor-element elementor-element-52d09a6 elementor-widget elementor-widget-google_maps\" data-id=\"52d09a6\" data-element_type=\"widget\" data-e-type=\"widget\" data-widget_type=\"google_maps.default\">\n\t\t\t\t<div class=\"elementor-widget-container\">\n\t\t\t\t\t\t\t<div class=\"elementor-custom-embed\">\n\t\t\t<iframe loading=\"lazy\"\n\t\t\t\t\tsrc=\"https:\/\/maps.google.com\/maps?q=C%2F%20Pintor%20Joan%20Miro%2C%2016.%20Pol.%20Ind.%20Can%20Humet%20de%20Dalt%2C%2008213%20Poliny%C3%A0.%20Barcelona&#038;t=m&#038;z=15&#038;output=embed&#038;iwloc=near\"\n\t\t\t\t\ttitle=\"C\/ Pintor Joan Miro, 16. Pol. Ind. Can Humet de Dalt, 08213 Poliny\u00e0. Barcelone\"\n\t\t\t\t\taria-label=\"C\/ Pintor Joan Miro, 16. Pol. Ind. Can Humet de Dalt, 08213 Poliny\u00e0. Barcelone\"\n\t\t\t><\/iframe>\n\t\t<\/div>\n\t\t\t\t\t\t<\/div>\n\t\t\t\t<\/div>\n\t\t\t\t\t<\/div>\n\t\t<\/div>\n\t\t\t\t\t<\/div>\n\t\t<\/section>\n\t\t\t\t<\/div>","protected":false},"excerpt":{"rendered":"<p>Lessive pour machine \u00e0 laver. Laver le linge fait partie int\u00e9grante du m\u00e9nage de toute maison. C&#039;est une t\u00e2che quotidienne et indispensable. Utiliser une lessive de qualit\u00e9 est donc essentiel pour notre sant\u00e9. Au contact de diverses surfaces, elle peut entra\u00eener germes et autres substances nocives\u2026&nbsp;<a href=\"https:\/\/dermo.com\/fr\/detergent-pour-machine-a-laver\/\" rel=\"bookmark\">En savoir plus &quot;<span class=\"screen-reader-text\">D\u00e9tergent pour machine \u00e0 laver<\/span><\/a><\/p>","protected":false},"author":2,"featured_media":0,"parent":0,"menu_order":0,"comment_status":"closed","ping_status":"closed","template":"page-templates\/template-pagebuilder-full-width.php","meta":{"neve_meta_sidebar":"","neve_meta_container":"","neve_meta_enable_content_width":"","neve_meta_content_width":0,"neve_meta_title_alignment":"","neve_meta_author_avatar":"","neve_post_elements_order":"","neve_meta_disable_header":"","neve_meta_disable_footer":"","neve_meta_disable_title":"","footnotes":""},"class_list":["post-12940","page","type-page","status-publish","hentry"],"yoast_head":"<!-- This site is optimized with the Yoast SEO plugin v27.0 - https:\/\/yoast.com\/product\/yoast-seo-wordpress\/ -->\n<title>Detergente lavadora - Dermo | F\u00e1brica de detergentes<\/title>\n<meta name=\"robots\" content=\"index, follow, max-snippet:-1, max-image-preview:large, max-video-preview:-1\" \/>\n<link rel=\"canonical\" href=\"https:\/\/dermo.com\/fr\/detergent-pour-machine-a-laver\/\" \/>\n<meta property=\"og:locale\" content=\"fr_FR\" \/>\n<meta property=\"og:type\" content=\"article\" \/>\n<meta property=\"og:title\" content=\"Detergente lavadora - Dermo | F\u00e1brica de detergentes\" \/>\n<meta property=\"og:description\" content=\"Detergente lavadora Lavar la ropa forma parte de la rutina de limpieza en cualquier hogar. Es una tarea que debemos hacer todos los d\u00edas y es parte de nuestra rutina diaria. Ante esto, utilizar un buen\u00a0detergente para lavadora\u00a0es fundamental para la salud. Cuando toca varias superficies, los g\u00e9rmenes y otras sustancias nocivas entran en contacto&hellip;&nbsp;Lire la suite &raquo;Detergente lavadora\" \/>\n<meta property=\"og:url\" content=\"https:\/\/dermo.com\/fr\/detergent-pour-machine-a-laver\/\" \/>\n<meta property=\"og:site_name\" content=\"Dermo | F\u00e1brica de detergentes\" \/>\n<meta property=\"article:modified_time\" content=\"2025-02-19T10:36:52+00:00\" \/>\n<meta property=\"og:image\" content=\"https:\/\/dermo.com\/wp-content\/uploads\/2025\/01\/Diseno-sin-titulo-11-1024x576.jpg\" \/>\n<meta name=\"twitter:card\" content=\"summary_large_image\" \/>\n<meta name=\"twitter:label1\" content=\"Dur\u00e9e de lecture estim\u00e9e\" \/>\n\t<meta name=\"twitter:data1\" content=\"3 minutes\" \/>\n<script type=\"application\/ld+json\" class=\"yoast-schema-graph\">{\"@context\":\"https:\/\/schema.org\",\"@graph\":[{\"@type\":\"WebPage\",\"@id\":\"https:\/\/dermo.com\/detergente-lavadora\/\",\"url\":\"https:\/\/dermo.com\/detergente-lavadora\/\",\"name\":\"Detergente lavadora - Dermo | F\u00e1brica de detergentes\",\"isPartOf\":{\"@id\":\"https:\/\/dermo.com\/#website\"},\"primaryImageOfPage\":{\"@id\":\"https:\/\/dermo.com\/detergente-lavadora\/#primaryimage\"},\"image\":{\"@id\":\"https:\/\/dermo.com\/detergente-lavadora\/#primaryimage\"},\"thumbnailUrl\":\"https:\/\/dermo.com\/wp-content\/uploads\/2025\/01\/Diseno-sin-titulo-11-1024x576.jpg\",\"datePublished\":\"2025-01-31T10:11:16+00:00\",\"dateModified\":\"2025-02-19T10:36:52+00:00\",\"breadcrumb\":{\"@id\":\"https:\/\/dermo.com\/detergente-lavadora\/#breadcrumb\"},\"inLanguage\":\"fr-FR\",\"potentialAction\":[{\"@type\":\"ReadAction\",\"target\":[\"https:\/\/dermo.com\/detergente-lavadora\/\"]}]},{\"@type\":\"ImageObject\",\"inLanguage\":\"fr-FR\",\"@id\":\"https:\/\/dermo.com\/detergente-lavadora\/#primaryimage\",\"url\":\"https:\/\/dermo.com\/wp-content\/uploads\/2025\/01\/Diseno-sin-titulo-11-1024x576.jpg\",\"contentUrl\":\"https:\/\/dermo.com\/wp-content\/uploads\/2025\/01\/Diseno-sin-titulo-11-1024x576.jpg\"},{\"@type\":\"BreadcrumbList\",\"@id\":\"https:\/\/dermo.com\/detergente-lavadora\/#breadcrumb\",\"itemListElement\":[{\"@type\":\"ListItem\",\"position\":1,\"name\":\"Portada\",\"item\":\"https:\/\/dermo.com\/\"},{\"@type\":\"ListItem\",\"position\":2,\"name\":\"Detergente lavadora\"}]},{\"@type\":\"WebSite\",\"@id\":\"https:\/\/dermo.com\/#website\",\"url\":\"https:\/\/dermo.com\/\",\"name\":\"Dermo | F\u00e1brica de detergentes\",\"description\":\"Tecnolog\u00eda avanzada, investigaci\u00f3n y desarrollo, respeto por el medio ambiente, competencia, formaci\u00f3n constante y alto nivel de profesionalidad en nuestro equipo humano, empe\u00f1ado en preservar la calidad de vida, la protecci\u00f3n del entorno natural contin\u00faan motiv\u00e1ndonos para desarrollar en nuestros laboratorios nuevos productos con ingredientes activos altamente biodegradables que hacen posible un desarrollo sostenible.\",\"potentialAction\":[{\"@type\":\"SearchAction\",\"target\":{\"@type\":\"EntryPoint\",\"urlTemplate\":\"https:\/\/dermo.com\/?s={search_term_string}\"},\"query-input\":{\"@type\":\"PropertyValueSpecification\",\"valueRequired\":true,\"valueName\":\"search_term_string\"}}],\"inLanguage\":\"fr-FR\"}]}<\/script>\n<!-- \/ Yoast SEO plugin. -->","yoast_head_json":{"title":"Lessive pour machine \u00e0 laver - Dermo | Usine de d\u00e9tergents","robots":{"index":"index","follow":"follow","max-snippet":"max-snippet:-1","max-image-preview":"max-image-preview:large","max-video-preview":"max-video-preview:-1"},"canonical":"https:\/\/dermo.com\/fr\/detergent-pour-machine-a-laver\/","og_locale":"fr_FR","og_type":"article","og_title":"Detergente lavadora - Dermo | F\u00e1brica de detergentes","og_description":"Detergente lavadora Lavar la ropa forma parte de la rutina de limpieza en cualquier hogar. Es una tarea que debemos hacer todos los d\u00edas y es parte de nuestra rutina diaria. Ante esto, utilizar un buen\u00a0detergente para lavadora\u00a0es fundamental para la salud. Cuando toca varias superficies, los g\u00e9rmenes y otras sustancias nocivas entran en contacto&hellip;&nbsp;Lire la suite &raquo;Detergente lavadora","og_url":"https:\/\/dermo.com\/fr\/detergent-pour-machine-a-laver\/","og_site_name":"Dermo | F\u00e1brica de detergentes","article_modified_time":"2025-02-19T10:36:52+00:00","og_image":[{"url":"https:\/\/dermo.com\/wp-content\/uploads\/2025\/01\/Diseno-sin-titulo-11-1024x576.jpg","type":"","width":"","height":""}],"twitter_card":"summary_large_image","twitter_misc":{"Dur\u00e9e de lecture estim\u00e9e":"3 minutes"},"schema":{"@context":"https:\/\/schema.org","@graph":[{"@type":"WebPage","@id":"https:\/\/dermo.com\/detergente-lavadora\/","url":"https:\/\/dermo.com\/detergente-lavadora\/","name":"Lessive pour machine \u00e0 laver - Dermo | Usine de d\u00e9tergents","isPartOf":{"@id":"https:\/\/dermo.com\/#website"},"primaryImageOfPage":{"@id":"https:\/\/dermo.com\/detergente-lavadora\/#primaryimage"},"image":{"@id":"https:\/\/dermo.com\/detergente-lavadora\/#primaryimage"},"thumbnailUrl":"https:\/\/dermo.com\/wp-content\/uploads\/2025\/01\/Diseno-sin-titulo-11-1024x576.jpg","datePublished":"2025-01-31T10:11:16+00:00","dateModified":"2025-02-19T10:36:52+00:00","breadcrumb":{"@id":"https:\/\/dermo.com\/detergente-lavadora\/#breadcrumb"},"inLanguage":"fr-FR","potentialAction":[{"@type":"ReadAction","target":["https:\/\/dermo.com\/detergente-lavadora\/"]}]},{"@type":"ImageObject","inLanguage":"fr-FR","@id":"https:\/\/dermo.com\/detergente-lavadora\/#primaryimage","url":"https:\/\/dermo.com\/wp-content\/uploads\/2025\/01\/Diseno-sin-titulo-11-1024x576.jpg","contentUrl":"https:\/\/dermo.com\/wp-content\/uploads\/2025\/01\/Diseno-sin-titulo-11-1024x576.jpg"},{"@type":"BreadcrumbList","@id":"https:\/\/dermo.com\/detergente-lavadora\/#breadcrumb","itemListElement":[{"@type":"ListItem","position":1,"name":"Portada","item":"https:\/\/dermo.com\/"},{"@type":"ListItem","position":2,"name":"Detergente lavadora"}]},{"@type":"WebSite","@id":"https:\/\/dermo.com\/#website","url":"https:\/\/dermo.com\/","name":"Dermo | usine de d\u00e9tergents","description":"Technologie avanc\u00e9e, recherche et d\u00e9veloppement, respect de l&#039;environnement, comp\u00e9tence, formation constante et haut niveau de professionnalisme de notre \u00e9quipe humaine, engag\u00e9e \u00e0 pr\u00e9server la qualit\u00e9 de vie, la protection de l&#039;environnement naturel continuent de nous motiver \u00e0 d\u00e9velopper de nouveaux produits dans notre laboratoires aux principes actifs hautement biod\u00e9gradables qui rendent possible le d\u00e9veloppement durable.","potentialAction":[{"@type":"SearchAction","target":{"@type":"EntryPoint","urlTemplate":"https:\/\/dermo.com\/?s={search_term_string}"},"query-input":{"@type":"PropertyValueSpecification","valueRequired":true,"valueName":"search_term_string"}}],"inLanguage":"fr-FR"}]}},"_links":{"self":[{"href":"https:\/\/dermo.com\/fr\/wp-json\/wp\/v2\/pages\/12940","targetHints":{"allow":["GET"]}}],"collection":[{"href":"https:\/\/dermo.com\/fr\/wp-json\/wp\/v2\/pages"}],"about":[{"href":"https:\/\/dermo.com\/fr\/wp-json\/wp\/v2\/types\/page"}],"author":[{"embeddable":true,"href":"https:\/\/dermo.com\/fr\/wp-json\/wp\/v2\/users\/2"}],"replies":[{"embeddable":true,"href":"https:\/\/dermo.com\/fr\/wp-json\/wp\/v2\/comments?post=12940"}],"version-history":[{"count":6,"href":"https:\/\/dermo.com\/fr\/wp-json\/wp\/v2\/pages\/12940\/revisions"}],"predecessor-version":[{"id":13425,"href":"https:\/\/dermo.com\/fr\/wp-json\/wp\/v2\/pages\/12940\/revisions\/13425"}],"wp:attachment":[{"href":"https:\/\/dermo.com\/fr\/wp-json\/wp\/v2\/media?parent=12940"}],"curies":[{"name":"wp","href":"https:\/\/api.w.org\/{rel}","templated":true}]}}