{"id":12941,"date":"2025-01-31T11:12:22","date_gmt":"2025-01-31T10:12:22","guid":{"rendered":"https:\/\/dermo.com\/?page_id=12941"},"modified":"2025-02-19T11:33:52","modified_gmt":"2025-02-19T10:33:52","slug":"detergent-decapant-alcalin","status":"publish","type":"page","link":"https:\/\/dermo.com\/fr\/detergent-decapant-alcalin\/","title":{"rendered":"D\u00e9tergent d\u00e9capant alcalin"},"content":{"rendered":"<div data-elementor-type=\"wp-page\" data-elementor-id=\"12941\" class=\"elementor elementor-12941\" data-elementor-post-type=\"page\">\n\t\t\t\t\t\t<section class=\"elementor-section elementor-top-section elementor-element elementor-element-a02683f elementor-section-boxed elementor-section-height-default elementor-section-height-default\" data-id=\"a02683f\" data-element_type=\"section\" data-e-type=\"section\" data-settings=\"{&quot;background_background&quot;:&quot;classic&quot;}\">\n\t\t\t\t\t\t\t<div class=\"elementor-background-overlay\"><\/div>\n\t\t\t\t\t\t\t<div class=\"elementor-container elementor-column-gap-default\">\n\t\t\t\t\t<div class=\"elementor-column elementor-col-100 elementor-top-column elementor-element elementor-element-f99dbff\" data-id=\"f99dbff\" data-element_type=\"column\" data-e-type=\"column\">\n\t\t\t<div class=\"elementor-widget-wrap elementor-element-populated\">\n\t\t\t\t\t\t\t<\/div>\n\t\t<\/div>\n\t\t\t\t\t<\/div>\n\t\t<\/section>\n\t\t\t\t<section class=\"elementor-section elementor-top-section elementor-element elementor-element-233ad3a4 elementor-section-boxed elementor-section-height-default elementor-section-height-default\" data-id=\"233ad3a4\" data-element_type=\"section\" data-e-type=\"section\">\n\t\t\t\t\t\t<div class=\"elementor-container elementor-column-gap-default\">\n\t\t\t\t\t<div class=\"elementor-column elementor-col-100 elementor-top-column elementor-element elementor-element-3244e578\" data-id=\"3244e578\" data-element_type=\"column\" data-e-type=\"column\">\n\t\t\t<div class=\"elementor-widget-wrap elementor-element-populated\">\n\t\t\t\t\t\t<section class=\"elementor-section elementor-inner-section elementor-element elementor-element-1a7040c2 elementor-section-content-middle elementor-section-boxed elementor-section-height-default elementor-section-height-default\" data-id=\"1a7040c2\" data-element_type=\"section\" data-e-type=\"section\">\n\t\t\t\t\t\t<div class=\"elementor-container elementor-column-gap-default\">\n\t\t\t\t\t<div class=\"elementor-column elementor-col-50 elementor-inner-column elementor-element elementor-element-58338543\" data-id=\"58338543\" data-element_type=\"column\" data-e-type=\"column\">\n\t\t\t<div class=\"elementor-widget-wrap elementor-element-populated\">\n\t\t\t\t\t\t<div class=\"elementor-element elementor-element-464b2e11 elementor-widget elementor-widget-text-editor\" data-id=\"464b2e11\" data-element_type=\"widget\" data-e-type=\"widget\" data-widget_type=\"text-editor.default\">\n\t\t\t\t<div class=\"elementor-widget-container\">\n\t\t\t\t\t\t\t\t\t<p>Nous innovons pour vous depuis 30 ans dans des produits d&#039;entretien sp\u00e9cifiques, tels que\u00a0<strong>d\u00e9tergents pour le nettoyage des sols<\/strong>, qui vous proposent des solutions pour nettoyer tous types de surfaces, garantissant leur conservation, les assainissant, les d\u00e9sinfectant, selon le type de besoin requis. Le\u00a0<strong>d\u00e9tergents pour le nettoyage des sols<\/strong>\u00a0de\u00a0<strong>Dermo<\/strong>\u00a0Ils parviennent \u00e0 laisser le sol impeccablement propre, accompagn\u00e9 d&#039;un ar\u00f4me agr\u00e9able et persistant, pr\u00e9servant l&#039;aspect d&#039;origine des mat\u00e9riaux.<\/p><p>L&#039;un de nos produits phares, en mati\u00e8re de d\u00e9tergents pour le nettoyage des sols, est le\u00a0<strong>d\u00e9tergent alcalin d\u00e9capant et d\u00e9tartrant<\/strong>, qui s&#039;adapte \u00e0 tous les types de chauss\u00e9es. C&#039;est un\u00a0<strong>d\u00e9tergent d\u00e9capant alcalin<\/strong>, qui pr\u00e9pare les surfaces pour le traitement de vitrification ult\u00e9rieur, en \u00e9liminant les traces de cire et les \u00e9mulsions autopolissantes des applications pr\u00e9c\u00e9dentes. Il\u00a0<strong>d\u00e9tergent d\u00e9capant alcalin<\/strong>\u00a0de\u00a0<strong>Dermo\u00a0<\/strong>repr\u00e9sente un produit de haute qualit\u00e9 sp\u00e9cifique pour le traitement des sols.<\/p><p>Dans\u00a0<strong>Dermo<\/strong>\u00a0Nous disposons de tous types de nettoyants et de produits de traitement de sols, qui s&#039;adaptent parfaitement \u00e0 tous les types de mat\u00e9riaux. Chacun d&#039;entre eux est con\u00e7u pour un processus sp\u00e9cifique.\u00a0<strong>Dermo<\/strong>\u00a0vous propose des d\u00e9tergents sp\u00e9cialis\u00e9s pour chaque occasion, tels que\u00a0<strong>d\u00e9tergents pour le nettoyage des sols<\/strong>\u00a0pour le traitement des sols, en assurant l&#039;hygi\u00e8ne, la d\u00e9sinfection et un bon ar\u00f4me, en maintenant toujours une bonne conservation du sol, en respectant son aspect d&#039;origine.<\/p><p>Il\u00a0<strong>d\u00e9tergent d\u00e9capant alcalin<\/strong>\u00a0de\u00a0<strong>Dermo<\/strong>\u00a0C&#039;est un produit concentr\u00e9 qui s&#039;adapte parfaitement \u00e0 tous les types de surfaces, respectant leur \u00e9tat naturel et laissant des r\u00e9sultats vraiment incroyables.<\/p>\t\t\t\t\t\t\t\t<\/div>\n\t\t\t\t<\/div>\n\t\t\t\t\t<\/div>\n\t\t<\/div>\n\t\t\t\t<div class=\"elementor-column elementor-col-50 elementor-inner-column elementor-element elementor-element-6a11d74 elementor-invisible\" data-id=\"6a11d74\" data-element_type=\"column\" data-e-type=\"column\" data-settings=\"{&quot;animation&quot;:&quot;bounceInRight&quot;}\">\n\t\t\t<div class=\"elementor-widget-wrap elementor-element-populated\">\n\t\t\t\t\t\t<div class=\"elementor-element elementor-element-cce11bd elementor-widget elementor-widget-elementskit-contact-form7\" data-id=\"cce11bd\" data-element_type=\"widget\" data-e-type=\"widget\" data-widget_type=\"elementskit-contact-form7.default\">\n\t\t\t\t<div class=\"elementor-widget-container\">\n\t\t\t\t\t<div class=\"ekit-wid-con\" ><div class=\"ekit-form\">\n<div class=\"wpcf7 no-js\" id=\"wpcf7-f13292-p12941-o1\" lang=\"es-ES\" dir=\"ltr\" data-wpcf7-id=\"13292\">\n<div class=\"screen-reader-response\"><p role=\"status\" aria-live=\"polite\" aria-atomic=\"true\"><\/p> <ul><\/ul><\/div>\n<form action=\"\/fr\/detergent-decapant-alcalin\/#wpcf7-f13292-p12941-o1\" method=\"post\" class=\"wpcf7-form init\" aria-label=\"Formulaire de contact\" novalidate=\"novalidate\" data-status=\"init\" data-trp-original-action=\"\/detergente-decapante-alcalino\/#wpcf7-f13292-p12941-o1\">\n<fieldset class=\"hidden-fields-container\"><input type=\"hidden\" name=\"_wpcf7\" value=\"13292\" \/><input type=\"hidden\" name=\"_wpcf7_version\" value=\"6.1.5\" \/><input type=\"hidden\" name=\"_wpcf7_locale\" value=\"es_ES\" \/><input type=\"hidden\" name=\"_wpcf7_unit_tag\" value=\"wpcf7-f13292-p12941-o1\" \/><input type=\"hidden\" name=\"_wpcf7_container_post\" value=\"12941\" \/><input type=\"hidden\" name=\"_wpcf7_posted_data_hash\" value=\"\" \/><input type=\"hidden\" name=\"_wpcf7_recaptcha_response\" value=\"\" \/>\n<\/fieldset>\n<div style=\"display: flex; gap: 10px;\">\n\t<div style=\"width: 50%;\">\n\t\t<p><span class=\"wpcf7-form-control-wrap\" data-name=\"your-name\"><input size=\"40\" maxlength=\"400\" class=\"wpcf7-form-control wpcf7-text wpcf7-validates-as-required\" aria-required=\"true\" aria-invalid=\"false\" placeholder=\"Nom\" value=\"\" type=\"text\" name=\"your-name\" \/><\/span>\n\t\t<\/p>\n\t<\/div>\n\t<div style=\"width: 50%;\">\n\t\t<p><span class=\"wpcf7-form-control-wrap\" data-name=\"your-phone\"><input size=\"40\" maxlength=\"400\" class=\"wpcf7-form-control wpcf7-tel wpcf7-validates-as-required wpcf7-text wpcf7-validates-as-tel\" aria-required=\"true\" aria-invalid=\"false\" placeholder=\"T\u00e9l\u00e9phone\" value=\"\" type=\"tel\" name=\"your-phone\" \/><\/span>\n\t\t<\/p>\n\t<\/div>\n<\/div>\n<p><span class=\"wpcf7-form-control-wrap\" data-name=\"your-email\"><input size=\"40\" maxlength=\"400\" class=\"wpcf7-form-control wpcf7-email wpcf7-validates-as-required wpcf7-text wpcf7-validates-as-email\" aria-required=\"true\" aria-invalid=\"false\" placeholder=\"E-mail\" value=\"\" type=\"email\" name=\"your-email\" \/><\/span>\n<\/p>\n<div style=\"display: flex; gap: 10px;\">\n\t<div style=\"width: 50%;\">\n\t\t<p><span class=\"wpcf7-form-control-wrap\" data-name=\"your-country\"><input size=\"40\" maxlength=\"400\" class=\"wpcf7-form-control wpcf7-text wpcf7-validates-as-required\" aria-required=\"true\" aria-invalid=\"false\" placeholder=\"Pays\" value=\"\" type=\"text\" name=\"your-country\" \/><\/span>\n\t\t<\/p>\n\t<\/div>\n\t<div style=\"width: 50%;\">\n\t\t<p><span class=\"wpcf7-form-control-wrap\" data-name=\"your-city\"><input size=\"40\" maxlength=\"400\" class=\"wpcf7-form-control wpcf7-text wpcf7-validates-as-required\" aria-required=\"true\" aria-invalid=\"false\" placeholder=\"Population\" value=\"\" type=\"text\" name=\"your-city\" \/><\/span>\n\t\t<\/p>\n\t<\/div>\n<\/div>\n<p><span class=\"wpcf7-form-control-wrap\" data-name=\"your-subject\"><select class=\"wpcf7-form-control wpcf7-select\" aria-invalid=\"false\" name=\"your-subject\"><option value=\"Quiero ser distribuidor\">Je veux \u00eatre distributeur<\/option><option value=\"Presupuesto\">Budget<\/option><option value=\"Consulta\">Consultation<\/option><option value=\"Sugerencia\">Suggestion<\/option><option value=\"Otros\">Autres<\/option><\/select><\/span>\n<\/p>\n<p><span class=\"wpcf7-form-control-wrap\" data-name=\"your-message\"><textarea cols=\"40\" rows=\"10\" maxlength=\"2000\" class=\"wpcf7-form-control wpcf7-textarea\" aria-invalid=\"false\" placeholder=\"Message ou demande\" name=\"your-message\"><\/textarea><\/span>\n<\/p>\n<div style=\"display: flex; align-items: center; gap: 10px;\">\n\t<p><span class=\"wpcf7-form-control-wrap\" data-name=\"privacy-policy\"><span class=\"wpcf7-form-control wpcf7-acceptance\"><span class=\"wpcf7-list-item\"><input type=\"checkbox\" name=\"privacy-policy\" value=\"1\" aria-invalid=\"false\" \/><\/span><\/span><\/span><label for=\"privacy-policy\" style=\"margin-left: 5px;\">J&#039;ai lu et accept\u00e9 la politique de confidentialit\u00e9.<\/label>\n\t<\/p>\n<\/div>\n<div style=\"display: flex; align-items: center; gap: 10px;\">\n\t<p><span class=\"wpcf7-form-control-wrap\" data-name=\"send-info\"><span class=\"wpcf7-form-control wpcf7-acceptance\"><span class=\"wpcf7-list-item\"><input type=\"checkbox\" name=\"send-info\" value=\"1\" aria-invalid=\"false\" \/><\/span><\/span><\/span><label for=\"send-info\" style=\"margin-left: 5px;\">J&#039;accepte de recevoir des informations.<\/label>\n\t<\/p>\n<\/div>\n<p><input class=\"wpcf7-form-control wpcf7-submit has-spinner\" type=\"submit\" value=\"Envoyer\" \/>\n<\/p><div class=\"wpcf7-response-output\" aria-hidden=\"true\"><\/div>\n<input type=\"hidden\" name=\"trp-form-language\" value=\"fr\"\/><\/form>\n<\/div>\n<\/div><\/div>\t\t\t\t<\/div>\n\t\t\t\t<\/div>\n\t\t\t\t\t<\/div>\n\t\t<\/div>\n\t\t\t\t\t<\/div>\n\t\t<\/section>\n\t\t\t\t<div class=\"elementor-element elementor-element-615d68f elementor-widget elementor-widget-text-editor\" data-id=\"615d68f\" data-element_type=\"widget\" data-e-type=\"widget\" data-widget_type=\"text-editor.default\">\n\t\t\t\t<div class=\"elementor-widget-container\">\n\t\t\t\t\t\t\t\t\t<p>Pour l&#039;utiliser correctement, le\u00a0<strong>D\u00e9tergent dermo alcalin, d\u00e9tartrant et d\u00e9capant<\/strong>\u00a0Il doit \u00eatre appliqu\u00e9 dilu\u00e9 dans l&#039;eau, dans une proportion de 5 \u00e0 10%, selon la salet\u00e9, les incrustations et la qualit\u00e9 du rev\u00eatement. Pour une finition soign\u00e9e, il convient de nettoyer rapidement le produit avec de l&#039;eau afin d&#039;\u00e9viter un contact trop long avec le sol. De cette fa\u00e7on, vous pourrez \u00e9liminer compl\u00e8tement le d\u00e9capant de la surface.<\/p><p>Dans\u00a0<strong>Dermo<\/strong>\u00a0Nous fabriquons et distribuons le meilleur\u00a0<strong>d\u00e9tergents pour le nettoyage des sols<\/strong>\u00a0du secteur, avec un pouvoir concentr\u00e9 et r\u00e9sistant \u00e9lev\u00e9, avec un ar\u00f4me agr\u00e9able qui dure toute la journ\u00e9e. Le\u00a0<strong>d\u00e9tergents pour le nettoyage des sols<\/strong>\u00a0de\u00a0<strong>Dermo<\/strong>\u00a0Ils sont professionnels et durables, comme c&#039;est le cas avec les\u00a0<strong>d\u00e9tergent d\u00e9capant alcalin<\/strong>, qui n\u00e9cessite une petite quantit\u00e9 de produit pour obtenir des r\u00e9sultats impeccables.<\/p><p>Le\u00a0<strong>d\u00e9tergents pour le nettoyage des sols<\/strong>\u00a0de\u00a0<strong>Dermo<\/strong>\u00a0Ils parviennent \u00e0 laisser le sol impeccablement propre, accompagn\u00e9 d&#039;un ar\u00f4me agr\u00e9able et persistant, pr\u00e9servant l&#039;aspect d&#039;origine des mat\u00e9riaux. Si vous souhaitez voir tous les produits sp\u00e9cifiques que nous pouvons vous proposer pour r\u00e9aliser un chauffage par le sol, ne manquez pas notre catalogue. Vous y trouverez les sp\u00e9cifications techniques et les instructions d&#039;utilisation, afin de r\u00e9aliser un processus appropri\u00e9.<\/p><p>Parmi les produits sp\u00e9cifiques que vous pouvez trouver dans le catalogue de\u00a0<strong>Dermo<\/strong>, nous soulignons le\u00a0<strong>d\u00e9tergent d\u00e9capant alcalin<\/strong>, qui \u00e9limine \u00e9galement le tartre de tout type de sol, sans l&#039;endommager et en lui apportant brillance et qualit\u00e9.<\/p><p>Il\u00a0<strong>d\u00e9tergent d\u00e9capant alcalin<\/strong>\u00a0de\u00a0<strong>Dermo<\/strong>\u00a0De couleur bleue, il a un impact imm\u00e9diat sur la chauss\u00e9e, la ramenant \u00e0 son \u00e9tat d&#039;origine, la laissant compl\u00e8tement neuve et brillante.<\/p><p>Un bon ar\u00f4me, l&#039;hygi\u00e8ne et la d\u00e9sinfection sont des qualit\u00e9s qui ont un sceau de marque\u00a0<strong>Dermo<\/strong>C&#039;est pourquoi nous voulons que vous connaissiez tous les produits et que vous puissiez choisir celui qui correspond le mieux \u00e0 vos besoins, pour chaque occasion.<\/p>\t\t\t\t\t\t\t\t<\/div>\n\t\t\t\t<\/div>\n\t\t\t\t\t<\/div>\n\t\t<\/div>\n\t\t\t\t\t<\/div>\n\t\t<\/section>\n\t\t\t\t<section class=\"elementor-section elementor-top-section elementor-element elementor-element-484f41e elementor-section-full_width elementor-section-height-default elementor-section-height-default elementor-invisible\" data-id=\"484f41e\" data-element_type=\"section\" data-e-type=\"section\" data-settings=\"{&quot;animation&quot;:&quot;slideInUp&quot;}\">\n\t\t\t\t\t\t<div class=\"elementor-container elementor-column-gap-default\">\n\t\t\t\t\t<div class=\"elementor-column elementor-col-100 elementor-top-column elementor-element elementor-element-19948363\" data-id=\"19948363\" data-element_type=\"column\" data-e-type=\"column\">\n\t\t\t<div class=\"elementor-widget-wrap elementor-element-populated\">\n\t\t\t\t\t\t<div class=\"elementor-element elementor-element-339044a4 elementor-widget elementor-widget-google_maps\" data-id=\"339044a4\" data-element_type=\"widget\" data-e-type=\"widget\" data-widget_type=\"google_maps.default\">\n\t\t\t\t<div class=\"elementor-widget-container\">\n\t\t\t\t\t\t\t<div class=\"elementor-custom-embed\">\n\t\t\t<iframe loading=\"lazy\"\n\t\t\t\t\tsrc=\"https:\/\/maps.google.com\/maps?q=C%2F%20Pintor%20Joan%20Miro%2C%2016.%20Pol.%20Ind.%20Can%20Humet%20de%20Dalt%2C%2008213%20Poliny%C3%A0.%20Barcelona&#038;t=m&#038;z=15&#038;output=embed&#038;iwloc=near\"\n\t\t\t\t\ttitle=\"C\/ Pintor Joan Miro, 16. Pol. Ind. Can Humet de Dalt, 08213 Poliny\u00e0. Barcelone\"\n\t\t\t\t\taria-label=\"C\/ Pintor Joan Miro, 16. Pol. Ind. Can Humet de Dalt, 08213 Poliny\u00e0. Barcelone\"\n\t\t\t><\/iframe>\n\t\t<\/div>\n\t\t\t\t\t\t<\/div>\n\t\t\t\t<\/div>\n\t\t\t\t\t<\/div>\n\t\t<\/div>\n\t\t\t\t\t<\/div>\n\t\t<\/section>\n\t\t\t\t<\/div>","protected":false},"excerpt":{"rendered":"<p>Depuis 30 ans, nous innovons pour vous avec des produits d&#039;entretien sp\u00e9cifiques, tels que les d\u00e9tergents pour sols, qui offrent des solutions pour nettoyer tous types de surfaces, en assurant leur pr\u00e9servation, leur assainissement et leur d\u00e9sinfection, selon les besoins. Les d\u00e9tergents Dermo laissent les sols impeccablement propres, avec un ar\u00f4me agr\u00e9able et persistant, pr\u00e9servant ainsi leur...&nbsp;<a href=\"https:\/\/dermo.com\/fr\/detergent-decapant-alcalin\/\" rel=\"bookmark\">En savoir plus &quot;<span class=\"screen-reader-text\">D\u00e9tergent d\u00e9capant alcalin<\/span><\/a><\/p>","protected":false},"author":2,"featured_media":0,"parent":0,"menu_order":0,"comment_status":"closed","ping_status":"closed","template":"page-templates\/template-pagebuilder-full-width.php","meta":{"neve_meta_sidebar":"","neve_meta_container":"","neve_meta_enable_content_width":"","neve_meta_content_width":0,"neve_meta_title_alignment":"","neve_meta_author_avatar":"","neve_post_elements_order":"","neve_meta_disable_header":"","neve_meta_disable_footer":"","neve_meta_disable_title":"","footnotes":""},"class_list":["post-12941","page","type-page","status-publish","hentry"],"yoast_head":"<!-- This site is optimized with the Yoast SEO plugin v27.0 - https:\/\/yoast.com\/product\/yoast-seo-wordpress\/ -->\n<title>Detergente decapante alcalino - Dermo | F\u00e1brica de detergentes<\/title>\n<meta name=\"robots\" content=\"index, follow, max-snippet:-1, max-image-preview:large, max-video-preview:-1\" \/>\n<link rel=\"canonical\" href=\"https:\/\/dermo.com\/fr\/detergent-decapant-alcalin\/\" \/>\n<meta property=\"og:locale\" content=\"fr_FR\" \/>\n<meta property=\"og:type\" content=\"article\" \/>\n<meta property=\"og:title\" content=\"Detergente decapante alcalino - Dermo | F\u00e1brica de detergentes\" \/>\n<meta property=\"og:description\" content=\"Llevamos 30 a\u00f1os innovando por ti en productos de limpieza espec\u00edfica, como los\u00a0detergentes friegasuelos, que te ofrecen soluciones para la limpieza de todo tipo de superficies, garantizando su conservaci\u00f3n, higieniz\u00e1ndola, desinfect\u00e1ndola, seg\u00fan el tipo de necesidad que sea necesario. Los\u00a0detergentes friegasuelos\u00a0de\u00a0Dermo\u00a0consiguen dejar el pavimento impecablemente limpio, acompa\u00f1ado de un agradable y persistente aroma, manteniendo el&hellip;&nbsp;Lire la suite &raquo;Detergente decapante alcalino\" \/>\n<meta property=\"og:url\" content=\"https:\/\/dermo.com\/fr\/detergent-decapant-alcalin\/\" \/>\n<meta property=\"og:site_name\" content=\"Dermo | F\u00e1brica de detergentes\" \/>\n<meta property=\"article:modified_time\" content=\"2025-02-19T10:33:52+00:00\" \/>\n<meta name=\"twitter:card\" content=\"summary_large_image\" \/>\n<meta name=\"twitter:label1\" content=\"Dur\u00e9e de lecture estim\u00e9e\" \/>\n\t<meta name=\"twitter:data1\" content=\"3 minutes\" \/>\n<script type=\"application\/ld+json\" class=\"yoast-schema-graph\">{\"@context\":\"https:\/\/schema.org\",\"@graph\":[{\"@type\":\"WebPage\",\"@id\":\"https:\/\/dermo.com\/detergente-decapante-alcalino\/\",\"url\":\"https:\/\/dermo.com\/detergente-decapante-alcalino\/\",\"name\":\"Detergente decapante alcalino - Dermo | F\u00e1brica de detergentes\",\"isPartOf\":{\"@id\":\"https:\/\/dermo.com\/#website\"},\"datePublished\":\"2025-01-31T10:12:22+00:00\",\"dateModified\":\"2025-02-19T10:33:52+00:00\",\"breadcrumb\":{\"@id\":\"https:\/\/dermo.com\/detergente-decapante-alcalino\/#breadcrumb\"},\"inLanguage\":\"fr-FR\",\"potentialAction\":[{\"@type\":\"ReadAction\",\"target\":[\"https:\/\/dermo.com\/detergente-decapante-alcalino\/\"]}]},{\"@type\":\"BreadcrumbList\",\"@id\":\"https:\/\/dermo.com\/detergente-decapante-alcalino\/#breadcrumb\",\"itemListElement\":[{\"@type\":\"ListItem\",\"position\":1,\"name\":\"Portada\",\"item\":\"https:\/\/dermo.com\/\"},{\"@type\":\"ListItem\",\"position\":2,\"name\":\"Detergente decapante alcalino\"}]},{\"@type\":\"WebSite\",\"@id\":\"https:\/\/dermo.com\/#website\",\"url\":\"https:\/\/dermo.com\/\",\"name\":\"Dermo | F\u00e1brica de detergentes\",\"description\":\"Tecnolog\u00eda avanzada, investigaci\u00f3n y desarrollo, respeto por el medio ambiente, competencia, formaci\u00f3n constante y alto nivel de profesionalidad en nuestro equipo humano, empe\u00f1ado en preservar la calidad de vida, la protecci\u00f3n del entorno natural contin\u00faan motiv\u00e1ndonos para desarrollar en nuestros laboratorios nuevos productos con ingredientes activos altamente biodegradables que hacen posible un desarrollo sostenible.\",\"potentialAction\":[{\"@type\":\"SearchAction\",\"target\":{\"@type\":\"EntryPoint\",\"urlTemplate\":\"https:\/\/dermo.com\/?s={search_term_string}\"},\"query-input\":{\"@type\":\"PropertyValueSpecification\",\"valueRequired\":true,\"valueName\":\"search_term_string\"}}],\"inLanguage\":\"fr-FR\"}]}<\/script>\n<!-- \/ Yoast SEO plugin. -->","yoast_head_json":{"title":"D\u00e9tergent d\u00e9capant alcalin - Dermo | Usine de d\u00e9tergents","robots":{"index":"index","follow":"follow","max-snippet":"max-snippet:-1","max-image-preview":"max-image-preview:large","max-video-preview":"max-video-preview:-1"},"canonical":"https:\/\/dermo.com\/fr\/detergent-decapant-alcalin\/","og_locale":"fr_FR","og_type":"article","og_title":"Detergente decapante alcalino - Dermo | F\u00e1brica de detergentes","og_description":"Llevamos 30 a\u00f1os innovando por ti en productos de limpieza espec\u00edfica, como los\u00a0detergentes friegasuelos, que te ofrecen soluciones para la limpieza de todo tipo de superficies, garantizando su conservaci\u00f3n, higieniz\u00e1ndola, desinfect\u00e1ndola, seg\u00fan el tipo de necesidad que sea necesario. Los\u00a0detergentes friegasuelos\u00a0de\u00a0Dermo\u00a0consiguen dejar el pavimento impecablemente limpio, acompa\u00f1ado de un agradable y persistente aroma, manteniendo el&hellip;&nbsp;Lire la suite &raquo;Detergente decapante alcalino","og_url":"https:\/\/dermo.com\/fr\/detergent-decapant-alcalin\/","og_site_name":"Dermo | F\u00e1brica de detergentes","article_modified_time":"2025-02-19T10:33:52+00:00","twitter_card":"summary_large_image","twitter_misc":{"Dur\u00e9e de lecture estim\u00e9e":"3 minutes"},"schema":{"@context":"https:\/\/schema.org","@graph":[{"@type":"WebPage","@id":"https:\/\/dermo.com\/detergente-decapante-alcalino\/","url":"https:\/\/dermo.com\/detergente-decapante-alcalino\/","name":"D\u00e9tergent d\u00e9capant alcalin - Dermo | Usine de d\u00e9tergents","isPartOf":{"@id":"https:\/\/dermo.com\/#website"},"datePublished":"2025-01-31T10:12:22+00:00","dateModified":"2025-02-19T10:33:52+00:00","breadcrumb":{"@id":"https:\/\/dermo.com\/detergente-decapante-alcalino\/#breadcrumb"},"inLanguage":"fr-FR","potentialAction":[{"@type":"ReadAction","target":["https:\/\/dermo.com\/detergente-decapante-alcalino\/"]}]},{"@type":"BreadcrumbList","@id":"https:\/\/dermo.com\/detergente-decapante-alcalino\/#breadcrumb","itemListElement":[{"@type":"ListItem","position":1,"name":"Portada","item":"https:\/\/dermo.com\/"},{"@type":"ListItem","position":2,"name":"Detergente decapante alcalino"}]},{"@type":"WebSite","@id":"https:\/\/dermo.com\/#website","url":"https:\/\/dermo.com\/","name":"Dermo | usine de d\u00e9tergents","description":"Technologie avanc\u00e9e, recherche et d\u00e9veloppement, respect de l&#039;environnement, comp\u00e9tence, formation constante et haut niveau de professionnalisme de notre \u00e9quipe humaine, engag\u00e9e \u00e0 pr\u00e9server la qualit\u00e9 de vie, la protection de l&#039;environnement naturel continuent de nous motiver \u00e0 d\u00e9velopper de nouveaux produits dans notre laboratoires aux principes actifs hautement biod\u00e9gradables qui rendent possible le d\u00e9veloppement durable.","potentialAction":[{"@type":"SearchAction","target":{"@type":"EntryPoint","urlTemplate":"https:\/\/dermo.com\/?s={search_term_string}"},"query-input":{"@type":"PropertyValueSpecification","valueRequired":true,"valueName":"search_term_string"}}],"inLanguage":"fr-FR"}]}},"_links":{"self":[{"href":"https:\/\/dermo.com\/fr\/wp-json\/wp\/v2\/pages\/12941","targetHints":{"allow":["GET"]}}],"collection":[{"href":"https:\/\/dermo.com\/fr\/wp-json\/wp\/v2\/pages"}],"about":[{"href":"https:\/\/dermo.com\/fr\/wp-json\/wp\/v2\/types\/page"}],"author":[{"embeddable":true,"href":"https:\/\/dermo.com\/fr\/wp-json\/wp\/v2\/users\/2"}],"replies":[{"embeddable":true,"href":"https:\/\/dermo.com\/fr\/wp-json\/wp\/v2\/comments?post=12941"}],"version-history":[{"count":7,"href":"https:\/\/dermo.com\/fr\/wp-json\/wp\/v2\/pages\/12941\/revisions"}],"predecessor-version":[{"id":13410,"href":"https:\/\/dermo.com\/fr\/wp-json\/wp\/v2\/pages\/12941\/revisions\/13410"}],"wp:attachment":[{"href":"https:\/\/dermo.com\/fr\/wp-json\/wp\/v2\/media?parent=12941"}],"curies":[{"name":"wp","href":"https:\/\/api.w.org\/{rel}","templated":true}]}}