{"id":12961,"date":"2025-01-31T11:21:33","date_gmt":"2025-01-31T10:21:33","guid":{"rendered":"https:\/\/dermo.com\/?page_id=12961"},"modified":"2025-02-19T11:52:54","modified_gmt":"2025-02-19T10:52:54","slug":"usine-de-detergents","status":"publish","type":"page","link":"https:\/\/dermo.com\/fr\/usine-de-detergents\/","title":{"rendered":"usine de d\u00e9tergents"},"content":{"rendered":"<div data-elementor-type=\"wp-page\" data-elementor-id=\"12961\" class=\"elementor elementor-12961\" data-elementor-post-type=\"page\">\n\t\t\t\t\t\t<section class=\"elementor-section elementor-top-section elementor-element elementor-element-a02683f elementor-section-boxed elementor-section-height-default elementor-section-height-default\" data-id=\"a02683f\" data-element_type=\"section\" data-e-type=\"section\" data-settings=\"{&quot;background_background&quot;:&quot;classic&quot;}\">\n\t\t\t\t\t\t\t<div class=\"elementor-background-overlay\"><\/div>\n\t\t\t\t\t\t\t<div class=\"elementor-container elementor-column-gap-default\">\n\t\t\t\t\t<div class=\"elementor-column elementor-col-100 elementor-top-column elementor-element elementor-element-f99dbff\" data-id=\"f99dbff\" data-element_type=\"column\" data-e-type=\"column\">\n\t\t\t<div class=\"elementor-widget-wrap elementor-element-populated\">\n\t\t\t\t\t\t\t<\/div>\n\t\t<\/div>\n\t\t\t\t\t<\/div>\n\t\t<\/section>\n\t\t\t\t<section class=\"elementor-section elementor-top-section elementor-element elementor-element-233ad3a4 elementor-section-boxed elementor-section-height-default elementor-section-height-default\" data-id=\"233ad3a4\" data-element_type=\"section\" data-e-type=\"section\">\n\t\t\t\t\t\t<div class=\"elementor-container elementor-column-gap-default\">\n\t\t\t\t\t<div class=\"elementor-column elementor-col-100 elementor-top-column elementor-element elementor-element-3244e578\" data-id=\"3244e578\" data-element_type=\"column\" data-e-type=\"column\">\n\t\t\t<div class=\"elementor-widget-wrap elementor-element-populated\">\n\t\t\t\t\t\t<section class=\"elementor-section elementor-inner-section elementor-element elementor-element-1a7040c2 elementor-section-content-middle elementor-section-boxed elementor-section-height-default elementor-section-height-default\" data-id=\"1a7040c2\" data-element_type=\"section\" data-e-type=\"section\">\n\t\t\t\t\t\t<div class=\"elementor-container elementor-column-gap-default\">\n\t\t\t\t\t<div class=\"elementor-column elementor-col-50 elementor-inner-column elementor-element elementor-element-58338543\" data-id=\"58338543\" data-element_type=\"column\" data-e-type=\"column\">\n\t\t\t<div class=\"elementor-widget-wrap elementor-element-populated\">\n\t\t\t\t\t\t<div class=\"elementor-element elementor-element-464b2e11 elementor-widget elementor-widget-text-editor\" data-id=\"464b2e11\" data-element_type=\"widget\" data-e-type=\"widget\" data-widget_type=\"text-editor.default\">\n\t\t\t\t<div class=\"elementor-widget-container\">\n\t\t\t\t\t\t\t\t\t<div id=\"lipsum\"><p>Le\u00a0<strong>nettoyage<\/strong>\u00a0et le\u00a0<strong>hygi\u00e8ne<\/strong>, m\u00eame s&#039;il semble parfois qu&#039;on ne leur accorde pas l&#039;importance qu&#039;ils m\u00e9ritent, ils constituent une ressource fondamentale qui doit \u00eatre exploit\u00e9e. On pourrait en venir \u00e0 penser que, peut-\u00eatre, avant cela, il y a bien d\u2019autres besoins \u00e0 satisfaire, comme celui de se nourrir. Mais que deviendrait la nourriture si on ne la lavait pas ? Qui n\u2019a pas l\u2019habitude de nettoyer cette pomme avant de la mettre dans sa bouche ? Ou qui ne se lave pas les mains avant de manger ? Un geste si simple, qui signifie en m\u00eame temps tant.<\/p><p>Dans\u00a0<strong>Dermo SA,<\/strong>\u00a0<strong>usine de d\u00e9tergents<\/strong>\u00a0avec une vaste exp\u00e9rience dans le secteur de\u00a0<strong>nettoyage\u00a0<\/strong>et le\u00a0<strong>hygi\u00e8ne<\/strong>Nous travaillons depuis plus de 25 ans pour offrir \u00e0 nos clients le meilleur\u00a0<strong>d\u00e9tergents<\/strong>\u00a0et des accessoires et des compl\u00e9ments pour garantir, pr\u00e9cis\u00e9ment, la couverture correcte de ce besoin, en tenant toujours compte des exigences de nos clients, avec effort, pers\u00e9v\u00e9rance et engagement dans toutes les activit\u00e9s que nous r\u00e9alisons dans\u00a0<strong>Dermo SA<\/strong>, gr\u00e2ce \u00e0 la confiance de ceux-ci et de nos fournisseurs et travailleurs.<\/p><p>L&#039;effort quotidien pour prendre soin de chaque personne qui m\u00e9rite de b\u00e9n\u00e9ficier de ce besoin et pour atteindre l&#039;excellence dans chacun de nos services, a fait de notre\u00a0<strong>usine de d\u00e9tergents<\/strong>\u00a0se positionner dans une place privil\u00e9gi\u00e9e sur le march\u00e9, en se d\u00e9marquant du reste de nos concurrents, avec des produits efficaces, efficients et respectueux de l&#039;environnement, dans la mesure du possible. Dans\u00a0<strong>Dermo SA<\/strong>\u00a0Nous proposons une large gamme de fournitures \u00e0 cet effet. Non seulement comme\u00a0<strong>usine<\/strong>\u00a0dans la r\u00e9alisation de\u00a0<strong>d\u00e9tergents<\/strong>, solides et liquides, pour laver les v\u00eatements ; mais aussi des accessoires tels que des assouplissants, des produits lave-vaisselle, des produits de polissage, des d\u00e9tartrants ou des nettoyants sp\u00e9cifiques pour le traitement des sols et des nettoyants multi-usages, disponibles aussi bien pour un usage priv\u00e9 que surtout pour les clients du secteur des services qui, \u00e0 leur tour, doivent prendre soin de leurs propres clients et de leur satisfaction (maisons de retraite, h\u00f4tels, h\u00f4pitaux, etc.).<\/p><p>\u00a0<\/p><\/div>\t\t\t\t\t\t\t\t<\/div>\n\t\t\t\t<\/div>\n\t\t\t\t\t<\/div>\n\t\t<\/div>\n\t\t\t\t<div class=\"elementor-column elementor-col-50 elementor-inner-column elementor-element elementor-element-2de57fb elementor-invisible\" data-id=\"2de57fb\" data-element_type=\"column\" data-e-type=\"column\" data-settings=\"{&quot;animation&quot;:&quot;bounceInRight&quot;}\">\n\t\t\t<div class=\"elementor-widget-wrap elementor-element-populated\">\n\t\t\t\t\t\t<div class=\"elementor-element elementor-element-4818a22 elementor-widget elementor-widget-elementskit-contact-form7\" data-id=\"4818a22\" data-element_type=\"widget\" data-e-type=\"widget\" data-widget_type=\"elementskit-contact-form7.default\">\n\t\t\t\t<div class=\"elementor-widget-container\">\n\t\t\t\t\t<div class=\"ekit-wid-con\" ><div class=\"ekit-form\">\n<div class=\"wpcf7 no-js\" id=\"wpcf7-f13292-p12961-o1\" lang=\"es-ES\" dir=\"ltr\" data-wpcf7-id=\"13292\">\n<div class=\"screen-reader-response\"><p role=\"status\" aria-live=\"polite\" aria-atomic=\"true\"><\/p> <ul><\/ul><\/div>\n<form action=\"\/fr\/usine-de-detergents\/#wpcf7-f13292-p12961-o1\" method=\"post\" class=\"wpcf7-form init\" aria-label=\"Formulario de contacto\" novalidate=\"novalidate\" data-status=\"init\" data-no-translation-aria-label=\"\" data-trp-original-action=\"\/fr\/fabrica-de-detergentes\/#wpcf7-f13292-p12961-o1\">\n<fieldset class=\"hidden-fields-container\"><input type=\"hidden\" name=\"_wpcf7\" value=\"13292\" \/><input type=\"hidden\" name=\"_wpcf7_version\" value=\"6.1.5\" \/><input type=\"hidden\" name=\"_wpcf7_locale\" value=\"es_ES\" \/><input type=\"hidden\" name=\"_wpcf7_unit_tag\" value=\"wpcf7-f13292-p12961-o1\" \/><input type=\"hidden\" name=\"_wpcf7_container_post\" value=\"12961\" \/><input type=\"hidden\" name=\"_wpcf7_posted_data_hash\" value=\"\" \/><input type=\"hidden\" name=\"_wpcf7_recaptcha_response\" value=\"\" \/>\n<\/fieldset>\n<div style=\"display: flex; gap: 10px;\">\n\t<div style=\"width: 50%;\">\n\t\t<p><span class=\"wpcf7-form-control-wrap\" data-name=\"your-name\"><input size=\"40\" maxlength=\"400\" class=\"wpcf7-form-control wpcf7-text wpcf7-validates-as-required\" aria-required=\"true\" aria-invalid=\"false\" placeholder=\"Nom\" value=\"\" type=\"text\" name=\"your-name\" \/><\/span>\n\t\t<\/p>\n\t<\/div>\n\t<div style=\"width: 50%;\">\n\t\t<p><span class=\"wpcf7-form-control-wrap\" data-name=\"your-phone\"><input size=\"40\" maxlength=\"400\" class=\"wpcf7-form-control wpcf7-tel wpcf7-validates-as-required wpcf7-text wpcf7-validates-as-tel\" aria-required=\"true\" aria-invalid=\"false\" placeholder=\"T\u00e9l\u00e9phone\" value=\"\" type=\"tel\" name=\"your-phone\" \/><\/span>\n\t\t<\/p>\n\t<\/div>\n<\/div>\n<p><span class=\"wpcf7-form-control-wrap\" data-name=\"your-email\"><input size=\"40\" maxlength=\"400\" class=\"wpcf7-form-control wpcf7-email wpcf7-validates-as-required wpcf7-text wpcf7-validates-as-email\" aria-required=\"true\" aria-invalid=\"false\" placeholder=\"E-mail\" value=\"\" type=\"email\" name=\"your-email\" \/><\/span>\n<\/p>\n<div style=\"display: flex; gap: 10px;\">\n\t<div style=\"width: 50%;\">\n\t\t<p><span class=\"wpcf7-form-control-wrap\" data-name=\"your-country\"><input size=\"40\" maxlength=\"400\" class=\"wpcf7-form-control wpcf7-text wpcf7-validates-as-required\" aria-required=\"true\" aria-invalid=\"false\" placeholder=\"Pays\" value=\"\" type=\"text\" name=\"your-country\" \/><\/span>\n\t\t<\/p>\n\t<\/div>\n\t<div style=\"width: 50%;\">\n\t\t<p><span class=\"wpcf7-form-control-wrap\" data-name=\"your-city\"><input size=\"40\" maxlength=\"400\" class=\"wpcf7-form-control wpcf7-text wpcf7-validates-as-required\" aria-required=\"true\" aria-invalid=\"false\" placeholder=\"Population\" value=\"\" type=\"text\" name=\"your-city\" \/><\/span>\n\t\t<\/p>\n\t<\/div>\n<\/div>\n<p><span class=\"wpcf7-form-control-wrap\" data-name=\"your-subject\"><select class=\"wpcf7-form-control wpcf7-select\" aria-invalid=\"false\" name=\"your-subject\"><option value=\"Quiero ser distribuidor\">Je veux \u00eatre distributeur<\/option><option value=\"Presupuesto\">Budget<\/option><option value=\"Consulta\">Consultation<\/option><option value=\"Sugerencia\">Suggestion<\/option><option value=\"Otros\">Autres<\/option><\/select><\/span>\n<\/p>\n<p><span class=\"wpcf7-form-control-wrap\" data-name=\"your-message\"><textarea cols=\"40\" rows=\"10\" maxlength=\"2000\" class=\"wpcf7-form-control wpcf7-textarea\" aria-invalid=\"false\" placeholder=\"Message ou demande\" name=\"your-message\"><\/textarea><\/span>\n<\/p>\n<div style=\"display: flex; align-items: center; gap: 10px;\">\n\t<p><span class=\"wpcf7-form-control-wrap\" data-name=\"privacy-policy\"><span class=\"wpcf7-form-control wpcf7-acceptance\"><span class=\"wpcf7-list-item\"><input type=\"checkbox\" name=\"privacy-policy\" value=\"1\" aria-invalid=\"false\" \/><\/span><\/span><\/span><label for=\"privacy-policy\" style=\"margin-left: 5px;\">J&#039;ai lu et accept\u00e9 la politique de confidentialit\u00e9.<\/label>\n\t<\/p>\n<\/div>\n<div style=\"display: flex; align-items: center; gap: 10px;\">\n\t<p><span class=\"wpcf7-form-control-wrap\" data-name=\"send-info\"><span class=\"wpcf7-form-control wpcf7-acceptance\"><span class=\"wpcf7-list-item\"><input type=\"checkbox\" name=\"send-info\" value=\"1\" aria-invalid=\"false\" \/><\/span><\/span><\/span><label for=\"send-info\" style=\"margin-left: 5px;\">J&#039;accepte de recevoir des informations.<\/label>\n\t<\/p>\n<\/div>\n<p><input class=\"wpcf7-form-control wpcf7-submit has-spinner\" type=\"submit\" value=\"Envoyer\" \/>\n<\/p><div class=\"wpcf7-response-output\" aria-hidden=\"true\"><\/div>\n<input type=\"hidden\" name=\"trp-form-language\" value=\"fr\"\/><\/form>\n<\/div>\n<\/div><\/div>\t\t\t\t<\/div>\n\t\t\t\t<\/div>\n\t\t\t\t\t<\/div>\n\t\t<\/div>\n\t\t\t\t\t<\/div>\n\t\t<\/section>\n\t\t\t\t<div class=\"elementor-element elementor-element-615d68f elementor-widget elementor-widget-text-editor\" data-id=\"615d68f\" data-element_type=\"widget\" data-e-type=\"widget\" data-widget_type=\"text-editor.default\">\n\t\t\t\t<div class=\"elementor-widget-container\">\n\t\t\t\t\t\t\t\t\t<p>Dans\u00a0<strong>Dermo SA<\/strong>\u00a0Notre activit\u00e9 ne s&#039;arr\u00eate jamais et, gr\u00e2ce aux avanc\u00e9es technologiques appliqu\u00e9es dans notre\u00a0<strong>laboratoires<\/strong>\u00a0et des installations, nous avons r\u00e9ussi \u00e0 nous positionner comme le\u00a0<strong>usine de d\u00e9tergents\u00a0<\/strong>de r\u00e9f\u00e9rence pour la production de produits de cette nature, avec une mention sp\u00e9ciale \u00e0 la\u00a0<strong>d\u00e9tergents<\/strong>. Avec une attention et un traitement directs et m\u00e9ritoires,\u00a0<strong>Dermo SA<\/strong>\u00a0Nous veillons \u00e0 ce que ce besoin vital soit correctement satisfait, pour lequel nous \u00e9prouvons du respect et pour lequel notre engagement nous pousse chaque jour \u00e0 essayer d&#039;\u00eatre meilleurs.<\/p><p>Notre priorit\u00e9 principale est nos clients et leur enti\u00e8re satisfaction, c&#039;est pourquoi nous nous effor\u00e7ons de garantir cela et, ce faisant, d&#039;offrir les meilleurs produits et services, dans ce cas\u00a0<strong>d\u00e9tergents<\/strong>, pour r\u00e9aliser notre mission avec le niveau d\u2019excellence qui nous pr\u00e9c\u00e8de. Des valeurs telles que l&#039;unicit\u00e9, la responsabilit\u00e9, l&#039;engagement, mais aussi notre d\u00e9vouement et notre vocation pour ce travail que nous avons d\u00e9velopp\u00e9 avec toute la passion que nous ressentons pour nous am\u00e9liorer au quotidien et r\u00e9pondre aux\u00a0<strong>hygi\u00e8ne<\/strong>\u00a0et le<strong>\u00a0nettoyage<\/strong>\u00a0des personnes, un besoin urgent dans ce monde, nous continuons \u00e0 nous mettre \u00e0 votre service pour tout ce dont vous avez besoin concernant\u00a0<strong>d\u00e9tergents<\/strong>\u00a0et les produits de ce calibre sont concern\u00e9s. Si vous recherchez votre entreprise de confiance et\u00a0<strong>usine de d\u00e9tergents<\/strong>, n&#039;h\u00e9sitez pas \u00e0 nous poser toutes vos questions. De par notre nature familiale, nous mettrons tout en \u0153uvre pour vous satisfaire et garantir que ce besoin essentiel soit combl\u00e9.<\/p>\t\t\t\t\t\t\t\t<\/div>\n\t\t\t\t<\/div>\n\t\t\t\t\t<\/div>\n\t\t<\/div>\n\t\t\t\t\t<\/div>\n\t\t<\/section>\n\t\t\t\t<section class=\"elementor-section elementor-top-section elementor-element elementor-element-484f41e elementor-section-full_width elementor-section-height-default elementor-section-height-default elementor-invisible\" data-id=\"484f41e\" data-element_type=\"section\" data-e-type=\"section\" data-settings=\"{&quot;animation&quot;:&quot;slideInUp&quot;}\">\n\t\t\t\t\t\t<div class=\"elementor-container elementor-column-gap-default\">\n\t\t\t\t\t<div class=\"elementor-column elementor-col-100 elementor-top-column elementor-element elementor-element-19948363\" data-id=\"19948363\" data-element_type=\"column\" data-e-type=\"column\">\n\t\t\t<div class=\"elementor-widget-wrap elementor-element-populated\">\n\t\t\t\t\t\t<div class=\"elementor-element elementor-element-339044a4 elementor-widget elementor-widget-google_maps\" data-id=\"339044a4\" data-element_type=\"widget\" data-e-type=\"widget\" data-widget_type=\"google_maps.default\">\n\t\t\t\t<div class=\"elementor-widget-container\">\n\t\t\t\t\t\t\t<div class=\"elementor-custom-embed\">\n\t\t\t<iframe loading=\"lazy\"\n\t\t\t\t\tsrc=\"https:\/\/maps.google.com\/maps?q=C%2F%20Pintor%20Joan%20Miro%2C%2016.%20Pol.%20Ind.%20Can%20Humet%20de%20Dalt%2C%2008213%20Poliny%C3%A0.%20Barcelona&#038;t=m&#038;z=15&#038;output=embed&#038;iwloc=near\"\n\t\t\t\t\ttitle=\"C\/ Pintor Joan Miro, 16. Pol. Ind. Can Humet de Dalt, 08213 Poliny\u00e0. Barcelone\"\n\t\t\t\t\taria-label=\"C\/ Pintor Joan Miro, 16. Pol. Ind. Can Humet de Dalt, 08213 Poliny\u00e0. Barcelone\"\n\t\t\t><\/iframe>\n\t\t<\/div>\n\t\t\t\t\t\t<\/div>\n\t\t\t\t<\/div>\n\t\t\t\t\t<\/div>\n\t\t<\/div>\n\t\t\t\t\t<\/div>\n\t\t<\/section>\n\t\t\t\t<\/div>","protected":false},"excerpt":{"rendered":"<p>La propret\u00e9 et l&#039;hygi\u00e8ne, bien que parfois n\u00e9glig\u00e9es, sont des ressources essentielles \u00e0 satisfaire. On pourrait penser qu&#039;avant cela, il existe de nombreux autres besoins, comme la nourriture. Mais que serait la nourriture si on ne la lavait pas\u00a0? Qui\u2026&nbsp;<a href=\"https:\/\/dermo.com\/fr\/usine-de-detergents\/\" rel=\"bookmark\">En savoir plus &quot;<span class=\"screen-reader-text\">usine de d\u00e9tergents<\/span><\/a><\/p>","protected":false},"author":2,"featured_media":0,"parent":0,"menu_order":0,"comment_status":"closed","ping_status":"closed","template":"page-templates\/template-pagebuilder-full-width.php","meta":{"neve_meta_sidebar":"","neve_meta_container":"","neve_meta_enable_content_width":"","neve_meta_content_width":0,"neve_meta_title_alignment":"","neve_meta_author_avatar":"","neve_post_elements_order":"","neve_meta_disable_header":"","neve_meta_disable_footer":"","neve_meta_disable_title":"","footnotes":""},"class_list":["post-12961","page","type-page","status-publish","hentry"],"yoast_head":"<!-- This site is optimized with the Yoast SEO plugin v27.0 - https:\/\/yoast.com\/product\/yoast-seo-wordpress\/ -->\n<title>F\u00e1brica de detergentes - Dermo | F\u00e1brica de detergentes<\/title>\n<meta name=\"robots\" content=\"index, follow, max-snippet:-1, max-image-preview:large, max-video-preview:-1\" \/>\n<link rel=\"canonical\" href=\"https:\/\/dermo.com\/fr\/usine-de-detergents\/\" \/>\n<meta property=\"og:locale\" content=\"fr_FR\" \/>\n<meta property=\"og:type\" content=\"article\" \/>\n<meta property=\"og:title\" content=\"F\u00e1brica de detergentes - Dermo | F\u00e1brica de detergentes\" \/>\n<meta property=\"og:description\" content=\"La\u00a0limpieza\u00a0y la\u00a0higiene, aunque a veces parece no d\u00e1rsele la importancia que tienen, son un recurso de primera necesidad que debe verse cumplido. Podemos llegar a pensar que, quiz\u00e1s, antes de \u00e9ste, hay muchas otras necesidades por las que velar, como por ejemplo la alimentaci\u00f3n. Pero, \u00bfqu\u00e9 ser\u00eda de la comida si no la lav\u00e1semos? \u00bfQui\u00e9n&hellip;&nbsp;Lire la suite &raquo;F\u00e1brica de detergentes\" \/>\n<meta property=\"og:url\" content=\"https:\/\/dermo.com\/fr\/usine-de-detergents\/\" \/>\n<meta property=\"og:site_name\" content=\"Dermo | F\u00e1brica de detergentes\" \/>\n<meta property=\"article:modified_time\" content=\"2025-02-19T10:52:54+00:00\" \/>\n<meta name=\"twitter:card\" content=\"summary_large_image\" \/>\n<meta name=\"twitter:label1\" content=\"Dur\u00e9e de lecture estim\u00e9e\" \/>\n\t<meta name=\"twitter:data1\" content=\"3 minutes\" \/>\n<script type=\"application\/ld+json\" class=\"yoast-schema-graph\">{\"@context\":\"https:\/\/schema.org\",\"@graph\":[{\"@type\":\"WebPage\",\"@id\":\"https:\/\/dermo.com\/fabrica-de-detergentes\/\",\"url\":\"https:\/\/dermo.com\/fabrica-de-detergentes\/\",\"name\":\"F\u00e1brica de detergentes - Dermo | F\u00e1brica de detergentes\",\"isPartOf\":{\"@id\":\"https:\/\/dermo.com\/#website\"},\"datePublished\":\"2025-01-31T10:21:33+00:00\",\"dateModified\":\"2025-02-19T10:52:54+00:00\",\"breadcrumb\":{\"@id\":\"https:\/\/dermo.com\/fabrica-de-detergentes\/#breadcrumb\"},\"inLanguage\":\"fr-FR\",\"potentialAction\":[{\"@type\":\"ReadAction\",\"target\":[\"https:\/\/dermo.com\/fabrica-de-detergentes\/\"]}]},{\"@type\":\"BreadcrumbList\",\"@id\":\"https:\/\/dermo.com\/fabrica-de-detergentes\/#breadcrumb\",\"itemListElement\":[{\"@type\":\"ListItem\",\"position\":1,\"name\":\"Portada\",\"item\":\"https:\/\/dermo.com\/\"},{\"@type\":\"ListItem\",\"position\":2,\"name\":\"F\u00e1brica de detergentes\"}]},{\"@type\":\"WebSite\",\"@id\":\"https:\/\/dermo.com\/#website\",\"url\":\"https:\/\/dermo.com\/\",\"name\":\"Dermo | F\u00e1brica de detergentes\",\"description\":\"Tecnolog\u00eda avanzada, investigaci\u00f3n y desarrollo, respeto por el medio ambiente, competencia, formaci\u00f3n constante y alto nivel de profesionalidad en nuestro equipo humano, empe\u00f1ado en preservar la calidad de vida, la protecci\u00f3n del entorno natural contin\u00faan motiv\u00e1ndonos para desarrollar en nuestros laboratorios nuevos productos con ingredientes activos altamente biodegradables que hacen posible un desarrollo sostenible.\",\"potentialAction\":[{\"@type\":\"SearchAction\",\"target\":{\"@type\":\"EntryPoint\",\"urlTemplate\":\"https:\/\/dermo.com\/?s={search_term_string}\"},\"query-input\":{\"@type\":\"PropertyValueSpecification\",\"valueRequired\":true,\"valueName\":\"search_term_string\"}}],\"inLanguage\":\"fr-FR\"}]}<\/script>\n<!-- \/ Yoast SEO plugin. -->","yoast_head_json":{"title":"Usine de d\u00e9tergents - Dermo | Usine de d\u00e9tergents","robots":{"index":"index","follow":"follow","max-snippet":"max-snippet:-1","max-image-preview":"max-image-preview:large","max-video-preview":"max-video-preview:-1"},"canonical":"https:\/\/dermo.com\/fr\/usine-de-detergents\/","og_locale":"fr_FR","og_type":"article","og_title":"F\u00e1brica de detergentes - Dermo | F\u00e1brica de detergentes","og_description":"La\u00a0limpieza\u00a0y la\u00a0higiene, aunque a veces parece no d\u00e1rsele la importancia que tienen, son un recurso de primera necesidad que debe verse cumplido. Podemos llegar a pensar que, quiz\u00e1s, antes de \u00e9ste, hay muchas otras necesidades por las que velar, como por ejemplo la alimentaci\u00f3n. Pero, \u00bfqu\u00e9 ser\u00eda de la comida si no la lav\u00e1semos? \u00bfQui\u00e9n&hellip;&nbsp;Lire la suite &raquo;F\u00e1brica de detergentes","og_url":"https:\/\/dermo.com\/fr\/usine-de-detergents\/","og_site_name":"Dermo | F\u00e1brica de detergentes","article_modified_time":"2025-02-19T10:52:54+00:00","twitter_card":"summary_large_image","twitter_misc":{"Dur\u00e9e de lecture estim\u00e9e":"3 minutes"},"schema":{"@context":"https:\/\/schema.org","@graph":[{"@type":"WebPage","@id":"https:\/\/dermo.com\/fabrica-de-detergentes\/","url":"https:\/\/dermo.com\/fabrica-de-detergentes\/","name":"Usine de d\u00e9tergents - Dermo | Usine de d\u00e9tergents","isPartOf":{"@id":"https:\/\/dermo.com\/#website"},"datePublished":"2025-01-31T10:21:33+00:00","dateModified":"2025-02-19T10:52:54+00:00","breadcrumb":{"@id":"https:\/\/dermo.com\/fabrica-de-detergentes\/#breadcrumb"},"inLanguage":"fr-FR","potentialAction":[{"@type":"ReadAction","target":["https:\/\/dermo.com\/fabrica-de-detergentes\/"]}]},{"@type":"BreadcrumbList","@id":"https:\/\/dermo.com\/fabrica-de-detergentes\/#breadcrumb","itemListElement":[{"@type":"ListItem","position":1,"name":"Portada","item":"https:\/\/dermo.com\/"},{"@type":"ListItem","position":2,"name":"F\u00e1brica de detergentes"}]},{"@type":"WebSite","@id":"https:\/\/dermo.com\/#website","url":"https:\/\/dermo.com\/","name":"Dermo | usine de d\u00e9tergents","description":"Technologie avanc\u00e9e, recherche et d\u00e9veloppement, respect de l&#039;environnement, comp\u00e9tence, formation constante et haut niveau de professionnalisme de notre \u00e9quipe humaine, engag\u00e9e \u00e0 pr\u00e9server la qualit\u00e9 de vie, la protection de l&#039;environnement naturel continuent de nous motiver \u00e0 d\u00e9velopper de nouveaux produits dans notre laboratoires aux principes actifs hautement biod\u00e9gradables qui rendent possible le d\u00e9veloppement durable.","potentialAction":[{"@type":"SearchAction","target":{"@type":"EntryPoint","urlTemplate":"https:\/\/dermo.com\/?s={search_term_string}"},"query-input":{"@type":"PropertyValueSpecification","valueRequired":true,"valueName":"search_term_string"}}],"inLanguage":"fr-FR"}]}},"_links":{"self":[{"href":"https:\/\/dermo.com\/fr\/wp-json\/wp\/v2\/pages\/12961","targetHints":{"allow":["GET"]}}],"collection":[{"href":"https:\/\/dermo.com\/fr\/wp-json\/wp\/v2\/pages"}],"about":[{"href":"https:\/\/dermo.com\/fr\/wp-json\/wp\/v2\/types\/page"}],"author":[{"embeddable":true,"href":"https:\/\/dermo.com\/fr\/wp-json\/wp\/v2\/users\/2"}],"replies":[{"embeddable":true,"href":"https:\/\/dermo.com\/fr\/wp-json\/wp\/v2\/comments?post=12961"}],"version-history":[{"count":10,"href":"https:\/\/dermo.com\/fr\/wp-json\/wp\/v2\/pages\/12961\/revisions"}],"predecessor-version":[{"id":13520,"href":"https:\/\/dermo.com\/fr\/wp-json\/wp\/v2\/pages\/12961\/revisions\/13520"}],"wp:attachment":[{"href":"https:\/\/dermo.com\/fr\/wp-json\/wp\/v2\/media?parent=12961"}],"curies":[{"name":"wp","href":"https:\/\/api.w.org\/{rel}","templated":true}]}}