{"id":12963,"date":"2025-01-31T11:27:15","date_gmt":"2025-01-31T10:27:15","guid":{"rendered":"https:\/\/dermo.com\/?page_id=12963"},"modified":"2025-02-19T11:53:38","modified_gmt":"2025-02-19T10:53:38","slug":"usine-de-lessive-15","status":"publish","type":"page","link":"https:\/\/dermo.com\/fr\/usine-de-lessive-15\/","title":{"rendered":"usine de d\u00e9tergents"},"content":{"rendered":"<div data-elementor-type=\"wp-page\" data-elementor-id=\"12963\" class=\"elementor elementor-12963\" data-elementor-post-type=\"page\">\n\t\t\t\t\t\t<section class=\"elementor-section elementor-top-section elementor-element elementor-element-a02683f elementor-section-boxed elementor-section-height-default elementor-section-height-default\" data-id=\"a02683f\" data-element_type=\"section\" data-e-type=\"section\" data-settings=\"{&quot;background_background&quot;:&quot;classic&quot;}\">\n\t\t\t\t\t\t\t<div class=\"elementor-background-overlay\"><\/div>\n\t\t\t\t\t\t\t<div class=\"elementor-container elementor-column-gap-default\">\n\t\t\t\t\t<div class=\"elementor-column elementor-col-100 elementor-top-column elementor-element elementor-element-f99dbff\" data-id=\"f99dbff\" data-element_type=\"column\" data-e-type=\"column\">\n\t\t\t<div class=\"elementor-widget-wrap elementor-element-populated\">\n\t\t\t\t\t\t\t<\/div>\n\t\t<\/div>\n\t\t\t\t\t<\/div>\n\t\t<\/section>\n\t\t\t\t<section class=\"elementor-section elementor-top-section elementor-element elementor-element-233ad3a4 elementor-section-boxed elementor-section-height-default elementor-section-height-default\" data-id=\"233ad3a4\" data-element_type=\"section\" data-e-type=\"section\">\n\t\t\t\t\t\t<div class=\"elementor-container elementor-column-gap-default\">\n\t\t\t\t\t<div class=\"elementor-column elementor-col-100 elementor-top-column elementor-element elementor-element-3244e578\" data-id=\"3244e578\" data-element_type=\"column\" data-e-type=\"column\">\n\t\t\t<div class=\"elementor-widget-wrap elementor-element-populated\">\n\t\t\t\t\t\t<section class=\"elementor-section elementor-inner-section elementor-element elementor-element-1a7040c2 elementor-section-content-middle elementor-section-boxed elementor-section-height-default elementor-section-height-default\" data-id=\"1a7040c2\" data-element_type=\"section\" data-e-type=\"section\">\n\t\t\t\t\t\t<div class=\"elementor-container elementor-column-gap-default\">\n\t\t\t\t\t<div class=\"elementor-column elementor-col-50 elementor-inner-column elementor-element elementor-element-58338543\" data-id=\"58338543\" data-element_type=\"column\" data-e-type=\"column\">\n\t\t\t<div class=\"elementor-widget-wrap elementor-element-populated\">\n\t\t\t\t\t\t<div class=\"elementor-element elementor-element-464b2e11 elementor-widget elementor-widget-text-editor\" data-id=\"464b2e11\" data-element_type=\"widget\" data-e-type=\"widget\" data-widget_type=\"text-editor.default\">\n\t\t\t\t<div class=\"elementor-widget-container\">\n\t\t\t\t\t\t\t\t\t<div id=\"lipsum\"><p>Il semble souvent que l&#039;on ne lui accorde pas l&#039;importance qu&#039;elle a r\u00e9ellement.\u00a0<strong>nettoyage<\/strong>\u00a0d\u00e9j\u00e0 le\u00a0<strong>hygi\u00e8ne<\/strong>. Mais en v\u00e9rit\u00e9, sans que nous nous en rendions compte, elles sont devenues un facteur primordial, pour ne pas dire un besoin imp\u00e9rieux de premier ordre, auquel il faut r\u00e9pondre pour garantir le bon d\u00e9veloppement de notre vie quotidienne. Nous n\u2019y pensons peut-\u00eatre pas attentivement, mais que ferions-nous sans eux ? M\u00eame si nous ne le consid\u00e9rons pas comme le besoin premier qu&#039;il est, il nous suffit de penser \u00e0 ce que nous mangerions si la nourriture ne pouvait pas \u00eatre lav\u00e9e, \u00e0 la fa\u00e7on dont nous la cuisinerions si nos casseroles et po\u00eales \u00e9taient sales, ou aux v\u00eatements que nous porterions demain pour assister \u00e0 cette importante r\u00e9union de travail.<\/p><p>La n\u00e9cessit\u00e9 de la\u00a0<strong>hygi\u00e8ne<\/strong>\u00a0C&#039;est un probl\u00e8me important et, parce que nous en sommes conscients et que nous avons un engagement envers toutes les personnes qui ont besoin que ce besoin soit r\u00e9solu, dans\u00a0<strong>Dermo SA<\/strong>Petit \u00e0 petit, nous avons construit les bases d\u2019une ambiance dynamique et familiale.\u00a0<strong>usine de d\u00e9tergents<\/strong>, o\u00f9 nous produisons une large gamme de produits\u00a0<strong>hygi\u00e8ne<\/strong>, \u00e0 utiliser\u00a0<strong>domestique\u00a0<\/strong>et\u00a0<strong>industriel<\/strong>, qui apr\u00e8s 25 ans d&#039;exp\u00e9rience solide s&#039;est positionn\u00e9e parmi ses concurrents comme un engagement fort pour garantir la couverture de ce besoin vital.<\/p><p>\u00a0<\/p><\/div>\t\t\t\t\t\t\t\t<\/div>\n\t\t\t\t<\/div>\n\t\t\t\t\t<\/div>\n\t\t<\/div>\n\t\t\t\t<div class=\"elementor-column elementor-col-50 elementor-inner-column elementor-element elementor-element-e6915d7 elementor-invisible\" data-id=\"e6915d7\" data-element_type=\"column\" data-e-type=\"column\" data-settings=\"{&quot;animation&quot;:&quot;bounceInRight&quot;}\">\n\t\t\t<div class=\"elementor-widget-wrap elementor-element-populated\">\n\t\t\t\t\t\t<div class=\"elementor-element elementor-element-52181cf elementor-widget elementor-widget-elementskit-contact-form7\" data-id=\"52181cf\" data-element_type=\"widget\" data-e-type=\"widget\" data-widget_type=\"elementskit-contact-form7.default\">\n\t\t\t\t<div class=\"elementor-widget-container\">\n\t\t\t\t\t<div class=\"ekit-wid-con\" ><div class=\"ekit-form\">\n<div class=\"wpcf7 no-js\" id=\"wpcf7-f13292-p12963-o1\" lang=\"es-ES\" dir=\"ltr\" data-wpcf7-id=\"13292\">\n<div class=\"screen-reader-response\"><p role=\"status\" aria-live=\"polite\" aria-atomic=\"true\"><\/p> <ul><\/ul><\/div>\n<form action=\"\/fr\/usine-de-lessive-15\/#wpcf7-f13292-p12963-o1\" method=\"post\" class=\"wpcf7-form init\" aria-label=\"Formulaire de contact\" novalidate=\"novalidate\" data-status=\"init\" data-trp-original-action=\"\/fabrica-de-detergentes-15\/#wpcf7-f13292-p12963-o1\">\n<fieldset class=\"hidden-fields-container\"><input type=\"hidden\" name=\"_wpcf7\" value=\"13292\" \/><input type=\"hidden\" name=\"_wpcf7_version\" value=\"6.1.5\" \/><input type=\"hidden\" name=\"_wpcf7_locale\" value=\"es_ES\" \/><input type=\"hidden\" name=\"_wpcf7_unit_tag\" value=\"wpcf7-f13292-p12963-o1\" \/><input type=\"hidden\" name=\"_wpcf7_container_post\" value=\"12963\" \/><input type=\"hidden\" name=\"_wpcf7_posted_data_hash\" value=\"\" \/><input type=\"hidden\" name=\"_wpcf7_recaptcha_response\" value=\"\" \/>\n<\/fieldset>\n<div style=\"display: flex; gap: 10px;\">\n\t<div style=\"width: 50%;\">\n\t\t<p><span class=\"wpcf7-form-control-wrap\" data-name=\"your-name\"><input size=\"40\" maxlength=\"400\" class=\"wpcf7-form-control wpcf7-text wpcf7-validates-as-required\" aria-required=\"true\" aria-invalid=\"false\" placeholder=\"Nom\" value=\"\" type=\"text\" name=\"your-name\" \/><\/span>\n\t\t<\/p>\n\t<\/div>\n\t<div style=\"width: 50%;\">\n\t\t<p><span class=\"wpcf7-form-control-wrap\" data-name=\"your-phone\"><input size=\"40\" maxlength=\"400\" class=\"wpcf7-form-control wpcf7-tel wpcf7-validates-as-required wpcf7-text wpcf7-validates-as-tel\" aria-required=\"true\" aria-invalid=\"false\" placeholder=\"T\u00e9l\u00e9phone\" value=\"\" type=\"tel\" name=\"your-phone\" \/><\/span>\n\t\t<\/p>\n\t<\/div>\n<\/div>\n<p><span class=\"wpcf7-form-control-wrap\" data-name=\"your-email\"><input size=\"40\" maxlength=\"400\" class=\"wpcf7-form-control wpcf7-email wpcf7-validates-as-required wpcf7-text wpcf7-validates-as-email\" aria-required=\"true\" aria-invalid=\"false\" placeholder=\"E-mail\" value=\"\" type=\"email\" name=\"your-email\" \/><\/span>\n<\/p>\n<div style=\"display: flex; gap: 10px;\">\n\t<div style=\"width: 50%;\">\n\t\t<p><span class=\"wpcf7-form-control-wrap\" data-name=\"your-country\"><input size=\"40\" maxlength=\"400\" class=\"wpcf7-form-control wpcf7-text wpcf7-validates-as-required\" aria-required=\"true\" aria-invalid=\"false\" placeholder=\"Pays\" value=\"\" type=\"text\" name=\"your-country\" \/><\/span>\n\t\t<\/p>\n\t<\/div>\n\t<div style=\"width: 50%;\">\n\t\t<p><span class=\"wpcf7-form-control-wrap\" data-name=\"your-city\"><input size=\"40\" maxlength=\"400\" class=\"wpcf7-form-control wpcf7-text wpcf7-validates-as-required\" aria-required=\"true\" aria-invalid=\"false\" placeholder=\"Population\" value=\"\" type=\"text\" name=\"your-city\" \/><\/span>\n\t\t<\/p>\n\t<\/div>\n<\/div>\n<p><span class=\"wpcf7-form-control-wrap\" data-name=\"your-subject\"><select class=\"wpcf7-form-control wpcf7-select\" aria-invalid=\"false\" name=\"your-subject\"><option value=\"Quiero ser distribuidor\">Je veux \u00eatre distributeur<\/option><option value=\"Presupuesto\">Budget<\/option><option value=\"Consulta\">Consultation<\/option><option value=\"Sugerencia\">Suggestion<\/option><option value=\"Otros\">Autres<\/option><\/select><\/span>\n<\/p>\n<p><span class=\"wpcf7-form-control-wrap\" data-name=\"your-message\"><textarea cols=\"40\" rows=\"10\" maxlength=\"2000\" class=\"wpcf7-form-control wpcf7-textarea\" aria-invalid=\"false\" placeholder=\"Message ou demande\" name=\"your-message\"><\/textarea><\/span>\n<\/p>\n<div style=\"display: flex; align-items: center; gap: 10px;\">\n\t<p><span class=\"wpcf7-form-control-wrap\" data-name=\"privacy-policy\"><span class=\"wpcf7-form-control wpcf7-acceptance\"><span class=\"wpcf7-list-item\"><input type=\"checkbox\" name=\"privacy-policy\" value=\"1\" aria-invalid=\"false\" \/><\/span><\/span><\/span><label for=\"privacy-policy\" style=\"margin-left: 5px;\">J&#039;ai lu et accept\u00e9 la politique de confidentialit\u00e9.<\/label>\n\t<\/p>\n<\/div>\n<div style=\"display: flex; align-items: center; gap: 10px;\">\n\t<p><span class=\"wpcf7-form-control-wrap\" data-name=\"send-info\"><span class=\"wpcf7-form-control wpcf7-acceptance\"><span class=\"wpcf7-list-item\"><input type=\"checkbox\" name=\"send-info\" value=\"1\" aria-invalid=\"false\" \/><\/span><\/span><\/span><label for=\"send-info\" style=\"margin-left: 5px;\">J&#039;accepte de recevoir des informations.<\/label>\n\t<\/p>\n<\/div>\n<p><input class=\"wpcf7-form-control wpcf7-submit has-spinner\" type=\"submit\" value=\"Envoyer\" \/>\n<\/p><div class=\"wpcf7-response-output\" aria-hidden=\"true\"><\/div>\n<input type=\"hidden\" name=\"trp-form-language\" value=\"fr\"\/><\/form>\n<\/div>\n<\/div><\/div>\t\t\t\t<\/div>\n\t\t\t\t<\/div>\n\t\t\t\t\t<\/div>\n\t\t<\/div>\n\t\t\t\t\t<\/div>\n\t\t<\/section>\n\t\t\t\t<div class=\"elementor-element elementor-element-615d68f elementor-widget elementor-widget-text-editor\" data-id=\"615d68f\" data-element_type=\"widget\" data-e-type=\"widget\" data-widget_type=\"text-editor.default\">\n\t\t\t\t<div class=\"elementor-widget-container\">\n\t\t\t\t\t\t\t\t\t<p>Dans\u00a0<strong>Dermo SA,<\/strong>\u00a0<strong>usine de d\u00e9tergents,<\/strong>\u00a0Nous offrons \u00e0 nos clients le meilleur\u00a0<strong>d\u00e9tergents<\/strong>\u00a0et des accessoires et compl\u00e9ments pour garantir que ce besoin soit satisfait, en tenant toujours compte de vos demandes et requ\u00eates. Notre caract\u00e8re familial et proche, toujours en contact pour garantir la fiabilit\u00e9 et la satisfaction du produit (<strong>d\u00e9tergent<\/strong>), c&#039;est ce qui nous a permis de nous imposer dans une position de premier plan, ainsi que la qualit\u00e9 de nos produits sign\u00e9s du sceau des normes europ\u00e9ennes les plus \u00e9lev\u00e9es (ISO 9001:2008) et en faveur de l&#039;environnement (produits biologiques). Des valeurs que nous transmettons \u00e0 chacun des membres qui composent notre\u00a0<strong>usine de d\u00e9tergents,\u00a0<\/strong>Des professionnels form\u00e9s avec des qualifications et des connaissances distinctives, qui apportent leur effort, leur engagement et leur responsabilit\u00e9 dans chacune des activit\u00e9s que nous r\u00e9alisons dans\u00a0<strong>Dermo SA<\/strong><\/p><p>Gr\u00e2ce \u00e0 la confiance de ceux-ci et de nos fournisseurs et travailleurs, apr\u00e8s tant de temps de d\u00e9veloppement\u00a0<strong>d\u00e9tergents<\/strong>\u00a0\u00e0 utiliser\u00a0<strong>domestique<\/strong>\u00a0et\u00a0<strong>industriel<\/strong>, en plus d&#039;\u00eatre tr\u00e8s pr\u00e9sents aupr\u00e8s des clients du secteur des services (h\u00f4tels, maisons de retraite, restaurants, h\u00f4pitaux...), nous avons r\u00e9ussi \u00e0 assurer la jouissance m\u00e9rit\u00e9e de ce besoin chez chaque personne, et avons atteint l&#039;excellence dans chacun de nos services, faisant de notre\u00a0<strong>usine de d\u00e9tergents<\/strong>\u00a0occupe une position privil\u00e9gi\u00e9e sur le march\u00e9. L&#039;activit\u00e9 ne s&#039;arr\u00eate jamais\u00a0<strong>Dermo SA<\/strong>\u00a0et, avec les avanc\u00e9es technologiques les plus innovantes, appliqu\u00e9es dans notre\u00a0<strong>laboratoires<\/strong>\u00a0et des installations, avec une attention et un traitement directs et m\u00e9ritoires ; dans\u00a0<strong>Dermo SA<\/strong>\u00a0Nous garantissons la couverture ad\u00e9quate de ce besoin vital, pour lequel nous \u00e9prouvons du respect et qui est devenu le moteur de notre engagement \u00e0 essayer d&#039;\u00eatre les meilleurs.<\/p><p>Le principe et la valeur principale qui alimente notre quotidien sont nos clients et leur enti\u00e8re satisfaction, c&#039;est pourquoi nous concentrons notre travail pour l&#039;assurer et, ce faisant, en offrant les meilleurs produits et services pour voir notre mission accomplie, dans ce cas\u00a0<strong>d\u00e9tergents<\/strong>\u00a0pour le\u00a0<strong>hygi\u00e8ne\u00a0<\/strong>dans ses multiples usages,\u00a0<strong>domestique<\/strong>\u00a0et\u00a0<strong>industriel<\/strong>. Si vous recherchez votre entreprise de confiance et\u00a0<strong>usine de d\u00e9tergents<\/strong>, pour la production de vos propres produits et la distribution d&#039;une marque unique, responsable et engag\u00e9e,\u00a0<strong>Dermo SA<\/strong>, une question de\u00a0<strong>hygi\u00e8ne<\/strong>.<\/p>\t\t\t\t\t\t\t\t<\/div>\n\t\t\t\t<\/div>\n\t\t\t\t\t<\/div>\n\t\t<\/div>\n\t\t\t\t\t<\/div>\n\t\t<\/section>\n\t\t\t\t<section class=\"elementor-section elementor-top-section elementor-element elementor-element-484f41e elementor-section-full_width elementor-section-height-default elementor-section-height-default elementor-invisible\" data-id=\"484f41e\" data-element_type=\"section\" data-e-type=\"section\" data-settings=\"{&quot;animation&quot;:&quot;slideInUp&quot;}\">\n\t\t\t\t\t\t<div class=\"elementor-container elementor-column-gap-default\">\n\t\t\t\t\t<div class=\"elementor-column elementor-col-100 elementor-top-column elementor-element elementor-element-19948363\" data-id=\"19948363\" data-element_type=\"column\" data-e-type=\"column\">\n\t\t\t<div class=\"elementor-widget-wrap elementor-element-populated\">\n\t\t\t\t\t\t<div class=\"elementor-element elementor-element-339044a4 elementor-widget elementor-widget-google_maps\" data-id=\"339044a4\" data-element_type=\"widget\" data-e-type=\"widget\" data-widget_type=\"google_maps.default\">\n\t\t\t\t<div class=\"elementor-widget-container\">\n\t\t\t\t\t\t\t<div class=\"elementor-custom-embed\">\n\t\t\t<iframe loading=\"lazy\"\n\t\t\t\t\tsrc=\"https:\/\/maps.google.com\/maps?q=C%2F%20Pintor%20Joan%20Miro%2C%2016.%20Pol.%20Ind.%20Can%20Humet%20de%20Dalt%2C%2008213%20Poliny%C3%A0.%20Barcelona&#038;t=m&#038;z=15&#038;output=embed&#038;iwloc=near\"\n\t\t\t\t\ttitle=\"C\/ Pintor Joan Miro, 16. Pol. Ind. Can Humet de Dalt, 08213 Poliny\u00e0. Barcelone\"\n\t\t\t\t\taria-label=\"C\/ Pintor Joan Miro, 16. Pol. Ind. Can Humet de Dalt, 08213 Poliny\u00e0. Barcelone\"\n\t\t\t><\/iframe>\n\t\t<\/div>\n\t\t\t\t\t\t<\/div>\n\t\t\t\t<\/div>\n\t\t\t\t\t<\/div>\n\t\t<\/div>\n\t\t\t\t\t<\/div>\n\t\t<\/section>\n\t\t\t\t<\/div>","protected":false},"excerpt":{"rendered":"<p>La propret\u00e9 et l&#039;hygi\u00e8ne semblent souvent sous-estim\u00e9es. Pourtant, sans que nous nous en rendions compte, elles sont devenues un facteur primordial, voire un besoin urgent, auquel il faut r\u00e9pondre pour assurer le bon fonctionnement de notre quotidien. Nous n&#039;y r\u00e9fl\u00e9chissons peut-\u00eatre pas suffisamment, mais\u2026&nbsp;<a href=\"https:\/\/dermo.com\/fr\/usine-de-lessive-15\/\" rel=\"bookmark\">En savoir plus &quot;<span class=\"screen-reader-text\">usine de d\u00e9tergents<\/span><\/a><\/p>","protected":false},"author":2,"featured_media":0,"parent":0,"menu_order":0,"comment_status":"closed","ping_status":"closed","template":"page-templates\/template-pagebuilder-full-width.php","meta":{"neve_meta_sidebar":"","neve_meta_container":"","neve_meta_enable_content_width":"","neve_meta_content_width":0,"neve_meta_title_alignment":"","neve_meta_author_avatar":"","neve_post_elements_order":"","neve_meta_disable_header":"","neve_meta_disable_footer":"","neve_meta_disable_title":"","footnotes":""},"class_list":["post-12963","page","type-page","status-publish","hentry"],"yoast_head":"<!-- This site is optimized with the Yoast SEO plugin v27.0 - https:\/\/yoast.com\/product\/yoast-seo-wordpress\/ -->\n<title>F\u00e1brica de detergentes - Dermo | F\u00e1brica de detergentes<\/title>\n<meta name=\"robots\" content=\"index, follow, max-snippet:-1, max-image-preview:large, max-video-preview:-1\" \/>\n<link rel=\"canonical\" href=\"https:\/\/dermo.com\/fr\/usine-de-lessive-15\/\" \/>\n<meta property=\"og:locale\" content=\"fr_FR\" \/>\n<meta property=\"og:type\" content=\"article\" \/>\n<meta property=\"og:title\" content=\"F\u00e1brica de detergentes - Dermo | F\u00e1brica de detergentes\" \/>\n<meta property=\"og:description\" content=\"Muchas veces parece no d\u00e1rsele la importancia que realmente tienen a la\u00a0limpieza\u00a0y a la\u00a0higiene. Pero en verdad, sin darnos cuenta, han devenido un factor primordial, por no decir una necesidad imperante de primer orden, que debe ser solventada para garantizarnos el apropiado desarrollo de nuestro d\u00eda a d\u00eda. Quiz\u00e1s no lo pensemos con detenimiento, pero,&hellip;&nbsp;Lire la suite &raquo;F\u00e1brica de detergentes\" \/>\n<meta property=\"og:url\" content=\"https:\/\/dermo.com\/fr\/usine-de-lessive-15\/\" \/>\n<meta property=\"og:site_name\" content=\"Dermo | F\u00e1brica de detergentes\" \/>\n<meta property=\"article:modified_time\" content=\"2025-02-19T10:53:38+00:00\" \/>\n<meta name=\"twitter:card\" content=\"summary_large_image\" \/>\n<meta name=\"twitter:label1\" content=\"Dur\u00e9e de lecture estim\u00e9e\" \/>\n\t<meta name=\"twitter:data1\" content=\"3 minutes\" \/>\n<script type=\"application\/ld+json\" class=\"yoast-schema-graph\">{\"@context\":\"https:\/\/schema.org\",\"@graph\":[{\"@type\":\"WebPage\",\"@id\":\"https:\/\/dermo.com\/fabrica-de-detergentes-15\/\",\"url\":\"https:\/\/dermo.com\/fabrica-de-detergentes-15\/\",\"name\":\"F\u00e1brica de detergentes - Dermo | F\u00e1brica de detergentes\",\"isPartOf\":{\"@id\":\"https:\/\/dermo.com\/#website\"},\"datePublished\":\"2025-01-31T10:27:15+00:00\",\"dateModified\":\"2025-02-19T10:53:38+00:00\",\"breadcrumb\":{\"@id\":\"https:\/\/dermo.com\/fabrica-de-detergentes-15\/#breadcrumb\"},\"inLanguage\":\"fr-FR\",\"potentialAction\":[{\"@type\":\"ReadAction\",\"target\":[\"https:\/\/dermo.com\/fabrica-de-detergentes-15\/\"]}]},{\"@type\":\"BreadcrumbList\",\"@id\":\"https:\/\/dermo.com\/fabrica-de-detergentes-15\/#breadcrumb\",\"itemListElement\":[{\"@type\":\"ListItem\",\"position\":1,\"name\":\"Portada\",\"item\":\"https:\/\/dermo.com\/\"},{\"@type\":\"ListItem\",\"position\":2,\"name\":\"F\u00e1brica de detergentes\"}]},{\"@type\":\"WebSite\",\"@id\":\"https:\/\/dermo.com\/#website\",\"url\":\"https:\/\/dermo.com\/\",\"name\":\"Dermo | F\u00e1brica de detergentes\",\"description\":\"Tecnolog\u00eda avanzada, investigaci\u00f3n y desarrollo, respeto por el medio ambiente, competencia, formaci\u00f3n constante y alto nivel de profesionalidad en nuestro equipo humano, empe\u00f1ado en preservar la calidad de vida, la protecci\u00f3n del entorno natural contin\u00faan motiv\u00e1ndonos para desarrollar en nuestros laboratorios nuevos productos con ingredientes activos altamente biodegradables que hacen posible un desarrollo sostenible.\",\"potentialAction\":[{\"@type\":\"SearchAction\",\"target\":{\"@type\":\"EntryPoint\",\"urlTemplate\":\"https:\/\/dermo.com\/?s={search_term_string}\"},\"query-input\":{\"@type\":\"PropertyValueSpecification\",\"valueRequired\":true,\"valueName\":\"search_term_string\"}}],\"inLanguage\":\"fr-FR\"}]}<\/script>\n<!-- \/ Yoast SEO plugin. -->","yoast_head_json":{"title":"Usine de d\u00e9tergents - Dermo | Usine de d\u00e9tergents","robots":{"index":"index","follow":"follow","max-snippet":"max-snippet:-1","max-image-preview":"max-image-preview:large","max-video-preview":"max-video-preview:-1"},"canonical":"https:\/\/dermo.com\/fr\/usine-de-lessive-15\/","og_locale":"fr_FR","og_type":"article","og_title":"F\u00e1brica de detergentes - Dermo | F\u00e1brica de detergentes","og_description":"Muchas veces parece no d\u00e1rsele la importancia que realmente tienen a la\u00a0limpieza\u00a0y a la\u00a0higiene. Pero en verdad, sin darnos cuenta, han devenido un factor primordial, por no decir una necesidad imperante de primer orden, que debe ser solventada para garantizarnos el apropiado desarrollo de nuestro d\u00eda a d\u00eda. Quiz\u00e1s no lo pensemos con detenimiento, pero,&hellip;&nbsp;Lire la suite &raquo;F\u00e1brica de detergentes","og_url":"https:\/\/dermo.com\/fr\/usine-de-lessive-15\/","og_site_name":"Dermo | F\u00e1brica de detergentes","article_modified_time":"2025-02-19T10:53:38+00:00","twitter_card":"summary_large_image","twitter_misc":{"Dur\u00e9e de lecture estim\u00e9e":"3 minutes"},"schema":{"@context":"https:\/\/schema.org","@graph":[{"@type":"WebPage","@id":"https:\/\/dermo.com\/fabrica-de-detergentes-15\/","url":"https:\/\/dermo.com\/fabrica-de-detergentes-15\/","name":"Usine de d\u00e9tergents - Dermo | Usine de d\u00e9tergents","isPartOf":{"@id":"https:\/\/dermo.com\/#website"},"datePublished":"2025-01-31T10:27:15+00:00","dateModified":"2025-02-19T10:53:38+00:00","breadcrumb":{"@id":"https:\/\/dermo.com\/fabrica-de-detergentes-15\/#breadcrumb"},"inLanguage":"fr-FR","potentialAction":[{"@type":"ReadAction","target":["https:\/\/dermo.com\/fabrica-de-detergentes-15\/"]}]},{"@type":"BreadcrumbList","@id":"https:\/\/dermo.com\/fabrica-de-detergentes-15\/#breadcrumb","itemListElement":[{"@type":"ListItem","position":1,"name":"Portada","item":"https:\/\/dermo.com\/"},{"@type":"ListItem","position":2,"name":"F\u00e1brica de detergentes"}]},{"@type":"WebSite","@id":"https:\/\/dermo.com\/#website","url":"https:\/\/dermo.com\/","name":"Dermo | usine de d\u00e9tergents","description":"Technologie avanc\u00e9e, recherche et d\u00e9veloppement, respect de l&#039;environnement, comp\u00e9tence, formation constante et haut niveau de professionnalisme de notre \u00e9quipe humaine, engag\u00e9e \u00e0 pr\u00e9server la qualit\u00e9 de vie, la protection de l&#039;environnement naturel continuent de nous motiver \u00e0 d\u00e9velopper de nouveaux produits dans notre laboratoires aux principes actifs hautement biod\u00e9gradables qui rendent possible le d\u00e9veloppement durable.","potentialAction":[{"@type":"SearchAction","target":{"@type":"EntryPoint","urlTemplate":"https:\/\/dermo.com\/?s={search_term_string}"},"query-input":{"@type":"PropertyValueSpecification","valueRequired":true,"valueName":"search_term_string"}}],"inLanguage":"fr-FR"}]}},"_links":{"self":[{"href":"https:\/\/dermo.com\/fr\/wp-json\/wp\/v2\/pages\/12963","targetHints":{"allow":["GET"]}}],"collection":[{"href":"https:\/\/dermo.com\/fr\/wp-json\/wp\/v2\/pages"}],"about":[{"href":"https:\/\/dermo.com\/fr\/wp-json\/wp\/v2\/types\/page"}],"author":[{"embeddable":true,"href":"https:\/\/dermo.com\/fr\/wp-json\/wp\/v2\/users\/2"}],"replies":[{"embeddable":true,"href":"https:\/\/dermo.com\/fr\/wp-json\/wp\/v2\/comments?post=12963"}],"version-history":[{"count":8,"href":"https:\/\/dermo.com\/fr\/wp-json\/wp\/v2\/pages\/12963\/revisions"}],"predecessor-version":[{"id":13529,"href":"https:\/\/dermo.com\/fr\/wp-json\/wp\/v2\/pages\/12963\/revisions\/13529"}],"wp:attachment":[{"href":"https:\/\/dermo.com\/fr\/wp-json\/wp\/v2\/media?parent=12963"}],"curies":[{"name":"wp","href":"https:\/\/api.w.org\/{rel}","templated":true}]}}