{"id":12989,"date":"2025-01-31T11:50:55","date_gmt":"2025-01-31T10:50:55","guid":{"rendered":"https:\/\/dermo.com\/?page_id=12989"},"modified":"2025-02-19T11:40:36","modified_gmt":"2025-02-19T10:40:36","slug":"fournisseur-de-detergents-detartrants","status":"publish","type":"page","link":"https:\/\/dermo.com\/fr\/detergents-detartrants-2\/fournisseur-de-detergents-detartrants\/","title":{"rendered":"Fournisseur de d\u00e9tergents d\u00e9tartrants"},"content":{"rendered":"<div data-elementor-type=\"wp-page\" data-elementor-id=\"12989\" class=\"elementor elementor-12989\" data-elementor-post-type=\"page\">\n\t\t\t\t\t\t<section class=\"elementor-section elementor-top-section elementor-element elementor-element-a02683f elementor-section-boxed elementor-section-height-default elementor-section-height-default\" data-id=\"a02683f\" data-element_type=\"section\" data-e-type=\"section\" data-settings=\"{&quot;background_background&quot;:&quot;classic&quot;}\">\n\t\t\t\t\t\t\t<div class=\"elementor-background-overlay\"><\/div>\n\t\t\t\t\t\t\t<div class=\"elementor-container elementor-column-gap-default\">\n\t\t\t\t\t<div class=\"elementor-column elementor-col-100 elementor-top-column elementor-element elementor-element-f99dbff\" data-id=\"f99dbff\" data-element_type=\"column\" data-e-type=\"column\">\n\t\t\t<div class=\"elementor-widget-wrap elementor-element-populated\">\n\t\t\t\t\t\t\t<\/div>\n\t\t<\/div>\n\t\t\t\t\t<\/div>\n\t\t<\/section>\n\t\t\t\t<section class=\"elementor-section elementor-top-section elementor-element elementor-element-233ad3a4 elementor-section-boxed elementor-section-height-default elementor-section-height-default\" data-id=\"233ad3a4\" data-element_type=\"section\" data-e-type=\"section\">\n\t\t\t\t\t\t<div class=\"elementor-container elementor-column-gap-default\">\n\t\t\t\t\t<div class=\"elementor-column elementor-col-100 elementor-top-column elementor-element elementor-element-3244e578\" data-id=\"3244e578\" data-element_type=\"column\" data-e-type=\"column\">\n\t\t\t<div class=\"elementor-widget-wrap elementor-element-populated\">\n\t\t\t\t\t\t<section class=\"elementor-section elementor-inner-section elementor-element elementor-element-1a7040c2 elementor-section-content-middle elementor-section-boxed elementor-section-height-default elementor-section-height-default\" data-id=\"1a7040c2\" data-element_type=\"section\" data-e-type=\"section\">\n\t\t\t\t\t\t<div class=\"elementor-container elementor-column-gap-default\">\n\t\t\t\t\t<div class=\"elementor-column elementor-col-50 elementor-inner-column elementor-element elementor-element-58338543\" data-id=\"58338543\" data-element_type=\"column\" data-e-type=\"column\">\n\t\t\t<div class=\"elementor-widget-wrap elementor-element-populated\">\n\t\t\t\t\t\t<div class=\"elementor-element elementor-element-464b2e11 elementor-widget elementor-widget-text-editor\" data-id=\"464b2e11\" data-element_type=\"widget\" data-e-type=\"widget\" data-widget_type=\"text-editor.default\">\n\t\t\t\t<div class=\"elementor-widget-container\">\n\t\t\t\t\t\t\t\t\t<div id=\"lipsum\"><div class=\"wpb_text_column wpb_content_element\"><div class=\"wpb_wrapper\"><h2>Dermo : Fournisseur de d\u00e9tergents d\u00e9tartrants<\/h2><p>Chez Dermo, nous sommes fabricants de d\u00e9tergents pour l&#039;hygi\u00e8ne industrielle, l&#039;hygi\u00e8ne domestique et la technologie de pointe mais surtout, nous sommes\u00a0<strong>fournisseurs de<\/strong>\u00a0<strong>d\u00e9tergents d\u00e9tartrants<\/strong>, car c&#039;est l&#039;une de nos sp\u00e9cialit\u00e9s et l&#039;un de nos produits les plus vendus, gr\u00e2ce \u00e0 la qualit\u00e9 de ceux-ci, car nous proposons \u00e9galement une large gamme dans laquelle vous pouvez trouver celui qui vous convient parfaitement, car chacun est destin\u00e9 \u00e0 une chose diff\u00e9rente, et comme l&#039;une de nos principales pr\u00e9occupations est la satisfaction de chacun de nos clients, pour cette raison, nous avons un produit sp\u00e9cial pour chacun d&#039;entre vous.<\/p><\/div><\/div><\/div>\t\t\t\t\t\t\t\t<\/div>\n\t\t\t\t<\/div>\n\t\t\t\t\t<\/div>\n\t\t<\/div>\n\t\t\t\t<div class=\"elementor-column elementor-col-50 elementor-inner-column elementor-element elementor-element-0734cd7 elementor-invisible\" data-id=\"0734cd7\" data-element_type=\"column\" data-e-type=\"column\" data-settings=\"{&quot;animation&quot;:&quot;bounceInRight&quot;}\">\n\t\t\t<div class=\"elementor-widget-wrap elementor-element-populated\">\n\t\t\t\t\t\t<div class=\"elementor-element elementor-element-94248d9 elementor-widget elementor-widget-elementskit-contact-form7\" data-id=\"94248d9\" data-element_type=\"widget\" data-e-type=\"widget\" data-widget_type=\"elementskit-contact-form7.default\">\n\t\t\t\t<div class=\"elementor-widget-container\">\n\t\t\t\t\t<div class=\"ekit-wid-con\" ><div class=\"ekit-form\">\n<div class=\"wpcf7 no-js\" id=\"wpcf7-f13292-p12989-o1\" lang=\"es-ES\" dir=\"ltr\" data-wpcf7-id=\"13292\">\n<div class=\"screen-reader-response\"><p role=\"status\" aria-live=\"polite\" aria-atomic=\"true\"><\/p> <ul><\/ul><\/div>\n<form action=\"\/fr\/detergents-detartrants-2\/fournisseur-de-detergents-detartrants\/#wpcf7-f13292-p12989-o1\" method=\"post\" class=\"wpcf7-form init\" aria-label=\"Formulario de contacto\" novalidate=\"novalidate\" data-status=\"init\" data-no-translation-aria-label=\"\" data-trp-original-action=\"\/en\/detergentes-desincrustantes-2\/proveedor-de-detergentes-desincrustantes\/#wpcf7-f13292-p12989-o1\">\n<fieldset class=\"hidden-fields-container\"><input type=\"hidden\" name=\"_wpcf7\" value=\"13292\" \/><input type=\"hidden\" name=\"_wpcf7_version\" value=\"6.1.5\" \/><input type=\"hidden\" name=\"_wpcf7_locale\" value=\"es_ES\" \/><input type=\"hidden\" name=\"_wpcf7_unit_tag\" value=\"wpcf7-f13292-p12989-o1\" \/><input type=\"hidden\" name=\"_wpcf7_container_post\" value=\"12989\" \/><input type=\"hidden\" name=\"_wpcf7_posted_data_hash\" value=\"\" \/><input type=\"hidden\" name=\"_wpcf7_recaptcha_response\" value=\"\" \/>\n<\/fieldset>\n<div style=\"display: flex; gap: 10px;\">\n\t<div style=\"width: 50%;\">\n\t\t<p><span class=\"wpcf7-form-control-wrap\" data-name=\"your-name\"><input size=\"40\" maxlength=\"400\" class=\"wpcf7-form-control wpcf7-text wpcf7-validates-as-required\" aria-required=\"true\" aria-invalid=\"false\" placeholder=\"Nom\" value=\"\" type=\"text\" name=\"your-name\" \/><\/span>\n\t\t<\/p>\n\t<\/div>\n\t<div style=\"width: 50%;\">\n\t\t<p><span class=\"wpcf7-form-control-wrap\" data-name=\"your-phone\"><input size=\"40\" maxlength=\"400\" class=\"wpcf7-form-control wpcf7-tel wpcf7-validates-as-required wpcf7-text wpcf7-validates-as-tel\" aria-required=\"true\" aria-invalid=\"false\" placeholder=\"T\u00e9l\u00e9phone\" value=\"\" type=\"tel\" name=\"your-phone\" \/><\/span>\n\t\t<\/p>\n\t<\/div>\n<\/div>\n<p><span class=\"wpcf7-form-control-wrap\" data-name=\"your-email\"><input size=\"40\" maxlength=\"400\" class=\"wpcf7-form-control wpcf7-email wpcf7-validates-as-required wpcf7-text wpcf7-validates-as-email\" aria-required=\"true\" aria-invalid=\"false\" placeholder=\"E-mail\" value=\"\" type=\"email\" name=\"your-email\" \/><\/span>\n<\/p>\n<div style=\"display: flex; gap: 10px;\">\n\t<div style=\"width: 50%;\">\n\t\t<p><span class=\"wpcf7-form-control-wrap\" data-name=\"your-country\"><input size=\"40\" maxlength=\"400\" class=\"wpcf7-form-control wpcf7-text wpcf7-validates-as-required\" aria-required=\"true\" aria-invalid=\"false\" placeholder=\"Pays\" value=\"\" type=\"text\" name=\"your-country\" \/><\/span>\n\t\t<\/p>\n\t<\/div>\n\t<div style=\"width: 50%;\">\n\t\t<p><span class=\"wpcf7-form-control-wrap\" data-name=\"your-city\"><input size=\"40\" maxlength=\"400\" class=\"wpcf7-form-control wpcf7-text wpcf7-validates-as-required\" aria-required=\"true\" aria-invalid=\"false\" placeholder=\"Population\" value=\"\" type=\"text\" name=\"your-city\" \/><\/span>\n\t\t<\/p>\n\t<\/div>\n<\/div>\n<p><span class=\"wpcf7-form-control-wrap\" data-name=\"your-subject\"><select class=\"wpcf7-form-control wpcf7-select\" aria-invalid=\"false\" name=\"your-subject\"><option value=\"Quiero ser distribuidor\">Je veux \u00eatre distributeur<\/option><option value=\"Presupuesto\">Budget<\/option><option value=\"Consulta\">Consultation<\/option><option value=\"Sugerencia\">Suggestion<\/option><option value=\"Otros\">Autres<\/option><\/select><\/span>\n<\/p>\n<p><span class=\"wpcf7-form-control-wrap\" data-name=\"your-message\"><textarea cols=\"40\" rows=\"10\" maxlength=\"2000\" class=\"wpcf7-form-control wpcf7-textarea\" aria-invalid=\"false\" placeholder=\"Message ou demande\" name=\"your-message\"><\/textarea><\/span>\n<\/p>\n<div style=\"display: flex; align-items: center; gap: 10px;\">\n\t<p><span class=\"wpcf7-form-control-wrap\" data-name=\"privacy-policy\"><span class=\"wpcf7-form-control wpcf7-acceptance\"><span class=\"wpcf7-list-item\"><input type=\"checkbox\" name=\"privacy-policy\" value=\"1\" aria-invalid=\"false\" \/><\/span><\/span><\/span><label for=\"privacy-policy\" style=\"margin-left: 5px;\">J&#039;ai lu et accept\u00e9 la politique de confidentialit\u00e9.<\/label>\n\t<\/p>\n<\/div>\n<div style=\"display: flex; align-items: center; gap: 10px;\">\n\t<p><span class=\"wpcf7-form-control-wrap\" data-name=\"send-info\"><span class=\"wpcf7-form-control wpcf7-acceptance\"><span class=\"wpcf7-list-item\"><input type=\"checkbox\" name=\"send-info\" value=\"1\" aria-invalid=\"false\" \/><\/span><\/span><\/span><label for=\"send-info\" style=\"margin-left: 5px;\">J&#039;accepte de recevoir des informations.<\/label>\n\t<\/p>\n<\/div>\n<p><input class=\"wpcf7-form-control wpcf7-submit has-spinner\" type=\"submit\" value=\"Envoyer\" \/>\n<\/p><div class=\"wpcf7-response-output\" aria-hidden=\"true\"><\/div>\n<input type=\"hidden\" name=\"trp-form-language\" value=\"fr\"\/><\/form>\n<\/div>\n<\/div><\/div>\t\t\t\t<\/div>\n\t\t\t\t<\/div>\n\t\t\t\t\t<\/div>\n\t\t<\/div>\n\t\t\t\t\t<\/div>\n\t\t<\/section>\n\t\t\t\t<div class=\"elementor-element elementor-element-615d68f elementor-widget elementor-widget-text-editor\" data-id=\"615d68f\" data-element_type=\"widget\" data-e-type=\"widget\" data-widget_type=\"text-editor.default\">\n\t\t\t\t<div class=\"elementor-widget-container\">\n\t\t\t\t\t\t\t\t\t<p>Nous utilisons toujours la technologie la plus avanc\u00e9e du march\u00e9 et toutes nos avanc\u00e9es sont bas\u00e9es sur la recherche et le d\u00e9veloppement. De plus, nous sommes \u00e9galement une entreprise tr\u00e8s soucieuse de l\u2019environnement, donc tous nos projets respectent l\u2019environnement. Une autre chose qui constitue la base de la philosophie de notre entreprise<strong>\u00a0fournisseur de d\u00e9tergents d\u00e9tartrants\u00a0<\/strong>C&#039;est l&#039;engagement envers la comp\u00e9tence, la formation constante et un haut niveau de professionnalisme de notre \u00e9quipe humaine, engag\u00e9e \u00e0 pr\u00e9server la qualit\u00e9 de vie et \u00e0 prot\u00e9ger l&#039;environnement naturel qui continue de nous motiver \u00e0 d\u00e9velopper de nouveaux produits dans nos laboratoires avec des principes actifs hautement biod\u00e9gradables qui rendent possible le d\u00e9veloppement durable.<\/p><p>Nous sommes les\u00a0<strong>fournisseurs de d\u00e9tergents d\u00e9tartrants<\/strong>, leaders dans tout notre secteur, car ils disposent de produits de haute qualit\u00e9, avec une puissance concentr\u00e9e \u00e9lev\u00e9e. Nous travaillons dans des laboratoires o\u00f9 l&#039;hygi\u00e8ne est impeccable et essentielle, afin de fabriquer et de concevoir des produits de nettoyage sp\u00e9cifiques et professionnels, destin\u00e9s \u00e0 un usage domestique et industriel. Nous nous adaptons \u00e0 nos clients et proposons des produits de nettoyage pour tous les go\u00fbts, dans le but de nous adapter aux besoins et aux pr\u00e9f\u00e9rences des utilisateurs.<\/p><p>\u00a0<\/p><p>Nous pouvons principalement souligner cinq types diff\u00e9rents de d\u00e9tergents d\u00e9tartrants, tout d&#039;abord, les comprim\u00e9s anticalcaires Limcal Tabs, qui sont le seul type disponible sous forme de comprim\u00e9s formul\u00e9s pour r\u00e9duire la duret\u00e9 de l&#039;eau et pr\u00e9venir le calcaire. Deuxi\u00e8mement, nous avons le d\u00e9tergent anticalcaire Cleantot Descal, qui est un d\u00e9tergent assainissant pour le nettoyage et le d\u00e9tartrage des salles de bain, tr\u00e8s similaire au d\u00e9tergent d\u00e9tartrant WC Cleantot WC, mais dans ce cas au lieu d&#039;\u00eatre liquide c&#039;est un gel, donc il \u00e9limine les restes de calcaire les plus difficiles et la salet\u00e9 accumul\u00e9e, en particulier les taches de rouille. Et enfin, nous avons le d\u00e9tartrant Limcal qui est destin\u00e9 aux circuits d&#039;eau chaude ou froide des lave-vaisselle et des machines \u00e0 laver, entre autres.<\/p><p>Si vous avez des questions ou des requ\u00eates et avez besoin de l&#039;aide d&#039;un\u00a0<strong>fournisseur de d\u00e9tergent<\/strong>\u00a0<strong>agents d\u00e9tartrants<\/strong>, n&#039;h\u00e9sitez pas \u00e0 nous contacter, nous serons heureux de vous aider.<\/p>\t\t\t\t\t\t\t\t<\/div>\n\t\t\t\t<\/div>\n\t\t\t\t\t<\/div>\n\t\t<\/div>\n\t\t\t\t\t<\/div>\n\t\t<\/section>\n\t\t\t\t<section class=\"elementor-section elementor-top-section elementor-element elementor-element-484f41e elementor-section-full_width elementor-section-height-default elementor-section-height-default elementor-invisible\" data-id=\"484f41e\" data-element_type=\"section\" data-e-type=\"section\" data-settings=\"{&quot;animation&quot;:&quot;slideInUp&quot;}\">\n\t\t\t\t\t\t<div class=\"elementor-container elementor-column-gap-default\">\n\t\t\t\t\t<div class=\"elementor-column elementor-col-100 elementor-top-column elementor-element elementor-element-19948363\" data-id=\"19948363\" data-element_type=\"column\" data-e-type=\"column\">\n\t\t\t<div class=\"elementor-widget-wrap elementor-element-populated\">\n\t\t\t\t\t\t<div class=\"elementor-element elementor-element-339044a4 elementor-widget elementor-widget-google_maps\" data-id=\"339044a4\" data-element_type=\"widget\" data-e-type=\"widget\" data-widget_type=\"google_maps.default\">\n\t\t\t\t<div class=\"elementor-widget-container\">\n\t\t\t\t\t\t\t<div class=\"elementor-custom-embed\">\n\t\t\t<iframe loading=\"lazy\"\n\t\t\t\t\tsrc=\"https:\/\/maps.google.com\/maps?q=C%2F%20Pintor%20Joan%20Miro%2C%2016.%20Pol.%20Ind.%20Can%20Humet%20de%20Dalt%2C%2008213%20Poliny%C3%A0.%20Barcelona&#038;t=m&#038;z=15&#038;output=embed&#038;iwloc=near\"\n\t\t\t\t\ttitle=\"C\/ Pintor Joan Miro, 16. Pol. Ind. Can Humet de Dalt, 08213 Poliny\u00e0. Barcelone\"\n\t\t\t\t\taria-label=\"C\/ Pintor Joan Miro, 16. Pol. Ind. Can Humet de Dalt, 08213 Poliny\u00e0. Barcelone\"\n\t\t\t><\/iframe>\n\t\t<\/div>\n\t\t\t\t\t\t<\/div>\n\t\t\t\t<\/div>\n\t\t\t\t\t<\/div>\n\t\t<\/div>\n\t\t\t\t\t<\/div>\n\t\t<\/section>\n\t\t\t\t<\/div>","protected":false},"excerpt":{"rendered":"<p>Dermo : Fournisseur de d\u00e9tergents d\u00e9tartrants. Chez Dermo, nous fabriquons des d\u00e9tergents pour l&#039;hygi\u00e8ne industrielle, l&#039;hygi\u00e8ne domestique et les technologies de pointe. Nous sommes particuli\u00e8rement fournisseurs de d\u00e9tergents d\u00e9tartrants, car c&#039;est l&#039;une de nos sp\u00e9cialit\u00e9s et l&#039;un de nos produits les plus vendus gr\u00e2ce \u00e0 leur qualit\u00e9. Nous proposons \u00e9galement une large gamme de produits\u2026&nbsp;<a href=\"https:\/\/dermo.com\/fr\/detergents-detartrants-2\/fournisseur-de-detergents-detartrants\/\" rel=\"bookmark\">En savoir plus &quot;<span class=\"screen-reader-text\">Fournisseur de d\u00e9tergents d\u00e9tartrants<\/span><\/a><\/p>","protected":false},"author":2,"featured_media":0,"parent":12750,"menu_order":0,"comment_status":"closed","ping_status":"closed","template":"page-templates\/template-pagebuilder-full-width.php","meta":{"neve_meta_sidebar":"","neve_meta_container":"","neve_meta_enable_content_width":"","neve_meta_content_width":0,"neve_meta_title_alignment":"","neve_meta_author_avatar":"","neve_post_elements_order":"","neve_meta_disable_header":"","neve_meta_disable_footer":"","neve_meta_disable_title":"","footnotes":""},"class_list":["post-12989","page","type-page","status-publish","hentry"],"yoast_head":"<!-- This site is optimized with the Yoast SEO plugin v27.0 - https:\/\/yoast.com\/product\/yoast-seo-wordpress\/ -->\n<title>Proveedor de detergentes desincrustantes - Dermo | F\u00e1brica de detergentes<\/title>\n<meta name=\"robots\" content=\"index, follow, max-snippet:-1, max-image-preview:large, max-video-preview:-1\" \/>\n<link rel=\"canonical\" href=\"https:\/\/dermo.com\/fr\/detergents-detartrants-2\/fournisseur-de-detergents-detartrants\/\" \/>\n<meta property=\"og:locale\" content=\"fr_FR\" \/>\n<meta property=\"og:type\" content=\"article\" \/>\n<meta property=\"og:title\" content=\"Proveedor de detergentes desincrustantes - Dermo | F\u00e1brica de detergentes\" \/>\n<meta property=\"og:description\" content=\"Dermo: Proveedor de detergentes desincrustantes En Dermo, somos fabricantes de detergentes para la higiene industrial, la higiene dom\u00e9stica y la tecnolog\u00eda avanzada pero especialmente, somos\u00a0proveedores de\u00a0detergentes desincrustantes, ya que es una de nuestras especialidades y de nuestros productos m\u00e1s vendidos, gracias a la calidad de estos, ya que adem\u00e1s ofrecemos una amplia gamma en la&hellip;&nbsp;Lire la suite &raquo;Proveedor de detergentes desincrustantes\" \/>\n<meta property=\"og:url\" content=\"https:\/\/dermo.com\/fr\/detergents-detartrants-2\/fournisseur-de-detergents-detartrants\/\" \/>\n<meta property=\"og:site_name\" content=\"Dermo | F\u00e1brica de detergentes\" \/>\n<meta property=\"article:modified_time\" content=\"2025-02-19T10:40:36+00:00\" \/>\n<meta name=\"twitter:card\" content=\"summary_large_image\" \/>\n<meta name=\"twitter:label1\" content=\"Dur\u00e9e de lecture estim\u00e9e\" \/>\n\t<meta name=\"twitter:data1\" content=\"3 minutes\" \/>\n<script type=\"application\/ld+json\" class=\"yoast-schema-graph\">{\"@context\":\"https:\/\/schema.org\",\"@graph\":[{\"@type\":\"WebPage\",\"@id\":\"https:\/\/dermo.com\/detergentes-desincrustantes-2\/proveedor-de-detergentes-desincrustantes\/\",\"url\":\"https:\/\/dermo.com\/detergentes-desincrustantes-2\/proveedor-de-detergentes-desincrustantes\/\",\"name\":\"Proveedor de detergentes desincrustantes - Dermo | F\u00e1brica de detergentes\",\"isPartOf\":{\"@id\":\"https:\/\/dermo.com\/#website\"},\"datePublished\":\"2025-01-31T10:50:55+00:00\",\"dateModified\":\"2025-02-19T10:40:36+00:00\",\"breadcrumb\":{\"@id\":\"https:\/\/dermo.com\/detergentes-desincrustantes-2\/proveedor-de-detergentes-desincrustantes\/#breadcrumb\"},\"inLanguage\":\"fr-FR\",\"potentialAction\":[{\"@type\":\"ReadAction\",\"target\":[\"https:\/\/dermo.com\/detergentes-desincrustantes-2\/proveedor-de-detergentes-desincrustantes\/\"]}]},{\"@type\":\"BreadcrumbList\",\"@id\":\"https:\/\/dermo.com\/detergentes-desincrustantes-2\/proveedor-de-detergentes-desincrustantes\/#breadcrumb\",\"itemListElement\":[{\"@type\":\"ListItem\",\"position\":1,\"name\":\"Portada\",\"item\":\"https:\/\/dermo.com\/\"},{\"@type\":\"ListItem\",\"position\":2,\"name\":\"Detergentes desincrustantes\",\"item\":\"https:\/\/dermo.com\/detergentes-desincrustantes-2\/\"},{\"@type\":\"ListItem\",\"position\":3,\"name\":\"Proveedor de detergentes desincrustantes\"}]},{\"@type\":\"WebSite\",\"@id\":\"https:\/\/dermo.com\/#website\",\"url\":\"https:\/\/dermo.com\/\",\"name\":\"Dermo | F\u00e1brica de detergentes\",\"description\":\"Tecnolog\u00eda avanzada, investigaci\u00f3n y desarrollo, respeto por el medio ambiente, competencia, formaci\u00f3n constante y alto nivel de profesionalidad en nuestro equipo humano, empe\u00f1ado en preservar la calidad de vida, la protecci\u00f3n del entorno natural contin\u00faan motiv\u00e1ndonos para desarrollar en nuestros laboratorios nuevos productos con ingredientes activos altamente biodegradables que hacen posible un desarrollo sostenible.\",\"potentialAction\":[{\"@type\":\"SearchAction\",\"target\":{\"@type\":\"EntryPoint\",\"urlTemplate\":\"https:\/\/dermo.com\/?s={search_term_string}\"},\"query-input\":{\"@type\":\"PropertyValueSpecification\",\"valueRequired\":true,\"valueName\":\"search_term_string\"}}],\"inLanguage\":\"fr-FR\"}]}<\/script>\n<!-- \/ Yoast SEO plugin. -->","yoast_head_json":{"title":"Fournisseur de d\u00e9tergents d\u00e9tartrants - Dermo | Usine de d\u00e9tergents","robots":{"index":"index","follow":"follow","max-snippet":"max-snippet:-1","max-image-preview":"max-image-preview:large","max-video-preview":"max-video-preview:-1"},"canonical":"https:\/\/dermo.com\/fr\/detergents-detartrants-2\/fournisseur-de-detergents-detartrants\/","og_locale":"fr_FR","og_type":"article","og_title":"Proveedor de detergentes desincrustantes - Dermo | F\u00e1brica de detergentes","og_description":"Dermo: Proveedor de detergentes desincrustantes En Dermo, somos fabricantes de detergentes para la higiene industrial, la higiene dom\u00e9stica y la tecnolog\u00eda avanzada pero especialmente, somos\u00a0proveedores de\u00a0detergentes desincrustantes, ya que es una de nuestras especialidades y de nuestros productos m\u00e1s vendidos, gracias a la calidad de estos, ya que adem\u00e1s ofrecemos una amplia gamma en la&hellip;&nbsp;Lire la suite &raquo;Proveedor de detergentes desincrustantes","og_url":"https:\/\/dermo.com\/fr\/detergents-detartrants-2\/fournisseur-de-detergents-detartrants\/","og_site_name":"Dermo | F\u00e1brica de detergentes","article_modified_time":"2025-02-19T10:40:36+00:00","twitter_card":"summary_large_image","twitter_misc":{"Dur\u00e9e de lecture estim\u00e9e":"3 minutes"},"schema":{"@context":"https:\/\/schema.org","@graph":[{"@type":"WebPage","@id":"https:\/\/dermo.com\/detergentes-desincrustantes-2\/proveedor-de-detergentes-desincrustantes\/","url":"https:\/\/dermo.com\/detergentes-desincrustantes-2\/proveedor-de-detergentes-desincrustantes\/","name":"Fournisseur de d\u00e9tergents d\u00e9tartrants - Dermo | Usine de d\u00e9tergents","isPartOf":{"@id":"https:\/\/dermo.com\/#website"},"datePublished":"2025-01-31T10:50:55+00:00","dateModified":"2025-02-19T10:40:36+00:00","breadcrumb":{"@id":"https:\/\/dermo.com\/detergentes-desincrustantes-2\/proveedor-de-detergentes-desincrustantes\/#breadcrumb"},"inLanguage":"fr-FR","potentialAction":[{"@type":"ReadAction","target":["https:\/\/dermo.com\/detergentes-desincrustantes-2\/proveedor-de-detergentes-desincrustantes\/"]}]},{"@type":"BreadcrumbList","@id":"https:\/\/dermo.com\/detergentes-desincrustantes-2\/proveedor-de-detergentes-desincrustantes\/#breadcrumb","itemListElement":[{"@type":"ListItem","position":1,"name":"Portada","item":"https:\/\/dermo.com\/"},{"@type":"ListItem","position":2,"name":"Detergentes desincrustantes","item":"https:\/\/dermo.com\/detergentes-desincrustantes-2\/"},{"@type":"ListItem","position":3,"name":"Proveedor de detergentes desincrustantes"}]},{"@type":"WebSite","@id":"https:\/\/dermo.com\/#website","url":"https:\/\/dermo.com\/","name":"Dermo | usine de d\u00e9tergents","description":"Technologie avanc\u00e9e, recherche et d\u00e9veloppement, respect de l&#039;environnement, comp\u00e9tence, formation constante et haut niveau de professionnalisme de notre \u00e9quipe humaine, engag\u00e9e \u00e0 pr\u00e9server la qualit\u00e9 de vie, la protection de l&#039;environnement naturel continuent de nous motiver \u00e0 d\u00e9velopper de nouveaux produits dans notre laboratoires aux principes actifs hautement biod\u00e9gradables qui rendent possible le d\u00e9veloppement durable.","potentialAction":[{"@type":"SearchAction","target":{"@type":"EntryPoint","urlTemplate":"https:\/\/dermo.com\/?s={search_term_string}"},"query-input":{"@type":"PropertyValueSpecification","valueRequired":true,"valueName":"search_term_string"}}],"inLanguage":"fr-FR"}]}},"_links":{"self":[{"href":"https:\/\/dermo.com\/fr\/wp-json\/wp\/v2\/pages\/12989","targetHints":{"allow":["GET"]}}],"collection":[{"href":"https:\/\/dermo.com\/fr\/wp-json\/wp\/v2\/pages"}],"about":[{"href":"https:\/\/dermo.com\/fr\/wp-json\/wp\/v2\/types\/page"}],"author":[{"embeddable":true,"href":"https:\/\/dermo.com\/fr\/wp-json\/wp\/v2\/users\/2"}],"replies":[{"embeddable":true,"href":"https:\/\/dermo.com\/fr\/wp-json\/wp\/v2\/comments?post=12989"}],"version-history":[{"count":10,"href":"https:\/\/dermo.com\/fr\/wp-json\/wp\/v2\/pages\/12989\/revisions"}],"predecessor-version":[{"id":13451,"href":"https:\/\/dermo.com\/fr\/wp-json\/wp\/v2\/pages\/12989\/revisions\/13451"}],"up":[{"embeddable":true,"href":"https:\/\/dermo.com\/fr\/wp-json\/wp\/v2\/pages\/12750"}],"wp:attachment":[{"href":"https:\/\/dermo.com\/fr\/wp-json\/wp\/v2\/media?parent=12989"}],"curies":[{"name":"wp","href":"https:\/\/api.w.org\/{rel}","templated":true}]}}