{"id":13034,"date":"2025-01-31T11:51:05","date_gmt":"2025-01-31T10:51:05","guid":{"rendered":"https:\/\/dermo.com\/?page_id=13034"},"modified":"2025-02-19T12:29:25","modified_gmt":"2025-02-19T11:29:25","slug":"produits-de-nettoyage-en-gros-3","status":"publish","type":"page","link":"https:\/\/dermo.com\/fr\/produits-de-nettoyage-en-gros-3\/","title":{"rendered":"Produits de nettoyage en gros"},"content":{"rendered":"<div data-elementor-type=\"wp-page\" data-elementor-id=\"13034\" class=\"elementor elementor-13034\" data-elementor-post-type=\"page\">\n\t\t\t\t\t\t<section class=\"elementor-section elementor-top-section elementor-element elementor-element-a02683f elementor-section-boxed elementor-section-height-default elementor-section-height-default\" data-id=\"a02683f\" data-element_type=\"section\" data-e-type=\"section\" data-settings=\"{&quot;background_background&quot;:&quot;classic&quot;}\">\n\t\t\t\t\t\t\t<div class=\"elementor-background-overlay\"><\/div>\n\t\t\t\t\t\t\t<div class=\"elementor-container elementor-column-gap-default\">\n\t\t\t\t\t<div class=\"elementor-column elementor-col-100 elementor-top-column elementor-element elementor-element-f99dbff\" data-id=\"f99dbff\" data-element_type=\"column\" data-e-type=\"column\">\n\t\t\t<div class=\"elementor-widget-wrap elementor-element-populated\">\n\t\t\t\t\t\t\t<\/div>\n\t\t<\/div>\n\t\t\t\t\t<\/div>\n\t\t<\/section>\n\t\t\t\t<section class=\"elementor-section elementor-top-section elementor-element elementor-element-233ad3a4 elementor-section-boxed elementor-section-height-default elementor-section-height-default\" data-id=\"233ad3a4\" data-element_type=\"section\" data-e-type=\"section\">\n\t\t\t\t\t\t<div class=\"elementor-container elementor-column-gap-default\">\n\t\t\t\t\t<div class=\"elementor-column elementor-col-100 elementor-top-column elementor-element elementor-element-3244e578\" data-id=\"3244e578\" data-element_type=\"column\" data-e-type=\"column\">\n\t\t\t<div class=\"elementor-widget-wrap elementor-element-populated\">\n\t\t\t\t\t\t<section class=\"elementor-section elementor-inner-section elementor-element elementor-element-1a7040c2 elementor-section-content-middle elementor-section-boxed elementor-section-height-default elementor-section-height-default\" data-id=\"1a7040c2\" data-element_type=\"section\" data-e-type=\"section\">\n\t\t\t\t\t\t<div class=\"elementor-container elementor-column-gap-default\">\n\t\t\t\t\t<div class=\"elementor-column elementor-col-50 elementor-inner-column elementor-element elementor-element-58338543\" data-id=\"58338543\" data-element_type=\"column\" data-e-type=\"column\">\n\t\t\t<div class=\"elementor-widget-wrap elementor-element-populated\">\n\t\t\t\t\t\t<div class=\"elementor-element elementor-element-464b2e11 elementor-widget elementor-widget-text-editor\" data-id=\"464b2e11\" data-element_type=\"widget\" data-e-type=\"widget\" data-widget_type=\"text-editor.default\">\n\t\t\t\t<div class=\"elementor-widget-container\">\n\t\t\t\t\t\t\t\t\t<p>Chez Dermo vous pouvez trouver\u00a0<strong>produits de nettoyage en gros<\/strong>\u00a0de haute qualit\u00e9, car nous avons plus de 30 ans d&#039;histoire et d&#039;exp\u00e9rience dans leur conception et leur fabrication. Chez Dermo vous trouverez de nombreux produits, car nous disposons d&#039;un catalogue large et vari\u00e9 class\u00e9 en diff\u00e9rentes sections ; Blanchisserie, lavage manuel de la vaisselle, traitement des sols, nettoyants sp\u00e9cifiques, piscines, assainisseurs d&#039;air, nettoyage de salle de bain, etc.<\/p><p>Vous pourrez trouver<strong>\u00a0produits de nettoyage en gros<\/strong>\u00a0pour le secteur industriel, le secteur h\u00f4telier, le secteur automobile, les maisons de retraite, l&#039;h\u00f4tellerie, l&#039;usage domestique... Chez Dermo, contrairement \u00e0 d&#039;autres entreprises du secteur, nous proposons\u00a0<strong>produits de nettoyage en gros<\/strong>\u00a0Ils ont une formule active puissante, qui vous permet de profiter d&#039;une grande efficacit\u00e9 sans avoir besoin d&#039;utiliser une grande quantit\u00e9 de produit, ce qui vous permettra d&#039;en profiter longtemps. Il s&#039;agit de produits de nettoyage sp\u00e9cifiques, afin que chaque secteur d&#039;activit\u00e9 puisse \u00e9liminer des salet\u00e9s sp\u00e9cifiques, telles que les incrustations de graisse, les taches difficiles, les sols d\u00e9licats, etc.<\/p><p>Nous utilisons des principes actifs biod\u00e9gradables et cela nous permet de r\u00e9aliser un d\u00e9veloppement durable. Notre engagement envers l\u2019environnement a toujours \u00e9t\u00e9 pr\u00e9sent et nous mettons tout en \u0153uvre pour r\u00e9aliser une fabrication et une production durables. En fait, nous avons une ligne de produits biologiques, appel\u00e9e Naturgreen, qui ne contient aucun type de toxique et poss\u00e8de l&#039;\u00e9colabel europ\u00e9en. Il s&#039;agit d&#039;une gamme de d\u00e9tergents naturels qui assurent un nettoyage en profondeur et tr\u00e8s efficace.<\/p>\t\t\t\t\t\t\t\t<\/div>\n\t\t\t\t<\/div>\n\t\t\t\t\t<\/div>\n\t\t<\/div>\n\t\t\t\t<div class=\"elementor-column elementor-col-50 elementor-inner-column elementor-element elementor-element-3347fdf elementor-invisible\" data-id=\"3347fdf\" data-element_type=\"column\" data-e-type=\"column\" data-settings=\"{&quot;animation&quot;:&quot;bounceInRight&quot;}\">\n\t\t\t<div class=\"elementor-widget-wrap elementor-element-populated\">\n\t\t\t\t\t\t<div class=\"elementor-element elementor-element-88466b1 elementor-widget__width-initial elementor-widget elementor-widget-elementskit-contact-form7\" data-id=\"88466b1\" data-element_type=\"widget\" data-e-type=\"widget\" data-widget_type=\"elementskit-contact-form7.default\">\n\t\t\t\t<div class=\"elementor-widget-container\">\n\t\t\t\t\t<div class=\"ekit-wid-con\" ><div class=\"ekit-form\">\n<div class=\"wpcf7 no-js\" id=\"wpcf7-f13292-p13034-o1\" lang=\"es-ES\" dir=\"ltr\" data-wpcf7-id=\"13292\">\n<div class=\"screen-reader-response\"><p role=\"status\" aria-live=\"polite\" aria-atomic=\"true\"><\/p> <ul><\/ul><\/div>\n<form action=\"\/fr\/produits-de-nettoyage-en-gros-3\/#wpcf7-f13292-p13034-o1\" method=\"post\" class=\"wpcf7-form init\" aria-label=\"Formulario de contacto\" novalidate=\"novalidate\" data-status=\"init\" data-no-translation-aria-label=\"\" data-trp-original-action=\"\/pt\/productos-de-limpieza-al-por-mayor\/#wpcf7-f13292-p13034-o1\">\n<fieldset class=\"hidden-fields-container\"><input type=\"hidden\" name=\"_wpcf7\" value=\"13292\" \/><input type=\"hidden\" name=\"_wpcf7_version\" value=\"6.1.5\" \/><input type=\"hidden\" name=\"_wpcf7_locale\" value=\"es_ES\" \/><input type=\"hidden\" name=\"_wpcf7_unit_tag\" value=\"wpcf7-f13292-p13034-o1\" \/><input type=\"hidden\" name=\"_wpcf7_container_post\" value=\"13034\" \/><input type=\"hidden\" name=\"_wpcf7_posted_data_hash\" value=\"\" \/><input type=\"hidden\" name=\"_wpcf7_recaptcha_response\" value=\"\" \/>\n<\/fieldset>\n<div style=\"display: flex; gap: 10px;\">\n\t<div style=\"width: 50%;\">\n\t\t<p><span class=\"wpcf7-form-control-wrap\" data-name=\"your-name\"><input size=\"40\" maxlength=\"400\" class=\"wpcf7-form-control wpcf7-text wpcf7-validates-as-required\" aria-required=\"true\" aria-invalid=\"false\" placeholder=\"Nom\" value=\"\" type=\"text\" name=\"your-name\" \/><\/span>\n\t\t<\/p>\n\t<\/div>\n\t<div style=\"width: 50%;\">\n\t\t<p><span class=\"wpcf7-form-control-wrap\" data-name=\"your-phone\"><input size=\"40\" maxlength=\"400\" class=\"wpcf7-form-control wpcf7-tel wpcf7-validates-as-required wpcf7-text wpcf7-validates-as-tel\" aria-required=\"true\" aria-invalid=\"false\" placeholder=\"T\u00e9l\u00e9phone\" value=\"\" type=\"tel\" name=\"your-phone\" \/><\/span>\n\t\t<\/p>\n\t<\/div>\n<\/div>\n<p><span class=\"wpcf7-form-control-wrap\" data-name=\"your-email\"><input size=\"40\" maxlength=\"400\" class=\"wpcf7-form-control wpcf7-email wpcf7-validates-as-required wpcf7-text wpcf7-validates-as-email\" aria-required=\"true\" aria-invalid=\"false\" placeholder=\"E-mail\" value=\"\" type=\"email\" name=\"your-email\" \/><\/span>\n<\/p>\n<div style=\"display: flex; gap: 10px;\">\n\t<div style=\"width: 50%;\">\n\t\t<p><span class=\"wpcf7-form-control-wrap\" data-name=\"your-country\"><input size=\"40\" maxlength=\"400\" class=\"wpcf7-form-control wpcf7-text wpcf7-validates-as-required\" aria-required=\"true\" aria-invalid=\"false\" placeholder=\"Pays\" value=\"\" type=\"text\" name=\"your-country\" \/><\/span>\n\t\t<\/p>\n\t<\/div>\n\t<div style=\"width: 50%;\">\n\t\t<p><span class=\"wpcf7-form-control-wrap\" data-name=\"your-city\"><input size=\"40\" maxlength=\"400\" class=\"wpcf7-form-control wpcf7-text wpcf7-validates-as-required\" aria-required=\"true\" aria-invalid=\"false\" placeholder=\"Population\" value=\"\" type=\"text\" name=\"your-city\" \/><\/span>\n\t\t<\/p>\n\t<\/div>\n<\/div>\n<p><span class=\"wpcf7-form-control-wrap\" data-name=\"your-subject\"><select class=\"wpcf7-form-control wpcf7-select\" aria-invalid=\"false\" name=\"your-subject\"><option value=\"Quiero ser distribuidor\">Je veux \u00eatre distributeur<\/option><option value=\"Presupuesto\">Budget<\/option><option value=\"Consulta\">Consultation<\/option><option value=\"Sugerencia\">Suggestion<\/option><option value=\"Otros\">Autres<\/option><\/select><\/span>\n<\/p>\n<p><span class=\"wpcf7-form-control-wrap\" data-name=\"your-message\"><textarea cols=\"40\" rows=\"10\" maxlength=\"2000\" class=\"wpcf7-form-control wpcf7-textarea\" aria-invalid=\"false\" placeholder=\"Message ou demande\" name=\"your-message\"><\/textarea><\/span>\n<\/p>\n<div style=\"display: flex; align-items: center; gap: 10px;\">\n\t<p><span class=\"wpcf7-form-control-wrap\" data-name=\"privacy-policy\"><span class=\"wpcf7-form-control wpcf7-acceptance\"><span class=\"wpcf7-list-item\"><input type=\"checkbox\" name=\"privacy-policy\" value=\"1\" aria-invalid=\"false\" \/><\/span><\/span><\/span><label for=\"privacy-policy\" style=\"margin-left: 5px;\">J&#039;ai lu et accept\u00e9 la politique de confidentialit\u00e9.<\/label>\n\t<\/p>\n<\/div>\n<div style=\"display: flex; align-items: center; gap: 10px;\">\n\t<p><span class=\"wpcf7-form-control-wrap\" data-name=\"send-info\"><span class=\"wpcf7-form-control wpcf7-acceptance\"><span class=\"wpcf7-list-item\"><input type=\"checkbox\" name=\"send-info\" value=\"1\" aria-invalid=\"false\" \/><\/span><\/span><\/span><label for=\"send-info\" style=\"margin-left: 5px;\">J&#039;accepte de recevoir des informations.<\/label>\n\t<\/p>\n<\/div>\n<p><input class=\"wpcf7-form-control wpcf7-submit has-spinner\" type=\"submit\" value=\"Envoyer\" \/>\n<\/p><div class=\"wpcf7-response-output\" aria-hidden=\"true\"><\/div>\n<input type=\"hidden\" name=\"trp-form-language\" value=\"fr\"\/><\/form>\n<\/div>\n<\/div><\/div>\t\t\t\t<\/div>\n\t\t\t\t<\/div>\n\t\t\t\t\t<\/div>\n\t\t<\/div>\n\t\t\t\t\t<\/div>\n\t\t<\/section>\n\t\t\t\t<div class=\"elementor-element elementor-element-615d68f elementor-widget elementor-widget-text-editor\" data-id=\"615d68f\" data-element_type=\"widget\" data-e-type=\"widget\" data-widget_type=\"text-editor.default\">\n\t\t\t\t<div class=\"elementor-widget-container\">\n\t\t\t\t\t\t\t\t\t<p>Nous sommes une usine de d\u00e9tergents sp\u00e9cialis\u00e9e, vous pouvez donc trouver&nbsp;<strong>produits de nettoyage en gros<\/strong>&nbsp;sp\u00e9cifique pour diff\u00e9rents types de nettoyage ; Cirages, d\u00e9tergents alcalins, nettoyants acides pour l&#039;industrie alimentaire, gel pour les mains, d\u00e9tartrants, nettoyants sp\u00e9cifiques, traitements pour sols, d\u00e9graissants, assainisseurs d&#039;air, etc. Ou des produits sp\u00e9cifiques pour le secteur automobile, pour le nettoyage des graisses moteur, des selleries, des pneus, de la carrosserie, etc.  Notre cl\u00e9 du succ\u00e8s est de nous efforcer d&#039;apprendre et d&#039;innover chaque jour gr\u00e2ce \u00e0 notre technologie de pointe, \u00e0 l&#039;exp\u00e9rience et au professionnalisme de notre \u00e9quipe, \u00e0 l&#039;utilisation de mat\u00e9riaux de premi\u00e8re qualit\u00e9 et \u00e0 l&#039;utilisation de zones sp\u00e9cifiques et st\u00e9rilis\u00e9es pour la fabrication des produits, comme la salle blanche ou le laboratoire. En plus de continuer \u00e0 nous former pour continuer \u00e0 apprendre, dans le but de perfectionner nos produits et services.<\/p>\n<p>Visitez notre site Web pour d\u00e9couvrir tout ce que nous pouvons faire pour vous et laissez-nous vous aider \u00e0 d\u00e9couvrir tous les produits qui vous permettront de profiter d&#039;un lieu de travail plus propre et plus hygi\u00e9nique, de mani\u00e8re efficace et rapide. Sur notre site Web, vous pouvez \u00e9galement suivre les actualit\u00e9s que nous publions sur notre blog, pour rester \u00e0 jour et apprendre de nouveaux conseils pratiques en mati\u00e8re de nettoyage, tant pour votre entreprise que pour votre maison.<\/p>\n<div class=\"snippet-label-img\"><b>Type de service<\/b><\/div>\n<div class=\"snippet-data-img\">Produits de nettoyage en gros<\/div>\n<div class=\"snippet-clear\">&nbsp;<\/div>\n<div class=\"snippet-label-img\"><b>Nom du fournisseur<\/b><\/div>\n<div class=\"snippet-data-img\">\n<p>Dermo,<\/p>\n<div>C\/ Pintor Joan Miro, 16, Poliny\u00e0, Barcelone-08213,<br>Num\u00e9ro de t\u00e9l\u00e9phone 937 13 35 00<\/div>\n<\/div>\n<div class=\"snippet-clear\">&nbsp;<\/div>\n<div class=\"snippet-label-img\"><b>Zone<\/b><\/div>\n<div class=\"snippet-data-img\">Barcelone<\/div>\n<div class=\"snippet-clear\">&nbsp;<\/div>\n<div class=\"snippet-label-img\"><b>Description<\/b><\/div>\n<div class=\"snippet-data-img\">Chez Dermo, vous pouvez trouver des produits de nettoyage en gros de haute qualit\u00e9, car nous avons plus de 30 ans d&#039;histoire et d&#039;exp\u00e9rience dans leur conception et leur fabrication.<\/div>\t\t\t\t\t\t\t\t<\/div>\n\t\t\t\t<\/div>\n\t\t\t\t\t<\/div>\n\t\t<\/div>\n\t\t\t\t\t<\/div>\n\t\t<\/section>\n\t\t\t\t<section class=\"elementor-section elementor-top-section elementor-element elementor-element-484f41e elementor-section-full_width elementor-section-height-default elementor-section-height-default elementor-invisible\" data-id=\"484f41e\" data-element_type=\"section\" data-e-type=\"section\" data-settings=\"{&quot;animation&quot;:&quot;slideInUp&quot;}\">\n\t\t\t\t\t\t<div class=\"elementor-container elementor-column-gap-default\">\n\t\t\t\t\t<div class=\"elementor-column elementor-col-100 elementor-top-column elementor-element elementor-element-19948363\" data-id=\"19948363\" data-element_type=\"column\" data-e-type=\"column\">\n\t\t\t<div class=\"elementor-widget-wrap elementor-element-populated\">\n\t\t\t\t\t\t<div class=\"elementor-element elementor-element-339044a4 elementor-widget elementor-widget-google_maps\" data-id=\"339044a4\" data-element_type=\"widget\" data-e-type=\"widget\" data-widget_type=\"google_maps.default\">\n\t\t\t\t<div class=\"elementor-widget-container\">\n\t\t\t\t\t\t\t<div class=\"elementor-custom-embed\">\n\t\t\t<iframe loading=\"lazy\"\n\t\t\t\t\tsrc=\"https:\/\/maps.google.com\/maps?q=C%2F%20Pintor%20Joan%20Miro%2C%2016.%20Pol.%20Ind.%20Can%20Humet%20de%20Dalt%2C%2008213%20Poliny%C3%A0.%20Barcelona&#038;t=m&#038;z=15&#038;output=embed&#038;iwloc=near\"\n\t\t\t\t\ttitle=\"C\/ Pintor Joan Miro, 16. Pol. Ind. Can Humet de Dalt, 08213 Poliny\u00e0. Barcelone\"\n\t\t\t\t\taria-label=\"C\/ Pintor Joan Miro, 16. Pol. Ind. Can Humet de Dalt, 08213 Poliny\u00e0. Barcelone\"\n\t\t\t><\/iframe>\n\t\t<\/div>\n\t\t\t\t\t\t<\/div>\n\t\t\t\t<\/div>\n\t\t\t\t\t<\/div>\n\t\t<\/div>\n\t\t\t\t\t<\/div>\n\t\t<\/section>\n\t\t\t\t<\/div>","protected":false},"excerpt":{"rendered":"<p>Chez Dermo, vous trouverez des produits d&#039;entretien en gros de haute qualit\u00e9, gr\u00e2ce \u00e0 plus de 30 ans d&#039;exp\u00e9rience dans la conception et la fabrication de ces produits. Vous trouverez une large gamme de produits chez Dermo gr\u00e2ce \u00e0 notre catalogue complet et vari\u00e9, divis\u00e9 en diff\u00e9rentes cat\u00e9gories\u00a0: lessive, lave-vaisselle, traitements de sols, nettoyants sp\u00e9cifiques, nettoyeurs de piscine, assainisseurs d&#039;air, et bien plus encore.&nbsp;<a href=\"https:\/\/dermo.com\/fr\/produits-de-nettoyage-en-gros-3\/\" rel=\"bookmark\">En savoir plus &quot;<span class=\"screen-reader-text\">Produits de nettoyage en gros<\/span><\/a><\/p>","protected":false},"author":2,"featured_media":0,"parent":0,"menu_order":0,"comment_status":"closed","ping_status":"closed","template":"page-templates\/template-pagebuilder-full-width.php","meta":{"neve_meta_sidebar":"","neve_meta_container":"","neve_meta_enable_content_width":"","neve_meta_content_width":0,"neve_meta_title_alignment":"","neve_meta_author_avatar":"","neve_post_elements_order":"","neve_meta_disable_header":"","neve_meta_disable_footer":"","neve_meta_disable_title":"","footnotes":""},"class_list":["post-13034","page","type-page","status-publish","hentry"],"yoast_head":"<!-- This site is optimized with the Yoast SEO plugin v27.0 - https:\/\/yoast.com\/product\/yoast-seo-wordpress\/ -->\n<title>Productos de limpieza al por mayor - Dermo | F\u00e1brica de detergentes<\/title>\n<meta name=\"robots\" content=\"index, follow, max-snippet:-1, max-image-preview:large, max-video-preview:-1\" \/>\n<link rel=\"canonical\" href=\"https:\/\/dermo.com\/fr\/produits-de-nettoyage-en-gros-3\/\" \/>\n<meta property=\"og:locale\" content=\"fr_FR\" \/>\n<meta property=\"og:type\" content=\"article\" \/>\n<meta property=\"og:title\" content=\"Productos de limpieza al por mayor - Dermo | F\u00e1brica de detergentes\" \/>\n<meta property=\"og:description\" content=\"En Dermo puedes encontrar\u00a0productos de limpieza al por mayor\u00a0de gran calidad, ya que contamos con m\u00e1s de 30 a\u00f1os de historia y de experiencia dise\u00f1\u00e1ndolos y fabric\u00e1ndolos. En Dermo encontrar\u00e1s muchos productos, ya que contamos con un cat\u00e1logo amplio y variado clasificado en distintas secciones; Lavander\u00eda, lavavajillas manual, tratamiento de suelos, limpiadores espec\u00edficos, piscinas, ambientadores,&hellip;&nbsp;Lire la suite &raquo;Productos de limpieza al por mayor\" \/>\n<meta property=\"og:url\" content=\"https:\/\/dermo.com\/fr\/produits-de-nettoyage-en-gros-3\/\" \/>\n<meta property=\"og:site_name\" content=\"Dermo | F\u00e1brica de detergentes\" \/>\n<meta property=\"article:modified_time\" content=\"2025-02-19T11:29:25+00:00\" \/>\n<meta name=\"twitter:card\" content=\"summary_large_image\" \/>\n<meta name=\"twitter:label1\" content=\"Dur\u00e9e de lecture estim\u00e9e\" \/>\n\t<meta name=\"twitter:data1\" content=\"3 minutes\" \/>\n<script type=\"application\/ld+json\" class=\"yoast-schema-graph\">{\"@context\":\"https:\/\/schema.org\",\"@graph\":[{\"@type\":\"WebPage\",\"@id\":\"https:\/\/dermo.com\/productos-de-limpieza-al-por-mayor\/\",\"url\":\"https:\/\/dermo.com\/productos-de-limpieza-al-por-mayor\/\",\"name\":\"Productos de limpieza al por mayor - Dermo | F\u00e1brica de detergentes\",\"isPartOf\":{\"@id\":\"https:\/\/dermo.com\/#website\"},\"datePublished\":\"2025-01-31T10:51:05+00:00\",\"dateModified\":\"2025-02-19T11:29:25+00:00\",\"breadcrumb\":{\"@id\":\"https:\/\/dermo.com\/productos-de-limpieza-al-por-mayor\/#breadcrumb\"},\"inLanguage\":\"fr-FR\",\"potentialAction\":[{\"@type\":\"ReadAction\",\"target\":[\"https:\/\/dermo.com\/productos-de-limpieza-al-por-mayor\/\"]}]},{\"@type\":\"BreadcrumbList\",\"@id\":\"https:\/\/dermo.com\/productos-de-limpieza-al-por-mayor\/#breadcrumb\",\"itemListElement\":[{\"@type\":\"ListItem\",\"position\":1,\"name\":\"Portada\",\"item\":\"https:\/\/dermo.com\/\"},{\"@type\":\"ListItem\",\"position\":2,\"name\":\"Productos de limpieza al por mayor\"}]},{\"@type\":\"WebSite\",\"@id\":\"https:\/\/dermo.com\/#website\",\"url\":\"https:\/\/dermo.com\/\",\"name\":\"Dermo | F\u00e1brica de detergentes\",\"description\":\"Tecnolog\u00eda avanzada, investigaci\u00f3n y desarrollo, respeto por el medio ambiente, competencia, formaci\u00f3n constante y alto nivel de profesionalidad en nuestro equipo humano, empe\u00f1ado en preservar la calidad de vida, la protecci\u00f3n del entorno natural contin\u00faan motiv\u00e1ndonos para desarrollar en nuestros laboratorios nuevos productos con ingredientes activos altamente biodegradables que hacen posible un desarrollo sostenible.\",\"potentialAction\":[{\"@type\":\"SearchAction\",\"target\":{\"@type\":\"EntryPoint\",\"urlTemplate\":\"https:\/\/dermo.com\/?s={search_term_string}\"},\"query-input\":{\"@type\":\"PropertyValueSpecification\",\"valueRequired\":true,\"valueName\":\"search_term_string\"}}],\"inLanguage\":\"fr-FR\"}]}<\/script>\n<!-- \/ Yoast SEO plugin. -->","yoast_head_json":{"title":"Produits d&#039;entretien en gros - Dermo | Usine de d\u00e9tergents","robots":{"index":"index","follow":"follow","max-snippet":"max-snippet:-1","max-image-preview":"max-image-preview:large","max-video-preview":"max-video-preview:-1"},"canonical":"https:\/\/dermo.com\/fr\/produits-de-nettoyage-en-gros-3\/","og_locale":"fr_FR","og_type":"article","og_title":"Productos de limpieza al por mayor - Dermo | F\u00e1brica de detergentes","og_description":"En Dermo puedes encontrar\u00a0productos de limpieza al por mayor\u00a0de gran calidad, ya que contamos con m\u00e1s de 30 a\u00f1os de historia y de experiencia dise\u00f1\u00e1ndolos y fabric\u00e1ndolos. En Dermo encontrar\u00e1s muchos productos, ya que contamos con un cat\u00e1logo amplio y variado clasificado en distintas secciones; Lavander\u00eda, lavavajillas manual, tratamiento de suelos, limpiadores espec\u00edficos, piscinas, ambientadores,&hellip;&nbsp;Lire la suite &raquo;Productos de limpieza al por mayor","og_url":"https:\/\/dermo.com\/fr\/produits-de-nettoyage-en-gros-3\/","og_site_name":"Dermo | F\u00e1brica de detergentes","article_modified_time":"2025-02-19T11:29:25+00:00","twitter_card":"summary_large_image","twitter_misc":{"Dur\u00e9e de lecture estim\u00e9e":"3 minutes"},"schema":{"@context":"https:\/\/schema.org","@graph":[{"@type":"WebPage","@id":"https:\/\/dermo.com\/productos-de-limpieza-al-por-mayor\/","url":"https:\/\/dermo.com\/productos-de-limpieza-al-por-mayor\/","name":"Produits d&#039;entretien en gros - Dermo | Usine de d\u00e9tergents","isPartOf":{"@id":"https:\/\/dermo.com\/#website"},"datePublished":"2025-01-31T10:51:05+00:00","dateModified":"2025-02-19T11:29:25+00:00","breadcrumb":{"@id":"https:\/\/dermo.com\/productos-de-limpieza-al-por-mayor\/#breadcrumb"},"inLanguage":"fr-FR","potentialAction":[{"@type":"ReadAction","target":["https:\/\/dermo.com\/productos-de-limpieza-al-por-mayor\/"]}]},{"@type":"BreadcrumbList","@id":"https:\/\/dermo.com\/productos-de-limpieza-al-por-mayor\/#breadcrumb","itemListElement":[{"@type":"ListItem","position":1,"name":"Portada","item":"https:\/\/dermo.com\/"},{"@type":"ListItem","position":2,"name":"Productos de limpieza al por mayor"}]},{"@type":"WebSite","@id":"https:\/\/dermo.com\/#website","url":"https:\/\/dermo.com\/","name":"Dermo | usine de d\u00e9tergents","description":"Technologie avanc\u00e9e, recherche et d\u00e9veloppement, respect de l&#039;environnement, comp\u00e9tence, formation constante et haut niveau de professionnalisme de notre \u00e9quipe humaine, engag\u00e9e \u00e0 pr\u00e9server la qualit\u00e9 de vie, la protection de l&#039;environnement naturel continuent de nous motiver \u00e0 d\u00e9velopper de nouveaux produits dans notre laboratoires aux principes actifs hautement biod\u00e9gradables qui rendent possible le d\u00e9veloppement durable.","potentialAction":[{"@type":"SearchAction","target":{"@type":"EntryPoint","urlTemplate":"https:\/\/dermo.com\/?s={search_term_string}"},"query-input":{"@type":"PropertyValueSpecification","valueRequired":true,"valueName":"search_term_string"}}],"inLanguage":"fr-FR"}]}},"_links":{"self":[{"href":"https:\/\/dermo.com\/fr\/wp-json\/wp\/v2\/pages\/13034","targetHints":{"allow":["GET"]}}],"collection":[{"href":"https:\/\/dermo.com\/fr\/wp-json\/wp\/v2\/pages"}],"about":[{"href":"https:\/\/dermo.com\/fr\/wp-json\/wp\/v2\/types\/page"}],"author":[{"embeddable":true,"href":"https:\/\/dermo.com\/fr\/wp-json\/wp\/v2\/users\/2"}],"replies":[{"embeddable":true,"href":"https:\/\/dermo.com\/fr\/wp-json\/wp\/v2\/comments?post=13034"}],"version-history":[{"count":7,"href":"https:\/\/dermo.com\/fr\/wp-json\/wp\/v2\/pages\/13034\/revisions"}],"predecessor-version":[{"id":13678,"href":"https:\/\/dermo.com\/fr\/wp-json\/wp\/v2\/pages\/13034\/revisions\/13678"}],"wp:attachment":[{"href":"https:\/\/dermo.com\/fr\/wp-json\/wp\/v2\/media?parent=13034"}],"curies":[{"name":"wp","href":"https:\/\/api.w.org\/{rel}","templated":true}]}}