{"id":13047,"date":"2025-01-31T11:54:45","date_gmt":"2025-01-31T10:54:45","guid":{"rendered":"https:\/\/dermo.com\/?page_id=13047"},"modified":"2025-02-19T11:51:01","modified_gmt":"2025-02-19T10:51:01","slug":"entreprise-de-produits-de-nettoyage","status":"publish","type":"page","link":"https:\/\/dermo.com\/fr\/entreprise-de-produits-de-nettoyage\/","title":{"rendered":"Entreprise de produits de nettoyage"},"content":{"rendered":"<div data-elementor-type=\"wp-page\" data-elementor-id=\"13047\" class=\"elementor elementor-13047\" data-elementor-post-type=\"page\">\n\t\t\t\t\t\t<section class=\"elementor-section elementor-top-section elementor-element elementor-element-a02683f elementor-section-boxed elementor-section-height-default elementor-section-height-default\" data-id=\"a02683f\" data-element_type=\"section\" data-e-type=\"section\" data-settings=\"{&quot;background_background&quot;:&quot;classic&quot;}\">\n\t\t\t\t\t\t\t<div class=\"elementor-background-overlay\"><\/div>\n\t\t\t\t\t\t\t<div class=\"elementor-container elementor-column-gap-default\">\n\t\t\t\t\t<div class=\"elementor-column elementor-col-100 elementor-top-column elementor-element elementor-element-f99dbff\" data-id=\"f99dbff\" data-element_type=\"column\" data-e-type=\"column\">\n\t\t\t<div class=\"elementor-widget-wrap elementor-element-populated\">\n\t\t\t\t\t\t\t<\/div>\n\t\t<\/div>\n\t\t\t\t\t<\/div>\n\t\t<\/section>\n\t\t\t\t<section class=\"elementor-section elementor-top-section elementor-element elementor-element-233ad3a4 elementor-section-boxed elementor-section-height-default elementor-section-height-default\" data-id=\"233ad3a4\" data-element_type=\"section\" data-e-type=\"section\">\n\t\t\t\t\t\t<div class=\"elementor-container elementor-column-gap-default\">\n\t\t\t\t\t<div class=\"elementor-column elementor-col-100 elementor-top-column elementor-element elementor-element-3244e578\" data-id=\"3244e578\" data-element_type=\"column\" data-e-type=\"column\">\n\t\t\t<div class=\"elementor-widget-wrap elementor-element-populated\">\n\t\t\t\t\t\t<section class=\"elementor-section elementor-inner-section elementor-element elementor-element-1a7040c2 elementor-section-content-middle elementor-section-boxed elementor-section-height-default elementor-section-height-default\" data-id=\"1a7040c2\" data-element_type=\"section\" data-e-type=\"section\">\n\t\t\t\t\t\t<div class=\"elementor-container elementor-column-gap-default\">\n\t\t\t\t\t<div class=\"elementor-column elementor-col-50 elementor-inner-column elementor-element elementor-element-58338543\" data-id=\"58338543\" data-element_type=\"column\" data-e-type=\"column\">\n\t\t\t<div class=\"elementor-widget-wrap elementor-element-populated\">\n\t\t\t\t\t\t<div class=\"elementor-element elementor-element-464b2e11 elementor-widget elementor-widget-text-editor\" data-id=\"464b2e11\" data-element_type=\"widget\" data-e-type=\"widget\" data-widget_type=\"text-editor.default\">\n\t\t\t\t<div class=\"elementor-widget-container\">\n\t\t\t\t\t\t\t\t\t<h4><strong>Chaque jour nous allons plus loin avec notre entreprise de produits de nettoyage<\/strong><\/h4><p>Nos 30 ann\u00e9es d\u2019exp\u00e9rience nous ont permis d\u2019ouvrir les portes du march\u00e9 du nettoyage et de l\u2019hygi\u00e8ne et de faire en sorte que nos produits atteignent d\u00e9sormais quatre continents diff\u00e9rents et un total de 32 pays. Cependant, depuis notre si\u00e8ge social, situ\u00e9 \u00e0 Poliny\u00e0, Barcelone, nous continuons \u00e0 travailler sur notre internationalisation et nous pr\u00e9voyons de nouvelles ouvertures qui r\u00e9pondent aux besoins de nos clients. Parmi les secteurs dans lesquels nous divisons nos domaines d&#039;activit\u00e9, par exemple, nous en avons sp\u00e9cifiquement consacr\u00e9 un au continent africain apr\u00e8s avoir d\u00e9tect\u00e9 des besoins tr\u00e8s diff\u00e9rents en termes de formats, de pr\u00e9sentations, de qualit\u00e9s et de syst\u00e8mes d&#039;application. L&#039;un de nos principaux objectifs pour l&#039;avenir est donc de consacrer des efforts visant \u00e0 fournir des r\u00e9ponses efficaces \u00e0 ces besoins de nos distributeurs et clients \u00e9galement en Afrique.<\/p><h3 style=\"margin-bottom: 10px; overflow-wrap: break-word; clear: none; color: #333333; font-variant-numeric: normal; font-variant-east-asian: normal; font-variant-alternates: normal; font-size-adjust: none; font-kerning: auto; font-optical-sizing: auto; font-feature-settings: normal; font-variation-settings: normal; font-variant-position: normal; font-variant-emoji: normal; font-weight: bold; font-stretch: normal; font-size: 24px; line-height: 34px; font-family: Roboto, Helvetica, Arial, Verdana, sans-serif; text-transform: none; letter-spacing: normal; word-spacing: 0px;\"><span style=\"padding: 0px; margin: 0px;\">Les secteurs dans lesquels notre entreprise de produits de nettoyage s&#039;est sp\u00e9cialis\u00e9e<\/span><\/h3><p style=\"margin-bottom: 10px; overflow-wrap: break-word; color: #8b8d94; font-family: Roboto, Helvetica, Arial, Verdana, sans-serif;\"><span style=\"padding: 0px; margin: 0px; font-weight: bold;\">H\u00f4tels:<\/span>\u00a0Nous disposons de produits sp\u00e9cialis\u00e9s pour garantir la propret\u00e9 et l&#039;hygi\u00e8ne d&#039;un \u00e9tablissement h\u00f4telier, non seulement pour respecter les normes et r\u00e9glementations de qualit\u00e9, mais aussi parce que c&#039;est l&#039;un des aspects les plus appr\u00e9ci\u00e9s par ses utilisateurs. C&#039;est pour cela que les diff\u00e9rents domaines sont pris en compte. Pour les espaces communs, nous accordons une attention particuli\u00e8re \u00e0 offrir une image parfaite et un ar\u00f4me confortable et relaxant pour inviter les invit\u00e9s \u00e0 s\u00e9journer dans les lieux. Dans les pi\u00e8ces priv\u00e9es, comme les chambres, chaque d\u00e9tail doit \u00e9galement \u00eatre soign\u00e9, de la literie aux toilettes en passant par la propret\u00e9 g\u00e9n\u00e9rale, cr\u00e9ant un environnement confortable qui invite \u00e0 la d\u00e9tente.<\/p>\t\t\t\t\t\t\t\t<\/div>\n\t\t\t\t<\/div>\n\t\t\t\t\t<\/div>\n\t\t<\/div>\n\t\t\t\t<div class=\"elementor-column elementor-col-50 elementor-inner-column elementor-element elementor-element-ee9fe4f elementor-invisible\" data-id=\"ee9fe4f\" data-element_type=\"column\" data-e-type=\"column\" data-settings=\"{&quot;animation&quot;:&quot;bounceInRight&quot;}\">\n\t\t\t<div class=\"elementor-widget-wrap elementor-element-populated\">\n\t\t\t\t\t\t<div class=\"elementor-element elementor-element-5756e47 elementor-widget elementor-widget-elementskit-contact-form7\" data-id=\"5756e47\" data-element_type=\"widget\" data-e-type=\"widget\" data-widget_type=\"elementskit-contact-form7.default\">\n\t\t\t\t<div class=\"elementor-widget-container\">\n\t\t\t\t\t<div class=\"ekit-wid-con\" ><div class=\"ekit-form\">\n<div class=\"wpcf7 no-js\" id=\"wpcf7-f13292-p13047-o1\" lang=\"es-ES\" dir=\"ltr\" data-wpcf7-id=\"13292\">\n<div class=\"screen-reader-response\"><p role=\"status\" aria-live=\"polite\" aria-atomic=\"true\"><\/p> <ul><\/ul><\/div>\n<form action=\"\/fr\/entreprise-de-produits-de-nettoyage\/#wpcf7-f13292-p13047-o1\" method=\"post\" class=\"wpcf7-form init\" aria-label=\"Formulario de contacto\" novalidate=\"novalidate\" data-status=\"init\" data-no-translation-aria-label=\"\" data-trp-original-action=\"\/fr\/empresa-productos-de-limpieza\/#wpcf7-f13292-p13047-o1\">\n<fieldset class=\"hidden-fields-container\"><input type=\"hidden\" name=\"_wpcf7\" value=\"13292\" \/><input type=\"hidden\" name=\"_wpcf7_version\" value=\"6.1.5\" \/><input type=\"hidden\" name=\"_wpcf7_locale\" value=\"es_ES\" \/><input type=\"hidden\" name=\"_wpcf7_unit_tag\" value=\"wpcf7-f13292-p13047-o1\" \/><input type=\"hidden\" name=\"_wpcf7_container_post\" value=\"13047\" \/><input type=\"hidden\" name=\"_wpcf7_posted_data_hash\" value=\"\" \/><input type=\"hidden\" name=\"_wpcf7_recaptcha_response\" value=\"\" \/>\n<\/fieldset>\n<div style=\"display: flex; gap: 10px;\">\n\t<div style=\"width: 50%;\">\n\t\t<p><span class=\"wpcf7-form-control-wrap\" data-name=\"your-name\"><input size=\"40\" maxlength=\"400\" class=\"wpcf7-form-control wpcf7-text wpcf7-validates-as-required\" aria-required=\"true\" aria-invalid=\"false\" placeholder=\"Nom\" value=\"\" type=\"text\" name=\"your-name\" \/><\/span>\n\t\t<\/p>\n\t<\/div>\n\t<div style=\"width: 50%;\">\n\t\t<p><span class=\"wpcf7-form-control-wrap\" data-name=\"your-phone\"><input size=\"40\" maxlength=\"400\" class=\"wpcf7-form-control wpcf7-tel wpcf7-validates-as-required wpcf7-text wpcf7-validates-as-tel\" aria-required=\"true\" aria-invalid=\"false\" placeholder=\"T\u00e9l\u00e9phone\" value=\"\" type=\"tel\" name=\"your-phone\" \/><\/span>\n\t\t<\/p>\n\t<\/div>\n<\/div>\n<p><span class=\"wpcf7-form-control-wrap\" data-name=\"your-email\"><input size=\"40\" maxlength=\"400\" class=\"wpcf7-form-control wpcf7-email wpcf7-validates-as-required wpcf7-text wpcf7-validates-as-email\" aria-required=\"true\" aria-invalid=\"false\" placeholder=\"E-mail\" value=\"\" type=\"email\" name=\"your-email\" \/><\/span>\n<\/p>\n<div style=\"display: flex; gap: 10px;\">\n\t<div style=\"width: 50%;\">\n\t\t<p><span class=\"wpcf7-form-control-wrap\" data-name=\"your-country\"><input size=\"40\" maxlength=\"400\" class=\"wpcf7-form-control wpcf7-text wpcf7-validates-as-required\" aria-required=\"true\" aria-invalid=\"false\" placeholder=\"Pays\" value=\"\" type=\"text\" name=\"your-country\" \/><\/span>\n\t\t<\/p>\n\t<\/div>\n\t<div style=\"width: 50%;\">\n\t\t<p><span class=\"wpcf7-form-control-wrap\" data-name=\"your-city\"><input size=\"40\" maxlength=\"400\" class=\"wpcf7-form-control wpcf7-text wpcf7-validates-as-required\" aria-required=\"true\" aria-invalid=\"false\" placeholder=\"Population\" value=\"\" type=\"text\" name=\"your-city\" \/><\/span>\n\t\t<\/p>\n\t<\/div>\n<\/div>\n<p><span class=\"wpcf7-form-control-wrap\" data-name=\"your-subject\"><select class=\"wpcf7-form-control wpcf7-select\" aria-invalid=\"false\" name=\"your-subject\"><option value=\"Quiero ser distribuidor\">Je veux \u00eatre distributeur<\/option><option value=\"Presupuesto\">Budget<\/option><option value=\"Consulta\">Consultation<\/option><option value=\"Sugerencia\">Suggestion<\/option><option value=\"Otros\">Autres<\/option><\/select><\/span>\n<\/p>\n<p><span class=\"wpcf7-form-control-wrap\" data-name=\"your-message\"><textarea cols=\"40\" rows=\"10\" maxlength=\"2000\" class=\"wpcf7-form-control wpcf7-textarea\" aria-invalid=\"false\" placeholder=\"Message ou demande\" name=\"your-message\"><\/textarea><\/span>\n<\/p>\n<div style=\"display: flex; align-items: center; gap: 10px;\">\n\t<p><span class=\"wpcf7-form-control-wrap\" data-name=\"privacy-policy\"><span class=\"wpcf7-form-control wpcf7-acceptance\"><span class=\"wpcf7-list-item\"><input type=\"checkbox\" name=\"privacy-policy\" value=\"1\" aria-invalid=\"false\" \/><\/span><\/span><\/span><label for=\"privacy-policy\" style=\"margin-left: 5px;\">J&#039;ai lu et accept\u00e9 la politique de confidentialit\u00e9.<\/label>\n\t<\/p>\n<\/div>\n<div style=\"display: flex; align-items: center; gap: 10px;\">\n\t<p><span class=\"wpcf7-form-control-wrap\" data-name=\"send-info\"><span class=\"wpcf7-form-control wpcf7-acceptance\"><span class=\"wpcf7-list-item\"><input type=\"checkbox\" name=\"send-info\" value=\"1\" aria-invalid=\"false\" \/><\/span><\/span><\/span><label for=\"send-info\" style=\"margin-left: 5px;\">J&#039;accepte de recevoir des informations.<\/label>\n\t<\/p>\n<\/div>\n<p><input class=\"wpcf7-form-control wpcf7-submit has-spinner\" type=\"submit\" value=\"Envoyer\" \/>\n<\/p><div class=\"wpcf7-response-output\" aria-hidden=\"true\"><\/div>\n<input type=\"hidden\" name=\"trp-form-language\" value=\"fr\"\/><\/form>\n<\/div>\n<\/div><\/div>\t\t\t\t<\/div>\n\t\t\t\t<\/div>\n\t\t\t\t\t<\/div>\n\t\t<\/div>\n\t\t\t\t\t<\/div>\n\t\t<\/section>\n\t\t\t\t<div class=\"elementor-element elementor-element-615d68f elementor-widget elementor-widget-text-editor\" data-id=\"615d68f\" data-element_type=\"widget\" data-e-type=\"widget\" data-widget_type=\"text-editor.default\">\n\t\t\t\t<div class=\"elementor-widget-container\">\n\t\t\t\t\t\t\t\t\t<p><strong>Maisons de retraite :<\/strong>\u00a0Notre entreprise de produits de nettoyage est consciente de l&#039;importance des facteurs de d\u00e9sinfection et d&#039;hygi\u00e8ne dans les maisons de retraite, car parfois les r\u00e9sidents de ces centres sont des personnes atteintes de maladies chroniques et d&#039;un \u00e9tat de sant\u00e9 d\u00e9licat. Non seulement pour faire une bonne premi\u00e8re impression aupr\u00e8s des visiteurs, mais aussi pour assurer le bien-\u00eatre des r\u00e9sidents, la propret\u00e9 et l\u2019hygi\u00e8ne de l\u2019espace d\u2019accueil, des espaces communs, des chambres et des salles de bain sont essentielles.<\/p><p><strong>Restauration:<\/strong>\u00a0Les clients que re\u00e7oit votre restaurant ou \u00e9tablissement appr\u00e9cieront de nombreux aspects de celui-ci. La propret\u00e9, l\u2019odeur et l\u2019hygi\u00e8ne sont essentielles, car une partie de l\u2019\u00e9valuation de vos invit\u00e9s en d\u00e9pendra. De plus, l\u2019hygi\u00e8ne en cuisine n\u2019est pas seulement importante pour les r\u00e9glementations sanitaires, mais elle permettra \u00e9galement \u00e0 votre client de se sentir en s\u00e9curit\u00e9 et en confiance pour y consommer.<\/p><p><strong>Services de nettoyage :<\/strong>\u00a0Les entreprises de nettoyage doivent disposer des meilleurs produits pour garantir le meilleur service. Notre\u00a0<strong>entreprise de produits de nettoyage<\/strong>\u00a0propose une gamme brillante de solutions performantes et faciles \u00e0 appliquer pour r\u00e9pondre \u00e0 tous les besoins dans le domaine de l&#039;entretien des surfaces, des b\u00e2timents, des meubles, des salles de bains, des bureaux, des gares, des a\u00e9roports ou d&#039;autres points de rencontre o\u00f9 se produisent de grandes foules de personnes.<\/p><p><strong>Industrie et automobile :<\/strong>\u00a0Le nettoyage en profondeur dans les installations et usines industrielles, les usines et les usines de traitement n\u00e9cessite des produits sp\u00e9cialis\u00e9s avec un niveau de concentration \u00e9lev\u00e9 pour assainir et d\u00e9sinfecter afin d&#039;\u00e9viter la contamination crois\u00e9e. Dermo,\u00a0<strong>entreprise de produits de nettoyage,\u00a0<\/strong>\u00a0a travaill\u00e9 sur une gamme de produits pour le secteur automobile qui r\u00e9pond \u00e0 tous les besoins li\u00e9s au traitement et au nettoyage des pneus, carrosseries, tableaux de bord, moteurs et selleries, aussi bien pour les v\u00e9hicules de tourisme que pour les camions et les trains, tracteurs, bateaux...<\/p>\t\t\t\t\t\t\t\t<\/div>\n\t\t\t\t<\/div>\n\t\t\t\t\t<\/div>\n\t\t<\/div>\n\t\t\t\t\t<\/div>\n\t\t<\/section>\n\t\t\t\t<section class=\"elementor-section elementor-top-section elementor-element elementor-element-484f41e elementor-section-full_width elementor-section-height-default elementor-section-height-default elementor-invisible\" data-id=\"484f41e\" data-element_type=\"section\" data-e-type=\"section\" data-settings=\"{&quot;animation&quot;:&quot;slideInUp&quot;}\">\n\t\t\t\t\t\t<div class=\"elementor-container elementor-column-gap-default\">\n\t\t\t\t\t<div class=\"elementor-column elementor-col-100 elementor-top-column elementor-element elementor-element-19948363\" data-id=\"19948363\" data-element_type=\"column\" data-e-type=\"column\">\n\t\t\t<div class=\"elementor-widget-wrap elementor-element-populated\">\n\t\t\t\t\t\t<div class=\"elementor-element elementor-element-339044a4 elementor-widget elementor-widget-google_maps\" data-id=\"339044a4\" data-element_type=\"widget\" data-e-type=\"widget\" data-widget_type=\"google_maps.default\">\n\t\t\t\t<div class=\"elementor-widget-container\">\n\t\t\t\t\t\t\t<div class=\"elementor-custom-embed\">\n\t\t\t<iframe loading=\"lazy\"\n\t\t\t\t\tsrc=\"https:\/\/maps.google.com\/maps?q=C%2F%20Pintor%20Joan%20Miro%2C%2016.%20Pol.%20Ind.%20Can%20Humet%20de%20Dalt%2C%2008213%20Poliny%C3%A0.%20Barcelona&#038;t=m&#038;z=15&#038;output=embed&#038;iwloc=near\"\n\t\t\t\t\ttitle=\"C\/ Pintor Joan Miro, 16. Pol. Ind. Can Humet de Dalt, 08213 Poliny\u00e0. Barcelone\"\n\t\t\t\t\taria-label=\"C\/ Pintor Joan Miro, 16. Pol. Ind. Can Humet de Dalt, 08213 Poliny\u00e0. Barcelone\"\n\t\t\t><\/iframe>\n\t\t<\/div>\n\t\t\t\t\t\t<\/div>\n\t\t\t\t<\/div>\n\t\t\t\t\t<\/div>\n\t\t<\/div>\n\t\t\t\t\t<\/div>\n\t\t<\/section>\n\t\t\t\t<\/div>","protected":false},"excerpt":{"rendered":"<p>Notre entreprise de produits d&#039;entretien se d\u00e9veloppe chaque jour davantage. Forts de 30 ans d&#039;exp\u00e9rience, nous avons conquis le march\u00e9 du nettoyage et de l&#039;hygi\u00e8ne. Nos produits sont d\u00e9sormais disponibles sur quatre continents et dans 32 pays. Cependant, depuis notre si\u00e8ge social, situ\u00e9\u2026&nbsp;<a href=\"https:\/\/dermo.com\/fr\/entreprise-de-produits-de-nettoyage\/\" rel=\"bookmark\">En savoir plus &quot;<span class=\"screen-reader-text\">Entreprise de produits de nettoyage<\/span><\/a><\/p>","protected":false},"author":2,"featured_media":0,"parent":0,"menu_order":0,"comment_status":"closed","ping_status":"closed","template":"page-templates\/template-pagebuilder-full-width.php","meta":{"neve_meta_sidebar":"","neve_meta_container":"","neve_meta_enable_content_width":"","neve_meta_content_width":0,"neve_meta_title_alignment":"","neve_meta_author_avatar":"","neve_post_elements_order":"","neve_meta_disable_header":"","neve_meta_disable_footer":"","neve_meta_disable_title":"","footnotes":""},"class_list":["post-13047","page","type-page","status-publish","hentry"],"yoast_head":"<!-- This site is optimized with the Yoast SEO plugin v27.0 - https:\/\/yoast.com\/product\/yoast-seo-wordpress\/ -->\n<title>Empresa productos de limpieza - Dermo | F\u00e1brica de detergentes<\/title>\n<meta name=\"robots\" content=\"index, follow, max-snippet:-1, max-image-preview:large, max-video-preview:-1\" \/>\n<link rel=\"canonical\" href=\"https:\/\/dermo.com\/fr\/entreprise-de-produits-de-nettoyage\/\" \/>\n<meta property=\"og:locale\" content=\"fr_FR\" \/>\n<meta property=\"og:type\" content=\"article\" \/>\n<meta property=\"og:title\" content=\"Empresa productos de limpieza - Dermo | F\u00e1brica de detergentes\" \/>\n<meta property=\"og:description\" content=\"Cada d\u00eda llegando m\u00e1s lejos con nuestra empresa de productos de limpieza Nuestros 30 a\u00f1os de experiencia nos han permitido abrirnos puertas en el mercado de la limpieza y la higiene y conseguir que nuestros productos lleguen ya a cuatro continentes distintos y a un total de 32 pa\u00edses. Sin embargo, desde nuestra central, situada&hellip;&nbsp;Lire la suite &raquo;Empresa productos de limpieza\" \/>\n<meta property=\"og:url\" content=\"https:\/\/dermo.com\/fr\/entreprise-de-produits-de-nettoyage\/\" \/>\n<meta property=\"og:site_name\" content=\"Dermo | F\u00e1brica de detergentes\" \/>\n<meta property=\"article:modified_time\" content=\"2025-02-19T10:51:01+00:00\" \/>\n<meta name=\"twitter:card\" content=\"summary_large_image\" \/>\n<meta name=\"twitter:label1\" content=\"Dur\u00e9e de lecture estim\u00e9e\" \/>\n\t<meta name=\"twitter:data1\" content=\"3 minutes\" \/>\n<script type=\"application\/ld+json\" class=\"yoast-schema-graph\">{\"@context\":\"https:\/\/schema.org\",\"@graph\":[{\"@type\":\"WebPage\",\"@id\":\"https:\/\/dermo.com\/empresa-productos-de-limpieza\/\",\"url\":\"https:\/\/dermo.com\/empresa-productos-de-limpieza\/\",\"name\":\"Empresa productos de limpieza - Dermo | F\u00e1brica de detergentes\",\"isPartOf\":{\"@id\":\"https:\/\/dermo.com\/#website\"},\"datePublished\":\"2025-01-31T10:54:45+00:00\",\"dateModified\":\"2025-02-19T10:51:01+00:00\",\"breadcrumb\":{\"@id\":\"https:\/\/dermo.com\/empresa-productos-de-limpieza\/#breadcrumb\"},\"inLanguage\":\"fr-FR\",\"potentialAction\":[{\"@type\":\"ReadAction\",\"target\":[\"https:\/\/dermo.com\/empresa-productos-de-limpieza\/\"]}]},{\"@type\":\"BreadcrumbList\",\"@id\":\"https:\/\/dermo.com\/empresa-productos-de-limpieza\/#breadcrumb\",\"itemListElement\":[{\"@type\":\"ListItem\",\"position\":1,\"name\":\"Portada\",\"item\":\"https:\/\/dermo.com\/\"},{\"@type\":\"ListItem\",\"position\":2,\"name\":\"Empresa productos de limpieza\"}]},{\"@type\":\"WebSite\",\"@id\":\"https:\/\/dermo.com\/#website\",\"url\":\"https:\/\/dermo.com\/\",\"name\":\"Dermo | F\u00e1brica de detergentes\",\"description\":\"Tecnolog\u00eda avanzada, investigaci\u00f3n y desarrollo, respeto por el medio ambiente, competencia, formaci\u00f3n constante y alto nivel de profesionalidad en nuestro equipo humano, empe\u00f1ado en preservar la calidad de vida, la protecci\u00f3n del entorno natural contin\u00faan motiv\u00e1ndonos para desarrollar en nuestros laboratorios nuevos productos con ingredientes activos altamente biodegradables que hacen posible un desarrollo sostenible.\",\"potentialAction\":[{\"@type\":\"SearchAction\",\"target\":{\"@type\":\"EntryPoint\",\"urlTemplate\":\"https:\/\/dermo.com\/?s={search_term_string}\"},\"query-input\":{\"@type\":\"PropertyValueSpecification\",\"valueRequired\":true,\"valueName\":\"search_term_string\"}}],\"inLanguage\":\"fr-FR\"}]}<\/script>\n<!-- \/ Yoast SEO plugin. -->","yoast_head_json":{"title":"Entreprise de produits d&#039;entretien - Dermo | Usine de d\u00e9tergents","robots":{"index":"index","follow":"follow","max-snippet":"max-snippet:-1","max-image-preview":"max-image-preview:large","max-video-preview":"max-video-preview:-1"},"canonical":"https:\/\/dermo.com\/fr\/entreprise-de-produits-de-nettoyage\/","og_locale":"fr_FR","og_type":"article","og_title":"Empresa productos de limpieza - Dermo | F\u00e1brica de detergentes","og_description":"Cada d\u00eda llegando m\u00e1s lejos con nuestra empresa de productos de limpieza Nuestros 30 a\u00f1os de experiencia nos han permitido abrirnos puertas en el mercado de la limpieza y la higiene y conseguir que nuestros productos lleguen ya a cuatro continentes distintos y a un total de 32 pa\u00edses. Sin embargo, desde nuestra central, situada&hellip;&nbsp;Lire la suite &raquo;Empresa productos de limpieza","og_url":"https:\/\/dermo.com\/fr\/entreprise-de-produits-de-nettoyage\/","og_site_name":"Dermo | F\u00e1brica de detergentes","article_modified_time":"2025-02-19T10:51:01+00:00","twitter_card":"summary_large_image","twitter_misc":{"Dur\u00e9e de lecture estim\u00e9e":"3 minutes"},"schema":{"@context":"https:\/\/schema.org","@graph":[{"@type":"WebPage","@id":"https:\/\/dermo.com\/empresa-productos-de-limpieza\/","url":"https:\/\/dermo.com\/empresa-productos-de-limpieza\/","name":"Entreprise de produits d&#039;entretien - Dermo | Usine de d\u00e9tergents","isPartOf":{"@id":"https:\/\/dermo.com\/#website"},"datePublished":"2025-01-31T10:54:45+00:00","dateModified":"2025-02-19T10:51:01+00:00","breadcrumb":{"@id":"https:\/\/dermo.com\/empresa-productos-de-limpieza\/#breadcrumb"},"inLanguage":"fr-FR","potentialAction":[{"@type":"ReadAction","target":["https:\/\/dermo.com\/empresa-productos-de-limpieza\/"]}]},{"@type":"BreadcrumbList","@id":"https:\/\/dermo.com\/empresa-productos-de-limpieza\/#breadcrumb","itemListElement":[{"@type":"ListItem","position":1,"name":"Portada","item":"https:\/\/dermo.com\/"},{"@type":"ListItem","position":2,"name":"Empresa productos de limpieza"}]},{"@type":"WebSite","@id":"https:\/\/dermo.com\/#website","url":"https:\/\/dermo.com\/","name":"Dermo | usine de d\u00e9tergents","description":"Technologie avanc\u00e9e, recherche et d\u00e9veloppement, respect de l&#039;environnement, comp\u00e9tence, formation constante et haut niveau de professionnalisme de notre \u00e9quipe humaine, engag\u00e9e \u00e0 pr\u00e9server la qualit\u00e9 de vie, la protection de l&#039;environnement naturel continuent de nous motiver \u00e0 d\u00e9velopper de nouveaux produits dans notre laboratoires aux principes actifs hautement biod\u00e9gradables qui rendent possible le d\u00e9veloppement durable.","potentialAction":[{"@type":"SearchAction","target":{"@type":"EntryPoint","urlTemplate":"https:\/\/dermo.com\/?s={search_term_string}"},"query-input":{"@type":"PropertyValueSpecification","valueRequired":true,"valueName":"search_term_string"}}],"inLanguage":"fr-FR"}]}},"_links":{"self":[{"href":"https:\/\/dermo.com\/fr\/wp-json\/wp\/v2\/pages\/13047","targetHints":{"allow":["GET"]}}],"collection":[{"href":"https:\/\/dermo.com\/fr\/wp-json\/wp\/v2\/pages"}],"about":[{"href":"https:\/\/dermo.com\/fr\/wp-json\/wp\/v2\/types\/page"}],"author":[{"embeddable":true,"href":"https:\/\/dermo.com\/fr\/wp-json\/wp\/v2\/users\/2"}],"replies":[{"embeddable":true,"href":"https:\/\/dermo.com\/fr\/wp-json\/wp\/v2\/comments?post=13047"}],"version-history":[{"count":7,"href":"https:\/\/dermo.com\/fr\/wp-json\/wp\/v2\/pages\/13047\/revisions"}],"predecessor-version":[{"id":13508,"href":"https:\/\/dermo.com\/fr\/wp-json\/wp\/v2\/pages\/13047\/revisions\/13508"}],"wp:attachment":[{"href":"https:\/\/dermo.com\/fr\/wp-json\/wp\/v2\/media?parent=13047"}],"curies":[{"name":"wp","href":"https:\/\/api.w.org\/{rel}","templated":true}]}}